{"id":15750,"date":"2026-02-09T09:24:56","date_gmt":"2026-02-09T09:24:56","guid":{"rendered":"https:\/\/laertes.es\/?post_type=product&#038;p=15750"},"modified":"2026-02-09T09:34:37","modified_gmt":"2026-02-09T09:34:37","slug":"dialegs-amb-un-salvatge","status":"publish","type":"product","link":"https:\/\/www.laertes.es\/ca\/llibre\/dialegs-amb-un-salvatge\/","title":{"rendered":"Di\u00e0legs amb  un salvatge"},"content":{"rendered":"<p>El bar\u00f3 de Lahontan, militar destinat al Canad\u00e0 franc\u00e8s, conversa, a l\u2019alba del Segle de les Llums, amb un bon amic, l\u2019hur\u00f3 Kondiaronk. El \u00absalvatge\u00bb de Lahontan no \u00e9s un ingenu fill de la naturalesa, sin\u00f3 el portaveu d\u2019una cultura complexa i racional, la dels hurons, muntada entorn dels que m\u00e9s tard serien els ideals inassolits de la Revoluci\u00f3 francesa: la llibertat (aqu\u00ed qualificada d\u2019\u00abadorable\u00bb), la igualtat (inclosa, entre els hurons, la igualtat de l\u2019home i la dona), la solidaritat.<br \/>\nPer boca de l\u2019\u00abaltre\u00bb, Lahontan du a terme una cr\u00edtica radical d\u2019un m\u00f3n occidental insolidari i opressiu, centrat en l\u2019inter\u00e8s dinerari i organitzat entorn dels privilegis dels potentats, i presenta la societat lliure i igualit\u00e0ria no com una utopia sin\u00f3 com una possibilitat. <\/p>\n","protected":false},"excerpt":{"rendered":"<p>El bar\u00f3 de Lahontan, militar destinat al Canad\u00e0 franc\u00e8s, conversa, a l\u2019alba del Segle de les Llums, amb un bon amic, l\u2019hur\u00f3 Kondiaronk. El \u00absalvatge\u00bb de Lahontan no \u00e9s un ingenu fill de la naturalesa, sin\u00f3 el portaveu d\u2019una cultura complexa i racional, la dels hurons, muntada entorn dels que m\u00e9s tard serien els ideals inassolits de la Revoluci\u00f3 francesa: la llibertat (aqu\u00ed qualificada d\u2019\u00abadorable\u00bb), la igualtat (inclosa, entre els hurons, la igualtat de l\u2019home i la dona), la solidaritat.<br \/>\nPer boca de l\u2019\u00abaltre\u00bb, Lahontan du a terme una cr\u00edtica radical d\u2019un m\u00f3n occidental insolidari i opressiu, centrat en l\u2019inter\u00e8s dinerari i organitzat entorn dels privilegis dels potentats, i presenta la societat lliure i igualit\u00e0ria no com una utopia sin\u00f3 com una possibilitat. <\/p>\n<p>Louis-Armand de Lom d\u2019Arce, bar\u00f3 de Lahontan (1666-1716), va ser un militar i explorador franc\u00e8s del Canad\u00e0. Calumniat per un superior, va haver d\u2019exiliar-se i va errar per diversos pa\u00efsos abans d\u2019instal\u00b7lar-se a la cort de Hannover, on va fer amistat amb Leibniz. Els escrits en els quals exposa la cultura dels nadius canadecs, molt influents en el segle xviii, tornen a despertar un viu inter\u00e9s despr\u00e9s de dos segles d\u2019oblit. Di\u00e0legs amb un salvatge (1703), una conversa amb un hur\u00f3, \u00e9s el primer i el m\u00e9s radica dels escrits il\u00b7lustrats que adoptaven la visi\u00f3 de \u201cl\u2019altre\u201d per a la cr\u00edtica de la societat occidental. <\/p>\n<p>Emili Olcina \u00e9s escriptor. Ha publicat, en aquesta col\u00b7leccio, Poe i el romanticisme fosc (2023). <\/p>\n","protected":false},"featured_media":15751,"template":"","meta":[],"product_brand":[],"product_cat":[342],"product_tag":[],"autores":[],"formatos":[355],"materias":[368,372],"class_list":{"0":"post-15750","1":"product","2":"type-product","3":"status-publish","4":"has-post-thumbnail","6":"product_cat-punts-de-vista-ca","7":"formatos-llibre","8":"materias-filosofia-ca-ca","9":"materias-historia-ca","11":"first","12":"instock","13":"taxable","14":"shipping-taxable","15":"purchasable","16":"product-type-simple"},"yoast_head":"<!-- This site is optimized with the Yoast SEO plugin v27.3 - https:\/\/yoast.com\/product\/yoast-seo-wordpress\/ -->\n<title>Di\u00e0legs amb un salvatge | Laertes ediciones<\/title>\n<meta name=\"description\" content=\"El bar\u00f3 de Lahontan, militar destinat al Canad\u00e0 franc\u00e8s, conversa amb un bon amic, l\u2019hur\u00f3 Kondiaronk. | Di\u00e0legs amb un salvatge\" \/>\n<meta name=\"robots\" content=\"index, follow, max-snippet:-1, max-image-preview:large, max-video-preview:-1\" \/>\n<link rel=\"canonical\" href=\"https:\/\/www.laertes.es\/ca\/llibre\/dialegs-amb-un-salvatge\/\" \/>\n<meta property=\"og:locale\" content=\"ca_ES\" \/>\n<meta property=\"og:type\" content=\"article\" \/>\n<meta property=\"og:title\" content=\"Di\u00e0legs amb un salvatge | Laertes ediciones\" \/>\n<meta property=\"og:description\" content=\"El bar\u00f3 de Lahontan, militar destinat al Canad\u00e0 franc\u00e8s, conversa amb un bon amic, l\u2019hur\u00f3 Kondiaronk. | Di\u00e0legs amb un salvatge\" \/>\n<meta property=\"og:url\" content=\"https:\/\/www.laertes.es\/ca\/llibre\/dialegs-amb-un-salvatge\/\" \/>\n<meta property=\"og:site_name\" content=\"Laertes ediciones\" \/>\n<meta property=\"article:modified_time\" content=\"2026-02-09T09:34:37+00:00\" \/>\n<meta property=\"og:image\" content=\"https:\/\/www.laertes.es\/wp-content\/uploads\/2026\/02\/PUN006.webp\" \/>\n\t<meta property=\"og:image:width\" content=\"802\" \/>\n\t<meta property=\"og:image:height\" content=\"1200\" \/>\n\t<meta property=\"og:image:type\" content=\"image\/webp\" \/>\n<meta name=\"twitter:label1\" content=\"Temps estimat de lectura\" \/>\n\t<meta name=\"twitter:data1\" content=\"1 minut\" \/>\n<script type=\"application\/ld+json\" class=\"yoast-schema-graph\">{\"@context\":\"https:\\\/\\\/schema.org\",\"@graph\":[{\"@type\":\"WebPage\",\"@id\":\"https:\\\/\\\/www.laertes.es\\\/ca\\\/llibre\\\/dialegs-amb-un-salvatge\\\/\",\"url\":\"https:\\\/\\\/www.laertes.es\\\/ca\\\/llibre\\\/dialegs-amb-un-salvatge\\\/\",\"name\":\"Di\u00e0legs amb un salvatge | Laertes ediciones\",\"isPartOf\":{\"@id\":\"https:\\\/\\\/www.laertes.es\\\/ca\\\/#website\"},\"primaryImageOfPage\":{\"@id\":\"https:\\\/\\\/www.laertes.es\\\/ca\\\/llibre\\\/dialegs-amb-un-salvatge\\\/#primaryimage\"},\"image\":{\"@id\":\"https:\\\/\\\/www.laertes.es\\\/ca\\\/llibre\\\/dialegs-amb-un-salvatge\\\/#primaryimage\"},\"thumbnailUrl\":\"https:\\\/\\\/www.laertes.es\\\/wp-content\\\/uploads\\\/2026\\\/02\\\/PUN006.webp\",\"datePublished\":\"2026-02-09T09:24:56+00:00\",\"dateModified\":\"2026-02-09T09:34:37+00:00\",\"description\":\"El bar\u00f3 de Lahontan, militar destinat al Canad\u00e0 franc\u00e8s, conversa amb un bon amic, l\u2019hur\u00f3 Kondiaronk. | Di\u00e0legs amb un salvatge\",\"breadcrumb\":{\"@id\":\"https:\\\/\\\/www.laertes.es\\\/ca\\\/llibre\\\/dialegs-amb-un-salvatge\\\/#breadcrumb\"},\"inLanguage\":\"ca\",\"potentialAction\":[{\"@type\":\"ReadAction\",\"target\":[\"https:\\\/\\\/www.laertes.es\\\/ca\\\/llibre\\\/dialegs-amb-un-salvatge\\\/\"]}]},{\"@type\":\"ImageObject\",\"inLanguage\":\"ca\",\"@id\":\"https:\\\/\\\/www.laertes.es\\\/ca\\\/llibre\\\/dialegs-amb-un-salvatge\\\/#primaryimage\",\"url\":\"https:\\\/\\\/www.laertes.es\\\/wp-content\\\/uploads\\\/2026\\\/02\\\/PUN006.webp\",\"contentUrl\":\"https:\\\/\\\/www.laertes.es\\\/wp-content\\\/uploads\\\/2026\\\/02\\\/PUN006.webp\",\"width\":802,\"height\":1200,\"caption\":\"Di\u00e0legs amb un salvatge\"},{\"@type\":\"BreadcrumbList\",\"@id\":\"https:\\\/\\\/www.laertes.es\\\/ca\\\/llibre\\\/dialegs-amb-un-salvatge\\\/#breadcrumb\",\"itemListElement\":[{\"@type\":\"ListItem\",\"position\":1,\"name\":\"Portada\",\"item\":\"https:\\\/\\\/www.laertes.es\\\/ca\\\/\"},{\"@type\":\"ListItem\",\"position\":2,\"name\":\"Tienda\",\"item\":\"https:\\\/\\\/www.laertes.es\\\/tienda\\\/\"},{\"@type\":\"ListItem\",\"position\":3,\"name\":\"Di\u00e0legs amb un salvatge\"}]},{\"@type\":\"WebSite\",\"@id\":\"https:\\\/\\\/www.laertes.es\\\/ca\\\/#website\",\"url\":\"https:\\\/\\\/www.laertes.es\\\/ca\\\/\",\"name\":\"Laertes Ediciones\",\"description\":\"Editorial independiente desde 1975\",\"alternateName\":\"Laertes\",\"potentialAction\":[{\"@type\":\"SearchAction\",\"target\":{\"@type\":\"EntryPoint\",\"urlTemplate\":\"https:\\\/\\\/www.laertes.es\\\/ca\\\/?s={search_term_string}\"},\"query-input\":{\"@type\":\"PropertyValueSpecification\",\"valueRequired\":true,\"valueName\":\"search_term_string\"}}],\"inLanguage\":\"ca\"}]}<\/script>\n<!-- \/ Yoast SEO plugin. -->","yoast_head_json":{"title":"Di\u00e0legs amb un salvatge | Laertes ediciones","description":"El bar\u00f3 de Lahontan, militar destinat al Canad\u00e0 franc\u00e8s, conversa amb un bon amic, l\u2019hur\u00f3 Kondiaronk. | Di\u00e0legs amb un salvatge","robots":{"index":"index","follow":"follow","max-snippet":"max-snippet:-1","max-image-preview":"max-image-preview:large","max-video-preview":"max-video-preview:-1"},"canonical":"https:\/\/www.laertes.es\/ca\/llibre\/dialegs-amb-un-salvatge\/","og_locale":"ca_ES","og_type":"article","og_title":"Di\u00e0legs amb un salvatge | Laertes ediciones","og_description":"El bar\u00f3 de Lahontan, militar destinat al Canad\u00e0 franc\u00e8s, conversa amb un bon amic, l\u2019hur\u00f3 Kondiaronk. | Di\u00e0legs amb un salvatge","og_url":"https:\/\/www.laertes.es\/ca\/llibre\/dialegs-amb-un-salvatge\/","og_site_name":"Laertes ediciones","article_modified_time":"2026-02-09T09:34:37+00:00","og_image":[{"width":802,"height":1200,"url":"https:\/\/www.laertes.es\/wp-content\/uploads\/2026\/02\/PUN006.webp","type":"image\/webp"}],"twitter_misc":{"Temps estimat de lectura":"1 minut"},"schema":{"@context":"https:\/\/schema.org","@graph":[{"@type":"WebPage","@id":"https:\/\/www.laertes.es\/ca\/llibre\/dialegs-amb-un-salvatge\/","url":"https:\/\/www.laertes.es\/ca\/llibre\/dialegs-amb-un-salvatge\/","name":"Di\u00e0legs amb un salvatge | Laertes ediciones","isPartOf":{"@id":"https:\/\/www.laertes.es\/ca\/#website"},"primaryImageOfPage":{"@id":"https:\/\/www.laertes.es\/ca\/llibre\/dialegs-amb-un-salvatge\/#primaryimage"},"image":{"@id":"https:\/\/www.laertes.es\/ca\/llibre\/dialegs-amb-un-salvatge\/#primaryimage"},"thumbnailUrl":"https:\/\/www.laertes.es\/wp-content\/uploads\/2026\/02\/PUN006.webp","datePublished":"2026-02-09T09:24:56+00:00","dateModified":"2026-02-09T09:34:37+00:00","description":"El bar\u00f3 de Lahontan, militar destinat al Canad\u00e0 franc\u00e8s, conversa amb un bon amic, l\u2019hur\u00f3 Kondiaronk. | Di\u00e0legs amb un salvatge","breadcrumb":{"@id":"https:\/\/www.laertes.es\/ca\/llibre\/dialegs-amb-un-salvatge\/#breadcrumb"},"inLanguage":"ca","potentialAction":[{"@type":"ReadAction","target":["https:\/\/www.laertes.es\/ca\/llibre\/dialegs-amb-un-salvatge\/"]}]},{"@type":"ImageObject","inLanguage":"ca","@id":"https:\/\/www.laertes.es\/ca\/llibre\/dialegs-amb-un-salvatge\/#primaryimage","url":"https:\/\/www.laertes.es\/wp-content\/uploads\/2026\/02\/PUN006.webp","contentUrl":"https:\/\/www.laertes.es\/wp-content\/uploads\/2026\/02\/PUN006.webp","width":802,"height":1200,"caption":"Di\u00e0legs amb un salvatge"},{"@type":"BreadcrumbList","@id":"https:\/\/www.laertes.es\/ca\/llibre\/dialegs-amb-un-salvatge\/#breadcrumb","itemListElement":[{"@type":"ListItem","position":1,"name":"Portada","item":"https:\/\/www.laertes.es\/ca\/"},{"@type":"ListItem","position":2,"name":"Tienda","item":"https:\/\/www.laertes.es\/tienda\/"},{"@type":"ListItem","position":3,"name":"Di\u00e0legs amb un salvatge"}]},{"@type":"WebSite","@id":"https:\/\/www.laertes.es\/ca\/#website","url":"https:\/\/www.laertes.es\/ca\/","name":"Laertes Ediciones","description":"Editorial independiente desde 1975","alternateName":"Laertes","potentialAction":[{"@type":"SearchAction","target":{"@type":"EntryPoint","urlTemplate":"https:\/\/www.laertes.es\/ca\/?s={search_term_string}"},"query-input":{"@type":"PropertyValueSpecification","valueRequired":true,"valueName":"search_term_string"}}],"inLanguage":"ca"}]}},"_links":{"self":[{"href":"https:\/\/www.laertes.es\/ca\/wp-json\/wp\/v2\/product\/15750","targetHints":{"allow":["GET"]}}],"collection":[{"href":"https:\/\/www.laertes.es\/ca\/wp-json\/wp\/v2\/product"}],"about":[{"href":"https:\/\/www.laertes.es\/ca\/wp-json\/wp\/v2\/types\/product"}],"version-history":[{"count":1,"href":"https:\/\/www.laertes.es\/ca\/wp-json\/wp\/v2\/product\/15750\/revisions"}],"predecessor-version":[{"id":15753,"href":"https:\/\/www.laertes.es\/ca\/wp-json\/wp\/v2\/product\/15750\/revisions\/15753"}],"wp:featuredmedia":[{"embeddable":true,"href":"https:\/\/www.laertes.es\/ca\/wp-json\/wp\/v2\/media\/15751"}],"wp:attachment":[{"href":"https:\/\/www.laertes.es\/ca\/wp-json\/wp\/v2\/media?parent=15750"}],"wp:term":[{"taxonomy":"product_brand","embeddable":true,"href":"https:\/\/www.laertes.es\/ca\/wp-json\/wp\/v2\/product_brand?post=15750"},{"taxonomy":"product_cat","embeddable":true,"href":"https:\/\/www.laertes.es\/ca\/wp-json\/wp\/v2\/product_cat?post=15750"},{"taxonomy":"product_tag","embeddable":true,"href":"https:\/\/www.laertes.es\/ca\/wp-json\/wp\/v2\/product_tag?post=15750"},{"taxonomy":"autores","embeddable":true,"href":"https:\/\/www.laertes.es\/ca\/wp-json\/wp\/v2\/autores?post=15750"},{"taxonomy":"formatos","embeddable":true,"href":"https:\/\/www.laertes.es\/ca\/wp-json\/wp\/v2\/formatos?post=15750"},{"taxonomy":"materias","embeddable":true,"href":"https:\/\/www.laertes.es\/ca\/wp-json\/wp\/v2\/materias?post=15750"}],"curies":[{"name":"wp","href":"https:\/\/api.w.org\/{rel}","templated":true}]}}