{"id":15703,"date":"2025-11-05T05:39:21","date_gmt":"2025-11-05T05:39:21","guid":{"rendered":"https:\/\/laertes.es\/?post_type=product&#038;p=15703"},"modified":"2025-11-05T05:39:21","modified_gmt":"2025-11-05T05:39:21","slug":"els-cinc-flascons","status":"publish","type":"product","link":"https:\/\/www.laertes.es\/ca\/llibre\/els-cinc-flascons\/","title":{"rendered":"Els cinc flascons"},"content":{"rendered":"<p>M.R. James, reconegut mestre de l\u2019horror subtil, ens submergeix en una realitat on el descobriment fortu\u00eft obre la porta a l\u2019extraordinari. Un narrador sense nom troba cinc flascons antics, cadascun amb propietats sorprenents que li permeten percebre dimensions ocultes i comunicar-se amb \u00e9ssers que habiten m\u00e9s enll\u00e0 de la vista humana.<br \/>\nAquesta novel\u00b7la \u00fanica no cerca l\u2019ensurt directe, sin\u00f3 una immersi\u00f3 gradual en un univers fant\u00e0stic i, alhora, inquietant. James construeix una atmosfera peculiar, on la innoc\u00e8ncia del descobriment es barreja amb la pres\u00e8ncia de forces fosques que vetllen per aquests secrets. \u00c9s un relat de meravella i, simult\u00e0niament, de la vulnerabilitat davant d\u2019all\u00f2 que supera la nostra comprensi\u00f3.<br \/>\nEls Cinc Flascons \u00e9s una invitaci\u00f3 a explorar un m\u00f3n paral\u00b7lel, amb la prosa distintiva d\u2019un autor capa\u00e7 de fer que l\u2019invisible resulti tan tangible com aterridor. Una obra essencial per a aquells que busquen una fantasia amb un punt de misteri i una pregunta persistent: quants mons existeixen al costat del nostre?<\/p>\n","protected":false},"excerpt":{"rendered":"<p>M.R. James, reconegut mestre de l\u2019horror subtil, ens submergeix en una realitat on el descobriment fortu\u00eft obre la porta a<\/p>\n","protected":false},"featured_media":15674,"template":"","meta":[],"product_brand":[],"product_cat":[296],"product_tag":[1950,2078],"autores":[401],"formatos":[355],"materias":[356],"class_list":{"0":"post-15703","1":"product","2":"type-product","3":"status-publish","4":"has-post-thumbnail","6":"product_cat-larca-ca","7":"product_tag-fantasia-ca","8":"product_tag-realisme-magic","9":"autores-james-montague-rhodes-ca","10":"formatos-llibre","11":"materias-cuentos-clasicos-de-generos-fantasticos-ca","13":"first","14":"instock","15":"taxable","16":"shipping-taxable","17":"purchasable","18":"product-type-simple"},"yoast_head":"<!-- This site is optimized with the Yoast SEO plugin v27.3 - https:\/\/yoast.com\/product\/yoast-seo-wordpress\/ -->\n<title>Els cinc flascons | Laertes ediciones<\/title>\n<meta name=\"robots\" content=\"index, follow, max-snippet:-1, max-image-preview:large, max-video-preview:-1\" \/>\n<link rel=\"canonical\" href=\"https:\/\/www.laertes.es\/ca\/llibre\/els-cinc-flascons\/\" \/>\n<meta property=\"og:locale\" content=\"ca_ES\" \/>\n<meta property=\"og:type\" content=\"article\" \/>\n<meta property=\"og:title\" content=\"Els cinc flascons | Laertes ediciones\" \/>\n<meta property=\"og:description\" content=\"M.R. James, reconegut mestre de l\u2019horror subtil, ens submergeix en una realitat on el descobriment fortu\u00eft obre la porta a\" \/>\n<meta property=\"og:url\" content=\"https:\/\/www.laertes.es\/ca\/llibre\/els-cinc-flascons\/\" \/>\n<meta property=\"og:site_name\" content=\"Laertes ediciones\" \/>\n<meta property=\"og:image\" content=\"https:\/\/www.laertes.es\/wp-content\/uploads\/2025\/10\/ARC131.jpg\" \/>\n\t<meta property=\"og:image:width\" content=\"802\" \/>\n\t<meta property=\"og:image:height\" content=\"1200\" \/>\n\t<meta property=\"og:image:type\" content=\"image\/jpeg\" \/>\n<meta name=\"twitter:label1\" content=\"Temps estimat de lectura\" \/>\n\t<meta name=\"twitter:data1\" content=\"1 minut\" \/>\n<script type=\"application\/ld+json\" class=\"yoast-schema-graph\">{\"@context\":\"https:\\\/\\\/schema.org\",\"@graph\":[{\"@type\":\"WebPage\",\"@id\":\"https:\\\/\\\/www.laertes.es\\\/ca\\\/llibre\\\/els-cinc-flascons\\\/\",\"url\":\"https:\\\/\\\/www.laertes.es\\\/ca\\\/llibre\\\/els-cinc-flascons\\\/\",\"name\":\"Els cinc flascons | Laertes ediciones\",\"isPartOf\":{\"@id\":\"https:\\\/\\\/www.laertes.es\\\/ca\\\/#website\"},\"primaryImageOfPage\":{\"@id\":\"https:\\\/\\\/www.laertes.es\\\/ca\\\/llibre\\\/els-cinc-flascons\\\/#primaryimage\"},\"image\":{\"@id\":\"https:\\\/\\\/www.laertes.es\\\/ca\\\/llibre\\\/els-cinc-flascons\\\/#primaryimage\"},\"thumbnailUrl\":\"https:\\\/\\\/www.laertes.es\\\/wp-content\\\/uploads\\\/2025\\\/10\\\/ARC131.jpg\",\"datePublished\":\"2025-11-05T05:39:21+00:00\",\"breadcrumb\":{\"@id\":\"https:\\\/\\\/www.laertes.es\\\/ca\\\/llibre\\\/els-cinc-flascons\\\/#breadcrumb\"},\"inLanguage\":\"ca\",\"potentialAction\":[{\"@type\":\"ReadAction\",\"target\":[\"https:\\\/\\\/www.laertes.es\\\/ca\\\/llibre\\\/els-cinc-flascons\\\/\"]}]},{\"@type\":\"ImageObject\",\"inLanguage\":\"ca\",\"@id\":\"https:\\\/\\\/www.laertes.es\\\/ca\\\/llibre\\\/els-cinc-flascons\\\/#primaryimage\",\"url\":\"https:\\\/\\\/www.laertes.es\\\/wp-content\\\/uploads\\\/2025\\\/10\\\/ARC131.jpg\",\"contentUrl\":\"https:\\\/\\\/www.laertes.es\\\/wp-content\\\/uploads\\\/2025\\\/10\\\/ARC131.jpg\",\"width\":802,\"height\":1200},{\"@type\":\"BreadcrumbList\",\"@id\":\"https:\\\/\\\/www.laertes.es\\\/ca\\\/llibre\\\/els-cinc-flascons\\\/#breadcrumb\",\"itemListElement\":[{\"@type\":\"ListItem\",\"position\":1,\"name\":\"Portada\",\"item\":\"https:\\\/\\\/www.laertes.es\\\/ca\\\/\"},{\"@type\":\"ListItem\",\"position\":2,\"name\":\"Tienda\",\"item\":\"https:\\\/\\\/www.laertes.es\\\/tienda\\\/\"},{\"@type\":\"ListItem\",\"position\":3,\"name\":\"Els cinc flascons\"}]},{\"@type\":\"WebSite\",\"@id\":\"https:\\\/\\\/www.laertes.es\\\/ca\\\/#website\",\"url\":\"https:\\\/\\\/www.laertes.es\\\/ca\\\/\",\"name\":\"Laertes Ediciones\",\"description\":\"Editorial independiente desde 1975\",\"alternateName\":\"Laertes\",\"potentialAction\":[{\"@type\":\"SearchAction\",\"target\":{\"@type\":\"EntryPoint\",\"urlTemplate\":\"https:\\\/\\\/www.laertes.es\\\/ca\\\/?s={search_term_string}\"},\"query-input\":{\"@type\":\"PropertyValueSpecification\",\"valueRequired\":true,\"valueName\":\"search_term_string\"}}],\"inLanguage\":\"ca\"}]}<\/script>\n<!-- \/ Yoast SEO plugin. -->","yoast_head_json":{"title":"Els cinc flascons | Laertes ediciones","robots":{"index":"index","follow":"follow","max-snippet":"max-snippet:-1","max-image-preview":"max-image-preview:large","max-video-preview":"max-video-preview:-1"},"canonical":"https:\/\/www.laertes.es\/ca\/llibre\/els-cinc-flascons\/","og_locale":"ca_ES","og_type":"article","og_title":"Els cinc flascons | Laertes ediciones","og_description":"M.R. James, reconegut mestre de l\u2019horror subtil, ens submergeix en una realitat on el descobriment fortu\u00eft obre la porta a","og_url":"https:\/\/www.laertes.es\/ca\/llibre\/els-cinc-flascons\/","og_site_name":"Laertes ediciones","og_image":[{"width":802,"height":1200,"url":"https:\/\/www.laertes.es\/wp-content\/uploads\/2025\/10\/ARC131.jpg","type":"image\/jpeg"}],"twitter_misc":{"Temps estimat de lectura":"1 minut"},"schema":{"@context":"https:\/\/schema.org","@graph":[{"@type":"WebPage","@id":"https:\/\/www.laertes.es\/ca\/llibre\/els-cinc-flascons\/","url":"https:\/\/www.laertes.es\/ca\/llibre\/els-cinc-flascons\/","name":"Els cinc flascons | Laertes ediciones","isPartOf":{"@id":"https:\/\/www.laertes.es\/ca\/#website"},"primaryImageOfPage":{"@id":"https:\/\/www.laertes.es\/ca\/llibre\/els-cinc-flascons\/#primaryimage"},"image":{"@id":"https:\/\/www.laertes.es\/ca\/llibre\/els-cinc-flascons\/#primaryimage"},"thumbnailUrl":"https:\/\/www.laertes.es\/wp-content\/uploads\/2025\/10\/ARC131.jpg","datePublished":"2025-11-05T05:39:21+00:00","breadcrumb":{"@id":"https:\/\/www.laertes.es\/ca\/llibre\/els-cinc-flascons\/#breadcrumb"},"inLanguage":"ca","potentialAction":[{"@type":"ReadAction","target":["https:\/\/www.laertes.es\/ca\/llibre\/els-cinc-flascons\/"]}]},{"@type":"ImageObject","inLanguage":"ca","@id":"https:\/\/www.laertes.es\/ca\/llibre\/els-cinc-flascons\/#primaryimage","url":"https:\/\/www.laertes.es\/wp-content\/uploads\/2025\/10\/ARC131.jpg","contentUrl":"https:\/\/www.laertes.es\/wp-content\/uploads\/2025\/10\/ARC131.jpg","width":802,"height":1200},{"@type":"BreadcrumbList","@id":"https:\/\/www.laertes.es\/ca\/llibre\/els-cinc-flascons\/#breadcrumb","itemListElement":[{"@type":"ListItem","position":1,"name":"Portada","item":"https:\/\/www.laertes.es\/ca\/"},{"@type":"ListItem","position":2,"name":"Tienda","item":"https:\/\/www.laertes.es\/tienda\/"},{"@type":"ListItem","position":3,"name":"Els cinc flascons"}]},{"@type":"WebSite","@id":"https:\/\/www.laertes.es\/ca\/#website","url":"https:\/\/www.laertes.es\/ca\/","name":"Laertes Ediciones","description":"Editorial independiente desde 1975","alternateName":"Laertes","potentialAction":[{"@type":"SearchAction","target":{"@type":"EntryPoint","urlTemplate":"https:\/\/www.laertes.es\/ca\/?s={search_term_string}"},"query-input":{"@type":"PropertyValueSpecification","valueRequired":true,"valueName":"search_term_string"}}],"inLanguage":"ca"}]}},"_links":{"self":[{"href":"https:\/\/www.laertes.es\/ca\/wp-json\/wp\/v2\/product\/15703","targetHints":{"allow":["GET"]}}],"collection":[{"href":"https:\/\/www.laertes.es\/ca\/wp-json\/wp\/v2\/product"}],"about":[{"href":"https:\/\/www.laertes.es\/ca\/wp-json\/wp\/v2\/types\/product"}],"version-history":[{"count":1,"href":"https:\/\/www.laertes.es\/ca\/wp-json\/wp\/v2\/product\/15703\/revisions"}],"predecessor-version":[{"id":15704,"href":"https:\/\/www.laertes.es\/ca\/wp-json\/wp\/v2\/product\/15703\/revisions\/15704"}],"wp:featuredmedia":[{"embeddable":true,"href":"https:\/\/www.laertes.es\/ca\/wp-json\/wp\/v2\/media\/15674"}],"wp:attachment":[{"href":"https:\/\/www.laertes.es\/ca\/wp-json\/wp\/v2\/media?parent=15703"}],"wp:term":[{"taxonomy":"product_brand","embeddable":true,"href":"https:\/\/www.laertes.es\/ca\/wp-json\/wp\/v2\/product_brand?post=15703"},{"taxonomy":"product_cat","embeddable":true,"href":"https:\/\/www.laertes.es\/ca\/wp-json\/wp\/v2\/product_cat?post=15703"},{"taxonomy":"product_tag","embeddable":true,"href":"https:\/\/www.laertes.es\/ca\/wp-json\/wp\/v2\/product_tag?post=15703"},{"taxonomy":"autores","embeddable":true,"href":"https:\/\/www.laertes.es\/ca\/wp-json\/wp\/v2\/autores?post=15703"},{"taxonomy":"formatos","embeddable":true,"href":"https:\/\/www.laertes.es\/ca\/wp-json\/wp\/v2\/formatos?post=15703"},{"taxonomy":"materias","embeddable":true,"href":"https:\/\/www.laertes.es\/ca\/wp-json\/wp\/v2\/materias?post=15703"}],"curies":[{"name":"wp","href":"https:\/\/api.w.org\/{rel}","templated":true}]}}