{"id":15699,"date":"2025-11-05T05:29:07","date_gmt":"2025-11-05T05:29:07","guid":{"rendered":"https:\/\/laertes.es\/libro\/periodismo-posthumano\/"},"modified":"2025-11-05T05:29:07","modified_gmt":"2025-11-05T05:29:07","slug":"periodismo-posthumano","status":"publish","type":"product","link":"https:\/\/www.laertes.es\/ca\/llibre\/periodismo-posthumano\/","title":{"rendered":"Periodismo posthumano"},"content":{"rendered":"<p>Llevaba investigando sobre periodismo y ruralidades durante m\u00e1s de dos a\u00f1os cuando, durante un paseo por el campo, me detuve ante un olivo pintado con una flecha. Parec\u00eda indicarme que retrocediera. Lo hice. Empec\u00e9 a observar el rural con otros ojos, advirtiendo los agentes diversos, humanos y no-humanos, f\u00edsicos y simb\u00f3licos, animales y materiales. Entend\u00ed que la ruralidad ped\u00eda a gritos un periodismo posthumano. Este libro se sumerge en el giro posthumano que experimentan las ciencias sociales y las humanidades. El periodismo posthumano narra los acontecimientos que cristalizan infinitas conexiones en las que operan ensamblajes entre objetos materiales e ideol\u00f3gicos: naturaleza, cultura y tecnolog\u00eda se entrelazan. Hice caso al olivo y retroced\u00ed, para revisar las bases te\u00f3ricas y conceptuales, tambi\u00e9n para ejemplificarlas. Hay que volver para imaginar ese periodismo. \u00bfMe acompa\u00f1as?<\/p>\n","protected":false},"excerpt":{"rendered":"<p>Llevaba investigando sobre periodismo y ruralidades durante m\u00e1s de dos a\u00f1os cuando, durante un paseo por el campo, me detuve<\/p>\n","protected":false},"featured_media":15697,"template":"","meta":[],"product_brand":[],"product_cat":[346],"product_tag":[],"autores":[2077],"formatos":[355],"materias":[363],"class_list":{"0":"post-15699","1":"product","2":"type-product","3":"status-publish","4":"has-post-thumbnail","6":"product_cat-serie-logoi-ca","7":"autores-castello-enric-ca","8":"formatos-llibre","9":"materias-comunicacion-ca","11":"first","12":"instock","13":"taxable","14":"shipping-taxable","15":"purchasable","16":"product-type-simple"},"yoast_head":"<!-- This site is optimized with the Yoast SEO plugin v27.4 - https:\/\/yoast.com\/product\/yoast-seo-wordpress\/ -->\n<title>Periodismo posthumano | Laertes ediciones<\/title>\n<meta name=\"description\" content=\"El periodismo posthumano narra los acontecimientos que cristalizan infinitas conexiones en las que operan ensamblajes entre objetos materiales e ideol\u00f3gicos\" \/>\n<meta name=\"robots\" content=\"index, follow, max-snippet:-1, max-image-preview:large, max-video-preview:-1\" \/>\n<link rel=\"canonical\" href=\"https:\/\/www.laertes.es\/ca\/llibre\/periodismo-posthumano\/\" \/>\n<meta property=\"og:locale\" content=\"ca_ES\" \/>\n<meta property=\"og:type\" content=\"article\" \/>\n<meta property=\"og:title\" content=\"Periodismo posthumano | Laertes ediciones\" \/>\n<meta property=\"og:description\" content=\"El periodismo posthumano narra los acontecimientos que cristalizan infinitas conexiones en las que operan ensamblajes entre objetos materiales e ideol\u00f3gicos\" \/>\n<meta property=\"og:url\" content=\"https:\/\/www.laertes.es\/ca\/llibre\/periodismo-posthumano\/\" \/>\n<meta property=\"og:site_name\" content=\"Laertes ediciones\" \/>\n<meta property=\"og:image\" content=\"https:\/\/www.laertes.es\/wp-content\/uploads\/2025\/11\/LOG022.webp\" \/>\n\t<meta property=\"og:image:width\" content=\"802\" \/>\n\t<meta property=\"og:image:height\" content=\"1200\" \/>\n\t<meta property=\"og:image:type\" content=\"image\/webp\" \/>\n<meta name=\"twitter:label1\" content=\"Temps estimat de lectura\" \/>\n\t<meta name=\"twitter:data1\" content=\"1 minut\" \/>\n<script type=\"application\/ld+json\" class=\"yoast-schema-graph\">{\"@context\":\"https:\\\/\\\/schema.org\",\"@graph\":[{\"@type\":\"WebPage\",\"@id\":\"https:\\\/\\\/www.laertes.es\\\/ca\\\/llibre\\\/periodismo-posthumano\\\/\",\"url\":\"https:\\\/\\\/www.laertes.es\\\/ca\\\/llibre\\\/periodismo-posthumano\\\/\",\"name\":\"Periodismo posthumano | Laertes ediciones\",\"isPartOf\":{\"@id\":\"https:\\\/\\\/www.laertes.es\\\/ca\\\/#website\"},\"primaryImageOfPage\":{\"@id\":\"https:\\\/\\\/www.laertes.es\\\/ca\\\/llibre\\\/periodismo-posthumano\\\/#primaryimage\"},\"image\":{\"@id\":\"https:\\\/\\\/www.laertes.es\\\/ca\\\/llibre\\\/periodismo-posthumano\\\/#primaryimage\"},\"thumbnailUrl\":\"https:\\\/\\\/www.laertes.es\\\/wp-content\\\/uploads\\\/2025\\\/11\\\/LOG022.webp\",\"datePublished\":\"2025-11-05T05:29:07+00:00\",\"description\":\"El periodismo posthumano narra los acontecimientos que cristalizan infinitas conexiones en las que operan ensamblajes entre objetos materiales e ideol\u00f3gicos\",\"breadcrumb\":{\"@id\":\"https:\\\/\\\/www.laertes.es\\\/ca\\\/llibre\\\/periodismo-posthumano\\\/#breadcrumb\"},\"inLanguage\":\"ca\",\"potentialAction\":[{\"@type\":\"ReadAction\",\"target\":[\"https:\\\/\\\/www.laertes.es\\\/ca\\\/llibre\\\/periodismo-posthumano\\\/\"]}]},{\"@type\":\"ImageObject\",\"inLanguage\":\"ca\",\"@id\":\"https:\\\/\\\/www.laertes.es\\\/ca\\\/llibre\\\/periodismo-posthumano\\\/#primaryimage\",\"url\":\"https:\\\/\\\/www.laertes.es\\\/wp-content\\\/uploads\\\/2025\\\/11\\\/LOG022.webp\",\"contentUrl\":\"https:\\\/\\\/www.laertes.es\\\/wp-content\\\/uploads\\\/2025\\\/11\\\/LOG022.webp\",\"width\":802,\"height\":1200,\"caption\":\"Periodismo posthumano\"},{\"@type\":\"BreadcrumbList\",\"@id\":\"https:\\\/\\\/www.laertes.es\\\/ca\\\/llibre\\\/periodismo-posthumano\\\/#breadcrumb\",\"itemListElement\":[{\"@type\":\"ListItem\",\"position\":1,\"name\":\"Portada\",\"item\":\"https:\\\/\\\/www.laertes.es\\\/ca\\\/\"},{\"@type\":\"ListItem\",\"position\":2,\"name\":\"Tienda\",\"item\":\"https:\\\/\\\/www.laertes.es\\\/tienda\\\/\"},{\"@type\":\"ListItem\",\"position\":3,\"name\":\"Periodismo posthumano\"}]},{\"@type\":\"WebSite\",\"@id\":\"https:\\\/\\\/www.laertes.es\\\/ca\\\/#website\",\"url\":\"https:\\\/\\\/www.laertes.es\\\/ca\\\/\",\"name\":\"Laertes Ediciones\",\"description\":\"Editorial independiente desde 1975\",\"alternateName\":\"Laertes\",\"potentialAction\":[{\"@type\":\"SearchAction\",\"target\":{\"@type\":\"EntryPoint\",\"urlTemplate\":\"https:\\\/\\\/www.laertes.es\\\/ca\\\/?s={search_term_string}\"},\"query-input\":{\"@type\":\"PropertyValueSpecification\",\"valueRequired\":true,\"valueName\":\"search_term_string\"}}],\"inLanguage\":\"ca\"}]}<\/script>\n<!-- \/ Yoast SEO plugin. -->","yoast_head_json":{"title":"Periodismo posthumano | Laertes ediciones","description":"El periodismo posthumano narra los acontecimientos que cristalizan infinitas conexiones en las que operan ensamblajes entre objetos materiales e ideol\u00f3gicos","robots":{"index":"index","follow":"follow","max-snippet":"max-snippet:-1","max-image-preview":"max-image-preview:large","max-video-preview":"max-video-preview:-1"},"canonical":"https:\/\/www.laertes.es\/ca\/llibre\/periodismo-posthumano\/","og_locale":"ca_ES","og_type":"article","og_title":"Periodismo posthumano | Laertes ediciones","og_description":"El periodismo posthumano narra los acontecimientos que cristalizan infinitas conexiones en las que operan ensamblajes entre objetos materiales e ideol\u00f3gicos","og_url":"https:\/\/www.laertes.es\/ca\/llibre\/periodismo-posthumano\/","og_site_name":"Laertes ediciones","og_image":[{"width":802,"height":1200,"url":"https:\/\/www.laertes.es\/wp-content\/uploads\/2025\/11\/LOG022.webp","type":"image\/webp"}],"twitter_misc":{"Temps estimat de lectura":"1 minut"},"schema":{"@context":"https:\/\/schema.org","@graph":[{"@type":"WebPage","@id":"https:\/\/www.laertes.es\/ca\/llibre\/periodismo-posthumano\/","url":"https:\/\/www.laertes.es\/ca\/llibre\/periodismo-posthumano\/","name":"Periodismo posthumano | Laertes ediciones","isPartOf":{"@id":"https:\/\/www.laertes.es\/ca\/#website"},"primaryImageOfPage":{"@id":"https:\/\/www.laertes.es\/ca\/llibre\/periodismo-posthumano\/#primaryimage"},"image":{"@id":"https:\/\/www.laertes.es\/ca\/llibre\/periodismo-posthumano\/#primaryimage"},"thumbnailUrl":"https:\/\/www.laertes.es\/wp-content\/uploads\/2025\/11\/LOG022.webp","datePublished":"2025-11-05T05:29:07+00:00","description":"El periodismo posthumano narra los acontecimientos que cristalizan infinitas conexiones en las que operan ensamblajes entre objetos materiales e ideol\u00f3gicos","breadcrumb":{"@id":"https:\/\/www.laertes.es\/ca\/llibre\/periodismo-posthumano\/#breadcrumb"},"inLanguage":"ca","potentialAction":[{"@type":"ReadAction","target":["https:\/\/www.laertes.es\/ca\/llibre\/periodismo-posthumano\/"]}]},{"@type":"ImageObject","inLanguage":"ca","@id":"https:\/\/www.laertes.es\/ca\/llibre\/periodismo-posthumano\/#primaryimage","url":"https:\/\/www.laertes.es\/wp-content\/uploads\/2025\/11\/LOG022.webp","contentUrl":"https:\/\/www.laertes.es\/wp-content\/uploads\/2025\/11\/LOG022.webp","width":802,"height":1200,"caption":"Periodismo posthumano"},{"@type":"BreadcrumbList","@id":"https:\/\/www.laertes.es\/ca\/llibre\/periodismo-posthumano\/#breadcrumb","itemListElement":[{"@type":"ListItem","position":1,"name":"Portada","item":"https:\/\/www.laertes.es\/ca\/"},{"@type":"ListItem","position":2,"name":"Tienda","item":"https:\/\/www.laertes.es\/tienda\/"},{"@type":"ListItem","position":3,"name":"Periodismo posthumano"}]},{"@type":"WebSite","@id":"https:\/\/www.laertes.es\/ca\/#website","url":"https:\/\/www.laertes.es\/ca\/","name":"Laertes Ediciones","description":"Editorial independiente desde 1975","alternateName":"Laertes","potentialAction":[{"@type":"SearchAction","target":{"@type":"EntryPoint","urlTemplate":"https:\/\/www.laertes.es\/ca\/?s={search_term_string}"},"query-input":{"@type":"PropertyValueSpecification","valueRequired":true,"valueName":"search_term_string"}}],"inLanguage":"ca"}]}},"_links":{"self":[{"href":"https:\/\/www.laertes.es\/ca\/wp-json\/wp\/v2\/product\/15699","targetHints":{"allow":["GET"]}}],"collection":[{"href":"https:\/\/www.laertes.es\/ca\/wp-json\/wp\/v2\/product"}],"about":[{"href":"https:\/\/www.laertes.es\/ca\/wp-json\/wp\/v2\/types\/product"}],"version-history":[{"count":0,"href":"https:\/\/www.laertes.es\/ca\/wp-json\/wp\/v2\/product\/15699\/revisions"}],"wp:featuredmedia":[{"embeddable":true,"href":"https:\/\/www.laertes.es\/ca\/wp-json\/wp\/v2\/media\/15697"}],"wp:attachment":[{"href":"https:\/\/www.laertes.es\/ca\/wp-json\/wp\/v2\/media?parent=15699"}],"wp:term":[{"taxonomy":"product_brand","embeddable":true,"href":"https:\/\/www.laertes.es\/ca\/wp-json\/wp\/v2\/product_brand?post=15699"},{"taxonomy":"product_cat","embeddable":true,"href":"https:\/\/www.laertes.es\/ca\/wp-json\/wp\/v2\/product_cat?post=15699"},{"taxonomy":"product_tag","embeddable":true,"href":"https:\/\/www.laertes.es\/ca\/wp-json\/wp\/v2\/product_tag?post=15699"},{"taxonomy":"autores","embeddable":true,"href":"https:\/\/www.laertes.es\/ca\/wp-json\/wp\/v2\/autores?post=15699"},{"taxonomy":"formatos","embeddable":true,"href":"https:\/\/www.laertes.es\/ca\/wp-json\/wp\/v2\/formatos?post=15699"},{"taxonomy":"materias","embeddable":true,"href":"https:\/\/www.laertes.es\/ca\/wp-json\/wp\/v2\/materias?post=15699"}],"curies":[{"name":"wp","href":"https:\/\/api.w.org\/{rel}","templated":true}]}}