{"id":15680,"date":"2025-10-02T08:27:38","date_gmt":"2025-10-02T08:27:38","guid":{"rendered":"https:\/\/laertes.es\/libro\/robur-el-conqueridor\/"},"modified":"2025-10-02T08:27:38","modified_gmt":"2025-10-02T08:27:38","slug":"robur-el-conqueridor","status":"publish","type":"product","link":"https:\/\/www.laertes.es\/ca\/llibre\/robur-el-conqueridor\/","title":{"rendered":"Robur el Conqueridor"},"content":{"rendered":"<p>Robur el Conqueridor El cel ja no \u00e9s el l\u00edmit. La terra tremola sota les rodes del terror. Robur, un geni visionari i un tir\u00e0 implacable, ha aconseguit all\u00f2 que la humanitat nom\u00e9s gosava somiar: dominar els aires.<br \/>\nA bord de l\u2019Albatros, una aeronau d\u2019una envergadura i tecnologia inaudita, Robur sobrevola el m\u00f3n imposant la seva voluntat amb m\u00e0 de ferro. Amb ell, l\u2019enginyer de Pennsilv\u00e0nia Phil Evans i el seu fidel majordom Frycollin es troben presoners d\u2019una aventura que els portar\u00e0 pels confins del globus, testimonis d\u2019un poder tan fascinant com aterridor.<br \/>\nEn aquesta obra mestra de l\u2019anticipaci\u00f3 cient\u00edfica, Jules Verne submergeix els lectors en un debat fonamental: \u00e9s el progr\u00e9s un motor de llibertat o una via cap a la tirania? Podr\u00e0 la ra\u00f3 imposar-se a la bogeria del poder absolut?<br \/>\nRobur el Conqueridor \u00e9s una hist\u00f2ria d\u2019intriga, aventura i reflexi\u00f3 que ressona avui amb m\u00e9s for\u00e7a que mai. Una novel\u00b7la que convida a mirar el cel amb nous ulls i a q\u00fcestionar els l\u00edmits de l\u2019ambici\u00f3 humana.<br \/>\nEl cel ja no \u00e9s el l\u00edmit. La terra tremola sota les rodes del terror. Robur, un geni visionari i un tir\u00e0 implacable, ha aconseguit all\u00f2 que la humanitat nom\u00e9s gosava somiar: dominar els aires.<\/p>\n","protected":false},"excerpt":{"rendered":"<p>El cel ja no \u00e9s el l\u00edmit. La terra tremola sota les rodes del terror. Robur, un geni visionari i un tir\u00e0 implacable, ha aconseguit all\u00f2 que la humanitat nom\u00e9s gosava somiar: dominar els aires.<\/p>\n","protected":false},"featured_media":15670,"template":"","meta":[],"product_brand":[],"product_cat":[296],"product_tag":[676,2073,2074,2075],"autores":[416],"formatos":[355],"materias":[356,374],"class_list":{"0":"post-15680","1":"product","2":"type-product","3":"status-publish","4":"has-post-thumbnail","6":"product_cat-larca-ca","7":"product_tag-ciencia-ficcio-ca","8":"product_tag-classic-ca","9":"product_tag-retrofuturisme-ca","10":"product_tag-segle-xix-ca","11":"autores-verne-jules-ca","12":"formatos-llibre","13":"materias-cuentos-clasicos-de-generos-fantasticos-ca","14":"materias-literatura-ca","16":"first","17":"instock","18":"taxable","19":"shipping-taxable","20":"purchasable","21":"product-type-simple"},"yoast_head":"<!-- This site is optimized with the Yoast SEO plugin v27.3 - https:\/\/yoast.com\/product\/yoast-seo-wordpress\/ -->\n<title>Robur el Conqueridor | Laertes ediciones<\/title>\n<meta name=\"robots\" content=\"index, follow, max-snippet:-1, max-image-preview:large, max-video-preview:-1\" \/>\n<link rel=\"canonical\" href=\"https:\/\/www.laertes.es\/ca\/llibre\/robur-el-conqueridor\/\" \/>\n<meta property=\"og:locale\" content=\"ca_ES\" \/>\n<meta property=\"og:type\" content=\"article\" \/>\n<meta property=\"og:title\" content=\"Robur el Conqueridor | Laertes ediciones\" \/>\n<meta property=\"og:description\" content=\"El cel ja no \u00e9s el l\u00edmit. La terra tremola sota les rodes del terror. Robur, un geni visionari i un tir\u00e0 implacable, ha aconseguit all\u00f2 que la humanitat nom\u00e9s gosava somiar: dominar els aires.\" \/>\n<meta property=\"og:url\" content=\"https:\/\/www.laertes.es\/ca\/llibre\/robur-el-conqueridor\/\" \/>\n<meta property=\"og:site_name\" content=\"Laertes ediciones\" \/>\n<meta property=\"og:image\" content=\"https:\/\/aliceblue-magpie-467488.hostingersite.com\/wp-content\/uploads\/2025\/10\/ARC130.jpg\" \/>\n\t<meta property=\"og:image:width\" content=\"802\" \/>\n\t<meta property=\"og:image:height\" content=\"1200\" \/>\n\t<meta property=\"og:image:type\" content=\"image\/jpeg\" \/>\n<meta name=\"twitter:label1\" content=\"Temps estimat de lectura\" \/>\n\t<meta name=\"twitter:data1\" content=\"1 minut\" \/>\n<script type=\"application\/ld+json\" class=\"yoast-schema-graph\">{\"@context\":\"https:\\\/\\\/schema.org\",\"@graph\":[{\"@type\":\"WebPage\",\"@id\":\"https:\\\/\\\/www.laertes.es\\\/ca\\\/llibre\\\/robur-el-conqueridor\\\/\",\"url\":\"https:\\\/\\\/www.laertes.es\\\/ca\\\/llibre\\\/robur-el-conqueridor\\\/\",\"name\":\"Robur el Conqueridor | Laertes ediciones\",\"isPartOf\":{\"@id\":\"https:\\\/\\\/www.laertes.es\\\/ca\\\/#website\"},\"primaryImageOfPage\":{\"@id\":\"https:\\\/\\\/www.laertes.es\\\/ca\\\/llibre\\\/robur-el-conqueridor\\\/#primaryimage\"},\"image\":{\"@id\":\"https:\\\/\\\/www.laertes.es\\\/ca\\\/llibre\\\/robur-el-conqueridor\\\/#primaryimage\"},\"thumbnailUrl\":\"https:\\\/\\\/www.laertes.es\\\/wp-content\\\/uploads\\\/2025\\\/10\\\/ARC130.jpg\",\"datePublished\":\"2025-10-02T08:27:38+00:00\",\"breadcrumb\":{\"@id\":\"https:\\\/\\\/www.laertes.es\\\/ca\\\/llibre\\\/robur-el-conqueridor\\\/#breadcrumb\"},\"inLanguage\":\"ca\",\"potentialAction\":[{\"@type\":\"ReadAction\",\"target\":[\"https:\\\/\\\/www.laertes.es\\\/ca\\\/llibre\\\/robur-el-conqueridor\\\/\"]}]},{\"@type\":\"ImageObject\",\"inLanguage\":\"ca\",\"@id\":\"https:\\\/\\\/www.laertes.es\\\/ca\\\/llibre\\\/robur-el-conqueridor\\\/#primaryimage\",\"url\":\"https:\\\/\\\/www.laertes.es\\\/wp-content\\\/uploads\\\/2025\\\/10\\\/ARC130.jpg\",\"contentUrl\":\"https:\\\/\\\/www.laertes.es\\\/wp-content\\\/uploads\\\/2025\\\/10\\\/ARC130.jpg\",\"width\":802,\"height\":1200,\"caption\":\"Robur el Conqueridor\"},{\"@type\":\"BreadcrumbList\",\"@id\":\"https:\\\/\\\/www.laertes.es\\\/ca\\\/llibre\\\/robur-el-conqueridor\\\/#breadcrumb\",\"itemListElement\":[{\"@type\":\"ListItem\",\"position\":1,\"name\":\"Portada\",\"item\":\"https:\\\/\\\/www.laertes.es\\\/ca\\\/\"},{\"@type\":\"ListItem\",\"position\":2,\"name\":\"Tienda\",\"item\":\"https:\\\/\\\/www.laertes.es\\\/tienda\\\/\"},{\"@type\":\"ListItem\",\"position\":3,\"name\":\"Robur el Conqueridor\"}]},{\"@type\":\"WebSite\",\"@id\":\"https:\\\/\\\/www.laertes.es\\\/ca\\\/#website\",\"url\":\"https:\\\/\\\/www.laertes.es\\\/ca\\\/\",\"name\":\"Laertes Ediciones\",\"description\":\"Editorial independiente desde 1975\",\"alternateName\":\"Laertes\",\"potentialAction\":[{\"@type\":\"SearchAction\",\"target\":{\"@type\":\"EntryPoint\",\"urlTemplate\":\"https:\\\/\\\/www.laertes.es\\\/ca\\\/?s={search_term_string}\"},\"query-input\":{\"@type\":\"PropertyValueSpecification\",\"valueRequired\":true,\"valueName\":\"search_term_string\"}}],\"inLanguage\":\"ca\"}]}<\/script>\n<!-- \/ Yoast SEO plugin. -->","yoast_head_json":{"title":"Robur el Conqueridor | Laertes ediciones","robots":{"index":"index","follow":"follow","max-snippet":"max-snippet:-1","max-image-preview":"max-image-preview:large","max-video-preview":"max-video-preview:-1"},"canonical":"https:\/\/www.laertes.es\/ca\/llibre\/robur-el-conqueridor\/","og_locale":"ca_ES","og_type":"article","og_title":"Robur el Conqueridor | Laertes ediciones","og_description":"El cel ja no \u00e9s el l\u00edmit. La terra tremola sota les rodes del terror. Robur, un geni visionari i un tir\u00e0 implacable, ha aconseguit all\u00f2 que la humanitat nom\u00e9s gosava somiar: dominar els aires.","og_url":"https:\/\/www.laertes.es\/ca\/llibre\/robur-el-conqueridor\/","og_site_name":"Laertes ediciones","og_image":[{"width":802,"height":1200,"url":"https:\/\/aliceblue-magpie-467488.hostingersite.com\/wp-content\/uploads\/2025\/10\/ARC130.jpg","type":"image\/jpeg"}],"twitter_misc":{"Temps estimat de lectura":"1 minut"},"schema":{"@context":"https:\/\/schema.org","@graph":[{"@type":"WebPage","@id":"https:\/\/www.laertes.es\/ca\/llibre\/robur-el-conqueridor\/","url":"https:\/\/www.laertes.es\/ca\/llibre\/robur-el-conqueridor\/","name":"Robur el Conqueridor | Laertes ediciones","isPartOf":{"@id":"https:\/\/www.laertes.es\/ca\/#website"},"primaryImageOfPage":{"@id":"https:\/\/www.laertes.es\/ca\/llibre\/robur-el-conqueridor\/#primaryimage"},"image":{"@id":"https:\/\/www.laertes.es\/ca\/llibre\/robur-el-conqueridor\/#primaryimage"},"thumbnailUrl":"https:\/\/www.laertes.es\/wp-content\/uploads\/2025\/10\/ARC130.jpg","datePublished":"2025-10-02T08:27:38+00:00","breadcrumb":{"@id":"https:\/\/www.laertes.es\/ca\/llibre\/robur-el-conqueridor\/#breadcrumb"},"inLanguage":"ca","potentialAction":[{"@type":"ReadAction","target":["https:\/\/www.laertes.es\/ca\/llibre\/robur-el-conqueridor\/"]}]},{"@type":"ImageObject","inLanguage":"ca","@id":"https:\/\/www.laertes.es\/ca\/llibre\/robur-el-conqueridor\/#primaryimage","url":"https:\/\/www.laertes.es\/wp-content\/uploads\/2025\/10\/ARC130.jpg","contentUrl":"https:\/\/www.laertes.es\/wp-content\/uploads\/2025\/10\/ARC130.jpg","width":802,"height":1200,"caption":"Robur el Conqueridor"},{"@type":"BreadcrumbList","@id":"https:\/\/www.laertes.es\/ca\/llibre\/robur-el-conqueridor\/#breadcrumb","itemListElement":[{"@type":"ListItem","position":1,"name":"Portada","item":"https:\/\/www.laertes.es\/ca\/"},{"@type":"ListItem","position":2,"name":"Tienda","item":"https:\/\/www.laertes.es\/tienda\/"},{"@type":"ListItem","position":3,"name":"Robur el Conqueridor"}]},{"@type":"WebSite","@id":"https:\/\/www.laertes.es\/ca\/#website","url":"https:\/\/www.laertes.es\/ca\/","name":"Laertes Ediciones","description":"Editorial independiente desde 1975","alternateName":"Laertes","potentialAction":[{"@type":"SearchAction","target":{"@type":"EntryPoint","urlTemplate":"https:\/\/www.laertes.es\/ca\/?s={search_term_string}"},"query-input":{"@type":"PropertyValueSpecification","valueRequired":true,"valueName":"search_term_string"}}],"inLanguage":"ca"}]}},"_links":{"self":[{"href":"https:\/\/www.laertes.es\/ca\/wp-json\/wp\/v2\/product\/15680","targetHints":{"allow":["GET"]}}],"collection":[{"href":"https:\/\/www.laertes.es\/ca\/wp-json\/wp\/v2\/product"}],"about":[{"href":"https:\/\/www.laertes.es\/ca\/wp-json\/wp\/v2\/types\/product"}],"version-history":[{"count":0,"href":"https:\/\/www.laertes.es\/ca\/wp-json\/wp\/v2\/product\/15680\/revisions"}],"wp:featuredmedia":[{"embeddable":true,"href":"https:\/\/www.laertes.es\/ca\/wp-json\/wp\/v2\/media\/15670"}],"wp:attachment":[{"href":"https:\/\/www.laertes.es\/ca\/wp-json\/wp\/v2\/media?parent=15680"}],"wp:term":[{"taxonomy":"product_brand","embeddable":true,"href":"https:\/\/www.laertes.es\/ca\/wp-json\/wp\/v2\/product_brand?post=15680"},{"taxonomy":"product_cat","embeddable":true,"href":"https:\/\/www.laertes.es\/ca\/wp-json\/wp\/v2\/product_cat?post=15680"},{"taxonomy":"product_tag","embeddable":true,"href":"https:\/\/www.laertes.es\/ca\/wp-json\/wp\/v2\/product_tag?post=15680"},{"taxonomy":"autores","embeddable":true,"href":"https:\/\/www.laertes.es\/ca\/wp-json\/wp\/v2\/autores?post=15680"},{"taxonomy":"formatos","embeddable":true,"href":"https:\/\/www.laertes.es\/ca\/wp-json\/wp\/v2\/formatos?post=15680"},{"taxonomy":"materias","embeddable":true,"href":"https:\/\/www.laertes.es\/ca\/wp-json\/wp\/v2\/materias?post=15680"}],"curies":[{"name":"wp","href":"https:\/\/api.w.org\/{rel}","templated":true}]}}