{"id":15660,"date":"2025-09-16T05:19:37","date_gmt":"2025-09-16T05:19:37","guid":{"rendered":"https:\/\/laertes.es\/libro\/contes-sinistres\/"},"modified":"2025-09-16T05:19:37","modified_gmt":"2025-09-16T05:19:37","slug":"contes-sinistres","status":"publish","type":"product","link":"https:\/\/www.laertes.es\/ca\/llibre\/contes-sinistres\/","title":{"rendered":"Contes sinistres"},"content":{"rendered":"<p><em>Contes sinistres<\/em> d\u2019Edith Nesbit ofereix un viatge a trav\u00e9s de relats inquietants i captivadors que mantenen el lector en un estat constant de suspens i fascinaci\u00f3. Des de l\u2019enigm\u00e0tica hist\u00f2ria d\u2019her\u00e8ncies i retrats embruixats, fins a misteris que s\u2019amaguen a les ombres de cases antigues i esgl\u00e9sies abandonades, cada conte revela una faceta de l\u2019inexplicable que es barreja amb el quotidi\u00e0. Els personatges es troben sovint davant de fen\u00f2mens sobrenaturals que desafien la ra\u00f3 i la l\u00f2gica, obligant-los a enfrontar-se a les seves pors m\u00e9s profundes. A trav\u00e9s de la ploma magistral de Nesbit, el lector \u00e9s transportat a escenaris on el temps i l\u2019espai semblen doblegar-se sota el pes de secrets antics i malediccions oblidades. Amb una prosa elegant i detallada, aquests contes no nom\u00e9s exploren els l\u00edmits de la realitat, sin\u00f3 que tamb\u00e9 ofereixen una reflexi\u00f3 sobre la natura humana i les seves obsessions.<em> Contes sinistres<\/em> \u00e9s una antologia que desafia el lector a mirar m\u00e9s enll\u00e0 de l\u2019aparent normalitat i a q\u00fcestionar les ombres que ens envolten.<\/p>\n<p><em>Contes sinistres<\/em> d\u2019Edith Nesbit ofereix un viatge a trav\u00e9s de relats inquietants i captivadors que mantenen el lector en un estat constant de suspens i fascinaci\u00f3. Des de l\u2019enigm\u00e0tica hist\u00f2ria d\u2019her\u00e8ncies i retrats embruixats, fins a misteris que s\u2019amaguen a les ombres de cases antigues i esgl\u00e9sies abandonades, cada conte revela una faceta de l\u2019inexplicable que es barreja amb el quotidi\u00e0. Els personatges es troben sovint davant de fen\u00f2mens sobrenaturals que desafien la ra\u00f3 i la l\u00f2gica, obligant-los a enfrontar-se a les seves pors m\u00e9s profundes. A trav\u00e9s de la ploma magistral de Nesbit, el lector \u00e9s transportat a escenaris on el temps i l\u2019espai semblen doblegar-se sota el pes de secrets antics i malediccions oblidades. Amb una prosa elegant i detallada, aquests contes no nom\u00e9s exploren els l\u00edmits de la realitat, sin\u00f3 que tamb\u00e9 ofereixen una reflexi\u00f3 sobre la natura humana i les seves obsessions.<em> Contes sinistres<\/em> \u00e9s una antologia que desafia el lector a mirar m\u00e9s enll\u00e0 de l\u2019aparent normalitat i a q\u00fcestionar les ombres que ens envolten.<\/p>\n","protected":false},"excerpt":{"rendered":"<p>Contes sinistres d\u2019Edith Nesbit ofereix un viatge a trav\u00e9s de relats inquietants i captivadors que mantenen el lector en un estat constant de suspens i fascinaci\u00f3. Des de l\u2019enigm\u00e0tica hist\u00f2ria d\u2019her\u00e8ncies i retrats embruixats, fins a misteris que s\u2019amaguen a les ombres de cases antigues i esgl\u00e9sies abandonades, cada conte revela una faceta de l\u2019inexplicable que es barreja amb el quotidi\u00e0. <\/p>\n","protected":false},"featured_media":15652,"template":"","meta":[],"product_brand":[],"product_cat":[296],"product_tag":[2068,984,673],"autores":[2069],"formatos":[355],"materias":[356,374,357],"class_list":{"0":"post-15660","1":"product","2":"type-product","3":"status-publish","4":"has-post-thumbnail","6":"product_cat-larca-ca","7":"product_tag-contes-ca","8":"product_tag-fantasmes-ca","9":"product_tag-terror-ca","10":"autores-nesbit-edith-2-ca","11":"formatos-llibre","12":"materias-cuentos-clasicos-de-generos-fantasticos-ca","13":"materias-literatura-ca","14":"materias-terror-ca-ca","16":"first","17":"instock","18":"taxable","19":"shipping-taxable","20":"purchasable","21":"product-type-simple"},"yoast_head":"<!-- This site is optimized with the Yoast SEO plugin v27.3 - https:\/\/yoast.com\/product\/yoast-seo-wordpress\/ -->\n<title>Contes sinistres | Laertes ediciones<\/title>\n<meta name=\"description\" content=\"Un viatge a trav\u00e9s de relats inquietants i captivadors que mantenen el lector en un estat constant de suspens i fascinaci\u00f3.\" \/>\n<meta name=\"robots\" content=\"index, follow, max-snippet:-1, max-image-preview:large, max-video-preview:-1\" \/>\n<link rel=\"canonical\" href=\"https:\/\/www.laertes.es\/ca\/llibre\/contes-sinistres\/\" \/>\n<meta property=\"og:locale\" content=\"ca_ES\" \/>\n<meta property=\"og:type\" content=\"article\" \/>\n<meta property=\"og:title\" content=\"Contes sinistres | Laertes ediciones\" \/>\n<meta property=\"og:description\" content=\"Un viatge a trav\u00e9s de relats inquietants i captivadors que mantenen el lector en un estat constant de suspens i fascinaci\u00f3.\" \/>\n<meta property=\"og:url\" content=\"https:\/\/www.laertes.es\/ca\/llibre\/contes-sinistres\/\" \/>\n<meta property=\"og:site_name\" content=\"Laertes ediciones\" \/>\n<meta property=\"og:image\" content=\"https:\/\/www.laertes.es\/wp-content\/uploads\/2025\/09\/ARC129.webp\" \/>\n\t<meta property=\"og:image:width\" content=\"802\" \/>\n\t<meta property=\"og:image:height\" content=\"1200\" \/>\n\t<meta property=\"og:image:type\" content=\"image\/webp\" \/>\n<meta name=\"twitter:label1\" content=\"Temps estimat de lectura\" \/>\n\t<meta name=\"twitter:data1\" content=\"2 minuts\" \/>\n<script type=\"application\/ld+json\" class=\"yoast-schema-graph\">{\"@context\":\"https:\\\/\\\/schema.org\",\"@graph\":[{\"@type\":\"WebPage\",\"@id\":\"https:\\\/\\\/www.laertes.es\\\/ca\\\/llibre\\\/contes-sinistres\\\/\",\"url\":\"https:\\\/\\\/www.laertes.es\\\/ca\\\/llibre\\\/contes-sinistres\\\/\",\"name\":\"Contes sinistres | Laertes ediciones\",\"isPartOf\":{\"@id\":\"https:\\\/\\\/www.laertes.es\\\/ca\\\/#website\"},\"primaryImageOfPage\":{\"@id\":\"https:\\\/\\\/www.laertes.es\\\/ca\\\/llibre\\\/contes-sinistres\\\/#primaryimage\"},\"image\":{\"@id\":\"https:\\\/\\\/www.laertes.es\\\/ca\\\/llibre\\\/contes-sinistres\\\/#primaryimage\"},\"thumbnailUrl\":\"https:\\\/\\\/www.laertes.es\\\/wp-content\\\/uploads\\\/2025\\\/09\\\/ARC129.webp\",\"datePublished\":\"2025-09-16T05:19:37+00:00\",\"description\":\"Un viatge a trav\u00e9s de relats inquietants i captivadors que mantenen el lector en un estat constant de suspens i fascinaci\u00f3.\",\"breadcrumb\":{\"@id\":\"https:\\\/\\\/www.laertes.es\\\/ca\\\/llibre\\\/contes-sinistres\\\/#breadcrumb\"},\"inLanguage\":\"ca\",\"potentialAction\":[{\"@type\":\"ReadAction\",\"target\":[\"https:\\\/\\\/www.laertes.es\\\/ca\\\/llibre\\\/contes-sinistres\\\/\"]}]},{\"@type\":\"ImageObject\",\"inLanguage\":\"ca\",\"@id\":\"https:\\\/\\\/www.laertes.es\\\/ca\\\/llibre\\\/contes-sinistres\\\/#primaryimage\",\"url\":\"https:\\\/\\\/www.laertes.es\\\/wp-content\\\/uploads\\\/2025\\\/09\\\/ARC129.webp\",\"contentUrl\":\"https:\\\/\\\/www.laertes.es\\\/wp-content\\\/uploads\\\/2025\\\/09\\\/ARC129.webp\",\"width\":802,\"height\":1200,\"caption\":\"Contes sinistres\"},{\"@type\":\"BreadcrumbList\",\"@id\":\"https:\\\/\\\/www.laertes.es\\\/ca\\\/llibre\\\/contes-sinistres\\\/#breadcrumb\",\"itemListElement\":[{\"@type\":\"ListItem\",\"position\":1,\"name\":\"Portada\",\"item\":\"https:\\\/\\\/www.laertes.es\\\/ca\\\/\"},{\"@type\":\"ListItem\",\"position\":2,\"name\":\"Tienda\",\"item\":\"https:\\\/\\\/www.laertes.es\\\/tienda\\\/\"},{\"@type\":\"ListItem\",\"position\":3,\"name\":\"Contes sinistres\"}]},{\"@type\":\"WebSite\",\"@id\":\"https:\\\/\\\/www.laertes.es\\\/ca\\\/#website\",\"url\":\"https:\\\/\\\/www.laertes.es\\\/ca\\\/\",\"name\":\"Laertes Ediciones\",\"description\":\"Editorial independiente desde 1975\",\"alternateName\":\"Laertes\",\"potentialAction\":[{\"@type\":\"SearchAction\",\"target\":{\"@type\":\"EntryPoint\",\"urlTemplate\":\"https:\\\/\\\/www.laertes.es\\\/ca\\\/?s={search_term_string}\"},\"query-input\":{\"@type\":\"PropertyValueSpecification\",\"valueRequired\":true,\"valueName\":\"search_term_string\"}}],\"inLanguage\":\"ca\"}]}<\/script>\n<!-- \/ Yoast SEO plugin. -->","yoast_head_json":{"title":"Contes sinistres | Laertes ediciones","description":"Un viatge a trav\u00e9s de relats inquietants i captivadors que mantenen el lector en un estat constant de suspens i fascinaci\u00f3.","robots":{"index":"index","follow":"follow","max-snippet":"max-snippet:-1","max-image-preview":"max-image-preview:large","max-video-preview":"max-video-preview:-1"},"canonical":"https:\/\/www.laertes.es\/ca\/llibre\/contes-sinistres\/","og_locale":"ca_ES","og_type":"article","og_title":"Contes sinistres | Laertes ediciones","og_description":"Un viatge a trav\u00e9s de relats inquietants i captivadors que mantenen el lector en un estat constant de suspens i fascinaci\u00f3.","og_url":"https:\/\/www.laertes.es\/ca\/llibre\/contes-sinistres\/","og_site_name":"Laertes ediciones","og_image":[{"width":802,"height":1200,"url":"https:\/\/www.laertes.es\/wp-content\/uploads\/2025\/09\/ARC129.webp","type":"image\/webp"}],"twitter_misc":{"Temps estimat de lectura":"2 minuts"},"schema":{"@context":"https:\/\/schema.org","@graph":[{"@type":"WebPage","@id":"https:\/\/www.laertes.es\/ca\/llibre\/contes-sinistres\/","url":"https:\/\/www.laertes.es\/ca\/llibre\/contes-sinistres\/","name":"Contes sinistres | Laertes ediciones","isPartOf":{"@id":"https:\/\/www.laertes.es\/ca\/#website"},"primaryImageOfPage":{"@id":"https:\/\/www.laertes.es\/ca\/llibre\/contes-sinistres\/#primaryimage"},"image":{"@id":"https:\/\/www.laertes.es\/ca\/llibre\/contes-sinistres\/#primaryimage"},"thumbnailUrl":"https:\/\/www.laertes.es\/wp-content\/uploads\/2025\/09\/ARC129.webp","datePublished":"2025-09-16T05:19:37+00:00","description":"Un viatge a trav\u00e9s de relats inquietants i captivadors que mantenen el lector en un estat constant de suspens i fascinaci\u00f3.","breadcrumb":{"@id":"https:\/\/www.laertes.es\/ca\/llibre\/contes-sinistres\/#breadcrumb"},"inLanguage":"ca","potentialAction":[{"@type":"ReadAction","target":["https:\/\/www.laertes.es\/ca\/llibre\/contes-sinistres\/"]}]},{"@type":"ImageObject","inLanguage":"ca","@id":"https:\/\/www.laertes.es\/ca\/llibre\/contes-sinistres\/#primaryimage","url":"https:\/\/www.laertes.es\/wp-content\/uploads\/2025\/09\/ARC129.webp","contentUrl":"https:\/\/www.laertes.es\/wp-content\/uploads\/2025\/09\/ARC129.webp","width":802,"height":1200,"caption":"Contes sinistres"},{"@type":"BreadcrumbList","@id":"https:\/\/www.laertes.es\/ca\/llibre\/contes-sinistres\/#breadcrumb","itemListElement":[{"@type":"ListItem","position":1,"name":"Portada","item":"https:\/\/www.laertes.es\/ca\/"},{"@type":"ListItem","position":2,"name":"Tienda","item":"https:\/\/www.laertes.es\/tienda\/"},{"@type":"ListItem","position":3,"name":"Contes sinistres"}]},{"@type":"WebSite","@id":"https:\/\/www.laertes.es\/ca\/#website","url":"https:\/\/www.laertes.es\/ca\/","name":"Laertes Ediciones","description":"Editorial independiente desde 1975","alternateName":"Laertes","potentialAction":[{"@type":"SearchAction","target":{"@type":"EntryPoint","urlTemplate":"https:\/\/www.laertes.es\/ca\/?s={search_term_string}"},"query-input":{"@type":"PropertyValueSpecification","valueRequired":true,"valueName":"search_term_string"}}],"inLanguage":"ca"}]}},"_links":{"self":[{"href":"https:\/\/www.laertes.es\/ca\/wp-json\/wp\/v2\/product\/15660","targetHints":{"allow":["GET"]}}],"collection":[{"href":"https:\/\/www.laertes.es\/ca\/wp-json\/wp\/v2\/product"}],"about":[{"href":"https:\/\/www.laertes.es\/ca\/wp-json\/wp\/v2\/types\/product"}],"version-history":[{"count":0,"href":"https:\/\/www.laertes.es\/ca\/wp-json\/wp\/v2\/product\/15660\/revisions"}],"wp:featuredmedia":[{"embeddable":true,"href":"https:\/\/www.laertes.es\/ca\/wp-json\/wp\/v2\/media\/15652"}],"wp:attachment":[{"href":"https:\/\/www.laertes.es\/ca\/wp-json\/wp\/v2\/media?parent=15660"}],"wp:term":[{"taxonomy":"product_brand","embeddable":true,"href":"https:\/\/www.laertes.es\/ca\/wp-json\/wp\/v2\/product_brand?post=15660"},{"taxonomy":"product_cat","embeddable":true,"href":"https:\/\/www.laertes.es\/ca\/wp-json\/wp\/v2\/product_cat?post=15660"},{"taxonomy":"product_tag","embeddable":true,"href":"https:\/\/www.laertes.es\/ca\/wp-json\/wp\/v2\/product_tag?post=15660"},{"taxonomy":"autores","embeddable":true,"href":"https:\/\/www.laertes.es\/ca\/wp-json\/wp\/v2\/autores?post=15660"},{"taxonomy":"formatos","embeddable":true,"href":"https:\/\/www.laertes.es\/ca\/wp-json\/wp\/v2\/formatos?post=15660"},{"taxonomy":"materias","embeddable":true,"href":"https:\/\/www.laertes.es\/ca\/wp-json\/wp\/v2\/materias?post=15660"}],"curies":[{"name":"wp","href":"https:\/\/api.w.org\/{rel}","templated":true}]}}