{"id":15649,"date":"2025-09-16T05:06:53","date_gmt":"2025-09-16T05:06:53","guid":{"rendered":"https:\/\/laertes.es\/libro\/repressio-franquista-i-prostitucio\/"},"modified":"2025-10-13T08:25:15","modified_gmt":"2025-10-13T08:25:15","slug":"repressio-franquista-i-prostitucio","status":"publish","type":"product","link":"https:\/\/www.laertes.es\/ca\/llibre\/repressio-franquista-i-prostitucio\/","title":{"rendered":"Repressi\u00f3 franquista i prostituci\u00f3"},"content":{"rendered":"<p><em>Repressi\u00f3 franquista i prostituci\u00f3. De la pres\u00f3 de Dones de Les Corts a l\u2019Hospital de la Magdalena<\/em> presenta l\u2019impacte de la repressi\u00f3 i la viol\u00e8ncia de g\u00e8nere exercida pel r\u00e8gim franquista sobre el col\u00b7lectiu de dones prostitu\u00efdes que van viure la dictadura des de la marginaci\u00f3 extrema de la societat. L\u2019assaig dona visibilitat a totes aquelles recluses de la Pres\u00f3 de Dones de Les Corts que, v\u00edctimes de la repressi\u00f3 franquista, foren alliberades del recinte penitenciari per ingressar a l\u2019Hospital de la Magdalena. Ubicat a la ciutat de Barcelona, aquest centre hospitalari va esdevenir un dels recintes repressius especialitzat en el tractament de dones prostitu\u00efdes que patien malalties de transmissi\u00f3 sexual. La recerca aborda el fenomen de la prostituci\u00f3 amb perspectiva, oferint un compendi ajustat de la seva evoluci\u00f3 al llarg de l\u2019\u00e8poca contempor\u00e0nia al conjunt de l\u2019Estat.<br \/>\nEl llibre est\u00e0 estructurat en dues parts. A la primera, centrada en la repressi\u00f3 i viol\u00e8ncia de g\u00e8nere exercida pel r\u00e8gim franquista, es despleguen tres cap\u00edtols: \u00abUna dictadura contra les dones\u00bb, \u00abRepressi\u00f3 de g\u00e8nere i vulneraci\u00f3 de drets a la Pres\u00f3 de Dones de Barcelona sota la dictadura franquista\u00bb i \u00abFranquisme i prostituci\u00f3: de la Pres\u00f3 de Dones al sifilicomio\u00bb organitzat en dos subapartats, \u00abAntecedents hist\u00f2rics, del Patronat Reial per la Repressi\u00f3 de la Tracta de Blanques al Patronat de Protecci\u00f3 a la Dona\u00bb i \u00abMoralitat i adoctrinament: instruments de control i submissi\u00f3 de les dones\u00bb. La segona part, \u00abL\u2019Hospital de la Magdalena: d\u2019hospital de la lluita a sifilicomio\u00bb, es desenvolupa en cinc apartats \u2014\u00abAntecedents\u00bb, \u00abLa fundaci\u00f3 de l\u2019Hospital de la Magdalena\u00bb, \u00abL\u2019hospital durant la Rep\u00fablica en temps de pau\u00bb, \u00abL\u2019hospital durant la Rep\u00fablica en temps de guerra\u00bb i \u00abL\u2019hospital durant la dictadura franquista\u00bb.<\/p>\n","protected":false},"excerpt":{"rendered":"<p>Presenta l\u2019impacte de la repressi\u00f3 i la viol\u00e8ncia de g\u00e8nere exercida pel r\u00e8gim franquista sobre el col\u00b7lectiu de dones prostitu\u00efdes que van viure la dictadura des de la marginaci\u00f3 extrema de la societat.<\/p>\n","protected":false},"featured_media":15642,"template":"","meta":[],"product_brand":[],"product_cat":[336],"product_tag":[2053,2054,2055,2056],"autores":[779],"formatos":[355],"materias":[366,372],"class_list":{"0":"post-15649","1":"product","2":"type-product","3":"status-publish","4":"has-post-thumbnail","6":"product_cat-laertes-catala-ca","7":"product_tag-dictadura-franquista-ca","8":"product_tag-presso-de-dones-barcelona-enfermetats-de-transmissio-sexual-ca","9":"product_tag-segona-republica-ca","10":"product_tag-violencia-de-genere-ca","11":"autores-molina-javierre-maria-pilar-ca","12":"formatos-llibre","13":"materias-ensayo-ca","14":"materias-historia-ca","16":"first","17":"instock","18":"taxable","19":"shipping-taxable","20":"purchasable","21":"product-type-simple"},"yoast_head":"<!-- This site is optimized with the Yoast SEO plugin v27.3 - https:\/\/yoast.com\/product\/yoast-seo-wordpress\/ -->\n<title>Repressi\u00f3 franquista i prostituci\u00f3 | Laertes ediciones<\/title>\n<meta name=\"description\" content=\"l\u2019impacte de la repressi\u00f3 i la viol\u00e8ncia de g\u00e8nere exercida pel r\u00e8gim franquista | Repressi\u00f3 franquista i prostituci\u00f3 | Laertes ediciones\" \/>\n<meta name=\"robots\" content=\"index, follow, max-snippet:-1, max-image-preview:large, max-video-preview:-1\" \/>\n<link rel=\"canonical\" href=\"https:\/\/www.laertes.es\/ca\/llibre\/repressio-franquista-i-prostitucio\/\" \/>\n<meta property=\"og:locale\" content=\"ca_ES\" \/>\n<meta property=\"og:type\" content=\"article\" \/>\n<meta property=\"og:title\" content=\"Repressi\u00f3 franquista i prostituci\u00f3 | Laertes ediciones\" \/>\n<meta property=\"og:description\" content=\"l\u2019impacte de la repressi\u00f3 i la viol\u00e8ncia de g\u00e8nere exercida pel r\u00e8gim franquista | Repressi\u00f3 franquista i prostituci\u00f3 | Laertes ediciones\" \/>\n<meta property=\"og:url\" content=\"https:\/\/www.laertes.es\/ca\/llibre\/repressio-franquista-i-prostitucio\/\" \/>\n<meta property=\"og:site_name\" content=\"Laertes ediciones\" \/>\n<meta property=\"article:modified_time\" content=\"2025-10-13T08:25:15+00:00\" \/>\n<meta property=\"og:image\" content=\"https:\/\/www.laertes.es\/wp-content\/uploads\/2025\/09\/LAC046.webp\" \/>\n\t<meta property=\"og:image:width\" content=\"802\" \/>\n\t<meta property=\"og:image:height\" content=\"1200\" \/>\n\t<meta property=\"og:image:type\" content=\"image\/webp\" \/>\n<meta name=\"twitter:label1\" content=\"Temps estimat de lectura\" \/>\n\t<meta name=\"twitter:data1\" content=\"2 minuts\" \/>\n<script type=\"application\/ld+json\" class=\"yoast-schema-graph\">{\"@context\":\"https:\\\/\\\/schema.org\",\"@graph\":[{\"@type\":\"WebPage\",\"@id\":\"https:\\\/\\\/www.laertes.es\\\/ca\\\/llibre\\\/repressio-franquista-i-prostitucio\\\/\",\"url\":\"https:\\\/\\\/www.laertes.es\\\/ca\\\/llibre\\\/repressio-franquista-i-prostitucio\\\/\",\"name\":\"Repressi\u00f3 franquista i prostituci\u00f3 | Laertes ediciones\",\"isPartOf\":{\"@id\":\"https:\\\/\\\/www.laertes.es\\\/ca\\\/#website\"},\"primaryImageOfPage\":{\"@id\":\"https:\\\/\\\/www.laertes.es\\\/ca\\\/llibre\\\/repressio-franquista-i-prostitucio\\\/#primaryimage\"},\"image\":{\"@id\":\"https:\\\/\\\/www.laertes.es\\\/ca\\\/llibre\\\/repressio-franquista-i-prostitucio\\\/#primaryimage\"},\"thumbnailUrl\":\"https:\\\/\\\/www.laertes.es\\\/wp-content\\\/uploads\\\/2025\\\/09\\\/LAC046.webp\",\"datePublished\":\"2025-09-16T05:06:53+00:00\",\"dateModified\":\"2025-10-13T08:25:15+00:00\",\"description\":\"l\u2019impacte de la repressi\u00f3 i la viol\u00e8ncia de g\u00e8nere exercida pel r\u00e8gim franquista | Repressi\u00f3 franquista i prostituci\u00f3 | Laertes ediciones\",\"breadcrumb\":{\"@id\":\"https:\\\/\\\/www.laertes.es\\\/ca\\\/llibre\\\/repressio-franquista-i-prostitucio\\\/#breadcrumb\"},\"inLanguage\":\"ca\",\"potentialAction\":[{\"@type\":\"ReadAction\",\"target\":[\"https:\\\/\\\/www.laertes.es\\\/ca\\\/llibre\\\/repressio-franquista-i-prostitucio\\\/\"]}]},{\"@type\":\"ImageObject\",\"inLanguage\":\"ca\",\"@id\":\"https:\\\/\\\/www.laertes.es\\\/ca\\\/llibre\\\/repressio-franquista-i-prostitucio\\\/#primaryimage\",\"url\":\"https:\\\/\\\/www.laertes.es\\\/wp-content\\\/uploads\\\/2025\\\/09\\\/LAC046.webp\",\"contentUrl\":\"https:\\\/\\\/www.laertes.es\\\/wp-content\\\/uploads\\\/2025\\\/09\\\/LAC046.webp\",\"width\":802,\"height\":1200,\"caption\":\"Repressi\u00f3 franquista i prostituci\u00f3\"},{\"@type\":\"BreadcrumbList\",\"@id\":\"https:\\\/\\\/www.laertes.es\\\/ca\\\/llibre\\\/repressio-franquista-i-prostitucio\\\/#breadcrumb\",\"itemListElement\":[{\"@type\":\"ListItem\",\"position\":1,\"name\":\"Portada\",\"item\":\"https:\\\/\\\/www.laertes.es\\\/ca\\\/\"},{\"@type\":\"ListItem\",\"position\":2,\"name\":\"Tienda\",\"item\":\"https:\\\/\\\/www.laertes.es\\\/tienda\\\/\"},{\"@type\":\"ListItem\",\"position\":3,\"name\":\"Repressi\u00f3 franquista i prostituci\u00f3\"}]},{\"@type\":\"WebSite\",\"@id\":\"https:\\\/\\\/www.laertes.es\\\/ca\\\/#website\",\"url\":\"https:\\\/\\\/www.laertes.es\\\/ca\\\/\",\"name\":\"Laertes Ediciones\",\"description\":\"Editorial independiente desde 1975\",\"alternateName\":\"Laertes\",\"potentialAction\":[{\"@type\":\"SearchAction\",\"target\":{\"@type\":\"EntryPoint\",\"urlTemplate\":\"https:\\\/\\\/www.laertes.es\\\/ca\\\/?s={search_term_string}\"},\"query-input\":{\"@type\":\"PropertyValueSpecification\",\"valueRequired\":true,\"valueName\":\"search_term_string\"}}],\"inLanguage\":\"ca\"}]}<\/script>\n<!-- \/ Yoast SEO plugin. -->","yoast_head_json":{"title":"Repressi\u00f3 franquista i prostituci\u00f3 | Laertes ediciones","description":"l\u2019impacte de la repressi\u00f3 i la viol\u00e8ncia de g\u00e8nere exercida pel r\u00e8gim franquista | Repressi\u00f3 franquista i prostituci\u00f3 | Laertes ediciones","robots":{"index":"index","follow":"follow","max-snippet":"max-snippet:-1","max-image-preview":"max-image-preview:large","max-video-preview":"max-video-preview:-1"},"canonical":"https:\/\/www.laertes.es\/ca\/llibre\/repressio-franquista-i-prostitucio\/","og_locale":"ca_ES","og_type":"article","og_title":"Repressi\u00f3 franquista i prostituci\u00f3 | Laertes ediciones","og_description":"l\u2019impacte de la repressi\u00f3 i la viol\u00e8ncia de g\u00e8nere exercida pel r\u00e8gim franquista | Repressi\u00f3 franquista i prostituci\u00f3 | Laertes ediciones","og_url":"https:\/\/www.laertes.es\/ca\/llibre\/repressio-franquista-i-prostitucio\/","og_site_name":"Laertes ediciones","article_modified_time":"2025-10-13T08:25:15+00:00","og_image":[{"width":802,"height":1200,"url":"https:\/\/www.laertes.es\/wp-content\/uploads\/2025\/09\/LAC046.webp","type":"image\/webp"}],"twitter_misc":{"Temps estimat de lectura":"2 minuts"},"schema":{"@context":"https:\/\/schema.org","@graph":[{"@type":"WebPage","@id":"https:\/\/www.laertes.es\/ca\/llibre\/repressio-franquista-i-prostitucio\/","url":"https:\/\/www.laertes.es\/ca\/llibre\/repressio-franquista-i-prostitucio\/","name":"Repressi\u00f3 franquista i prostituci\u00f3 | Laertes ediciones","isPartOf":{"@id":"https:\/\/www.laertes.es\/ca\/#website"},"primaryImageOfPage":{"@id":"https:\/\/www.laertes.es\/ca\/llibre\/repressio-franquista-i-prostitucio\/#primaryimage"},"image":{"@id":"https:\/\/www.laertes.es\/ca\/llibre\/repressio-franquista-i-prostitucio\/#primaryimage"},"thumbnailUrl":"https:\/\/www.laertes.es\/wp-content\/uploads\/2025\/09\/LAC046.webp","datePublished":"2025-09-16T05:06:53+00:00","dateModified":"2025-10-13T08:25:15+00:00","description":"l\u2019impacte de la repressi\u00f3 i la viol\u00e8ncia de g\u00e8nere exercida pel r\u00e8gim franquista | Repressi\u00f3 franquista i prostituci\u00f3 | Laertes ediciones","breadcrumb":{"@id":"https:\/\/www.laertes.es\/ca\/llibre\/repressio-franquista-i-prostitucio\/#breadcrumb"},"inLanguage":"ca","potentialAction":[{"@type":"ReadAction","target":["https:\/\/www.laertes.es\/ca\/llibre\/repressio-franquista-i-prostitucio\/"]}]},{"@type":"ImageObject","inLanguage":"ca","@id":"https:\/\/www.laertes.es\/ca\/llibre\/repressio-franquista-i-prostitucio\/#primaryimage","url":"https:\/\/www.laertes.es\/wp-content\/uploads\/2025\/09\/LAC046.webp","contentUrl":"https:\/\/www.laertes.es\/wp-content\/uploads\/2025\/09\/LAC046.webp","width":802,"height":1200,"caption":"Repressi\u00f3 franquista i prostituci\u00f3"},{"@type":"BreadcrumbList","@id":"https:\/\/www.laertes.es\/ca\/llibre\/repressio-franquista-i-prostitucio\/#breadcrumb","itemListElement":[{"@type":"ListItem","position":1,"name":"Portada","item":"https:\/\/www.laertes.es\/ca\/"},{"@type":"ListItem","position":2,"name":"Tienda","item":"https:\/\/www.laertes.es\/tienda\/"},{"@type":"ListItem","position":3,"name":"Repressi\u00f3 franquista i prostituci\u00f3"}]},{"@type":"WebSite","@id":"https:\/\/www.laertes.es\/ca\/#website","url":"https:\/\/www.laertes.es\/ca\/","name":"Laertes Ediciones","description":"Editorial independiente desde 1975","alternateName":"Laertes","potentialAction":[{"@type":"SearchAction","target":{"@type":"EntryPoint","urlTemplate":"https:\/\/www.laertes.es\/ca\/?s={search_term_string}"},"query-input":{"@type":"PropertyValueSpecification","valueRequired":true,"valueName":"search_term_string"}}],"inLanguage":"ca"}]}},"_links":{"self":[{"href":"https:\/\/www.laertes.es\/ca\/wp-json\/wp\/v2\/product\/15649","targetHints":{"allow":["GET"]}}],"collection":[{"href":"https:\/\/www.laertes.es\/ca\/wp-json\/wp\/v2\/product"}],"about":[{"href":"https:\/\/www.laertes.es\/ca\/wp-json\/wp\/v2\/types\/product"}],"version-history":[{"count":1,"href":"https:\/\/www.laertes.es\/ca\/wp-json\/wp\/v2\/product\/15649\/revisions"}],"predecessor-version":[{"id":15686,"href":"https:\/\/www.laertes.es\/ca\/wp-json\/wp\/v2\/product\/15649\/revisions\/15686"}],"wp:featuredmedia":[{"embeddable":true,"href":"https:\/\/www.laertes.es\/ca\/wp-json\/wp\/v2\/media\/15642"}],"wp:attachment":[{"href":"https:\/\/www.laertes.es\/ca\/wp-json\/wp\/v2\/media?parent=15649"}],"wp:term":[{"taxonomy":"product_brand","embeddable":true,"href":"https:\/\/www.laertes.es\/ca\/wp-json\/wp\/v2\/product_brand?post=15649"},{"taxonomy":"product_cat","embeddable":true,"href":"https:\/\/www.laertes.es\/ca\/wp-json\/wp\/v2\/product_cat?post=15649"},{"taxonomy":"product_tag","embeddable":true,"href":"https:\/\/www.laertes.es\/ca\/wp-json\/wp\/v2\/product_tag?post=15649"},{"taxonomy":"autores","embeddable":true,"href":"https:\/\/www.laertes.es\/ca\/wp-json\/wp\/v2\/autores?post=15649"},{"taxonomy":"formatos","embeddable":true,"href":"https:\/\/www.laertes.es\/ca\/wp-json\/wp\/v2\/formatos?post=15649"},{"taxonomy":"materias","embeddable":true,"href":"https:\/\/www.laertes.es\/ca\/wp-json\/wp\/v2\/materias?post=15649"}],"curies":[{"name":"wp","href":"https:\/\/api.w.org\/{rel}","templated":true}]}}