{"id":15619,"date":"2025-05-27T08:31:16","date_gmt":"2025-05-27T08:31:16","guid":{"rendered":"https:\/\/laertes.es\/libro\/la-maquina-de-las-respuestas\/"},"modified":"2025-05-27T08:31:16","modified_gmt":"2025-05-27T08:31:16","slug":"la-maquina-de-las-respuestas","status":"publish","type":"product","link":"https:\/\/www.laertes.es\/ca\/llibre\/la-maquina-de-las-respuestas\/","title":{"rendered":"La M\u00e1quina de las Respuestas"},"content":{"rendered":"<p>La M\u00e1quina de las Respuestas<\/p>\n<p>La M\u00e1quina de las Respuestas Se ha construido una m\u00e1quina capaz de responder cualquier pregunta. Podemos llamarla La M\u00e1quina. Y lo hace como podr\u00edan hacerlo los mejores expertos humanos. La M\u00e1quina incorpora toda la racionalidad de la que es capaz la humanidad. Nuestra confianza en La M\u00e1quina deber\u00eda ser m\u00e1xima. Sin embargo, se descubre por casualidad algo sumamente extra\u00f1o. Si se repiten las preguntas, a veces La M\u00e1quina produce respuestas muy diferentes. Esto ocurre cuando las preguntas tocan temas relacionados con el gusto. Pero tambi\u00e9n con temas especulativos. A pesar de parecer que en muchos de estos casos las preguntas deber\u00edan tener respuestas \u00fanicas, La M\u00e1quina solo ofrece respuestas plurales. \u00bfQu\u00e9 puede estar pasando? \u00bfTiene que estar dejando de funcionar correctamente La M\u00e1quina? \u00bfO deber\u00edamos aceptar ese pluralismo irreducible en las respuestas? Si asumimos que La M\u00e1quina es capaz de incorporar toda nuestra racionalidad, cualquiera de estas dos opciones es inc\u00f3moda. La primera, pone l\u00edmites muy estrictos a nuestras capacidades racionales, pues \u00bfqu\u00e9 pregunta no tiene aspectos relacionados con el gusto o aspectos especulativos? Y la segunda opci\u00f3n nos obliga a reconsiderar seriamente nuestra concepci\u00f3n de la realidad. \u00bfQu\u00e9 clase de realidad podr\u00eda hacer verdadero tal pluralismo irreducible de respuestas?<\/p>\n<p>Se ha construido una m\u00e1quina capaz de responder cualquier pregunta. Podemos llamarla La M\u00e1quina. Y lo hace como podr\u00edan hacerlo los mejores expertos humanos. La M\u00e1quina incorpora toda la racionalidad de la que es capaz la humanidad. Nuestra confianza en La M\u00e1quina deber\u00eda ser m\u00e1xima. Sin embargo, se descubre por casualidad algo sumamente extra\u00f1o. Si se repiten las preguntas, a veces La M\u00e1quina produce respuestas muy diferentes. Esto ocurre cuando las preguntas tocan temas relacionados con el gusto. Pero tambi\u00e9n con temas especulativos. A pesar de parecer que en muchos de estos casos las preguntas deber\u00edan tener respuestas \u00fanicas, La M\u00e1quina solo ofrece respuestas plurales. \u00bfQu\u00e9 puede estar pasando? \u00bfTiene que estar dejando de funcionar correctamente La M\u00e1quina? \u00bfO deber\u00edamos aceptar ese pluralismo irreducible en las respuestas? Si asumimos que La M\u00e1quina es capaz de incorporar toda nuestra racionalidad, cualquiera de estas dos opciones es inc\u00f3moda. La primera, pone l\u00edmites muy estrictos a nuestras capacidades racionales, pues \u00bfqu\u00e9 pregunta no tiene aspectos relacionados con el gusto o aspectos especulativos? Y la segunda opci\u00f3n nos obliga a reconsiderar seriamente nuestra concepci\u00f3n de la realidad. \u00bfQu\u00e9 clase de realidad podr\u00eda hacer verdadero tal pluralismo irreducible de respuestas?<\/p>\n","protected":false},"excerpt":{"rendered":"<p>Se ha construido una m\u00e1quina capaz de responder cualquier pregunta. Podemos llamarla La M\u00e1quina. Y lo hace como podr\u00edan hacerlo los mejores expertos humanos. La M\u00e1quina incorpora toda la racionalidad de la que es capaz la humanidad. Nuestra confianza en La M\u00e1quina deber\u00eda ser m\u00e1xima. Sin embargo, se descubre por casualidad algo sumamente extra\u00f1o. Si se repiten las preguntas, a veces La M\u00e1quina produce respuestas muy diferentes. Esto ocurre cuando las preguntas tocan temas relacionados con el gusto. Pero tambi\u00e9n con temas especulativos. A pesar de parecer que en muchos de estos casos las preguntas deber\u00edan tener respuestas \u00fanicas, La M\u00e1quina solo ofrece respuestas plurales. \u00bfQu\u00e9 puede estar pasando? \u00bfTiene que estar dejando de funcionar correctamente La M\u00e1quina? \u00bfO deber\u00edamos aceptar ese pluralismo irreducible en las respuestas? Si asumimos que La M\u00e1quina es capaz de incorporar toda nuestra racionalidad, cualquiera de estas dos opciones es inc\u00f3moda. La primera, pone l\u00edmites muy estrictos a nuestras capacidades racionales, pues \u00bfqu\u00e9 pregunta no tiene aspectos relacionados con el gusto o aspectos especulativos? Y la segunda opci\u00f3n nos obliga a reconsiderar seriamente nuestra concepci\u00f3n de la realidad. \u00bfQu\u00e9 clase de realidad podr\u00eda hacer verdadero tal pluralismo irreducible de respuestas?<\/p>\n","protected":false},"featured_media":15617,"template":"","meta":[],"product_brand":[],"product_cat":[346],"product_tag":[806,2045,2046],"autores":[852,853],"formatos":[355],"materias":[368],"class_list":{"0":"post-15619","1":"product","2":"type-product","3":"status-publish","4":"has-post-thumbnail","6":"product_cat-serie-logoi-ca","7":"product_tag-filosofia-ca","8":"product_tag-futuro-ca","9":"product_tag-inteligencia-artificial-ca","10":"autores-liz-gutierrez-antonio-manuel-ca","11":"autores-vazquez-campos-margarita-ca","12":"formatos-llibre","13":"materias-filosofia-ca-ca","15":"first","16":"instock","17":"taxable","18":"shipping-taxable","19":"purchasable","20":"product-type-simple"},"yoast_head":"<!-- This site is optimized with the Yoast SEO plugin v27.3 - https:\/\/yoast.com\/product\/yoast-seo-wordpress\/ -->\n<title>La M\u00e1quina de las Respuestas | Laertes ediciones<\/title>\n<meta name=\"description\" content=\"Se ha construido una m\u00e1quina capaz de responder cualquier pregunta. Y lo hace como los mejores expertos humanos. | La M\u00e1quina de las Respuestas\" \/>\n<meta name=\"robots\" content=\"index, follow, max-snippet:-1, max-image-preview:large, max-video-preview:-1\" \/>\n<link rel=\"canonical\" href=\"https:\/\/www.laertes.es\/ca\/llibre\/la-maquina-de-las-respuestas\/\" \/>\n<meta property=\"og:locale\" content=\"ca_ES\" \/>\n<meta property=\"og:type\" content=\"article\" \/>\n<meta property=\"og:title\" content=\"La M\u00e1quina de las Respuestas | Laertes ediciones\" \/>\n<meta property=\"og:description\" content=\"Se ha construido una m\u00e1quina capaz de responder cualquier pregunta. Y lo hace como los mejores expertos humanos. | La M\u00e1quina de las Respuestas\" \/>\n<meta property=\"og:url\" content=\"https:\/\/www.laertes.es\/ca\/llibre\/la-maquina-de-las-respuestas\/\" \/>\n<meta property=\"og:site_name\" content=\"Laertes ediciones\" \/>\n<meta property=\"og:image\" content=\"https:\/\/www.laertes.es\/wp-content\/uploads\/2025\/05\/LOG021.webp\" \/>\n\t<meta property=\"og:image:width\" content=\"802\" \/>\n\t<meta property=\"og:image:height\" content=\"1200\" \/>\n\t<meta property=\"og:image:type\" content=\"image\/webp\" \/>\n<meta name=\"twitter:label1\" content=\"Temps estimat de lectura\" \/>\n\t<meta name=\"twitter:data1\" content=\"3 minuts\" \/>\n<script type=\"application\/ld+json\" class=\"yoast-schema-graph\">{\"@context\":\"https:\\\/\\\/schema.org\",\"@graph\":[{\"@type\":\"WebPage\",\"@id\":\"https:\\\/\\\/www.laertes.es\\\/ca\\\/llibre\\\/la-maquina-de-las-respuestas\\\/\",\"url\":\"https:\\\/\\\/www.laertes.es\\\/ca\\\/llibre\\\/la-maquina-de-las-respuestas\\\/\",\"name\":\"La M\u00e1quina de las Respuestas | Laertes ediciones\",\"isPartOf\":{\"@id\":\"https:\\\/\\\/www.laertes.es\\\/ca\\\/#website\"},\"primaryImageOfPage\":{\"@id\":\"https:\\\/\\\/www.laertes.es\\\/ca\\\/llibre\\\/la-maquina-de-las-respuestas\\\/#primaryimage\"},\"image\":{\"@id\":\"https:\\\/\\\/www.laertes.es\\\/ca\\\/llibre\\\/la-maquina-de-las-respuestas\\\/#primaryimage\"},\"thumbnailUrl\":\"https:\\\/\\\/www.laertes.es\\\/wp-content\\\/uploads\\\/2025\\\/05\\\/LOG021.webp\",\"datePublished\":\"2025-05-27T08:31:16+00:00\",\"description\":\"Se ha construido una m\u00e1quina capaz de responder cualquier pregunta. Y lo hace como los mejores expertos humanos. | La M\u00e1quina de las Respuestas\",\"breadcrumb\":{\"@id\":\"https:\\\/\\\/www.laertes.es\\\/ca\\\/llibre\\\/la-maquina-de-las-respuestas\\\/#breadcrumb\"},\"inLanguage\":\"ca\",\"potentialAction\":[{\"@type\":\"ReadAction\",\"target\":[\"https:\\\/\\\/www.laertes.es\\\/ca\\\/llibre\\\/la-maquina-de-las-respuestas\\\/\"]}]},{\"@type\":\"ImageObject\",\"inLanguage\":\"ca\",\"@id\":\"https:\\\/\\\/www.laertes.es\\\/ca\\\/llibre\\\/la-maquina-de-las-respuestas\\\/#primaryimage\",\"url\":\"https:\\\/\\\/www.laertes.es\\\/wp-content\\\/uploads\\\/2025\\\/05\\\/LOG021.webp\",\"contentUrl\":\"https:\\\/\\\/www.laertes.es\\\/wp-content\\\/uploads\\\/2025\\\/05\\\/LOG021.webp\",\"width\":802,\"height\":1200,\"caption\":\"La M\u00e1quina de las Respuestas\"},{\"@type\":\"BreadcrumbList\",\"@id\":\"https:\\\/\\\/www.laertes.es\\\/ca\\\/llibre\\\/la-maquina-de-las-respuestas\\\/#breadcrumb\",\"itemListElement\":[{\"@type\":\"ListItem\",\"position\":1,\"name\":\"Portada\",\"item\":\"https:\\\/\\\/www.laertes.es\\\/ca\\\/\"},{\"@type\":\"ListItem\",\"position\":2,\"name\":\"Tienda\",\"item\":\"https:\\\/\\\/www.laertes.es\\\/tienda\\\/\"},{\"@type\":\"ListItem\",\"position\":3,\"name\":\"La M\u00e1quina de las Respuestas\"}]},{\"@type\":\"WebSite\",\"@id\":\"https:\\\/\\\/www.laertes.es\\\/ca\\\/#website\",\"url\":\"https:\\\/\\\/www.laertes.es\\\/ca\\\/\",\"name\":\"Laertes Ediciones\",\"description\":\"Editorial independiente desde 1975\",\"alternateName\":\"Laertes\",\"potentialAction\":[{\"@type\":\"SearchAction\",\"target\":{\"@type\":\"EntryPoint\",\"urlTemplate\":\"https:\\\/\\\/www.laertes.es\\\/ca\\\/?s={search_term_string}\"},\"query-input\":{\"@type\":\"PropertyValueSpecification\",\"valueRequired\":true,\"valueName\":\"search_term_string\"}}],\"inLanguage\":\"ca\"}]}<\/script>\n<!-- \/ Yoast SEO plugin. -->","yoast_head_json":{"title":"La M\u00e1quina de las Respuestas | Laertes ediciones","description":"Se ha construido una m\u00e1quina capaz de responder cualquier pregunta. Y lo hace como los mejores expertos humanos. | La M\u00e1quina de las Respuestas","robots":{"index":"index","follow":"follow","max-snippet":"max-snippet:-1","max-image-preview":"max-image-preview:large","max-video-preview":"max-video-preview:-1"},"canonical":"https:\/\/www.laertes.es\/ca\/llibre\/la-maquina-de-las-respuestas\/","og_locale":"ca_ES","og_type":"article","og_title":"La M\u00e1quina de las Respuestas | Laertes ediciones","og_description":"Se ha construido una m\u00e1quina capaz de responder cualquier pregunta. Y lo hace como los mejores expertos humanos. | La M\u00e1quina de las Respuestas","og_url":"https:\/\/www.laertes.es\/ca\/llibre\/la-maquina-de-las-respuestas\/","og_site_name":"Laertes ediciones","og_image":[{"width":802,"height":1200,"url":"https:\/\/www.laertes.es\/wp-content\/uploads\/2025\/05\/LOG021.webp","type":"image\/webp"}],"twitter_misc":{"Temps estimat de lectura":"3 minuts"},"schema":{"@context":"https:\/\/schema.org","@graph":[{"@type":"WebPage","@id":"https:\/\/www.laertes.es\/ca\/llibre\/la-maquina-de-las-respuestas\/","url":"https:\/\/www.laertes.es\/ca\/llibre\/la-maquina-de-las-respuestas\/","name":"La M\u00e1quina de las Respuestas | Laertes ediciones","isPartOf":{"@id":"https:\/\/www.laertes.es\/ca\/#website"},"primaryImageOfPage":{"@id":"https:\/\/www.laertes.es\/ca\/llibre\/la-maquina-de-las-respuestas\/#primaryimage"},"image":{"@id":"https:\/\/www.laertes.es\/ca\/llibre\/la-maquina-de-las-respuestas\/#primaryimage"},"thumbnailUrl":"https:\/\/www.laertes.es\/wp-content\/uploads\/2025\/05\/LOG021.webp","datePublished":"2025-05-27T08:31:16+00:00","description":"Se ha construido una m\u00e1quina capaz de responder cualquier pregunta. Y lo hace como los mejores expertos humanos. | La M\u00e1quina de las Respuestas","breadcrumb":{"@id":"https:\/\/www.laertes.es\/ca\/llibre\/la-maquina-de-las-respuestas\/#breadcrumb"},"inLanguage":"ca","potentialAction":[{"@type":"ReadAction","target":["https:\/\/www.laertes.es\/ca\/llibre\/la-maquina-de-las-respuestas\/"]}]},{"@type":"ImageObject","inLanguage":"ca","@id":"https:\/\/www.laertes.es\/ca\/llibre\/la-maquina-de-las-respuestas\/#primaryimage","url":"https:\/\/www.laertes.es\/wp-content\/uploads\/2025\/05\/LOG021.webp","contentUrl":"https:\/\/www.laertes.es\/wp-content\/uploads\/2025\/05\/LOG021.webp","width":802,"height":1200,"caption":"La M\u00e1quina de las Respuestas"},{"@type":"BreadcrumbList","@id":"https:\/\/www.laertes.es\/ca\/llibre\/la-maquina-de-las-respuestas\/#breadcrumb","itemListElement":[{"@type":"ListItem","position":1,"name":"Portada","item":"https:\/\/www.laertes.es\/ca\/"},{"@type":"ListItem","position":2,"name":"Tienda","item":"https:\/\/www.laertes.es\/tienda\/"},{"@type":"ListItem","position":3,"name":"La M\u00e1quina de las Respuestas"}]},{"@type":"WebSite","@id":"https:\/\/www.laertes.es\/ca\/#website","url":"https:\/\/www.laertes.es\/ca\/","name":"Laertes Ediciones","description":"Editorial independiente desde 1975","alternateName":"Laertes","potentialAction":[{"@type":"SearchAction","target":{"@type":"EntryPoint","urlTemplate":"https:\/\/www.laertes.es\/ca\/?s={search_term_string}"},"query-input":{"@type":"PropertyValueSpecification","valueRequired":true,"valueName":"search_term_string"}}],"inLanguage":"ca"}]}},"_links":{"self":[{"href":"https:\/\/www.laertes.es\/ca\/wp-json\/wp\/v2\/product\/15619","targetHints":{"allow":["GET"]}}],"collection":[{"href":"https:\/\/www.laertes.es\/ca\/wp-json\/wp\/v2\/product"}],"about":[{"href":"https:\/\/www.laertes.es\/ca\/wp-json\/wp\/v2\/types\/product"}],"version-history":[{"count":0,"href":"https:\/\/www.laertes.es\/ca\/wp-json\/wp\/v2\/product\/15619\/revisions"}],"wp:featuredmedia":[{"embeddable":true,"href":"https:\/\/www.laertes.es\/ca\/wp-json\/wp\/v2\/media\/15617"}],"wp:attachment":[{"href":"https:\/\/www.laertes.es\/ca\/wp-json\/wp\/v2\/media?parent=15619"}],"wp:term":[{"taxonomy":"product_brand","embeddable":true,"href":"https:\/\/www.laertes.es\/ca\/wp-json\/wp\/v2\/product_brand?post=15619"},{"taxonomy":"product_cat","embeddable":true,"href":"https:\/\/www.laertes.es\/ca\/wp-json\/wp\/v2\/product_cat?post=15619"},{"taxonomy":"product_tag","embeddable":true,"href":"https:\/\/www.laertes.es\/ca\/wp-json\/wp\/v2\/product_tag?post=15619"},{"taxonomy":"autores","embeddable":true,"href":"https:\/\/www.laertes.es\/ca\/wp-json\/wp\/v2\/autores?post=15619"},{"taxonomy":"formatos","embeddable":true,"href":"https:\/\/www.laertes.es\/ca\/wp-json\/wp\/v2\/formatos?post=15619"},{"taxonomy":"materias","embeddable":true,"href":"https:\/\/www.laertes.es\/ca\/wp-json\/wp\/v2\/materias?post=15619"}],"curies":[{"name":"wp","href":"https:\/\/api.w.org\/{rel}","templated":true}]}}