{"id":15609,"date":"2025-05-09T11:50:35","date_gmt":"2025-05-09T11:50:35","guid":{"rendered":"https:\/\/laertes.es\/libro\/pierre-louys-en-la-mansion-playboy\/"},"modified":"2025-05-09T11:50:35","modified_gmt":"2025-05-09T11:50:35","slug":"pierre-louys-en-la-mansion-playboy","status":"publish","type":"product","link":"https:\/\/www.laertes.es\/ca\/llibre\/pierre-louys-en-la-mansion-playboy\/","title":{"rendered":"Pierre Lou\u00ffs en la mansi\u00f3n Playboy"},"content":{"rendered":"<p>Pierre Lou\u00ffs en la mansi\u00f3n Playboy Ante el estupor de Hugh Hefner, fundador del imperio Playboy, y el j\u00fabilo de sus Conejitas, Pierre Lou\u00ffs, uno de los m\u00e1s grandes autores de literatura er\u00f3tica de todos los tiempos, y el rey del porno Larry Flynt acompa\u00f1ado por las Hustler Honeys aparecen en la mansi\u00f3n Playboy.<br \/>\nAs\u00ed arranca esta nouvelle a contracorriente, surrealista y delirantemente divertida en la que, en apenas cien p\u00e1ginas, sucede lo inimaginable. Como apunta Jos\u00e9 Luis Mu\u00f1oz en el pr\u00f3logo \u201ccabe pensar si este autor desinhibido, de imaginaci\u00f3n er\u00f3tica desbordante, no ser\u00e1 \u00e9l mismo la reencarnaci\u00f3n de Lou\u00ffs, Apollinaire o Bataille, o todos juntos.\u201d<br \/>\n\u00abEl trabajo de Roca siempre me ha resultado de lo m\u00e1s estimulante porque aborda el m\u00e1s que trillado universo del sexo desde una \u00f3ptica verdaderamente innovadora.\u00bb <strong>Sergi Puertas<\/strong><br \/>\n\u00abLos textos pornogr\u00e1ficos de Roca tienen un calibre literario que ni de co\u00f1a se entregan a los circunloquios y nos brindan un placer b\u00edfido, est\u00e9tico y carnal.\u00bb <strong>Rub\u00e9n Lard\u00edn<\/strong><br \/>\n\u00abJosep Roca podr\u00eda haber sido contempor\u00e1neo perfectamente de los surrealistas franceses, del Guillaume Apollinaire de\u00a0Las once mil vergas\u00a0o del Georges Bataille de\u00a0Historia del ojo.\u00bb <strong>Jos\u00e9 Luis Mu\u00f1oz<\/strong><br \/>\n\u00abLa voz de Roca es \u00fanica, cargada de intenciones y de registros e infunde humanidad a la rob\u00f3tica pornogr\u00e1fica.\u00bb<strong> Emili Olcina<\/strong><br \/>\n\u00abUn narrador exc\u00e9ntrico en el mejor sentido del t\u00e9rmino.\u00bb <strong>Anna M. Gil<\/strong><br \/>\n\u00abEl humor, agradecida y dif\u00edcil herramienta, aparece constantemente en el discurso desnudo, directo y muy resuelto de Roca construido a base de frases cortas pero inteligentes.\u00bb <strong>Care Santos<\/strong><br \/>\n\u00abRoca ni malgasta su prosa ni se recrea m\u00e1s all\u00e1 de lo imprescindible; una rara avis en el panorama literario.\u00bb <strong>Hern\u00e1n Migoya<\/strong><br \/>\n\u00abUn escritor de raza que domina como pocos la expresi\u00f3n econ\u00f3mica y eficaz.\u00bb <strong>Iv\u00e1n Tubau<\/strong><\/p>\n","protected":false},"excerpt":{"rendered":"<p>Ante el estupor de Hugh Hefner, fundador del imperio Playboy, y el j\u00fabilo de sus Conejitas, Pierre Lou\u00ffs, uno de los m\u00e1s grandes autores de literatura er\u00f3tica de todos los tiempos, y el rey del porno Larry Flynt acompa\u00f1ado por las Hustler Honeys aparecen en la mansi\u00f3n Playboy.<\/p>\n","protected":false},"featured_media":15604,"template":"","meta":[],"product_brand":[],"product_cat":[343],"product_tag":[2041,2042,1457],"autores":[745],"formatos":[355],"materias":[371],"class_list":{"0":"post-15609","1":"product","2":"type-product","3":"status-publish","4":"has-post-thumbnail","6":"product_cat-rey-de-bastos-ca","7":"product_tag-humor-ca","8":"product_tag-pornografia-ca","9":"product_tag-sexo-ca","10":"autores-roca-toran-josep-ca","11":"formatos-llibre","12":"materias-genero-y-sexualidad-ca","14":"first","15":"instock","16":"taxable","17":"shipping-taxable","18":"purchasable","19":"product-type-simple"},"yoast_head":"<!-- This site is optimized with the Yoast SEO plugin v27.3 - https:\/\/yoast.com\/product\/yoast-seo-wordpress\/ -->\n<title>Pierre Lou\u00ffs en la mansi\u00f3n Playboy | Laertes ediciones<\/title>\n<meta name=\"description\" content=\"Pierre Lou\u00ffs en la mansi\u00f3n Playboy. Ante el estupor de Hugh Hefner, Pierre Lou\u00ffs y Larry Flynt aparecen en la mansi\u00f3n Playboy.\" \/>\n<meta name=\"robots\" content=\"index, follow, max-snippet:-1, max-image-preview:large, max-video-preview:-1\" \/>\n<link rel=\"canonical\" href=\"https:\/\/www.laertes.es\/ca\/llibre\/pierre-louys-en-la-mansion-playboy\/\" \/>\n<meta property=\"og:locale\" content=\"ca_ES\" \/>\n<meta property=\"og:type\" content=\"article\" \/>\n<meta property=\"og:title\" content=\"Pierre Lou\u00ffs en la mansi\u00f3n Playboy | Laertes ediciones\" \/>\n<meta property=\"og:description\" content=\"Pierre Lou\u00ffs en la mansi\u00f3n Playboy. Ante el estupor de Hugh Hefner, Pierre Lou\u00ffs y Larry Flynt aparecen en la mansi\u00f3n Playboy.\" \/>\n<meta property=\"og:url\" content=\"https:\/\/www.laertes.es\/ca\/llibre\/pierre-louys-en-la-mansion-playboy\/\" \/>\n<meta property=\"og:site_name\" content=\"Laertes ediciones\" \/>\n<meta property=\"og:image\" content=\"https:\/\/www.laertes.es\/wp-content\/uploads\/2025\/05\/REY051.webp\" \/>\n\t<meta property=\"og:image:width\" content=\"802\" \/>\n\t<meta property=\"og:image:height\" content=\"1200\" \/>\n\t<meta property=\"og:image:type\" content=\"image\/webp\" \/>\n<meta name=\"twitter:label1\" content=\"Temps estimat de lectura\" \/>\n\t<meta name=\"twitter:data1\" content=\"2 minuts\" \/>\n<script type=\"application\/ld+json\" class=\"yoast-schema-graph\">{\"@context\":\"https:\\\/\\\/schema.org\",\"@graph\":[{\"@type\":\"WebPage\",\"@id\":\"https:\\\/\\\/www.laertes.es\\\/ca\\\/llibre\\\/pierre-louys-en-la-mansion-playboy\\\/\",\"url\":\"https:\\\/\\\/www.laertes.es\\\/ca\\\/llibre\\\/pierre-louys-en-la-mansion-playboy\\\/\",\"name\":\"Pierre Lou\u00ffs en la mansi\u00f3n Playboy | Laertes ediciones\",\"isPartOf\":{\"@id\":\"https:\\\/\\\/www.laertes.es\\\/ca\\\/#website\"},\"primaryImageOfPage\":{\"@id\":\"https:\\\/\\\/www.laertes.es\\\/ca\\\/llibre\\\/pierre-louys-en-la-mansion-playboy\\\/#primaryimage\"},\"image\":{\"@id\":\"https:\\\/\\\/www.laertes.es\\\/ca\\\/llibre\\\/pierre-louys-en-la-mansion-playboy\\\/#primaryimage\"},\"thumbnailUrl\":\"https:\\\/\\\/www.laertes.es\\\/wp-content\\\/uploads\\\/2025\\\/05\\\/REY051.webp\",\"datePublished\":\"2025-05-09T11:50:35+00:00\",\"description\":\"Pierre Lou\u00ffs en la mansi\u00f3n Playboy. Ante el estupor de Hugh Hefner, Pierre Lou\u00ffs y Larry Flynt aparecen en la mansi\u00f3n Playboy.\",\"breadcrumb\":{\"@id\":\"https:\\\/\\\/www.laertes.es\\\/ca\\\/llibre\\\/pierre-louys-en-la-mansion-playboy\\\/#breadcrumb\"},\"inLanguage\":\"ca\",\"potentialAction\":[{\"@type\":\"ReadAction\",\"target\":[\"https:\\\/\\\/www.laertes.es\\\/ca\\\/llibre\\\/pierre-louys-en-la-mansion-playboy\\\/\"]}]},{\"@type\":\"ImageObject\",\"inLanguage\":\"ca\",\"@id\":\"https:\\\/\\\/www.laertes.es\\\/ca\\\/llibre\\\/pierre-louys-en-la-mansion-playboy\\\/#primaryimage\",\"url\":\"https:\\\/\\\/www.laertes.es\\\/wp-content\\\/uploads\\\/2025\\\/05\\\/REY051.webp\",\"contentUrl\":\"https:\\\/\\\/www.laertes.es\\\/wp-content\\\/uploads\\\/2025\\\/05\\\/REY051.webp\",\"width\":802,\"height\":1200,\"caption\":\"Pierre Lou\u00ffs en la mansi\u00f3n Playboy\"},{\"@type\":\"BreadcrumbList\",\"@id\":\"https:\\\/\\\/www.laertes.es\\\/ca\\\/llibre\\\/pierre-louys-en-la-mansion-playboy\\\/#breadcrumb\",\"itemListElement\":[{\"@type\":\"ListItem\",\"position\":1,\"name\":\"Portada\",\"item\":\"https:\\\/\\\/www.laertes.es\\\/ca\\\/\"},{\"@type\":\"ListItem\",\"position\":2,\"name\":\"Tienda\",\"item\":\"https:\\\/\\\/www.laertes.es\\\/tienda\\\/\"},{\"@type\":\"ListItem\",\"position\":3,\"name\":\"Pierre Lou\u00ffs en la mansi\u00f3n Playboy\"}]},{\"@type\":\"WebSite\",\"@id\":\"https:\\\/\\\/www.laertes.es\\\/ca\\\/#website\",\"url\":\"https:\\\/\\\/www.laertes.es\\\/ca\\\/\",\"name\":\"Laertes Ediciones\",\"description\":\"Editorial independiente desde 1975\",\"alternateName\":\"Laertes\",\"potentialAction\":[{\"@type\":\"SearchAction\",\"target\":{\"@type\":\"EntryPoint\",\"urlTemplate\":\"https:\\\/\\\/www.laertes.es\\\/ca\\\/?s={search_term_string}\"},\"query-input\":{\"@type\":\"PropertyValueSpecification\",\"valueRequired\":true,\"valueName\":\"search_term_string\"}}],\"inLanguage\":\"ca\"}]}<\/script>\n<!-- \/ Yoast SEO plugin. -->","yoast_head_json":{"title":"Pierre Lou\u00ffs en la mansi\u00f3n Playboy | Laertes ediciones","description":"Pierre Lou\u00ffs en la mansi\u00f3n Playboy. Ante el estupor de Hugh Hefner, Pierre Lou\u00ffs y Larry Flynt aparecen en la mansi\u00f3n Playboy.","robots":{"index":"index","follow":"follow","max-snippet":"max-snippet:-1","max-image-preview":"max-image-preview:large","max-video-preview":"max-video-preview:-1"},"canonical":"https:\/\/www.laertes.es\/ca\/llibre\/pierre-louys-en-la-mansion-playboy\/","og_locale":"ca_ES","og_type":"article","og_title":"Pierre Lou\u00ffs en la mansi\u00f3n Playboy | Laertes ediciones","og_description":"Pierre Lou\u00ffs en la mansi\u00f3n Playboy. Ante el estupor de Hugh Hefner, Pierre Lou\u00ffs y Larry Flynt aparecen en la mansi\u00f3n Playboy.","og_url":"https:\/\/www.laertes.es\/ca\/llibre\/pierre-louys-en-la-mansion-playboy\/","og_site_name":"Laertes ediciones","og_image":[{"width":802,"height":1200,"url":"https:\/\/www.laertes.es\/wp-content\/uploads\/2025\/05\/REY051.webp","type":"image\/webp"}],"twitter_misc":{"Temps estimat de lectura":"2 minuts"},"schema":{"@context":"https:\/\/schema.org","@graph":[{"@type":"WebPage","@id":"https:\/\/www.laertes.es\/ca\/llibre\/pierre-louys-en-la-mansion-playboy\/","url":"https:\/\/www.laertes.es\/ca\/llibre\/pierre-louys-en-la-mansion-playboy\/","name":"Pierre Lou\u00ffs en la mansi\u00f3n Playboy | Laertes ediciones","isPartOf":{"@id":"https:\/\/www.laertes.es\/ca\/#website"},"primaryImageOfPage":{"@id":"https:\/\/www.laertes.es\/ca\/llibre\/pierre-louys-en-la-mansion-playboy\/#primaryimage"},"image":{"@id":"https:\/\/www.laertes.es\/ca\/llibre\/pierre-louys-en-la-mansion-playboy\/#primaryimage"},"thumbnailUrl":"https:\/\/www.laertes.es\/wp-content\/uploads\/2025\/05\/REY051.webp","datePublished":"2025-05-09T11:50:35+00:00","description":"Pierre Lou\u00ffs en la mansi\u00f3n Playboy. Ante el estupor de Hugh Hefner, Pierre Lou\u00ffs y Larry Flynt aparecen en la mansi\u00f3n Playboy.","breadcrumb":{"@id":"https:\/\/www.laertes.es\/ca\/llibre\/pierre-louys-en-la-mansion-playboy\/#breadcrumb"},"inLanguage":"ca","potentialAction":[{"@type":"ReadAction","target":["https:\/\/www.laertes.es\/ca\/llibre\/pierre-louys-en-la-mansion-playboy\/"]}]},{"@type":"ImageObject","inLanguage":"ca","@id":"https:\/\/www.laertes.es\/ca\/llibre\/pierre-louys-en-la-mansion-playboy\/#primaryimage","url":"https:\/\/www.laertes.es\/wp-content\/uploads\/2025\/05\/REY051.webp","contentUrl":"https:\/\/www.laertes.es\/wp-content\/uploads\/2025\/05\/REY051.webp","width":802,"height":1200,"caption":"Pierre Lou\u00ffs en la mansi\u00f3n Playboy"},{"@type":"BreadcrumbList","@id":"https:\/\/www.laertes.es\/ca\/llibre\/pierre-louys-en-la-mansion-playboy\/#breadcrumb","itemListElement":[{"@type":"ListItem","position":1,"name":"Portada","item":"https:\/\/www.laertes.es\/ca\/"},{"@type":"ListItem","position":2,"name":"Tienda","item":"https:\/\/www.laertes.es\/tienda\/"},{"@type":"ListItem","position":3,"name":"Pierre Lou\u00ffs en la mansi\u00f3n Playboy"}]},{"@type":"WebSite","@id":"https:\/\/www.laertes.es\/ca\/#website","url":"https:\/\/www.laertes.es\/ca\/","name":"Laertes Ediciones","description":"Editorial independiente desde 1975","alternateName":"Laertes","potentialAction":[{"@type":"SearchAction","target":{"@type":"EntryPoint","urlTemplate":"https:\/\/www.laertes.es\/ca\/?s={search_term_string}"},"query-input":{"@type":"PropertyValueSpecification","valueRequired":true,"valueName":"search_term_string"}}],"inLanguage":"ca"}]}},"_links":{"self":[{"href":"https:\/\/www.laertes.es\/ca\/wp-json\/wp\/v2\/product\/15609","targetHints":{"allow":["GET"]}}],"collection":[{"href":"https:\/\/www.laertes.es\/ca\/wp-json\/wp\/v2\/product"}],"about":[{"href":"https:\/\/www.laertes.es\/ca\/wp-json\/wp\/v2\/types\/product"}],"version-history":[{"count":0,"href":"https:\/\/www.laertes.es\/ca\/wp-json\/wp\/v2\/product\/15609\/revisions"}],"wp:featuredmedia":[{"embeddable":true,"href":"https:\/\/www.laertes.es\/ca\/wp-json\/wp\/v2\/media\/15604"}],"wp:attachment":[{"href":"https:\/\/www.laertes.es\/ca\/wp-json\/wp\/v2\/media?parent=15609"}],"wp:term":[{"taxonomy":"product_brand","embeddable":true,"href":"https:\/\/www.laertes.es\/ca\/wp-json\/wp\/v2\/product_brand?post=15609"},{"taxonomy":"product_cat","embeddable":true,"href":"https:\/\/www.laertes.es\/ca\/wp-json\/wp\/v2\/product_cat?post=15609"},{"taxonomy":"product_tag","embeddable":true,"href":"https:\/\/www.laertes.es\/ca\/wp-json\/wp\/v2\/product_tag?post=15609"},{"taxonomy":"autores","embeddable":true,"href":"https:\/\/www.laertes.es\/ca\/wp-json\/wp\/v2\/autores?post=15609"},{"taxonomy":"formatos","embeddable":true,"href":"https:\/\/www.laertes.es\/ca\/wp-json\/wp\/v2\/formatos?post=15609"},{"taxonomy":"materias","embeddable":true,"href":"https:\/\/www.laertes.es\/ca\/wp-json\/wp\/v2\/materias?post=15609"}],"curies":[{"name":"wp","href":"https:\/\/api.w.org\/{rel}","templated":true}]}}