{"id":15594,"date":"2025-05-09T11:37:48","date_gmt":"2025-05-09T11:37:48","guid":{"rendered":"https:\/\/laertes.es\/?post_type=product&#038;p=15594"},"modified":"2025-05-09T11:37:48","modified_gmt":"2025-05-09T11:37:48","slug":"la-columna-ortiz","status":"publish","type":"product","link":"https:\/\/www.laertes.es\/ca\/llibre\/la-columna-ortiz\/","title":{"rendered":"La Columna Ortiz"},"content":{"rendered":"<p>La Columna Ortiz fue una de las diversas columnas confederales que partieron de Barcelona, hacia el frente de Arag\u00f3n, tras la victoria sobre los militares sublevados el 20 de julio de 1936. Su jefe era el conocido revolucionario anarquista Antonio Ortiz Ram\u00edrez, amigo de Durruti y Juan Garc\u00eda Oliver. La columna aglutin\u00f3 otras columnas menores (Carod\/Ferrer, Hilario\/Zamora, Aguiluchos de Les Corts, etc&#8230;) y se despleg\u00f3 al sur del Ebro con intenci\u00f3n de avanzar hacia Zaragoza. De ah\u00ed que, en origen, se llamara Columna Sur-Ebro.<br \/>\nLa Columna Ortiz foment\u00f3 las colectivizaciones en el bajo Arag\u00f3n y represent\u00f3 un fuerte pilar del Consejo Regional de Defensa de Arag\u00f3n. Con la militarizaci\u00f3n la columna pas\u00f3 a llamarse 25 Divisi\u00f3n. En agosto de 1937 particip\u00f3 en la batalla de Belchite, momento en que Ortiz fue sustituido, por presi\u00f3n de los comunistas, por otro libertario menos problem\u00e1tico llamado Miguel Garc\u00eda Vivancos. En marzo de 1937 era la divisi\u00f3n libertaria m\u00e1s numerosa que operaba en el frente de Arag\u00f3n, llegando a encuadrar m\u00e1s de 8.000 hombres.<\/p>\n<p>La Columna Ortiz fue una de las diversas columnas confederales que partieron de Barcelona, hacia el frente de Arag\u00f3n, tras la victoria sobre los militares sublevados el 20 de julio de 1936. Su jefe era el conocido revolucionario anarquista Antonio Ortiz Ram\u00edrez, amigo de Durruti y Juan Garc\u00eda Oliver. La columna aglutin\u00f3 otras columnas menores (Carod\/Ferrer, Hilario\/Zamora, Aguiluchos de Les Corts, etc&#8230;) y se despleg\u00f3 al sur del Ebro con intenci\u00f3n de avanzar hacia Zaragoza. De ah\u00ed que, en origen, se llamara Columna Sur-Ebro.<br \/>\nLa Columna Ortiz foment\u00f3 las colectivizaciones en el bajo Arag\u00f3n y represent\u00f3 un fuerte pilar del Consejo Regional de Defensa de Arag\u00f3n. Con la militarizaci\u00f3n la columna pas\u00f3 a llamarse 25 Divisi\u00f3n. En agosto de 1937 particip\u00f3 en la batalla de Belchite, momento en que Ortiz fue sustituido, por presi\u00f3n de los comunistas, por otro libertario menos problem\u00e1tico llamado Miguel Garc\u00eda Vivancos. En marzo de 1937 era la divisi\u00f3n libertaria m\u00e1s numerosa que operaba en el frente de Arag\u00f3n, llegando a encuadrar m\u00e1s de 8.000 hombres.<\/p>\n","protected":false},"excerpt":{"rendered":"<p>La Columna Ortiz fue una de las diversas columnas confederales que partieron de Barcelona, hacia el frente de Arag\u00f3n, tras la victoria sobre los militares sublevados el 20 de julio de 1936. Su jefe era el conocido revolucionario anarquista Antonio Ortiz Ram\u00edrez, amigo de Durruti y Juan Garc\u00eda Oliver. La columna aglutin\u00f3 otras columnas menores (Carod\/Ferrer, Hilario\/Zamora, Aguiluchos de Les Corts, etc&#8230;) y se despleg\u00f3 al sur del Ebro con intenci\u00f3n de avanzar hacia Zaragoza. De ah\u00ed que, en origen, se llamara Columna Sur-Ebro.<br \/>\nLa Columna Ortiz foment\u00f3 las colectivizaciones en el bajo Arag\u00f3n y represent\u00f3 un fuerte pilar del Consejo Regional de Defensa de Arag\u00f3n. Con la militarizaci\u00f3n la columna pas\u00f3 a llamarse 25 Divisi\u00f3n. En agosto de 1937 particip\u00f3 en la batalla de Belchite, momento en que Ortiz fue sustituido, por presi\u00f3n de los comunistas, por otro libertario menos problem\u00e1tico llamado Miguel Garc\u00eda Vivancos. En marzo de 1937 era la divisi\u00f3n libertaria m\u00e1s numerosa que operaba en el frente de Arag\u00f3n, llegando a encuadrar m\u00e1s de 8.000 hombres.<\/p>\n","protected":false},"featured_media":15595,"template":"","meta":[],"product_brand":[],"product_cat":[334],"product_tag":[2037,1248,771],"autores":[649],"formatos":[355],"materias":[372,373],"class_list":{"0":"post-15594","1":"product","2":"type-product","3":"status-publish","4":"has-post-thumbnail","6":"product_cat-laertes-ca","7":"product_tag-durruti","8":"product_tag-guerra-civil-espanola-ca","9":"product_tag-historia-ca","10":"autores-romero-garcia-eladi-ca","11":"formatos-llibre","12":"materias-historia-ca","13":"materias-historia-contemporanea-ca","15":"first","16":"instock","17":"taxable","18":"shipping-taxable","19":"purchasable","20":"product-type-simple"},"yoast_head":"<!-- This site is optimized with the Yoast SEO plugin v27.3 - https:\/\/yoast.com\/product\/yoast-seo-wordpress\/ -->\n<title>La Columna Ortiz | Laertes ediciones<\/title>\n<meta name=\"description\" content=\"La Columna Ortiz fue una de las diversas columnas confederales que partieron de Barcelona hacia el frente de Arag\u00f3n | La Columna Ortiz\" \/>\n<meta name=\"robots\" content=\"index, follow, max-snippet:-1, max-image-preview:large, max-video-preview:-1\" \/>\n<link rel=\"canonical\" href=\"https:\/\/www.laertes.es\/ca\/llibre\/la-columna-ortiz\/\" \/>\n<meta property=\"og:locale\" content=\"ca_ES\" \/>\n<meta property=\"og:type\" content=\"article\" \/>\n<meta property=\"og:title\" content=\"La Columna Ortiz | Laertes ediciones\" \/>\n<meta property=\"og:description\" content=\"La Columna Ortiz fue una de las diversas columnas confederales que partieron de Barcelona hacia el frente de Arag\u00f3n | La Columna Ortiz\" \/>\n<meta property=\"og:url\" content=\"https:\/\/www.laertes.es\/ca\/llibre\/la-columna-ortiz\/\" \/>\n<meta property=\"og:site_name\" content=\"Laertes ediciones\" \/>\n<meta property=\"og:image\" content=\"https:\/\/www.laertes.es\/wp-content\/uploads\/2025\/05\/LAE139.webp\" \/>\n\t<meta property=\"og:image:width\" content=\"802\" \/>\n\t<meta property=\"og:image:height\" content=\"1200\" \/>\n\t<meta property=\"og:image:type\" content=\"image\/webp\" \/>\n<meta name=\"twitter:label1\" content=\"Temps estimat de lectura\" \/>\n\t<meta name=\"twitter:data1\" content=\"2 minuts\" \/>\n<script type=\"application\/ld+json\" class=\"yoast-schema-graph\">{\"@context\":\"https:\\\/\\\/schema.org\",\"@graph\":[{\"@type\":\"WebPage\",\"@id\":\"https:\\\/\\\/www.laertes.es\\\/ca\\\/llibre\\\/la-columna-ortiz\\\/\",\"url\":\"https:\\\/\\\/www.laertes.es\\\/ca\\\/llibre\\\/la-columna-ortiz\\\/\",\"name\":\"La Columna Ortiz | Laertes ediciones\",\"isPartOf\":{\"@id\":\"https:\\\/\\\/www.laertes.es\\\/ca\\\/#website\"},\"primaryImageOfPage\":{\"@id\":\"https:\\\/\\\/www.laertes.es\\\/ca\\\/llibre\\\/la-columna-ortiz\\\/#primaryimage\"},\"image\":{\"@id\":\"https:\\\/\\\/www.laertes.es\\\/ca\\\/llibre\\\/la-columna-ortiz\\\/#primaryimage\"},\"thumbnailUrl\":\"https:\\\/\\\/www.laertes.es\\\/wp-content\\\/uploads\\\/2025\\\/05\\\/LAE139.webp\",\"datePublished\":\"2025-05-09T11:37:48+00:00\",\"description\":\"La Columna Ortiz fue una de las diversas columnas confederales que partieron de Barcelona hacia el frente de Arag\u00f3n | La Columna Ortiz\",\"breadcrumb\":{\"@id\":\"https:\\\/\\\/www.laertes.es\\\/ca\\\/llibre\\\/la-columna-ortiz\\\/#breadcrumb\"},\"inLanguage\":\"ca\",\"potentialAction\":[{\"@type\":\"ReadAction\",\"target\":[\"https:\\\/\\\/www.laertes.es\\\/ca\\\/llibre\\\/la-columna-ortiz\\\/\"]}]},{\"@type\":\"ImageObject\",\"inLanguage\":\"ca\",\"@id\":\"https:\\\/\\\/www.laertes.es\\\/ca\\\/llibre\\\/la-columna-ortiz\\\/#primaryimage\",\"url\":\"https:\\\/\\\/www.laertes.es\\\/wp-content\\\/uploads\\\/2025\\\/05\\\/LAE139.webp\",\"contentUrl\":\"https:\\\/\\\/www.laertes.es\\\/wp-content\\\/uploads\\\/2025\\\/05\\\/LAE139.webp\",\"width\":802,\"height\":1200,\"caption\":\"La Columna Ortiz\"},{\"@type\":\"BreadcrumbList\",\"@id\":\"https:\\\/\\\/www.laertes.es\\\/ca\\\/llibre\\\/la-columna-ortiz\\\/#breadcrumb\",\"itemListElement\":[{\"@type\":\"ListItem\",\"position\":1,\"name\":\"Portada\",\"item\":\"https:\\\/\\\/www.laertes.es\\\/ca\\\/\"},{\"@type\":\"ListItem\",\"position\":2,\"name\":\"Tienda\",\"item\":\"https:\\\/\\\/www.laertes.es\\\/tienda\\\/\"},{\"@type\":\"ListItem\",\"position\":3,\"name\":\"La Columna Ortiz\"}]},{\"@type\":\"WebSite\",\"@id\":\"https:\\\/\\\/www.laertes.es\\\/ca\\\/#website\",\"url\":\"https:\\\/\\\/www.laertes.es\\\/ca\\\/\",\"name\":\"Laertes Ediciones\",\"description\":\"Editorial independiente desde 1975\",\"alternateName\":\"Laertes\",\"potentialAction\":[{\"@type\":\"SearchAction\",\"target\":{\"@type\":\"EntryPoint\",\"urlTemplate\":\"https:\\\/\\\/www.laertes.es\\\/ca\\\/?s={search_term_string}\"},\"query-input\":{\"@type\":\"PropertyValueSpecification\",\"valueRequired\":true,\"valueName\":\"search_term_string\"}}],\"inLanguage\":\"ca\"}]}<\/script>\n<!-- \/ Yoast SEO plugin. -->","yoast_head_json":{"title":"La Columna Ortiz | Laertes ediciones","description":"La Columna Ortiz fue una de las diversas columnas confederales que partieron de Barcelona hacia el frente de Arag\u00f3n | La Columna Ortiz","robots":{"index":"index","follow":"follow","max-snippet":"max-snippet:-1","max-image-preview":"max-image-preview:large","max-video-preview":"max-video-preview:-1"},"canonical":"https:\/\/www.laertes.es\/ca\/llibre\/la-columna-ortiz\/","og_locale":"ca_ES","og_type":"article","og_title":"La Columna Ortiz | Laertes ediciones","og_description":"La Columna Ortiz fue una de las diversas columnas confederales que partieron de Barcelona hacia el frente de Arag\u00f3n | La Columna Ortiz","og_url":"https:\/\/www.laertes.es\/ca\/llibre\/la-columna-ortiz\/","og_site_name":"Laertes ediciones","og_image":[{"width":802,"height":1200,"url":"https:\/\/www.laertes.es\/wp-content\/uploads\/2025\/05\/LAE139.webp","type":"image\/webp"}],"twitter_misc":{"Temps estimat de lectura":"2 minuts"},"schema":{"@context":"https:\/\/schema.org","@graph":[{"@type":"WebPage","@id":"https:\/\/www.laertes.es\/ca\/llibre\/la-columna-ortiz\/","url":"https:\/\/www.laertes.es\/ca\/llibre\/la-columna-ortiz\/","name":"La Columna Ortiz | Laertes ediciones","isPartOf":{"@id":"https:\/\/www.laertes.es\/ca\/#website"},"primaryImageOfPage":{"@id":"https:\/\/www.laertes.es\/ca\/llibre\/la-columna-ortiz\/#primaryimage"},"image":{"@id":"https:\/\/www.laertes.es\/ca\/llibre\/la-columna-ortiz\/#primaryimage"},"thumbnailUrl":"https:\/\/www.laertes.es\/wp-content\/uploads\/2025\/05\/LAE139.webp","datePublished":"2025-05-09T11:37:48+00:00","description":"La Columna Ortiz fue una de las diversas columnas confederales que partieron de Barcelona hacia el frente de Arag\u00f3n | La Columna Ortiz","breadcrumb":{"@id":"https:\/\/www.laertes.es\/ca\/llibre\/la-columna-ortiz\/#breadcrumb"},"inLanguage":"ca","potentialAction":[{"@type":"ReadAction","target":["https:\/\/www.laertes.es\/ca\/llibre\/la-columna-ortiz\/"]}]},{"@type":"ImageObject","inLanguage":"ca","@id":"https:\/\/www.laertes.es\/ca\/llibre\/la-columna-ortiz\/#primaryimage","url":"https:\/\/www.laertes.es\/wp-content\/uploads\/2025\/05\/LAE139.webp","contentUrl":"https:\/\/www.laertes.es\/wp-content\/uploads\/2025\/05\/LAE139.webp","width":802,"height":1200,"caption":"La Columna Ortiz"},{"@type":"BreadcrumbList","@id":"https:\/\/www.laertes.es\/ca\/llibre\/la-columna-ortiz\/#breadcrumb","itemListElement":[{"@type":"ListItem","position":1,"name":"Portada","item":"https:\/\/www.laertes.es\/ca\/"},{"@type":"ListItem","position":2,"name":"Tienda","item":"https:\/\/www.laertes.es\/tienda\/"},{"@type":"ListItem","position":3,"name":"La Columna Ortiz"}]},{"@type":"WebSite","@id":"https:\/\/www.laertes.es\/ca\/#website","url":"https:\/\/www.laertes.es\/ca\/","name":"Laertes Ediciones","description":"Editorial independiente desde 1975","alternateName":"Laertes","potentialAction":[{"@type":"SearchAction","target":{"@type":"EntryPoint","urlTemplate":"https:\/\/www.laertes.es\/ca\/?s={search_term_string}"},"query-input":{"@type":"PropertyValueSpecification","valueRequired":true,"valueName":"search_term_string"}}],"inLanguage":"ca"}]}},"_links":{"self":[{"href":"https:\/\/www.laertes.es\/ca\/wp-json\/wp\/v2\/product\/15594","targetHints":{"allow":["GET"]}}],"collection":[{"href":"https:\/\/www.laertes.es\/ca\/wp-json\/wp\/v2\/product"}],"about":[{"href":"https:\/\/www.laertes.es\/ca\/wp-json\/wp\/v2\/types\/product"}],"version-history":[{"count":1,"href":"https:\/\/www.laertes.es\/ca\/wp-json\/wp\/v2\/product\/15594\/revisions"}],"predecessor-version":[{"id":15597,"href":"https:\/\/www.laertes.es\/ca\/wp-json\/wp\/v2\/product\/15594\/revisions\/15597"}],"wp:featuredmedia":[{"embeddable":true,"href":"https:\/\/www.laertes.es\/ca\/wp-json\/wp\/v2\/media\/15595"}],"wp:attachment":[{"href":"https:\/\/www.laertes.es\/ca\/wp-json\/wp\/v2\/media?parent=15594"}],"wp:term":[{"taxonomy":"product_brand","embeddable":true,"href":"https:\/\/www.laertes.es\/ca\/wp-json\/wp\/v2\/product_brand?post=15594"},{"taxonomy":"product_cat","embeddable":true,"href":"https:\/\/www.laertes.es\/ca\/wp-json\/wp\/v2\/product_cat?post=15594"},{"taxonomy":"product_tag","embeddable":true,"href":"https:\/\/www.laertes.es\/ca\/wp-json\/wp\/v2\/product_tag?post=15594"},{"taxonomy":"autores","embeddable":true,"href":"https:\/\/www.laertes.es\/ca\/wp-json\/wp\/v2\/autores?post=15594"},{"taxonomy":"formatos","embeddable":true,"href":"https:\/\/www.laertes.es\/ca\/wp-json\/wp\/v2\/formatos?post=15594"},{"taxonomy":"materias","embeddable":true,"href":"https:\/\/www.laertes.es\/ca\/wp-json\/wp\/v2\/materias?post=15594"}],"curies":[{"name":"wp","href":"https:\/\/api.w.org\/{rel}","templated":true}]}}