{"id":15520,"date":"2025-01-29T17:20:26","date_gmt":"2025-01-29T17:20:26","guid":{"rendered":"https:\/\/laertes.es\/libro\/franquisme-i-transicio\/"},"modified":"2025-01-29T17:20:26","modified_gmt":"2025-01-29T17:20:26","slug":"franquisme-i-transicio","status":"publish","type":"product","link":"https:\/\/www.laertes.es\/ca\/llibre\/franquisme-i-transicio\/","title":{"rendered":"Franquisme i transici\u00f3"},"content":{"rendered":"<p>Entre l\u2019abril de 1939, fi oficial de la guerra civil, i febrer de 1981, despr\u00e9s del cop d\u2019estat fallit de Tejero, Espanya i Catalunya van viure quatre d\u00e8cades de canvis significatius en \u00e0mbits pol\u00edtic, econ\u00f2mic, social i cultural. Despr\u00e9s de la guerra civil i la vict\u00f2ria dels militars feixistes liderats per Franco, la repressi\u00f3 va ser constant fins a la seva mort.<br \/>\nD\u2019aquesta manera,  en una primera part el llibre se centra en l\u2019aspecte m\u00e9s essencial del franquisme, com \u00e9s el seu car\u00e0cter repressiu: des de la repressi\u00f3 que va portar a terme durant la guerra civil, fins a les darreres condemnes a mort que el r\u00e8gim va dictar poques setmanes abans de la mort de Franco, passant pel paper que va desenvolupar la pres\u00f3 Model de Barcelona i destacant la import\u00e0ncia que van assolir les lleis repressives, des de la guerra civil fins a la vig\u00edlia mateix de la mort de Franco. Un segon apartat es dedica a la institucionalitzaci\u00f3 del r\u00e8gim, en el ben ent\u00e8s de qu\u00e8 l\u2019estat franquista es va anar construint sincopadament, responent sempre a mesura en qu\u00e8 la realitat ho requeria.   L\u2019oposici\u00f3 al franquisme se centra en tres aspectes: en primer lloc, en l\u2019important paper que va desenvolupar el maquis, la guerrilla que es va anar formant a l\u2019estat franc\u00e8s durant la resist\u00e8ncia contra l\u2019ocupaci\u00f3 alemanya; en les lluites que van portar a terme els estudiants, a partir sobretot de la formaci\u00f3 del Sindicat Democr\u00e0tic d\u2019Estudiants de la Universitat de Barcelona; i en el paper que va jugar el Partit Obrer d\u2019Unificaci\u00f3 Marxista, en la immediata postguerra. Finalment, la darrera part del llibre es dedica a la transici\u00f3, sempre naturalment, des d\u2019una perspectiva cr\u00edtica, en el ben ent\u00e8s de qu\u00e8 fent un rep\u00e0s a l\u2019evoluci\u00f3 de tot el per\u00edode  dif\u00edcilment  es pot considerar que es tractin d\u2019uns anys optimistes ni positius. <\/p>\n","protected":false},"excerpt":{"rendered":"<p>Entre l\u2019abril de 1939, fi oficial de la guerra civil, i febrer de 1981, despr\u00e9s del cop d\u2019estat fallit de Tejero, Espanya i Catalunya van viure quatre d\u00e8cades de canvis significatius en \u00e0mbits pol\u00edtic, econ\u00f2mic, social i cultural. Despr\u00e9s de la guerra civil i la vict\u00f2ria dels militars feixistes liderats per Franco, la repressi\u00f3 va ser constant fins a la seva mort.<\/p>\n","protected":false},"featured_media":15432,"template":"","meta":[],"product_brand":[],"product_cat":[336],"product_tag":[],"autores":[773],"formatos":[355],"materias":[372,373],"class_list":{"0":"post-15520","1":"product","2":"type-product","3":"status-publish","4":"has-post-thumbnail","6":"product_cat-laertes-catala-ca","7":"autores-pages-blanch-pelai-ca","8":"formatos-llibre","9":"materias-historia-ca","10":"materias-historia-contemporanea-ca","12":"first","13":"instock","14":"taxable","15":"shipping-taxable","16":"purchasable","17":"product-type-simple"},"yoast_head":"<!-- This site is optimized with the Yoast SEO plugin v27.4 - https:\/\/yoast.com\/product\/yoast-seo-wordpress\/ -->\n<title>Franquisme i transici\u00f3 | Laertes ediciones<\/title>\n<meta name=\"description\" content=\"Entre l\u2019abril de 1939 i febrer de 1981, Espanya i Catalunya van viure quatre d\u00e8cades de canvis significatius en \u00e0mbits pol\u00edtic, econ\u00f2mic, social i cultural.\" \/>\n<meta name=\"robots\" content=\"index, follow, max-snippet:-1, max-image-preview:large, max-video-preview:-1\" \/>\n<link rel=\"canonical\" href=\"https:\/\/www.laertes.es\/ca\/llibre\/franquisme-i-transicio\/\" \/>\n<meta property=\"og:locale\" content=\"ca_ES\" \/>\n<meta property=\"og:type\" content=\"article\" \/>\n<meta property=\"og:title\" content=\"Franquisme i transici\u00f3 | Laertes ediciones\" \/>\n<meta property=\"og:description\" content=\"Entre l\u2019abril de 1939 i febrer de 1981, Espanya i Catalunya van viure quatre d\u00e8cades de canvis significatius en \u00e0mbits pol\u00edtic, econ\u00f2mic, social i cultural.\" \/>\n<meta property=\"og:url\" content=\"https:\/\/www.laertes.es\/ca\/llibre\/franquisme-i-transicio\/\" \/>\n<meta property=\"og:site_name\" content=\"Laertes ediciones\" \/>\n<meta property=\"og:image\" content=\"https:\/\/www.laertes.es\/wp-content\/uploads\/2025\/01\/LAC045.webp\" \/>\n\t<meta property=\"og:image:width\" content=\"802\" \/>\n\t<meta property=\"og:image:height\" content=\"1200\" \/>\n\t<meta property=\"og:image:type\" content=\"image\/webp\" \/>\n<meta name=\"twitter:label1\" content=\"Temps estimat de lectura\" \/>\n\t<meta name=\"twitter:data1\" content=\"1 minut\" \/>\n<script type=\"application\/ld+json\" class=\"yoast-schema-graph\">{\"@context\":\"https:\\\/\\\/schema.org\",\"@graph\":[{\"@type\":\"WebPage\",\"@id\":\"https:\\\/\\\/www.laertes.es\\\/ca\\\/llibre\\\/franquisme-i-transicio\\\/\",\"url\":\"https:\\\/\\\/www.laertes.es\\\/ca\\\/llibre\\\/franquisme-i-transicio\\\/\",\"name\":\"Franquisme i transici\u00f3 | Laertes ediciones\",\"isPartOf\":{\"@id\":\"https:\\\/\\\/www.laertes.es\\\/ca\\\/#website\"},\"primaryImageOfPage\":{\"@id\":\"https:\\\/\\\/www.laertes.es\\\/ca\\\/llibre\\\/franquisme-i-transicio\\\/#primaryimage\"},\"image\":{\"@id\":\"https:\\\/\\\/www.laertes.es\\\/ca\\\/llibre\\\/franquisme-i-transicio\\\/#primaryimage\"},\"thumbnailUrl\":\"https:\\\/\\\/www.laertes.es\\\/wp-content\\\/uploads\\\/2025\\\/01\\\/LAC045.webp\",\"datePublished\":\"2025-01-29T17:20:26+00:00\",\"description\":\"Entre l\u2019abril de 1939 i febrer de 1981, Espanya i Catalunya van viure quatre d\u00e8cades de canvis significatius en \u00e0mbits pol\u00edtic, econ\u00f2mic, social i cultural.\",\"breadcrumb\":{\"@id\":\"https:\\\/\\\/www.laertes.es\\\/ca\\\/llibre\\\/franquisme-i-transicio\\\/#breadcrumb\"},\"inLanguage\":\"ca\",\"potentialAction\":[{\"@type\":\"ReadAction\",\"target\":[\"https:\\\/\\\/www.laertes.es\\\/ca\\\/llibre\\\/franquisme-i-transicio\\\/\"]}]},{\"@type\":\"ImageObject\",\"inLanguage\":\"ca\",\"@id\":\"https:\\\/\\\/www.laertes.es\\\/ca\\\/llibre\\\/franquisme-i-transicio\\\/#primaryimage\",\"url\":\"https:\\\/\\\/www.laertes.es\\\/wp-content\\\/uploads\\\/2025\\\/01\\\/LAC045.webp\",\"contentUrl\":\"https:\\\/\\\/www.laertes.es\\\/wp-content\\\/uploads\\\/2025\\\/01\\\/LAC045.webp\",\"width\":802,\"height\":1200,\"caption\":\"Franquisme i transici\u00f3\"},{\"@type\":\"BreadcrumbList\",\"@id\":\"https:\\\/\\\/www.laertes.es\\\/ca\\\/llibre\\\/franquisme-i-transicio\\\/#breadcrumb\",\"itemListElement\":[{\"@type\":\"ListItem\",\"position\":1,\"name\":\"Portada\",\"item\":\"https:\\\/\\\/www.laertes.es\\\/ca\\\/\"},{\"@type\":\"ListItem\",\"position\":2,\"name\":\"Tienda\",\"item\":\"https:\\\/\\\/www.laertes.es\\\/tienda\\\/\"},{\"@type\":\"ListItem\",\"position\":3,\"name\":\"Franquisme i transici\u00f3\"}]},{\"@type\":\"WebSite\",\"@id\":\"https:\\\/\\\/www.laertes.es\\\/ca\\\/#website\",\"url\":\"https:\\\/\\\/www.laertes.es\\\/ca\\\/\",\"name\":\"Laertes Ediciones\",\"description\":\"Editorial independiente desde 1975\",\"alternateName\":\"Laertes\",\"potentialAction\":[{\"@type\":\"SearchAction\",\"target\":{\"@type\":\"EntryPoint\",\"urlTemplate\":\"https:\\\/\\\/www.laertes.es\\\/ca\\\/?s={search_term_string}\"},\"query-input\":{\"@type\":\"PropertyValueSpecification\",\"valueRequired\":true,\"valueName\":\"search_term_string\"}}],\"inLanguage\":\"ca\"}]}<\/script>\n<!-- \/ Yoast SEO plugin. -->","yoast_head_json":{"title":"Franquisme i transici\u00f3 | Laertes ediciones","description":"Entre l\u2019abril de 1939 i febrer de 1981, Espanya i Catalunya van viure quatre d\u00e8cades de canvis significatius en \u00e0mbits pol\u00edtic, econ\u00f2mic, social i cultural.","robots":{"index":"index","follow":"follow","max-snippet":"max-snippet:-1","max-image-preview":"max-image-preview:large","max-video-preview":"max-video-preview:-1"},"canonical":"https:\/\/www.laertes.es\/ca\/llibre\/franquisme-i-transicio\/","og_locale":"ca_ES","og_type":"article","og_title":"Franquisme i transici\u00f3 | Laertes ediciones","og_description":"Entre l\u2019abril de 1939 i febrer de 1981, Espanya i Catalunya van viure quatre d\u00e8cades de canvis significatius en \u00e0mbits pol\u00edtic, econ\u00f2mic, social i cultural.","og_url":"https:\/\/www.laertes.es\/ca\/llibre\/franquisme-i-transicio\/","og_site_name":"Laertes ediciones","og_image":[{"width":802,"height":1200,"url":"https:\/\/www.laertes.es\/wp-content\/uploads\/2025\/01\/LAC045.webp","type":"image\/webp"}],"twitter_misc":{"Temps estimat de lectura":"1 minut"},"schema":{"@context":"https:\/\/schema.org","@graph":[{"@type":"WebPage","@id":"https:\/\/www.laertes.es\/ca\/llibre\/franquisme-i-transicio\/","url":"https:\/\/www.laertes.es\/ca\/llibre\/franquisme-i-transicio\/","name":"Franquisme i transici\u00f3 | Laertes ediciones","isPartOf":{"@id":"https:\/\/www.laertes.es\/ca\/#website"},"primaryImageOfPage":{"@id":"https:\/\/www.laertes.es\/ca\/llibre\/franquisme-i-transicio\/#primaryimage"},"image":{"@id":"https:\/\/www.laertes.es\/ca\/llibre\/franquisme-i-transicio\/#primaryimage"},"thumbnailUrl":"https:\/\/www.laertes.es\/wp-content\/uploads\/2025\/01\/LAC045.webp","datePublished":"2025-01-29T17:20:26+00:00","description":"Entre l\u2019abril de 1939 i febrer de 1981, Espanya i Catalunya van viure quatre d\u00e8cades de canvis significatius en \u00e0mbits pol\u00edtic, econ\u00f2mic, social i cultural.","breadcrumb":{"@id":"https:\/\/www.laertes.es\/ca\/llibre\/franquisme-i-transicio\/#breadcrumb"},"inLanguage":"ca","potentialAction":[{"@type":"ReadAction","target":["https:\/\/www.laertes.es\/ca\/llibre\/franquisme-i-transicio\/"]}]},{"@type":"ImageObject","inLanguage":"ca","@id":"https:\/\/www.laertes.es\/ca\/llibre\/franquisme-i-transicio\/#primaryimage","url":"https:\/\/www.laertes.es\/wp-content\/uploads\/2025\/01\/LAC045.webp","contentUrl":"https:\/\/www.laertes.es\/wp-content\/uploads\/2025\/01\/LAC045.webp","width":802,"height":1200,"caption":"Franquisme i transici\u00f3"},{"@type":"BreadcrumbList","@id":"https:\/\/www.laertes.es\/ca\/llibre\/franquisme-i-transicio\/#breadcrumb","itemListElement":[{"@type":"ListItem","position":1,"name":"Portada","item":"https:\/\/www.laertes.es\/ca\/"},{"@type":"ListItem","position":2,"name":"Tienda","item":"https:\/\/www.laertes.es\/tienda\/"},{"@type":"ListItem","position":3,"name":"Franquisme i transici\u00f3"}]},{"@type":"WebSite","@id":"https:\/\/www.laertes.es\/ca\/#website","url":"https:\/\/www.laertes.es\/ca\/","name":"Laertes Ediciones","description":"Editorial independiente desde 1975","alternateName":"Laertes","potentialAction":[{"@type":"SearchAction","target":{"@type":"EntryPoint","urlTemplate":"https:\/\/www.laertes.es\/ca\/?s={search_term_string}"},"query-input":{"@type":"PropertyValueSpecification","valueRequired":true,"valueName":"search_term_string"}}],"inLanguage":"ca"}]}},"_links":{"self":[{"href":"https:\/\/www.laertes.es\/ca\/wp-json\/wp\/v2\/product\/15520","targetHints":{"allow":["GET"]}}],"collection":[{"href":"https:\/\/www.laertes.es\/ca\/wp-json\/wp\/v2\/product"}],"about":[{"href":"https:\/\/www.laertes.es\/ca\/wp-json\/wp\/v2\/types\/product"}],"version-history":[{"count":0,"href":"https:\/\/www.laertes.es\/ca\/wp-json\/wp\/v2\/product\/15520\/revisions"}],"wp:featuredmedia":[{"embeddable":true,"href":"https:\/\/www.laertes.es\/ca\/wp-json\/wp\/v2\/media\/15432"}],"wp:attachment":[{"href":"https:\/\/www.laertes.es\/ca\/wp-json\/wp\/v2\/media?parent=15520"}],"wp:term":[{"taxonomy":"product_brand","embeddable":true,"href":"https:\/\/www.laertes.es\/ca\/wp-json\/wp\/v2\/product_brand?post=15520"},{"taxonomy":"product_cat","embeddable":true,"href":"https:\/\/www.laertes.es\/ca\/wp-json\/wp\/v2\/product_cat?post=15520"},{"taxonomy":"product_tag","embeddable":true,"href":"https:\/\/www.laertes.es\/ca\/wp-json\/wp\/v2\/product_tag?post=15520"},{"taxonomy":"autores","embeddable":true,"href":"https:\/\/www.laertes.es\/ca\/wp-json\/wp\/v2\/autores?post=15520"},{"taxonomy":"formatos","embeddable":true,"href":"https:\/\/www.laertes.es\/ca\/wp-json\/wp\/v2\/formatos?post=15520"},{"taxonomy":"materias","embeddable":true,"href":"https:\/\/www.laertes.es\/ca\/wp-json\/wp\/v2\/materias?post=15520"}],"curies":[{"name":"wp","href":"https:\/\/api.w.org\/{rel}","templated":true}]}}