{"id":15519,"date":"2024-10-18T04:55:28","date_gmt":"2024-10-18T04:55:28","guid":{"rendered":"https:\/\/laertes.es\/libro\/solomon-kane-2\/"},"modified":"2025-05-07T18:17:16","modified_gmt":"2025-05-07T18:17:16","slug":"solomon-kane","status":"publish","type":"product","link":"https:\/\/www.laertes.es\/ca\/llibre\/solomon-kane\/","title":{"rendered":"Solomon Kane"},"content":{"rendered":"<p>Aquesta antologia reuneix una selecci\u00f3 de relats intensos protagonitzats pel temut exterminador del mal, Solomon Kane. Un purit\u00e0 angl\u00e8s que viatja pels racons m\u00e9s obscurs de l\u2019\u00c0frica i Europa, on les forces sobrenaturals i les criatures de la nit amenacen la vida dels innocents.<br \/>\nAmb un estil narratiu que fusiona l\u2019aventura amb l\u2019horror, aquesta antologia captura l\u2019ess\u00e8ncia dels relats de Howard i presenta un viatge fascinant a trav\u00e9s del terror i la redempci\u00f3, explorant el conflicte etern entre el b\u00e9 i el mal. Un viatge en qu\u00e8 el gallard purit\u00e0 angl\u00e8s haur\u00e0 d\u2019enfrontar-se amb diversos enemics sobrenaturals \u2014des d\u2019espectres i vampirs fins a monstres tancats en estranys mausoleus que ens recorden als que apareixen als Mites de Cthulhu lovecraftians\u2014. Els lectors seran testimonis de la ferocitat del personatge i la profunditat dels seus dilemes morals en un univers on l\u2019espectre de la mort sempre plana.<br \/>\nAquesta antologia \u00e9s perfecta per als amants dels relats de terror cl\u00e0ssic i de les aventures \u00e8piques, i ofereix una mirada apassionant a un dels herois m\u00e9s enigm\u00e0tics de la literatura fant\u00e0stica.<\/p>\n<p>Aquesta antologia reuneix una selecci\u00f3 de relats intensos protagonitzats pel temut exterminador del mal, Solomon Kane. Un purit\u00e0 angl\u00e8s que viatja pels racons m\u00e9s obscurs de l\u2019\u00c0frica i Europa, on les forces sobrenaturals i les criatures de la nit amenacen la vida dels innocents.<br \/>\nAmb un estil narratiu que fusiona l\u2019aventura amb l\u2019horror, aquesta antologia captura l\u2019ess\u00e8ncia dels relats de Howard i presenta un viatge fascinant a trav\u00e9s del terror i la redempci\u00f3, explorant el conflicte etern entre el b\u00e9 i el mal. Un viatge en qu\u00e8 el gallard purit\u00e0 angl\u00e8s haur\u00e0 d\u2019enfrontar-se amb diversos enemics sobrenaturals \u2014des d\u2019espectres i vampirs fins a monstres tancats en estranys mausoleus que ens recorden als que apareixen als Mites de Cthulhu lovecraftians\u2014. Els lectors seran testimonis de la ferocitat del personatge i la profunditat dels seus dilemes morals en un univers on l\u2019espectre de la mort sempre plana.<br \/>\nAquesta antologia \u00e9s perfecta per als amants dels relats de terror cl\u00e0ssic i de les aventures \u00e8piques, i ofereix una mirada apassionant a un dels herois m\u00e9s enigm\u00e0tics de la literatura fant\u00e0stica.<\/p>\n","protected":false},"excerpt":{"rendered":"<p>Aquesta antologia reuneix una selecci\u00f3 de relats intensos protagonitzats pel temut exterminador del mal, Solomon Kane. Un purit\u00e0 angl\u00e8s que<\/p>\n","protected":false},"featured_media":15334,"template":"","meta":[],"product_brand":[],"product_cat":[296],"product_tag":[1960,714,2030,673,2031],"autores":[451],"formatos":[355],"materias":[356,357],"class_list":{"0":"post-15519","1":"product","2":"type-product","3":"status-publish","4":"has-post-thumbnail","6":"product_cat-larca-ca","7":"product_tag-contes-classics-ca","8":"product_tag-lovecraft-ca","9":"product_tag-peruita-ca","10":"product_tag-terror-ca","11":"product_tag-van-helsin-ca","12":"autores-howard-robert-e-ca","13":"formatos-llibre","14":"materias-cuentos-clasicos-de-generos-fantasticos-ca","15":"materias-terror-ca-ca","17":"first","18":"instock","19":"taxable","20":"shipping-taxable","21":"purchasable","22":"product-type-simple"},"yoast_head":"<!-- This site is optimized with the Yoast SEO plugin v27.3 - https:\/\/yoast.com\/product\/yoast-seo-wordpress\/ -->\n<title>Solomon Kane | Laertes ediciones<\/title>\n<meta name=\"description\" content=\"Aquesta antologia \u00e9s perfecta per als amants dels relats de terror cl\u00e0ssic i de les aventures \u00e8piques. Solomon Kane | Laertes ediciones\" \/>\n<meta name=\"robots\" content=\"index, follow, max-snippet:-1, max-image-preview:large, max-video-preview:-1\" \/>\n<link rel=\"canonical\" href=\"https:\/\/www.laertes.es\/ca\/llibre\/solomon-kane\/\" \/>\n<meta property=\"og:locale\" content=\"ca_ES\" \/>\n<meta property=\"og:type\" content=\"article\" \/>\n<meta property=\"og:title\" content=\"Solomon Kane | Laertes ediciones\" \/>\n<meta property=\"og:description\" content=\"Aquesta antologia \u00e9s perfecta per als amants dels relats de terror cl\u00e0ssic i de les aventures \u00e8piques. Solomon Kane | Laertes ediciones\" \/>\n<meta property=\"og:url\" content=\"https:\/\/www.laertes.es\/ca\/llibre\/solomon-kane\/\" \/>\n<meta property=\"og:site_name\" content=\"Laertes ediciones\" \/>\n<meta property=\"article:modified_time\" content=\"2025-05-07T18:17:16+00:00\" \/>\n<meta property=\"og:image\" content=\"https:\/\/www.laertes.es\/wp-content\/uploads\/2024\/10\/ARC123.webp\" \/>\n\t<meta property=\"og:image:width\" content=\"802\" \/>\n\t<meta property=\"og:image:height\" content=\"1200\" \/>\n\t<meta property=\"og:image:type\" content=\"image\/webp\" \/>\n<meta name=\"twitter:label1\" content=\"Temps estimat de lectura\" \/>\n\t<meta name=\"twitter:data1\" content=\"2 minuts\" \/>\n<script type=\"application\/ld+json\" class=\"yoast-schema-graph\">{\"@context\":\"https:\\\/\\\/schema.org\",\"@graph\":[{\"@type\":\"WebPage\",\"@id\":\"https:\\\/\\\/www.laertes.es\\\/ca\\\/llibre\\\/solomon-kane\\\/\",\"url\":\"https:\\\/\\\/www.laertes.es\\\/ca\\\/llibre\\\/solomon-kane\\\/\",\"name\":\"Solomon Kane | Laertes ediciones\",\"isPartOf\":{\"@id\":\"https:\\\/\\\/www.laertes.es\\\/ca\\\/#website\"},\"primaryImageOfPage\":{\"@id\":\"https:\\\/\\\/www.laertes.es\\\/ca\\\/llibre\\\/solomon-kane\\\/#primaryimage\"},\"image\":{\"@id\":\"https:\\\/\\\/www.laertes.es\\\/ca\\\/llibre\\\/solomon-kane\\\/#primaryimage\"},\"thumbnailUrl\":\"https:\\\/\\\/www.laertes.es\\\/wp-content\\\/uploads\\\/2024\\\/10\\\/ARC123.webp\",\"datePublished\":\"2024-10-18T04:55:28+00:00\",\"dateModified\":\"2025-05-07T18:17:16+00:00\",\"description\":\"Aquesta antologia \u00e9s perfecta per als amants dels relats de terror cl\u00e0ssic i de les aventures \u00e8piques. Solomon Kane | Laertes ediciones\",\"breadcrumb\":{\"@id\":\"https:\\\/\\\/www.laertes.es\\\/ca\\\/llibre\\\/solomon-kane\\\/#breadcrumb\"},\"inLanguage\":\"ca\",\"potentialAction\":[{\"@type\":\"ReadAction\",\"target\":[\"https:\\\/\\\/www.laertes.es\\\/ca\\\/llibre\\\/solomon-kane\\\/\"]}]},{\"@type\":\"ImageObject\",\"inLanguage\":\"ca\",\"@id\":\"https:\\\/\\\/www.laertes.es\\\/ca\\\/llibre\\\/solomon-kane\\\/#primaryimage\",\"url\":\"https:\\\/\\\/www.laertes.es\\\/wp-content\\\/uploads\\\/2024\\\/10\\\/ARC123.webp\",\"contentUrl\":\"https:\\\/\\\/www.laertes.es\\\/wp-content\\\/uploads\\\/2024\\\/10\\\/ARC123.webp\",\"width\":802,\"height\":1200,\"caption\":\"Solomon Kane\"},{\"@type\":\"BreadcrumbList\",\"@id\":\"https:\\\/\\\/www.laertes.es\\\/ca\\\/llibre\\\/solomon-kane\\\/#breadcrumb\",\"itemListElement\":[{\"@type\":\"ListItem\",\"position\":1,\"name\":\"Portada\",\"item\":\"https:\\\/\\\/www.laertes.es\\\/ca\\\/\"},{\"@type\":\"ListItem\",\"position\":2,\"name\":\"Tienda\",\"item\":\"https:\\\/\\\/www.laertes.es\\\/tienda\\\/\"},{\"@type\":\"ListItem\",\"position\":3,\"name\":\"Solomon Kane\"}]},{\"@type\":\"WebSite\",\"@id\":\"https:\\\/\\\/www.laertes.es\\\/ca\\\/#website\",\"url\":\"https:\\\/\\\/www.laertes.es\\\/ca\\\/\",\"name\":\"Laertes Ediciones\",\"description\":\"Editorial independiente desde 1975\",\"alternateName\":\"Laertes\",\"potentialAction\":[{\"@type\":\"SearchAction\",\"target\":{\"@type\":\"EntryPoint\",\"urlTemplate\":\"https:\\\/\\\/www.laertes.es\\\/ca\\\/?s={search_term_string}\"},\"query-input\":{\"@type\":\"PropertyValueSpecification\",\"valueRequired\":true,\"valueName\":\"search_term_string\"}}],\"inLanguage\":\"ca\"}]}<\/script>\n<!-- \/ Yoast SEO plugin. -->","yoast_head_json":{"title":"Solomon Kane | Laertes ediciones","description":"Aquesta antologia \u00e9s perfecta per als amants dels relats de terror cl\u00e0ssic i de les aventures \u00e8piques. Solomon Kane | Laertes ediciones","robots":{"index":"index","follow":"follow","max-snippet":"max-snippet:-1","max-image-preview":"max-image-preview:large","max-video-preview":"max-video-preview:-1"},"canonical":"https:\/\/www.laertes.es\/ca\/llibre\/solomon-kane\/","og_locale":"ca_ES","og_type":"article","og_title":"Solomon Kane | Laertes ediciones","og_description":"Aquesta antologia \u00e9s perfecta per als amants dels relats de terror cl\u00e0ssic i de les aventures \u00e8piques. Solomon Kane | Laertes ediciones","og_url":"https:\/\/www.laertes.es\/ca\/llibre\/solomon-kane\/","og_site_name":"Laertes ediciones","article_modified_time":"2025-05-07T18:17:16+00:00","og_image":[{"width":802,"height":1200,"url":"https:\/\/www.laertes.es\/wp-content\/uploads\/2024\/10\/ARC123.webp","type":"image\/webp"}],"twitter_misc":{"Temps estimat de lectura":"2 minuts"},"schema":{"@context":"https:\/\/schema.org","@graph":[{"@type":"WebPage","@id":"https:\/\/www.laertes.es\/ca\/llibre\/solomon-kane\/","url":"https:\/\/www.laertes.es\/ca\/llibre\/solomon-kane\/","name":"Solomon Kane | Laertes ediciones","isPartOf":{"@id":"https:\/\/www.laertes.es\/ca\/#website"},"primaryImageOfPage":{"@id":"https:\/\/www.laertes.es\/ca\/llibre\/solomon-kane\/#primaryimage"},"image":{"@id":"https:\/\/www.laertes.es\/ca\/llibre\/solomon-kane\/#primaryimage"},"thumbnailUrl":"https:\/\/www.laertes.es\/wp-content\/uploads\/2024\/10\/ARC123.webp","datePublished":"2024-10-18T04:55:28+00:00","dateModified":"2025-05-07T18:17:16+00:00","description":"Aquesta antologia \u00e9s perfecta per als amants dels relats de terror cl\u00e0ssic i de les aventures \u00e8piques. Solomon Kane | Laertes ediciones","breadcrumb":{"@id":"https:\/\/www.laertes.es\/ca\/llibre\/solomon-kane\/#breadcrumb"},"inLanguage":"ca","potentialAction":[{"@type":"ReadAction","target":["https:\/\/www.laertes.es\/ca\/llibre\/solomon-kane\/"]}]},{"@type":"ImageObject","inLanguage":"ca","@id":"https:\/\/www.laertes.es\/ca\/llibre\/solomon-kane\/#primaryimage","url":"https:\/\/www.laertes.es\/wp-content\/uploads\/2024\/10\/ARC123.webp","contentUrl":"https:\/\/www.laertes.es\/wp-content\/uploads\/2024\/10\/ARC123.webp","width":802,"height":1200,"caption":"Solomon Kane"},{"@type":"BreadcrumbList","@id":"https:\/\/www.laertes.es\/ca\/llibre\/solomon-kane\/#breadcrumb","itemListElement":[{"@type":"ListItem","position":1,"name":"Portada","item":"https:\/\/www.laertes.es\/ca\/"},{"@type":"ListItem","position":2,"name":"Tienda","item":"https:\/\/www.laertes.es\/tienda\/"},{"@type":"ListItem","position":3,"name":"Solomon Kane"}]},{"@type":"WebSite","@id":"https:\/\/www.laertes.es\/ca\/#website","url":"https:\/\/www.laertes.es\/ca\/","name":"Laertes Ediciones","description":"Editorial independiente desde 1975","alternateName":"Laertes","potentialAction":[{"@type":"SearchAction","target":{"@type":"EntryPoint","urlTemplate":"https:\/\/www.laertes.es\/ca\/?s={search_term_string}"},"query-input":{"@type":"PropertyValueSpecification","valueRequired":true,"valueName":"search_term_string"}}],"inLanguage":"ca"}]}},"_links":{"self":[{"href":"https:\/\/www.laertes.es\/ca\/wp-json\/wp\/v2\/product\/15519","targetHints":{"allow":["GET"]}}],"collection":[{"href":"https:\/\/www.laertes.es\/ca\/wp-json\/wp\/v2\/product"}],"about":[{"href":"https:\/\/www.laertes.es\/ca\/wp-json\/wp\/v2\/types\/product"}],"version-history":[{"count":2,"href":"https:\/\/www.laertes.es\/ca\/wp-json\/wp\/v2\/product\/15519\/revisions"}],"predecessor-version":[{"id":15565,"href":"https:\/\/www.laertes.es\/ca\/wp-json\/wp\/v2\/product\/15519\/revisions\/15565"}],"wp:featuredmedia":[{"embeddable":true,"href":"https:\/\/www.laertes.es\/ca\/wp-json\/wp\/v2\/media\/15334"}],"wp:attachment":[{"href":"https:\/\/www.laertes.es\/ca\/wp-json\/wp\/v2\/media?parent=15519"}],"wp:term":[{"taxonomy":"product_brand","embeddable":true,"href":"https:\/\/www.laertes.es\/ca\/wp-json\/wp\/v2\/product_brand?post=15519"},{"taxonomy":"product_cat","embeddable":true,"href":"https:\/\/www.laertes.es\/ca\/wp-json\/wp\/v2\/product_cat?post=15519"},{"taxonomy":"product_tag","embeddable":true,"href":"https:\/\/www.laertes.es\/ca\/wp-json\/wp\/v2\/product_tag?post=15519"},{"taxonomy":"autores","embeddable":true,"href":"https:\/\/www.laertes.es\/ca\/wp-json\/wp\/v2\/autores?post=15519"},{"taxonomy":"formatos","embeddable":true,"href":"https:\/\/www.laertes.es\/ca\/wp-json\/wp\/v2\/formatos?post=15519"},{"taxonomy":"materias","embeddable":true,"href":"https:\/\/www.laertes.es\/ca\/wp-json\/wp\/v2\/materias?post=15519"}],"curies":[{"name":"wp","href":"https:\/\/api.w.org\/{rel}","templated":true}]}}