{"id":15513,"date":"2025-04-25T11:53:30","date_gmt":"2025-04-25T11:53:30","guid":{"rendered":"https:\/\/laertes.es\/libro\/els-primers-homes-a-la-lluna\/"},"modified":"2025-05-07T18:27:09","modified_gmt":"2025-05-07T18:27:09","slug":"els-primers-homes-a-la-lluna","status":"publish","type":"product","link":"https:\/\/www.laertes.es\/ca\/llibre\/els-primers-homes-a-la-lluna\/","title":{"rendered":"Els primers homes a la Lluna"},"content":{"rendered":"<h1>Els primers homes a la Lluna<\/h1>\n<p>Quan el cient\u00edfic exc\u00e8ntric Cavor descobreix una subst\u00e0ncia revolucion\u00e0ria que desafia la gravetat, no triga a posar en marxa un projecte extraordinari: un viatge a la Lluna. Amb la companyia del pragm\u00e0tic Bedford, els dos homes s\u2019endinsen en un paisatge lunar inh\u00f2spit i fascinant, on descobreixen no nom\u00e9s una biosfera oculta, sin\u00f3 tamb\u00e9 una civilitzaci\u00f3 alien\u00edgena avan\u00e7ada: els misteriosos selenites.<br \/>\nPer\u00f2 aquest encontre amb el desconegut es converteix aviat en un conflicte cultural i \u00e8tic que posa a prova els l\u00edmits del que significa ser hum\u00e0. Publicada el 1901, aquesta obra vision\u00e0ria de H. G. Wells combina ci\u00e8ncia, filosofia i aventura en una narrativa trepidant que continua captivant generacions de lectors. Els primers homes a la Lluna no nom\u00e9s \u00e9s una de les primeres<br \/>\nhist\u00f2ries de viatges espacials, sin\u00f3 tamb\u00e9 una reflexi\u00f3 sorprenentment actual sobre el progr\u00e9s tecnol\u00f2gic i les relacions amb altres formes de vida.<\/p>\n<h3>Els primers homes a la Lluna<\/h3>\n<p>Quan el cient\u00edfic exc\u00e8ntric Cavor descobreix una subst\u00e0ncia revolucion\u00e0ria que desafia la gravetat, no triga a posar en marxa un projecte extraordinari: un viatge a la Lluna. Amb la companyia del pragm\u00e0tic Bedford, els dos homes s\u2019endinsen en un paisatge lunar inh\u00f2spit i fascinant, on descobreixen no nom\u00e9s una biosfera oculta, sin\u00f3 tamb\u00e9 una civilitzaci\u00f3 alien\u00edgena avan\u00e7ada: els misteriosos selenites.<br \/>\nPer\u00f2 aquest encontre amb el desconegut es converteix aviat en un conflicte cultural i \u00e8tic que posa a prova els l\u00edmits del que significa ser hum\u00e0. Publicada el 1901, aquesta obra vision\u00e0ria de H. G. Wells combina ci\u00e8ncia, filosofia i aventura en una narrativa trepidant que continua captivant generacions de lectors. Els primers homes a la Lluna no nom\u00e9s \u00e9s una de les primeres<br \/>\nhist\u00f2ries de viatges espacials, sin\u00f3 tamb\u00e9 una reflexi\u00f3 sorprenentment actual sobre el progr\u00e9s tecnol\u00f2gic i les relacions amb altres formes de vida.<\/p>\n","protected":false},"excerpt":{"rendered":"<p>Quan el cient\u00edfic exc\u00e8ntric Cavor descobreix una subst\u00e0ncia revolucion\u00e0ria que desafia la gravetat, no triga a posar en marxa un projecte extraordinari: un viatge a la Lluna. Amb la companyia del pragm\u00e0tic Bedford, els dos homes s\u2019endinsen en un paisatge lunar inh\u00f2spit i fascinant, on descobreixen no nom\u00e9s una biosfera oculta, sin\u00f3 tamb\u00e9 una civilitzaci\u00f3 alien\u00edgena avan\u00e7ada: els misteriosos selenites.<br \/>\nPer\u00f2 aquest encontre amb el desconegut es converteix aviat en un conflicte cultural i \u00e8tic que posa a prova els l\u00edmits del que significa ser hum\u00e0.<br \/>\nPublicada el 1901, aquesta obra vision\u00e0ria de H. G. Wells combina ci\u00e8ncia, filosofia i aventura en una narrativa trepidant que continua captivant generacions de lectors. <em>Els primers homes a la Lluna<\/em> no nom\u00e9s \u00e9s una de les primeres hist\u00f2ries de viatges espacials, sin\u00f3 tamb\u00e9 una reflexi\u00f3 sorprenentment actual sobre el progr\u00e9s tecnol\u00f2gic i les relacions amb altres formes de vida.<\/p>\n","protected":false},"featured_media":15511,"template":"","meta":[],"product_brand":[],"product_cat":[296],"product_tag":[],"autores":[2029],"formatos":[355],"materias":[356],"class_list":{"0":"post-15513","1":"product","2":"type-product","3":"status-publish","4":"has-post-thumbnail","6":"product_cat-larca-ca","7":"autores-h-g-wells-ca","8":"formatos-llibre","9":"materias-cuentos-clasicos-de-generos-fantasticos-ca","11":"first","12":"instock","13":"taxable","14":"shipping-taxable","15":"purchasable","16":"product-type-simple"},"yoast_head":"<!-- This site is optimized with the Yoast SEO plugin v27.3 - https:\/\/yoast.com\/product\/yoast-seo-wordpress\/ -->\n<title>Els primers homes a la Lluna | Laertes ediciones<\/title>\n<meta name=\"description\" content=\"Els primers homes a la Lluna no nom\u00e9s \u00e9s una de les primereshist\u00f2ries de viatges espacials, sin\u00f3 tamb\u00e9 una reflexi\u00f3 sorprenentment\" \/>\n<meta name=\"robots\" content=\"index, follow, max-snippet:-1, max-image-preview:large, max-video-preview:-1\" \/>\n<link rel=\"canonical\" href=\"https:\/\/www.laertes.es\/ca\/llibre\/els-primers-homes-a-la-lluna\/\" \/>\n<meta property=\"og:locale\" content=\"ca_ES\" \/>\n<meta property=\"og:type\" content=\"article\" \/>\n<meta property=\"og:title\" content=\"Els primers homes a la Lluna | Laertes ediciones\" \/>\n<meta property=\"og:description\" content=\"Els primers homes a la Lluna no nom\u00e9s \u00e9s una de les primereshist\u00f2ries de viatges espacials, sin\u00f3 tamb\u00e9 una reflexi\u00f3 sorprenentment\" \/>\n<meta property=\"og:url\" content=\"https:\/\/www.laertes.es\/ca\/llibre\/els-primers-homes-a-la-lluna\/\" \/>\n<meta property=\"og:site_name\" content=\"Laertes ediciones\" \/>\n<meta property=\"article:modified_time\" content=\"2025-05-07T18:27:09+00:00\" \/>\n<meta property=\"og:image\" content=\"https:\/\/www.laertes.es\/wp-content\/uploads\/2025\/04\/ARC127.webp\" \/>\n\t<meta property=\"og:image:width\" content=\"802\" \/>\n\t<meta property=\"og:image:height\" content=\"1200\" \/>\n\t<meta property=\"og:image:type\" content=\"image\/webp\" \/>\n<meta name=\"twitter:label1\" content=\"Temps estimat de lectura\" \/>\n\t<meta name=\"twitter:data1\" content=\"2 minuts\" \/>\n<script type=\"application\/ld+json\" class=\"yoast-schema-graph\">{\"@context\":\"https:\\\/\\\/schema.org\",\"@graph\":[{\"@type\":\"WebPage\",\"@id\":\"https:\\\/\\\/www.laertes.es\\\/ca\\\/llibre\\\/els-primers-homes-a-la-lluna\\\/\",\"url\":\"https:\\\/\\\/www.laertes.es\\\/ca\\\/llibre\\\/els-primers-homes-a-la-lluna\\\/\",\"name\":\"Els primers homes a la Lluna | Laertes ediciones\",\"isPartOf\":{\"@id\":\"https:\\\/\\\/www.laertes.es\\\/ca\\\/#website\"},\"primaryImageOfPage\":{\"@id\":\"https:\\\/\\\/www.laertes.es\\\/ca\\\/llibre\\\/els-primers-homes-a-la-lluna\\\/#primaryimage\"},\"image\":{\"@id\":\"https:\\\/\\\/www.laertes.es\\\/ca\\\/llibre\\\/els-primers-homes-a-la-lluna\\\/#primaryimage\"},\"thumbnailUrl\":\"https:\\\/\\\/www.laertes.es\\\/wp-content\\\/uploads\\\/2025\\\/04\\\/ARC127.webp\",\"datePublished\":\"2025-04-25T11:53:30+00:00\",\"dateModified\":\"2025-05-07T18:27:09+00:00\",\"description\":\"Els primers homes a la Lluna no nom\u00e9s \u00e9s una de les primereshist\u00f2ries de viatges espacials, sin\u00f3 tamb\u00e9 una reflexi\u00f3 sorprenentment\",\"breadcrumb\":{\"@id\":\"https:\\\/\\\/www.laertes.es\\\/ca\\\/llibre\\\/els-primers-homes-a-la-lluna\\\/#breadcrumb\"},\"inLanguage\":\"ca\",\"potentialAction\":[{\"@type\":\"ReadAction\",\"target\":[\"https:\\\/\\\/www.laertes.es\\\/ca\\\/llibre\\\/els-primers-homes-a-la-lluna\\\/\"]}]},{\"@type\":\"ImageObject\",\"inLanguage\":\"ca\",\"@id\":\"https:\\\/\\\/www.laertes.es\\\/ca\\\/llibre\\\/els-primers-homes-a-la-lluna\\\/#primaryimage\",\"url\":\"https:\\\/\\\/www.laertes.es\\\/wp-content\\\/uploads\\\/2025\\\/04\\\/ARC127.webp\",\"contentUrl\":\"https:\\\/\\\/www.laertes.es\\\/wp-content\\\/uploads\\\/2025\\\/04\\\/ARC127.webp\",\"width\":802,\"height\":1200,\"caption\":\"Els primers homes a la Lluna\"},{\"@type\":\"BreadcrumbList\",\"@id\":\"https:\\\/\\\/www.laertes.es\\\/ca\\\/llibre\\\/els-primers-homes-a-la-lluna\\\/#breadcrumb\",\"itemListElement\":[{\"@type\":\"ListItem\",\"position\":1,\"name\":\"Portada\",\"item\":\"https:\\\/\\\/www.laertes.es\\\/ca\\\/\"},{\"@type\":\"ListItem\",\"position\":2,\"name\":\"Tienda\",\"item\":\"https:\\\/\\\/www.laertes.es\\\/tienda\\\/\"},{\"@type\":\"ListItem\",\"position\":3,\"name\":\"Els primers homes a la Lluna\"}]},{\"@type\":\"WebSite\",\"@id\":\"https:\\\/\\\/www.laertes.es\\\/ca\\\/#website\",\"url\":\"https:\\\/\\\/www.laertes.es\\\/ca\\\/\",\"name\":\"Laertes Ediciones\",\"description\":\"Editorial independiente desde 1975\",\"alternateName\":\"Laertes\",\"potentialAction\":[{\"@type\":\"SearchAction\",\"target\":{\"@type\":\"EntryPoint\",\"urlTemplate\":\"https:\\\/\\\/www.laertes.es\\\/ca\\\/?s={search_term_string}\"},\"query-input\":{\"@type\":\"PropertyValueSpecification\",\"valueRequired\":true,\"valueName\":\"search_term_string\"}}],\"inLanguage\":\"ca\"}]}<\/script>\n<!-- \/ Yoast SEO plugin. -->","yoast_head_json":{"title":"Els primers homes a la Lluna | Laertes ediciones","description":"Els primers homes a la Lluna no nom\u00e9s \u00e9s una de les primereshist\u00f2ries de viatges espacials, sin\u00f3 tamb\u00e9 una reflexi\u00f3 sorprenentment","robots":{"index":"index","follow":"follow","max-snippet":"max-snippet:-1","max-image-preview":"max-image-preview:large","max-video-preview":"max-video-preview:-1"},"canonical":"https:\/\/www.laertes.es\/ca\/llibre\/els-primers-homes-a-la-lluna\/","og_locale":"ca_ES","og_type":"article","og_title":"Els primers homes a la Lluna | Laertes ediciones","og_description":"Els primers homes a la Lluna no nom\u00e9s \u00e9s una de les primereshist\u00f2ries de viatges espacials, sin\u00f3 tamb\u00e9 una reflexi\u00f3 sorprenentment","og_url":"https:\/\/www.laertes.es\/ca\/llibre\/els-primers-homes-a-la-lluna\/","og_site_name":"Laertes ediciones","article_modified_time":"2025-05-07T18:27:09+00:00","og_image":[{"width":802,"height":1200,"url":"https:\/\/www.laertes.es\/wp-content\/uploads\/2025\/04\/ARC127.webp","type":"image\/webp"}],"twitter_misc":{"Temps estimat de lectura":"2 minuts"},"schema":{"@context":"https:\/\/schema.org","@graph":[{"@type":"WebPage","@id":"https:\/\/www.laertes.es\/ca\/llibre\/els-primers-homes-a-la-lluna\/","url":"https:\/\/www.laertes.es\/ca\/llibre\/els-primers-homes-a-la-lluna\/","name":"Els primers homes a la Lluna | Laertes ediciones","isPartOf":{"@id":"https:\/\/www.laertes.es\/ca\/#website"},"primaryImageOfPage":{"@id":"https:\/\/www.laertes.es\/ca\/llibre\/els-primers-homes-a-la-lluna\/#primaryimage"},"image":{"@id":"https:\/\/www.laertes.es\/ca\/llibre\/els-primers-homes-a-la-lluna\/#primaryimage"},"thumbnailUrl":"https:\/\/www.laertes.es\/wp-content\/uploads\/2025\/04\/ARC127.webp","datePublished":"2025-04-25T11:53:30+00:00","dateModified":"2025-05-07T18:27:09+00:00","description":"Els primers homes a la Lluna no nom\u00e9s \u00e9s una de les primereshist\u00f2ries de viatges espacials, sin\u00f3 tamb\u00e9 una reflexi\u00f3 sorprenentment","breadcrumb":{"@id":"https:\/\/www.laertes.es\/ca\/llibre\/els-primers-homes-a-la-lluna\/#breadcrumb"},"inLanguage":"ca","potentialAction":[{"@type":"ReadAction","target":["https:\/\/www.laertes.es\/ca\/llibre\/els-primers-homes-a-la-lluna\/"]}]},{"@type":"ImageObject","inLanguage":"ca","@id":"https:\/\/www.laertes.es\/ca\/llibre\/els-primers-homes-a-la-lluna\/#primaryimage","url":"https:\/\/www.laertes.es\/wp-content\/uploads\/2025\/04\/ARC127.webp","contentUrl":"https:\/\/www.laertes.es\/wp-content\/uploads\/2025\/04\/ARC127.webp","width":802,"height":1200,"caption":"Els primers homes a la Lluna"},{"@type":"BreadcrumbList","@id":"https:\/\/www.laertes.es\/ca\/llibre\/els-primers-homes-a-la-lluna\/#breadcrumb","itemListElement":[{"@type":"ListItem","position":1,"name":"Portada","item":"https:\/\/www.laertes.es\/ca\/"},{"@type":"ListItem","position":2,"name":"Tienda","item":"https:\/\/www.laertes.es\/tienda\/"},{"@type":"ListItem","position":3,"name":"Els primers homes a la Lluna"}]},{"@type":"WebSite","@id":"https:\/\/www.laertes.es\/ca\/#website","url":"https:\/\/www.laertes.es\/ca\/","name":"Laertes Ediciones","description":"Editorial independiente desde 1975","alternateName":"Laertes","potentialAction":[{"@type":"SearchAction","target":{"@type":"EntryPoint","urlTemplate":"https:\/\/www.laertes.es\/ca\/?s={search_term_string}"},"query-input":{"@type":"PropertyValueSpecification","valueRequired":true,"valueName":"search_term_string"}}],"inLanguage":"ca"}]}},"_links":{"self":[{"href":"https:\/\/www.laertes.es\/ca\/wp-json\/wp\/v2\/product\/15513","targetHints":{"allow":["GET"]}}],"collection":[{"href":"https:\/\/www.laertes.es\/ca\/wp-json\/wp\/v2\/product"}],"about":[{"href":"https:\/\/www.laertes.es\/ca\/wp-json\/wp\/v2\/types\/product"}],"version-history":[{"count":3,"href":"https:\/\/www.laertes.es\/ca\/wp-json\/wp\/v2\/product\/15513\/revisions"}],"predecessor-version":[{"id":15556,"href":"https:\/\/www.laertes.es\/ca\/wp-json\/wp\/v2\/product\/15513\/revisions\/15556"}],"wp:featuredmedia":[{"embeddable":true,"href":"https:\/\/www.laertes.es\/ca\/wp-json\/wp\/v2\/media\/15511"}],"wp:attachment":[{"href":"https:\/\/www.laertes.es\/ca\/wp-json\/wp\/v2\/media?parent=15513"}],"wp:term":[{"taxonomy":"product_brand","embeddable":true,"href":"https:\/\/www.laertes.es\/ca\/wp-json\/wp\/v2\/product_brand?post=15513"},{"taxonomy":"product_cat","embeddable":true,"href":"https:\/\/www.laertes.es\/ca\/wp-json\/wp\/v2\/product_cat?post=15513"},{"taxonomy":"product_tag","embeddable":true,"href":"https:\/\/www.laertes.es\/ca\/wp-json\/wp\/v2\/product_tag?post=15513"},{"taxonomy":"autores","embeddable":true,"href":"https:\/\/www.laertes.es\/ca\/wp-json\/wp\/v2\/autores?post=15513"},{"taxonomy":"formatos","embeddable":true,"href":"https:\/\/www.laertes.es\/ca\/wp-json\/wp\/v2\/formatos?post=15513"},{"taxonomy":"materias","embeddable":true,"href":"https:\/\/www.laertes.es\/ca\/wp-json\/wp\/v2\/materias?post=15513"}],"curies":[{"name":"wp","href":"https:\/\/api.w.org\/{rel}","templated":true}]}}