{"id":15458,"date":"2025-02-26T09:12:13","date_gmt":"2025-02-26T09:12:13","guid":{"rendered":"https:\/libro\/el-wendigo\/"},"modified":"2025-05-07T18:13:12","modified_gmt":"2025-05-07T18:13:12","slug":"el-wendigo","status":"publish","type":"product","link":"https:\/\/www.laertes.es\/ca\/llibre\/el-wendigo\/","title":{"rendered":"El Wendigo"},"content":{"rendered":"<p><em>El Wendigo i altres narracions<\/em> ens ofereix una selecci\u00f3 inquietant dels millors contes d\u2019Algernon Blackwood, mestre indiscutible del sobrenatural i l\u2019ocult. En aquesta antologia, el lector s\u2019endinsa en un univers on el terror es manifesta en els paisatges m\u00e9s vasts i en els racons m\u00e9s \u00edntims, i on l\u2019home es veu superat per forces que escapen al seu enteniment.<br \/>\nEntre els relats, trobem <em>El Wendigo<\/em>, on el bosc canadenc es converteix en l\u2019escenari d\u2019una entitat ancestral que porta els protagonistes al l\u00edmit de la ra\u00f3. <em>L\u2019enc\u00eds de la neu<\/em> presenta una bellesa g\u00e8lida i tra\u00efdora que amaga una fascinaci\u00f3 sobrenatural, mentre que <em>El qui escolta<\/em> explora la solitud de la ciutat amb la hist\u00f2ria d\u2019un home que es veu assetjat per pres\u00e8ncies invisibles. Relats com <em>La casa buida<\/em> i <em>Una illa encantada<\/em> capturen perfectament l\u2019ambient ombr\u00edvol i el suspens, i revelen els perills que es desvetllen quan un es troba sol davant de l\u2019inescrutable.<br \/>\nAquesta antologia \u00e9s una obra imprescindible per als amants del terror cl\u00e0ssic, plena de misteri, espais esgarrifosos i una atmosfera que s\u2019apodera del lector. Ens acosta a l\u2019ess\u00e8ncia del terror subtil d\u2019Algernon Blackwood, un autor que sap captar la por ancestral i la fascinaci\u00f3 per all\u00f2 desconegut amb una eleg\u00e0ncia \u00fanica.<\/p>\n<p>Aquesta antologia \u00e9s una obra imprescindible per als amants del terror cl\u00e0ssic, plena de misteri, espais esgarrifosos i una atmosfera que s\u2019apodera del lector. Ens acosta a l\u2019ess\u00e8ncia del terror subtil d\u2019Algernon Blackwood, un autor que sap captar la por ancestral i la fascinaci\u00f3 per all\u00f2 desconegut amb una eleg\u00e0ncia \u00fanica. \u00a0 \u00a0 \u00a0Aquesta antologia \u00e9s una obra imprescindible per als amants del terror cl\u00e0ssic, plena de misteri, espais esgarrifosos i una atmosfera que s\u2019apodera del lector. Ens acosta a l\u2019ess\u00e8ncia del terror subtil d\u2019Algernon Blackwood, un autor que sap captar la por ancestral i la fascinaci\u00f3 per all\u00f2 desconegut amb una eleg\u00e0ncia \u00fanica.<\/p>\n","protected":false},"excerpt":{"rendered":"<p>El Wendigo i altres narracions ens ofereix una selecci\u00f3 inquietant dels millors contes d\u2019Algernon Blackwood, mestre indiscutible del sobrenatural i l\u2019ocult. En aquesta antologia, el lector s\u2019endinsa en un univers on el terror es manifesta en els paisatges m\u00e9s vasts i en els racons m\u00e9s \u00edntims, i on l\u2019home es veu superat per forces que escapen al seu enteniment.<\/p>\n","protected":false},"featured_media":15448,"template":"","meta":[],"product_brand":[],"product_cat":[296],"product_tag":[],"autores":[445],"formatos":[355],"materias":[356,374,357],"class_list":{"0":"post-15458","1":"product","2":"type-product","3":"status-publish","4":"has-post-thumbnail","6":"product_cat-larca-ca","7":"autores-blackwood-algernon-ca","8":"formatos-llibre","9":"materias-cuentos-clasicos-de-generos-fantasticos-ca","10":"materias-literatura-ca","11":"materias-terror-ca-ca","13":"first","14":"instock","15":"taxable","16":"shipping-taxable","17":"purchasable","18":"product-type-simple"},"yoast_head":"<!-- This site is optimized with the Yoast SEO plugin v27.4 - https:\/\/yoast.com\/product\/yoast-seo-wordpress\/ -->\n<title>El Wendigo | Laertes ediciones<\/title>\n<meta name=\"description\" content=\"El Wendigo i altres narracions ens ofereix una selecci\u00f3 inquietant dels millors contes d\u2019Algernon Blackwood, mestre indiscutible del sobrenatural i l\u2019ocult.\" \/>\n<meta name=\"robots\" content=\"index, follow, max-snippet:-1, max-image-preview:large, max-video-preview:-1\" \/>\n<link rel=\"canonical\" href=\"https:\/\/www.laertes.es\/ca\/llibre\/el-wendigo\/\" \/>\n<meta property=\"og:locale\" content=\"ca_ES\" \/>\n<meta property=\"og:type\" content=\"article\" \/>\n<meta property=\"og:title\" content=\"El Wendigo | Laertes ediciones\" \/>\n<meta property=\"og:description\" content=\"El Wendigo i altres narracions ens ofereix una selecci\u00f3 inquietant dels millors contes d\u2019Algernon Blackwood, mestre indiscutible del sobrenatural i l\u2019ocult.\" \/>\n<meta property=\"og:url\" content=\"https:\/\/www.laertes.es\/ca\/llibre\/el-wendigo\/\" \/>\n<meta property=\"og:site_name\" content=\"Laertes ediciones\" \/>\n<meta property=\"article:modified_time\" content=\"2025-05-07T18:13:12+00:00\" \/>\n<meta property=\"og:image\" content=\"https:\/\/aliceblue-magpie-467488.hostingersite.com\/wp-content\/uploads\/2025\/02\/ARC126.webp\" \/>\n\t<meta property=\"og:image:width\" content=\"802\" \/>\n\t<meta property=\"og:image:height\" content=\"1200\" \/>\n\t<meta property=\"og:image:type\" content=\"image\/webp\" \/>\n<meta name=\"twitter:label1\" content=\"Temps estimat de lectura\" \/>\n\t<meta name=\"twitter:data1\" content=\"2 minuts\" \/>\n<script type=\"application\/ld+json\" class=\"yoast-schema-graph\">{\"@context\":\"https:\\\/\\\/schema.org\",\"@graph\":[{\"@type\":\"WebPage\",\"@id\":\"https:\\\/\\\/www.laertes.es\\\/ca\\\/llibre\\\/el-wendigo\\\/\",\"url\":\"https:\\\/\\\/www.laertes.es\\\/ca\\\/llibre\\\/el-wendigo\\\/\",\"name\":\"El Wendigo | Laertes ediciones\",\"isPartOf\":{\"@id\":\"https:\\\/\\\/www.laertes.es\\\/ca\\\/#website\"},\"primaryImageOfPage\":{\"@id\":\"https:\\\/\\\/www.laertes.es\\\/ca\\\/llibre\\\/el-wendigo\\\/#primaryimage\"},\"image\":{\"@id\":\"https:\\\/\\\/www.laertes.es\\\/ca\\\/llibre\\\/el-wendigo\\\/#primaryimage\"},\"thumbnailUrl\":\"https:\\\/\\\/www.laertes.es\\\/wp-content\\\/uploads\\\/2025\\\/02\\\/ARC126.webp\",\"datePublished\":\"2025-02-26T09:12:13+00:00\",\"dateModified\":\"2025-05-07T18:13:12+00:00\",\"description\":\"El Wendigo i altres narracions ens ofereix una selecci\u00f3 inquietant dels millors contes d\u2019Algernon Blackwood, mestre indiscutible del sobrenatural i l\u2019ocult.\",\"breadcrumb\":{\"@id\":\"https:\\\/\\\/www.laertes.es\\\/ca\\\/llibre\\\/el-wendigo\\\/#breadcrumb\"},\"inLanguage\":\"ca\",\"potentialAction\":[{\"@type\":\"ReadAction\",\"target\":[\"https:\\\/\\\/www.laertes.es\\\/ca\\\/llibre\\\/el-wendigo\\\/\"]}]},{\"@type\":\"ImageObject\",\"inLanguage\":\"ca\",\"@id\":\"https:\\\/\\\/www.laertes.es\\\/ca\\\/llibre\\\/el-wendigo\\\/#primaryimage\",\"url\":\"https:\\\/\\\/www.laertes.es\\\/wp-content\\\/uploads\\\/2025\\\/02\\\/ARC126.webp\",\"contentUrl\":\"https:\\\/\\\/www.laertes.es\\\/wp-content\\\/uploads\\\/2025\\\/02\\\/ARC126.webp\",\"width\":802,\"height\":1200,\"caption\":\"El Wendigo\"},{\"@type\":\"BreadcrumbList\",\"@id\":\"https:\\\/\\\/www.laertes.es\\\/ca\\\/llibre\\\/el-wendigo\\\/#breadcrumb\",\"itemListElement\":[{\"@type\":\"ListItem\",\"position\":1,\"name\":\"Portada\",\"item\":\"https:\\\/\\\/www.laertes.es\\\/ca\\\/\"},{\"@type\":\"ListItem\",\"position\":2,\"name\":\"Tienda\",\"item\":\"https:\\\/\\\/www.laertes.es\\\/tienda\\\/\"},{\"@type\":\"ListItem\",\"position\":3,\"name\":\"El Wendigo\"}]},{\"@type\":\"WebSite\",\"@id\":\"https:\\\/\\\/www.laertes.es\\\/ca\\\/#website\",\"url\":\"https:\\\/\\\/www.laertes.es\\\/ca\\\/\",\"name\":\"Laertes Ediciones\",\"description\":\"Editorial independiente desde 1975\",\"alternateName\":\"Laertes\",\"potentialAction\":[{\"@type\":\"SearchAction\",\"target\":{\"@type\":\"EntryPoint\",\"urlTemplate\":\"https:\\\/\\\/www.laertes.es\\\/ca\\\/?s={search_term_string}\"},\"query-input\":{\"@type\":\"PropertyValueSpecification\",\"valueRequired\":true,\"valueName\":\"search_term_string\"}}],\"inLanguage\":\"ca\"}]}<\/script>\n<!-- \/ Yoast SEO plugin. -->","yoast_head_json":{"title":"El Wendigo | Laertes ediciones","description":"El Wendigo i altres narracions ens ofereix una selecci\u00f3 inquietant dels millors contes d\u2019Algernon Blackwood, mestre indiscutible del sobrenatural i l\u2019ocult.","robots":{"index":"index","follow":"follow","max-snippet":"max-snippet:-1","max-image-preview":"max-image-preview:large","max-video-preview":"max-video-preview:-1"},"canonical":"https:\/\/www.laertes.es\/ca\/llibre\/el-wendigo\/","og_locale":"ca_ES","og_type":"article","og_title":"El Wendigo | Laertes ediciones","og_description":"El Wendigo i altres narracions ens ofereix una selecci\u00f3 inquietant dels millors contes d\u2019Algernon Blackwood, mestre indiscutible del sobrenatural i l\u2019ocult.","og_url":"https:\/\/www.laertes.es\/ca\/llibre\/el-wendigo\/","og_site_name":"Laertes ediciones","article_modified_time":"2025-05-07T18:13:12+00:00","og_image":[{"width":802,"height":1200,"url":"https:\/\/aliceblue-magpie-467488.hostingersite.com\/wp-content\/uploads\/2025\/02\/ARC126.webp","type":"image\/webp"}],"twitter_misc":{"Temps estimat de lectura":"2 minuts"},"schema":{"@context":"https:\/\/schema.org","@graph":[{"@type":"WebPage","@id":"https:\/\/www.laertes.es\/ca\/llibre\/el-wendigo\/","url":"https:\/\/www.laertes.es\/ca\/llibre\/el-wendigo\/","name":"El Wendigo | Laertes ediciones","isPartOf":{"@id":"https:\/\/www.laertes.es\/ca\/#website"},"primaryImageOfPage":{"@id":"https:\/\/www.laertes.es\/ca\/llibre\/el-wendigo\/#primaryimage"},"image":{"@id":"https:\/\/www.laertes.es\/ca\/llibre\/el-wendigo\/#primaryimage"},"thumbnailUrl":"https:\/\/www.laertes.es\/wp-content\/uploads\/2025\/02\/ARC126.webp","datePublished":"2025-02-26T09:12:13+00:00","dateModified":"2025-05-07T18:13:12+00:00","description":"El Wendigo i altres narracions ens ofereix una selecci\u00f3 inquietant dels millors contes d\u2019Algernon Blackwood, mestre indiscutible del sobrenatural i l\u2019ocult.","breadcrumb":{"@id":"https:\/\/www.laertes.es\/ca\/llibre\/el-wendigo\/#breadcrumb"},"inLanguage":"ca","potentialAction":[{"@type":"ReadAction","target":["https:\/\/www.laertes.es\/ca\/llibre\/el-wendigo\/"]}]},{"@type":"ImageObject","inLanguage":"ca","@id":"https:\/\/www.laertes.es\/ca\/llibre\/el-wendigo\/#primaryimage","url":"https:\/\/www.laertes.es\/wp-content\/uploads\/2025\/02\/ARC126.webp","contentUrl":"https:\/\/www.laertes.es\/wp-content\/uploads\/2025\/02\/ARC126.webp","width":802,"height":1200,"caption":"El Wendigo"},{"@type":"BreadcrumbList","@id":"https:\/\/www.laertes.es\/ca\/llibre\/el-wendigo\/#breadcrumb","itemListElement":[{"@type":"ListItem","position":1,"name":"Portada","item":"https:\/\/www.laertes.es\/ca\/"},{"@type":"ListItem","position":2,"name":"Tienda","item":"https:\/\/www.laertes.es\/tienda\/"},{"@type":"ListItem","position":3,"name":"El Wendigo"}]},{"@type":"WebSite","@id":"https:\/\/www.laertes.es\/ca\/#website","url":"https:\/\/www.laertes.es\/ca\/","name":"Laertes Ediciones","description":"Editorial independiente desde 1975","alternateName":"Laertes","potentialAction":[{"@type":"SearchAction","target":{"@type":"EntryPoint","urlTemplate":"https:\/\/www.laertes.es\/ca\/?s={search_term_string}"},"query-input":{"@type":"PropertyValueSpecification","valueRequired":true,"valueName":"search_term_string"}}],"inLanguage":"ca"}]}},"_links":{"self":[{"href":"https:\/\/www.laertes.es\/ca\/wp-json\/wp\/v2\/product\/15458","targetHints":{"allow":["GET"]}}],"collection":[{"href":"https:\/\/www.laertes.es\/ca\/wp-json\/wp\/v2\/product"}],"about":[{"href":"https:\/\/www.laertes.es\/ca\/wp-json\/wp\/v2\/types\/product"}],"version-history":[{"count":5,"href":"https:\/\/www.laertes.es\/ca\/wp-json\/wp\/v2\/product\/15458\/revisions"}],"predecessor-version":[{"id":15558,"href":"https:\/\/www.laertes.es\/ca\/wp-json\/wp\/v2\/product\/15458\/revisions\/15558"}],"wp:featuredmedia":[{"embeddable":true,"href":"https:\/\/www.laertes.es\/ca\/wp-json\/wp\/v2\/media\/15448"}],"wp:attachment":[{"href":"https:\/\/www.laertes.es\/ca\/wp-json\/wp\/v2\/media?parent=15458"}],"wp:term":[{"taxonomy":"product_brand","embeddable":true,"href":"https:\/\/www.laertes.es\/ca\/wp-json\/wp\/v2\/product_brand?post=15458"},{"taxonomy":"product_cat","embeddable":true,"href":"https:\/\/www.laertes.es\/ca\/wp-json\/wp\/v2\/product_cat?post=15458"},{"taxonomy":"product_tag","embeddable":true,"href":"https:\/\/www.laertes.es\/ca\/wp-json\/wp\/v2\/product_tag?post=15458"},{"taxonomy":"autores","embeddable":true,"href":"https:\/\/www.laertes.es\/ca\/wp-json\/wp\/v2\/autores?post=15458"},{"taxonomy":"formatos","embeddable":true,"href":"https:\/\/www.laertes.es\/ca\/wp-json\/wp\/v2\/formatos?post=15458"},{"taxonomy":"materias","embeddable":true,"href":"https:\/\/www.laertes.es\/ca\/wp-json\/wp\/v2\/materias?post=15458"}],"curies":[{"name":"wp","href":"https:\/\/api.w.org\/{rel}","templated":true}]}}