{"id":15425,"date":"2025-01-21T11:53:15","date_gmt":"2025-01-21T11:53:15","guid":{"rendered":"https:\/libro\/dinero-camaras-accion\/"},"modified":"2025-01-21T11:53:15","modified_gmt":"2025-01-21T11:53:15","slug":"dinero-camaras-accion","status":"publish","type":"product","link":"https:\/\/www.laertes.es\/ca\/llibre\/dinero-camaras-accion\/","title":{"rendered":"Dinero, C\u00e1maras&#8230; Acci\u00f3n"},"content":{"rendered":"<p>El cine ha tratado desde distintos puntos de vista el tema de la banca y los banqueros, tal y como nos muestran grandes pel\u00edculas que desfilan por estas p\u00e1ginas como, por ejemplo, La locura del d\u00f3lar, Qu\u00e9 bello es vivir, Bonnie y Clyde, Wall Street, The Game, Margin Call, El lobo de Wall Street, Comancher\u00eda\u2026<br \/>\nLos autores, profesionales del sector financiero y amantes del cine, tratan estos y otros filmes escogidos desde tres perspectivas complementarias: el banquero como personaje, analizado en su dimensi\u00f3n moral; las crisis financieras tal y como han sido retratadas por el s\u00e9ptimo arte; y el banco como escenario de pel\u00edculas.<br \/>\nEl resultado es un libro lleno de ense\u00f1anzas y reflexiones que recorre la imagen de la banca labrada por el cine a lo largo de su historia. El lector encontrar\u00e1 que la relaci\u00f3n entre ambos mundos, tan distintos, resulta ser sorprendentemente rica y compleja; comprobar\u00e1 que, como en un guion bien construido, cr\u00edtica y admiraci\u00f3n, comedia y drama se alternan con la misma naturalidad con que lo hacen en la vida real.<\/p>\n","protected":false},"excerpt":{"rendered":"<p>El cine ha tratado desde distintos puntos de vista el tema de la banca y los banqueros, tal y como nos muestran grandes pel\u00edculas que desfilan por estas p\u00e1ginas como, por ejemplo, La locura del d\u00f3lar, Qu\u00e9 bello es vivir, Bonnie y Clyde, Wall Street, The Game, Margin Call, El lobo de Wall Street, Comancher\u00eda\u2026<br \/>\nLos autores, profesionales del sector financiero y amantes del cine, tratan estos y otros filmes escogidos desde tres perspectivas complementarias: el banquero como personaje, analizado en su dimensi\u00f3n moral; las crisis financieras tal y como han sido retratadas por el s\u00e9ptimo arte; y el banco como escenario de pel\u00edculas.<br \/>\nEl resultado es un libro lleno de ense\u00f1anzas y reflexiones que recorre la imagen de la banca labrada por el cine a lo largo de su historia. El lector encontrar\u00e1 que la relaci\u00f3n entre ambos mundos, tan distintos, resulta ser sorprendentemente rica y compleja; comprobar\u00e1 que, como en un guion bien construido, cr\u00edtica y admiraci\u00f3n, comedia y drama se alternan con la misma naturalidad con que lo hacen en la vida real.<\/p>\n","protected":false},"featured_media":15423,"template":"","meta":[],"product_brand":[],"product_cat":[333],"product_tag":[2022,753],"autores":[2023,2024,2025],"formatos":[355],"materias":[362],"class_list":{"0":"post-15425","1":"product","2":"type-product","3":"status-publish","4":"has-post-thumbnail","6":"product_cat-kaplan-ca","7":"product_tag-banca-ca","8":"product_tag-cine-ca","9":"autores-garcia-de-leaniz-ignacio-ca","10":"autores-ricardo-lopez-lazaro-ca","11":"autores-romero-mora-antonio-ca","12":"formatos-llibre","13":"materias-cine-y-tv-ca","15":"first","16":"instock","17":"taxable","18":"shipping-taxable","19":"purchasable","20":"product-type-simple"},"yoast_head":"<!-- This site is optimized with the Yoast SEO plugin v27.3 - https:\/\/yoast.com\/product\/yoast-seo-wordpress\/ -->\n<title>Dinero, C\u00e1maras... Acci\u00f3n | Laertes ediciones<\/title>\n<meta name=\"description\" content=\"El cine ha tratado el tema de la banca y los banqueros, tal y como nos muestran grandes pel\u00edculas que desfilan por estas p\u00e1ginas | Dinero, C\u00e1maras... Acci\u00f3n\" \/>\n<meta name=\"robots\" content=\"index, follow, max-snippet:-1, max-image-preview:large, max-video-preview:-1\" \/>\n<link rel=\"canonical\" href=\"https:\/\/www.laertes.es\/ca\/llibre\/dinero-camaras-accion\/\" \/>\n<meta property=\"og:locale\" content=\"ca_ES\" \/>\n<meta property=\"og:type\" content=\"article\" \/>\n<meta property=\"og:title\" content=\"Dinero, C\u00e1maras... Acci\u00f3n | Laertes ediciones\" \/>\n<meta property=\"og:description\" content=\"El cine ha tratado el tema de la banca y los banqueros, tal y como nos muestran grandes pel\u00edculas que desfilan por estas p\u00e1ginas | Dinero, C\u00e1maras... Acci\u00f3n\" \/>\n<meta property=\"og:url\" content=\"https:\/\/www.laertes.es\/ca\/llibre\/dinero-camaras-accion\/\" \/>\n<meta property=\"og:site_name\" content=\"Laertes ediciones\" \/>\n<meta property=\"og:image\" content=\"https:\/\/www.laertes.es\/wp-content\/uploads\/2025\/01\/KAP076.webp\" \/>\n\t<meta property=\"og:image:width\" content=\"802\" \/>\n\t<meta property=\"og:image:height\" content=\"1200\" \/>\n\t<meta property=\"og:image:type\" content=\"image\/webp\" \/>\n<meta name=\"twitter:label1\" content=\"Temps estimat de lectura\" \/>\n\t<meta name=\"twitter:data1\" content=\"2 minuts\" \/>\n<script type=\"application\/ld+json\" class=\"yoast-schema-graph\">{\"@context\":\"https:\\\/\\\/schema.org\",\"@graph\":[{\"@type\":\"WebPage\",\"@id\":\"https:\\\/\\\/www.laertes.es\\\/ca\\\/llibre\\\/dinero-camaras-accion\\\/\",\"url\":\"https:\\\/\\\/www.laertes.es\\\/ca\\\/llibre\\\/dinero-camaras-accion\\\/\",\"name\":\"Dinero, C\u00e1maras... Acci\u00f3n | Laertes ediciones\",\"isPartOf\":{\"@id\":\"https:\\\/\\\/www.laertes.es\\\/ca\\\/#website\"},\"primaryImageOfPage\":{\"@id\":\"https:\\\/\\\/www.laertes.es\\\/ca\\\/llibre\\\/dinero-camaras-accion\\\/#primaryimage\"},\"image\":{\"@id\":\"https:\\\/\\\/www.laertes.es\\\/ca\\\/llibre\\\/dinero-camaras-accion\\\/#primaryimage\"},\"thumbnailUrl\":\"https:\\\/\\\/www.laertes.es\\\/wp-content\\\/uploads\\\/2025\\\/01\\\/KAP076.webp\",\"datePublished\":\"2025-01-21T11:53:15+00:00\",\"description\":\"El cine ha tratado el tema de la banca y los banqueros, tal y como nos muestran grandes pel\u00edculas que desfilan por estas p\u00e1ginas | Dinero, C\u00e1maras... Acci\u00f3n\",\"breadcrumb\":{\"@id\":\"https:\\\/\\\/www.laertes.es\\\/ca\\\/llibre\\\/dinero-camaras-accion\\\/#breadcrumb\"},\"inLanguage\":\"ca\",\"potentialAction\":[{\"@type\":\"ReadAction\",\"target\":[\"https:\\\/\\\/www.laertes.es\\\/ca\\\/llibre\\\/dinero-camaras-accion\\\/\"]}]},{\"@type\":\"ImageObject\",\"inLanguage\":\"ca\",\"@id\":\"https:\\\/\\\/www.laertes.es\\\/ca\\\/llibre\\\/dinero-camaras-accion\\\/#primaryimage\",\"url\":\"https:\\\/\\\/www.laertes.es\\\/wp-content\\\/uploads\\\/2025\\\/01\\\/KAP076.webp\",\"contentUrl\":\"https:\\\/\\\/www.laertes.es\\\/wp-content\\\/uploads\\\/2025\\\/01\\\/KAP076.webp\",\"width\":802,\"height\":1200,\"caption\":\"Dinero, C\u00e1maras... Acci\u00f3n\"},{\"@type\":\"BreadcrumbList\",\"@id\":\"https:\\\/\\\/www.laertes.es\\\/ca\\\/llibre\\\/dinero-camaras-accion\\\/#breadcrumb\",\"itemListElement\":[{\"@type\":\"ListItem\",\"position\":1,\"name\":\"Portada\",\"item\":\"https:\\\/\\\/www.laertes.es\\\/ca\\\/\"},{\"@type\":\"ListItem\",\"position\":2,\"name\":\"Tienda\",\"item\":\"https:\\\/\\\/www.laertes.es\\\/tienda\\\/\"},{\"@type\":\"ListItem\",\"position\":3,\"name\":\"Dinero, C\u00e1maras&#8230; Acci\u00f3n\"}]},{\"@type\":\"WebSite\",\"@id\":\"https:\\\/\\\/www.laertes.es\\\/ca\\\/#website\",\"url\":\"https:\\\/\\\/www.laertes.es\\\/ca\\\/\",\"name\":\"Laertes Ediciones\",\"description\":\"Editorial independiente desde 1975\",\"alternateName\":\"Laertes\",\"potentialAction\":[{\"@type\":\"SearchAction\",\"target\":{\"@type\":\"EntryPoint\",\"urlTemplate\":\"https:\\\/\\\/www.laertes.es\\\/ca\\\/?s={search_term_string}\"},\"query-input\":{\"@type\":\"PropertyValueSpecification\",\"valueRequired\":true,\"valueName\":\"search_term_string\"}}],\"inLanguage\":\"ca\"}]}<\/script>\n<!-- \/ Yoast SEO plugin. -->","yoast_head_json":{"title":"Dinero, C\u00e1maras... Acci\u00f3n | Laertes ediciones","description":"El cine ha tratado el tema de la banca y los banqueros, tal y como nos muestran grandes pel\u00edculas que desfilan por estas p\u00e1ginas | Dinero, C\u00e1maras... Acci\u00f3n","robots":{"index":"index","follow":"follow","max-snippet":"max-snippet:-1","max-image-preview":"max-image-preview:large","max-video-preview":"max-video-preview:-1"},"canonical":"https:\/\/www.laertes.es\/ca\/llibre\/dinero-camaras-accion\/","og_locale":"ca_ES","og_type":"article","og_title":"Dinero, C\u00e1maras... Acci\u00f3n | Laertes ediciones","og_description":"El cine ha tratado el tema de la banca y los banqueros, tal y como nos muestran grandes pel\u00edculas que desfilan por estas p\u00e1ginas | Dinero, C\u00e1maras... Acci\u00f3n","og_url":"https:\/\/www.laertes.es\/ca\/llibre\/dinero-camaras-accion\/","og_site_name":"Laertes ediciones","og_image":[{"width":802,"height":1200,"url":"https:\/\/www.laertes.es\/wp-content\/uploads\/2025\/01\/KAP076.webp","type":"image\/webp"}],"twitter_misc":{"Temps estimat de lectura":"2 minuts"},"schema":{"@context":"https:\/\/schema.org","@graph":[{"@type":"WebPage","@id":"https:\/\/www.laertes.es\/ca\/llibre\/dinero-camaras-accion\/","url":"https:\/\/www.laertes.es\/ca\/llibre\/dinero-camaras-accion\/","name":"Dinero, C\u00e1maras... Acci\u00f3n | Laertes ediciones","isPartOf":{"@id":"https:\/\/www.laertes.es\/ca\/#website"},"primaryImageOfPage":{"@id":"https:\/\/www.laertes.es\/ca\/llibre\/dinero-camaras-accion\/#primaryimage"},"image":{"@id":"https:\/\/www.laertes.es\/ca\/llibre\/dinero-camaras-accion\/#primaryimage"},"thumbnailUrl":"https:\/\/www.laertes.es\/wp-content\/uploads\/2025\/01\/KAP076.webp","datePublished":"2025-01-21T11:53:15+00:00","description":"El cine ha tratado el tema de la banca y los banqueros, tal y como nos muestran grandes pel\u00edculas que desfilan por estas p\u00e1ginas | Dinero, C\u00e1maras... Acci\u00f3n","breadcrumb":{"@id":"https:\/\/www.laertes.es\/ca\/llibre\/dinero-camaras-accion\/#breadcrumb"},"inLanguage":"ca","potentialAction":[{"@type":"ReadAction","target":["https:\/\/www.laertes.es\/ca\/llibre\/dinero-camaras-accion\/"]}]},{"@type":"ImageObject","inLanguage":"ca","@id":"https:\/\/www.laertes.es\/ca\/llibre\/dinero-camaras-accion\/#primaryimage","url":"https:\/\/www.laertes.es\/wp-content\/uploads\/2025\/01\/KAP076.webp","contentUrl":"https:\/\/www.laertes.es\/wp-content\/uploads\/2025\/01\/KAP076.webp","width":802,"height":1200,"caption":"Dinero, C\u00e1maras... Acci\u00f3n"},{"@type":"BreadcrumbList","@id":"https:\/\/www.laertes.es\/ca\/llibre\/dinero-camaras-accion\/#breadcrumb","itemListElement":[{"@type":"ListItem","position":1,"name":"Portada","item":"https:\/\/www.laertes.es\/ca\/"},{"@type":"ListItem","position":2,"name":"Tienda","item":"https:\/\/www.laertes.es\/tienda\/"},{"@type":"ListItem","position":3,"name":"Dinero, C\u00e1maras&#8230; Acci\u00f3n"}]},{"@type":"WebSite","@id":"https:\/\/www.laertes.es\/ca\/#website","url":"https:\/\/www.laertes.es\/ca\/","name":"Laertes Ediciones","description":"Editorial independiente desde 1975","alternateName":"Laertes","potentialAction":[{"@type":"SearchAction","target":{"@type":"EntryPoint","urlTemplate":"https:\/\/www.laertes.es\/ca\/?s={search_term_string}"},"query-input":{"@type":"PropertyValueSpecification","valueRequired":true,"valueName":"search_term_string"}}],"inLanguage":"ca"}]}},"_links":{"self":[{"href":"https:\/\/www.laertes.es\/ca\/wp-json\/wp\/v2\/product\/15425","targetHints":{"allow":["GET"]}}],"collection":[{"href":"https:\/\/www.laertes.es\/ca\/wp-json\/wp\/v2\/product"}],"about":[{"href":"https:\/\/www.laertes.es\/ca\/wp-json\/wp\/v2\/types\/product"}],"version-history":[{"count":0,"href":"https:\/\/www.laertes.es\/ca\/wp-json\/wp\/v2\/product\/15425\/revisions"}],"wp:featuredmedia":[{"embeddable":true,"href":"https:\/\/www.laertes.es\/ca\/wp-json\/wp\/v2\/media\/15423"}],"wp:attachment":[{"href":"https:\/\/www.laertes.es\/ca\/wp-json\/wp\/v2\/media?parent=15425"}],"wp:term":[{"taxonomy":"product_brand","embeddable":true,"href":"https:\/\/www.laertes.es\/ca\/wp-json\/wp\/v2\/product_brand?post=15425"},{"taxonomy":"product_cat","embeddable":true,"href":"https:\/\/www.laertes.es\/ca\/wp-json\/wp\/v2\/product_cat?post=15425"},{"taxonomy":"product_tag","embeddable":true,"href":"https:\/\/www.laertes.es\/ca\/wp-json\/wp\/v2\/product_tag?post=15425"},{"taxonomy":"autores","embeddable":true,"href":"https:\/\/www.laertes.es\/ca\/wp-json\/wp\/v2\/autores?post=15425"},{"taxonomy":"formatos","embeddable":true,"href":"https:\/\/www.laertes.es\/ca\/wp-json\/wp\/v2\/formatos?post=15425"},{"taxonomy":"materias","embeddable":true,"href":"https:\/\/www.laertes.es\/ca\/wp-json\/wp\/v2\/materias?post=15425"}],"curies":[{"name":"wp","href":"https:\/\/api.w.org\/{rel}","templated":true}]}}