{"id":15408,"date":"2025-01-21T09:53:24","date_gmt":"2025-01-21T09:53:24","guid":{"rendered":"https:\/libro\/creador-destrelles\/"},"modified":"2025-01-21T09:55:07","modified_gmt":"2025-01-21T09:55:07","slug":"creador-destrelles","status":"publish","type":"product","link":"https:\/\/www.laertes.es\/ca\/llibre\/creador-destrelles\/","title":{"rendered":"Creador d&#8217;estrelles"},"content":{"rendered":"<p>En un viatge c\u00f2smic sense precedents, l\u2019esperit d\u2019un home solitari abandona el seu cos per endinsar-se en l\u2019infinit de l\u2019univers. Aix\u00ed comen\u00e7a una odissea que el portar\u00e0 a descobrir planetes desconeguts, civilitzacions extraordin\u00e0ries i formes de vida alienes que desafien la imaginaci\u00f3 humana. En aquest periple, explorar\u00e0 el dest\u00ed de les esp\u00e8cies intel\u00b7ligents, la seva lluita per la superviv\u00e8ncia i la recerca d\u2019un sentit m\u00e9s profund en el cosmos.<br \/>\nPublicada per primer cop el 1937, Creador d\u2019estrelles \u00e9s una obra mestra de la ci\u00e8ncia-ficci\u00f3 filos\u00f2fica que reflexiona sobre la insignifican\u00e7a de l\u2019\u00e9sser hum\u00e0 en el vast univers i sobre la naturalesa mateixa de la creaci\u00f3. Amb una visi\u00f3 aclaparadora i po\u00e8tica, Olaf Stapledon ens convida a contemplar preguntes universals sobre el temps, l\u2019espiritualitat, les civilitzacions i la relaci\u00f3 entre la vida i l\u2019infinit.<br \/>\nIdeal per als lectors que busquen una narrativa ambiciosa, reflexiva i carregada d\u2019imatges inesborrables. Creador d\u2019estrelles no nom\u00e9s \u00e9s un viatge cap a l\u2019univers exterior, sin\u00f3 tamb\u00e9 cap a les profunditats de la condici\u00f3 humana.<\/p>\n<p>Olaf Stapledon (1886-1950) va ser un escriptor i fil\u00f2sof brit\u00e0nic conegut per les seves obres de ci\u00e8ncia-ficci\u00f3 especulativa, amb les quals va explorar temes profundament filos\u00f2fics sobre la humanitat, l\u2019univers i el futur.<br \/>\nA difer\u00e8ncia d\u2019altres autors de ci\u00e8ncia-ficci\u00f3 de la seva \u00e8poca, Stapledon es va centrar menys en les trames o els personatges tradicionals, optant per oferir una visi\u00f3 panor\u00e0mica de la hist\u00f2ria de la humanitat i l\u2019evoluci\u00f3 de la vida a trav\u00e9s de mil\u00b7lennis i fins i tot milions d\u2019anys. Aix\u00f2 li va permetre especular sobre la naturalesa de la consci\u00e8ncia, l\u2019\u00e8tica i la transcend\u00e8ncia, reflexionant sobre el dest\u00ed col\u00b7lectiu de la vida intel\u00b7ligent.<\/p>\n","protected":false},"excerpt":{"rendered":"<p>En un viatge c\u00f2smic sense precedents, l\u2019esperit d\u2019un home solitari abandona el seu cos per endinsar-se en l\u2019infinit de l\u2019univers. Aix\u00ed comen\u00e7a una odissea que el portar\u00e0 a descobrir planetes desconeguts, civilitzacions extraordin\u00e0ries i formes de vida alienes que desafien la imaginaci\u00f3 humana. En aquest periple, explorar\u00e0 el dest\u00ed de les esp\u00e8cies intel\u00b7ligents, la seva lluita per la superviv\u00e8ncia i la recerca d\u2019un sentit m\u00e9s profund en el cosmos.<\/p>\n","protected":false},"featured_media":15413,"template":"","meta":[],"product_brand":[],"product_cat":[296],"product_tag":[2014,676,2015,2016],"autores":[2017],"formatos":[355],"materias":[358,356],"class_list":{"0":"post-15408","1":"product","2":"type-product","3":"status-publish","4":"has-post-thumbnail","6":"product_cat-larca-ca","7":"product_tag-aliens-ca","8":"product_tag-ciencia-ficcio-ca","9":"product_tag-ciencia-ficcio-especulativa-ca","10":"product_tag-viatge-cosmic-ca","11":"autores-stapledon-olaf-ca","12":"formatos-llibre","13":"materias-antropologia-ca","14":"materias-cuentos-clasicos-de-generos-fantasticos-ca","16":"first","17":"instock","18":"taxable","19":"shipping-taxable","20":"purchasable","21":"product-type-simple"},"yoast_head":"<!-- This site is optimized with the Yoast SEO plugin v27.3 - https:\/\/yoast.com\/product\/yoast-seo-wordpress\/ -->\n<title>Creador d&#039;estrelles | Laertes ediciones<\/title>\n<meta name=\"description\" content=\"En un viatge c\u00f2smic sense precedents, l\u2019esperit d\u2019un home solitari abandona el seu cos per endinsar-se en l\u2019infinit de l\u2019univers. | Creador d&#039;estrelles\" \/>\n<meta name=\"robots\" content=\"index, follow, max-snippet:-1, max-image-preview:large, max-video-preview:-1\" \/>\n<link rel=\"canonical\" href=\"https:\/\/www.laertes.es\/ca\/llibre\/creador-destrelles\/\" \/>\n<meta property=\"og:locale\" content=\"ca_ES\" \/>\n<meta property=\"og:type\" content=\"article\" \/>\n<meta property=\"og:title\" content=\"Creador d&#039;estrelles | Laertes ediciones\" \/>\n<meta property=\"og:description\" content=\"En un viatge c\u00f2smic sense precedents, l\u2019esperit d\u2019un home solitari abandona el seu cos per endinsar-se en l\u2019infinit de l\u2019univers. | Creador d&#039;estrelles\" \/>\n<meta property=\"og:url\" content=\"https:\/\/www.laertes.es\/ca\/llibre\/creador-destrelles\/\" \/>\n<meta property=\"og:site_name\" content=\"Laertes ediciones\" \/>\n<meta property=\"article:modified_time\" content=\"2025-01-21T09:55:07+00:00\" \/>\n<meta property=\"og:image\" content=\"https:\/\/www.laertes.es\/wp-content\/uploads\/2025\/01\/ARC125.jpg\" \/>\n\t<meta property=\"og:image:width\" content=\"802\" \/>\n\t<meta property=\"og:image:height\" content=\"1200\" \/>\n\t<meta property=\"og:image:type\" content=\"image\/jpeg\" \/>\n<meta name=\"twitter:label1\" content=\"Temps estimat de lectura\" \/>\n\t<meta name=\"twitter:data1\" content=\"2 minuts\" \/>\n<script type=\"application\/ld+json\" class=\"yoast-schema-graph\">{\"@context\":\"https:\\\/\\\/schema.org\",\"@graph\":[{\"@type\":\"WebPage\",\"@id\":\"https:\\\/\\\/www.laertes.es\\\/ca\\\/llibre\\\/creador-destrelles\\\/\",\"url\":\"https:\\\/\\\/www.laertes.es\\\/ca\\\/llibre\\\/creador-destrelles\\\/\",\"name\":\"Creador d'estrelles | Laertes ediciones\",\"isPartOf\":{\"@id\":\"https:\\\/\\\/www.laertes.es\\\/ca\\\/#website\"},\"primaryImageOfPage\":{\"@id\":\"https:\\\/\\\/www.laertes.es\\\/ca\\\/llibre\\\/creador-destrelles\\\/#primaryimage\"},\"image\":{\"@id\":\"https:\\\/\\\/www.laertes.es\\\/ca\\\/llibre\\\/creador-destrelles\\\/#primaryimage\"},\"thumbnailUrl\":\"https:\\\/\\\/www.laertes.es\\\/wp-content\\\/uploads\\\/2025\\\/01\\\/ARC125.jpg\",\"datePublished\":\"2025-01-21T09:53:24+00:00\",\"dateModified\":\"2025-01-21T09:55:07+00:00\",\"description\":\"En un viatge c\u00f2smic sense precedents, l\u2019esperit d\u2019un home solitari abandona el seu cos per endinsar-se en l\u2019infinit de l\u2019univers. | Creador d'estrelles\",\"breadcrumb\":{\"@id\":\"https:\\\/\\\/www.laertes.es\\\/ca\\\/llibre\\\/creador-destrelles\\\/#breadcrumb\"},\"inLanguage\":\"ca\",\"potentialAction\":[{\"@type\":\"ReadAction\",\"target\":[\"https:\\\/\\\/www.laertes.es\\\/ca\\\/llibre\\\/creador-destrelles\\\/\"]}]},{\"@type\":\"ImageObject\",\"inLanguage\":\"ca\",\"@id\":\"https:\\\/\\\/www.laertes.es\\\/ca\\\/llibre\\\/creador-destrelles\\\/#primaryimage\",\"url\":\"https:\\\/\\\/www.laertes.es\\\/wp-content\\\/uploads\\\/2025\\\/01\\\/ARC125.jpg\",\"contentUrl\":\"https:\\\/\\\/www.laertes.es\\\/wp-content\\\/uploads\\\/2025\\\/01\\\/ARC125.jpg\",\"width\":802,\"height\":1200,\"caption\":\"Creador d'estrelles\"},{\"@type\":\"BreadcrumbList\",\"@id\":\"https:\\\/\\\/www.laertes.es\\\/ca\\\/llibre\\\/creador-destrelles\\\/#breadcrumb\",\"itemListElement\":[{\"@type\":\"ListItem\",\"position\":1,\"name\":\"Portada\",\"item\":\"https:\\\/\\\/www.laertes.es\\\/ca\\\/\"},{\"@type\":\"ListItem\",\"position\":2,\"name\":\"Tienda\",\"item\":\"https:\\\/\\\/www.laertes.es\\\/tienda\\\/\"},{\"@type\":\"ListItem\",\"position\":3,\"name\":\"Creador d&#8217;estrelles\"}]},{\"@type\":\"WebSite\",\"@id\":\"https:\\\/\\\/www.laertes.es\\\/ca\\\/#website\",\"url\":\"https:\\\/\\\/www.laertes.es\\\/ca\\\/\",\"name\":\"Laertes Ediciones\",\"description\":\"Editorial independiente desde 1975\",\"alternateName\":\"Laertes\",\"potentialAction\":[{\"@type\":\"SearchAction\",\"target\":{\"@type\":\"EntryPoint\",\"urlTemplate\":\"https:\\\/\\\/www.laertes.es\\\/ca\\\/?s={search_term_string}\"},\"query-input\":{\"@type\":\"PropertyValueSpecification\",\"valueRequired\":true,\"valueName\":\"search_term_string\"}}],\"inLanguage\":\"ca\"}]}<\/script>\n<!-- \/ Yoast SEO plugin. -->","yoast_head_json":{"title":"Creador d'estrelles | Laertes ediciones","description":"En un viatge c\u00f2smic sense precedents, l\u2019esperit d\u2019un home solitari abandona el seu cos per endinsar-se en l\u2019infinit de l\u2019univers. | Creador d'estrelles","robots":{"index":"index","follow":"follow","max-snippet":"max-snippet:-1","max-image-preview":"max-image-preview:large","max-video-preview":"max-video-preview:-1"},"canonical":"https:\/\/www.laertes.es\/ca\/llibre\/creador-destrelles\/","og_locale":"ca_ES","og_type":"article","og_title":"Creador d'estrelles | Laertes ediciones","og_description":"En un viatge c\u00f2smic sense precedents, l\u2019esperit d\u2019un home solitari abandona el seu cos per endinsar-se en l\u2019infinit de l\u2019univers. | Creador d'estrelles","og_url":"https:\/\/www.laertes.es\/ca\/llibre\/creador-destrelles\/","og_site_name":"Laertes ediciones","article_modified_time":"2025-01-21T09:55:07+00:00","og_image":[{"width":802,"height":1200,"url":"https:\/\/www.laertes.es\/wp-content\/uploads\/2025\/01\/ARC125.jpg","type":"image\/jpeg"}],"twitter_misc":{"Temps estimat de lectura":"2 minuts"},"schema":{"@context":"https:\/\/schema.org","@graph":[{"@type":"WebPage","@id":"https:\/\/www.laertes.es\/ca\/llibre\/creador-destrelles\/","url":"https:\/\/www.laertes.es\/ca\/llibre\/creador-destrelles\/","name":"Creador d'estrelles | Laertes ediciones","isPartOf":{"@id":"https:\/\/www.laertes.es\/ca\/#website"},"primaryImageOfPage":{"@id":"https:\/\/www.laertes.es\/ca\/llibre\/creador-destrelles\/#primaryimage"},"image":{"@id":"https:\/\/www.laertes.es\/ca\/llibre\/creador-destrelles\/#primaryimage"},"thumbnailUrl":"https:\/\/www.laertes.es\/wp-content\/uploads\/2025\/01\/ARC125.jpg","datePublished":"2025-01-21T09:53:24+00:00","dateModified":"2025-01-21T09:55:07+00:00","description":"En un viatge c\u00f2smic sense precedents, l\u2019esperit d\u2019un home solitari abandona el seu cos per endinsar-se en l\u2019infinit de l\u2019univers. | Creador d'estrelles","breadcrumb":{"@id":"https:\/\/www.laertes.es\/ca\/llibre\/creador-destrelles\/#breadcrumb"},"inLanguage":"ca","potentialAction":[{"@type":"ReadAction","target":["https:\/\/www.laertes.es\/ca\/llibre\/creador-destrelles\/"]}]},{"@type":"ImageObject","inLanguage":"ca","@id":"https:\/\/www.laertes.es\/ca\/llibre\/creador-destrelles\/#primaryimage","url":"https:\/\/www.laertes.es\/wp-content\/uploads\/2025\/01\/ARC125.jpg","contentUrl":"https:\/\/www.laertes.es\/wp-content\/uploads\/2025\/01\/ARC125.jpg","width":802,"height":1200,"caption":"Creador d'estrelles"},{"@type":"BreadcrumbList","@id":"https:\/\/www.laertes.es\/ca\/llibre\/creador-destrelles\/#breadcrumb","itemListElement":[{"@type":"ListItem","position":1,"name":"Portada","item":"https:\/\/www.laertes.es\/ca\/"},{"@type":"ListItem","position":2,"name":"Tienda","item":"https:\/\/www.laertes.es\/tienda\/"},{"@type":"ListItem","position":3,"name":"Creador d&#8217;estrelles"}]},{"@type":"WebSite","@id":"https:\/\/www.laertes.es\/ca\/#website","url":"https:\/\/www.laertes.es\/ca\/","name":"Laertes Ediciones","description":"Editorial independiente desde 1975","alternateName":"Laertes","potentialAction":[{"@type":"SearchAction","target":{"@type":"EntryPoint","urlTemplate":"https:\/\/www.laertes.es\/ca\/?s={search_term_string}"},"query-input":{"@type":"PropertyValueSpecification","valueRequired":true,"valueName":"search_term_string"}}],"inLanguage":"ca"}]}},"_links":{"self":[{"href":"https:\/\/www.laertes.es\/ca\/wp-json\/wp\/v2\/product\/15408","targetHints":{"allow":["GET"]}}],"collection":[{"href":"https:\/\/www.laertes.es\/ca\/wp-json\/wp\/v2\/product"}],"about":[{"href":"https:\/\/www.laertes.es\/ca\/wp-json\/wp\/v2\/types\/product"}],"version-history":[{"count":1,"href":"https:\/\/www.laertes.es\/ca\/wp-json\/wp\/v2\/product\/15408\/revisions"}],"predecessor-version":[{"id":15414,"href":"https:\/\/www.laertes.es\/ca\/wp-json\/wp\/v2\/product\/15408\/revisions\/15414"}],"wp:featuredmedia":[{"embeddable":true,"href":"https:\/\/www.laertes.es\/ca\/wp-json\/wp\/v2\/media\/15413"}],"wp:attachment":[{"href":"https:\/\/www.laertes.es\/ca\/wp-json\/wp\/v2\/media?parent=15408"}],"wp:term":[{"taxonomy":"product_brand","embeddable":true,"href":"https:\/\/www.laertes.es\/ca\/wp-json\/wp\/v2\/product_brand?post=15408"},{"taxonomy":"product_cat","embeddable":true,"href":"https:\/\/www.laertes.es\/ca\/wp-json\/wp\/v2\/product_cat?post=15408"},{"taxonomy":"product_tag","embeddable":true,"href":"https:\/\/www.laertes.es\/ca\/wp-json\/wp\/v2\/product_tag?post=15408"},{"taxonomy":"autores","embeddable":true,"href":"https:\/\/www.laertes.es\/ca\/wp-json\/wp\/v2\/autores?post=15408"},{"taxonomy":"formatos","embeddable":true,"href":"https:\/\/www.laertes.es\/ca\/wp-json\/wp\/v2\/formatos?post=15408"},{"taxonomy":"materias","embeddable":true,"href":"https:\/\/www.laertes.es\/ca\/wp-json\/wp\/v2\/materias?post=15408"}],"curies":[{"name":"wp","href":"https:\/\/api.w.org\/{rel}","templated":true}]}}