{"id":15360,"date":"2024-11-15T09:50:10","date_gmt":"2024-11-15T09:50:10","guid":{"rendered":"https:\/libro\/la-casa-als-confins-de-la-terra\/"},"modified":"2025-05-07T18:15:44","modified_gmt":"2025-05-07T18:15:44","slug":"la-casa-als-confins-de-la-terra","status":"publish","type":"product","link":"https:\/\/www.laertes.es\/ca\/llibre\/la-casa-als-confins-de-la-terra\/","title":{"rendered":"La casa als confins de la terra"},"content":{"rendered":"<p>La casa als confins de la terra de William Hope Hodgson narra les inquietants experi\u00e8ncies d\u2019un viatger que descobreix un antic manuscrit en una casa a\u00efllada. A trav\u00e9s d\u2019aquest text, es desvetllen hist\u00f2ries de monstres grotescos, com els \u00abhomes porc\u00bb, que habiten un m\u00f3n aterridor on la superviv\u00e8ncia es converteix en una lluita constant contra l\u2019horror.<br \/>\nAlhora, el viatger es veu arrossegat a un viatge m\u00edstic que desafia la seva percepci\u00f3 de la realitat, explorant dimensions desconegudes i forces c\u00f2smiques que posen en q\u00fcesti\u00f3 la seva pr\u00f2pia exist\u00e8ncia. Amb una prosa evocadora i atmosf\u00e8rica, Hodgson crea un ambient de terror profundament captivador, que combina l\u2019horror visceral amb una reflexi\u00f3 sobre la fragilitat de l\u2019\u00e9sser hum\u00e0 davant del desconegut. El resultat \u00e9s una obra que deixa el lector amb una inquietud perdurable i una sensaci\u00f3 de meravella davant del misteri de l\u2019univers.<\/p>\n<p>La casa als confins de la terra de William Hope Hodgson narra les inquietants experi\u00e8ncies d\u2019un viatger que descobreix un antic manuscrit en una casa a\u00efllada. A trav\u00e9s d\u2019aquest text, es desvetllen hist\u00f2ries de monstres grotescos, com els \u00abhomes porc\u00bb, que habiten un m\u00f3n aterridor on la superviv\u00e8ncia es converteix en una lluita constant contra l\u2019horror.<br \/>\nAlhora, el viatger es veu arrossegat a un viatge m\u00edstic que desafia la seva percepci\u00f3 de la realitat, explorant dimensions desconegudes i forces c\u00f2smiques que posen en q\u00fcesti\u00f3 la seva pr\u00f2pia exist\u00e8ncia. Amb una prosa evocadora i atmosf\u00e8rica, Hodgson crea un ambient de terror profundament captivador, que combina l\u2019horror visceral amb una reflexi\u00f3 sobre la fragilitat de l\u2019\u00e9sser hum\u00e0 davant del desconegut. El resultat \u00e9s una obra que deixa el lector amb una inquietud perdurable i una sensaci\u00f3 de meravella davant del misteri de l\u2019univers.<\/p>\n","protected":false},"excerpt":{"rendered":"<p>Narra les inquietants experi\u00e8ncies d\u2019un viatger que descobreix un antic manuscrit en una casa a\u00efllada. A trav\u00e9s d\u2019aquest text, es desvetllen hist\u00f2ries de monstres grotescos, com els \u00abhomes porc\u00bb, que habiten un m\u00f3n aterridor on la superviv\u00e8ncia es converteix en una lluita constant contra l\u2019horror.<\/p>\n","protected":false},"featured_media":15350,"template":"","meta":[],"product_brand":[],"product_cat":[296],"product_tag":[1960,1961,803,714,673],"autores":[2009],"formatos":[355],"materias":[356],"class_list":{"0":"post-15360","1":"product","2":"type-product","3":"status-publish","4":"has-post-thumbnail","6":"product_cat-larca-ca","7":"product_tag-contes-classics-ca","8":"product_tag-fantastic-ca","9":"product_tag-literatura-clasica-inglesa-ca","10":"product_tag-lovecraft-ca","11":"product_tag-terror-ca","12":"autores-hope-hodgson-william-ca","13":"formatos-llibre","14":"materias-cuentos-clasicos-de-generos-fantasticos-ca","16":"first","17":"instock","18":"taxable","19":"shipping-taxable","20":"purchasable","21":"product-type-simple"},"yoast_head":"<!-- This site is optimized with the Yoast SEO plugin v27.4 - https:\/\/yoast.com\/product\/yoast-seo-wordpress\/ -->\n<title>La casa als confins de la terra | Laertes ediciones<\/title>\n<meta name=\"description\" content=\"Hist\u00f2ria de monstres grotescos que habiten un m\u00f3n aterridor on la superviv\u00e8ncia es converteix en una lluita constant contra l\u2019horror.\" \/>\n<meta name=\"robots\" content=\"index, follow, max-snippet:-1, max-image-preview:large, max-video-preview:-1\" \/>\n<link rel=\"canonical\" href=\"https:\/\/www.laertes.es\/ca\/llibre\/la-casa-als-confins-de-la-terra\/\" \/>\n<meta property=\"og:locale\" content=\"ca_ES\" \/>\n<meta property=\"og:type\" content=\"article\" \/>\n<meta property=\"og:title\" content=\"La casa als confins de la terra | Laertes ediciones\" \/>\n<meta property=\"og:description\" content=\"Hist\u00f2ria de monstres grotescos que habiten un m\u00f3n aterridor on la superviv\u00e8ncia es converteix en una lluita constant contra l\u2019horror.\" \/>\n<meta property=\"og:url\" content=\"https:\/\/www.laertes.es\/ca\/llibre\/la-casa-als-confins-de-la-terra\/\" \/>\n<meta property=\"og:site_name\" content=\"Laertes ediciones\" \/>\n<meta property=\"article:modified_time\" content=\"2025-05-07T18:15:44+00:00\" \/>\n<meta property=\"og:image\" content=\"https:\/\/www.laertes.es\/wp-content\/uploads\/2024\/11\/ARC124.webp\" \/>\n\t<meta property=\"og:image:width\" content=\"802\" \/>\n\t<meta property=\"og:image:height\" content=\"1200\" \/>\n\t<meta property=\"og:image:type\" content=\"image\/webp\" \/>\n<meta name=\"twitter:label1\" content=\"Temps estimat de lectura\" \/>\n\t<meta name=\"twitter:data1\" content=\"1 minut\" \/>\n<script type=\"application\/ld+json\" class=\"yoast-schema-graph\">{\"@context\":\"https:\\\/\\\/schema.org\",\"@graph\":[{\"@type\":\"WebPage\",\"@id\":\"https:\\\/\\\/www.laertes.es\\\/ca\\\/llibre\\\/la-casa-als-confins-de-la-terra\\\/\",\"url\":\"https:\\\/\\\/www.laertes.es\\\/ca\\\/llibre\\\/la-casa-als-confins-de-la-terra\\\/\",\"name\":\"La casa als confins de la terra | Laertes ediciones\",\"isPartOf\":{\"@id\":\"https:\\\/\\\/www.laertes.es\\\/ca\\\/#website\"},\"primaryImageOfPage\":{\"@id\":\"https:\\\/\\\/www.laertes.es\\\/ca\\\/llibre\\\/la-casa-als-confins-de-la-terra\\\/#primaryimage\"},\"image\":{\"@id\":\"https:\\\/\\\/www.laertes.es\\\/ca\\\/llibre\\\/la-casa-als-confins-de-la-terra\\\/#primaryimage\"},\"thumbnailUrl\":\"https:\\\/\\\/www.laertes.es\\\/wp-content\\\/uploads\\\/2024\\\/11\\\/ARC124.webp\",\"datePublished\":\"2024-11-15T09:50:10+00:00\",\"dateModified\":\"2025-05-07T18:15:44+00:00\",\"description\":\"Hist\u00f2ria de monstres grotescos que habiten un m\u00f3n aterridor on la superviv\u00e8ncia es converteix en una lluita constant contra l\u2019horror.\",\"breadcrumb\":{\"@id\":\"https:\\\/\\\/www.laertes.es\\\/ca\\\/llibre\\\/la-casa-als-confins-de-la-terra\\\/#breadcrumb\"},\"inLanguage\":\"ca\",\"potentialAction\":[{\"@type\":\"ReadAction\",\"target\":[\"https:\\\/\\\/www.laertes.es\\\/ca\\\/llibre\\\/la-casa-als-confins-de-la-terra\\\/\"]}]},{\"@type\":\"ImageObject\",\"inLanguage\":\"ca\",\"@id\":\"https:\\\/\\\/www.laertes.es\\\/ca\\\/llibre\\\/la-casa-als-confins-de-la-terra\\\/#primaryimage\",\"url\":\"https:\\\/\\\/www.laertes.es\\\/wp-content\\\/uploads\\\/2024\\\/11\\\/ARC124.webp\",\"contentUrl\":\"https:\\\/\\\/www.laertes.es\\\/wp-content\\\/uploads\\\/2024\\\/11\\\/ARC124.webp\",\"width\":802,\"height\":1200,\"caption\":\"La casa als confins de la terra\"},{\"@type\":\"BreadcrumbList\",\"@id\":\"https:\\\/\\\/www.laertes.es\\\/ca\\\/llibre\\\/la-casa-als-confins-de-la-terra\\\/#breadcrumb\",\"itemListElement\":[{\"@type\":\"ListItem\",\"position\":1,\"name\":\"Portada\",\"item\":\"https:\\\/\\\/www.laertes.es\\\/ca\\\/\"},{\"@type\":\"ListItem\",\"position\":2,\"name\":\"Tienda\",\"item\":\"https:\\\/\\\/www.laertes.es\\\/tienda\\\/\"},{\"@type\":\"ListItem\",\"position\":3,\"name\":\"La casa als confins de la terra\"}]},{\"@type\":\"WebSite\",\"@id\":\"https:\\\/\\\/www.laertes.es\\\/ca\\\/#website\",\"url\":\"https:\\\/\\\/www.laertes.es\\\/ca\\\/\",\"name\":\"Laertes Ediciones\",\"description\":\"Editorial independiente desde 1975\",\"alternateName\":\"Laertes\",\"potentialAction\":[{\"@type\":\"SearchAction\",\"target\":{\"@type\":\"EntryPoint\",\"urlTemplate\":\"https:\\\/\\\/www.laertes.es\\\/ca\\\/?s={search_term_string}\"},\"query-input\":{\"@type\":\"PropertyValueSpecification\",\"valueRequired\":true,\"valueName\":\"search_term_string\"}}],\"inLanguage\":\"ca\"}]}<\/script>\n<!-- \/ Yoast SEO plugin. -->","yoast_head_json":{"title":"La casa als confins de la terra | Laertes ediciones","description":"Hist\u00f2ria de monstres grotescos que habiten un m\u00f3n aterridor on la superviv\u00e8ncia es converteix en una lluita constant contra l\u2019horror.","robots":{"index":"index","follow":"follow","max-snippet":"max-snippet:-1","max-image-preview":"max-image-preview:large","max-video-preview":"max-video-preview:-1"},"canonical":"https:\/\/www.laertes.es\/ca\/llibre\/la-casa-als-confins-de-la-terra\/","og_locale":"ca_ES","og_type":"article","og_title":"La casa als confins de la terra | Laertes ediciones","og_description":"Hist\u00f2ria de monstres grotescos que habiten un m\u00f3n aterridor on la superviv\u00e8ncia es converteix en una lluita constant contra l\u2019horror.","og_url":"https:\/\/www.laertes.es\/ca\/llibre\/la-casa-als-confins-de-la-terra\/","og_site_name":"Laertes ediciones","article_modified_time":"2025-05-07T18:15:44+00:00","og_image":[{"width":802,"height":1200,"url":"https:\/\/www.laertes.es\/wp-content\/uploads\/2024\/11\/ARC124.webp","type":"image\/webp"}],"twitter_misc":{"Temps estimat de lectura":"1 minut"},"schema":{"@context":"https:\/\/schema.org","@graph":[{"@type":"WebPage","@id":"https:\/\/www.laertes.es\/ca\/llibre\/la-casa-als-confins-de-la-terra\/","url":"https:\/\/www.laertes.es\/ca\/llibre\/la-casa-als-confins-de-la-terra\/","name":"La casa als confins de la terra | Laertes ediciones","isPartOf":{"@id":"https:\/\/www.laertes.es\/ca\/#website"},"primaryImageOfPage":{"@id":"https:\/\/www.laertes.es\/ca\/llibre\/la-casa-als-confins-de-la-terra\/#primaryimage"},"image":{"@id":"https:\/\/www.laertes.es\/ca\/llibre\/la-casa-als-confins-de-la-terra\/#primaryimage"},"thumbnailUrl":"https:\/\/www.laertes.es\/wp-content\/uploads\/2024\/11\/ARC124.webp","datePublished":"2024-11-15T09:50:10+00:00","dateModified":"2025-05-07T18:15:44+00:00","description":"Hist\u00f2ria de monstres grotescos que habiten un m\u00f3n aterridor on la superviv\u00e8ncia es converteix en una lluita constant contra l\u2019horror.","breadcrumb":{"@id":"https:\/\/www.laertes.es\/ca\/llibre\/la-casa-als-confins-de-la-terra\/#breadcrumb"},"inLanguage":"ca","potentialAction":[{"@type":"ReadAction","target":["https:\/\/www.laertes.es\/ca\/llibre\/la-casa-als-confins-de-la-terra\/"]}]},{"@type":"ImageObject","inLanguage":"ca","@id":"https:\/\/www.laertes.es\/ca\/llibre\/la-casa-als-confins-de-la-terra\/#primaryimage","url":"https:\/\/www.laertes.es\/wp-content\/uploads\/2024\/11\/ARC124.webp","contentUrl":"https:\/\/www.laertes.es\/wp-content\/uploads\/2024\/11\/ARC124.webp","width":802,"height":1200,"caption":"La casa als confins de la terra"},{"@type":"BreadcrumbList","@id":"https:\/\/www.laertes.es\/ca\/llibre\/la-casa-als-confins-de-la-terra\/#breadcrumb","itemListElement":[{"@type":"ListItem","position":1,"name":"Portada","item":"https:\/\/www.laertes.es\/ca\/"},{"@type":"ListItem","position":2,"name":"Tienda","item":"https:\/\/www.laertes.es\/tienda\/"},{"@type":"ListItem","position":3,"name":"La casa als confins de la terra"}]},{"@type":"WebSite","@id":"https:\/\/www.laertes.es\/ca\/#website","url":"https:\/\/www.laertes.es\/ca\/","name":"Laertes Ediciones","description":"Editorial independiente desde 1975","alternateName":"Laertes","potentialAction":[{"@type":"SearchAction","target":{"@type":"EntryPoint","urlTemplate":"https:\/\/www.laertes.es\/ca\/?s={search_term_string}"},"query-input":{"@type":"PropertyValueSpecification","valueRequired":true,"valueName":"search_term_string"}}],"inLanguage":"ca"}]}},"_links":{"self":[{"href":"https:\/\/www.laertes.es\/ca\/wp-json\/wp\/v2\/product\/15360","targetHints":{"allow":["GET"]}}],"collection":[{"href":"https:\/\/www.laertes.es\/ca\/wp-json\/wp\/v2\/product"}],"about":[{"href":"https:\/\/www.laertes.es\/ca\/wp-json\/wp\/v2\/types\/product"}],"version-history":[{"count":1,"href":"https:\/\/www.laertes.es\/ca\/wp-json\/wp\/v2\/product\/15360\/revisions"}],"predecessor-version":[{"id":15561,"href":"https:\/\/www.laertes.es\/ca\/wp-json\/wp\/v2\/product\/15360\/revisions\/15561"}],"wp:featuredmedia":[{"embeddable":true,"href":"https:\/\/www.laertes.es\/ca\/wp-json\/wp\/v2\/media\/15350"}],"wp:attachment":[{"href":"https:\/\/www.laertes.es\/ca\/wp-json\/wp\/v2\/media?parent=15360"}],"wp:term":[{"taxonomy":"product_brand","embeddable":true,"href":"https:\/\/www.laertes.es\/ca\/wp-json\/wp\/v2\/product_brand?post=15360"},{"taxonomy":"product_cat","embeddable":true,"href":"https:\/\/www.laertes.es\/ca\/wp-json\/wp\/v2\/product_cat?post=15360"},{"taxonomy":"product_tag","embeddable":true,"href":"https:\/\/www.laertes.es\/ca\/wp-json\/wp\/v2\/product_tag?post=15360"},{"taxonomy":"autores","embeddable":true,"href":"https:\/\/www.laertes.es\/ca\/wp-json\/wp\/v2\/autores?post=15360"},{"taxonomy":"formatos","embeddable":true,"href":"https:\/\/www.laertes.es\/ca\/wp-json\/wp\/v2\/formatos?post=15360"},{"taxonomy":"materias","embeddable":true,"href":"https:\/\/www.laertes.es\/ca\/wp-json\/wp\/v2\/materias?post=15360"}],"curies":[{"name":"wp","href":"https:\/\/api.w.org\/{rel}","templated":true}]}}