{"id":15359,"date":"2024-11-15T10:00:54","date_gmt":"2024-11-15T10:00:54","guid":{"rendered":"https:\/libro\/el-sabor-del-bosque\/"},"modified":"2024-11-15T10:00:54","modified_gmt":"2024-11-15T10:00:54","slug":"el-sabor-del-bosque","status":"publish","type":"product","link":"https:\/\/www.laertes.es\/ca\/llibre\/el-sabor-del-bosque\/","title":{"rendered":"El sabor del  bosque"},"content":{"rendered":"<p>Este libro est\u00e1 dirigido a toda la sociedad y a todos aquellos interesados en el mundo gastron\u00f3mico, incluyendo consumidores, productores, recolectores, empresas transformadoras y comercializadoras de productos forestales. Su prop\u00f3sito es destacar la necesidad de gestionar los bosques de manera sostenible frente a los retos y amenazas actuales. La emergencia clim\u00e1tica es cada vez m\u00e1s evidente en nuestro entorno, con el creciente riesgo de incendios forestales. El objetivo principal del libro es abordar esta problem\u00e1tica y convertirlo en una herramienta de concienciaci\u00f3n, utilizando un aspecto de nuestra vida cotidiana que disfrutamos profundamente: la alimentaci\u00f3n.<br \/>\nLos chefs han creado platos con productos del bosque, como carne de caza, cerdo ib\u00e9rico, carne de ganader\u00eda extensiva, as\u00ed como frutos del bosque como pi\u00f1ones, casta\u00f1as, setas, trufas y miel, todos provenientes de bosques gestionados de manera sostenible.<br \/>\nAl adquirir estos productos en restaurantes o mercados, no solo apoyamos a los campesinos y ganaderos locales, sino que tambi\u00e9n contribuimos a la gesti\u00f3n del paisaje, fomentamos los pastos y promovemos la gesti\u00f3n sostenible de los bosques.<br \/>\nAdem\u00e1s de promover productos gastron\u00f3micos forestales, es crucial prestar atenci\u00f3n a la compra de envases, mobiliario y papel. Debemos optar por productos certificados en origen, reciclables, renovables y biodegradables.<\/p>\n<p>Los chefs que han contribuido con sus recetas son: Ada Parellada, Carles Gaig, Carme Ruscalleda, Charo Val, la escuela ESHOB, Eduard Xatruch, Fina Puigdevall, los Hermanos Roca, los Hermanos Torres, Iolanda Bustos, Lluc Crusellas, Mateu Casa\u00f1as, Neus Faiges, Oriol Castro, Paco P\u00e9rez, Paolo Casagrande, Pere Planagum\u00e0, Rafa Mart\u00ednez, Rafel Muria, Sergi de Mei\u00e0, Toni Sala y Xavier Pellicer.<\/p>\n","protected":false},"excerpt":{"rendered":"<p>Este libro est\u00e1 dirigido a toda la sociedad y a todos aquellos interesados en el mundo gastron\u00f3mico<\/p>\n","protected":false},"featured_media":15357,"template":"","meta":[],"product_brand":[],"product_cat":[338],"product_tag":[1986,1987,1988,1989,1839,1990,1991,1840,1992,1993,1994,1995,1996,1997,1998,1999,2000,2001,2002,2003,2004,2005,2006,2007,2008],"autores":[428],"formatos":[],"materias":[369],"class_list":{"0":"post-15359","1":"product","2":"type-product","3":"status-publish","4":"has-post-thumbnail","6":"product_cat-otros-titulos-ca","7":"product_tag-ada-parellada-ca","8":"product_tag-carles-gaig-ca","9":"product_tag-carme-ruscalleda-ca","10":"product_tag-charo-val-ca","11":"product_tag-cocina-ca","12":"product_tag-eduard-xatruch-ca","13":"product_tag-fina-puigdevall-ca","14":"product_tag-gastronomia-ca","15":"product_tag-iolanda-bustos-ca","16":"product_tag-la-escuela-eshob-ca","17":"product_tag-lluc-crusellas-ca","18":"product_tag-los-hermanos-roca-ca","19":"product_tag-los-hermanos-torres-ca","20":"product_tag-marti-boada-ca","21":"product_tag-mateu-casanas-ca","22":"product_tag-neus-faiges-ca","23":"product_tag-oriol-castro-ca","24":"product_tag-paco-perez-ca","25":"product_tag-paolo-casagrande-ca","26":"product_tag-pere-planaguma-ca","27":"product_tag-rafa-martinez-ca","28":"product_tag-rafel-muria-ca","29":"product_tag-sergi-de-meia-ca","30":"product_tag-sostenibilitat-ca","31":"product_tag-toni-sala-ca","32":"autores-aa-vv-ca","33":"materias-gastronomia-ca","35":"first","36":"instock","37":"taxable","38":"shipping-taxable","39":"purchasable","40":"product-type-simple"},"yoast_head":"<!-- This site is optimized with the Yoast SEO plugin v27.4 - https:\/\/yoast.com\/product\/yoast-seo-wordpress\/ -->\n<title>El sabor del bosque | Laertes ediciones<\/title>\n<meta name=\"description\" content=\"El sabor del bosque. Este libro est\u00e1 dirigido a toda la sociedad y a todos aquellos interesados en el mundo gastron\u00f3mico | Laertes ediciones\" \/>\n<meta name=\"robots\" content=\"index, follow, max-snippet:-1, max-image-preview:large, max-video-preview:-1\" \/>\n<link rel=\"canonical\" href=\"https:\/\/www.laertes.es\/ca\/llibre\/el-sabor-del-bosque\/\" \/>\n<meta property=\"og:locale\" content=\"ca_ES\" \/>\n<meta property=\"og:type\" content=\"article\" \/>\n<meta property=\"og:title\" content=\"El sabor del bosque | Laertes ediciones\" \/>\n<meta property=\"og:description\" content=\"El sabor del bosque. Este libro est\u00e1 dirigido a toda la sociedad y a todos aquellos interesados en el mundo gastron\u00f3mico | Laertes ediciones\" \/>\n<meta property=\"og:url\" content=\"https:\/\/www.laertes.es\/ca\/llibre\/el-sabor-del-bosque\/\" \/>\n<meta property=\"og:site_name\" content=\"Laertes ediciones\" \/>\n<meta property=\"og:image\" content=\"https:\/\/www.laertes.es\/wp-content\/uploads\/2024\/11\/sabor.webp\" \/>\n\t<meta property=\"og:image:width\" content=\"802\" \/>\n\t<meta property=\"og:image:height\" content=\"1200\" \/>\n\t<meta property=\"og:image:type\" content=\"image\/webp\" \/>\n<meta name=\"twitter:label1\" content=\"Temps estimat de lectura\" \/>\n\t<meta name=\"twitter:data1\" content=\"2 minuts\" \/>\n<script type=\"application\/ld+json\" class=\"yoast-schema-graph\">{\"@context\":\"https:\\\/\\\/schema.org\",\"@graph\":[{\"@type\":\"WebPage\",\"@id\":\"https:\\\/\\\/www.laertes.es\\\/ca\\\/llibre\\\/el-sabor-del-bosque\\\/\",\"url\":\"https:\\\/\\\/www.laertes.es\\\/ca\\\/llibre\\\/el-sabor-del-bosque\\\/\",\"name\":\"El sabor del bosque | Laertes ediciones\",\"isPartOf\":{\"@id\":\"https:\\\/\\\/www.laertes.es\\\/ca\\\/#website\"},\"primaryImageOfPage\":{\"@id\":\"https:\\\/\\\/www.laertes.es\\\/ca\\\/llibre\\\/el-sabor-del-bosque\\\/#primaryimage\"},\"image\":{\"@id\":\"https:\\\/\\\/www.laertes.es\\\/ca\\\/llibre\\\/el-sabor-del-bosque\\\/#primaryimage\"},\"thumbnailUrl\":\"https:\\\/\\\/www.laertes.es\\\/wp-content\\\/uploads\\\/2024\\\/11\\\/sabor.webp\",\"datePublished\":\"2024-11-15T10:00:54+00:00\",\"description\":\"El sabor del bosque. Este libro est\u00e1 dirigido a toda la sociedad y a todos aquellos interesados en el mundo gastron\u00f3mico | Laertes ediciones\",\"breadcrumb\":{\"@id\":\"https:\\\/\\\/www.laertes.es\\\/ca\\\/llibre\\\/el-sabor-del-bosque\\\/#breadcrumb\"},\"inLanguage\":\"ca\",\"potentialAction\":[{\"@type\":\"ReadAction\",\"target\":[\"https:\\\/\\\/www.laertes.es\\\/ca\\\/llibre\\\/el-sabor-del-bosque\\\/\"]}]},{\"@type\":\"ImageObject\",\"inLanguage\":\"ca\",\"@id\":\"https:\\\/\\\/www.laertes.es\\\/ca\\\/llibre\\\/el-sabor-del-bosque\\\/#primaryimage\",\"url\":\"https:\\\/\\\/www.laertes.es\\\/wp-content\\\/uploads\\\/2024\\\/11\\\/sabor.webp\",\"contentUrl\":\"https:\\\/\\\/www.laertes.es\\\/wp-content\\\/uploads\\\/2024\\\/11\\\/sabor.webp\",\"width\":802,\"height\":1200,\"caption\":\"El sabor del bosque\"},{\"@type\":\"BreadcrumbList\",\"@id\":\"https:\\\/\\\/www.laertes.es\\\/ca\\\/llibre\\\/el-sabor-del-bosque\\\/#breadcrumb\",\"itemListElement\":[{\"@type\":\"ListItem\",\"position\":1,\"name\":\"Portada\",\"item\":\"https:\\\/\\\/www.laertes.es\\\/ca\\\/\"},{\"@type\":\"ListItem\",\"position\":2,\"name\":\"Tienda\",\"item\":\"https:\\\/\\\/www.laertes.es\\\/tienda\\\/\"},{\"@type\":\"ListItem\",\"position\":3,\"name\":\"El sabor del bosque\"}]},{\"@type\":\"WebSite\",\"@id\":\"https:\\\/\\\/www.laertes.es\\\/ca\\\/#website\",\"url\":\"https:\\\/\\\/www.laertes.es\\\/ca\\\/\",\"name\":\"Laertes Ediciones\",\"description\":\"Editorial independiente desde 1975\",\"alternateName\":\"Laertes\",\"potentialAction\":[{\"@type\":\"SearchAction\",\"target\":{\"@type\":\"EntryPoint\",\"urlTemplate\":\"https:\\\/\\\/www.laertes.es\\\/ca\\\/?s={search_term_string}\"},\"query-input\":{\"@type\":\"PropertyValueSpecification\",\"valueRequired\":true,\"valueName\":\"search_term_string\"}}],\"inLanguage\":\"ca\"}]}<\/script>\n<!-- \/ Yoast SEO plugin. -->","yoast_head_json":{"title":"El sabor del bosque | Laertes ediciones","description":"El sabor del bosque. Este libro est\u00e1 dirigido a toda la sociedad y a todos aquellos interesados en el mundo gastron\u00f3mico | Laertes ediciones","robots":{"index":"index","follow":"follow","max-snippet":"max-snippet:-1","max-image-preview":"max-image-preview:large","max-video-preview":"max-video-preview:-1"},"canonical":"https:\/\/www.laertes.es\/ca\/llibre\/el-sabor-del-bosque\/","og_locale":"ca_ES","og_type":"article","og_title":"El sabor del bosque | Laertes ediciones","og_description":"El sabor del bosque. Este libro est\u00e1 dirigido a toda la sociedad y a todos aquellos interesados en el mundo gastron\u00f3mico | Laertes ediciones","og_url":"https:\/\/www.laertes.es\/ca\/llibre\/el-sabor-del-bosque\/","og_site_name":"Laertes ediciones","og_image":[{"width":802,"height":1200,"url":"https:\/\/www.laertes.es\/wp-content\/uploads\/2024\/11\/sabor.webp","type":"image\/webp"}],"twitter_misc":{"Temps estimat de lectura":"2 minuts"},"schema":{"@context":"https:\/\/schema.org","@graph":[{"@type":"WebPage","@id":"https:\/\/www.laertes.es\/ca\/llibre\/el-sabor-del-bosque\/","url":"https:\/\/www.laertes.es\/ca\/llibre\/el-sabor-del-bosque\/","name":"El sabor del bosque | Laertes ediciones","isPartOf":{"@id":"https:\/\/www.laertes.es\/ca\/#website"},"primaryImageOfPage":{"@id":"https:\/\/www.laertes.es\/ca\/llibre\/el-sabor-del-bosque\/#primaryimage"},"image":{"@id":"https:\/\/www.laertes.es\/ca\/llibre\/el-sabor-del-bosque\/#primaryimage"},"thumbnailUrl":"https:\/\/www.laertes.es\/wp-content\/uploads\/2024\/11\/sabor.webp","datePublished":"2024-11-15T10:00:54+00:00","description":"El sabor del bosque. Este libro est\u00e1 dirigido a toda la sociedad y a todos aquellos interesados en el mundo gastron\u00f3mico | Laertes ediciones","breadcrumb":{"@id":"https:\/\/www.laertes.es\/ca\/llibre\/el-sabor-del-bosque\/#breadcrumb"},"inLanguage":"ca","potentialAction":[{"@type":"ReadAction","target":["https:\/\/www.laertes.es\/ca\/llibre\/el-sabor-del-bosque\/"]}]},{"@type":"ImageObject","inLanguage":"ca","@id":"https:\/\/www.laertes.es\/ca\/llibre\/el-sabor-del-bosque\/#primaryimage","url":"https:\/\/www.laertes.es\/wp-content\/uploads\/2024\/11\/sabor.webp","contentUrl":"https:\/\/www.laertes.es\/wp-content\/uploads\/2024\/11\/sabor.webp","width":802,"height":1200,"caption":"El sabor del bosque"},{"@type":"BreadcrumbList","@id":"https:\/\/www.laertes.es\/ca\/llibre\/el-sabor-del-bosque\/#breadcrumb","itemListElement":[{"@type":"ListItem","position":1,"name":"Portada","item":"https:\/\/www.laertes.es\/ca\/"},{"@type":"ListItem","position":2,"name":"Tienda","item":"https:\/\/www.laertes.es\/tienda\/"},{"@type":"ListItem","position":3,"name":"El sabor del bosque"}]},{"@type":"WebSite","@id":"https:\/\/www.laertes.es\/ca\/#website","url":"https:\/\/www.laertes.es\/ca\/","name":"Laertes Ediciones","description":"Editorial independiente desde 1975","alternateName":"Laertes","potentialAction":[{"@type":"SearchAction","target":{"@type":"EntryPoint","urlTemplate":"https:\/\/www.laertes.es\/ca\/?s={search_term_string}"},"query-input":{"@type":"PropertyValueSpecification","valueRequired":true,"valueName":"search_term_string"}}],"inLanguage":"ca"}]}},"_links":{"self":[{"href":"https:\/\/www.laertes.es\/ca\/wp-json\/wp\/v2\/product\/15359","targetHints":{"allow":["GET"]}}],"collection":[{"href":"https:\/\/www.laertes.es\/ca\/wp-json\/wp\/v2\/product"}],"about":[{"href":"https:\/\/www.laertes.es\/ca\/wp-json\/wp\/v2\/types\/product"}],"version-history":[{"count":0,"href":"https:\/\/www.laertes.es\/ca\/wp-json\/wp\/v2\/product\/15359\/revisions"}],"wp:featuredmedia":[{"embeddable":true,"href":"https:\/\/www.laertes.es\/ca\/wp-json\/wp\/v2\/media\/15357"}],"wp:attachment":[{"href":"https:\/\/www.laertes.es\/ca\/wp-json\/wp\/v2\/media?parent=15359"}],"wp:term":[{"taxonomy":"product_brand","embeddable":true,"href":"https:\/\/www.laertes.es\/ca\/wp-json\/wp\/v2\/product_brand?post=15359"},{"taxonomy":"product_cat","embeddable":true,"href":"https:\/\/www.laertes.es\/ca\/wp-json\/wp\/v2\/product_cat?post=15359"},{"taxonomy":"product_tag","embeddable":true,"href":"https:\/\/www.laertes.es\/ca\/wp-json\/wp\/v2\/product_tag?post=15359"},{"taxonomy":"autores","embeddable":true,"href":"https:\/\/www.laertes.es\/ca\/wp-json\/wp\/v2\/autores?post=15359"},{"taxonomy":"formatos","embeddable":true,"href":"https:\/\/www.laertes.es\/ca\/wp-json\/wp\/v2\/formatos?post=15359"},{"taxonomy":"materias","embeddable":true,"href":"https:\/\/www.laertes.es\/ca\/wp-json\/wp\/v2\/materias?post=15359"}],"curies":[{"name":"wp","href":"https:\/\/api.w.org\/{rel}","templated":true}]}}