{"id":15322,"date":"2024-10-07T11:20:40","date_gmt":"2024-10-07T11:20:40","guid":{"rendered":"https:\/?post_type=product&#038;p=15322"},"modified":"2024-10-07T11:20:41","modified_gmt":"2024-10-07T11:20:41","slug":"mas-contradicciones-que-certezas","status":"publish","type":"product","link":"https:\/\/www.laertes.es\/ca\/llibre\/mas-contradicciones-que-certezas\/","title":{"rendered":"M\u00e1s contradicciones que certezas"},"content":{"rendered":"<p>Lo que Stanislavsky intu\u00eda a partir de la observaci\u00f3n de sus actores a principios del siglo 20, ahora, la neurociencia lo explica desde un punto de vista cient\u00edfico. Como dijo Peter Brook \u00abla neurociencia ha empezado a comprender lo que el teatro ha sabido desde siempre\u00bb.<br \/>\nA partir de esta idea Javi Luna ha centrado su trabajo e investigaci\u00f3n de los \u00faltimos a\u00f1os. Al estudio de los grandes maestros de la interpretaci\u00f3n ha unido el estudio de algunos de los nombres que m\u00e1s importancia est\u00e1n cobrando en el mundo de la neurociencia (Antonio Dam\u00e1sio, Giacomo Rizzolatti, Ignacio Morgado, Nazareth Castellanos o Mariano Sigma). Pero desde un punto de vista pr\u00e1ctico y experimental, usando sus clases como laboratorio donde \u00abtestar\u00bb cada una de las conexiones que intu\u00eda entre estos dos mundos. Un viaje fascinante, que le ha ayudado a entender \u00abel porqu\u00e9 de esas cosas que los actores y los directores hacemos o decimos, sin saber muy bien el por qu\u00e9\u00bb.<br \/>\nEl resultado es un estudio pr\u00e1ctico y lleno de ejemplos concretos. Cuestiones como la memoria, las neuronas espejo, las emociones y los sentimientos, el proceso de identificaci\u00f3n personaje\/actor\/espectador, la creatividad, la imaginaci\u00f3n y la intuici\u00f3n; explicados y dirigidos al servicio del arte actoral. Todo con el fin de dotar al int\u00e9rprete de unas herramientas concretas, que le den seguridad y confianza. En nuestro cerebro est\u00e1 la base de nuestro comportamiento (de nuestras emociones y sentimientos), entendamos c\u00f3mo funciona y tal vez podamos comportarnos (emocionarnos y sentir) como lo har\u00eda nuestro personaje.<\/p>\n","protected":false},"excerpt":{"rendered":"<p>El\u00a0 libro de Javi Luna es un estudio muy pr\u00e1ctico y lleno de ejemplos concretos. Cuestiones como la memoria, las neuronas espejo, las emociones y los sentimientos, el proceso de identificaci\u00f3n personaje\/actor\/espectador, la creatividad, la imaginaci\u00f3n y la intuici\u00f3n; explicados y dirigidos al servicio del arte actoral.<\/p>\n","protected":false},"featured_media":15323,"template":"","meta":[],"product_brand":[],"product_cat":[272],"product_tag":[504,1954,1953,1720],"autores":[1952],"formatos":[139],"materias":[302,305],"class_list":{"0":"post-15322","1":"product","2":"type-product","3":"status-publish","4":"has-post-thumbnail","6":"product_cat-kaplan","7":"product_tag-cine","8":"product_tag-direccion","9":"product_tag-interpretacion","10":"product_tag-psicologia","11":"autores-luna-javi","12":"formatos-libro","13":"materias-cine-y-tv","14":"materias-educacion","16":"first","17":"instock","18":"taxable","19":"shipping-taxable","20":"purchasable","21":"product-type-simple"},"yoast_head":"<!-- This site is optimized with the Yoast SEO plugin v27.3 - https:\/\/yoast.com\/product\/yoast-seo-wordpress\/ -->\n<title>M\u00e1s contradicciones que certezas | Laertes ediciones<\/title>\n<meta name=\"robots\" content=\"index, follow, max-snippet:-1, max-image-preview:large, max-video-preview:-1\" \/>\n<link rel=\"canonical\" href=\"https:\/\/www.laertes.es\/ca\/llibre\/mas-contradicciones-que-certezas\/\" \/>\n<meta property=\"og:locale\" content=\"ca_ES\" \/>\n<meta property=\"og:type\" content=\"article\" \/>\n<meta property=\"og:title\" content=\"M\u00e1s contradicciones que certezas | Laertes ediciones\" \/>\n<meta property=\"og:description\" content=\"El\u00a0 libro de Javi Luna es un estudio muy pr\u00e1ctico y lleno de ejemplos concretos. Cuestiones como la memoria, las neuronas espejo, las emociones y los sentimientos, el proceso de identificaci\u00f3n personaje\/actor\/espectador, la creatividad, la imaginaci\u00f3n y la intuici\u00f3n; explicados y dirigidos al servicio del arte actoral.\" \/>\n<meta property=\"og:url\" content=\"https:\/\/www.laertes.es\/ca\/llibre\/mas-contradicciones-que-certezas\/\" \/>\n<meta property=\"og:site_name\" content=\"Laertes ediciones\" \/>\n<meta property=\"article:modified_time\" content=\"2024-10-07T11:20:41+00:00\" \/>\n<meta property=\"og:image\" content=\"https:\/\/www.laertes.es\/wp-content\/uploads\/2024\/10\/KAP075.webp\" \/>\n\t<meta property=\"og:image:width\" content=\"802\" \/>\n\t<meta property=\"og:image:height\" content=\"1200\" \/>\n\t<meta property=\"og:image:type\" content=\"image\/webp\" \/>\n<meta name=\"twitter:label1\" content=\"Temps estimat de lectura\" \/>\n\t<meta name=\"twitter:data1\" content=\"2 minuts\" \/>\n<script type=\"application\/ld+json\" class=\"yoast-schema-graph\">{\"@context\":\"https:\\\/\\\/schema.org\",\"@graph\":[{\"@type\":\"WebPage\",\"@id\":\"https:\\\/\\\/www.laertes.es\\\/ca\\\/llibre\\\/mas-contradicciones-que-certezas\\\/\",\"url\":\"https:\\\/\\\/www.laertes.es\\\/ca\\\/llibre\\\/mas-contradicciones-que-certezas\\\/\",\"name\":\"M\u00e1s contradicciones que certezas | Laertes ediciones\",\"isPartOf\":{\"@id\":\"https:\\\/\\\/www.laertes.es\\\/ca\\\/#website\"},\"primaryImageOfPage\":{\"@id\":\"https:\\\/\\\/www.laertes.es\\\/ca\\\/llibre\\\/mas-contradicciones-que-certezas\\\/#primaryimage\"},\"image\":{\"@id\":\"https:\\\/\\\/www.laertes.es\\\/ca\\\/llibre\\\/mas-contradicciones-que-certezas\\\/#primaryimage\"},\"thumbnailUrl\":\"https:\\\/\\\/www.laertes.es\\\/wp-content\\\/uploads\\\/2024\\\/10\\\/KAP075.webp\",\"datePublished\":\"2024-10-07T11:20:40+00:00\",\"dateModified\":\"2024-10-07T11:20:41+00:00\",\"breadcrumb\":{\"@id\":\"https:\\\/\\\/www.laertes.es\\\/ca\\\/llibre\\\/mas-contradicciones-que-certezas\\\/#breadcrumb\"},\"inLanguage\":\"ca\",\"potentialAction\":[{\"@type\":\"ReadAction\",\"target\":[\"https:\\\/\\\/www.laertes.es\\\/ca\\\/llibre\\\/mas-contradicciones-que-certezas\\\/\"]}]},{\"@type\":\"ImageObject\",\"inLanguage\":\"ca\",\"@id\":\"https:\\\/\\\/www.laertes.es\\\/ca\\\/llibre\\\/mas-contradicciones-que-certezas\\\/#primaryimage\",\"url\":\"https:\\\/\\\/www.laertes.es\\\/wp-content\\\/uploads\\\/2024\\\/10\\\/KAP075.webp\",\"contentUrl\":\"https:\\\/\\\/www.laertes.es\\\/wp-content\\\/uploads\\\/2024\\\/10\\\/KAP075.webp\",\"width\":802,\"height\":1200,\"caption\":\"M\u00e1s contradicciones que certezas\"},{\"@type\":\"BreadcrumbList\",\"@id\":\"https:\\\/\\\/www.laertes.es\\\/ca\\\/llibre\\\/mas-contradicciones-que-certezas\\\/#breadcrumb\",\"itemListElement\":[{\"@type\":\"ListItem\",\"position\":1,\"name\":\"Portada\",\"item\":\"https:\\\/\\\/www.laertes.es\\\/ca\\\/\"},{\"@type\":\"ListItem\",\"position\":2,\"name\":\"Tienda\",\"item\":\"https:\\\/\\\/www.laertes.es\\\/tienda\\\/\"},{\"@type\":\"ListItem\",\"position\":3,\"name\":\"M\u00e1s contradicciones que certezas\"}]},{\"@type\":\"WebSite\",\"@id\":\"https:\\\/\\\/www.laertes.es\\\/ca\\\/#website\",\"url\":\"https:\\\/\\\/www.laertes.es\\\/ca\\\/\",\"name\":\"Laertes Ediciones\",\"description\":\"Editorial independiente desde 1975\",\"alternateName\":\"Laertes\",\"potentialAction\":[{\"@type\":\"SearchAction\",\"target\":{\"@type\":\"EntryPoint\",\"urlTemplate\":\"https:\\\/\\\/www.laertes.es\\\/ca\\\/?s={search_term_string}\"},\"query-input\":{\"@type\":\"PropertyValueSpecification\",\"valueRequired\":true,\"valueName\":\"search_term_string\"}}],\"inLanguage\":\"ca\"}]}<\/script>\n<!-- \/ Yoast SEO plugin. -->","yoast_head_json":{"title":"M\u00e1s contradicciones que certezas | Laertes ediciones","robots":{"index":"index","follow":"follow","max-snippet":"max-snippet:-1","max-image-preview":"max-image-preview:large","max-video-preview":"max-video-preview:-1"},"canonical":"https:\/\/www.laertes.es\/ca\/llibre\/mas-contradicciones-que-certezas\/","og_locale":"ca_ES","og_type":"article","og_title":"M\u00e1s contradicciones que certezas | Laertes ediciones","og_description":"El\u00a0 libro de Javi Luna es un estudio muy pr\u00e1ctico y lleno de ejemplos concretos. Cuestiones como la memoria, las neuronas espejo, las emociones y los sentimientos, el proceso de identificaci\u00f3n personaje\/actor\/espectador, la creatividad, la imaginaci\u00f3n y la intuici\u00f3n; explicados y dirigidos al servicio del arte actoral.","og_url":"https:\/\/www.laertes.es\/ca\/llibre\/mas-contradicciones-que-certezas\/","og_site_name":"Laertes ediciones","article_modified_time":"2024-10-07T11:20:41+00:00","og_image":[{"width":802,"height":1200,"url":"https:\/\/www.laertes.es\/wp-content\/uploads\/2024\/10\/KAP075.webp","type":"image\/webp"}],"twitter_misc":{"Temps estimat de lectura":"2 minuts"},"schema":{"@context":"https:\/\/schema.org","@graph":[{"@type":"WebPage","@id":"https:\/\/www.laertes.es\/ca\/llibre\/mas-contradicciones-que-certezas\/","url":"https:\/\/www.laertes.es\/ca\/llibre\/mas-contradicciones-que-certezas\/","name":"M\u00e1s contradicciones que certezas | Laertes ediciones","isPartOf":{"@id":"https:\/\/www.laertes.es\/ca\/#website"},"primaryImageOfPage":{"@id":"https:\/\/www.laertes.es\/ca\/llibre\/mas-contradicciones-que-certezas\/#primaryimage"},"image":{"@id":"https:\/\/www.laertes.es\/ca\/llibre\/mas-contradicciones-que-certezas\/#primaryimage"},"thumbnailUrl":"https:\/\/www.laertes.es\/wp-content\/uploads\/2024\/10\/KAP075.webp","datePublished":"2024-10-07T11:20:40+00:00","dateModified":"2024-10-07T11:20:41+00:00","breadcrumb":{"@id":"https:\/\/www.laertes.es\/ca\/llibre\/mas-contradicciones-que-certezas\/#breadcrumb"},"inLanguage":"ca","potentialAction":[{"@type":"ReadAction","target":["https:\/\/www.laertes.es\/ca\/llibre\/mas-contradicciones-que-certezas\/"]}]},{"@type":"ImageObject","inLanguage":"ca","@id":"https:\/\/www.laertes.es\/ca\/llibre\/mas-contradicciones-que-certezas\/#primaryimage","url":"https:\/\/www.laertes.es\/wp-content\/uploads\/2024\/10\/KAP075.webp","contentUrl":"https:\/\/www.laertes.es\/wp-content\/uploads\/2024\/10\/KAP075.webp","width":802,"height":1200,"caption":"M\u00e1s contradicciones que certezas"},{"@type":"BreadcrumbList","@id":"https:\/\/www.laertes.es\/ca\/llibre\/mas-contradicciones-que-certezas\/#breadcrumb","itemListElement":[{"@type":"ListItem","position":1,"name":"Portada","item":"https:\/\/www.laertes.es\/ca\/"},{"@type":"ListItem","position":2,"name":"Tienda","item":"https:\/\/www.laertes.es\/tienda\/"},{"@type":"ListItem","position":3,"name":"M\u00e1s contradicciones que certezas"}]},{"@type":"WebSite","@id":"https:\/\/www.laertes.es\/ca\/#website","url":"https:\/\/www.laertes.es\/ca\/","name":"Laertes Ediciones","description":"Editorial independiente desde 1975","alternateName":"Laertes","potentialAction":[{"@type":"SearchAction","target":{"@type":"EntryPoint","urlTemplate":"https:\/\/www.laertes.es\/ca\/?s={search_term_string}"},"query-input":{"@type":"PropertyValueSpecification","valueRequired":true,"valueName":"search_term_string"}}],"inLanguage":"ca"}]}},"_links":{"self":[{"href":"https:\/\/www.laertes.es\/ca\/wp-json\/wp\/v2\/product\/15322","targetHints":{"allow":["GET"]}}],"collection":[{"href":"https:\/\/www.laertes.es\/ca\/wp-json\/wp\/v2\/product"}],"about":[{"href":"https:\/\/www.laertes.es\/ca\/wp-json\/wp\/v2\/types\/product"}],"version-history":[{"count":1,"href":"https:\/\/www.laertes.es\/ca\/wp-json\/wp\/v2\/product\/15322\/revisions"}],"predecessor-version":[{"id":15325,"href":"https:\/\/www.laertes.es\/ca\/wp-json\/wp\/v2\/product\/15322\/revisions\/15325"}],"wp:featuredmedia":[{"embeddable":true,"href":"https:\/\/www.laertes.es\/ca\/wp-json\/wp\/v2\/media\/15323"}],"wp:attachment":[{"href":"https:\/\/www.laertes.es\/ca\/wp-json\/wp\/v2\/media?parent=15322"}],"wp:term":[{"taxonomy":"product_brand","embeddable":true,"href":"https:\/\/www.laertes.es\/ca\/wp-json\/wp\/v2\/product_brand?post=15322"},{"taxonomy":"product_cat","embeddable":true,"href":"https:\/\/www.laertes.es\/ca\/wp-json\/wp\/v2\/product_cat?post=15322"},{"taxonomy":"product_tag","embeddable":true,"href":"https:\/\/www.laertes.es\/ca\/wp-json\/wp\/v2\/product_tag?post=15322"},{"taxonomy":"autores","embeddable":true,"href":"https:\/\/www.laertes.es\/ca\/wp-json\/wp\/v2\/autores?post=15322"},{"taxonomy":"formatos","embeddable":true,"href":"https:\/\/www.laertes.es\/ca\/wp-json\/wp\/v2\/formatos?post=15322"},{"taxonomy":"materias","embeddable":true,"href":"https:\/\/www.laertes.es\/ca\/wp-json\/wp\/v2\/materias?post=15322"}],"curies":[{"name":"wp","href":"https:\/\/api.w.org\/{rel}","templated":true}]}}