{"id":15200,"date":"2024-06-05T09:24:31","date_gmt":"2024-06-05T09:24:31","guid":{"rendered":"https:\/?post_type=product&#038;p=15200"},"modified":"2025-05-07T18:31:53","modified_gmt":"2025-05-07T18:31:53","slug":"conan-7","status":"publish","type":"product","link":"https:\/\/www.laertes.es\/ca\/llibre\/conan-7\/","title":{"rendered":"C\u00f2nan 7"},"content":{"rendered":"<p>C\u00f2nan 7 Una ambiciosa conxorxa pol\u00edtica pret\u00e9n acabar amb el rei C\u00f2nan i apoderar-se d\u2019Aquil\u00f2nia; tanmateix, la sinistra nigrom\u00e0ncia que utilitzen els conspiradors per intentar-ho desferma unes forces terribles que no solament amenacen l\u2019exist\u00e8ncia del regne, sin\u00f3 tamb\u00e9 del m\u00f3n tal com es coneix. L\u2019hora del Drac, la narraci\u00f3 m\u00e9s extensa del llegendari C\u00f2nan, ens obsequia amb tots els ingredients de la fantasia heroica i molt m\u00e9s.<br \/>\nEl rerefons m\u00edtic, hist\u00f2ric i geopol\u00edtic de L\u2019era hib\u00f2ria situa la vida i els fets del b\u00e0rbar en un context f\u00edsic i cronol\u00f2gic molt m\u00e9s extens. De forma detallada i minuciosa, en Robert E. Howard explica els antecedents, l\u2019\u00e8poca de plenitud i les circumst\u00e0ncies que van propiciar l\u2019extinci\u00f3 de la civilitzaci\u00f3 hib\u00f2ria.<\/p>\n<p>C\u00f2nan 7 Robert Ervin Howard va n\u00e9ixer al poblet de Peaster,Texas, el 1906. Considerat un dels escriptors m\u00e9s rellevants de la literatura pulp, va publicar la majoria dels seus relats a la revista Weird Tales.<br \/>\nTot i que va conrear g\u00e8neres com el western, el rom\u00e0ntic o el negre-polic\u00edac, Howard ha passat a la posteritat com a un mestre del fant\u00e0stic i en concret de la fantasia heroica.<br \/>\nAmb una imaginaci\u00f3 desbordant, de la seva ploma en van n\u00e9ixer personatges com Kull el Conqueridor, Bran Mak Morn de la Bretanya o el purit\u00e0 Solomon Kane. Per\u00f2 si d\u2019entre totes les seves creacions en destaca alguna, aquesta \u00e9s C\u00f2nan el B\u00e0rbar, personatge que, gr\u00e0cies a les reedicions de butxaca, els c\u00f2mics i el cinema ha esdevingut una icona del segle xx i una pedra de toc ineludible del g\u00e8nere \u00abespasa i bruixeria\u00bb.<br \/>\nRobert Ervin Howard es va llevar la vida d\u2019un tret de rev\u00f2lver a Cross Plains, al mateix estat de Texas on va n\u00e9ixer, l\u2019any 1936.<\/p>\n","protected":false},"excerpt":{"rendered":"<p>Una ambiciosa conxorxa pol\u00edtica pret\u00e9n acabar amb el rei C\u00f2nan i apoderar-se d\u2019Aquil\u00f2nia; tanmateix, la sinistra nigrom\u00e0ncia que utilitzen els conspiradors per intentar-ho desferma unes forces terribles que no solament amenacen l\u2019exist\u00e8ncia del regne, sin\u00f3 tamb\u00e9 del m\u00f3n tal com es coneix. L\u2019hora del Drac, la narraci\u00f3 m\u00e9s extensa del llegendari C\u00f2nan, ens obsequia amb tots els ingredients de la fantasia heroica i molt m\u00e9s.<\/p>\n","protected":false},"featured_media":15201,"template":"","meta":[],"product_brand":[],"product_cat":[289],"product_tag":[680,1949,681],"autores":[265],"formatos":[139],"materias":[323],"class_list":{"0":"post-15200","1":"product","2":"type-product","3":"status-publish","4":"has-post-thumbnail","6":"product_cat-larca","7":"product_tag-espasa-i-bruixeria","8":"product_tag-fantasia","9":"product_tag-weird-tales","10":"autores-howard-robert-e","11":"formatos-libro","12":"materias-cuentos-clasicos-de-generos-fantasticos","14":"first","15":"instock","16":"taxable","17":"shipping-taxable","18":"purchasable","19":"product-type-simple"},"yoast_head":"<!-- This site is optimized with the Yoast SEO plugin v27.3 - https:\/\/yoast.com\/product\/yoast-seo-wordpress\/ -->\n<title>C\u00f2nan 7 | Laertes ediciones<\/title>\n<meta name=\"description\" content=\"Una ambiciosa conxorxa pol\u00edtica pret\u00e9n acabar amb el rei C\u00f2nan i apoderar-se d\u2019Aquil\u00f2nia. Una icona del segle xx | C\u00f2nan 7 | Laertes ediciones %\" \/>\n<meta name=\"robots\" content=\"index, follow, max-snippet:-1, max-image-preview:large, max-video-preview:-1\" \/>\n<link rel=\"canonical\" href=\"https:\/\/www.laertes.es\/ca\/llibre\/conan-7\/\" \/>\n<meta property=\"og:locale\" content=\"ca_ES\" \/>\n<meta property=\"og:type\" content=\"article\" \/>\n<meta property=\"og:title\" content=\"C\u00f2nan 7 | Laertes ediciones\" \/>\n<meta property=\"og:description\" content=\"Una ambiciosa conxorxa pol\u00edtica pret\u00e9n acabar amb el rei C\u00f2nan i apoderar-se d\u2019Aquil\u00f2nia. Una icona del segle xx | C\u00f2nan 7 | Laertes ediciones %\" \/>\n<meta property=\"og:url\" content=\"https:\/\/www.laertes.es\/ca\/llibre\/conan-7\/\" \/>\n<meta property=\"og:site_name\" content=\"Laertes ediciones\" \/>\n<meta property=\"article:modified_time\" content=\"2025-05-07T18:31:53+00:00\" \/>\n<meta property=\"og:image\" content=\"https:\/\/www.laertes.es\/wp-content\/uploads\/2024\/06\/ARC121.webp\" \/>\n\t<meta property=\"og:image:width\" content=\"802\" \/>\n\t<meta property=\"og:image:height\" content=\"1200\" \/>\n\t<meta property=\"og:image:type\" content=\"image\/webp\" \/>\n<meta name=\"twitter:label1\" content=\"Temps estimat de lectura\" \/>\n\t<meta name=\"twitter:data1\" content=\"2 minuts\" \/>\n<script type=\"application\/ld+json\" class=\"yoast-schema-graph\">{\"@context\":\"https:\\\/\\\/schema.org\",\"@graph\":[{\"@type\":\"WebPage\",\"@id\":\"https:\\\/\\\/www.laertes.es\\\/ca\\\/llibre\\\/conan-7\\\/\",\"url\":\"https:\\\/\\\/www.laertes.es\\\/ca\\\/llibre\\\/conan-7\\\/\",\"name\":\"C\u00f2nan 7 | Laertes ediciones\",\"isPartOf\":{\"@id\":\"https:\\\/\\\/www.laertes.es\\\/ca\\\/#website\"},\"primaryImageOfPage\":{\"@id\":\"https:\\\/\\\/www.laertes.es\\\/ca\\\/llibre\\\/conan-7\\\/#primaryimage\"},\"image\":{\"@id\":\"https:\\\/\\\/www.laertes.es\\\/ca\\\/llibre\\\/conan-7\\\/#primaryimage\"},\"thumbnailUrl\":\"https:\\\/\\\/www.laertes.es\\\/wp-content\\\/uploads\\\/2024\\\/06\\\/ARC121.webp\",\"datePublished\":\"2024-06-05T09:24:31+00:00\",\"dateModified\":\"2025-05-07T18:31:53+00:00\",\"description\":\"Una ambiciosa conxorxa pol\u00edtica pret\u00e9n acabar amb el rei C\u00f2nan i apoderar-se d\u2019Aquil\u00f2nia. Una icona del segle xx | C\u00f2nan 7 | Laertes ediciones %\",\"breadcrumb\":{\"@id\":\"https:\\\/\\\/www.laertes.es\\\/ca\\\/llibre\\\/conan-7\\\/#breadcrumb\"},\"inLanguage\":\"ca\",\"potentialAction\":[{\"@type\":\"ReadAction\",\"target\":[\"https:\\\/\\\/www.laertes.es\\\/ca\\\/llibre\\\/conan-7\\\/\"]}]},{\"@type\":\"ImageObject\",\"inLanguage\":\"ca\",\"@id\":\"https:\\\/\\\/www.laertes.es\\\/ca\\\/llibre\\\/conan-7\\\/#primaryimage\",\"url\":\"https:\\\/\\\/www.laertes.es\\\/wp-content\\\/uploads\\\/2024\\\/06\\\/ARC121.webp\",\"contentUrl\":\"https:\\\/\\\/www.laertes.es\\\/wp-content\\\/uploads\\\/2024\\\/06\\\/ARC121.webp\",\"width\":802,\"height\":1200,\"caption\":\"C\u00f2nan\"},{\"@type\":\"BreadcrumbList\",\"@id\":\"https:\\\/\\\/www.laertes.es\\\/ca\\\/llibre\\\/conan-7\\\/#breadcrumb\",\"itemListElement\":[{\"@type\":\"ListItem\",\"position\":1,\"name\":\"Portada\",\"item\":\"https:\\\/\\\/www.laertes.es\\\/ca\\\/\"},{\"@type\":\"ListItem\",\"position\":2,\"name\":\"Tienda\",\"item\":\"https:\\\/\\\/www.laertes.es\\\/tienda\\\/\"},{\"@type\":\"ListItem\",\"position\":3,\"name\":\"C\u00f2nan 7\"}]},{\"@type\":\"WebSite\",\"@id\":\"https:\\\/\\\/www.laertes.es\\\/ca\\\/#website\",\"url\":\"https:\\\/\\\/www.laertes.es\\\/ca\\\/\",\"name\":\"Laertes Ediciones\",\"description\":\"Editorial independiente desde 1975\",\"alternateName\":\"Laertes\",\"potentialAction\":[{\"@type\":\"SearchAction\",\"target\":{\"@type\":\"EntryPoint\",\"urlTemplate\":\"https:\\\/\\\/www.laertes.es\\\/ca\\\/?s={search_term_string}\"},\"query-input\":{\"@type\":\"PropertyValueSpecification\",\"valueRequired\":true,\"valueName\":\"search_term_string\"}}],\"inLanguage\":\"ca\"}]}<\/script>\n<!-- \/ Yoast SEO plugin. -->","yoast_head_json":{"title":"C\u00f2nan 7 | Laertes ediciones","description":"Una ambiciosa conxorxa pol\u00edtica pret\u00e9n acabar amb el rei C\u00f2nan i apoderar-se d\u2019Aquil\u00f2nia. Una icona del segle xx | C\u00f2nan 7 | Laertes ediciones %","robots":{"index":"index","follow":"follow","max-snippet":"max-snippet:-1","max-image-preview":"max-image-preview:large","max-video-preview":"max-video-preview:-1"},"canonical":"https:\/\/www.laertes.es\/ca\/llibre\/conan-7\/","og_locale":"ca_ES","og_type":"article","og_title":"C\u00f2nan 7 | Laertes ediciones","og_description":"Una ambiciosa conxorxa pol\u00edtica pret\u00e9n acabar amb el rei C\u00f2nan i apoderar-se d\u2019Aquil\u00f2nia. Una icona del segle xx | C\u00f2nan 7 | Laertes ediciones %","og_url":"https:\/\/www.laertes.es\/ca\/llibre\/conan-7\/","og_site_name":"Laertes ediciones","article_modified_time":"2025-05-07T18:31:53+00:00","og_image":[{"width":802,"height":1200,"url":"https:\/\/www.laertes.es\/wp-content\/uploads\/2024\/06\/ARC121.webp","type":"image\/webp"}],"twitter_misc":{"Temps estimat de lectura":"2 minuts"},"schema":{"@context":"https:\/\/schema.org","@graph":[{"@type":"WebPage","@id":"https:\/\/www.laertes.es\/ca\/llibre\/conan-7\/","url":"https:\/\/www.laertes.es\/ca\/llibre\/conan-7\/","name":"C\u00f2nan 7 | Laertes ediciones","isPartOf":{"@id":"https:\/\/www.laertes.es\/ca\/#website"},"primaryImageOfPage":{"@id":"https:\/\/www.laertes.es\/ca\/llibre\/conan-7\/#primaryimage"},"image":{"@id":"https:\/\/www.laertes.es\/ca\/llibre\/conan-7\/#primaryimage"},"thumbnailUrl":"https:\/\/www.laertes.es\/wp-content\/uploads\/2024\/06\/ARC121.webp","datePublished":"2024-06-05T09:24:31+00:00","dateModified":"2025-05-07T18:31:53+00:00","description":"Una ambiciosa conxorxa pol\u00edtica pret\u00e9n acabar amb el rei C\u00f2nan i apoderar-se d\u2019Aquil\u00f2nia. Una icona del segle xx | C\u00f2nan 7 | Laertes ediciones %","breadcrumb":{"@id":"https:\/\/www.laertes.es\/ca\/llibre\/conan-7\/#breadcrumb"},"inLanguage":"ca","potentialAction":[{"@type":"ReadAction","target":["https:\/\/www.laertes.es\/ca\/llibre\/conan-7\/"]}]},{"@type":"ImageObject","inLanguage":"ca","@id":"https:\/\/www.laertes.es\/ca\/llibre\/conan-7\/#primaryimage","url":"https:\/\/www.laertes.es\/wp-content\/uploads\/2024\/06\/ARC121.webp","contentUrl":"https:\/\/www.laertes.es\/wp-content\/uploads\/2024\/06\/ARC121.webp","width":802,"height":1200,"caption":"C\u00f2nan"},{"@type":"BreadcrumbList","@id":"https:\/\/www.laertes.es\/ca\/llibre\/conan-7\/#breadcrumb","itemListElement":[{"@type":"ListItem","position":1,"name":"Portada","item":"https:\/\/www.laertes.es\/ca\/"},{"@type":"ListItem","position":2,"name":"Tienda","item":"https:\/\/www.laertes.es\/tienda\/"},{"@type":"ListItem","position":3,"name":"C\u00f2nan 7"}]},{"@type":"WebSite","@id":"https:\/\/www.laertes.es\/ca\/#website","url":"https:\/\/www.laertes.es\/ca\/","name":"Laertes Ediciones","description":"Editorial independiente desde 1975","alternateName":"Laertes","potentialAction":[{"@type":"SearchAction","target":{"@type":"EntryPoint","urlTemplate":"https:\/\/www.laertes.es\/ca\/?s={search_term_string}"},"query-input":{"@type":"PropertyValueSpecification","valueRequired":true,"valueName":"search_term_string"}}],"inLanguage":"ca"}]}},"_links":{"self":[{"href":"https:\/\/www.laertes.es\/ca\/wp-json\/wp\/v2\/product\/15200","targetHints":{"allow":["GET"]}}],"collection":[{"href":"https:\/\/www.laertes.es\/ca\/wp-json\/wp\/v2\/product"}],"about":[{"href":"https:\/\/www.laertes.es\/ca\/wp-json\/wp\/v2\/types\/product"}],"version-history":[{"count":3,"href":"https:\/\/www.laertes.es\/ca\/wp-json\/wp\/v2\/product\/15200\/revisions"}],"predecessor-version":[{"id":15571,"href":"https:\/\/www.laertes.es\/ca\/wp-json\/wp\/v2\/product\/15200\/revisions\/15571"}],"wp:featuredmedia":[{"embeddable":true,"href":"https:\/\/www.laertes.es\/ca\/wp-json\/wp\/v2\/media\/15201"}],"wp:attachment":[{"href":"https:\/\/www.laertes.es\/ca\/wp-json\/wp\/v2\/media?parent=15200"}],"wp:term":[{"taxonomy":"product_brand","embeddable":true,"href":"https:\/\/www.laertes.es\/ca\/wp-json\/wp\/v2\/product_brand?post=15200"},{"taxonomy":"product_cat","embeddable":true,"href":"https:\/\/www.laertes.es\/ca\/wp-json\/wp\/v2\/product_cat?post=15200"},{"taxonomy":"product_tag","embeddable":true,"href":"https:\/\/www.laertes.es\/ca\/wp-json\/wp\/v2\/product_tag?post=15200"},{"taxonomy":"autores","embeddable":true,"href":"https:\/\/www.laertes.es\/ca\/wp-json\/wp\/v2\/autores?post=15200"},{"taxonomy":"formatos","embeddable":true,"href":"https:\/\/www.laertes.es\/ca\/wp-json\/wp\/v2\/formatos?post=15200"},{"taxonomy":"materias","embeddable":true,"href":"https:\/\/www.laertes.es\/ca\/wp-json\/wp\/v2\/materias?post=15200"}],"curies":[{"name":"wp","href":"https:\/\/api.w.org\/{rel}","templated":true}]}}