{"id":15193,"date":"2024-05-15T07:13:57","date_gmt":"2024-05-15T07:13:57","guid":{"rendered":"https:\/libro\/una-princesa-de-mart\/"},"modified":"2025-05-07T18:40:21","modified_gmt":"2025-05-07T18:40:21","slug":"una-princesa-de-mart","status":"publish","type":"product","link":"https:\/\/www.laertes.es\/ca\/llibre\/una-princesa-de-mart\/","title":{"rendered":"Una princesa de Mart"},"content":{"rendered":"<p style=\"text-align: justify;\"><em>Una princesa de Mart<\/em><\/p>\n<p style=\"text-align: justify;\">Quan l\u2019oficial de la Guerra Civil dels Estats Units John Carter arriba a Mart despr\u00e9s de veure\u2019s transportat per un fenomen misteri\u00f3s, no espera trobar-se amb un paisatge \u00e0rid, tecnologia sorprenent i diferents races marcianes que nom\u00e9s tenen una cosa en com\u00fa: un bel\u00b7licisme ferotge. Entre conflictes \u00e8pics, xocs culturals i una emocionant hist\u00f2ria d\u2019amor, el valent John Carter haur\u00e0 d\u2019enfrontar-se a mil perills per sobreviure i protegir aquells que estima.<br \/>\n<strong>\u00a0 \u00a0 \u00a0<\/strong>Publicada originalment l\u2019any 1912, <em>Una princesa de Mart<\/em> ha estat una novel\u00b7la de ci\u00e8ncia-ficci\u00f3 fonamental. En aquesta exploraci\u00f3 d\u2019un altre planeta, Edgar Rice Burroughs ens presenta un m\u00f3n fascinant, ple de sentit de la meravella, amb un John Carter a mig cam\u00ed entre guerrer, aventurer i antrop\u00f2leg entusiasta. Endinsa\u2019t a l\u2019univers de Barsoom, un cl\u00e0ssic que ha inspirat autors com Ray Bradbury, Jack Vance, Larry Niven o Robert A. Heinlein.<\/p>\n<p style=\"text-align: justify;\"><strong>Edgar Rice Burroughs<\/strong> (1875-1950) va ser un escriptor nord-americ\u00e0, conegut principalment per les seves obres de ci\u00e8ncia-ficci\u00f3 i aventura. La seva imaginaci\u00f3 va transportar els lectors a mons ex\u00f2tics i emocionants, oferint relats plens d\u2019intriga, acci\u00f3 i rom\u00e0ncia. Burroughs va crear personatges ic\u00f2nics, com el selv\u00e0tic Tarzan i el viatger interplanetari John Carter, influenciant generacions d\u2019escriptors i creadors d\u2019entreteniment. La seva capacitat per concebre mons ficticis complexos i personatges memorables el converteix en una figura clau de la literatura d\u2019aventures i ci\u00e8ncia-ficci\u00f3.<\/p>\n<p><strong>\u00a0 \u00a0 \u00a0<\/strong>Publicada originalment l\u2019any 1912, <em>Una princesa de Mart<\/em> ha estat una novel\u00b7la de ci\u00e8ncia-ficci\u00f3 fonamental. En aquesta exploraci\u00f3 d\u2019un altre planeta, Edgar Rice Burroughs ens presenta un m\u00f3n fascinant, ple de sentit de la meravella, amb un John Carter a mig cam\u00ed entre guerrer, aventurer i antrop\u00f2leg entusiasta. Endinsa\u2019t a l\u2019univers de Barsoom, un cl\u00e0ssic que ha inspirat autors com Ray Bradbury, Jack Vance, Larry Niven o Robert A. Heinlein.<\/p>\n","protected":false},"excerpt":{"rendered":"<p>Publicada originalment l\u2019any 1912, <em>Una princesa de Mart<\/em> ha estat una novel\u00b7la de ci\u00e8ncia-ficci\u00f3 fonamental. En aquesta exploraci\u00f3 d\u2019un altre planeta, Edgar Rice Burroughs ens presenta un m\u00f3n fascinant, ple de sentit de la meravella, amb un John Carter a mig cam\u00ed entre guerrer, aventurer i antrop\u00f2leg entusiasta. Endinsa\u2019t a l\u2019univers de Barsoom, un cl\u00e0ssic que ha inspirat autors com Ray Bradbury, Jack Vance, Larry Niven o Robert A. Heinlein.<\/p>\n","protected":false},"featured_media":15191,"template":"","meta":[],"product_brand":[],"product_cat":[296],"product_tag":[711,676,1950,707],"autores":[423],"formatos":[355],"materias":[356,374],"class_list":{"0":"post-15193","1":"product","2":"type-product","3":"status-publish","4":"has-post-thumbnail","6":"product_cat-larca-ca","7":"product_tag-aventura-ca","8":"product_tag-ciencia-ficcio-ca","9":"product_tag-fantasia-ca","10":"product_tag-fantastic-catala-ca","11":"autores-burroughs-edgar-rice-ca","12":"formatos-llibre","13":"materias-cuentos-clasicos-de-generos-fantasticos-ca","14":"materias-literatura-ca","16":"first","17":"instock","18":"taxable","19":"shipping-taxable","20":"purchasable","21":"product-type-simple"},"yoast_head":"<!-- This site is optimized with the Yoast SEO plugin v27.3 - https:\/\/yoast.com\/product\/yoast-seo-wordpress\/ -->\n<title>Una princesa de Mart | Laertes ediciones<\/title>\n<meta name=\"description\" content=\"Una novel\u00b7la de ci\u00e8ncia-ficci\u00f3 fonamental, ple de sentit de la meravella, amb un John Carter a mig cam\u00ed entre guerrer, aventurer i antrop\u00f2leg entusiasta.\" \/>\n<meta name=\"robots\" content=\"index, follow, max-snippet:-1, max-image-preview:large, max-video-preview:-1\" \/>\n<link rel=\"canonical\" href=\"https:\/\/www.laertes.es\/ca\/llibre\/una-princesa-de-mart\/\" \/>\n<meta property=\"og:locale\" content=\"ca_ES\" \/>\n<meta property=\"og:type\" content=\"article\" \/>\n<meta property=\"og:title\" content=\"Una princesa de Mart | Laertes ediciones\" \/>\n<meta property=\"og:description\" content=\"Una novel\u00b7la de ci\u00e8ncia-ficci\u00f3 fonamental, ple de sentit de la meravella, amb un John Carter a mig cam\u00ed entre guerrer, aventurer i antrop\u00f2leg entusiasta.\" \/>\n<meta property=\"og:url\" content=\"https:\/\/www.laertes.es\/ca\/llibre\/una-princesa-de-mart\/\" \/>\n<meta property=\"og:site_name\" content=\"Laertes ediciones\" \/>\n<meta property=\"article:modified_time\" content=\"2025-05-07T18:40:21+00:00\" \/>\n<meta property=\"og:image\" content=\"https:\/\/www.laertes.es\/wp-content\/uploads\/2024\/05\/ARC120.webp\" \/>\n\t<meta property=\"og:image:width\" content=\"802\" \/>\n\t<meta property=\"og:image:height\" content=\"1200\" \/>\n\t<meta property=\"og:image:type\" content=\"image\/webp\" \/>\n<meta name=\"twitter:label1\" content=\"Temps estimat de lectura\" \/>\n\t<meta name=\"twitter:data1\" content=\"1 minut\" \/>\n<script type=\"application\/ld+json\" class=\"yoast-schema-graph\">{\"@context\":\"https:\\\/\\\/schema.org\",\"@graph\":[{\"@type\":\"WebPage\",\"@id\":\"https:\\\/\\\/www.laertes.es\\\/ca\\\/llibre\\\/una-princesa-de-mart\\\/\",\"url\":\"https:\\\/\\\/www.laertes.es\\\/ca\\\/llibre\\\/una-princesa-de-mart\\\/\",\"name\":\"Una princesa de Mart | Laertes ediciones\",\"isPartOf\":{\"@id\":\"https:\\\/\\\/www.laertes.es\\\/ca\\\/#website\"},\"primaryImageOfPage\":{\"@id\":\"https:\\\/\\\/www.laertes.es\\\/ca\\\/llibre\\\/una-princesa-de-mart\\\/#primaryimage\"},\"image\":{\"@id\":\"https:\\\/\\\/www.laertes.es\\\/ca\\\/llibre\\\/una-princesa-de-mart\\\/#primaryimage\"},\"thumbnailUrl\":\"https:\\\/\\\/www.laertes.es\\\/wp-content\\\/uploads\\\/2024\\\/05\\\/ARC120.webp\",\"datePublished\":\"2024-05-15T07:13:57+00:00\",\"dateModified\":\"2025-05-07T18:40:21+00:00\",\"description\":\"Una novel\u00b7la de ci\u00e8ncia-ficci\u00f3 fonamental, ple de sentit de la meravella, amb un John Carter a mig cam\u00ed entre guerrer, aventurer i antrop\u00f2leg entusiasta.\",\"breadcrumb\":{\"@id\":\"https:\\\/\\\/www.laertes.es\\\/ca\\\/llibre\\\/una-princesa-de-mart\\\/#breadcrumb\"},\"inLanguage\":\"ca\",\"potentialAction\":[{\"@type\":\"ReadAction\",\"target\":[\"https:\\\/\\\/www.laertes.es\\\/ca\\\/llibre\\\/una-princesa-de-mart\\\/\"]}]},{\"@type\":\"ImageObject\",\"inLanguage\":\"ca\",\"@id\":\"https:\\\/\\\/www.laertes.es\\\/ca\\\/llibre\\\/una-princesa-de-mart\\\/#primaryimage\",\"url\":\"https:\\\/\\\/www.laertes.es\\\/wp-content\\\/uploads\\\/2024\\\/05\\\/ARC120.webp\",\"contentUrl\":\"https:\\\/\\\/www.laertes.es\\\/wp-content\\\/uploads\\\/2024\\\/05\\\/ARC120.webp\",\"width\":802,\"height\":1200,\"caption\":\"Una princesa de Mart\"},{\"@type\":\"BreadcrumbList\",\"@id\":\"https:\\\/\\\/www.laertes.es\\\/ca\\\/llibre\\\/una-princesa-de-mart\\\/#breadcrumb\",\"itemListElement\":[{\"@type\":\"ListItem\",\"position\":1,\"name\":\"Portada\",\"item\":\"https:\\\/\\\/www.laertes.es\\\/ca\\\/\"},{\"@type\":\"ListItem\",\"position\":2,\"name\":\"Tienda\",\"item\":\"https:\\\/\\\/www.laertes.es\\\/tienda\\\/\"},{\"@type\":\"ListItem\",\"position\":3,\"name\":\"Una princesa de Mart\"}]},{\"@type\":\"WebSite\",\"@id\":\"https:\\\/\\\/www.laertes.es\\\/ca\\\/#website\",\"url\":\"https:\\\/\\\/www.laertes.es\\\/ca\\\/\",\"name\":\"Laertes Ediciones\",\"description\":\"Editorial independiente desde 1975\",\"alternateName\":\"Laertes\",\"potentialAction\":[{\"@type\":\"SearchAction\",\"target\":{\"@type\":\"EntryPoint\",\"urlTemplate\":\"https:\\\/\\\/www.laertes.es\\\/ca\\\/?s={search_term_string}\"},\"query-input\":{\"@type\":\"PropertyValueSpecification\",\"valueRequired\":true,\"valueName\":\"search_term_string\"}}],\"inLanguage\":\"ca\"}]}<\/script>\n<!-- \/ Yoast SEO plugin. -->","yoast_head_json":{"title":"Una princesa de Mart | Laertes ediciones","description":"Una novel\u00b7la de ci\u00e8ncia-ficci\u00f3 fonamental, ple de sentit de la meravella, amb un John Carter a mig cam\u00ed entre guerrer, aventurer i antrop\u00f2leg entusiasta.","robots":{"index":"index","follow":"follow","max-snippet":"max-snippet:-1","max-image-preview":"max-image-preview:large","max-video-preview":"max-video-preview:-1"},"canonical":"https:\/\/www.laertes.es\/ca\/llibre\/una-princesa-de-mart\/","og_locale":"ca_ES","og_type":"article","og_title":"Una princesa de Mart | Laertes ediciones","og_description":"Una novel\u00b7la de ci\u00e8ncia-ficci\u00f3 fonamental, ple de sentit de la meravella, amb un John Carter a mig cam\u00ed entre guerrer, aventurer i antrop\u00f2leg entusiasta.","og_url":"https:\/\/www.laertes.es\/ca\/llibre\/una-princesa-de-mart\/","og_site_name":"Laertes ediciones","article_modified_time":"2025-05-07T18:40:21+00:00","og_image":[{"width":802,"height":1200,"url":"https:\/\/www.laertes.es\/wp-content\/uploads\/2024\/05\/ARC120.webp","type":"image\/webp"}],"twitter_misc":{"Temps estimat de lectura":"1 minut"},"schema":{"@context":"https:\/\/schema.org","@graph":[{"@type":"WebPage","@id":"https:\/\/www.laertes.es\/ca\/llibre\/una-princesa-de-mart\/","url":"https:\/\/www.laertes.es\/ca\/llibre\/una-princesa-de-mart\/","name":"Una princesa de Mart | Laertes ediciones","isPartOf":{"@id":"https:\/\/www.laertes.es\/ca\/#website"},"primaryImageOfPage":{"@id":"https:\/\/www.laertes.es\/ca\/llibre\/una-princesa-de-mart\/#primaryimage"},"image":{"@id":"https:\/\/www.laertes.es\/ca\/llibre\/una-princesa-de-mart\/#primaryimage"},"thumbnailUrl":"https:\/\/www.laertes.es\/wp-content\/uploads\/2024\/05\/ARC120.webp","datePublished":"2024-05-15T07:13:57+00:00","dateModified":"2025-05-07T18:40:21+00:00","description":"Una novel\u00b7la de ci\u00e8ncia-ficci\u00f3 fonamental, ple de sentit de la meravella, amb un John Carter a mig cam\u00ed entre guerrer, aventurer i antrop\u00f2leg entusiasta.","breadcrumb":{"@id":"https:\/\/www.laertes.es\/ca\/llibre\/una-princesa-de-mart\/#breadcrumb"},"inLanguage":"ca","potentialAction":[{"@type":"ReadAction","target":["https:\/\/www.laertes.es\/ca\/llibre\/una-princesa-de-mart\/"]}]},{"@type":"ImageObject","inLanguage":"ca","@id":"https:\/\/www.laertes.es\/ca\/llibre\/una-princesa-de-mart\/#primaryimage","url":"https:\/\/www.laertes.es\/wp-content\/uploads\/2024\/05\/ARC120.webp","contentUrl":"https:\/\/www.laertes.es\/wp-content\/uploads\/2024\/05\/ARC120.webp","width":802,"height":1200,"caption":"Una princesa de Mart"},{"@type":"BreadcrumbList","@id":"https:\/\/www.laertes.es\/ca\/llibre\/una-princesa-de-mart\/#breadcrumb","itemListElement":[{"@type":"ListItem","position":1,"name":"Portada","item":"https:\/\/www.laertes.es\/ca\/"},{"@type":"ListItem","position":2,"name":"Tienda","item":"https:\/\/www.laertes.es\/tienda\/"},{"@type":"ListItem","position":3,"name":"Una princesa de Mart"}]},{"@type":"WebSite","@id":"https:\/\/www.laertes.es\/ca\/#website","url":"https:\/\/www.laertes.es\/ca\/","name":"Laertes Ediciones","description":"Editorial independiente desde 1975","alternateName":"Laertes","potentialAction":[{"@type":"SearchAction","target":{"@type":"EntryPoint","urlTemplate":"https:\/\/www.laertes.es\/ca\/?s={search_term_string}"},"query-input":{"@type":"PropertyValueSpecification","valueRequired":true,"valueName":"search_term_string"}}],"inLanguage":"ca"}]}},"_links":{"self":[{"href":"https:\/\/www.laertes.es\/ca\/wp-json\/wp\/v2\/product\/15193","targetHints":{"allow":["GET"]}}],"collection":[{"href":"https:\/\/www.laertes.es\/ca\/wp-json\/wp\/v2\/product"}],"about":[{"href":"https:\/\/www.laertes.es\/ca\/wp-json\/wp\/v2\/types\/product"}],"version-history":[{"count":1,"href":"https:\/\/www.laertes.es\/ca\/wp-json\/wp\/v2\/product\/15193\/revisions"}],"predecessor-version":[{"id":15575,"href":"https:\/\/www.laertes.es\/ca\/wp-json\/wp\/v2\/product\/15193\/revisions\/15575"}],"wp:featuredmedia":[{"embeddable":true,"href":"https:\/\/www.laertes.es\/ca\/wp-json\/wp\/v2\/media\/15191"}],"wp:attachment":[{"href":"https:\/\/www.laertes.es\/ca\/wp-json\/wp\/v2\/media?parent=15193"}],"wp:term":[{"taxonomy":"product_brand","embeddable":true,"href":"https:\/\/www.laertes.es\/ca\/wp-json\/wp\/v2\/product_brand?post=15193"},{"taxonomy":"product_cat","embeddable":true,"href":"https:\/\/www.laertes.es\/ca\/wp-json\/wp\/v2\/product_cat?post=15193"},{"taxonomy":"product_tag","embeddable":true,"href":"https:\/\/www.laertes.es\/ca\/wp-json\/wp\/v2\/product_tag?post=15193"},{"taxonomy":"autores","embeddable":true,"href":"https:\/\/www.laertes.es\/ca\/wp-json\/wp\/v2\/autores?post=15193"},{"taxonomy":"formatos","embeddable":true,"href":"https:\/\/www.laertes.es\/ca\/wp-json\/wp\/v2\/formatos?post=15193"},{"taxonomy":"materias","embeddable":true,"href":"https:\/\/www.laertes.es\/ca\/wp-json\/wp\/v2\/materias?post=15193"}],"curies":[{"name":"wp","href":"https:\/\/api.w.org\/{rel}","templated":true}]}}