{"id":15181,"date":"2024-05-02T08:43:15","date_gmt":"2024-05-02T08:43:15","guid":{"rendered":"https:\/libro\/almeria\/"},"modified":"2024-05-02T08:43:38","modified_gmt":"2024-05-02T08:43:38","slug":"almeria","status":"publish","type":"product","link":"https:\/\/www.laertes.es\/ca\/llibre\/almeria\/","title":{"rendered":"Almer\u00eda"},"content":{"rendered":"<p>Escrib\u00ed este libro tras la muerte de mi padre, ocurrida en febrero de 2022. El libro contiene el relato personal de aquellos d\u00edas, pero es tambi\u00e9n un ensayo filos\u00f3fico sobre la muerte y el duelo. Me propuse dar palabras a mi duelo, porque muy pronto me di cuenta de que las palabras disponibles, convencionales, no me serv\u00edan. Eso me condujo a revisar tambi\u00e9n las ideas sobre la muerte propuestas por algunos fil\u00f3sofos a los que hab\u00eda estudiado, especialmente S\u00f6ren Kierkegaard, y a contrastarlas con mi propia experiencia. De ese modo descubr\u00ed que Kierkegaard y otros fil\u00f3sofos han hablado mucho sobre la muerte propia, pero han descuidado la experiencia de la muerte del otro y la importancia que esta tiene para nosotros. Por \u00faltimo, en algunas de las reflexiones que contienen estas p\u00e1ginas me pregunto por el significado que tienen la religi\u00f3n y el culto a los muertos para una persona atea como yo. \u00abLa muerte es la maestra de la seriedad\u00bb, escribi\u00f3 Kierkegaard. Este libro sostiene que esta frase es correcta, pero que no conduce a las conclusiones que Kierkegaard extrajo de ella.<\/p>\n","protected":false},"excerpt":{"rendered":"<p>Escrib\u00ed este libro tras la muerte de mi padre, ocurrida en febrero de 2022. El libro contiene el relato personal<\/p>\n","protected":false},"featured_media":15179,"template":"","meta":[],"product_brand":[],"product_cat":[346],"product_tag":[1947,657,1948],"autores":[816],"formatos":[355],"materias":[366,368],"class_list":{"0":"post-15181","1":"product","2":"type-product","3":"status-publish","4":"has-post-thumbnail","6":"product_cat-serie-logoi-ca","7":"product_tag-duelo-ca","8":"product_tag-ensayo-ca","9":"product_tag-muerte-ca","10":"autores-lopez-de-lizaga-jose-luis-ca","11":"formatos-llibre","12":"materias-ensayo-ca","13":"materias-filosofia-ca-ca","15":"first","16":"instock","17":"taxable","18":"shipping-taxable","19":"purchasable","20":"product-type-simple"},"yoast_head":"<!-- This site is optimized with the Yoast SEO plugin v27.4 - https:\/\/yoast.com\/product\/yoast-seo-wordpress\/ -->\n<title>Almer\u00eda | Laertes ediciones<\/title>\n<meta name=\"description\" content=\"El libro contiene el relato personal de aquellos d\u00edas, pero es tambi\u00e9n un ensayo filos\u00f3fico sobre la muerte y el duelo. | Almer\u00eda | Laertes ediciones\" \/>\n<meta name=\"robots\" content=\"index, follow, max-snippet:-1, max-image-preview:large, max-video-preview:-1\" \/>\n<link rel=\"canonical\" href=\"https:\/\/www.laertes.es\/ca\/llibre\/almeria\/\" \/>\n<meta property=\"og:locale\" content=\"ca_ES\" \/>\n<meta property=\"og:type\" content=\"article\" \/>\n<meta property=\"og:title\" content=\"Almer\u00eda | Laertes ediciones\" \/>\n<meta property=\"og:description\" content=\"El libro contiene el relato personal de aquellos d\u00edas, pero es tambi\u00e9n un ensayo filos\u00f3fico sobre la muerte y el duelo. | Almer\u00eda | Laertes ediciones\" \/>\n<meta property=\"og:url\" content=\"https:\/\/www.laertes.es\/ca\/llibre\/almeria\/\" \/>\n<meta property=\"og:site_name\" content=\"Laertes ediciones\" \/>\n<meta property=\"article:modified_time\" content=\"2024-05-02T08:43:38+00:00\" \/>\n<meta property=\"og:image\" content=\"https:\/\/www.laertes.es\/wp-content\/uploads\/2024\/05\/LOG020.webp\" \/>\n\t<meta property=\"og:image:width\" content=\"802\" \/>\n\t<meta property=\"og:image:height\" content=\"1200\" \/>\n\t<meta property=\"og:image:type\" content=\"image\/webp\" \/>\n<meta name=\"twitter:label1\" content=\"Temps estimat de lectura\" \/>\n\t<meta name=\"twitter:data1\" content=\"1 minut\" \/>\n<script type=\"application\/ld+json\" class=\"yoast-schema-graph\">{\"@context\":\"https:\\\/\\\/schema.org\",\"@graph\":[{\"@type\":\"WebPage\",\"@id\":\"https:\\\/\\\/www.laertes.es\\\/ca\\\/llibre\\\/almeria\\\/\",\"url\":\"https:\\\/\\\/www.laertes.es\\\/ca\\\/llibre\\\/almeria\\\/\",\"name\":\"Almer\u00eda | Laertes ediciones\",\"isPartOf\":{\"@id\":\"https:\\\/\\\/www.laertes.es\\\/ca\\\/#website\"},\"primaryImageOfPage\":{\"@id\":\"https:\\\/\\\/www.laertes.es\\\/ca\\\/llibre\\\/almeria\\\/#primaryimage\"},\"image\":{\"@id\":\"https:\\\/\\\/www.laertes.es\\\/ca\\\/llibre\\\/almeria\\\/#primaryimage\"},\"thumbnailUrl\":\"https:\\\/\\\/www.laertes.es\\\/wp-content\\\/uploads\\\/2024\\\/05\\\/LOG020.webp\",\"datePublished\":\"2024-05-02T08:43:15+00:00\",\"dateModified\":\"2024-05-02T08:43:38+00:00\",\"description\":\"El libro contiene el relato personal de aquellos d\u00edas, pero es tambi\u00e9n un ensayo filos\u00f3fico sobre la muerte y el duelo. | Almer\u00eda | Laertes ediciones\",\"breadcrumb\":{\"@id\":\"https:\\\/\\\/www.laertes.es\\\/ca\\\/llibre\\\/almeria\\\/#breadcrumb\"},\"inLanguage\":\"ca\",\"potentialAction\":[{\"@type\":\"ReadAction\",\"target\":[\"https:\\\/\\\/www.laertes.es\\\/ca\\\/llibre\\\/almeria\\\/\"]}]},{\"@type\":\"ImageObject\",\"inLanguage\":\"ca\",\"@id\":\"https:\\\/\\\/www.laertes.es\\\/ca\\\/llibre\\\/almeria\\\/#primaryimage\",\"url\":\"https:\\\/\\\/www.laertes.es\\\/wp-content\\\/uploads\\\/2024\\\/05\\\/LOG020.webp\",\"contentUrl\":\"https:\\\/\\\/www.laertes.es\\\/wp-content\\\/uploads\\\/2024\\\/05\\\/LOG020.webp\",\"width\":802,\"height\":1200,\"caption\":\"Almer\u00eda\"},{\"@type\":\"BreadcrumbList\",\"@id\":\"https:\\\/\\\/www.laertes.es\\\/ca\\\/llibre\\\/almeria\\\/#breadcrumb\",\"itemListElement\":[{\"@type\":\"ListItem\",\"position\":1,\"name\":\"Portada\",\"item\":\"https:\\\/\\\/www.laertes.es\\\/ca\\\/\"},{\"@type\":\"ListItem\",\"position\":2,\"name\":\"Tienda\",\"item\":\"https:\\\/\\\/www.laertes.es\\\/tienda\\\/\"},{\"@type\":\"ListItem\",\"position\":3,\"name\":\"Almer\u00eda\"}]},{\"@type\":\"WebSite\",\"@id\":\"https:\\\/\\\/www.laertes.es\\\/ca\\\/#website\",\"url\":\"https:\\\/\\\/www.laertes.es\\\/ca\\\/\",\"name\":\"Laertes Ediciones\",\"description\":\"Editorial independiente desde 1975\",\"alternateName\":\"Laertes\",\"potentialAction\":[{\"@type\":\"SearchAction\",\"target\":{\"@type\":\"EntryPoint\",\"urlTemplate\":\"https:\\\/\\\/www.laertes.es\\\/ca\\\/?s={search_term_string}\"},\"query-input\":{\"@type\":\"PropertyValueSpecification\",\"valueRequired\":true,\"valueName\":\"search_term_string\"}}],\"inLanguage\":\"ca\"}]}<\/script>\n<!-- \/ Yoast SEO plugin. -->","yoast_head_json":{"title":"Almer\u00eda | Laertes ediciones","description":"El libro contiene el relato personal de aquellos d\u00edas, pero es tambi\u00e9n un ensayo filos\u00f3fico sobre la muerte y el duelo. | Almer\u00eda | Laertes ediciones","robots":{"index":"index","follow":"follow","max-snippet":"max-snippet:-1","max-image-preview":"max-image-preview:large","max-video-preview":"max-video-preview:-1"},"canonical":"https:\/\/www.laertes.es\/ca\/llibre\/almeria\/","og_locale":"ca_ES","og_type":"article","og_title":"Almer\u00eda | Laertes ediciones","og_description":"El libro contiene el relato personal de aquellos d\u00edas, pero es tambi\u00e9n un ensayo filos\u00f3fico sobre la muerte y el duelo. | Almer\u00eda | Laertes ediciones","og_url":"https:\/\/www.laertes.es\/ca\/llibre\/almeria\/","og_site_name":"Laertes ediciones","article_modified_time":"2024-05-02T08:43:38+00:00","og_image":[{"width":802,"height":1200,"url":"https:\/\/www.laertes.es\/wp-content\/uploads\/2024\/05\/LOG020.webp","type":"image\/webp"}],"twitter_misc":{"Temps estimat de lectura":"1 minut"},"schema":{"@context":"https:\/\/schema.org","@graph":[{"@type":"WebPage","@id":"https:\/\/www.laertes.es\/ca\/llibre\/almeria\/","url":"https:\/\/www.laertes.es\/ca\/llibre\/almeria\/","name":"Almer\u00eda | Laertes ediciones","isPartOf":{"@id":"https:\/\/www.laertes.es\/ca\/#website"},"primaryImageOfPage":{"@id":"https:\/\/www.laertes.es\/ca\/llibre\/almeria\/#primaryimage"},"image":{"@id":"https:\/\/www.laertes.es\/ca\/llibre\/almeria\/#primaryimage"},"thumbnailUrl":"https:\/\/www.laertes.es\/wp-content\/uploads\/2024\/05\/LOG020.webp","datePublished":"2024-05-02T08:43:15+00:00","dateModified":"2024-05-02T08:43:38+00:00","description":"El libro contiene el relato personal de aquellos d\u00edas, pero es tambi\u00e9n un ensayo filos\u00f3fico sobre la muerte y el duelo. | Almer\u00eda | Laertes ediciones","breadcrumb":{"@id":"https:\/\/www.laertes.es\/ca\/llibre\/almeria\/#breadcrumb"},"inLanguage":"ca","potentialAction":[{"@type":"ReadAction","target":["https:\/\/www.laertes.es\/ca\/llibre\/almeria\/"]}]},{"@type":"ImageObject","inLanguage":"ca","@id":"https:\/\/www.laertes.es\/ca\/llibre\/almeria\/#primaryimage","url":"https:\/\/www.laertes.es\/wp-content\/uploads\/2024\/05\/LOG020.webp","contentUrl":"https:\/\/www.laertes.es\/wp-content\/uploads\/2024\/05\/LOG020.webp","width":802,"height":1200,"caption":"Almer\u00eda"},{"@type":"BreadcrumbList","@id":"https:\/\/www.laertes.es\/ca\/llibre\/almeria\/#breadcrumb","itemListElement":[{"@type":"ListItem","position":1,"name":"Portada","item":"https:\/\/www.laertes.es\/ca\/"},{"@type":"ListItem","position":2,"name":"Tienda","item":"https:\/\/www.laertes.es\/tienda\/"},{"@type":"ListItem","position":3,"name":"Almer\u00eda"}]},{"@type":"WebSite","@id":"https:\/\/www.laertes.es\/ca\/#website","url":"https:\/\/www.laertes.es\/ca\/","name":"Laertes Ediciones","description":"Editorial independiente desde 1975","alternateName":"Laertes","potentialAction":[{"@type":"SearchAction","target":{"@type":"EntryPoint","urlTemplate":"https:\/\/www.laertes.es\/ca\/?s={search_term_string}"},"query-input":{"@type":"PropertyValueSpecification","valueRequired":true,"valueName":"search_term_string"}}],"inLanguage":"ca"}]}},"_links":{"self":[{"href":"https:\/\/www.laertes.es\/ca\/wp-json\/wp\/v2\/product\/15181","targetHints":{"allow":["GET"]}}],"collection":[{"href":"https:\/\/www.laertes.es\/ca\/wp-json\/wp\/v2\/product"}],"about":[{"href":"https:\/\/www.laertes.es\/ca\/wp-json\/wp\/v2\/types\/product"}],"version-history":[{"count":1,"href":"https:\/\/www.laertes.es\/ca\/wp-json\/wp\/v2\/product\/15181\/revisions"}],"predecessor-version":[{"id":15182,"href":"https:\/\/www.laertes.es\/ca\/wp-json\/wp\/v2\/product\/15181\/revisions\/15182"}],"wp:featuredmedia":[{"embeddable":true,"href":"https:\/\/www.laertes.es\/ca\/wp-json\/wp\/v2\/media\/15179"}],"wp:attachment":[{"href":"https:\/\/www.laertes.es\/ca\/wp-json\/wp\/v2\/media?parent=15181"}],"wp:term":[{"taxonomy":"product_brand","embeddable":true,"href":"https:\/\/www.laertes.es\/ca\/wp-json\/wp\/v2\/product_brand?post=15181"},{"taxonomy":"product_cat","embeddable":true,"href":"https:\/\/www.laertes.es\/ca\/wp-json\/wp\/v2\/product_cat?post=15181"},{"taxonomy":"product_tag","embeddable":true,"href":"https:\/\/www.laertes.es\/ca\/wp-json\/wp\/v2\/product_tag?post=15181"},{"taxonomy":"autores","embeddable":true,"href":"https:\/\/www.laertes.es\/ca\/wp-json\/wp\/v2\/autores?post=15181"},{"taxonomy":"formatos","embeddable":true,"href":"https:\/\/www.laertes.es\/ca\/wp-json\/wp\/v2\/formatos?post=15181"},{"taxonomy":"materias","embeddable":true,"href":"https:\/\/www.laertes.es\/ca\/wp-json\/wp\/v2\/materias?post=15181"}],"curies":[{"name":"wp","href":"https:\/\/api.w.org\/{rel}","templated":true}]}}