{"id":15152,"date":"2024-04-05T10:20:44","date_gmt":"2024-04-05T10:20:44","guid":{"rendered":"https:\/libro\/el-gran-deu-pan\/"},"modified":"2025-05-07T18:45:48","modified_gmt":"2025-05-07T18:45:48","slug":"el-gran-deu-pan","status":"publish","type":"product","link":"https:\/\/www.laertes.es\/ca\/llibre\/el-gran-deu-pan\/","title":{"rendered":"El gran d\u00e9u Pan"},"content":{"rendered":"<p>El gran d\u00e9u Pan narra la hist\u00f2ria del Dr. Raymond, un cient\u00edfic que realitza un experiment per revelar la veritat oculta de la realitat. Mitjan\u00e7ant aquest experiment i amb l\u2019ajuda de la Mary, crea una jove anomenada Helen. A mesura que es desenvolupa la trama, es descobreix que Mary \u00e9s l\u2019encarnaci\u00f3 de \u00abEl gran d\u00e9u Pan\u00bb, un \u00e9sser ancestral que porta la destrucci\u00f3. La novel\u00b7la explora temes de ci\u00e8ncia, misticisme i les conseq\u00fc\u00e8ncies de jugar amb forces m\u00e9s enll\u00e0 de la comprensi\u00f3 humana, creant una atmosfera inquietant que destaca els l\u00edmits de la percepci\u00f3 i els perills d\u2019indagar en els misteris de l\u2019exist\u00e8ncia. A La llum m\u00e9s intensa explora temes ocults i m\u00edstics. La hist\u00f2ria segueix l\u2019investigador Dyson, involucrat en un misteri\u00f3s experiment m\u00edstic amb la intenci\u00f3 d\u2019obtenir una visi\u00f3 de la veritat \u00faltima. Utilitzant antigues f\u00f3rmules m\u00e0giques, l\u2019experiment revela forces incontrolables i entitats ocultes. La narrativa barreja elements de terror i misticisme, oferint una exploraci\u00f3 fascinant de les fronteres de la realitat i les conseq\u00fc\u00e8ncies de buscar la veritat profunda. El conte destaca la capacitat de Machen per crear una atmosfera enigm\u00e0tica i inquietant mentre examina les conseq\u00fc\u00e8ncies d\u2019explorar els secrets m\u00e9s profunds de l\u2019univers.<\/p>\n<p>Arthur Machen (1863-1947) Va ser un escriptor gal\u00b7l\u00e8s que va destacar en la literatura de terror i misticisme del segle xix i principis del segle xx. Va treballar com a periodista i escriptor, guanyant-se la vida amb les seves col\u00b7laboracions en diferents publicacions. La seva escriptura, sovint enigm\u00e0tica i misteriosa, va influir en autors posteriors com H.P. Lovecraft. Malgrat que no va obtenir un gran reconeixement durant la seva vida, la seva obra ha estat redescoberta i apreciada en \u00e8poques posteriors per la seva contribuci\u00f3 al g\u00e8nere del terror i per la seva habilitat per capturar atmosferes misterioses i sobrenaturals.<\/p>\n","protected":false},"excerpt":{"rendered":"<p><em>El gran d\u00e9u Pan<\/em> narra la hist\u00f2ria del Dr. Raymond, un cient\u00edfic que realitza un experiment per revelar la veritat oculta de la realitat. Mitjan\u00e7ant aquest experiment i amb l\u2019ajuda de la Helen, crea una jove anomenada Mary.<\/p>\n","protected":false},"featured_media":15150,"template":"","meta":[],"product_brand":[],"product_cat":[296],"product_tag":[672,714,673],"autores":[1938],"formatos":[355],"materias":[356],"class_list":{"0":"post-15152","1":"product","2":"type-product","3":"status-publish","4":"has-post-thumbnail","6":"product_cat-larca-ca","7":"product_tag-literatura-fantastica-ca","8":"product_tag-lovecraft-ca","9":"product_tag-terror-ca","10":"autores-machen-arthur-ca","11":"formatos-llibre","12":"materias-cuentos-clasicos-de-generos-fantasticos-ca","14":"first","15":"instock","16":"taxable","17":"shipping-taxable","18":"purchasable","19":"product-type-simple"},"yoast_head":"<!-- This site is optimized with the Yoast SEO plugin v27.5 - https:\/\/yoast.com\/product\/yoast-seo-wordpress\/ -->\n<title>El gran d\u00e9u Pan | Laertes ediciones<\/title>\n<meta name=\"robots\" content=\"index, follow, max-snippet:-1, max-image-preview:large, max-video-preview:-1\" \/>\n<link rel=\"canonical\" href=\"https:\/\/www.laertes.es\/ca\/llibre\/el-gran-deu-pan\/\" \/>\n<meta property=\"og:locale\" content=\"ca_ES\" \/>\n<meta property=\"og:type\" content=\"article\" \/>\n<meta property=\"og:title\" content=\"El gran d\u00e9u Pan | Laertes ediciones\" \/>\n<meta property=\"og:description\" content=\"El gran d\u00e9u Pan narra la hist\u00f2ria del Dr. Raymond, un cient\u00edfic que realitza un experiment per revelar la veritat oculta de la realitat. Mitjan\u00e7ant aquest experiment i amb l\u2019ajuda de la Helen, crea una jove anomenada Mary.\" \/>\n<meta property=\"og:url\" content=\"https:\/\/www.laertes.es\/ca\/llibre\/el-gran-deu-pan\/\" \/>\n<meta property=\"og:site_name\" content=\"Laertes ediciones\" \/>\n<meta property=\"article:modified_time\" content=\"2025-05-07T18:45:48+00:00\" \/>\n<meta property=\"og:image\" content=\"https:\/\/www.laertes.es\/wp-content\/uploads\/2024\/04\/ARC119.webp\" \/>\n\t<meta property=\"og:image:width\" content=\"802\" \/>\n\t<meta property=\"og:image:height\" content=\"1200\" \/>\n\t<meta property=\"og:image:type\" content=\"image\/webp\" \/>\n<meta name=\"twitter:label1\" content=\"Temps estimat de lectura\" \/>\n\t<meta name=\"twitter:data1\" content=\"2 minuts\" \/>\n<script type=\"application\/ld+json\" class=\"yoast-schema-graph\">{\"@context\":\"https:\\\/\\\/schema.org\",\"@graph\":[{\"@type\":\"WebPage\",\"@id\":\"https:\\\/\\\/www.laertes.es\\\/ca\\\/llibre\\\/el-gran-deu-pan\\\/\",\"url\":\"https:\\\/\\\/www.laertes.es\\\/ca\\\/llibre\\\/el-gran-deu-pan\\\/\",\"name\":\"El gran d\u00e9u Pan | Laertes ediciones\",\"isPartOf\":{\"@id\":\"https:\\\/\\\/www.laertes.es\\\/ca\\\/#website\"},\"primaryImageOfPage\":{\"@id\":\"https:\\\/\\\/www.laertes.es\\\/ca\\\/llibre\\\/el-gran-deu-pan\\\/#primaryimage\"},\"image\":{\"@id\":\"https:\\\/\\\/www.laertes.es\\\/ca\\\/llibre\\\/el-gran-deu-pan\\\/#primaryimage\"},\"thumbnailUrl\":\"https:\\\/\\\/www.laertes.es\\\/wp-content\\\/uploads\\\/2024\\\/04\\\/ARC119.webp\",\"datePublished\":\"2024-04-05T10:20:44+00:00\",\"dateModified\":\"2025-05-07T18:45:48+00:00\",\"breadcrumb\":{\"@id\":\"https:\\\/\\\/www.laertes.es\\\/ca\\\/llibre\\\/el-gran-deu-pan\\\/#breadcrumb\"},\"inLanguage\":\"ca\",\"potentialAction\":[{\"@type\":\"ReadAction\",\"target\":[\"https:\\\/\\\/www.laertes.es\\\/ca\\\/llibre\\\/el-gran-deu-pan\\\/\"]}]},{\"@type\":\"ImageObject\",\"inLanguage\":\"ca\",\"@id\":\"https:\\\/\\\/www.laertes.es\\\/ca\\\/llibre\\\/el-gran-deu-pan\\\/#primaryimage\",\"url\":\"https:\\\/\\\/www.laertes.es\\\/wp-content\\\/uploads\\\/2024\\\/04\\\/ARC119.webp\",\"contentUrl\":\"https:\\\/\\\/www.laertes.es\\\/wp-content\\\/uploads\\\/2024\\\/04\\\/ARC119.webp\",\"width\":802,\"height\":1200,\"caption\":\"El gran d\u00e9u Pan\"},{\"@type\":\"BreadcrumbList\",\"@id\":\"https:\\\/\\\/www.laertes.es\\\/ca\\\/llibre\\\/el-gran-deu-pan\\\/#breadcrumb\",\"itemListElement\":[{\"@type\":\"ListItem\",\"position\":1,\"name\":\"Portada\",\"item\":\"https:\\\/\\\/www.laertes.es\\\/ca\\\/\"},{\"@type\":\"ListItem\",\"position\":2,\"name\":\"Tienda\",\"item\":\"https:\\\/\\\/www.laertes.es\\\/tienda\\\/\"},{\"@type\":\"ListItem\",\"position\":3,\"name\":\"El gran d\u00e9u Pan\"}]},{\"@type\":\"WebSite\",\"@id\":\"https:\\\/\\\/www.laertes.es\\\/ca\\\/#website\",\"url\":\"https:\\\/\\\/www.laertes.es\\\/ca\\\/\",\"name\":\"Laertes Ediciones\",\"description\":\"Editorial independiente desde 1975\",\"alternateName\":\"Laertes\",\"potentialAction\":[{\"@type\":\"SearchAction\",\"target\":{\"@type\":\"EntryPoint\",\"urlTemplate\":\"https:\\\/\\\/www.laertes.es\\\/ca\\\/?s={search_term_string}\"},\"query-input\":{\"@type\":\"PropertyValueSpecification\",\"valueRequired\":true,\"valueName\":\"search_term_string\"}}],\"inLanguage\":\"ca\"}]}<\/script>\n<!-- \/ Yoast SEO plugin. -->","yoast_head_json":{"title":"El gran d\u00e9u Pan | Laertes ediciones","robots":{"index":"index","follow":"follow","max-snippet":"max-snippet:-1","max-image-preview":"max-image-preview:large","max-video-preview":"max-video-preview:-1"},"canonical":"https:\/\/www.laertes.es\/ca\/llibre\/el-gran-deu-pan\/","og_locale":"ca_ES","og_type":"article","og_title":"El gran d\u00e9u Pan | Laertes ediciones","og_description":"El gran d\u00e9u Pan narra la hist\u00f2ria del Dr. Raymond, un cient\u00edfic que realitza un experiment per revelar la veritat oculta de la realitat. Mitjan\u00e7ant aquest experiment i amb l\u2019ajuda de la Helen, crea una jove anomenada Mary.","og_url":"https:\/\/www.laertes.es\/ca\/llibre\/el-gran-deu-pan\/","og_site_name":"Laertes ediciones","article_modified_time":"2025-05-07T18:45:48+00:00","og_image":[{"width":802,"height":1200,"url":"https:\/\/www.laertes.es\/wp-content\/uploads\/2024\/04\/ARC119.webp","type":"image\/webp"}],"twitter_misc":{"Temps estimat de lectura":"2 minuts"},"schema":{"@context":"https:\/\/schema.org","@graph":[{"@type":"WebPage","@id":"https:\/\/www.laertes.es\/ca\/llibre\/el-gran-deu-pan\/","url":"https:\/\/www.laertes.es\/ca\/llibre\/el-gran-deu-pan\/","name":"El gran d\u00e9u Pan | Laertes ediciones","isPartOf":{"@id":"https:\/\/www.laertes.es\/ca\/#website"},"primaryImageOfPage":{"@id":"https:\/\/www.laertes.es\/ca\/llibre\/el-gran-deu-pan\/#primaryimage"},"image":{"@id":"https:\/\/www.laertes.es\/ca\/llibre\/el-gran-deu-pan\/#primaryimage"},"thumbnailUrl":"https:\/\/www.laertes.es\/wp-content\/uploads\/2024\/04\/ARC119.webp","datePublished":"2024-04-05T10:20:44+00:00","dateModified":"2025-05-07T18:45:48+00:00","breadcrumb":{"@id":"https:\/\/www.laertes.es\/ca\/llibre\/el-gran-deu-pan\/#breadcrumb"},"inLanguage":"ca","potentialAction":[{"@type":"ReadAction","target":["https:\/\/www.laertes.es\/ca\/llibre\/el-gran-deu-pan\/"]}]},{"@type":"ImageObject","inLanguage":"ca","@id":"https:\/\/www.laertes.es\/ca\/llibre\/el-gran-deu-pan\/#primaryimage","url":"https:\/\/www.laertes.es\/wp-content\/uploads\/2024\/04\/ARC119.webp","contentUrl":"https:\/\/www.laertes.es\/wp-content\/uploads\/2024\/04\/ARC119.webp","width":802,"height":1200,"caption":"El gran d\u00e9u Pan"},{"@type":"BreadcrumbList","@id":"https:\/\/www.laertes.es\/ca\/llibre\/el-gran-deu-pan\/#breadcrumb","itemListElement":[{"@type":"ListItem","position":1,"name":"Portada","item":"https:\/\/www.laertes.es\/ca\/"},{"@type":"ListItem","position":2,"name":"Tienda","item":"https:\/\/www.laertes.es\/tienda\/"},{"@type":"ListItem","position":3,"name":"El gran d\u00e9u Pan"}]},{"@type":"WebSite","@id":"https:\/\/www.laertes.es\/ca\/#website","url":"https:\/\/www.laertes.es\/ca\/","name":"Laertes Ediciones","description":"Editorial independiente desde 1975","alternateName":"Laertes","potentialAction":[{"@type":"SearchAction","target":{"@type":"EntryPoint","urlTemplate":"https:\/\/www.laertes.es\/ca\/?s={search_term_string}"},"query-input":{"@type":"PropertyValueSpecification","valueRequired":true,"valueName":"search_term_string"}}],"inLanguage":"ca"}]}},"_links":{"self":[{"href":"https:\/\/www.laertes.es\/ca\/wp-json\/wp\/v2\/product\/15152","targetHints":{"allow":["GET"]}}],"collection":[{"href":"https:\/\/www.laertes.es\/ca\/wp-json\/wp\/v2\/product"}],"about":[{"href":"https:\/\/www.laertes.es\/ca\/wp-json\/wp\/v2\/types\/product"}],"version-history":[{"count":2,"href":"https:\/\/www.laertes.es\/ca\/wp-json\/wp\/v2\/product\/15152\/revisions"}],"predecessor-version":[{"id":15579,"href":"https:\/\/www.laertes.es\/ca\/wp-json\/wp\/v2\/product\/15152\/revisions\/15579"}],"wp:featuredmedia":[{"embeddable":true,"href":"https:\/\/www.laertes.es\/ca\/wp-json\/wp\/v2\/media\/15150"}],"wp:attachment":[{"href":"https:\/\/www.laertes.es\/ca\/wp-json\/wp\/v2\/media?parent=15152"}],"wp:term":[{"taxonomy":"product_brand","embeddable":true,"href":"https:\/\/www.laertes.es\/ca\/wp-json\/wp\/v2\/product_brand?post=15152"},{"taxonomy":"product_cat","embeddable":true,"href":"https:\/\/www.laertes.es\/ca\/wp-json\/wp\/v2\/product_cat?post=15152"},{"taxonomy":"product_tag","embeddable":true,"href":"https:\/\/www.laertes.es\/ca\/wp-json\/wp\/v2\/product_tag?post=15152"},{"taxonomy":"autores","embeddable":true,"href":"https:\/\/www.laertes.es\/ca\/wp-json\/wp\/v2\/autores?post=15152"},{"taxonomy":"formatos","embeddable":true,"href":"https:\/\/www.laertes.es\/ca\/wp-json\/wp\/v2\/formatos?post=15152"},{"taxonomy":"materias","embeddable":true,"href":"https:\/\/www.laertes.es\/ca\/wp-json\/wp\/v2\/materias?post=15152"}],"curies":[{"name":"wp","href":"https:\/\/api.w.org\/{rel}","templated":true}]}}