{"id":15140,"date":"2024-03-13T08:25:35","date_gmt":"2024-03-13T08:25:35","guid":{"rendered":"https:\/libro\/poe-i-el-romanticisme-fosc\/"},"modified":"2024-03-13T08:25:35","modified_gmt":"2024-03-13T08:25:35","slug":"poe-i-el-romanticisme-fosc","status":"publish","type":"product","link":"https:\/\/www.laertes.es\/ca\/llibre\/poe-i-el-romanticisme-fosc\/","title":{"rendered":"Poe i el romanticisme fosc"},"content":{"rendered":"<p>El Romanticisme s\u2019enfoca en aquest assaig com la resposta de l\u2019art i la literatura als canvis que es produeixen a les societats del m\u00f3n occidental com a resultat de la Revoluci\u00f3 Francesa i les seves conseq\u00fc\u00e8ncies.<br \/>\n<strong>\u00a0 \u00a0 \u00a0<\/strong>L\u2019obra d\u2019Edgar Allan Poe, el gran rom\u00e0ntic nord-americ\u00e0, explora les ombres interiors humanes, i alhora reflecteix les tensions i les viol\u00e8ncies vinculades als grans problemes p\u00fablics del seu temps<\/p>\n","protected":false},"excerpt":{"rendered":"<p>El Romanticisme s\u2019enfoca en aquest assaig com la resposta de l\u2019art i la literatura als canvis que es produeixen a<\/p>\n","protected":false},"featured_media":15135,"template":"","meta":[],"product_brand":[],"product_cat":[342],"product_tag":[],"autores":[743],"formatos":[355],"materias":[366],"class_list":{"0":"post-15140","1":"product","2":"type-product","3":"status-publish","4":"has-post-thumbnail","6":"product_cat-punts-de-vista-ca","7":"autores-olcina-i-aya-emili-ca","8":"formatos-llibre","9":"materias-ensayo-ca","11":"first","12":"instock","13":"taxable","14":"shipping-taxable","15":"purchasable","16":"product-type-simple"},"yoast_head":"<!-- This site is optimized with the Yoast SEO plugin v27.3 - https:\/\/yoast.com\/product\/yoast-seo-wordpress\/ -->\n<title>Poe i el romanticisme fosc | Laertes ediciones<\/title>\n<meta name=\"description\" content=\"El Romanticisme s\u2019enfoca en aquest assaig com la resposta de l\u2019art i la literatura als canvis que es produeixen a les societats del m\u00f3n.\" \/>\n<meta name=\"robots\" content=\"index, follow, max-snippet:-1, max-image-preview:large, max-video-preview:-1\" \/>\n<link rel=\"canonical\" href=\"https:\/\/www.laertes.es\/ca\/llibre\/poe-i-el-romanticisme-fosc\/\" \/>\n<meta property=\"og:locale\" content=\"ca_ES\" \/>\n<meta property=\"og:type\" content=\"article\" \/>\n<meta property=\"og:title\" content=\"Poe i el romanticisme fosc | Laertes ediciones\" \/>\n<meta property=\"og:description\" content=\"El Romanticisme s\u2019enfoca en aquest assaig com la resposta de l\u2019art i la literatura als canvis que es produeixen a les societats del m\u00f3n.\" \/>\n<meta property=\"og:url\" content=\"https:\/\/www.laertes.es\/ca\/llibre\/poe-i-el-romanticisme-fosc\/\" \/>\n<meta property=\"og:site_name\" content=\"Laertes ediciones\" \/>\n<meta property=\"og:image\" content=\"https:\/\/www.laertes.es\/wp-content\/uploads\/2024\/03\/PUN004.webp\" \/>\n\t<meta property=\"og:image:width\" content=\"802\" \/>\n\t<meta property=\"og:image:height\" content=\"1200\" \/>\n\t<meta property=\"og:image:type\" content=\"image\/webp\" \/>\n<meta name=\"twitter:label1\" content=\"Temps estimat de lectura\" \/>\n\t<meta name=\"twitter:data1\" content=\"1 minut\" \/>\n<script type=\"application\/ld+json\" class=\"yoast-schema-graph\">{\"@context\":\"https:\\\/\\\/schema.org\",\"@graph\":[{\"@type\":\"WebPage\",\"@id\":\"https:\\\/\\\/www.laertes.es\\\/ca\\\/llibre\\\/poe-i-el-romanticisme-fosc\\\/\",\"url\":\"https:\\\/\\\/www.laertes.es\\\/ca\\\/llibre\\\/poe-i-el-romanticisme-fosc\\\/\",\"name\":\"Poe i el romanticisme fosc | Laertes ediciones\",\"isPartOf\":{\"@id\":\"https:\\\/\\\/www.laertes.es\\\/ca\\\/#website\"},\"primaryImageOfPage\":{\"@id\":\"https:\\\/\\\/www.laertes.es\\\/ca\\\/llibre\\\/poe-i-el-romanticisme-fosc\\\/#primaryimage\"},\"image\":{\"@id\":\"https:\\\/\\\/www.laertes.es\\\/ca\\\/llibre\\\/poe-i-el-romanticisme-fosc\\\/#primaryimage\"},\"thumbnailUrl\":\"https:\\\/\\\/www.laertes.es\\\/wp-content\\\/uploads\\\/2024\\\/03\\\/PUN004.webp\",\"datePublished\":\"2024-03-13T08:25:35+00:00\",\"description\":\"El Romanticisme s\u2019enfoca en aquest assaig com la resposta de l\u2019art i la literatura als canvis que es produeixen a les societats del m\u00f3n.\",\"breadcrumb\":{\"@id\":\"https:\\\/\\\/www.laertes.es\\\/ca\\\/llibre\\\/poe-i-el-romanticisme-fosc\\\/#breadcrumb\"},\"inLanguage\":\"ca\",\"potentialAction\":[{\"@type\":\"ReadAction\",\"target\":[\"https:\\\/\\\/www.laertes.es\\\/ca\\\/llibre\\\/poe-i-el-romanticisme-fosc\\\/\"]}]},{\"@type\":\"ImageObject\",\"inLanguage\":\"ca\",\"@id\":\"https:\\\/\\\/www.laertes.es\\\/ca\\\/llibre\\\/poe-i-el-romanticisme-fosc\\\/#primaryimage\",\"url\":\"https:\\\/\\\/www.laertes.es\\\/wp-content\\\/uploads\\\/2024\\\/03\\\/PUN004.webp\",\"contentUrl\":\"https:\\\/\\\/www.laertes.es\\\/wp-content\\\/uploads\\\/2024\\\/03\\\/PUN004.webp\",\"width\":802,\"height\":1200,\"caption\":\"Poe i el romanticisme fosc\"},{\"@type\":\"BreadcrumbList\",\"@id\":\"https:\\\/\\\/www.laertes.es\\\/ca\\\/llibre\\\/poe-i-el-romanticisme-fosc\\\/#breadcrumb\",\"itemListElement\":[{\"@type\":\"ListItem\",\"position\":1,\"name\":\"Portada\",\"item\":\"https:\\\/\\\/www.laertes.es\\\/ca\\\/\"},{\"@type\":\"ListItem\",\"position\":2,\"name\":\"Tienda\",\"item\":\"https:\\\/\\\/www.laertes.es\\\/tienda\\\/\"},{\"@type\":\"ListItem\",\"position\":3,\"name\":\"Poe i el romanticisme fosc\"}]},{\"@type\":\"WebSite\",\"@id\":\"https:\\\/\\\/www.laertes.es\\\/ca\\\/#website\",\"url\":\"https:\\\/\\\/www.laertes.es\\\/ca\\\/\",\"name\":\"Laertes Ediciones\",\"description\":\"Editorial independiente desde 1975\",\"alternateName\":\"Laertes\",\"potentialAction\":[{\"@type\":\"SearchAction\",\"target\":{\"@type\":\"EntryPoint\",\"urlTemplate\":\"https:\\\/\\\/www.laertes.es\\\/ca\\\/?s={search_term_string}\"},\"query-input\":{\"@type\":\"PropertyValueSpecification\",\"valueRequired\":true,\"valueName\":\"search_term_string\"}}],\"inLanguage\":\"ca\"}]}<\/script>\n<!-- \/ Yoast SEO plugin. -->","yoast_head_json":{"title":"Poe i el romanticisme fosc | Laertes ediciones","description":"El Romanticisme s\u2019enfoca en aquest assaig com la resposta de l\u2019art i la literatura als canvis que es produeixen a les societats del m\u00f3n.","robots":{"index":"index","follow":"follow","max-snippet":"max-snippet:-1","max-image-preview":"max-image-preview:large","max-video-preview":"max-video-preview:-1"},"canonical":"https:\/\/www.laertes.es\/ca\/llibre\/poe-i-el-romanticisme-fosc\/","og_locale":"ca_ES","og_type":"article","og_title":"Poe i el romanticisme fosc | Laertes ediciones","og_description":"El Romanticisme s\u2019enfoca en aquest assaig com la resposta de l\u2019art i la literatura als canvis que es produeixen a les societats del m\u00f3n.","og_url":"https:\/\/www.laertes.es\/ca\/llibre\/poe-i-el-romanticisme-fosc\/","og_site_name":"Laertes ediciones","og_image":[{"width":802,"height":1200,"url":"https:\/\/www.laertes.es\/wp-content\/uploads\/2024\/03\/PUN004.webp","type":"image\/webp"}],"twitter_misc":{"Temps estimat de lectura":"1 minut"},"schema":{"@context":"https:\/\/schema.org","@graph":[{"@type":"WebPage","@id":"https:\/\/www.laertes.es\/ca\/llibre\/poe-i-el-romanticisme-fosc\/","url":"https:\/\/www.laertes.es\/ca\/llibre\/poe-i-el-romanticisme-fosc\/","name":"Poe i el romanticisme fosc | Laertes ediciones","isPartOf":{"@id":"https:\/\/www.laertes.es\/ca\/#website"},"primaryImageOfPage":{"@id":"https:\/\/www.laertes.es\/ca\/llibre\/poe-i-el-romanticisme-fosc\/#primaryimage"},"image":{"@id":"https:\/\/www.laertes.es\/ca\/llibre\/poe-i-el-romanticisme-fosc\/#primaryimage"},"thumbnailUrl":"https:\/\/www.laertes.es\/wp-content\/uploads\/2024\/03\/PUN004.webp","datePublished":"2024-03-13T08:25:35+00:00","description":"El Romanticisme s\u2019enfoca en aquest assaig com la resposta de l\u2019art i la literatura als canvis que es produeixen a les societats del m\u00f3n.","breadcrumb":{"@id":"https:\/\/www.laertes.es\/ca\/llibre\/poe-i-el-romanticisme-fosc\/#breadcrumb"},"inLanguage":"ca","potentialAction":[{"@type":"ReadAction","target":["https:\/\/www.laertes.es\/ca\/llibre\/poe-i-el-romanticisme-fosc\/"]}]},{"@type":"ImageObject","inLanguage":"ca","@id":"https:\/\/www.laertes.es\/ca\/llibre\/poe-i-el-romanticisme-fosc\/#primaryimage","url":"https:\/\/www.laertes.es\/wp-content\/uploads\/2024\/03\/PUN004.webp","contentUrl":"https:\/\/www.laertes.es\/wp-content\/uploads\/2024\/03\/PUN004.webp","width":802,"height":1200,"caption":"Poe i el romanticisme fosc"},{"@type":"BreadcrumbList","@id":"https:\/\/www.laertes.es\/ca\/llibre\/poe-i-el-romanticisme-fosc\/#breadcrumb","itemListElement":[{"@type":"ListItem","position":1,"name":"Portada","item":"https:\/\/www.laertes.es\/ca\/"},{"@type":"ListItem","position":2,"name":"Tienda","item":"https:\/\/www.laertes.es\/tienda\/"},{"@type":"ListItem","position":3,"name":"Poe i el romanticisme fosc"}]},{"@type":"WebSite","@id":"https:\/\/www.laertes.es\/ca\/#website","url":"https:\/\/www.laertes.es\/ca\/","name":"Laertes Ediciones","description":"Editorial independiente desde 1975","alternateName":"Laertes","potentialAction":[{"@type":"SearchAction","target":{"@type":"EntryPoint","urlTemplate":"https:\/\/www.laertes.es\/ca\/?s={search_term_string}"},"query-input":{"@type":"PropertyValueSpecification","valueRequired":true,"valueName":"search_term_string"}}],"inLanguage":"ca"}]}},"_links":{"self":[{"href":"https:\/\/www.laertes.es\/ca\/wp-json\/wp\/v2\/product\/15140","targetHints":{"allow":["GET"]}}],"collection":[{"href":"https:\/\/www.laertes.es\/ca\/wp-json\/wp\/v2\/product"}],"about":[{"href":"https:\/\/www.laertes.es\/ca\/wp-json\/wp\/v2\/types\/product"}],"version-history":[{"count":0,"href":"https:\/\/www.laertes.es\/ca\/wp-json\/wp\/v2\/product\/15140\/revisions"}],"wp:featuredmedia":[{"embeddable":true,"href":"https:\/\/www.laertes.es\/ca\/wp-json\/wp\/v2\/media\/15135"}],"wp:attachment":[{"href":"https:\/\/www.laertes.es\/ca\/wp-json\/wp\/v2\/media?parent=15140"}],"wp:term":[{"taxonomy":"product_brand","embeddable":true,"href":"https:\/\/www.laertes.es\/ca\/wp-json\/wp\/v2\/product_brand?post=15140"},{"taxonomy":"product_cat","embeddable":true,"href":"https:\/\/www.laertes.es\/ca\/wp-json\/wp\/v2\/product_cat?post=15140"},{"taxonomy":"product_tag","embeddable":true,"href":"https:\/\/www.laertes.es\/ca\/wp-json\/wp\/v2\/product_tag?post=15140"},{"taxonomy":"autores","embeddable":true,"href":"https:\/\/www.laertes.es\/ca\/wp-json\/wp\/v2\/autores?post=15140"},{"taxonomy":"formatos","embeddable":true,"href":"https:\/\/www.laertes.es\/ca\/wp-json\/wp\/v2\/formatos?post=15140"},{"taxonomy":"materias","embeddable":true,"href":"https:\/\/www.laertes.es\/ca\/wp-json\/wp\/v2\/materias?post=15140"}],"curies":[{"name":"wp","href":"https:\/\/api.w.org\/{rel}","templated":true}]}}