{"id":15104,"date":"2024-02-13T11:27:08","date_gmt":"2024-02-13T11:27:08","guid":{"rendered":"https:\/libro\/teleny\/"},"modified":"2024-02-13T11:27:08","modified_gmt":"2024-02-13T11:27:08","slug":"teleny","status":"publish","type":"product","link":"https:\/\/www.laertes.es\/ca\/llibre\/teleny\/","title":{"rendered":"Teleny"},"content":{"rendered":"<p>Las tempestuosas relaciones entre el rico heredero Camille des Grieux y el pianista Ren\u00e9 Teleny, podr\u00edan, en efecto, ser consideradas una suerte de transposici\u00f3n del \u00abinconfesable\u00bb v\u00ednculo con Lord Alfred Douglas, que llev\u00f3 a Wilde a la c\u00e1rcel. Pero son, sobre todo, la plasmaci\u00f3n t\u00edpico-literaria de determinado aspecto oculto de la sociedad victoriana, que Wilde no pod\u00eda ironizar en sus m\u00e1s celebradas obras, por su personal y flagrante inmediatez con los hechos.<br \/>\nTeleny, en este sentido, puede considerarse una especie de reverso o negativo de Dorian Grey: todo cuanto en esta aparece nimbado de reticente y maligna perversidad, se aclara en Teleny en forma de equ\u00edvocos sociales, fundados en simples deseos carnales. Lo que evidentemente condenaba al secreto a la novela en exceso expl\u00edcita, que hasta fechas recientes circul\u00f3 solo en ediciones privadas, de las que la primera, de 1893, es precisamente el libro de amarilla cubierta antes mencionado.<br \/>\nEn cuanto a la autor\u00eda del mismo, son varias las hip\u00f3tesis barajadas por los cr\u00edticos y prologuistas de las diversas ediciones, todos coinciden en que la forma final se la dio el propio Wilde, aunque no es improbable que fueran varias las manos que participaran en su confecci\u00f3n, o al menos en su elaboraci\u00f3n tem\u00e1tica. Lo que, en cualquier caso, no hace sino acentuar el car\u00e1cter testimonial de la obra, a la que no pocos consideran un verdadero monumento arqueol\u00f3gico de la literatura \u00abgay\u00bb.<\/p>\n","protected":false},"excerpt":{"rendered":"<p>Las tempestuosas relaciones entre el rico heredero Camille des Grieux y el pianista Ren\u00e9 Teleny, podr\u00edan, en efecto, ser consideradas<\/p>\n","protected":false},"featured_media":15099,"template":"","meta":[],"product_brand":[],"product_cat":[343],"product_tag":[],"autores":[1935],"formatos":[355],"materias":[371,374],"class_list":{"0":"post-15104","1":"product","2":"type-product","3":"status-publish","4":"has-post-thumbnail","6":"product_cat-rey-de-bastos-ca","7":"autores-wilde-oscar-ca","8":"formatos-llibre","9":"materias-genero-y-sexualidad-ca","10":"materias-literatura-ca","12":"first","13":"instock","14":"taxable","15":"shipping-taxable","16":"purchasable","17":"product-type-simple"},"yoast_head":"<!-- This site is optimized with the Yoast SEO plugin v27.3 - https:\/\/yoast.com\/product\/yoast-seo-wordpress\/ -->\n<title>Teleny | Laertes ediciones<\/title>\n<meta name=\"robots\" content=\"index, follow, max-snippet:-1, max-image-preview:large, max-video-preview:-1\" \/>\n<link rel=\"canonical\" href=\"https:\/\/www.laertes.es\/ca\/llibre\/teleny\/\" \/>\n<meta property=\"og:locale\" content=\"ca_ES\" \/>\n<meta property=\"og:type\" content=\"article\" \/>\n<meta property=\"og:title\" content=\"Teleny | Laertes ediciones\" \/>\n<meta property=\"og:description\" content=\"Las tempestuosas relaciones entre el rico heredero Camille des Grieux y el pianista Ren\u00e9 Teleny, podr\u00edan, en efecto, ser consideradas\" \/>\n<meta property=\"og:url\" content=\"https:\/\/www.laertes.es\/ca\/llibre\/teleny\/\" \/>\n<meta property=\"og:site_name\" content=\"Laertes ediciones\" \/>\n<meta property=\"og:image\" content=\"https:\/\/www.laertes.es\/wp-content\/uploads\/2024\/02\/REY011.webp\" \/>\n\t<meta property=\"og:image:width\" content=\"802\" \/>\n\t<meta property=\"og:image:height\" content=\"1200\" \/>\n\t<meta property=\"og:image:type\" content=\"image\/webp\" \/>\n<meta name=\"twitter:label1\" content=\"Temps estimat de lectura\" \/>\n\t<meta name=\"twitter:data1\" content=\"2 minuts\" \/>\n<script type=\"application\/ld+json\" class=\"yoast-schema-graph\">{\"@context\":\"https:\\\/\\\/schema.org\",\"@graph\":[{\"@type\":\"WebPage\",\"@id\":\"https:\\\/\\\/www.laertes.es\\\/ca\\\/llibre\\\/teleny\\\/\",\"url\":\"https:\\\/\\\/www.laertes.es\\\/ca\\\/llibre\\\/teleny\\\/\",\"name\":\"Teleny | Laertes ediciones\",\"isPartOf\":{\"@id\":\"https:\\\/\\\/www.laertes.es\\\/ca\\\/#website\"},\"primaryImageOfPage\":{\"@id\":\"https:\\\/\\\/www.laertes.es\\\/ca\\\/llibre\\\/teleny\\\/#primaryimage\"},\"image\":{\"@id\":\"https:\\\/\\\/www.laertes.es\\\/ca\\\/llibre\\\/teleny\\\/#primaryimage\"},\"thumbnailUrl\":\"https:\\\/\\\/www.laertes.es\\\/wp-content\\\/uploads\\\/2024\\\/02\\\/REY011.webp\",\"datePublished\":\"2024-02-13T11:27:08+00:00\",\"breadcrumb\":{\"@id\":\"https:\\\/\\\/www.laertes.es\\\/ca\\\/llibre\\\/teleny\\\/#breadcrumb\"},\"inLanguage\":\"ca\",\"potentialAction\":[{\"@type\":\"ReadAction\",\"target\":[\"https:\\\/\\\/www.laertes.es\\\/ca\\\/llibre\\\/teleny\\\/\"]}]},{\"@type\":\"ImageObject\",\"inLanguage\":\"ca\",\"@id\":\"https:\\\/\\\/www.laertes.es\\\/ca\\\/llibre\\\/teleny\\\/#primaryimage\",\"url\":\"https:\\\/\\\/www.laertes.es\\\/wp-content\\\/uploads\\\/2024\\\/02\\\/REY011.webp\",\"contentUrl\":\"https:\\\/\\\/www.laertes.es\\\/wp-content\\\/uploads\\\/2024\\\/02\\\/REY011.webp\",\"width\":802,\"height\":1200},{\"@type\":\"BreadcrumbList\",\"@id\":\"https:\\\/\\\/www.laertes.es\\\/ca\\\/llibre\\\/teleny\\\/#breadcrumb\",\"itemListElement\":[{\"@type\":\"ListItem\",\"position\":1,\"name\":\"Portada\",\"item\":\"https:\\\/\\\/www.laertes.es\\\/ca\\\/\"},{\"@type\":\"ListItem\",\"position\":2,\"name\":\"Tienda\",\"item\":\"https:\\\/\\\/www.laertes.es\\\/tienda\\\/\"},{\"@type\":\"ListItem\",\"position\":3,\"name\":\"Teleny\"}]},{\"@type\":\"WebSite\",\"@id\":\"https:\\\/\\\/www.laertes.es\\\/ca\\\/#website\",\"url\":\"https:\\\/\\\/www.laertes.es\\\/ca\\\/\",\"name\":\"Laertes Ediciones\",\"description\":\"Editorial independiente desde 1975\",\"alternateName\":\"Laertes\",\"potentialAction\":[{\"@type\":\"SearchAction\",\"target\":{\"@type\":\"EntryPoint\",\"urlTemplate\":\"https:\\\/\\\/www.laertes.es\\\/ca\\\/?s={search_term_string}\"},\"query-input\":{\"@type\":\"PropertyValueSpecification\",\"valueRequired\":true,\"valueName\":\"search_term_string\"}}],\"inLanguage\":\"ca\"}]}<\/script>\n<!-- \/ Yoast SEO plugin. -->","yoast_head_json":{"title":"Teleny | Laertes ediciones","robots":{"index":"index","follow":"follow","max-snippet":"max-snippet:-1","max-image-preview":"max-image-preview:large","max-video-preview":"max-video-preview:-1"},"canonical":"https:\/\/www.laertes.es\/ca\/llibre\/teleny\/","og_locale":"ca_ES","og_type":"article","og_title":"Teleny | Laertes ediciones","og_description":"Las tempestuosas relaciones entre el rico heredero Camille des Grieux y el pianista Ren\u00e9 Teleny, podr\u00edan, en efecto, ser consideradas","og_url":"https:\/\/www.laertes.es\/ca\/llibre\/teleny\/","og_site_name":"Laertes ediciones","og_image":[{"width":802,"height":1200,"url":"https:\/\/www.laertes.es\/wp-content\/uploads\/2024\/02\/REY011.webp","type":"image\/webp"}],"twitter_misc":{"Temps estimat de lectura":"2 minuts"},"schema":{"@context":"https:\/\/schema.org","@graph":[{"@type":"WebPage","@id":"https:\/\/www.laertes.es\/ca\/llibre\/teleny\/","url":"https:\/\/www.laertes.es\/ca\/llibre\/teleny\/","name":"Teleny | Laertes ediciones","isPartOf":{"@id":"https:\/\/www.laertes.es\/ca\/#website"},"primaryImageOfPage":{"@id":"https:\/\/www.laertes.es\/ca\/llibre\/teleny\/#primaryimage"},"image":{"@id":"https:\/\/www.laertes.es\/ca\/llibre\/teleny\/#primaryimage"},"thumbnailUrl":"https:\/\/www.laertes.es\/wp-content\/uploads\/2024\/02\/REY011.webp","datePublished":"2024-02-13T11:27:08+00:00","breadcrumb":{"@id":"https:\/\/www.laertes.es\/ca\/llibre\/teleny\/#breadcrumb"},"inLanguage":"ca","potentialAction":[{"@type":"ReadAction","target":["https:\/\/www.laertes.es\/ca\/llibre\/teleny\/"]}]},{"@type":"ImageObject","inLanguage":"ca","@id":"https:\/\/www.laertes.es\/ca\/llibre\/teleny\/#primaryimage","url":"https:\/\/www.laertes.es\/wp-content\/uploads\/2024\/02\/REY011.webp","contentUrl":"https:\/\/www.laertes.es\/wp-content\/uploads\/2024\/02\/REY011.webp","width":802,"height":1200},{"@type":"BreadcrumbList","@id":"https:\/\/www.laertes.es\/ca\/llibre\/teleny\/#breadcrumb","itemListElement":[{"@type":"ListItem","position":1,"name":"Portada","item":"https:\/\/www.laertes.es\/ca\/"},{"@type":"ListItem","position":2,"name":"Tienda","item":"https:\/\/www.laertes.es\/tienda\/"},{"@type":"ListItem","position":3,"name":"Teleny"}]},{"@type":"WebSite","@id":"https:\/\/www.laertes.es\/ca\/#website","url":"https:\/\/www.laertes.es\/ca\/","name":"Laertes Ediciones","description":"Editorial independiente desde 1975","alternateName":"Laertes","potentialAction":[{"@type":"SearchAction","target":{"@type":"EntryPoint","urlTemplate":"https:\/\/www.laertes.es\/ca\/?s={search_term_string}"},"query-input":{"@type":"PropertyValueSpecification","valueRequired":true,"valueName":"search_term_string"}}],"inLanguage":"ca"}]}},"_links":{"self":[{"href":"https:\/\/www.laertes.es\/ca\/wp-json\/wp\/v2\/product\/15104","targetHints":{"allow":["GET"]}}],"collection":[{"href":"https:\/\/www.laertes.es\/ca\/wp-json\/wp\/v2\/product"}],"about":[{"href":"https:\/\/www.laertes.es\/ca\/wp-json\/wp\/v2\/types\/product"}],"version-history":[{"count":0,"href":"https:\/\/www.laertes.es\/ca\/wp-json\/wp\/v2\/product\/15104\/revisions"}],"wp:featuredmedia":[{"embeddable":true,"href":"https:\/\/www.laertes.es\/ca\/wp-json\/wp\/v2\/media\/15099"}],"wp:attachment":[{"href":"https:\/\/www.laertes.es\/ca\/wp-json\/wp\/v2\/media?parent=15104"}],"wp:term":[{"taxonomy":"product_brand","embeddable":true,"href":"https:\/\/www.laertes.es\/ca\/wp-json\/wp\/v2\/product_brand?post=15104"},{"taxonomy":"product_cat","embeddable":true,"href":"https:\/\/www.laertes.es\/ca\/wp-json\/wp\/v2\/product_cat?post=15104"},{"taxonomy":"product_tag","embeddable":true,"href":"https:\/\/www.laertes.es\/ca\/wp-json\/wp\/v2\/product_tag?post=15104"},{"taxonomy":"autores","embeddable":true,"href":"https:\/\/www.laertes.es\/ca\/wp-json\/wp\/v2\/autores?post=15104"},{"taxonomy":"formatos","embeddable":true,"href":"https:\/\/www.laertes.es\/ca\/wp-json\/wp\/v2\/formatos?post=15104"},{"taxonomy":"materias","embeddable":true,"href":"https:\/\/www.laertes.es\/ca\/wp-json\/wp\/v2\/materias?post=15104"}],"curies":[{"name":"wp","href":"https:\/\/api.w.org\/{rel}","templated":true}]}}