{"id":15091,"date":"2024-02-13T11:16:49","date_gmt":"2024-02-13T11:16:49","guid":{"rendered":"https:\/libro\/el-largo-camino-a-la-europa-comunitaria-i\/"},"modified":"2025-03-10T10:44:12","modified_gmt":"2025-03-10T10:44:12","slug":"el-largo-camino-a-la-europa-comunitaria-i","status":"publish","type":"product","link":"https:\/\/www.laertes.es\/ca\/llibre\/el-largo-camino-a-la-europa-comunitaria-i\/","title":{"rendered":"El largo camino a la Europa comunitaria I"},"content":{"rendered":"<p>En el per\u00edodo 1963-1975 la sociedad espa\u00f1ola vivir\u00e1 una t\u00edmida apertura aunque seguir\u00e1 deseando integrarse en la pujante Europa comunitaria y democr\u00e1tica, hecho que no llegar\u00e1 hasta finales de 1985. El cine impulsado con la f\u00f3rmula de la coproducci\u00f3n fue un fiel espejo de estos vientos de cambio \u2014apenas una brisa\u2014 de la raqu\u00edtica industria cinematogr\u00e1fica espa\u00f1ola: otra mirada al exterior que har\u00e1 tornar el blanco y negro en t\u00edmidos colores. Son los a\u00f1os del m\u00edtico 600, de las turistas en bikini, del auge del electrodom\u00e9stico y de las chicas yey\u00e9. Es la \u00e9poca de esplendor del cine de g\u00e9nero en Espa\u00f1a: western mediterr\u00e1neo, fantaterror, thrillers aderezados con esp\u00edas internacionales, cine b\u00e9lico, comedias con aires pop; cine de barrio, de programa doble, construido con otros pa\u00edses vecinos buscando un mercado m\u00e1s global con un sello m\u00e1s europeo.<br \/>\nOnce especialistas procedentes de diferentes campos, con una marcada presencia del sello Film-Hist\u00f2ria asociado a autores como Jos\u00e9 Mar\u00eda Caparr\u00f3s, Rafael de Espa\u00f1a o Mag\u00ed Crusells se acercan en este primer volumen a esas pel\u00edculas hechas en ocasiones con medios precarios, pero con una ilusi\u00f3n y amor al cine a prueba de bombas. Junto a un cine de corte m\u00e1s intelectual encontramos uno m\u00e1s popular, que inund\u00f3 las plateas de los cines espa\u00f1oles, m\u00e1s tarde fue carne de videoclub y ha acabado teniendo una buena legi\u00f3n de seguidores.<br \/>\nEsta obra nace con la intenci\u00f3n de contextualizar esas pel\u00edculas y reivindicar a una serie de directores, t\u00e9cnicos, actores y m\u00e1s de 1500 t\u00edtulos que forman parte de la Historia de nuestro cine y que merecen algo m\u00e1s que el menosprecio o el olvido.<\/p>\n<p>Juan Vaccaro. Doctor en Historia Contempor\u00e1nea por la Universitat de Barcelona, es autor de\u00a0El cine de Hollywood en las trincheras (1916\u20131925). Del estallido de la Gran Guerra al Pacto de Locarno (Ed. Aracne, Roma, 2020), 100 Natural Disasters (Rebo International Editors, Lise, Holanda, 2006) y coautor de Nos vamos al cine. La pel\u00edcula como medio educativo (Eds. Universitat de Barcelona, Barcelona, 2008).<br \/>\nFrancesc S\u00e1nchez Barba. Doctor en Historia Contempor\u00e1nea y M\u00e1ster en Pedagog\u00eda por la Universitat de Barcelona. Autor de, entre otras obras: El pop en el cine (1954-2002)\u00a0(2003);\u00a0La II Guerra Mundial y el cine (1979-2004) (2005);\u00a0Brumas del franquismo. El auge del cine negro espa\u00f1ol (1950-1965) (2007),\u00a0El cine frente a la c\u00e1mara (2011) o Visiones de la amistad. El cine del reencuentro (2019).<\/p>\n","protected":false},"excerpt":{"rendered":"<p>Once especialistas procedentes de diferentes campos, con una marcada presencia del sello Film-Hist\u00f2ria asociado a autores como Jos\u00e9 Mar\u00eda Caparr\u00f3s, Rafael de Espa\u00f1a o Mag\u00ed Crusells se acercan en este primer volumen a esas pel\u00edculas hechas en ocasiones con medios precarios, pero con una ilusi\u00f3n y amor al cine a prueba de bombas. Junto a un cine de corte m\u00e1s intelectual encontramos uno m\u00e1s popular, que inund\u00f3 las plateas de los cines espa\u00f1oles, m\u00e1s tarde fue carne de videoclub y ha acabado teniendo una buena legi\u00f3n de seguidores.<br \/>\nEsta obra nace con la intenci\u00f3n de contextualizar esas pel\u00edculas y reivindicar a una serie de directores, t\u00e9cnicos, actores y m\u00e1s de 1500 t\u00edtulos que forman parte de la Historia de nuestro cine y que merecen algo m\u00e1s que el menosprecio o el olvido.<\/p>\n","protected":false},"featured_media":14951,"template":"","meta":[],"product_brand":[],"product_cat":[333],"product_tag":[753,1293,1529],"autores":[1932,1933],"formatos":[355],"materias":[362],"class_list":{"0":"post-15091","1":"product","2":"type-product","3":"status-publish","4":"has-post-thumbnail","6":"product_cat-kaplan-ca","7":"product_tag-cine-ca","8":"product_tag-cine-espanol-ca","9":"product_tag-historia-del-cine-ca","10":"autores-sanchez-barba-francesc-ca","11":"autores-vaccaro-juan-ca","12":"formatos-llibre","13":"materias-cine-y-tv-ca","15":"first","16":"instock","17":"taxable","18":"shipping-taxable","19":"purchasable","20":"product-type-simple"},"yoast_head":"<!-- This site is optimized with the Yoast SEO plugin v27.4 - https:\/\/yoast.com\/product\/yoast-seo-wordpress\/ -->\n<title>El largo camino a la Europa comunitaria I | Laertes ediciones<\/title>\n<meta name=\"robots\" content=\"index, follow, max-snippet:-1, max-image-preview:large, max-video-preview:-1\" \/>\n<link rel=\"canonical\" href=\"https:\/\/www.laertes.es\/ca\/llibre\/el-largo-camino-a-la-europa-comunitaria-i\/\" \/>\n<meta property=\"og:locale\" content=\"ca_ES\" \/>\n<meta property=\"og:type\" content=\"article\" \/>\n<meta property=\"og:title\" content=\"El largo camino a la Europa comunitaria I | Laertes ediciones\" \/>\n<meta property=\"og:description\" content=\"Once especialistas procedentes de diferentes campos, con una marcada presencia del sello Film-Hist\u00f2ria asociado a autores como Jos\u00e9 Mar\u00eda Caparr\u00f3s, Rafael de Espa\u00f1a o Mag\u00ed Crusells se acercan en este primer volumen a esas pel\u00edculas hechas en ocasiones con medios precarios, pero con una ilusi\u00f3n y amor al cine a prueba de bombas. Junto a un cine de corte m\u00e1s intelectual encontramos uno m\u00e1s popular, que inund\u00f3 las plateas de los cines espa\u00f1oles, m\u00e1s tarde fue carne de videoclub y ha acabado teniendo una buena legi\u00f3n de seguidores. Esta obra nace con la intenci\u00f3n de contextualizar esas pel\u00edculas y reivindicar a una serie de directores, t\u00e9cnicos, actores y m\u00e1s de 1500 t\u00edtulos que forman parte de la Historia de nuestro cine y que merecen algo m\u00e1s que el menosprecio o el olvido.\" \/>\n<meta property=\"og:url\" content=\"https:\/\/www.laertes.es\/ca\/llibre\/el-largo-camino-a-la-europa-comunitaria-i\/\" \/>\n<meta property=\"og:site_name\" content=\"Laertes ediciones\" \/>\n<meta property=\"article:modified_time\" content=\"2025-03-10T10:44:12+00:00\" \/>\n<meta property=\"og:image\" content=\"https:\/\/www.laertes.es\/wp-content\/uploads\/2023\/11\/KAP073.webp\" \/>\n\t<meta property=\"og:image:width\" content=\"802\" \/>\n\t<meta property=\"og:image:height\" content=\"1200\" \/>\n\t<meta property=\"og:image:type\" content=\"image\/webp\" \/>\n<meta name=\"twitter:label1\" content=\"Temps estimat de lectura\" \/>\n\t<meta name=\"twitter:data1\" content=\"1 minut\" \/>\n<script type=\"application\/ld+json\" class=\"yoast-schema-graph\">{\"@context\":\"https:\\\/\\\/schema.org\",\"@graph\":[{\"@type\":\"WebPage\",\"@id\":\"https:\\\/\\\/www.laertes.es\\\/ca\\\/llibre\\\/el-largo-camino-a-la-europa-comunitaria-i\\\/\",\"url\":\"https:\\\/\\\/www.laertes.es\\\/ca\\\/llibre\\\/el-largo-camino-a-la-europa-comunitaria-i\\\/\",\"name\":\"El largo camino a la Europa comunitaria I | Laertes ediciones\",\"isPartOf\":{\"@id\":\"https:\\\/\\\/www.laertes.es\\\/ca\\\/#website\"},\"primaryImageOfPage\":{\"@id\":\"https:\\\/\\\/www.laertes.es\\\/ca\\\/llibre\\\/el-largo-camino-a-la-europa-comunitaria-i\\\/#primaryimage\"},\"image\":{\"@id\":\"https:\\\/\\\/www.laertes.es\\\/ca\\\/llibre\\\/el-largo-camino-a-la-europa-comunitaria-i\\\/#primaryimage\"},\"thumbnailUrl\":\"https:\\\/\\\/www.laertes.es\\\/wp-content\\\/uploads\\\/2023\\\/11\\\/KAP073.webp\",\"datePublished\":\"2024-02-13T11:16:49+00:00\",\"dateModified\":\"2025-03-10T10:44:12+00:00\",\"breadcrumb\":{\"@id\":\"https:\\\/\\\/www.laertes.es\\\/ca\\\/llibre\\\/el-largo-camino-a-la-europa-comunitaria-i\\\/#breadcrumb\"},\"inLanguage\":\"ca\",\"potentialAction\":[{\"@type\":\"ReadAction\",\"target\":[\"https:\\\/\\\/www.laertes.es\\\/ca\\\/llibre\\\/el-largo-camino-a-la-europa-comunitaria-i\\\/\"]}]},{\"@type\":\"ImageObject\",\"inLanguage\":\"ca\",\"@id\":\"https:\\\/\\\/www.laertes.es\\\/ca\\\/llibre\\\/el-largo-camino-a-la-europa-comunitaria-i\\\/#primaryimage\",\"url\":\"https:\\\/\\\/www.laertes.es\\\/wp-content\\\/uploads\\\/2023\\\/11\\\/KAP073.webp\",\"contentUrl\":\"https:\\\/\\\/www.laertes.es\\\/wp-content\\\/uploads\\\/2023\\\/11\\\/KAP073.webp\",\"width\":802,\"height\":1200,\"caption\":\"El largo camino a la Europa comunitaria I\"},{\"@type\":\"BreadcrumbList\",\"@id\":\"https:\\\/\\\/www.laertes.es\\\/ca\\\/llibre\\\/el-largo-camino-a-la-europa-comunitaria-i\\\/#breadcrumb\",\"itemListElement\":[{\"@type\":\"ListItem\",\"position\":1,\"name\":\"Portada\",\"item\":\"https:\\\/\\\/www.laertes.es\\\/ca\\\/\"},{\"@type\":\"ListItem\",\"position\":2,\"name\":\"Tienda\",\"item\":\"https:\\\/\\\/www.laertes.es\\\/tienda\\\/\"},{\"@type\":\"ListItem\",\"position\":3,\"name\":\"El largo camino a la Europa comunitaria I\"}]},{\"@type\":\"WebSite\",\"@id\":\"https:\\\/\\\/www.laertes.es\\\/ca\\\/#website\",\"url\":\"https:\\\/\\\/www.laertes.es\\\/ca\\\/\",\"name\":\"Laertes Ediciones\",\"description\":\"Editorial independiente desde 1975\",\"alternateName\":\"Laertes\",\"potentialAction\":[{\"@type\":\"SearchAction\",\"target\":{\"@type\":\"EntryPoint\",\"urlTemplate\":\"https:\\\/\\\/www.laertes.es\\\/ca\\\/?s={search_term_string}\"},\"query-input\":{\"@type\":\"PropertyValueSpecification\",\"valueRequired\":true,\"valueName\":\"search_term_string\"}}],\"inLanguage\":\"ca\"}]}<\/script>\n<!-- \/ Yoast SEO plugin. -->","yoast_head_json":{"title":"El largo camino a la Europa comunitaria I | Laertes ediciones","robots":{"index":"index","follow":"follow","max-snippet":"max-snippet:-1","max-image-preview":"max-image-preview:large","max-video-preview":"max-video-preview:-1"},"canonical":"https:\/\/www.laertes.es\/ca\/llibre\/el-largo-camino-a-la-europa-comunitaria-i\/","og_locale":"ca_ES","og_type":"article","og_title":"El largo camino a la Europa comunitaria I | Laertes ediciones","og_description":"Once especialistas procedentes de diferentes campos, con una marcada presencia del sello Film-Hist\u00f2ria asociado a autores como Jos\u00e9 Mar\u00eda Caparr\u00f3s, Rafael de Espa\u00f1a o Mag\u00ed Crusells se acercan en este primer volumen a esas pel\u00edculas hechas en ocasiones con medios precarios, pero con una ilusi\u00f3n y amor al cine a prueba de bombas. Junto a un cine de corte m\u00e1s intelectual encontramos uno m\u00e1s popular, que inund\u00f3 las plateas de los cines espa\u00f1oles, m\u00e1s tarde fue carne de videoclub y ha acabado teniendo una buena legi\u00f3n de seguidores. Esta obra nace con la intenci\u00f3n de contextualizar esas pel\u00edculas y reivindicar a una serie de directores, t\u00e9cnicos, actores y m\u00e1s de 1500 t\u00edtulos que forman parte de la Historia de nuestro cine y que merecen algo m\u00e1s que el menosprecio o el olvido.","og_url":"https:\/\/www.laertes.es\/ca\/llibre\/el-largo-camino-a-la-europa-comunitaria-i\/","og_site_name":"Laertes ediciones","article_modified_time":"2025-03-10T10:44:12+00:00","og_image":[{"width":802,"height":1200,"url":"https:\/\/www.laertes.es\/wp-content\/uploads\/2023\/11\/KAP073.webp","type":"image\/webp"}],"twitter_misc":{"Temps estimat de lectura":"1 minut"},"schema":{"@context":"https:\/\/schema.org","@graph":[{"@type":"WebPage","@id":"https:\/\/www.laertes.es\/ca\/llibre\/el-largo-camino-a-la-europa-comunitaria-i\/","url":"https:\/\/www.laertes.es\/ca\/llibre\/el-largo-camino-a-la-europa-comunitaria-i\/","name":"El largo camino a la Europa comunitaria I | Laertes ediciones","isPartOf":{"@id":"https:\/\/www.laertes.es\/ca\/#website"},"primaryImageOfPage":{"@id":"https:\/\/www.laertes.es\/ca\/llibre\/el-largo-camino-a-la-europa-comunitaria-i\/#primaryimage"},"image":{"@id":"https:\/\/www.laertes.es\/ca\/llibre\/el-largo-camino-a-la-europa-comunitaria-i\/#primaryimage"},"thumbnailUrl":"https:\/\/www.laertes.es\/wp-content\/uploads\/2023\/11\/KAP073.webp","datePublished":"2024-02-13T11:16:49+00:00","dateModified":"2025-03-10T10:44:12+00:00","breadcrumb":{"@id":"https:\/\/www.laertes.es\/ca\/llibre\/el-largo-camino-a-la-europa-comunitaria-i\/#breadcrumb"},"inLanguage":"ca","potentialAction":[{"@type":"ReadAction","target":["https:\/\/www.laertes.es\/ca\/llibre\/el-largo-camino-a-la-europa-comunitaria-i\/"]}]},{"@type":"ImageObject","inLanguage":"ca","@id":"https:\/\/www.laertes.es\/ca\/llibre\/el-largo-camino-a-la-europa-comunitaria-i\/#primaryimage","url":"https:\/\/www.laertes.es\/wp-content\/uploads\/2023\/11\/KAP073.webp","contentUrl":"https:\/\/www.laertes.es\/wp-content\/uploads\/2023\/11\/KAP073.webp","width":802,"height":1200,"caption":"El largo camino a la Europa comunitaria I"},{"@type":"BreadcrumbList","@id":"https:\/\/www.laertes.es\/ca\/llibre\/el-largo-camino-a-la-europa-comunitaria-i\/#breadcrumb","itemListElement":[{"@type":"ListItem","position":1,"name":"Portada","item":"https:\/\/www.laertes.es\/ca\/"},{"@type":"ListItem","position":2,"name":"Tienda","item":"https:\/\/www.laertes.es\/tienda\/"},{"@type":"ListItem","position":3,"name":"El largo camino a la Europa comunitaria I"}]},{"@type":"WebSite","@id":"https:\/\/www.laertes.es\/ca\/#website","url":"https:\/\/www.laertes.es\/ca\/","name":"Laertes Ediciones","description":"Editorial independiente desde 1975","alternateName":"Laertes","potentialAction":[{"@type":"SearchAction","target":{"@type":"EntryPoint","urlTemplate":"https:\/\/www.laertes.es\/ca\/?s={search_term_string}"},"query-input":{"@type":"PropertyValueSpecification","valueRequired":true,"valueName":"search_term_string"}}],"inLanguage":"ca"}]}},"_links":{"self":[{"href":"https:\/\/www.laertes.es\/ca\/wp-json\/wp\/v2\/product\/15091","targetHints":{"allow":["GET"]}}],"collection":[{"href":"https:\/\/www.laertes.es\/ca\/wp-json\/wp\/v2\/product"}],"about":[{"href":"https:\/\/www.laertes.es\/ca\/wp-json\/wp\/v2\/types\/product"}],"version-history":[{"count":1,"href":"https:\/\/www.laertes.es\/ca\/wp-json\/wp\/v2\/product\/15091\/revisions"}],"predecessor-version":[{"id":15498,"href":"https:\/\/www.laertes.es\/ca\/wp-json\/wp\/v2\/product\/15091\/revisions\/15498"}],"wp:featuredmedia":[{"embeddable":true,"href":"https:\/\/www.laertes.es\/ca\/wp-json\/wp\/v2\/media\/14951"}],"wp:attachment":[{"href":"https:\/\/www.laertes.es\/ca\/wp-json\/wp\/v2\/media?parent=15091"}],"wp:term":[{"taxonomy":"product_brand","embeddable":true,"href":"https:\/\/www.laertes.es\/ca\/wp-json\/wp\/v2\/product_brand?post=15091"},{"taxonomy":"product_cat","embeddable":true,"href":"https:\/\/www.laertes.es\/ca\/wp-json\/wp\/v2\/product_cat?post=15091"},{"taxonomy":"product_tag","embeddable":true,"href":"https:\/\/www.laertes.es\/ca\/wp-json\/wp\/v2\/product_tag?post=15091"},{"taxonomy":"autores","embeddable":true,"href":"https:\/\/www.laertes.es\/ca\/wp-json\/wp\/v2\/autores?post=15091"},{"taxonomy":"formatos","embeddable":true,"href":"https:\/\/www.laertes.es\/ca\/wp-json\/wp\/v2\/formatos?post=15091"},{"taxonomy":"materias","embeddable":true,"href":"https:\/\/www.laertes.es\/ca\/wp-json\/wp\/v2\/materias?post=15091"}],"curies":[{"name":"wp","href":"https:\/\/api.w.org\/{rel}","templated":true}]}}