{"id":15083,"date":"2024-02-13T11:05:41","date_gmt":"2024-02-13T11:05:41","guid":{"rendered":"https:\/?post_type=product&#038;p=15083"},"modified":"2024-02-13T11:09:48","modified_gmt":"2024-02-13T11:09:48","slug":"conan-6","status":"publish","type":"product","link":"https:\/\/www.laertes.es\/ca\/llibre\/conan-6\/","title":{"rendered":"C\u00f2nan 6"},"content":{"rendered":"<p style=\"text-align: justify\">Aquest volum ofereix tres excel\u00b7lents exemples de fantasia, acci\u00f3 i aventures. A <em>M\u00e9s enll\u00e0 del riu Negre<\/em>, batega l\u2019etern conflicte entre colons i pobladors aut\u00f2ctons en una frontera implacable i infestada de m\u00e0gia. <em>El f\u00e8nix a l\u2019espasa<\/em> \u00e9s una hist\u00f2ria d\u2019intriga pol\u00edtica, acci\u00f3 \u00e8pica i heroisme: la profecia s\u2019ha complert i en C\u00f2nan s\u2019ha coronat rei, per\u00f2 ara ha d\u2019enfrontar-se a una perillosa conspiraci\u00f3 i a un bruixot letal. A <em>La ciutadella escarlata<\/em>, el capturen i empresonen a la capital del regne de Koth, i li cal desplegar tot el seu coratge per escapar-se de l\u2019infern, combatre tra\u00efcions i arts obscures i preservar la seva llegenda.<\/p>\n<p style=\"text-align: justify\">C\u00f2nan \u00e9s el personatge m\u00e9s rellevant de l\u2019escriptor de literatura <em>pulp<\/em> Robert E. Howard, pare del g\u00e8nere anomenat \u00abespasa i bruixeria\u00bb i un dels narradors m\u00e9s ic\u00f2nics de la revista <em>Weird Tales<\/em>. Creador d\u2019altres personatges com Solomon Kane o Kull, el Conqueridor, ha passat a la hist\u00f2ria sobretot per les narracions que va escriure sobre C\u00f2nan, qui, gr\u00e0cies a les recopilacions dels seus relats i les seves adaptacions al c\u00f2mic i al cinema, ha esdevingut una icona del segle xx.<\/p>\n","protected":false},"excerpt":{"rendered":"<p>Aquest volum ofereix tres excel\u00b7lents exemples de fantasia, acci\u00f3 i aventures. A M\u00e9s enll\u00e0 del riu Negre, batega l\u2019etern conflicte<\/p>\n","protected":false},"featured_media":15085,"template":"","meta":[],"product_brand":[],"product_cat":[296],"product_tag":[682,707,1499,672],"autores":[451],"formatos":[355],"materias":[356,374],"class_list":{"0":"post-15083","1":"product","2":"type-product","3":"status-publish","4":"has-post-thumbnail","6":"product_cat-larca-ca","7":"product_tag-espasa-i-bruixeria-ca","8":"product_tag-fantastic-catala-ca","9":"product_tag-herois-ca","10":"product_tag-literatura-fantastica-ca","11":"autores-howard-robert-e-ca","12":"formatos-llibre","13":"materias-cuentos-clasicos-de-generos-fantasticos-ca","14":"materias-literatura-ca","16":"first","17":"instock","18":"taxable","19":"shipping-taxable","20":"purchasable","21":"product-type-simple"},"yoast_head":"<!-- This site is optimized with the Yoast SEO plugin v27.3 - https:\/\/yoast.com\/product\/yoast-seo-wordpress\/ -->\n<title>C\u00f2nan 6 | Laertes ediciones<\/title>\n<meta name=\"description\" content=\"Endinsa\u2019t en el m\u00f3n \u00e8pic i salvatge d\u2019Hib\u00f2ria a trav\u00e9s de dues apassionants aventures protagonitzades pel guerrer m\u00e9s temut de tots els temps: C\u00f2nan 5.\" \/>\n<meta name=\"robots\" content=\"index, follow, max-snippet:-1, max-image-preview:large, max-video-preview:-1\" \/>\n<link rel=\"canonical\" href=\"https:\/\/www.laertes.es\/ca\/llibre\/conan-6\/\" \/>\n<meta property=\"og:locale\" content=\"ca_ES\" \/>\n<meta property=\"og:type\" content=\"article\" \/>\n<meta property=\"og:title\" content=\"C\u00f2nan 6 | Laertes ediciones\" \/>\n<meta property=\"og:description\" content=\"Endinsa\u2019t en el m\u00f3n \u00e8pic i salvatge d\u2019Hib\u00f2ria a trav\u00e9s de dues apassionants aventures protagonitzades pel guerrer m\u00e9s temut de tots els temps: C\u00f2nan 5.\" \/>\n<meta property=\"og:url\" content=\"https:\/\/www.laertes.es\/ca\/llibre\/conan-6\/\" \/>\n<meta property=\"og:site_name\" content=\"Laertes ediciones\" \/>\n<meta property=\"article:modified_time\" content=\"2024-02-13T11:09:48+00:00\" \/>\n<meta property=\"og:image\" content=\"https:\/\/www.laertes.es\/wp-content\/uploads\/2024\/02\/ARC117.webp\" \/>\n\t<meta property=\"og:image:width\" content=\"802\" \/>\n\t<meta property=\"og:image:height\" content=\"1200\" \/>\n\t<meta property=\"og:image:type\" content=\"image\/webp\" \/>\n<meta name=\"twitter:label1\" content=\"Temps estimat de lectura\" \/>\n\t<meta name=\"twitter:data1\" content=\"2 minuts\" \/>\n<script type=\"application\/ld+json\" class=\"yoast-schema-graph\">{\"@context\":\"https:\\\/\\\/schema.org\",\"@graph\":[{\"@type\":\"WebPage\",\"@id\":\"https:\\\/\\\/www.laertes.es\\\/ca\\\/llibre\\\/conan-6\\\/\",\"url\":\"https:\\\/\\\/www.laertes.es\\\/ca\\\/llibre\\\/conan-6\\\/\",\"name\":\"C\u00f2nan 6 | Laertes ediciones\",\"isPartOf\":{\"@id\":\"https:\\\/\\\/www.laertes.es\\\/ca\\\/#website\"},\"primaryImageOfPage\":{\"@id\":\"https:\\\/\\\/www.laertes.es\\\/ca\\\/llibre\\\/conan-6\\\/#primaryimage\"},\"image\":{\"@id\":\"https:\\\/\\\/www.laertes.es\\\/ca\\\/llibre\\\/conan-6\\\/#primaryimage\"},\"thumbnailUrl\":\"https:\\\/\\\/www.laertes.es\\\/wp-content\\\/uploads\\\/2024\\\/02\\\/ARC117.webp\",\"datePublished\":\"2024-02-13T11:05:41+00:00\",\"dateModified\":\"2024-02-13T11:09:48+00:00\",\"description\":\"Endinsa\u2019t en el m\u00f3n \u00e8pic i salvatge d\u2019Hib\u00f2ria a trav\u00e9s de dues apassionants aventures protagonitzades pel guerrer m\u00e9s temut de tots els temps: C\u00f2nan 5.\",\"breadcrumb\":{\"@id\":\"https:\\\/\\\/www.laertes.es\\\/ca\\\/llibre\\\/conan-6\\\/#breadcrumb\"},\"inLanguage\":\"ca\",\"potentialAction\":[{\"@type\":\"ReadAction\",\"target\":[\"https:\\\/\\\/www.laertes.es\\\/ca\\\/llibre\\\/conan-6\\\/\"]}]},{\"@type\":\"ImageObject\",\"inLanguage\":\"ca\",\"@id\":\"https:\\\/\\\/www.laertes.es\\\/ca\\\/llibre\\\/conan-6\\\/#primaryimage\",\"url\":\"https:\\\/\\\/www.laertes.es\\\/wp-content\\\/uploads\\\/2024\\\/02\\\/ARC117.webp\",\"contentUrl\":\"https:\\\/\\\/www.laertes.es\\\/wp-content\\\/uploads\\\/2024\\\/02\\\/ARC117.webp\",\"width\":802,\"height\":1200},{\"@type\":\"BreadcrumbList\",\"@id\":\"https:\\\/\\\/www.laertes.es\\\/ca\\\/llibre\\\/conan-6\\\/#breadcrumb\",\"itemListElement\":[{\"@type\":\"ListItem\",\"position\":1,\"name\":\"Portada\",\"item\":\"https:\\\/\\\/www.laertes.es\\\/ca\\\/\"},{\"@type\":\"ListItem\",\"position\":2,\"name\":\"Tienda\",\"item\":\"https:\\\/\\\/www.laertes.es\\\/tienda\\\/\"},{\"@type\":\"ListItem\",\"position\":3,\"name\":\"C\u00f2nan 6\"}]},{\"@type\":\"WebSite\",\"@id\":\"https:\\\/\\\/www.laertes.es\\\/ca\\\/#website\",\"url\":\"https:\\\/\\\/www.laertes.es\\\/ca\\\/\",\"name\":\"Laertes Ediciones\",\"description\":\"Editorial independiente desde 1975\",\"alternateName\":\"Laertes\",\"potentialAction\":[{\"@type\":\"SearchAction\",\"target\":{\"@type\":\"EntryPoint\",\"urlTemplate\":\"https:\\\/\\\/www.laertes.es\\\/ca\\\/?s={search_term_string}\"},\"query-input\":{\"@type\":\"PropertyValueSpecification\",\"valueRequired\":true,\"valueName\":\"search_term_string\"}}],\"inLanguage\":\"ca\"}]}<\/script>\n<!-- \/ Yoast SEO plugin. -->","yoast_head_json":{"title":"C\u00f2nan 6 | Laertes ediciones","description":"Endinsa\u2019t en el m\u00f3n \u00e8pic i salvatge d\u2019Hib\u00f2ria a trav\u00e9s de dues apassionants aventures protagonitzades pel guerrer m\u00e9s temut de tots els temps: C\u00f2nan 5.","robots":{"index":"index","follow":"follow","max-snippet":"max-snippet:-1","max-image-preview":"max-image-preview:large","max-video-preview":"max-video-preview:-1"},"canonical":"https:\/\/www.laertes.es\/ca\/llibre\/conan-6\/","og_locale":"ca_ES","og_type":"article","og_title":"C\u00f2nan 6 | Laertes ediciones","og_description":"Endinsa\u2019t en el m\u00f3n \u00e8pic i salvatge d\u2019Hib\u00f2ria a trav\u00e9s de dues apassionants aventures protagonitzades pel guerrer m\u00e9s temut de tots els temps: C\u00f2nan 5.","og_url":"https:\/\/www.laertes.es\/ca\/llibre\/conan-6\/","og_site_name":"Laertes ediciones","article_modified_time":"2024-02-13T11:09:48+00:00","og_image":[{"width":802,"height":1200,"url":"https:\/\/www.laertes.es\/wp-content\/uploads\/2024\/02\/ARC117.webp","type":"image\/webp"}],"twitter_misc":{"Temps estimat de lectura":"2 minuts"},"schema":{"@context":"https:\/\/schema.org","@graph":[{"@type":"WebPage","@id":"https:\/\/www.laertes.es\/ca\/llibre\/conan-6\/","url":"https:\/\/www.laertes.es\/ca\/llibre\/conan-6\/","name":"C\u00f2nan 6 | Laertes ediciones","isPartOf":{"@id":"https:\/\/www.laertes.es\/ca\/#website"},"primaryImageOfPage":{"@id":"https:\/\/www.laertes.es\/ca\/llibre\/conan-6\/#primaryimage"},"image":{"@id":"https:\/\/www.laertes.es\/ca\/llibre\/conan-6\/#primaryimage"},"thumbnailUrl":"https:\/\/www.laertes.es\/wp-content\/uploads\/2024\/02\/ARC117.webp","datePublished":"2024-02-13T11:05:41+00:00","dateModified":"2024-02-13T11:09:48+00:00","description":"Endinsa\u2019t en el m\u00f3n \u00e8pic i salvatge d\u2019Hib\u00f2ria a trav\u00e9s de dues apassionants aventures protagonitzades pel guerrer m\u00e9s temut de tots els temps: C\u00f2nan 5.","breadcrumb":{"@id":"https:\/\/www.laertes.es\/ca\/llibre\/conan-6\/#breadcrumb"},"inLanguage":"ca","potentialAction":[{"@type":"ReadAction","target":["https:\/\/www.laertes.es\/ca\/llibre\/conan-6\/"]}]},{"@type":"ImageObject","inLanguage":"ca","@id":"https:\/\/www.laertes.es\/ca\/llibre\/conan-6\/#primaryimage","url":"https:\/\/www.laertes.es\/wp-content\/uploads\/2024\/02\/ARC117.webp","contentUrl":"https:\/\/www.laertes.es\/wp-content\/uploads\/2024\/02\/ARC117.webp","width":802,"height":1200},{"@type":"BreadcrumbList","@id":"https:\/\/www.laertes.es\/ca\/llibre\/conan-6\/#breadcrumb","itemListElement":[{"@type":"ListItem","position":1,"name":"Portada","item":"https:\/\/www.laertes.es\/ca\/"},{"@type":"ListItem","position":2,"name":"Tienda","item":"https:\/\/www.laertes.es\/tienda\/"},{"@type":"ListItem","position":3,"name":"C\u00f2nan 6"}]},{"@type":"WebSite","@id":"https:\/\/www.laertes.es\/ca\/#website","url":"https:\/\/www.laertes.es\/ca\/","name":"Laertes Ediciones","description":"Editorial independiente desde 1975","alternateName":"Laertes","potentialAction":[{"@type":"SearchAction","target":{"@type":"EntryPoint","urlTemplate":"https:\/\/www.laertes.es\/ca\/?s={search_term_string}"},"query-input":{"@type":"PropertyValueSpecification","valueRequired":true,"valueName":"search_term_string"}}],"inLanguage":"ca"}]}},"_links":{"self":[{"href":"https:\/\/www.laertes.es\/ca\/wp-json\/wp\/v2\/product\/15083","targetHints":{"allow":["GET"]}}],"collection":[{"href":"https:\/\/www.laertes.es\/ca\/wp-json\/wp\/v2\/product"}],"about":[{"href":"https:\/\/www.laertes.es\/ca\/wp-json\/wp\/v2\/types\/product"}],"version-history":[{"count":1,"href":"https:\/\/www.laertes.es\/ca\/wp-json\/wp\/v2\/product\/15083\/revisions"}],"predecessor-version":[{"id":15086,"href":"https:\/\/www.laertes.es\/ca\/wp-json\/wp\/v2\/product\/15083\/revisions\/15086"}],"wp:featuredmedia":[{"embeddable":true,"href":"https:\/\/www.laertes.es\/ca\/wp-json\/wp\/v2\/media\/15085"}],"wp:attachment":[{"href":"https:\/\/www.laertes.es\/ca\/wp-json\/wp\/v2\/media?parent=15083"}],"wp:term":[{"taxonomy":"product_brand","embeddable":true,"href":"https:\/\/www.laertes.es\/ca\/wp-json\/wp\/v2\/product_brand?post=15083"},{"taxonomy":"product_cat","embeddable":true,"href":"https:\/\/www.laertes.es\/ca\/wp-json\/wp\/v2\/product_cat?post=15083"},{"taxonomy":"product_tag","embeddable":true,"href":"https:\/\/www.laertes.es\/ca\/wp-json\/wp\/v2\/product_tag?post=15083"},{"taxonomy":"autores","embeddable":true,"href":"https:\/\/www.laertes.es\/ca\/wp-json\/wp\/v2\/autores?post=15083"},{"taxonomy":"formatos","embeddable":true,"href":"https:\/\/www.laertes.es\/ca\/wp-json\/wp\/v2\/formatos?post=15083"},{"taxonomy":"materias","embeddable":true,"href":"https:\/\/www.laertes.es\/ca\/wp-json\/wp\/v2\/materias?post=15083"}],"curies":[{"name":"wp","href":"https:\/\/api.w.org\/{rel}","templated":true}]}}