{"id":15050,"date":"2023-11-20T11:25:24","date_gmt":"2023-11-20T11:25:24","guid":{"rendered":"https:\/libro\/sicilia\/"},"modified":"2024-04-30T12:03:22","modified_gmt":"2024-04-30T12:03:22","slug":"sicilia","status":"publish","type":"product","link":"https:\/\/www.laertes.es\/ca\/llibre\/sicilia\/","title":{"rendered":"Sicilia"},"content":{"rendered":"<p>En lo bueno y en lo malo, \u00abItalia en superlativo\u00bb. As\u00ed se ha descrito Sicilia. Lo mejor y lo peor del Mediterr\u00e1neo&#8230; y del g\u00e9nero humano. Tierra de contradicciones, dulce y violenta, todas las culturas \u2014fenicios, griegos, romanos, bizantinos, \u00e1rabes, normandos, aragoneses, espa\u00f1oles, borbones\u2014 han pasado por este lugar prodigioso dejando un inabordable legado cultural y art\u00edstico, sin hacer perder a la isla su personalidad. \u00abEl m\u00e1s divino museo al aire libre\u00bb le llam\u00f3 Josep Pla&#8230; y el m\u00e1s infernal lugar de violencia (de la naturaleza: volcanes todav\u00eda muy activos, terremotos; y humana: luchas y venganzas mafiosas, corrupciones pol\u00edticas). La mayor concentraci\u00f3n de lugares Patrimonio de la Humanidad por kil\u00f3metro cuadrado, de ciudades monumentales&#8230; y de construcciones \u00ababusivas\u00bb y de huelgas de basuras (con el permiso de N\u00e1poles). Imposible aburrirse. Bellezas naturales famosas desde la antig\u00fcedad, sombras y luces que a ning\u00fan viajero dejan indiferente.<\/p>\n","protected":false},"excerpt":{"rendered":"<p>En lo bueno y en lo malo, \u00abItalia en superlativo\u00bb. As\u00ed se ha descrito Sicilia. Lo mejor y lo peor<\/p>\n","protected":false},"featured_media":14955,"template":"","meta":[],"product_brand":[],"product_cat":[344],"product_tag":[836,1929,1930],"autores":[1931],"formatos":[355],"materias":[370],"class_list":{"0":"post-15050","1":"product","2":"type-product","3":"status-publish","4":"has-post-thumbnail","6":"product_cat-rumbo-a-ca","7":"product_tag-guia-de-viajes-ca","8":"product_tag-patrimonio-de-la-humanidad-ca","9":"product_tag-sicilia-ca","10":"autores-reyero-miguel-ca","11":"formatos-llibre","12":"materias-guias-de-viajes-ca","14":"first","15":"instock","16":"taxable","17":"shipping-taxable","18":"purchasable","19":"product-type-simple"},"yoast_head":"<!-- This site is optimized with the Yoast SEO plugin v27.3 - https:\/\/yoast.com\/product\/yoast-seo-wordpress\/ -->\n<title>Sicilia | Laertes ediciones<\/title>\n<meta name=\"robots\" content=\"index, follow, max-snippet:-1, max-image-preview:large, max-video-preview:-1\" \/>\n<link rel=\"canonical\" href=\"https:\/\/www.laertes.es\/ca\/llibre\/sicilia\/\" \/>\n<meta property=\"og:locale\" content=\"ca_ES\" \/>\n<meta property=\"og:type\" content=\"article\" \/>\n<meta property=\"og:title\" content=\"Sicilia | Laertes ediciones\" \/>\n<meta property=\"og:description\" content=\"En lo bueno y en lo malo, \u00abItalia en superlativo\u00bb. As\u00ed se ha descrito Sicilia. Lo mejor y lo peor\" \/>\n<meta property=\"og:url\" content=\"https:\/\/www.laertes.es\/ca\/llibre\/sicilia\/\" \/>\n<meta property=\"og:site_name\" content=\"Laertes ediciones\" \/>\n<meta property=\"article:modified_time\" content=\"2024-04-30T12:03:22+00:00\" \/>\n<meta property=\"og:image\" content=\"https:\/\/www.laertes.es\/wp-content\/uploads\/2023\/11\/RUM048.webp\" \/>\n\t<meta property=\"og:image:width\" content=\"802\" \/>\n\t<meta property=\"og:image:height\" content=\"1200\" \/>\n\t<meta property=\"og:image:type\" content=\"image\/webp\" \/>\n<meta name=\"twitter:label1\" content=\"Temps estimat de lectura\" \/>\n\t<meta name=\"twitter:data1\" content=\"1 minut\" \/>\n<script type=\"application\/ld+json\" class=\"yoast-schema-graph\">{\"@context\":\"https:\\\/\\\/schema.org\",\"@graph\":[{\"@type\":\"WebPage\",\"@id\":\"https:\\\/\\\/www.laertes.es\\\/ca\\\/llibre\\\/sicilia\\\/\",\"url\":\"https:\\\/\\\/www.laertes.es\\\/ca\\\/llibre\\\/sicilia\\\/\",\"name\":\"Sicilia | Laertes ediciones\",\"isPartOf\":{\"@id\":\"https:\\\/\\\/www.laertes.es\\\/ca\\\/#website\"},\"primaryImageOfPage\":{\"@id\":\"https:\\\/\\\/www.laertes.es\\\/ca\\\/llibre\\\/sicilia\\\/#primaryimage\"},\"image\":{\"@id\":\"https:\\\/\\\/www.laertes.es\\\/ca\\\/llibre\\\/sicilia\\\/#primaryimage\"},\"thumbnailUrl\":\"https:\\\/\\\/www.laertes.es\\\/wp-content\\\/uploads\\\/2023\\\/11\\\/RUM048.webp\",\"datePublished\":\"2023-11-20T11:25:24+00:00\",\"dateModified\":\"2024-04-30T12:03:22+00:00\",\"breadcrumb\":{\"@id\":\"https:\\\/\\\/www.laertes.es\\\/ca\\\/llibre\\\/sicilia\\\/#breadcrumb\"},\"inLanguage\":\"ca\",\"potentialAction\":[{\"@type\":\"ReadAction\",\"target\":[\"https:\\\/\\\/www.laertes.es\\\/ca\\\/llibre\\\/sicilia\\\/\"]}]},{\"@type\":\"ImageObject\",\"inLanguage\":\"ca\",\"@id\":\"https:\\\/\\\/www.laertes.es\\\/ca\\\/llibre\\\/sicilia\\\/#primaryimage\",\"url\":\"https:\\\/\\\/www.laertes.es\\\/wp-content\\\/uploads\\\/2023\\\/11\\\/RUM048.webp\",\"contentUrl\":\"https:\\\/\\\/www.laertes.es\\\/wp-content\\\/uploads\\\/2023\\\/11\\\/RUM048.webp\",\"width\":802,\"height\":1200,\"caption\":\"Sicilia\"},{\"@type\":\"BreadcrumbList\",\"@id\":\"https:\\\/\\\/www.laertes.es\\\/ca\\\/llibre\\\/sicilia\\\/#breadcrumb\",\"itemListElement\":[{\"@type\":\"ListItem\",\"position\":1,\"name\":\"Portada\",\"item\":\"https:\\\/\\\/www.laertes.es\\\/ca\\\/\"},{\"@type\":\"ListItem\",\"position\":2,\"name\":\"Tienda\",\"item\":\"https:\\\/\\\/www.laertes.es\\\/tienda\\\/\"},{\"@type\":\"ListItem\",\"position\":3,\"name\":\"Sicilia\"}]},{\"@type\":\"WebSite\",\"@id\":\"https:\\\/\\\/www.laertes.es\\\/ca\\\/#website\",\"url\":\"https:\\\/\\\/www.laertes.es\\\/ca\\\/\",\"name\":\"Laertes Ediciones\",\"description\":\"Editorial independiente desde 1975\",\"alternateName\":\"Laertes\",\"potentialAction\":[{\"@type\":\"SearchAction\",\"target\":{\"@type\":\"EntryPoint\",\"urlTemplate\":\"https:\\\/\\\/www.laertes.es\\\/ca\\\/?s={search_term_string}\"},\"query-input\":{\"@type\":\"PropertyValueSpecification\",\"valueRequired\":true,\"valueName\":\"search_term_string\"}}],\"inLanguage\":\"ca\"}]}<\/script>\n<!-- \/ Yoast SEO plugin. -->","yoast_head_json":{"title":"Sicilia | Laertes ediciones","robots":{"index":"index","follow":"follow","max-snippet":"max-snippet:-1","max-image-preview":"max-image-preview:large","max-video-preview":"max-video-preview:-1"},"canonical":"https:\/\/www.laertes.es\/ca\/llibre\/sicilia\/","og_locale":"ca_ES","og_type":"article","og_title":"Sicilia | Laertes ediciones","og_description":"En lo bueno y en lo malo, \u00abItalia en superlativo\u00bb. As\u00ed se ha descrito Sicilia. Lo mejor y lo peor","og_url":"https:\/\/www.laertes.es\/ca\/llibre\/sicilia\/","og_site_name":"Laertes ediciones","article_modified_time":"2024-04-30T12:03:22+00:00","og_image":[{"width":802,"height":1200,"url":"https:\/\/www.laertes.es\/wp-content\/uploads\/2023\/11\/RUM048.webp","type":"image\/webp"}],"twitter_misc":{"Temps estimat de lectura":"1 minut"},"schema":{"@context":"https:\/\/schema.org","@graph":[{"@type":"WebPage","@id":"https:\/\/www.laertes.es\/ca\/llibre\/sicilia\/","url":"https:\/\/www.laertes.es\/ca\/llibre\/sicilia\/","name":"Sicilia | Laertes ediciones","isPartOf":{"@id":"https:\/\/www.laertes.es\/ca\/#website"},"primaryImageOfPage":{"@id":"https:\/\/www.laertes.es\/ca\/llibre\/sicilia\/#primaryimage"},"image":{"@id":"https:\/\/www.laertes.es\/ca\/llibre\/sicilia\/#primaryimage"},"thumbnailUrl":"https:\/\/www.laertes.es\/wp-content\/uploads\/2023\/11\/RUM048.webp","datePublished":"2023-11-20T11:25:24+00:00","dateModified":"2024-04-30T12:03:22+00:00","breadcrumb":{"@id":"https:\/\/www.laertes.es\/ca\/llibre\/sicilia\/#breadcrumb"},"inLanguage":"ca","potentialAction":[{"@type":"ReadAction","target":["https:\/\/www.laertes.es\/ca\/llibre\/sicilia\/"]}]},{"@type":"ImageObject","inLanguage":"ca","@id":"https:\/\/www.laertes.es\/ca\/llibre\/sicilia\/#primaryimage","url":"https:\/\/www.laertes.es\/wp-content\/uploads\/2023\/11\/RUM048.webp","contentUrl":"https:\/\/www.laertes.es\/wp-content\/uploads\/2023\/11\/RUM048.webp","width":802,"height":1200,"caption":"Sicilia"},{"@type":"BreadcrumbList","@id":"https:\/\/www.laertes.es\/ca\/llibre\/sicilia\/#breadcrumb","itemListElement":[{"@type":"ListItem","position":1,"name":"Portada","item":"https:\/\/www.laertes.es\/ca\/"},{"@type":"ListItem","position":2,"name":"Tienda","item":"https:\/\/www.laertes.es\/tienda\/"},{"@type":"ListItem","position":3,"name":"Sicilia"}]},{"@type":"WebSite","@id":"https:\/\/www.laertes.es\/ca\/#website","url":"https:\/\/www.laertes.es\/ca\/","name":"Laertes Ediciones","description":"Editorial independiente desde 1975","alternateName":"Laertes","potentialAction":[{"@type":"SearchAction","target":{"@type":"EntryPoint","urlTemplate":"https:\/\/www.laertes.es\/ca\/?s={search_term_string}"},"query-input":{"@type":"PropertyValueSpecification","valueRequired":true,"valueName":"search_term_string"}}],"inLanguage":"ca"}]}},"_links":{"self":[{"href":"https:\/\/www.laertes.es\/ca\/wp-json\/wp\/v2\/product\/15050","targetHints":{"allow":["GET"]}}],"collection":[{"href":"https:\/\/www.laertes.es\/ca\/wp-json\/wp\/v2\/product"}],"about":[{"href":"https:\/\/www.laertes.es\/ca\/wp-json\/wp\/v2\/types\/product"}],"version-history":[{"count":1,"href":"https:\/\/www.laertes.es\/ca\/wp-json\/wp\/v2\/product\/15050\/revisions"}],"predecessor-version":[{"id":15175,"href":"https:\/\/www.laertes.es\/ca\/wp-json\/wp\/v2\/product\/15050\/revisions\/15175"}],"wp:featuredmedia":[{"embeddable":true,"href":"https:\/\/www.laertes.es\/ca\/wp-json\/wp\/v2\/media\/14955"}],"wp:attachment":[{"href":"https:\/\/www.laertes.es\/ca\/wp-json\/wp\/v2\/media?parent=15050"}],"wp:term":[{"taxonomy":"product_brand","embeddable":true,"href":"https:\/\/www.laertes.es\/ca\/wp-json\/wp\/v2\/product_brand?post=15050"},{"taxonomy":"product_cat","embeddable":true,"href":"https:\/\/www.laertes.es\/ca\/wp-json\/wp\/v2\/product_cat?post=15050"},{"taxonomy":"product_tag","embeddable":true,"href":"https:\/\/www.laertes.es\/ca\/wp-json\/wp\/v2\/product_tag?post=15050"},{"taxonomy":"autores","embeddable":true,"href":"https:\/\/www.laertes.es\/ca\/wp-json\/wp\/v2\/autores?post=15050"},{"taxonomy":"formatos","embeddable":true,"href":"https:\/\/www.laertes.es\/ca\/wp-json\/wp\/v2\/formatos?post=15050"},{"taxonomy":"materias","embeddable":true,"href":"https:\/\/www.laertes.es\/ca\/wp-json\/wp\/v2\/materias?post=15050"}],"curies":[{"name":"wp","href":"https:\/\/api.w.org\/{rel}","templated":true}]}}