{"id":14927,"date":"2023-10-09T09:17:26","date_gmt":"2023-10-09T09:17:26","guid":{"rendered":"https:\/libro\/lamant-del-diable\/"},"modified":"2023-10-09T09:17:49","modified_gmt":"2023-10-09T09:17:49","slug":"lamant-del-diable","status":"publish","type":"product","link":"https:\/\/www.laertes.es\/ca\/llibre\/lamant-del-diable\/","title":{"rendered":"L\u2019amant del diable"},"content":{"rendered":"<h1 style=\"text-align: justify\"><em>L\u2019amant del diable <\/em><\/h1>\n<p style=\"text-align: justify\">La senyora Drover, en la seva joventut, es va enamorar perdudament d\u2019un home que no va tornar a veure m\u00e9s; uns anys m\u00e9s tard, per\u00f2, ja casada i amb fills, aquest amant perdut tornar\u00e0, revelant la seva identitat demon\u00edaca. Una parella compra una casa, on aviat descobreixen que uns anys abans havia estat l\u2019escenari d\u2019un horrible assassinat. Un home s\u2019obsessiona amb la figura d\u2019una actriu de cine mut que ja est\u00e0 morta. Aquest \u00e9s el punt de partida de les hist\u00f2ries recollides a <em>L\u2019amant del diable i altres contes<\/em>. Escrits entre els anys 30 i 40, els contes de Bowen juguen amb les eines del fant\u00e0stic, el terror i el misteri, per crear uns di\u00e0legs brillants i una suggerent c\u00e0rrega simb\u00f2lica que fa reflotar tota mena de temes com la guerra, les relacions familiars o l\u2019ignot de l\u2019exist\u00e8ncia.<br \/>\nUn llibre essencial per entendre una autora imprescindible de les lletres irlandeses com \u00e9s Elizabeth Bowen (1899-1973), que es va relacionar amb les figures liter\u00e0ries m\u00e9s importants de la seva \u00e8poca com Virginia Woolf, Carson McCullers o Iris Murdoch.<\/p>\n","protected":false},"excerpt":{"rendered":"<p>L\u2019amant del diable La senyora Drover, en la seva joventut, es va enamorar perdudament d\u2019un home que no va tornar<\/p>\n","protected":false},"featured_media":14925,"template":"","meta":[],"product_brand":[],"product_cat":[296],"product_tag":[],"autores":[1879],"formatos":[355],"materias":[356],"class_list":{"0":"post-14927","1":"product","2":"type-product","3":"status-publish","4":"has-post-thumbnail","6":"product_cat-larca-ca","7":"autores-bowen-elizabeth-ca","8":"formatos-llibre","9":"materias-cuentos-clasicos-de-generos-fantasticos-ca","11":"first","12":"instock","13":"taxable","14":"shipping-taxable","15":"purchasable","16":"product-type-simple"},"yoast_head":"<!-- This site is optimized with the Yoast SEO plugin v27.4 - https:\/\/yoast.com\/product\/yoast-seo-wordpress\/ -->\n<title>L\u2019amant del diable | Laertes ediciones<\/title>\n<meta name=\"description\" content=\"Un llibre essencial per entendre una autora imprescindible de les lletres irlandeses com \u00e9s Elizabeth Bowen | L\u2019amant del diable\" \/>\n<meta name=\"robots\" content=\"index, follow, max-snippet:-1, max-image-preview:large, max-video-preview:-1\" \/>\n<link rel=\"canonical\" href=\"https:\/\/www.laertes.es\/ca\/llibre\/lamant-del-diable\/\" \/>\n<meta property=\"og:locale\" content=\"ca_ES\" \/>\n<meta property=\"og:type\" content=\"article\" \/>\n<meta property=\"og:title\" content=\"L\u2019amant del diable | Laertes ediciones\" \/>\n<meta property=\"og:description\" content=\"Un llibre essencial per entendre una autora imprescindible de les lletres irlandeses com \u00e9s Elizabeth Bowen | L\u2019amant del diable\" \/>\n<meta property=\"og:url\" content=\"https:\/\/www.laertes.es\/ca\/llibre\/lamant-del-diable\/\" \/>\n<meta property=\"og:site_name\" content=\"Laertes ediciones\" \/>\n<meta property=\"article:modified_time\" content=\"2023-10-09T09:17:49+00:00\" \/>\n<meta property=\"og:image\" content=\"https:\/\/www.laertes.es\/wp-content\/uploads\/2023\/10\/ARC115.webp\" \/>\n\t<meta property=\"og:image:width\" content=\"802\" \/>\n\t<meta property=\"og:image:height\" content=\"1200\" \/>\n\t<meta property=\"og:image:type\" content=\"image\/webp\" \/>\n<meta name=\"twitter:label1\" content=\"Temps estimat de lectura\" \/>\n\t<meta name=\"twitter:data1\" content=\"1 minut\" \/>\n<script type=\"application\/ld+json\" class=\"yoast-schema-graph\">{\"@context\":\"https:\\\/\\\/schema.org\",\"@graph\":[{\"@type\":\"WebPage\",\"@id\":\"https:\\\/\\\/www.laertes.es\\\/ca\\\/llibre\\\/lamant-del-diable\\\/\",\"url\":\"https:\\\/\\\/www.laertes.es\\\/ca\\\/llibre\\\/lamant-del-diable\\\/\",\"name\":\"L\u2019amant del diable | Laertes ediciones\",\"isPartOf\":{\"@id\":\"https:\\\/\\\/www.laertes.es\\\/ca\\\/#website\"},\"primaryImageOfPage\":{\"@id\":\"https:\\\/\\\/www.laertes.es\\\/ca\\\/llibre\\\/lamant-del-diable\\\/#primaryimage\"},\"image\":{\"@id\":\"https:\\\/\\\/www.laertes.es\\\/ca\\\/llibre\\\/lamant-del-diable\\\/#primaryimage\"},\"thumbnailUrl\":\"https:\\\/\\\/www.laertes.es\\\/wp-content\\\/uploads\\\/2023\\\/10\\\/ARC115.webp\",\"datePublished\":\"2023-10-09T09:17:26+00:00\",\"dateModified\":\"2023-10-09T09:17:49+00:00\",\"description\":\"Un llibre essencial per entendre una autora imprescindible de les lletres irlandeses com \u00e9s Elizabeth Bowen | L\u2019amant del diable\",\"breadcrumb\":{\"@id\":\"https:\\\/\\\/www.laertes.es\\\/ca\\\/llibre\\\/lamant-del-diable\\\/#breadcrumb\"},\"inLanguage\":\"ca\",\"potentialAction\":[{\"@type\":\"ReadAction\",\"target\":[\"https:\\\/\\\/www.laertes.es\\\/ca\\\/llibre\\\/lamant-del-diable\\\/\"]}]},{\"@type\":\"ImageObject\",\"inLanguage\":\"ca\",\"@id\":\"https:\\\/\\\/www.laertes.es\\\/ca\\\/llibre\\\/lamant-del-diable\\\/#primaryimage\",\"url\":\"https:\\\/\\\/www.laertes.es\\\/wp-content\\\/uploads\\\/2023\\\/10\\\/ARC115.webp\",\"contentUrl\":\"https:\\\/\\\/www.laertes.es\\\/wp-content\\\/uploads\\\/2023\\\/10\\\/ARC115.webp\",\"width\":802,\"height\":1200,\"caption\":\"L\u2019amant del diable\"},{\"@type\":\"BreadcrumbList\",\"@id\":\"https:\\\/\\\/www.laertes.es\\\/ca\\\/llibre\\\/lamant-del-diable\\\/#breadcrumb\",\"itemListElement\":[{\"@type\":\"ListItem\",\"position\":1,\"name\":\"Portada\",\"item\":\"https:\\\/\\\/www.laertes.es\\\/ca\\\/\"},{\"@type\":\"ListItem\",\"position\":2,\"name\":\"Tienda\",\"item\":\"https:\\\/\\\/www.laertes.es\\\/tienda\\\/\"},{\"@type\":\"ListItem\",\"position\":3,\"name\":\"L\u2019amant del diable\"}]},{\"@type\":\"WebSite\",\"@id\":\"https:\\\/\\\/www.laertes.es\\\/ca\\\/#website\",\"url\":\"https:\\\/\\\/www.laertes.es\\\/ca\\\/\",\"name\":\"Laertes Ediciones\",\"description\":\"Editorial independiente desde 1975\",\"alternateName\":\"Laertes\",\"potentialAction\":[{\"@type\":\"SearchAction\",\"target\":{\"@type\":\"EntryPoint\",\"urlTemplate\":\"https:\\\/\\\/www.laertes.es\\\/ca\\\/?s={search_term_string}\"},\"query-input\":{\"@type\":\"PropertyValueSpecification\",\"valueRequired\":true,\"valueName\":\"search_term_string\"}}],\"inLanguage\":\"ca\"}]}<\/script>\n<!-- \/ Yoast SEO plugin. -->","yoast_head_json":{"title":"L\u2019amant del diable | Laertes ediciones","description":"Un llibre essencial per entendre una autora imprescindible de les lletres irlandeses com \u00e9s Elizabeth Bowen | L\u2019amant del diable","robots":{"index":"index","follow":"follow","max-snippet":"max-snippet:-1","max-image-preview":"max-image-preview:large","max-video-preview":"max-video-preview:-1"},"canonical":"https:\/\/www.laertes.es\/ca\/llibre\/lamant-del-diable\/","og_locale":"ca_ES","og_type":"article","og_title":"L\u2019amant del diable | Laertes ediciones","og_description":"Un llibre essencial per entendre una autora imprescindible de les lletres irlandeses com \u00e9s Elizabeth Bowen | L\u2019amant del diable","og_url":"https:\/\/www.laertes.es\/ca\/llibre\/lamant-del-diable\/","og_site_name":"Laertes ediciones","article_modified_time":"2023-10-09T09:17:49+00:00","og_image":[{"width":802,"height":1200,"url":"https:\/\/www.laertes.es\/wp-content\/uploads\/2023\/10\/ARC115.webp","type":"image\/webp"}],"twitter_misc":{"Temps estimat de lectura":"1 minut"},"schema":{"@context":"https:\/\/schema.org","@graph":[{"@type":"WebPage","@id":"https:\/\/www.laertes.es\/ca\/llibre\/lamant-del-diable\/","url":"https:\/\/www.laertes.es\/ca\/llibre\/lamant-del-diable\/","name":"L\u2019amant del diable | Laertes ediciones","isPartOf":{"@id":"https:\/\/www.laertes.es\/ca\/#website"},"primaryImageOfPage":{"@id":"https:\/\/www.laertes.es\/ca\/llibre\/lamant-del-diable\/#primaryimage"},"image":{"@id":"https:\/\/www.laertes.es\/ca\/llibre\/lamant-del-diable\/#primaryimage"},"thumbnailUrl":"https:\/\/www.laertes.es\/wp-content\/uploads\/2023\/10\/ARC115.webp","datePublished":"2023-10-09T09:17:26+00:00","dateModified":"2023-10-09T09:17:49+00:00","description":"Un llibre essencial per entendre una autora imprescindible de les lletres irlandeses com \u00e9s Elizabeth Bowen | L\u2019amant del diable","breadcrumb":{"@id":"https:\/\/www.laertes.es\/ca\/llibre\/lamant-del-diable\/#breadcrumb"},"inLanguage":"ca","potentialAction":[{"@type":"ReadAction","target":["https:\/\/www.laertes.es\/ca\/llibre\/lamant-del-diable\/"]}]},{"@type":"ImageObject","inLanguage":"ca","@id":"https:\/\/www.laertes.es\/ca\/llibre\/lamant-del-diable\/#primaryimage","url":"https:\/\/www.laertes.es\/wp-content\/uploads\/2023\/10\/ARC115.webp","contentUrl":"https:\/\/www.laertes.es\/wp-content\/uploads\/2023\/10\/ARC115.webp","width":802,"height":1200,"caption":"L\u2019amant del diable"},{"@type":"BreadcrumbList","@id":"https:\/\/www.laertes.es\/ca\/llibre\/lamant-del-diable\/#breadcrumb","itemListElement":[{"@type":"ListItem","position":1,"name":"Portada","item":"https:\/\/www.laertes.es\/ca\/"},{"@type":"ListItem","position":2,"name":"Tienda","item":"https:\/\/www.laertes.es\/tienda\/"},{"@type":"ListItem","position":3,"name":"L\u2019amant del diable"}]},{"@type":"WebSite","@id":"https:\/\/www.laertes.es\/ca\/#website","url":"https:\/\/www.laertes.es\/ca\/","name":"Laertes Ediciones","description":"Editorial independiente desde 1975","alternateName":"Laertes","potentialAction":[{"@type":"SearchAction","target":{"@type":"EntryPoint","urlTemplate":"https:\/\/www.laertes.es\/ca\/?s={search_term_string}"},"query-input":{"@type":"PropertyValueSpecification","valueRequired":true,"valueName":"search_term_string"}}],"inLanguage":"ca"}]}},"_links":{"self":[{"href":"https:\/\/www.laertes.es\/ca\/wp-json\/wp\/v2\/product\/14927","targetHints":{"allow":["GET"]}}],"collection":[{"href":"https:\/\/www.laertes.es\/ca\/wp-json\/wp\/v2\/product"}],"about":[{"href":"https:\/\/www.laertes.es\/ca\/wp-json\/wp\/v2\/types\/product"}],"version-history":[{"count":1,"href":"https:\/\/www.laertes.es\/ca\/wp-json\/wp\/v2\/product\/14927\/revisions"}],"predecessor-version":[{"id":14928,"href":"https:\/\/www.laertes.es\/ca\/wp-json\/wp\/v2\/product\/14927\/revisions\/14928"}],"wp:featuredmedia":[{"embeddable":true,"href":"https:\/\/www.laertes.es\/ca\/wp-json\/wp\/v2\/media\/14925"}],"wp:attachment":[{"href":"https:\/\/www.laertes.es\/ca\/wp-json\/wp\/v2\/media?parent=14927"}],"wp:term":[{"taxonomy":"product_brand","embeddable":true,"href":"https:\/\/www.laertes.es\/ca\/wp-json\/wp\/v2\/product_brand?post=14927"},{"taxonomy":"product_cat","embeddable":true,"href":"https:\/\/www.laertes.es\/ca\/wp-json\/wp\/v2\/product_cat?post=14927"},{"taxonomy":"product_tag","embeddable":true,"href":"https:\/\/www.laertes.es\/ca\/wp-json\/wp\/v2\/product_tag?post=14927"},{"taxonomy":"autores","embeddable":true,"href":"https:\/\/www.laertes.es\/ca\/wp-json\/wp\/v2\/autores?post=14927"},{"taxonomy":"formatos","embeddable":true,"href":"https:\/\/www.laertes.es\/ca\/wp-json\/wp\/v2\/formatos?post=14927"},{"taxonomy":"materias","embeddable":true,"href":"https:\/\/www.laertes.es\/ca\/wp-json\/wp\/v2\/materias?post=14927"}],"curies":[{"name":"wp","href":"https:\/\/api.w.org\/{rel}","templated":true}]}}