{"id":14912,"date":"2023-09-27T07:41:43","date_gmt":"2023-09-27T07:41:43","guid":{"rendered":"https:\/libro\/lo-que-dura-una-pelicula\/"},"modified":"2023-09-27T07:41:43","modified_gmt":"2023-09-27T07:41:43","slug":"lo-que-dura-una-pelicula","status":"publish","type":"product","link":"https:\/\/www.laertes.es\/ca\/llibre\/lo-que-dura-una-pelicula\/","title":{"rendered":"Lo que dura una pel\u00edcula"},"content":{"rendered":"<p>Las pel\u00edculas slow comparten una serie de caracter\u00edsticas formales, como el adelgazamiento y la supresi\u00f3n de la narraci\u00f3n; el vaciado psicol\u00f3gico de los personajes, que parecen no experimentar ning\u00fan afecto ni realizar acciones coherentes; los planos se extienden m\u00e1s del tiempo est\u00e1ndar del cine de Hollywood y su contenido se reduce al m\u00ednimo y, en fin, tienden a desaparecer algunas exigencias cl\u00e1sicas, como la m\u00fasica o los di\u00e1logos. En cuanto al contenido, aborda cuestiones como la relaci\u00f3n entre seres humanos y la naturaleza, las formas de vida perdidas o el inter\u00e9s por individuos y sociedades olvidados por la historia. Los directores y directoras que se incluyen en esta categor\u00eda son variables, pero en general se suele pensar en Lisandro Alonso, Wang Bing, Pedro Costa, Zhang Mengqi, Bruno Dumont, Otar Iosseliani, Darejan Omirbaev, Apichatpong Weerasethakul, Carlos Reygadas, Albert Serra, B\u00e9la Tarr, Tariq Teguia, Kelly Reichardt, Salom\u00e9 Lamas, Tsai Ming-liang, Nikolaus Geyrhalter, Ben Rivers, Michelangelo Frammartino o Nuri Bilge Ceylan, entre muchos otros nombres.<\/p>\n<p>\u00bfQu\u00e9 une a tales cineastas, c\u00f3mo son sus pel\u00edculas? \u00bfCu\u00e1les son sus preocupaciones principales, tanto \u00e9ticas como est\u00e9ticas? \u00bfQu\u00e9 novedad representa el slow cinema con respecto a otras formas de cine? \u00bfTiene sentido hablar de lentitud, es un concepto operativo o se ha vuelto una muletilla c\u00f3moda? En este volumen reunimos quince art\u00edculos para tratar de acercarnos a todas estas cuestiones.<\/p>\n","protected":false},"excerpt":{"rendered":"<p>Las pel\u00edculas slow comparten una serie de caracter\u00edsticas formales, como el adelgazamiento y la supresi\u00f3n de la narraci\u00f3n; el vaciado<\/p>\n","protected":false},"featured_media":14910,"template":"","meta":[],"product_brand":[],"product_cat":[333],"product_tag":[753],"autores":[1876,1877],"formatos":[355],"materias":[362],"class_list":{"0":"post-14912","1":"product","2":"type-product","3":"status-publish","4":"has-post-thumbnail","6":"product_cat-kaplan-ca","7":"product_tag-cine-ca","8":"autores-ferragut-david-ca","9":"autores-sharp-casas-iona-ca","10":"formatos-llibre","11":"materias-cine-y-tv-ca","13":"first","14":"instock","15":"taxable","16":"shipping-taxable","17":"purchasable","18":"product-type-simple"},"yoast_head":"<!-- This site is optimized with the Yoast SEO plugin v27.4 - https:\/\/yoast.com\/product\/yoast-seo-wordpress\/ -->\n<title>Lo que dura una pel\u00edcula | Laertes ediciones<\/title>\n<meta name=\"robots\" content=\"index, follow, max-snippet:-1, max-image-preview:large, max-video-preview:-1\" \/>\n<link rel=\"canonical\" href=\"https:\/\/www.laertes.es\/ca\/llibre\/lo-que-dura-una-pelicula\/\" \/>\n<meta property=\"og:locale\" content=\"ca_ES\" \/>\n<meta property=\"og:type\" content=\"article\" \/>\n<meta property=\"og:title\" content=\"Lo que dura una pel\u00edcula | Laertes ediciones\" \/>\n<meta property=\"og:description\" content=\"Las pel\u00edculas slow comparten una serie de caracter\u00edsticas formales, como el adelgazamiento y la supresi\u00f3n de la narraci\u00f3n; el vaciado\" \/>\n<meta property=\"og:url\" content=\"https:\/\/www.laertes.es\/ca\/llibre\/lo-que-dura-una-pelicula\/\" \/>\n<meta property=\"og:site_name\" content=\"Laertes ediciones\" \/>\n<meta property=\"og:image\" content=\"https:\/\/www.laertes.es\/wp-content\/uploads\/2023\/09\/KAP072.webp\" \/>\n\t<meta property=\"og:image:width\" content=\"802\" \/>\n\t<meta property=\"og:image:height\" content=\"1200\" \/>\n\t<meta property=\"og:image:type\" content=\"image\/webp\" \/>\n<script type=\"application\/ld+json\" class=\"yoast-schema-graph\">{\"@context\":\"https:\\\/\\\/schema.org\",\"@graph\":[{\"@type\":\"WebPage\",\"@id\":\"https:\\\/\\\/www.laertes.es\\\/ca\\\/llibre\\\/lo-que-dura-una-pelicula\\\/\",\"url\":\"https:\\\/\\\/www.laertes.es\\\/ca\\\/llibre\\\/lo-que-dura-una-pelicula\\\/\",\"name\":\"Lo que dura una pel\u00edcula | Laertes ediciones\",\"isPartOf\":{\"@id\":\"https:\\\/\\\/www.laertes.es\\\/ca\\\/#website\"},\"primaryImageOfPage\":{\"@id\":\"https:\\\/\\\/www.laertes.es\\\/ca\\\/llibre\\\/lo-que-dura-una-pelicula\\\/#primaryimage\"},\"image\":{\"@id\":\"https:\\\/\\\/www.laertes.es\\\/ca\\\/llibre\\\/lo-que-dura-una-pelicula\\\/#primaryimage\"},\"thumbnailUrl\":\"https:\\\/\\\/www.laertes.es\\\/wp-content\\\/uploads\\\/2023\\\/09\\\/KAP072.webp\",\"datePublished\":\"2023-09-27T07:41:43+00:00\",\"breadcrumb\":{\"@id\":\"https:\\\/\\\/www.laertes.es\\\/ca\\\/llibre\\\/lo-que-dura-una-pelicula\\\/#breadcrumb\"},\"inLanguage\":\"ca\",\"potentialAction\":[{\"@type\":\"ReadAction\",\"target\":[\"https:\\\/\\\/www.laertes.es\\\/ca\\\/llibre\\\/lo-que-dura-una-pelicula\\\/\"]}]},{\"@type\":\"ImageObject\",\"inLanguage\":\"ca\",\"@id\":\"https:\\\/\\\/www.laertes.es\\\/ca\\\/llibre\\\/lo-que-dura-una-pelicula\\\/#primaryimage\",\"url\":\"https:\\\/\\\/www.laertes.es\\\/wp-content\\\/uploads\\\/2023\\\/09\\\/KAP072.webp\",\"contentUrl\":\"https:\\\/\\\/www.laertes.es\\\/wp-content\\\/uploads\\\/2023\\\/09\\\/KAP072.webp\",\"width\":802,\"height\":1200,\"caption\":\"Lo que dura una pel\u00edcula\"},{\"@type\":\"BreadcrumbList\",\"@id\":\"https:\\\/\\\/www.laertes.es\\\/ca\\\/llibre\\\/lo-que-dura-una-pelicula\\\/#breadcrumb\",\"itemListElement\":[{\"@type\":\"ListItem\",\"position\":1,\"name\":\"Portada\",\"item\":\"https:\\\/\\\/www.laertes.es\\\/ca\\\/\"},{\"@type\":\"ListItem\",\"position\":2,\"name\":\"Tienda\",\"item\":\"https:\\\/\\\/www.laertes.es\\\/tienda\\\/\"},{\"@type\":\"ListItem\",\"position\":3,\"name\":\"Lo que dura una pel\u00edcula\"}]},{\"@type\":\"WebSite\",\"@id\":\"https:\\\/\\\/www.laertes.es\\\/ca\\\/#website\",\"url\":\"https:\\\/\\\/www.laertes.es\\\/ca\\\/\",\"name\":\"Laertes Ediciones\",\"description\":\"Editorial independiente desde 1975\",\"alternateName\":\"Laertes\",\"potentialAction\":[{\"@type\":\"SearchAction\",\"target\":{\"@type\":\"EntryPoint\",\"urlTemplate\":\"https:\\\/\\\/www.laertes.es\\\/ca\\\/?s={search_term_string}\"},\"query-input\":{\"@type\":\"PropertyValueSpecification\",\"valueRequired\":true,\"valueName\":\"search_term_string\"}}],\"inLanguage\":\"ca\"}]}<\/script>\n<!-- \/ Yoast SEO plugin. -->","yoast_head_json":{"title":"Lo que dura una pel\u00edcula | Laertes ediciones","robots":{"index":"index","follow":"follow","max-snippet":"max-snippet:-1","max-image-preview":"max-image-preview:large","max-video-preview":"max-video-preview:-1"},"canonical":"https:\/\/www.laertes.es\/ca\/llibre\/lo-que-dura-una-pelicula\/","og_locale":"ca_ES","og_type":"article","og_title":"Lo que dura una pel\u00edcula | Laertes ediciones","og_description":"Las pel\u00edculas slow comparten una serie de caracter\u00edsticas formales, como el adelgazamiento y la supresi\u00f3n de la narraci\u00f3n; el vaciado","og_url":"https:\/\/www.laertes.es\/ca\/llibre\/lo-que-dura-una-pelicula\/","og_site_name":"Laertes ediciones","og_image":[{"width":802,"height":1200,"url":"https:\/\/www.laertes.es\/wp-content\/uploads\/2023\/09\/KAP072.webp","type":"image\/webp"}],"schema":{"@context":"https:\/\/schema.org","@graph":[{"@type":"WebPage","@id":"https:\/\/www.laertes.es\/ca\/llibre\/lo-que-dura-una-pelicula\/","url":"https:\/\/www.laertes.es\/ca\/llibre\/lo-que-dura-una-pelicula\/","name":"Lo que dura una pel\u00edcula | Laertes ediciones","isPartOf":{"@id":"https:\/\/www.laertes.es\/ca\/#website"},"primaryImageOfPage":{"@id":"https:\/\/www.laertes.es\/ca\/llibre\/lo-que-dura-una-pelicula\/#primaryimage"},"image":{"@id":"https:\/\/www.laertes.es\/ca\/llibre\/lo-que-dura-una-pelicula\/#primaryimage"},"thumbnailUrl":"https:\/\/www.laertes.es\/wp-content\/uploads\/2023\/09\/KAP072.webp","datePublished":"2023-09-27T07:41:43+00:00","breadcrumb":{"@id":"https:\/\/www.laertes.es\/ca\/llibre\/lo-que-dura-una-pelicula\/#breadcrumb"},"inLanguage":"ca","potentialAction":[{"@type":"ReadAction","target":["https:\/\/www.laertes.es\/ca\/llibre\/lo-que-dura-una-pelicula\/"]}]},{"@type":"ImageObject","inLanguage":"ca","@id":"https:\/\/www.laertes.es\/ca\/llibre\/lo-que-dura-una-pelicula\/#primaryimage","url":"https:\/\/www.laertes.es\/wp-content\/uploads\/2023\/09\/KAP072.webp","contentUrl":"https:\/\/www.laertes.es\/wp-content\/uploads\/2023\/09\/KAP072.webp","width":802,"height":1200,"caption":"Lo que dura una pel\u00edcula"},{"@type":"BreadcrumbList","@id":"https:\/\/www.laertes.es\/ca\/llibre\/lo-que-dura-una-pelicula\/#breadcrumb","itemListElement":[{"@type":"ListItem","position":1,"name":"Portada","item":"https:\/\/www.laertes.es\/ca\/"},{"@type":"ListItem","position":2,"name":"Tienda","item":"https:\/\/www.laertes.es\/tienda\/"},{"@type":"ListItem","position":3,"name":"Lo que dura una pel\u00edcula"}]},{"@type":"WebSite","@id":"https:\/\/www.laertes.es\/ca\/#website","url":"https:\/\/www.laertes.es\/ca\/","name":"Laertes Ediciones","description":"Editorial independiente desde 1975","alternateName":"Laertes","potentialAction":[{"@type":"SearchAction","target":{"@type":"EntryPoint","urlTemplate":"https:\/\/www.laertes.es\/ca\/?s={search_term_string}"},"query-input":{"@type":"PropertyValueSpecification","valueRequired":true,"valueName":"search_term_string"}}],"inLanguage":"ca"}]}},"_links":{"self":[{"href":"https:\/\/www.laertes.es\/ca\/wp-json\/wp\/v2\/product\/14912","targetHints":{"allow":["GET"]}}],"collection":[{"href":"https:\/\/www.laertes.es\/ca\/wp-json\/wp\/v2\/product"}],"about":[{"href":"https:\/\/www.laertes.es\/ca\/wp-json\/wp\/v2\/types\/product"}],"version-history":[{"count":0,"href":"https:\/\/www.laertes.es\/ca\/wp-json\/wp\/v2\/product\/14912\/revisions"}],"wp:featuredmedia":[{"embeddable":true,"href":"https:\/\/www.laertes.es\/ca\/wp-json\/wp\/v2\/media\/14910"}],"wp:attachment":[{"href":"https:\/\/www.laertes.es\/ca\/wp-json\/wp\/v2\/media?parent=14912"}],"wp:term":[{"taxonomy":"product_brand","embeddable":true,"href":"https:\/\/www.laertes.es\/ca\/wp-json\/wp\/v2\/product_brand?post=14912"},{"taxonomy":"product_cat","embeddable":true,"href":"https:\/\/www.laertes.es\/ca\/wp-json\/wp\/v2\/product_cat?post=14912"},{"taxonomy":"product_tag","embeddable":true,"href":"https:\/\/www.laertes.es\/ca\/wp-json\/wp\/v2\/product_tag?post=14912"},{"taxonomy":"autores","embeddable":true,"href":"https:\/\/www.laertes.es\/ca\/wp-json\/wp\/v2\/autores?post=14912"},{"taxonomy":"formatos","embeddable":true,"href":"https:\/\/www.laertes.es\/ca\/wp-json\/wp\/v2\/formatos?post=14912"},{"taxonomy":"materias","embeddable":true,"href":"https:\/\/www.laertes.es\/ca\/wp-json\/wp\/v2\/materias?post=14912"}],"curies":[{"name":"wp","href":"https:\/\/api.w.org\/{rel}","templated":true}]}}