{"id":14687,"date":"2023-06-29T07:46:35","date_gmt":"2023-06-29T07:46:35","guid":{"rendered":"https:\/libro\/la-vida-lunivers-i-tot\/"},"modified":"2023-06-29T07:47:28","modified_gmt":"2023-06-29T07:47:28","slug":"la-vida-lunivers-i-tot","status":"publish","type":"product","link":"https:\/\/www.laertes.es\/ca\/llibre\/la-vida-lunivers-i-tot\/","title":{"rendered":"La vida, l&#8217;Univers i tot"},"content":{"rendered":"<h1>La vida, l&#8217;Univers i tot<\/h1>\n<p>La vida, l&#8217;Univers i tot Els infeli\u00e7os habitants del planeta Kriket estan farts de mirar el cel nocturn per sobre dels seus caps, aix\u00ed que planegen destruir-lo. \u00c9s a dir, l\u2019univers. Ara, nom\u00e9s cinc individus es troben entre els robots assassins de Kriket i el seu objectiu d\u2019aniquilaci\u00f3 total.<br \/>\nEs tracten d\u2019en Arthur Dent, un viatger de l\u2019espai i del temps; Ford Prefecte, que decideix tornar-se boig per veure si li agrada; Vessapetr\u00e0pid, l\u2019indomable vicepresident de la Campanya en temps real; Z\u00e0fod Beeblebrox, l\u2019expresident de la gal\u00e0xia de dos caps i tres bra\u00e7os; i Trillian, la cadet espacial que est\u00e0 dividida entre un D\u00e9u del Tro persistent i un Beeblebrox molt deprimit.<br \/>\nCom acabar\u00e0 tot? S\u2019acabar\u00e0 tot? Nom\u00e9s aquesta tripulaci\u00f3 incondicional ho sap.<\/p>\n<p>Els infeli\u00e7os habitants del planeta Kriket estan farts de mirar el cel nocturn per sobre dels seus caps, aix\u00ed que planegen destruir-lo. \u00c9s a dir, l\u2019univers. Ara, nom\u00e9s cinc individus es troben entre els robots assassins de Kriket i el seu objectiu d\u2019aniquilaci\u00f3 total.<br \/>\nEs tracten d\u2019en Arthur Dent, un viatger de l\u2019espai i del temps; Ford Prefecte, que decideix tornar-se boig per veure si li agrada; Vessapetr\u00e0pid, l\u2019indomable vicepresident de la Campanya en temps real; Z\u00e0fod Beeblebrox, l\u2019expresident de la gal\u00e0xia de dos caps i tres bra\u00e7os; i Trillian, la cadet espacial que est\u00e0 dividida entre un D\u00e9u del Tro persistent i un Beeblebrox molt deprimit.<br \/>\nCom acabar\u00e0 tot? S\u2019acabar\u00e0 tot? Nom\u00e9s aquesta tripulaci\u00f3 incondicional ho sap.<\/p>\n<p>La vida, l&#8217;Univers i tot Els infeli\u00e7os habitants del planeta Kriket estan farts de mirar el cel nocturn per sobre dels seus caps, aix\u00ed que planegen destruir-lo. \u00c9s a dir, l\u2019univers. Ara, nom\u00e9s cinc individus es troben entre els robots assassins de Kriket i el seu objectiu d\u2019aniquilaci\u00f3 total.<br \/>\nEs tracten d\u2019en Arthur Dent, un viatger de l\u2019espai i del temps; Ford Prefecte, que decideix tornar-se boig per veure si li agrada; Vessapetr\u00e0pid, l\u2019indomable vicepresident de la Campanya en temps real; Z\u00e0fod Beeblebrox, l\u2019expresident de la gal\u00e0xia de dos caps i tres bra\u00e7os; i Trillian, la cadet espacial que est\u00e0 dividida entre un D\u00e9u del Tro persistent i un Beeblebrox molt deprimit.<br \/>\nCom acabar\u00e0 tot? S\u2019acabar\u00e0 tot? Nom\u00e9s aquesta tripulaci\u00f3 incondicional ho sap.<\/p>\n","protected":false},"excerpt":{"rendered":"<p>La vida, l&#8217;Univers i tot La vida, l&#8217;Univers i tot Els infeli\u00e7os habitants del planeta Kriket estan farts de mirar<\/p>\n","protected":false},"featured_media":14682,"template":"","meta":[],"product_brand":[],"product_cat":[296],"product_tag":[],"autores":[425],"formatos":[355],"materias":[356],"class_list":{"0":"post-14687","1":"product","2":"type-product","3":"status-publish","4":"has-post-thumbnail","6":"product_cat-larca-ca","7":"autores-adams-douglas-ca","8":"formatos-llibre","9":"materias-cuentos-clasicos-de-generos-fantasticos-ca","11":"first","12":"instock","13":"taxable","14":"shipping-taxable","15":"purchasable","16":"product-type-simple"},"yoast_head":"<!-- This site is optimized with the Yoast SEO plugin v27.4 - https:\/\/yoast.com\/product\/yoast-seo-wordpress\/ -->\n<title>La vida, l&#039;Univers i tot | Laertes ediciones<\/title>\n<meta name=\"description\" content=\"Els habitants del planeta Kriket estan farts de mirar el cel nocturn , aix\u00ed que planegen destruir-lo. \u00c9s a dir, l\u2019univers. La vida, l&#039;Univers i tot\" \/>\n<meta name=\"robots\" content=\"index, follow, max-snippet:-1, max-image-preview:large, max-video-preview:-1\" \/>\n<link rel=\"canonical\" href=\"https:\/\/www.laertes.es\/ca\/llibre\/la-vida-lunivers-i-tot\/\" \/>\n<meta property=\"og:locale\" content=\"ca_ES\" \/>\n<meta property=\"og:type\" content=\"article\" \/>\n<meta property=\"og:title\" content=\"La vida, l&#039;Univers i tot | Laertes ediciones\" \/>\n<meta property=\"og:description\" content=\"Els habitants del planeta Kriket estan farts de mirar el cel nocturn , aix\u00ed que planegen destruir-lo. \u00c9s a dir, l\u2019univers. La vida, l&#039;Univers i tot\" \/>\n<meta property=\"og:url\" content=\"https:\/\/www.laertes.es\/ca\/llibre\/la-vida-lunivers-i-tot\/\" \/>\n<meta property=\"og:site_name\" content=\"Laertes ediciones\" \/>\n<meta property=\"article:modified_time\" content=\"2023-06-29T07:47:28+00:00\" \/>\n<meta property=\"og:image\" content=\"https:\/\/www.laertes.es\/wp-content\/uploads\/2023\/06\/ARC113.webp\" \/>\n\t<meta property=\"og:image:width\" content=\"802\" \/>\n\t<meta property=\"og:image:height\" content=\"1200\" \/>\n\t<meta property=\"og:image:type\" content=\"image\/webp\" \/>\n<meta name=\"twitter:label1\" content=\"Temps estimat de lectura\" \/>\n\t<meta name=\"twitter:data1\" content=\"2 minuts\" \/>\n<script type=\"application\/ld+json\" class=\"yoast-schema-graph\">{\"@context\":\"https:\\\/\\\/schema.org\",\"@graph\":[{\"@type\":\"WebPage\",\"@id\":\"https:\\\/\\\/www.laertes.es\\\/ca\\\/llibre\\\/la-vida-lunivers-i-tot\\\/\",\"url\":\"https:\\\/\\\/www.laertes.es\\\/ca\\\/llibre\\\/la-vida-lunivers-i-tot\\\/\",\"name\":\"La vida, l'Univers i tot | Laertes ediciones\",\"isPartOf\":{\"@id\":\"https:\\\/\\\/www.laertes.es\\\/ca\\\/#website\"},\"primaryImageOfPage\":{\"@id\":\"https:\\\/\\\/www.laertes.es\\\/ca\\\/llibre\\\/la-vida-lunivers-i-tot\\\/#primaryimage\"},\"image\":{\"@id\":\"https:\\\/\\\/www.laertes.es\\\/ca\\\/llibre\\\/la-vida-lunivers-i-tot\\\/#primaryimage\"},\"thumbnailUrl\":\"https:\\\/\\\/www.laertes.es\\\/wp-content\\\/uploads\\\/2023\\\/06\\\/ARC113.webp\",\"datePublished\":\"2023-06-29T07:46:35+00:00\",\"dateModified\":\"2023-06-29T07:47:28+00:00\",\"description\":\"Els habitants del planeta Kriket estan farts de mirar el cel nocturn , aix\u00ed que planegen destruir-lo. \u00c9s a dir, l\u2019univers. La vida, l'Univers i tot\",\"breadcrumb\":{\"@id\":\"https:\\\/\\\/www.laertes.es\\\/ca\\\/llibre\\\/la-vida-lunivers-i-tot\\\/#breadcrumb\"},\"inLanguage\":\"ca\",\"potentialAction\":[{\"@type\":\"ReadAction\",\"target\":[\"https:\\\/\\\/www.laertes.es\\\/ca\\\/llibre\\\/la-vida-lunivers-i-tot\\\/\"]}]},{\"@type\":\"ImageObject\",\"inLanguage\":\"ca\",\"@id\":\"https:\\\/\\\/www.laertes.es\\\/ca\\\/llibre\\\/la-vida-lunivers-i-tot\\\/#primaryimage\",\"url\":\"https:\\\/\\\/www.laertes.es\\\/wp-content\\\/uploads\\\/2023\\\/06\\\/ARC113.webp\",\"contentUrl\":\"https:\\\/\\\/www.laertes.es\\\/wp-content\\\/uploads\\\/2023\\\/06\\\/ARC113.webp\",\"width\":802,\"height\":1200,\"caption\":\"La vida l'univers i tot\"},{\"@type\":\"BreadcrumbList\",\"@id\":\"https:\\\/\\\/www.laertes.es\\\/ca\\\/llibre\\\/la-vida-lunivers-i-tot\\\/#breadcrumb\",\"itemListElement\":[{\"@type\":\"ListItem\",\"position\":1,\"name\":\"Portada\",\"item\":\"https:\\\/\\\/www.laertes.es\\\/ca\\\/\"},{\"@type\":\"ListItem\",\"position\":2,\"name\":\"Tienda\",\"item\":\"https:\\\/\\\/www.laertes.es\\\/tienda\\\/\"},{\"@type\":\"ListItem\",\"position\":3,\"name\":\"La vida, l&#8217;Univers i tot\"}]},{\"@type\":\"WebSite\",\"@id\":\"https:\\\/\\\/www.laertes.es\\\/ca\\\/#website\",\"url\":\"https:\\\/\\\/www.laertes.es\\\/ca\\\/\",\"name\":\"Laertes Ediciones\",\"description\":\"Editorial independiente desde 1975\",\"alternateName\":\"Laertes\",\"potentialAction\":[{\"@type\":\"SearchAction\",\"target\":{\"@type\":\"EntryPoint\",\"urlTemplate\":\"https:\\\/\\\/www.laertes.es\\\/ca\\\/?s={search_term_string}\"},\"query-input\":{\"@type\":\"PropertyValueSpecification\",\"valueRequired\":true,\"valueName\":\"search_term_string\"}}],\"inLanguage\":\"ca\"}]}<\/script>\n<!-- \/ Yoast SEO plugin. -->","yoast_head_json":{"title":"La vida, l'Univers i tot | Laertes ediciones","description":"Els habitants del planeta Kriket estan farts de mirar el cel nocturn , aix\u00ed que planegen destruir-lo. \u00c9s a dir, l\u2019univers. La vida, l'Univers i tot","robots":{"index":"index","follow":"follow","max-snippet":"max-snippet:-1","max-image-preview":"max-image-preview:large","max-video-preview":"max-video-preview:-1"},"canonical":"https:\/\/www.laertes.es\/ca\/llibre\/la-vida-lunivers-i-tot\/","og_locale":"ca_ES","og_type":"article","og_title":"La vida, l'Univers i tot | Laertes ediciones","og_description":"Els habitants del planeta Kriket estan farts de mirar el cel nocturn , aix\u00ed que planegen destruir-lo. \u00c9s a dir, l\u2019univers. La vida, l'Univers i tot","og_url":"https:\/\/www.laertes.es\/ca\/llibre\/la-vida-lunivers-i-tot\/","og_site_name":"Laertes ediciones","article_modified_time":"2023-06-29T07:47:28+00:00","og_image":[{"width":802,"height":1200,"url":"https:\/\/www.laertes.es\/wp-content\/uploads\/2023\/06\/ARC113.webp","type":"image\/webp"}],"twitter_misc":{"Temps estimat de lectura":"2 minuts"},"schema":{"@context":"https:\/\/schema.org","@graph":[{"@type":"WebPage","@id":"https:\/\/www.laertes.es\/ca\/llibre\/la-vida-lunivers-i-tot\/","url":"https:\/\/www.laertes.es\/ca\/llibre\/la-vida-lunivers-i-tot\/","name":"La vida, l'Univers i tot | Laertes ediciones","isPartOf":{"@id":"https:\/\/www.laertes.es\/ca\/#website"},"primaryImageOfPage":{"@id":"https:\/\/www.laertes.es\/ca\/llibre\/la-vida-lunivers-i-tot\/#primaryimage"},"image":{"@id":"https:\/\/www.laertes.es\/ca\/llibre\/la-vida-lunivers-i-tot\/#primaryimage"},"thumbnailUrl":"https:\/\/www.laertes.es\/wp-content\/uploads\/2023\/06\/ARC113.webp","datePublished":"2023-06-29T07:46:35+00:00","dateModified":"2023-06-29T07:47:28+00:00","description":"Els habitants del planeta Kriket estan farts de mirar el cel nocturn , aix\u00ed que planegen destruir-lo. \u00c9s a dir, l\u2019univers. La vida, l'Univers i tot","breadcrumb":{"@id":"https:\/\/www.laertes.es\/ca\/llibre\/la-vida-lunivers-i-tot\/#breadcrumb"},"inLanguage":"ca","potentialAction":[{"@type":"ReadAction","target":["https:\/\/www.laertes.es\/ca\/llibre\/la-vida-lunivers-i-tot\/"]}]},{"@type":"ImageObject","inLanguage":"ca","@id":"https:\/\/www.laertes.es\/ca\/llibre\/la-vida-lunivers-i-tot\/#primaryimage","url":"https:\/\/www.laertes.es\/wp-content\/uploads\/2023\/06\/ARC113.webp","contentUrl":"https:\/\/www.laertes.es\/wp-content\/uploads\/2023\/06\/ARC113.webp","width":802,"height":1200,"caption":"La vida l'univers i tot"},{"@type":"BreadcrumbList","@id":"https:\/\/www.laertes.es\/ca\/llibre\/la-vida-lunivers-i-tot\/#breadcrumb","itemListElement":[{"@type":"ListItem","position":1,"name":"Portada","item":"https:\/\/www.laertes.es\/ca\/"},{"@type":"ListItem","position":2,"name":"Tienda","item":"https:\/\/www.laertes.es\/tienda\/"},{"@type":"ListItem","position":3,"name":"La vida, l&#8217;Univers i tot"}]},{"@type":"WebSite","@id":"https:\/\/www.laertes.es\/ca\/#website","url":"https:\/\/www.laertes.es\/ca\/","name":"Laertes Ediciones","description":"Editorial independiente desde 1975","alternateName":"Laertes","potentialAction":[{"@type":"SearchAction","target":{"@type":"EntryPoint","urlTemplate":"https:\/\/www.laertes.es\/ca\/?s={search_term_string}"},"query-input":{"@type":"PropertyValueSpecification","valueRequired":true,"valueName":"search_term_string"}}],"inLanguage":"ca"}]}},"_links":{"self":[{"href":"https:\/\/www.laertes.es\/ca\/wp-json\/wp\/v2\/product\/14687","targetHints":{"allow":["GET"]}}],"collection":[{"href":"https:\/\/www.laertes.es\/ca\/wp-json\/wp\/v2\/product"}],"about":[{"href":"https:\/\/www.laertes.es\/ca\/wp-json\/wp\/v2\/types\/product"}],"version-history":[{"count":1,"href":"https:\/\/www.laertes.es\/ca\/wp-json\/wp\/v2\/product\/14687\/revisions"}],"predecessor-version":[{"id":14688,"href":"https:\/\/www.laertes.es\/ca\/wp-json\/wp\/v2\/product\/14687\/revisions\/14688"}],"wp:featuredmedia":[{"embeddable":true,"href":"https:\/\/www.laertes.es\/ca\/wp-json\/wp\/v2\/media\/14682"}],"wp:attachment":[{"href":"https:\/\/www.laertes.es\/ca\/wp-json\/wp\/v2\/media?parent=14687"}],"wp:term":[{"taxonomy":"product_brand","embeddable":true,"href":"https:\/\/www.laertes.es\/ca\/wp-json\/wp\/v2\/product_brand?post=14687"},{"taxonomy":"product_cat","embeddable":true,"href":"https:\/\/www.laertes.es\/ca\/wp-json\/wp\/v2\/product_cat?post=14687"},{"taxonomy":"product_tag","embeddable":true,"href":"https:\/\/www.laertes.es\/ca\/wp-json\/wp\/v2\/product_tag?post=14687"},{"taxonomy":"autores","embeddable":true,"href":"https:\/\/www.laertes.es\/ca\/wp-json\/wp\/v2\/autores?post=14687"},{"taxonomy":"formatos","embeddable":true,"href":"https:\/\/www.laertes.es\/ca\/wp-json\/wp\/v2\/formatos?post=14687"},{"taxonomy":"materias","embeddable":true,"href":"https:\/\/www.laertes.es\/ca\/wp-json\/wp\/v2\/materias?post=14687"}],"curies":[{"name":"wp","href":"https:\/\/api.w.org\/{rel}","templated":true}]}}