{"id":14530,"date":"2023-06-13T05:18:18","date_gmt":"2023-06-13T05:18:18","guid":{"rendered":"https:\/?post_type=product&#038;p=14530"},"modified":"2023-06-17T15:51:17","modified_gmt":"2023-06-17T15:51:17","slug":"el-bosc-a-la-taula","status":"publish","type":"product","link":"https:\/\/www.laertes.es\/ca\/llibre\/el-bosc-a-la-taula\/","title":{"rendered":"El bosc a la taula"},"content":{"rendered":"<p>El bosc a la taula Aquest llibre va dirigit a totes les persones que tinguin inter\u00e8s en el m\u00f3n<br \/>\ngastron\u00f2mic: els consumidors, els productors, els recol\u00b7lectors, les empreses<br \/>\ntransformadores i les comercialitzadores de productes d\u2019origen forestal per tal de<br \/>\nfer entendre la necessitat de gestionar els boscos de manera sostenible davant dels<br \/>\nreptes i amenaces actuals. La situaci\u00f3 d\u2019emerg\u00e8ncia clim\u00e0tica es fa evident a casa<br \/>\nnostra amb el gran risc d\u2019incendis forestals que patim, la situaci\u00f3 actual d\u2019aquest<br \/>\nha estat l\u2019objectiu principal del llibre, per tal que sigui una eina de conscienciaci\u00f3<br \/>\nmitjan\u00e7ant all\u00f2 que fem cada dia i que ens agrada molt: menjar.<br \/>\nEl bosc a la taula Els xefs han preparat els plats amb productes del bosc, com ara: la carn de ca\u00e7a,<br \/>\nel porc ib\u00e8ric o la carn de ramaderia extensiva, com tamb\u00e9 fruits del bosc, com els<br \/>\npinyons, la castanya, els bolets i les t\u00f2fones i la mel, tots ells provinents de boscos<br \/>\nsostenibles.<br \/>\nQuan anem al restaurant o al mercat a comprar aquests productes fem gesti\u00f3<br \/>\ndel paisatge i ajudem a pagesos i a ramaders locals, alhora que promovem les<br \/>\npastures i la gesti\u00f3 sostenible del bosc.<br \/>\nPer\u00f2 no nom\u00e9s cal promoure els productes d\u2019origen forestal gastron\u00f2mics<br \/>\nsin\u00f3 tamb\u00e9 fixar-nos en la compra dels envasos, el mobiliari, el paper, mitjan\u00e7ant<br \/>\nproductes certificats en origen, reciclables, renovables i biodegradables.<br \/>\nEl bosc a la taula Els xefs que han facilitat les receptes s\u00f3n: Ada Parellada, Carles Gaig, Carme Ruscalleda,<br \/>\nCharo Val, l\u2019escola ESHOB, Eduard Xatruch, Fina Puigdevall, els Germans Roca, els<br \/>\nGermans Torres, Iolanda Bustos, Lluc Crusellas, Mateu Casa\u00f1as, Neus Faiges, Oriol Castro,<br \/>\nPaco P\u00e9rez, Paolo Casagrande, Pere Planagum\u00e0, Rafa Mart\u00ednez, Rafel Muria, Sergi<br \/>\nde Mei\u00e0, Toni Sala i Xavier Pellicer<\/p>\n","protected":false},"excerpt":{"rendered":"<p>El bosc a la taula Aquest llibre va dirigit a totes les persones que tinguin inter\u00e8s en el m\u00f3n gastron\u00f2mic:<\/p>\n","protected":false},"featured_media":14531,"template":"","meta":[],"product_brand":[],"product_cat":[288],"product_tag":[1540,1538,1241,1541,1539],"autores":[242],"formatos":[139],"materias":[309],"class_list":{"0":"post-14530","1":"product","2":"type-product","3":"status-publish","4":"has-post-thumbnail","6":"product_cat-otros-titulos","7":"product_tag-bosc","8":"product_tag-cuina","9":"product_tag-natura","10":"product_tag-receptes","11":"product_tag-sostenibilitat","12":"autores-aa-vv","13":"formatos-libro","14":"materias-gastronomia","16":"first","17":"instock","18":"taxable","19":"shipping-taxable","20":"purchasable","21":"product-type-simple"},"yoast_head":"<!-- This site is optimized with the Yoast SEO plugin v27.4 - https:\/\/yoast.com\/product\/yoast-seo-wordpress\/ -->\n<title>El bosc a la taula | Laertes ediciones<\/title>\n<meta name=\"description\" content=\"El bosc a la taula | Aquest llibre va dirigit a totes les persones que tinguin inter\u00e8s en el m\u00f3n gastron\u00f2mic. | Laertes ediciones\" \/>\n<meta name=\"robots\" content=\"index, follow, max-snippet:-1, max-image-preview:large, max-video-preview:-1\" \/>\n<link rel=\"canonical\" href=\"https:\/\/www.laertes.es\/ca\/llibre\/el-bosc-a-la-taula\/\" \/>\n<meta property=\"og:locale\" content=\"ca_ES\" \/>\n<meta property=\"og:type\" content=\"article\" \/>\n<meta property=\"og:title\" content=\"El bosc a la taula | Laertes ediciones\" \/>\n<meta property=\"og:description\" content=\"El bosc a la taula | Aquest llibre va dirigit a totes les persones que tinguin inter\u00e8s en el m\u00f3n gastron\u00f2mic. | Laertes ediciones\" \/>\n<meta property=\"og:url\" content=\"https:\/\/www.laertes.es\/ca\/llibre\/el-bosc-a-la-taula\/\" \/>\n<meta property=\"og:site_name\" content=\"Laertes ediciones\" \/>\n<meta property=\"article:modified_time\" content=\"2023-06-17T15:51:17+00:00\" \/>\n<meta property=\"og:image\" content=\"https:\/\/www.laertes.es\/wp-content\/uploads\/2023\/06\/bosc.webp\" \/>\n\t<meta property=\"og:image:width\" content=\"802\" \/>\n\t<meta property=\"og:image:height\" content=\"1200\" \/>\n\t<meta property=\"og:image:type\" content=\"image\/webp\" \/>\n<meta name=\"twitter:label1\" content=\"Temps estimat de lectura\" \/>\n\t<meta name=\"twitter:data1\" content=\"2 minuts\" \/>\n<script type=\"application\/ld+json\" class=\"yoast-schema-graph\">{\"@context\":\"https:\\\/\\\/schema.org\",\"@graph\":[{\"@type\":\"WebPage\",\"@id\":\"https:\\\/\\\/www.laertes.es\\\/ca\\\/llibre\\\/el-bosc-a-la-taula\\\/\",\"url\":\"https:\\\/\\\/www.laertes.es\\\/ca\\\/llibre\\\/el-bosc-a-la-taula\\\/\",\"name\":\"El bosc a la taula | Laertes ediciones\",\"isPartOf\":{\"@id\":\"https:\\\/\\\/www.laertes.es\\\/ca\\\/#website\"},\"primaryImageOfPage\":{\"@id\":\"https:\\\/\\\/www.laertes.es\\\/ca\\\/llibre\\\/el-bosc-a-la-taula\\\/#primaryimage\"},\"image\":{\"@id\":\"https:\\\/\\\/www.laertes.es\\\/ca\\\/llibre\\\/el-bosc-a-la-taula\\\/#primaryimage\"},\"thumbnailUrl\":\"https:\\\/\\\/www.laertes.es\\\/wp-content\\\/uploads\\\/2023\\\/06\\\/bosc.webp\",\"datePublished\":\"2023-06-13T05:18:18+00:00\",\"dateModified\":\"2023-06-17T15:51:17+00:00\",\"description\":\"El bosc a la taula | Aquest llibre va dirigit a totes les persones que tinguin inter\u00e8s en el m\u00f3n gastron\u00f2mic. | Laertes ediciones\",\"breadcrumb\":{\"@id\":\"https:\\\/\\\/www.laertes.es\\\/ca\\\/llibre\\\/el-bosc-a-la-taula\\\/#breadcrumb\"},\"inLanguage\":\"ca\",\"potentialAction\":[{\"@type\":\"ReadAction\",\"target\":[\"https:\\\/\\\/www.laertes.es\\\/ca\\\/llibre\\\/el-bosc-a-la-taula\\\/\"]}]},{\"@type\":\"ImageObject\",\"inLanguage\":\"ca\",\"@id\":\"https:\\\/\\\/www.laertes.es\\\/ca\\\/llibre\\\/el-bosc-a-la-taula\\\/#primaryimage\",\"url\":\"https:\\\/\\\/www.laertes.es\\\/wp-content\\\/uploads\\\/2023\\\/06\\\/bosc.webp\",\"contentUrl\":\"https:\\\/\\\/www.laertes.es\\\/wp-content\\\/uploads\\\/2023\\\/06\\\/bosc.webp\",\"width\":802,\"height\":1200,\"caption\":\"El bosc a la taula\"},{\"@type\":\"BreadcrumbList\",\"@id\":\"https:\\\/\\\/www.laertes.es\\\/ca\\\/llibre\\\/el-bosc-a-la-taula\\\/#breadcrumb\",\"itemListElement\":[{\"@type\":\"ListItem\",\"position\":1,\"name\":\"Portada\",\"item\":\"https:\\\/\\\/www.laertes.es\\\/ca\\\/\"},{\"@type\":\"ListItem\",\"position\":2,\"name\":\"Tienda\",\"item\":\"https:\\\/\\\/www.laertes.es\\\/tienda\\\/\"},{\"@type\":\"ListItem\",\"position\":3,\"name\":\"El bosc a la taula\"}]},{\"@type\":\"WebSite\",\"@id\":\"https:\\\/\\\/www.laertes.es\\\/ca\\\/#website\",\"url\":\"https:\\\/\\\/www.laertes.es\\\/ca\\\/\",\"name\":\"Laertes Ediciones\",\"description\":\"Editorial independiente desde 1975\",\"alternateName\":\"Laertes\",\"potentialAction\":[{\"@type\":\"SearchAction\",\"target\":{\"@type\":\"EntryPoint\",\"urlTemplate\":\"https:\\\/\\\/www.laertes.es\\\/ca\\\/?s={search_term_string}\"},\"query-input\":{\"@type\":\"PropertyValueSpecification\",\"valueRequired\":true,\"valueName\":\"search_term_string\"}}],\"inLanguage\":\"ca\"}]}<\/script>\n<!-- \/ Yoast SEO plugin. -->","yoast_head_json":{"title":"El bosc a la taula | Laertes ediciones","description":"El bosc a la taula | Aquest llibre va dirigit a totes les persones que tinguin inter\u00e8s en el m\u00f3n gastron\u00f2mic. | Laertes ediciones","robots":{"index":"index","follow":"follow","max-snippet":"max-snippet:-1","max-image-preview":"max-image-preview:large","max-video-preview":"max-video-preview:-1"},"canonical":"https:\/\/www.laertes.es\/ca\/llibre\/el-bosc-a-la-taula\/","og_locale":"ca_ES","og_type":"article","og_title":"El bosc a la taula | Laertes ediciones","og_description":"El bosc a la taula | Aquest llibre va dirigit a totes les persones que tinguin inter\u00e8s en el m\u00f3n gastron\u00f2mic. | Laertes ediciones","og_url":"https:\/\/www.laertes.es\/ca\/llibre\/el-bosc-a-la-taula\/","og_site_name":"Laertes ediciones","article_modified_time":"2023-06-17T15:51:17+00:00","og_image":[{"width":802,"height":1200,"url":"https:\/\/www.laertes.es\/wp-content\/uploads\/2023\/06\/bosc.webp","type":"image\/webp"}],"twitter_misc":{"Temps estimat de lectura":"2 minuts"},"schema":{"@context":"https:\/\/schema.org","@graph":[{"@type":"WebPage","@id":"https:\/\/www.laertes.es\/ca\/llibre\/el-bosc-a-la-taula\/","url":"https:\/\/www.laertes.es\/ca\/llibre\/el-bosc-a-la-taula\/","name":"El bosc a la taula | Laertes ediciones","isPartOf":{"@id":"https:\/\/www.laertes.es\/ca\/#website"},"primaryImageOfPage":{"@id":"https:\/\/www.laertes.es\/ca\/llibre\/el-bosc-a-la-taula\/#primaryimage"},"image":{"@id":"https:\/\/www.laertes.es\/ca\/llibre\/el-bosc-a-la-taula\/#primaryimage"},"thumbnailUrl":"https:\/\/www.laertes.es\/wp-content\/uploads\/2023\/06\/bosc.webp","datePublished":"2023-06-13T05:18:18+00:00","dateModified":"2023-06-17T15:51:17+00:00","description":"El bosc a la taula | Aquest llibre va dirigit a totes les persones que tinguin inter\u00e8s en el m\u00f3n gastron\u00f2mic. | Laertes ediciones","breadcrumb":{"@id":"https:\/\/www.laertes.es\/ca\/llibre\/el-bosc-a-la-taula\/#breadcrumb"},"inLanguage":"ca","potentialAction":[{"@type":"ReadAction","target":["https:\/\/www.laertes.es\/ca\/llibre\/el-bosc-a-la-taula\/"]}]},{"@type":"ImageObject","inLanguage":"ca","@id":"https:\/\/www.laertes.es\/ca\/llibre\/el-bosc-a-la-taula\/#primaryimage","url":"https:\/\/www.laertes.es\/wp-content\/uploads\/2023\/06\/bosc.webp","contentUrl":"https:\/\/www.laertes.es\/wp-content\/uploads\/2023\/06\/bosc.webp","width":802,"height":1200,"caption":"El bosc a la taula"},{"@type":"BreadcrumbList","@id":"https:\/\/www.laertes.es\/ca\/llibre\/el-bosc-a-la-taula\/#breadcrumb","itemListElement":[{"@type":"ListItem","position":1,"name":"Portada","item":"https:\/\/www.laertes.es\/ca\/"},{"@type":"ListItem","position":2,"name":"Tienda","item":"https:\/\/www.laertes.es\/tienda\/"},{"@type":"ListItem","position":3,"name":"El bosc a la taula"}]},{"@type":"WebSite","@id":"https:\/\/www.laertes.es\/ca\/#website","url":"https:\/\/www.laertes.es\/ca\/","name":"Laertes Ediciones","description":"Editorial independiente desde 1975","alternateName":"Laertes","potentialAction":[{"@type":"SearchAction","target":{"@type":"EntryPoint","urlTemplate":"https:\/\/www.laertes.es\/ca\/?s={search_term_string}"},"query-input":{"@type":"PropertyValueSpecification","valueRequired":true,"valueName":"search_term_string"}}],"inLanguage":"ca"}]}},"_links":{"self":[{"href":"https:\/\/www.laertes.es\/ca\/wp-json\/wp\/v2\/product\/14530","targetHints":{"allow":["GET"]}}],"collection":[{"href":"https:\/\/www.laertes.es\/ca\/wp-json\/wp\/v2\/product"}],"about":[{"href":"https:\/\/www.laertes.es\/ca\/wp-json\/wp\/v2\/types\/product"}],"version-history":[{"count":2,"href":"https:\/\/www.laertes.es\/ca\/wp-json\/wp\/v2\/product\/14530\/revisions"}],"predecessor-version":[{"id":14627,"href":"https:\/\/www.laertes.es\/ca\/wp-json\/wp\/v2\/product\/14530\/revisions\/14627"}],"wp:featuredmedia":[{"embeddable":true,"href":"https:\/\/www.laertes.es\/ca\/wp-json\/wp\/v2\/media\/14531"}],"wp:attachment":[{"href":"https:\/\/www.laertes.es\/ca\/wp-json\/wp\/v2\/media?parent=14530"}],"wp:term":[{"taxonomy":"product_brand","embeddable":true,"href":"https:\/\/www.laertes.es\/ca\/wp-json\/wp\/v2\/product_brand?post=14530"},{"taxonomy":"product_cat","embeddable":true,"href":"https:\/\/www.laertes.es\/ca\/wp-json\/wp\/v2\/product_cat?post=14530"},{"taxonomy":"product_tag","embeddable":true,"href":"https:\/\/www.laertes.es\/ca\/wp-json\/wp\/v2\/product_tag?post=14530"},{"taxonomy":"autores","embeddable":true,"href":"https:\/\/www.laertes.es\/ca\/wp-json\/wp\/v2\/autores?post=14530"},{"taxonomy":"formatos","embeddable":true,"href":"https:\/\/www.laertes.es\/ca\/wp-json\/wp\/v2\/formatos?post=14530"},{"taxonomy":"materias","embeddable":true,"href":"https:\/\/www.laertes.es\/ca\/wp-json\/wp\/v2\/materias?post=14530"}],"curies":[{"name":"wp","href":"https:\/\/api.w.org\/{rel}","templated":true}]}}