{"id":14307,"date":"2023-06-07T10:09:13","date_gmt":"2023-06-07T10:09:13","guid":{"rendered":"https:\/libro\/conan-5\/"},"modified":"2023-06-07T13:56:48","modified_gmt":"2023-06-07T13:56:48","slug":"conan-5","status":"publish","type":"product","link":"https:\/\/www.laertes.es\/ca\/llibre\/conan-5\/","title":{"rendered":"C\u00f2nan 5"},"content":{"rendered":"<p style=\"text-align: justify\">C\u00f2nan 5 Endinsa\u2019t en el m\u00f3n \u00e8pic i salvatge d\u2019Hib\u00f2ria a trav\u00e9s de dues apassionants aventures protagonitzades pel guerrer m\u00e9s temut de tots els temps: C\u00f2nan. Aquestes hist\u00f2ries ens duran a un univers de perilloses batalles, misterioses ru\u00efnes i heroisme indomable. <em>Les joies de Gualhur<\/em> ens portaran a les terres de Keshan, on C\u00f2nan lluitar\u00e0 per obtenir les joies m\u00edtiques que es troben en una ciutat abandonada.<br \/>\n<strong>\u00a0 \u00a0 \u00a0<\/strong> Amb <em>Claus vermells<\/em>, acompanyarem C\u00f2nan i la pirata Val\u00e8ria com fugen d\u2019un drac a trav\u00e9s de les jungles del sud d\u2019Hib\u00f2ria fins a una ciutat misteriosa, on hauran de lluitar per la superviv\u00e8ncia enmig de la decad\u00e8ncia i la riquesa.<\/p>\n<p style=\"text-align: justify\">C\u00f2nan 5 \u00e9s el personatge m\u00e9s rellevant de l\u2019escriptor de literatura <em>pulp<\/em> Robert E. Howard, pare del g\u00e8nere anomenat \u00abespasa i bruixeria\u00bb i un dels narradors m\u00e9s ic\u00f2nics de la revista <em>Weird Tales<\/em>. Creador d\u2019altres personatges com Solomon Kane o Kull, el Conqueridor, ha passat a la hist\u00f2ria sobretot per les narracions que va escriure sobre C\u00f2nan, qui, gr\u00e0cies a les recopilacions dels seus relats i les seves adaptacions al c\u00f2mic i al cinema, ha esdevingut una icona del segle xx.<\/p>\n<p style=\"text-align: justify\">Endinsa\u2019t en el m\u00f3n \u00e8pic i salvatge d\u2019Hib\u00f2ria a trav\u00e9s de dues apassionants aventures protagonitzades pel guerrer m\u00e9s temut de tots els temps: C\u00f2nan. Aquestes hist\u00f2ries ens duran a un univers de perilloses batalles, misterioses ru\u00efnes i heroisme indomable. <em>Les joies de Gualhur<\/em> ens portaran a les terres de Keshan, on C\u00f2nan lluitar\u00e0 per obtenir les joies m\u00edtiques que es troben en una ciutat abandonada.<br \/>\n<strong>\u00a0 \u00a0 \u00a0<\/strong> Amb <em>Claus vermells<\/em>, acompanyarem C\u00f2nan i la pirata Val\u00e8ria com fugen d\u2019un drac a trav\u00e9s de les jungles del sud d\u2019Hib\u00f2ria fins a una ciutat misteriosa, on hauran de lluitar per la superviv\u00e8ncia enmig de la decad\u00e8ncia i la riquesa.<\/p>\n<p style=\"text-align: justify\">C\u00f2nan \u00e9s el personatge m\u00e9s rellevant de l\u2019escriptor de literatura <em>pulp<\/em> Robert E. Howard, pare del g\u00e8nere anomenat \u00abespasa i bruixeria\u00bb i un dels narradors m\u00e9s ic\u00f2nics de la revista <em>Weird Tales<\/em>. Creador d\u2019altres personatges com Solomon Kane o Kull, el Conqueridor, ha passat a la hist\u00f2ria sobretot per les narracions que va escriure sobre C\u00f2nan, qui, gr\u00e0cies a les recopilacions dels seus relats i les seves adaptacions al c\u00f2mic i al cinema, ha esdevingut una icona del segle xx.<\/p>\n","protected":false},"excerpt":{"rendered":"<p>C\u00f2nan 5 Endinsa\u2019t en el m\u00f3n \u00e8pic i salvatge d\u2019Hib\u00f2ria a trav\u00e9s de dues apassionants aventures protagonitzades pel guerrer m\u00e9s<\/p>\n","protected":false},"featured_media":14302,"template":"","meta":[],"product_brand":[],"product_cat":[296],"product_tag":[682,707,1499,672],"autores":[451],"formatos":[355],"materias":[356,374],"class_list":{"0":"post-14307","1":"product","2":"type-product","3":"status-publish","4":"has-post-thumbnail","6":"product_cat-larca-ca","7":"product_tag-espasa-i-bruixeria-ca","8":"product_tag-fantastic-catala-ca","9":"product_tag-herois-ca","10":"product_tag-literatura-fantastica-ca","11":"autores-howard-robert-e-ca","12":"formatos-llibre","13":"materias-cuentos-clasicos-de-generos-fantasticos-ca","14":"materias-literatura-ca","16":"first","17":"instock","18":"taxable","19":"shipping-taxable","20":"purchasable","21":"product-type-simple"},"yoast_head":"<!-- This site is optimized with the Yoast SEO plugin v27.3 - https:\/\/yoast.com\/product\/yoast-seo-wordpress\/ -->\n<title>C\u00f2nan 5 | Laertes ediciones<\/title>\n<meta name=\"description\" content=\"Endinsa\u2019t en el m\u00f3n \u00e8pic i salvatge d\u2019Hib\u00f2ria a trav\u00e9s de dues apassionants aventures protagonitzades pel guerrer m\u00e9s temut de tots els temps: C\u00f2nan 5.\" \/>\n<meta name=\"robots\" content=\"index, follow, max-snippet:-1, max-image-preview:large, max-video-preview:-1\" \/>\n<link rel=\"canonical\" href=\"https:\/\/www.laertes.es\/ca\/llibre\/conan-5\/\" \/>\n<meta property=\"og:locale\" content=\"ca_ES\" \/>\n<meta property=\"og:type\" content=\"article\" \/>\n<meta property=\"og:title\" content=\"C\u00f2nan 5 | Laertes ediciones\" \/>\n<meta property=\"og:description\" content=\"Endinsa\u2019t en el m\u00f3n \u00e8pic i salvatge d\u2019Hib\u00f2ria a trav\u00e9s de dues apassionants aventures protagonitzades pel guerrer m\u00e9s temut de tots els temps: C\u00f2nan 5.\" \/>\n<meta property=\"og:url\" content=\"https:\/\/www.laertes.es\/ca\/llibre\/conan-5\/\" \/>\n<meta property=\"og:site_name\" content=\"Laertes ediciones\" \/>\n<meta property=\"article:modified_time\" content=\"2023-06-07T13:56:48+00:00\" \/>\n<meta property=\"og:image\" content=\"https:\/\/www.laertes.es\/wp-content\/uploads\/2023\/06\/ARC112.webp\" \/>\n\t<meta property=\"og:image:width\" content=\"802\" \/>\n\t<meta property=\"og:image:height\" content=\"1200\" \/>\n\t<meta property=\"og:image:type\" content=\"image\/webp\" \/>\n<meta name=\"twitter:label1\" content=\"Temps estimat de lectura\" \/>\n\t<meta name=\"twitter:data1\" content=\"2 minuts\" \/>\n<script type=\"application\/ld+json\" class=\"yoast-schema-graph\">{\"@context\":\"https:\\\/\\\/schema.org\",\"@graph\":[{\"@type\":\"WebPage\",\"@id\":\"https:\\\/\\\/www.laertes.es\\\/ca\\\/llibre\\\/conan-5\\\/\",\"url\":\"https:\\\/\\\/www.laertes.es\\\/ca\\\/llibre\\\/conan-5\\\/\",\"name\":\"C\u00f2nan 5 | Laertes ediciones\",\"isPartOf\":{\"@id\":\"https:\\\/\\\/www.laertes.es\\\/ca\\\/#website\"},\"primaryImageOfPage\":{\"@id\":\"https:\\\/\\\/www.laertes.es\\\/ca\\\/llibre\\\/conan-5\\\/#primaryimage\"},\"image\":{\"@id\":\"https:\\\/\\\/www.laertes.es\\\/ca\\\/llibre\\\/conan-5\\\/#primaryimage\"},\"thumbnailUrl\":\"https:\\\/\\\/www.laertes.es\\\/wp-content\\\/uploads\\\/2023\\\/06\\\/ARC112.webp\",\"datePublished\":\"2023-06-07T10:09:13+00:00\",\"dateModified\":\"2023-06-07T13:56:48+00:00\",\"description\":\"Endinsa\u2019t en el m\u00f3n \u00e8pic i salvatge d\u2019Hib\u00f2ria a trav\u00e9s de dues apassionants aventures protagonitzades pel guerrer m\u00e9s temut de tots els temps: C\u00f2nan 5.\",\"breadcrumb\":{\"@id\":\"https:\\\/\\\/www.laertes.es\\\/ca\\\/llibre\\\/conan-5\\\/#breadcrumb\"},\"inLanguage\":\"ca\",\"potentialAction\":[{\"@type\":\"ReadAction\",\"target\":[\"https:\\\/\\\/www.laertes.es\\\/ca\\\/llibre\\\/conan-5\\\/\"]}]},{\"@type\":\"ImageObject\",\"inLanguage\":\"ca\",\"@id\":\"https:\\\/\\\/www.laertes.es\\\/ca\\\/llibre\\\/conan-5\\\/#primaryimage\",\"url\":\"https:\\\/\\\/www.laertes.es\\\/wp-content\\\/uploads\\\/2023\\\/06\\\/ARC112.webp\",\"contentUrl\":\"https:\\\/\\\/www.laertes.es\\\/wp-content\\\/uploads\\\/2023\\\/06\\\/ARC112.webp\",\"width\":802,\"height\":1200,\"caption\":\"C\u00f2nan 5\"},{\"@type\":\"BreadcrumbList\",\"@id\":\"https:\\\/\\\/www.laertes.es\\\/ca\\\/llibre\\\/conan-5\\\/#breadcrumb\",\"itemListElement\":[{\"@type\":\"ListItem\",\"position\":1,\"name\":\"Portada\",\"item\":\"https:\\\/\\\/www.laertes.es\\\/ca\\\/\"},{\"@type\":\"ListItem\",\"position\":2,\"name\":\"Tienda\",\"item\":\"https:\\\/\\\/www.laertes.es\\\/tienda\\\/\"},{\"@type\":\"ListItem\",\"position\":3,\"name\":\"C\u00f2nan 5\"}]},{\"@type\":\"WebSite\",\"@id\":\"https:\\\/\\\/www.laertes.es\\\/ca\\\/#website\",\"url\":\"https:\\\/\\\/www.laertes.es\\\/ca\\\/\",\"name\":\"Laertes Ediciones\",\"description\":\"Editorial independiente desde 1975\",\"alternateName\":\"Laertes\",\"potentialAction\":[{\"@type\":\"SearchAction\",\"target\":{\"@type\":\"EntryPoint\",\"urlTemplate\":\"https:\\\/\\\/www.laertes.es\\\/ca\\\/?s={search_term_string}\"},\"query-input\":{\"@type\":\"PropertyValueSpecification\",\"valueRequired\":true,\"valueName\":\"search_term_string\"}}],\"inLanguage\":\"ca\"}]}<\/script>\n<!-- \/ Yoast SEO plugin. -->","yoast_head_json":{"title":"C\u00f2nan 5 | Laertes ediciones","description":"Endinsa\u2019t en el m\u00f3n \u00e8pic i salvatge d\u2019Hib\u00f2ria a trav\u00e9s de dues apassionants aventures protagonitzades pel guerrer m\u00e9s temut de tots els temps: C\u00f2nan 5.","robots":{"index":"index","follow":"follow","max-snippet":"max-snippet:-1","max-image-preview":"max-image-preview:large","max-video-preview":"max-video-preview:-1"},"canonical":"https:\/\/www.laertes.es\/ca\/llibre\/conan-5\/","og_locale":"ca_ES","og_type":"article","og_title":"C\u00f2nan 5 | Laertes ediciones","og_description":"Endinsa\u2019t en el m\u00f3n \u00e8pic i salvatge d\u2019Hib\u00f2ria a trav\u00e9s de dues apassionants aventures protagonitzades pel guerrer m\u00e9s temut de tots els temps: C\u00f2nan 5.","og_url":"https:\/\/www.laertes.es\/ca\/llibre\/conan-5\/","og_site_name":"Laertes ediciones","article_modified_time":"2023-06-07T13:56:48+00:00","og_image":[{"width":802,"height":1200,"url":"https:\/\/www.laertes.es\/wp-content\/uploads\/2023\/06\/ARC112.webp","type":"image\/webp"}],"twitter_misc":{"Temps estimat de lectura":"2 minuts"},"schema":{"@context":"https:\/\/schema.org","@graph":[{"@type":"WebPage","@id":"https:\/\/www.laertes.es\/ca\/llibre\/conan-5\/","url":"https:\/\/www.laertes.es\/ca\/llibre\/conan-5\/","name":"C\u00f2nan 5 | Laertes ediciones","isPartOf":{"@id":"https:\/\/www.laertes.es\/ca\/#website"},"primaryImageOfPage":{"@id":"https:\/\/www.laertes.es\/ca\/llibre\/conan-5\/#primaryimage"},"image":{"@id":"https:\/\/www.laertes.es\/ca\/llibre\/conan-5\/#primaryimage"},"thumbnailUrl":"https:\/\/www.laertes.es\/wp-content\/uploads\/2023\/06\/ARC112.webp","datePublished":"2023-06-07T10:09:13+00:00","dateModified":"2023-06-07T13:56:48+00:00","description":"Endinsa\u2019t en el m\u00f3n \u00e8pic i salvatge d\u2019Hib\u00f2ria a trav\u00e9s de dues apassionants aventures protagonitzades pel guerrer m\u00e9s temut de tots els temps: C\u00f2nan 5.","breadcrumb":{"@id":"https:\/\/www.laertes.es\/ca\/llibre\/conan-5\/#breadcrumb"},"inLanguage":"ca","potentialAction":[{"@type":"ReadAction","target":["https:\/\/www.laertes.es\/ca\/llibre\/conan-5\/"]}]},{"@type":"ImageObject","inLanguage":"ca","@id":"https:\/\/www.laertes.es\/ca\/llibre\/conan-5\/#primaryimage","url":"https:\/\/www.laertes.es\/wp-content\/uploads\/2023\/06\/ARC112.webp","contentUrl":"https:\/\/www.laertes.es\/wp-content\/uploads\/2023\/06\/ARC112.webp","width":802,"height":1200,"caption":"C\u00f2nan 5"},{"@type":"BreadcrumbList","@id":"https:\/\/www.laertes.es\/ca\/llibre\/conan-5\/#breadcrumb","itemListElement":[{"@type":"ListItem","position":1,"name":"Portada","item":"https:\/\/www.laertes.es\/ca\/"},{"@type":"ListItem","position":2,"name":"Tienda","item":"https:\/\/www.laertes.es\/tienda\/"},{"@type":"ListItem","position":3,"name":"C\u00f2nan 5"}]},{"@type":"WebSite","@id":"https:\/\/www.laertes.es\/ca\/#website","url":"https:\/\/www.laertes.es\/ca\/","name":"Laertes Ediciones","description":"Editorial independiente desde 1975","alternateName":"Laertes","potentialAction":[{"@type":"SearchAction","target":{"@type":"EntryPoint","urlTemplate":"https:\/\/www.laertes.es\/ca\/?s={search_term_string}"},"query-input":{"@type":"PropertyValueSpecification","valueRequired":true,"valueName":"search_term_string"}}],"inLanguage":"ca"}]}},"_links":{"self":[{"href":"https:\/\/www.laertes.es\/ca\/wp-json\/wp\/v2\/product\/14307","targetHints":{"allow":["GET"]}}],"collection":[{"href":"https:\/\/www.laertes.es\/ca\/wp-json\/wp\/v2\/product"}],"about":[{"href":"https:\/\/www.laertes.es\/ca\/wp-json\/wp\/v2\/types\/product"}],"version-history":[{"count":1,"href":"https:\/\/www.laertes.es\/ca\/wp-json\/wp\/v2\/product\/14307\/revisions"}],"predecessor-version":[{"id":14308,"href":"https:\/\/www.laertes.es\/ca\/wp-json\/wp\/v2\/product\/14307\/revisions\/14308"}],"wp:featuredmedia":[{"embeddable":true,"href":"https:\/\/www.laertes.es\/ca\/wp-json\/wp\/v2\/media\/14302"}],"wp:attachment":[{"href":"https:\/\/www.laertes.es\/ca\/wp-json\/wp\/v2\/media?parent=14307"}],"wp:term":[{"taxonomy":"product_brand","embeddable":true,"href":"https:\/\/www.laertes.es\/ca\/wp-json\/wp\/v2\/product_brand?post=14307"},{"taxonomy":"product_cat","embeddable":true,"href":"https:\/\/www.laertes.es\/ca\/wp-json\/wp\/v2\/product_cat?post=14307"},{"taxonomy":"product_tag","embeddable":true,"href":"https:\/\/www.laertes.es\/ca\/wp-json\/wp\/v2\/product_tag?post=14307"},{"taxonomy":"autores","embeddable":true,"href":"https:\/\/www.laertes.es\/ca\/wp-json\/wp\/v2\/autores?post=14307"},{"taxonomy":"formatos","embeddable":true,"href":"https:\/\/www.laertes.es\/ca\/wp-json\/wp\/v2\/formatos?post=14307"},{"taxonomy":"materias","embeddable":true,"href":"https:\/\/www.laertes.es\/ca\/wp-json\/wp\/v2\/materias?post=14307"}],"curies":[{"name":"wp","href":"https:\/\/api.w.org\/{rel}","templated":true}]}}