{"id":14284,"date":"2023-06-06T16:35:08","date_gmt":"2023-06-06T16:35:08","guid":{"rendered":"https:\/?post_type=product&#038;p=14284"},"modified":"2023-06-07T08:42:56","modified_gmt":"2023-06-07T08:42:56","slug":"viaje-por-rusia","status":"publish","type":"product","link":"https:\/\/www.laertes.es\/ca\/llibre\/viaje-por-rusia\/","title":{"rendered":"Viaje por Rusia"},"content":{"rendered":"<p>Viaje por Rusia<\/p>\n<p>Viaje por Rusia En el invierno de 1858, Th\u00e9ophile Gautier, \u00abel poeta impecable, el perfecto mago de las letras francesas y maestro y amigo\u00bb de Charles Baudelaire, se desprende de la \u00abnostalgia azur\u00bb que siente por el Mediterr\u00e1neo y se lanza al \u00abv\u00e9rtigo del Norte\u00bb, a la gran Rusia.<br \/>\n<strong>\u00a0 \u00a0 \u00a0<\/strong>En pleno invierno, habiendo superado ya el trayecto que cruza Alemania, Gautier enlaza San Petersburgo con Mosc\u00fa, dando lugar a las primeras muestras de la irresistible belleza de sus descripciones. Su visi\u00f3n pict\u00f3rica (colorista y pl\u00e1stica) alcanza desde las extensas llanuras colmadas de nieve hasta la tregua que representan los salones de las estaciones de tren, con sus amplias cristaleras y plantas tropicales, puntos de encuentro en los que confluyen milagrosamente las distintas Rusias que conforman el imperio. Y as\u00ed llegamos a Mosc\u00fa, y as\u00ed sentimos nosotros, los lectores, la fascinaci\u00f3n y el desaf\u00edo descriptivo que supuso para Gautier recorrer sus plazas y sus catedrales, y ante todo, el Kremlin.<br \/>\n<strong>\u00a0 \u00a0<\/strong> La historia nos cuenta que Gautier no pudo o no supo adaptarse de nuevo a Par\u00eds. La llamada del \u00abv\u00e9rtigo del Norte\u00bb le devuelve a Rusia en verano, y si antes la recorri\u00f3 en ferrocarril, ahora es el r\u00edo Volga quien le acompa\u00f1a en su periplo. Si antes el murmullo del diablo del viaje le incitaba a visitar el Kremlin, ahora le gu\u00eda hacia Nizhni-N\u00f3vgorod, ciudad que albergaba en esos tiempos una importante feria que reun\u00eda toda clase de razas y dialectos; persas, siberianos, t\u00e1rtaros de Manchuria, armenios&#8230; a la espera de los chinos.<\/p>\n<p>Viaje por Rusia En el invierno de 1858, Th\u00e9ophile Gautier, \u00abel poeta impecable, el perfecto mago de las letras francesas y maestro y amigo\u00bb de Charles Baudelaire, se desprende de la \u00abnostalgia azur\u00bb que siente por el Mediterr\u00e1neo y se lanza al \u00abv\u00e9rtigo del Norte\u00bb, a la gran Rusia.<br \/>\n<strong>\u00a0 \u00a0 \u00a0<\/strong>En pleno invierno, habiendo superado ya el trayecto que cruza Alemania, Gautier enlaza San Petersburgo con Mosc\u00fa, dando lugar a las primeras muestras de la irresistible belleza de sus descripciones. Su visi\u00f3n pict\u00f3rica (colorista y pl\u00e1stica) alcanza desde las extensas llanuras colmadas de nieve hasta la tregua que representan los salones de las estaciones de tren, con sus amplias cristaleras y plantas tropicales, puntos de encuentro en los que confluyen milagrosamente las distintas Rusias que conforman el imperio. Y as\u00ed llegamos a Mosc\u00fa, y as\u00ed sentimos nosotros, los lectores, la fascinaci\u00f3n y el desaf\u00edo descriptivo que supuso para Gautier recorrer sus plazas y sus catedrales, y ante todo, el Kremlin.<br \/>\n<strong>\u00a0 \u00a0<\/strong> La historia nos cuenta que Gautier no pudo o no supo adaptarse de nuevo a Par\u00eds. La llamada del \u00abv\u00e9rtigo del Norte\u00bb le devuelve a Rusia en verano, y si antes la recorri\u00f3 en ferrocarril, ahora es el r\u00edo Volga quien le acompa\u00f1a en su periplo. Si antes el murmullo del diablo del viaje le incitaba a visitar el Kremlin, ahora le gu\u00eda hacia Nizhni-N\u00f3vgorod, ciudad que albergaba en esos tiempos una importante feria que reun\u00eda toda clase de razas y dialectos; persas, siberianos, t\u00e1rtaros de Manchuria, armenios&#8230; a la espera de los chinos.<\/p>\n","protected":false},"excerpt":{"rendered":"<p>Viaje por Rusia Viaje por Rusia En el invierno de 1858, Th\u00e9ophile Gautier, \u00abel poeta impecable, el perfecto mago de<\/p>\n","protected":false},"featured_media":14288,"template":"","meta":[],"product_brand":[],"product_cat":[275],"product_tag":[481,1495,480,1496,1494],"autores":[1467],"formatos":[139],"materias":[315],"class_list":{"0":"post-14284","1":"product","2":"type-product","3":"status-publish","4":"has-post-thumbnail","6":"product_cat-nan-shan","7":"product_tag-cronicas-de-viaje","8":"product_tag-kremlin","9":"product_tag-literatura-de-viajes","10":"product_tag-nizhni-novgorod","11":"product_tag-rusia","12":"autores-gautier-theophile","13":"formatos-libro","14":"materias-literatura-de-viajes","16":"first","17":"instock","18":"taxable","19":"shipping-taxable","20":"purchasable","21":"product-type-simple"},"yoast_head":"<!-- This site is optimized with the Yoast SEO plugin v27.3 - https:\/\/yoast.com\/product\/yoast-seo-wordpress\/ -->\n<title>Viaje por Rusia | Laertes ediciones<\/title>\n<meta name=\"description\" content=\"En el 1858, Th\u00e9ophile Gautier, se desprende de la nostalgia que siente por el Mediterr\u00e1neo y se lanza al \u00abv\u00e9rtigo\u00bb, a la gran Rusia. Viaje por Rusia\" \/>\n<meta name=\"robots\" content=\"index, follow, max-snippet:-1, max-image-preview:large, max-video-preview:-1\" \/>\n<link rel=\"canonical\" href=\"https:\/\/www.laertes.es\/ca\/llibre\/viaje-por-rusia\/\" \/>\n<meta property=\"og:locale\" content=\"ca_ES\" \/>\n<meta property=\"og:type\" content=\"article\" \/>\n<meta property=\"og:title\" content=\"Viaje por Rusia | Laertes ediciones\" \/>\n<meta property=\"og:description\" content=\"En el 1858, Th\u00e9ophile Gautier, se desprende de la nostalgia que siente por el Mediterr\u00e1neo y se lanza al \u00abv\u00e9rtigo\u00bb, a la gran Rusia. Viaje por Rusia\" \/>\n<meta property=\"og:url\" content=\"https:\/\/www.laertes.es\/ca\/llibre\/viaje-por-rusia\/\" \/>\n<meta property=\"og:site_name\" content=\"Laertes ediciones\" \/>\n<meta property=\"article:modified_time\" content=\"2023-06-07T08:42:56+00:00\" \/>\n<meta property=\"og:image\" content=\"https:\/\/www.laertes.es\/wp-content\/uploads\/2023\/06\/NAN079.webp\" \/>\n\t<meta property=\"og:image:width\" content=\"802\" \/>\n\t<meta property=\"og:image:height\" content=\"1200\" \/>\n\t<meta property=\"og:image:type\" content=\"image\/webp\" \/>\n<meta name=\"twitter:label1\" content=\"Temps estimat de lectura\" \/>\n\t<meta name=\"twitter:data1\" content=\"3 minuts\" \/>\n<script type=\"application\/ld+json\" class=\"yoast-schema-graph\">{\"@context\":\"https:\\\/\\\/schema.org\",\"@graph\":[{\"@type\":\"WebPage\",\"@id\":\"https:\\\/\\\/www.laertes.es\\\/ca\\\/llibre\\\/viaje-por-rusia\\\/\",\"url\":\"https:\\\/\\\/www.laertes.es\\\/ca\\\/llibre\\\/viaje-por-rusia\\\/\",\"name\":\"Viaje por Rusia | Laertes ediciones\",\"isPartOf\":{\"@id\":\"https:\\\/\\\/www.laertes.es\\\/ca\\\/#website\"},\"primaryImageOfPage\":{\"@id\":\"https:\\\/\\\/www.laertes.es\\\/ca\\\/llibre\\\/viaje-por-rusia\\\/#primaryimage\"},\"image\":{\"@id\":\"https:\\\/\\\/www.laertes.es\\\/ca\\\/llibre\\\/viaje-por-rusia\\\/#primaryimage\"},\"thumbnailUrl\":\"https:\\\/\\\/www.laertes.es\\\/wp-content\\\/uploads\\\/2023\\\/06\\\/NAN079.webp\",\"datePublished\":\"2023-06-06T16:35:08+00:00\",\"dateModified\":\"2023-06-07T08:42:56+00:00\",\"description\":\"En el 1858, Th\u00e9ophile Gautier, se desprende de la nostalgia que siente por el Mediterr\u00e1neo y se lanza al \u00abv\u00e9rtigo\u00bb, a la gran Rusia. Viaje por Rusia\",\"breadcrumb\":{\"@id\":\"https:\\\/\\\/www.laertes.es\\\/ca\\\/llibre\\\/viaje-por-rusia\\\/#breadcrumb\"},\"inLanguage\":\"ca\",\"potentialAction\":[{\"@type\":\"ReadAction\",\"target\":[\"https:\\\/\\\/www.laertes.es\\\/ca\\\/llibre\\\/viaje-por-rusia\\\/\"]}]},{\"@type\":\"ImageObject\",\"inLanguage\":\"ca\",\"@id\":\"https:\\\/\\\/www.laertes.es\\\/ca\\\/llibre\\\/viaje-por-rusia\\\/#primaryimage\",\"url\":\"https:\\\/\\\/www.laertes.es\\\/wp-content\\\/uploads\\\/2023\\\/06\\\/NAN079.webp\",\"contentUrl\":\"https:\\\/\\\/www.laertes.es\\\/wp-content\\\/uploads\\\/2023\\\/06\\\/NAN079.webp\",\"width\":802,\"height\":1200,\"caption\":\"Viaje por Rusia\"},{\"@type\":\"BreadcrumbList\",\"@id\":\"https:\\\/\\\/www.laertes.es\\\/ca\\\/llibre\\\/viaje-por-rusia\\\/#breadcrumb\",\"itemListElement\":[{\"@type\":\"ListItem\",\"position\":1,\"name\":\"Portada\",\"item\":\"https:\\\/\\\/www.laertes.es\\\/ca\\\/\"},{\"@type\":\"ListItem\",\"position\":2,\"name\":\"Tienda\",\"item\":\"https:\\\/\\\/www.laertes.es\\\/tienda\\\/\"},{\"@type\":\"ListItem\",\"position\":3,\"name\":\"Viaje por Rusia\"}]},{\"@type\":\"WebSite\",\"@id\":\"https:\\\/\\\/www.laertes.es\\\/ca\\\/#website\",\"url\":\"https:\\\/\\\/www.laertes.es\\\/ca\\\/\",\"name\":\"Laertes Ediciones\",\"description\":\"Editorial independiente desde 1975\",\"alternateName\":\"Laertes\",\"potentialAction\":[{\"@type\":\"SearchAction\",\"target\":{\"@type\":\"EntryPoint\",\"urlTemplate\":\"https:\\\/\\\/www.laertes.es\\\/ca\\\/?s={search_term_string}\"},\"query-input\":{\"@type\":\"PropertyValueSpecification\",\"valueRequired\":true,\"valueName\":\"search_term_string\"}}],\"inLanguage\":\"ca\"}]}<\/script>\n<!-- \/ Yoast SEO plugin. -->","yoast_head_json":{"title":"Viaje por Rusia | Laertes ediciones","description":"En el 1858, Th\u00e9ophile Gautier, se desprende de la nostalgia que siente por el Mediterr\u00e1neo y se lanza al \u00abv\u00e9rtigo\u00bb, a la gran Rusia. Viaje por Rusia","robots":{"index":"index","follow":"follow","max-snippet":"max-snippet:-1","max-image-preview":"max-image-preview:large","max-video-preview":"max-video-preview:-1"},"canonical":"https:\/\/www.laertes.es\/ca\/llibre\/viaje-por-rusia\/","og_locale":"ca_ES","og_type":"article","og_title":"Viaje por Rusia | Laertes ediciones","og_description":"En el 1858, Th\u00e9ophile Gautier, se desprende de la nostalgia que siente por el Mediterr\u00e1neo y se lanza al \u00abv\u00e9rtigo\u00bb, a la gran Rusia. Viaje por Rusia","og_url":"https:\/\/www.laertes.es\/ca\/llibre\/viaje-por-rusia\/","og_site_name":"Laertes ediciones","article_modified_time":"2023-06-07T08:42:56+00:00","og_image":[{"width":802,"height":1200,"url":"https:\/\/www.laertes.es\/wp-content\/uploads\/2023\/06\/NAN079.webp","type":"image\/webp"}],"twitter_misc":{"Temps estimat de lectura":"3 minuts"},"schema":{"@context":"https:\/\/schema.org","@graph":[{"@type":"WebPage","@id":"https:\/\/www.laertes.es\/ca\/llibre\/viaje-por-rusia\/","url":"https:\/\/www.laertes.es\/ca\/llibre\/viaje-por-rusia\/","name":"Viaje por Rusia | Laertes ediciones","isPartOf":{"@id":"https:\/\/www.laertes.es\/ca\/#website"},"primaryImageOfPage":{"@id":"https:\/\/www.laertes.es\/ca\/llibre\/viaje-por-rusia\/#primaryimage"},"image":{"@id":"https:\/\/www.laertes.es\/ca\/llibre\/viaje-por-rusia\/#primaryimage"},"thumbnailUrl":"https:\/\/www.laertes.es\/wp-content\/uploads\/2023\/06\/NAN079.webp","datePublished":"2023-06-06T16:35:08+00:00","dateModified":"2023-06-07T08:42:56+00:00","description":"En el 1858, Th\u00e9ophile Gautier, se desprende de la nostalgia que siente por el Mediterr\u00e1neo y se lanza al \u00abv\u00e9rtigo\u00bb, a la gran Rusia. Viaje por Rusia","breadcrumb":{"@id":"https:\/\/www.laertes.es\/ca\/llibre\/viaje-por-rusia\/#breadcrumb"},"inLanguage":"ca","potentialAction":[{"@type":"ReadAction","target":["https:\/\/www.laertes.es\/ca\/llibre\/viaje-por-rusia\/"]}]},{"@type":"ImageObject","inLanguage":"ca","@id":"https:\/\/www.laertes.es\/ca\/llibre\/viaje-por-rusia\/#primaryimage","url":"https:\/\/www.laertes.es\/wp-content\/uploads\/2023\/06\/NAN079.webp","contentUrl":"https:\/\/www.laertes.es\/wp-content\/uploads\/2023\/06\/NAN079.webp","width":802,"height":1200,"caption":"Viaje por Rusia"},{"@type":"BreadcrumbList","@id":"https:\/\/www.laertes.es\/ca\/llibre\/viaje-por-rusia\/#breadcrumb","itemListElement":[{"@type":"ListItem","position":1,"name":"Portada","item":"https:\/\/www.laertes.es\/ca\/"},{"@type":"ListItem","position":2,"name":"Tienda","item":"https:\/\/www.laertes.es\/tienda\/"},{"@type":"ListItem","position":3,"name":"Viaje por Rusia"}]},{"@type":"WebSite","@id":"https:\/\/www.laertes.es\/ca\/#website","url":"https:\/\/www.laertes.es\/ca\/","name":"Laertes Ediciones","description":"Editorial independiente desde 1975","alternateName":"Laertes","potentialAction":[{"@type":"SearchAction","target":{"@type":"EntryPoint","urlTemplate":"https:\/\/www.laertes.es\/ca\/?s={search_term_string}"},"query-input":{"@type":"PropertyValueSpecification","valueRequired":true,"valueName":"search_term_string"}}],"inLanguage":"ca"}]}},"_links":{"self":[{"href":"https:\/\/www.laertes.es\/ca\/wp-json\/wp\/v2\/product\/14284","targetHints":{"allow":["GET"]}}],"collection":[{"href":"https:\/\/www.laertes.es\/ca\/wp-json\/wp\/v2\/product"}],"about":[{"href":"https:\/\/www.laertes.es\/ca\/wp-json\/wp\/v2\/types\/product"}],"version-history":[{"count":3,"href":"https:\/\/www.laertes.es\/ca\/wp-json\/wp\/v2\/product\/14284\/revisions"}],"predecessor-version":[{"id":14291,"href":"https:\/\/www.laertes.es\/ca\/wp-json\/wp\/v2\/product\/14284\/revisions\/14291"}],"wp:featuredmedia":[{"embeddable":true,"href":"https:\/\/www.laertes.es\/ca\/wp-json\/wp\/v2\/media\/14288"}],"wp:attachment":[{"href":"https:\/\/www.laertes.es\/ca\/wp-json\/wp\/v2\/media?parent=14284"}],"wp:term":[{"taxonomy":"product_brand","embeddable":true,"href":"https:\/\/www.laertes.es\/ca\/wp-json\/wp\/v2\/product_brand?post=14284"},{"taxonomy":"product_cat","embeddable":true,"href":"https:\/\/www.laertes.es\/ca\/wp-json\/wp\/v2\/product_cat?post=14284"},{"taxonomy":"product_tag","embeddable":true,"href":"https:\/\/www.laertes.es\/ca\/wp-json\/wp\/v2\/product_tag?post=14284"},{"taxonomy":"autores","embeddable":true,"href":"https:\/\/www.laertes.es\/ca\/wp-json\/wp\/v2\/autores?post=14284"},{"taxonomy":"formatos","embeddable":true,"href":"https:\/\/www.laertes.es\/ca\/wp-json\/wp\/v2\/formatos?post=14284"},{"taxonomy":"materias","embeddable":true,"href":"https:\/\/www.laertes.es\/ca\/wp-json\/wp\/v2\/materias?post=14284"}],"curies":[{"name":"wp","href":"https:\/\/api.w.org\/{rel}","templated":true}]}}