{"id":14265,"date":"2023-06-04T05:59:05","date_gmt":"2023-06-04T05:59:05","guid":{"rendered":"https:\/libro\/bigas-luna-el-ojo-voraz\/"},"modified":"2023-06-17T15:49:49","modified_gmt":"2023-06-17T15:49:49","slug":"bigas-luna-el-ojo-voraz","status":"publish","type":"product","link":"https:\/\/www.laertes.es\/ca\/llibre\/bigas-luna-el-ojo-voraz\/","title":{"rendered":"Bigas Luna. El ojo voraz"},"content":{"rendered":"<p>Bigas Luna. El ojo voraz<\/p>\n<p><em>Bigas Luna. El ojo voraz<\/em>, recorre la obra del artista reconociendo la gradual evoluci\u00f3n de sus films desde sus primeras pel\u00edculas, m\u00e1s l\u00f3bregas, m\u00e1s tenebrosas, m\u00e1s s\u00f3rdidas, hasta las de corte m\u00e1s luminoso, sus films mediterr\u00e1neos. El an\u00e1lisis por separado de cada film constituye en realidad un procedimiento destinado a facilitar una comprensi\u00f3n de la evoluci\u00f3n global de este creador poli\u00e9drico que, en su inquietud por la exploraci\u00f3n de nuevas expresiones art\u00edsticas, acorde con su vocaci\u00f3n gr\u00e1fica, abord\u00f3 la direcci\u00f3n teatral y el montaje del Pabell\u00f3n de Espa\u00f1a en la Exposici\u00f3n de Shangh\u00e1i.<\/p>\n<p><em>Bigas Luna. El ojo voraz<\/em>, recorre la obra del artista reconociendo la gradual evoluci\u00f3n de sus films desde sus primeras pel\u00edculas, m\u00e1s l\u00f3bregas, m\u00e1s tenebrosas, m\u00e1s s\u00f3rdidas, hasta las de corte m\u00e1s luminoso, sus films mediterr\u00e1neos. El an\u00e1lisis por separado de cada film constituye en realidad un procedimiento destinado a facilitar una comprensi\u00f3n de la evoluci\u00f3n global de este creador poli\u00e9drico que, en su inquietud por la exploraci\u00f3n de nuevas expresiones art\u00edsticas, acorde con su vocaci\u00f3n gr\u00e1fica, abord\u00f3 la direcci\u00f3n teatral y el montaje del Pabell\u00f3n de Espa\u00f1a en la Exposici\u00f3n de Shangh\u00e1i.<\/p>\n<p><em>Bigas Luna. El ojo voraz<\/em>, recorre la obra del artista reconociendo la gradual evoluci\u00f3n de sus films desde sus primeras pel\u00edculas, m\u00e1s l\u00f3bregas, m\u00e1s tenebrosas, m\u00e1s s\u00f3rdidas, hasta las de corte m\u00e1s luminoso, sus films mediterr\u00e1neos. El an\u00e1lisis por separado de cada film constituye en realidad un procedimiento destinado a facilitar una comprensi\u00f3n de la evoluci\u00f3n global de este creador poli\u00e9drico que, en su inquietud por la exploraci\u00f3n de nuevas expresiones art\u00edsticas, acorde con su vocaci\u00f3n gr\u00e1fica, abord\u00f3 la direcci\u00f3n teatral y el montaje del Pabell\u00f3n de Espa\u00f1a en la Exposici\u00f3n de Shangh\u00e1i.<\/p>\n","protected":false},"excerpt":{"rendered":"<p>Bigas Luna. El ojo voraz Bigas Luna. El ojo voraz, recorre la obra del artista reconociendo la gradual evoluci\u00f3n de<\/p>\n","protected":false},"featured_media":14474,"template":"","meta":[],"product_brand":[],"product_cat":[333],"product_tag":[1466,753,759],"autores":[1464],"formatos":[355],"materias":[362],"class_list":{"0":"post-14265","1":"product","2":"type-product","3":"status-publish","4":"has-post-thumbnail","6":"product_cat-kaplan-ca","7":"product_tag-bigas-luna-ca","8":"product_tag-cine-ca","9":"product_tag-cine-estilos-y-generos-ca","10":"autores-sanabria-carolina-ca","11":"formatos-llibre","12":"materias-cine-y-tv-ca","14":"first","15":"instock","16":"taxable","17":"shipping-taxable","18":"purchasable","19":"product-type-simple"},"yoast_head":"<!-- This site is optimized with the Yoast SEO plugin v27.4 - https:\/\/yoast.com\/product\/yoast-seo-wordpress\/ -->\n<title>Bigas Luna. El ojo voraz | Laertes ediciones<\/title>\n<meta name=\"description\" content=\"Bigas Luna. El ojo voraz recorre la obra del artista reconociendo la gradual evoluci\u00f3n de sus films desde sus primeras pel\u00edculas. | Laertes ediciones\" \/>\n<meta name=\"robots\" content=\"index, follow, max-snippet:-1, max-image-preview:large, max-video-preview:-1\" \/>\n<link rel=\"canonical\" href=\"https:\/\/www.laertes.es\/ca\/llibre\/bigas-luna-el-ojo-voraz\/\" \/>\n<meta property=\"og:locale\" content=\"ca_ES\" \/>\n<meta property=\"og:type\" content=\"article\" \/>\n<meta property=\"og:title\" content=\"Bigas Luna. El ojo voraz | Laertes ediciones\" \/>\n<meta property=\"og:description\" content=\"Bigas Luna. El ojo voraz recorre la obra del artista reconociendo la gradual evoluci\u00f3n de sus films desde sus primeras pel\u00edculas. | Laertes ediciones\" \/>\n<meta property=\"og:url\" content=\"https:\/\/www.laertes.es\/ca\/llibre\/bigas-luna-el-ojo-voraz\/\" \/>\n<meta property=\"og:site_name\" content=\"Laertes ediciones\" \/>\n<meta property=\"article:modified_time\" content=\"2023-06-17T15:49:49+00:00\" \/>\n<meta property=\"og:image\" content=\"https:\/\/www.laertes.es\/wp-content\/uploads\/2023\/06\/KAP035.webp\" \/>\n\t<meta property=\"og:image:width\" content=\"802\" \/>\n\t<meta property=\"og:image:height\" content=\"1200\" \/>\n\t<meta property=\"og:image:type\" content=\"image\/webp\" \/>\n<script type=\"application\/ld+json\" class=\"yoast-schema-graph\">{\"@context\":\"https:\\\/\\\/schema.org\",\"@graph\":[{\"@type\":\"WebPage\",\"@id\":\"https:\\\/\\\/www.laertes.es\\\/ca\\\/llibre\\\/bigas-luna-el-ojo-voraz\\\/\",\"url\":\"https:\\\/\\\/www.laertes.es\\\/ca\\\/llibre\\\/bigas-luna-el-ojo-voraz\\\/\",\"name\":\"Bigas Luna. El ojo voraz | Laertes ediciones\",\"isPartOf\":{\"@id\":\"https:\\\/\\\/www.laertes.es\\\/ca\\\/#website\"},\"primaryImageOfPage\":{\"@id\":\"https:\\\/\\\/www.laertes.es\\\/ca\\\/llibre\\\/bigas-luna-el-ojo-voraz\\\/#primaryimage\"},\"image\":{\"@id\":\"https:\\\/\\\/www.laertes.es\\\/ca\\\/llibre\\\/bigas-luna-el-ojo-voraz\\\/#primaryimage\"},\"thumbnailUrl\":\"https:\\\/\\\/www.laertes.es\\\/wp-content\\\/uploads\\\/2023\\\/06\\\/KAP035.webp\",\"datePublished\":\"2023-06-04T05:59:05+00:00\",\"dateModified\":\"2023-06-17T15:49:49+00:00\",\"description\":\"Bigas Luna. El ojo voraz recorre la obra del artista reconociendo la gradual evoluci\u00f3n de sus films desde sus primeras pel\u00edculas. | Laertes ediciones\",\"breadcrumb\":{\"@id\":\"https:\\\/\\\/www.laertes.es\\\/ca\\\/llibre\\\/bigas-luna-el-ojo-voraz\\\/#breadcrumb\"},\"inLanguage\":\"ca\",\"potentialAction\":[{\"@type\":\"ReadAction\",\"target\":[\"https:\\\/\\\/www.laertes.es\\\/ca\\\/llibre\\\/bigas-luna-el-ojo-voraz\\\/\"]}]},{\"@type\":\"ImageObject\",\"inLanguage\":\"ca\",\"@id\":\"https:\\\/\\\/www.laertes.es\\\/ca\\\/llibre\\\/bigas-luna-el-ojo-voraz\\\/#primaryimage\",\"url\":\"https:\\\/\\\/www.laertes.es\\\/wp-content\\\/uploads\\\/2023\\\/06\\\/KAP035.webp\",\"contentUrl\":\"https:\\\/\\\/www.laertes.es\\\/wp-content\\\/uploads\\\/2023\\\/06\\\/KAP035.webp\",\"width\":802,\"height\":1200,\"caption\":\"Bigas Luna. El ojo voraz\"},{\"@type\":\"BreadcrumbList\",\"@id\":\"https:\\\/\\\/www.laertes.es\\\/ca\\\/llibre\\\/bigas-luna-el-ojo-voraz\\\/#breadcrumb\",\"itemListElement\":[{\"@type\":\"ListItem\",\"position\":1,\"name\":\"Portada\",\"item\":\"https:\\\/\\\/www.laertes.es\\\/ca\\\/\"},{\"@type\":\"ListItem\",\"position\":2,\"name\":\"Tienda\",\"item\":\"https:\\\/\\\/www.laertes.es\\\/tienda\\\/\"},{\"@type\":\"ListItem\",\"position\":3,\"name\":\"Bigas Luna. El ojo voraz\"}]},{\"@type\":\"WebSite\",\"@id\":\"https:\\\/\\\/www.laertes.es\\\/ca\\\/#website\",\"url\":\"https:\\\/\\\/www.laertes.es\\\/ca\\\/\",\"name\":\"Laertes Ediciones\",\"description\":\"Editorial independiente desde 1975\",\"alternateName\":\"Laertes\",\"potentialAction\":[{\"@type\":\"SearchAction\",\"target\":{\"@type\":\"EntryPoint\",\"urlTemplate\":\"https:\\\/\\\/www.laertes.es\\\/ca\\\/?s={search_term_string}\"},\"query-input\":{\"@type\":\"PropertyValueSpecification\",\"valueRequired\":true,\"valueName\":\"search_term_string\"}}],\"inLanguage\":\"ca\"}]}<\/script>\n<!-- \/ Yoast SEO plugin. -->","yoast_head_json":{"title":"Bigas Luna. El ojo voraz | Laertes ediciones","description":"Bigas Luna. El ojo voraz recorre la obra del artista reconociendo la gradual evoluci\u00f3n de sus films desde sus primeras pel\u00edculas. | Laertes ediciones","robots":{"index":"index","follow":"follow","max-snippet":"max-snippet:-1","max-image-preview":"max-image-preview:large","max-video-preview":"max-video-preview:-1"},"canonical":"https:\/\/www.laertes.es\/ca\/llibre\/bigas-luna-el-ojo-voraz\/","og_locale":"ca_ES","og_type":"article","og_title":"Bigas Luna. El ojo voraz | Laertes ediciones","og_description":"Bigas Luna. El ojo voraz recorre la obra del artista reconociendo la gradual evoluci\u00f3n de sus films desde sus primeras pel\u00edculas. | Laertes ediciones","og_url":"https:\/\/www.laertes.es\/ca\/llibre\/bigas-luna-el-ojo-voraz\/","og_site_name":"Laertes ediciones","article_modified_time":"2023-06-17T15:49:49+00:00","og_image":[{"width":802,"height":1200,"url":"https:\/\/www.laertes.es\/wp-content\/uploads\/2023\/06\/KAP035.webp","type":"image\/webp"}],"schema":{"@context":"https:\/\/schema.org","@graph":[{"@type":"WebPage","@id":"https:\/\/www.laertes.es\/ca\/llibre\/bigas-luna-el-ojo-voraz\/","url":"https:\/\/www.laertes.es\/ca\/llibre\/bigas-luna-el-ojo-voraz\/","name":"Bigas Luna. El ojo voraz | Laertes ediciones","isPartOf":{"@id":"https:\/\/www.laertes.es\/ca\/#website"},"primaryImageOfPage":{"@id":"https:\/\/www.laertes.es\/ca\/llibre\/bigas-luna-el-ojo-voraz\/#primaryimage"},"image":{"@id":"https:\/\/www.laertes.es\/ca\/llibre\/bigas-luna-el-ojo-voraz\/#primaryimage"},"thumbnailUrl":"https:\/\/www.laertes.es\/wp-content\/uploads\/2023\/06\/KAP035.webp","datePublished":"2023-06-04T05:59:05+00:00","dateModified":"2023-06-17T15:49:49+00:00","description":"Bigas Luna. El ojo voraz recorre la obra del artista reconociendo la gradual evoluci\u00f3n de sus films desde sus primeras pel\u00edculas. | Laertes ediciones","breadcrumb":{"@id":"https:\/\/www.laertes.es\/ca\/llibre\/bigas-luna-el-ojo-voraz\/#breadcrumb"},"inLanguage":"ca","potentialAction":[{"@type":"ReadAction","target":["https:\/\/www.laertes.es\/ca\/llibre\/bigas-luna-el-ojo-voraz\/"]}]},{"@type":"ImageObject","inLanguage":"ca","@id":"https:\/\/www.laertes.es\/ca\/llibre\/bigas-luna-el-ojo-voraz\/#primaryimage","url":"https:\/\/www.laertes.es\/wp-content\/uploads\/2023\/06\/KAP035.webp","contentUrl":"https:\/\/www.laertes.es\/wp-content\/uploads\/2023\/06\/KAP035.webp","width":802,"height":1200,"caption":"Bigas Luna. El ojo voraz"},{"@type":"BreadcrumbList","@id":"https:\/\/www.laertes.es\/ca\/llibre\/bigas-luna-el-ojo-voraz\/#breadcrumb","itemListElement":[{"@type":"ListItem","position":1,"name":"Portada","item":"https:\/\/www.laertes.es\/ca\/"},{"@type":"ListItem","position":2,"name":"Tienda","item":"https:\/\/www.laertes.es\/tienda\/"},{"@type":"ListItem","position":3,"name":"Bigas Luna. El ojo voraz"}]},{"@type":"WebSite","@id":"https:\/\/www.laertes.es\/ca\/#website","url":"https:\/\/www.laertes.es\/ca\/","name":"Laertes Ediciones","description":"Editorial independiente desde 1975","alternateName":"Laertes","potentialAction":[{"@type":"SearchAction","target":{"@type":"EntryPoint","urlTemplate":"https:\/\/www.laertes.es\/ca\/?s={search_term_string}"},"query-input":{"@type":"PropertyValueSpecification","valueRequired":true,"valueName":"search_term_string"}}],"inLanguage":"ca"}]}},"_links":{"self":[{"href":"https:\/\/www.laertes.es\/ca\/wp-json\/wp\/v2\/product\/14265","targetHints":{"allow":["GET"]}}],"collection":[{"href":"https:\/\/www.laertes.es\/ca\/wp-json\/wp\/v2\/product"}],"about":[{"href":"https:\/\/www.laertes.es\/ca\/wp-json\/wp\/v2\/types\/product"}],"version-history":[{"count":1,"href":"https:\/\/www.laertes.es\/ca\/wp-json\/wp\/v2\/product\/14265\/revisions"}],"predecessor-version":[{"id":14476,"href":"https:\/\/www.laertes.es\/ca\/wp-json\/wp\/v2\/product\/14265\/revisions\/14476"}],"wp:featuredmedia":[{"embeddable":true,"href":"https:\/\/www.laertes.es\/ca\/wp-json\/wp\/v2\/media\/14474"}],"wp:attachment":[{"href":"https:\/\/www.laertes.es\/ca\/wp-json\/wp\/v2\/media?parent=14265"}],"wp:term":[{"taxonomy":"product_brand","embeddable":true,"href":"https:\/\/www.laertes.es\/ca\/wp-json\/wp\/v2\/product_brand?post=14265"},{"taxonomy":"product_cat","embeddable":true,"href":"https:\/\/www.laertes.es\/ca\/wp-json\/wp\/v2\/product_cat?post=14265"},{"taxonomy":"product_tag","embeddable":true,"href":"https:\/\/www.laertes.es\/ca\/wp-json\/wp\/v2\/product_tag?post=14265"},{"taxonomy":"autores","embeddable":true,"href":"https:\/\/www.laertes.es\/ca\/wp-json\/wp\/v2\/autores?post=14265"},{"taxonomy":"formatos","embeddable":true,"href":"https:\/\/www.laertes.es\/ca\/wp-json\/wp\/v2\/formatos?post=14265"},{"taxonomy":"materias","embeddable":true,"href":"https:\/\/www.laertes.es\/ca\/wp-json\/wp\/v2\/materias?post=14265"}],"curies":[{"name":"wp","href":"https:\/\/api.w.org\/{rel}","templated":true}]}}