{"id":14244,"date":"2023-05-31T17:07:13","date_gmt":"2023-05-31T17:07:13","guid":{"rendered":"https:\/libro\/adictos-a-las-sombras\/"},"modified":"2023-06-08T10:07:38","modified_gmt":"2023-06-08T10:07:38","slug":"adictos-a-las-sombras","status":"publish","type":"product","link":"https:\/\/www.laertes.es\/ca\/llibre\/adictos-a-las-sombras\/","title":{"rendered":"Adictos a las sombras"},"content":{"rendered":"<p>Adictos a las sombras<\/p>\n<p>Adictos a las sombras Cuando los expertos quieren conocer las cifras de referentes a la adicci\u00f3n al sexo se encuentran con un problema. O no existen o son vagamente estimativas. Adem\u00e1s, el n\u00famero de individuos que reconocen su problema es mucho m\u00e1s reducido que en otras adicciones, y el n\u00famero de los que buscan ayuda para poder salir de \u00e9l es a\u00fan m\u00e1s reducido. Sin embargo, la adicci\u00f3n existe, y poco a poco nuestra sociedad toma conciencia de ella.<br \/>\n<strong>\u00a0 \u00a0 \u00a0<\/strong>El sexo es poderoso. Una necesidad suponiendo que queramos prosperar como especie, y as\u00ed ha sido desde hace miles de a\u00f1os. Pero, como cualquier otro aspecto de nuestra vida, est\u00e1 te\u00f1ido del color de los tiempos, y los tiempos actuales lo han convertido en un producto de consumo. Se ha comercializado y se optimizan sus recursos para sacarle el m\u00e1ximo provecho comercial. Y la sociedad de consumo lo utiliza como producto de liberaci\u00f3n y de autoafirmaci\u00f3n personal, como paradigma de la libertad individual y el culto a la autoimagen. Pero hay individuos que lo convierten en su c\u00e1rcel.<br \/>\n<strong>\u00a0 \u00a0<\/strong> Entrevistamos a un pol\u00edtico, a un empresario, a un estudiante con tendencias ped\u00f3filas&#8230; la adicci\u00f3n no entiende de clases sociales. Este libro surgi\u00f3 gracias a que ellos quisieron hablarnos. <strong>\u00a0 \u00a0<\/strong> Entrevistamos a un pol\u00edtico, a un empresario, a un estudiante con tendencias ped\u00f3filas&#8230; la adicci\u00f3n no entiende de clases sociales. Este libro surgi\u00f3 gracias a que ellos quisieron hablarnos. <strong>\u00a0 \u00a0<\/strong> Entrevistamos a un pol\u00edtico, a un empresario, a un estudiante con tendencias ped\u00f3filas&#8230; la adicci\u00f3n no entiende de clases sociales. Este libro surgi\u00f3 gracias a que ellos quisieron hablarnos.<br \/>\n<strong>\u00a0 \u00a0<\/strong> Entrevistamos a un pol\u00edtico, a un empresario, a un estudiante con tendencias ped\u00f3filas&#8230; la adicci\u00f3n no entiende de clases sociales. Este libro surgi\u00f3 gracias a que ellos quisieron hablarnos. <strong>\u00a0 \u00a0<\/strong> Entrevistamos a un pol\u00edtico, a un empresario, a un estudiante con tendencias ped\u00f3filas&#8230; la adicci\u00f3n no entiende de clases sociales. Este libro surgi\u00f3 gracias a que ellos quisieron hablarnos.<\/p>\n<p><strong> \u00a0<\/strong><\/p>\n","protected":false},"excerpt":{"rendered":"<p>Adictos a las sombras Adictos a las sombras Cuando los expertos quieren conocer las cifras de referentes a la adicci\u00f3n<\/p>\n","protected":false},"featured_media":14381,"template":"","meta":[],"product_brand":[],"product_cat":[328],"product_tag":[1455,1456,1457,826],"autores":[1458],"formatos":[355],"materias":[371],"class_list":{"0":"post-14244","1":"product","2":"type-product","3":"status-publish","4":"has-post-thumbnail","6":"product_cat-camelot-ca","7":"product_tag-adicciones-ca","8":"product_tag-entrevistas-ca","9":"product_tag-sexo-ca","10":"product_tag-sexualidad-ca","11":"autores-de-la-torre-mckimmey-jose-manuel-ca","12":"formatos-llibre","13":"materias-genero-y-sexualidad-ca","15":"first","16":"instock","17":"taxable","18":"shipping-taxable","19":"purchasable","20":"product-type-simple"},"yoast_head":"<!-- This site is optimized with the Yoast SEO plugin v27.3 - https:\/\/yoast.com\/product\/yoast-seo-wordpress\/ -->\n<title>Adictos a las sombras | Laertes ediciones<\/title>\n<meta name=\"description\" content=\"Entrevistamos a un pol\u00edtico, a un empresario, a un estudiante con tendencias ped\u00f3filas... la adicci\u00f3n no entiende de clases sociales | Adictos a las sombras\" \/>\n<meta name=\"robots\" content=\"index, follow, max-snippet:-1, max-image-preview:large, max-video-preview:-1\" \/>\n<link rel=\"canonical\" href=\"https:\/\/www.laertes.es\/ca\/llibre\/adictos-a-las-sombras\/\" \/>\n<meta property=\"og:locale\" content=\"ca_ES\" \/>\n<meta property=\"og:type\" content=\"article\" \/>\n<meta property=\"og:title\" content=\"Adictos a las sombras | Laertes ediciones\" \/>\n<meta property=\"og:description\" content=\"Entrevistamos a un pol\u00edtico, a un empresario, a un estudiante con tendencias ped\u00f3filas... la adicci\u00f3n no entiende de clases sociales | Adictos a las sombras\" \/>\n<meta property=\"og:url\" content=\"https:\/\/www.laertes.es\/ca\/llibre\/adictos-a-las-sombras\/\" \/>\n<meta property=\"og:site_name\" content=\"Laertes ediciones\" \/>\n<meta property=\"article:modified_time\" content=\"2023-06-08T10:07:38+00:00\" \/>\n<meta property=\"og:image\" content=\"https:\/\/www.laertes.es\/wp-content\/uploads\/2023\/05\/CAM030.webp\" \/>\n\t<meta property=\"og:image:width\" content=\"802\" \/>\n\t<meta property=\"og:image:height\" content=\"1200\" \/>\n\t<meta property=\"og:image:type\" content=\"image\/webp\" \/>\n<script type=\"application\/ld+json\" class=\"yoast-schema-graph\">{\"@context\":\"https:\\\/\\\/schema.org\",\"@graph\":[{\"@type\":\"WebPage\",\"@id\":\"https:\\\/\\\/www.laertes.es\\\/ca\\\/llibre\\\/adictos-a-las-sombras\\\/\",\"url\":\"https:\\\/\\\/www.laertes.es\\\/ca\\\/llibre\\\/adictos-a-las-sombras\\\/\",\"name\":\"Adictos a las sombras | Laertes ediciones\",\"isPartOf\":{\"@id\":\"https:\\\/\\\/www.laertes.es\\\/ca\\\/#website\"},\"primaryImageOfPage\":{\"@id\":\"https:\\\/\\\/www.laertes.es\\\/ca\\\/llibre\\\/adictos-a-las-sombras\\\/#primaryimage\"},\"image\":{\"@id\":\"https:\\\/\\\/www.laertes.es\\\/ca\\\/llibre\\\/adictos-a-las-sombras\\\/#primaryimage\"},\"thumbnailUrl\":\"https:\\\/\\\/www.laertes.es\\\/wp-content\\\/uploads\\\/2023\\\/05\\\/CAM030.webp\",\"datePublished\":\"2023-05-31T17:07:13+00:00\",\"dateModified\":\"2023-06-08T10:07:38+00:00\",\"description\":\"Entrevistamos a un pol\u00edtico, a un empresario, a un estudiante con tendencias ped\u00f3filas... la adicci\u00f3n no entiende de clases sociales | Adictos a las sombras\",\"breadcrumb\":{\"@id\":\"https:\\\/\\\/www.laertes.es\\\/ca\\\/llibre\\\/adictos-a-las-sombras\\\/#breadcrumb\"},\"inLanguage\":\"ca\",\"potentialAction\":[{\"@type\":\"ReadAction\",\"target\":[\"https:\\\/\\\/www.laertes.es\\\/ca\\\/llibre\\\/adictos-a-las-sombras\\\/\"]}]},{\"@type\":\"ImageObject\",\"inLanguage\":\"ca\",\"@id\":\"https:\\\/\\\/www.laertes.es\\\/ca\\\/llibre\\\/adictos-a-las-sombras\\\/#primaryimage\",\"url\":\"https:\\\/\\\/www.laertes.es\\\/wp-content\\\/uploads\\\/2023\\\/05\\\/CAM030.webp\",\"contentUrl\":\"https:\\\/\\\/www.laertes.es\\\/wp-content\\\/uploads\\\/2023\\\/05\\\/CAM030.webp\",\"width\":802,\"height\":1200,\"caption\":\"Adictos a las sombras\"},{\"@type\":\"BreadcrumbList\",\"@id\":\"https:\\\/\\\/www.laertes.es\\\/ca\\\/llibre\\\/adictos-a-las-sombras\\\/#breadcrumb\",\"itemListElement\":[{\"@type\":\"ListItem\",\"position\":1,\"name\":\"Portada\",\"item\":\"https:\\\/\\\/www.laertes.es\\\/ca\\\/\"},{\"@type\":\"ListItem\",\"position\":2,\"name\":\"Tienda\",\"item\":\"https:\\\/\\\/www.laertes.es\\\/tienda\\\/\"},{\"@type\":\"ListItem\",\"position\":3,\"name\":\"Adictos a las sombras\"}]},{\"@type\":\"WebSite\",\"@id\":\"https:\\\/\\\/www.laertes.es\\\/ca\\\/#website\",\"url\":\"https:\\\/\\\/www.laertes.es\\\/ca\\\/\",\"name\":\"Laertes Ediciones\",\"description\":\"Editorial independiente desde 1975\",\"alternateName\":\"Laertes\",\"potentialAction\":[{\"@type\":\"SearchAction\",\"target\":{\"@type\":\"EntryPoint\",\"urlTemplate\":\"https:\\\/\\\/www.laertes.es\\\/ca\\\/?s={search_term_string}\"},\"query-input\":{\"@type\":\"PropertyValueSpecification\",\"valueRequired\":true,\"valueName\":\"search_term_string\"}}],\"inLanguage\":\"ca\"}]}<\/script>\n<!-- \/ Yoast SEO plugin. -->","yoast_head_json":{"title":"Adictos a las sombras | Laertes ediciones","description":"Entrevistamos a un pol\u00edtico, a un empresario, a un estudiante con tendencias ped\u00f3filas... la adicci\u00f3n no entiende de clases sociales | Adictos a las sombras","robots":{"index":"index","follow":"follow","max-snippet":"max-snippet:-1","max-image-preview":"max-image-preview:large","max-video-preview":"max-video-preview:-1"},"canonical":"https:\/\/www.laertes.es\/ca\/llibre\/adictos-a-las-sombras\/","og_locale":"ca_ES","og_type":"article","og_title":"Adictos a las sombras | Laertes ediciones","og_description":"Entrevistamos a un pol\u00edtico, a un empresario, a un estudiante con tendencias ped\u00f3filas... la adicci\u00f3n no entiende de clases sociales | Adictos a las sombras","og_url":"https:\/\/www.laertes.es\/ca\/llibre\/adictos-a-las-sombras\/","og_site_name":"Laertes ediciones","article_modified_time":"2023-06-08T10:07:38+00:00","og_image":[{"width":802,"height":1200,"url":"https:\/\/www.laertes.es\/wp-content\/uploads\/2023\/05\/CAM030.webp","type":"image\/webp"}],"schema":{"@context":"https:\/\/schema.org","@graph":[{"@type":"WebPage","@id":"https:\/\/www.laertes.es\/ca\/llibre\/adictos-a-las-sombras\/","url":"https:\/\/www.laertes.es\/ca\/llibre\/adictos-a-las-sombras\/","name":"Adictos a las sombras | Laertes ediciones","isPartOf":{"@id":"https:\/\/www.laertes.es\/ca\/#website"},"primaryImageOfPage":{"@id":"https:\/\/www.laertes.es\/ca\/llibre\/adictos-a-las-sombras\/#primaryimage"},"image":{"@id":"https:\/\/www.laertes.es\/ca\/llibre\/adictos-a-las-sombras\/#primaryimage"},"thumbnailUrl":"https:\/\/www.laertes.es\/wp-content\/uploads\/2023\/05\/CAM030.webp","datePublished":"2023-05-31T17:07:13+00:00","dateModified":"2023-06-08T10:07:38+00:00","description":"Entrevistamos a un pol\u00edtico, a un empresario, a un estudiante con tendencias ped\u00f3filas... la adicci\u00f3n no entiende de clases sociales | Adictos a las sombras","breadcrumb":{"@id":"https:\/\/www.laertes.es\/ca\/llibre\/adictos-a-las-sombras\/#breadcrumb"},"inLanguage":"ca","potentialAction":[{"@type":"ReadAction","target":["https:\/\/www.laertes.es\/ca\/llibre\/adictos-a-las-sombras\/"]}]},{"@type":"ImageObject","inLanguage":"ca","@id":"https:\/\/www.laertes.es\/ca\/llibre\/adictos-a-las-sombras\/#primaryimage","url":"https:\/\/www.laertes.es\/wp-content\/uploads\/2023\/05\/CAM030.webp","contentUrl":"https:\/\/www.laertes.es\/wp-content\/uploads\/2023\/05\/CAM030.webp","width":802,"height":1200,"caption":"Adictos a las sombras"},{"@type":"BreadcrumbList","@id":"https:\/\/www.laertes.es\/ca\/llibre\/adictos-a-las-sombras\/#breadcrumb","itemListElement":[{"@type":"ListItem","position":1,"name":"Portada","item":"https:\/\/www.laertes.es\/ca\/"},{"@type":"ListItem","position":2,"name":"Tienda","item":"https:\/\/www.laertes.es\/tienda\/"},{"@type":"ListItem","position":3,"name":"Adictos a las sombras"}]},{"@type":"WebSite","@id":"https:\/\/www.laertes.es\/ca\/#website","url":"https:\/\/www.laertes.es\/ca\/","name":"Laertes Ediciones","description":"Editorial independiente desde 1975","alternateName":"Laertes","potentialAction":[{"@type":"SearchAction","target":{"@type":"EntryPoint","urlTemplate":"https:\/\/www.laertes.es\/ca\/?s={search_term_string}"},"query-input":{"@type":"PropertyValueSpecification","valueRequired":true,"valueName":"search_term_string"}}],"inLanguage":"ca"}]}},"_links":{"self":[{"href":"https:\/\/www.laertes.es\/ca\/wp-json\/wp\/v2\/product\/14244","targetHints":{"allow":["GET"]}}],"collection":[{"href":"https:\/\/www.laertes.es\/ca\/wp-json\/wp\/v2\/product"}],"about":[{"href":"https:\/\/www.laertes.es\/ca\/wp-json\/wp\/v2\/types\/product"}],"version-history":[{"count":2,"href":"https:\/\/www.laertes.es\/ca\/wp-json\/wp\/v2\/product\/14244\/revisions"}],"predecessor-version":[{"id":14384,"href":"https:\/\/www.laertes.es\/ca\/wp-json\/wp\/v2\/product\/14244\/revisions\/14384"}],"wp:featuredmedia":[{"embeddable":true,"href":"https:\/\/www.laertes.es\/ca\/wp-json\/wp\/v2\/media\/14381"}],"wp:attachment":[{"href":"https:\/\/www.laertes.es\/ca\/wp-json\/wp\/v2\/media?parent=14244"}],"wp:term":[{"taxonomy":"product_brand","embeddable":true,"href":"https:\/\/www.laertes.es\/ca\/wp-json\/wp\/v2\/product_brand?post=14244"},{"taxonomy":"product_cat","embeddable":true,"href":"https:\/\/www.laertes.es\/ca\/wp-json\/wp\/v2\/product_cat?post=14244"},{"taxonomy":"product_tag","embeddable":true,"href":"https:\/\/www.laertes.es\/ca\/wp-json\/wp\/v2\/product_tag?post=14244"},{"taxonomy":"autores","embeddable":true,"href":"https:\/\/www.laertes.es\/ca\/wp-json\/wp\/v2\/autores?post=14244"},{"taxonomy":"formatos","embeddable":true,"href":"https:\/\/www.laertes.es\/ca\/wp-json\/wp\/v2\/formatos?post=14244"},{"taxonomy":"materias","embeddable":true,"href":"https:\/\/www.laertes.es\/ca\/wp-json\/wp\/v2\/materias?post=14244"}],"curies":[{"name":"wp","href":"https:\/\/api.w.org\/{rel}","templated":true}]}}