{"id":14232,"date":"2023-05-31T16:42:49","date_gmt":"2023-05-31T16:42:49","guid":{"rendered":"https:\/libro\/laberints\/"},"modified":"2023-06-08T11:27:58","modified_gmt":"2023-06-08T11:27:58","slug":"laberints","status":"publish","type":"product","link":"https:\/\/www.laertes.es\/ca\/llibre\/laberints\/","title":{"rendered":"Laberints"},"content":{"rendered":"<p>Laberints L&#8217;any 1979 Roland Barthes va organitzar el seminari &#8220;La met\u00e0fora del laberint&#8221;, amb la idea d&#8217;explorar la seva pres\u00e8ncia en disciplines molt variades: la mitologia grega, la filosofia, les formes pl\u00e0stiques, la literatura, el cinema, l&#8217;arquitectura i l&#8217;urbanisme, els jardins, les matem\u00e0tiques, la psicoan\u00e0lisi. Aquest plantejament \u00e9s una de les principals fonts d&#8217;inspiraci\u00f3 de <em>Laberints. Llocs, textos, imatges, films<\/em>.<br \/>\n<strong>\u00a0 \u00a0<\/strong> Altres esdeveniments coetanis al seminari de Barthes, com la novel\u00b7la d&#8217;Umberto Eco <em>Il nome della rosa<\/em> (El nom de la rosa), el joc inform\u00e0tic Pac-Man o el film<em> The Shining<\/em> (El resplandor) de Stanley Kubrick van contribuir poderosament a la popularitzaci\u00f3 del laberint. Aquest llibre recull les m\u00faltiples facetes d&#8217;aquest auge que ha arribat fins als nostres dies, sense oblidar la hist\u00f2ria mil\u00b7len\u00e0ria dels laberints arreu del m\u00f3n.<br \/>\n<em><strong>\u00a0 \u00a0<\/strong> Laberints<\/em> presta una especial atenci\u00f3 als laberints com a lloc \u2014sigui el laberint de Chartres, el d&#8217;Horta o el de Pontevedra\u2014 i a la pres\u00e8ncia del laberint en la cinematografia contempor\u00e0nia. Els llocs citats s\u00f3n exemples del sentit literal de la paraula laberint, una construcci\u00f3 amb camins entrecreuats que fan dif\u00edcil orientar-se al seu interior, tot i que el seu recorregut t\u00e9 un significat simb\u00f2lic ben diferent en cada cas. D&#8217;altra banda, cap altre mitj\u00e0 com el cine ha estat capa\u00e7 de restituir art\u00edsticament d&#8217;una forma tan poderosa l&#8217;experi\u00e8ncia del laberint, d&#8217;entrar-hi, de circular pel seu interior, de perdre-s&#8217;hi.<\/p>\n","protected":false},"excerpt":{"rendered":"<p>Laberints L&#8217;any 1979 Roland Barthes va organitzar el seminari &#8220;La met\u00e0fora del laberint&#8221;, amb la idea d&#8217;explorar la seva pres\u00e8ncia<\/p>\n","protected":false},"featured_media":14486,"template":"","meta":[],"product_brand":[],"product_cat":[333],"product_tag":[753,657,1446],"autores":[1444],"formatos":[355],"materias":[362,366],"class_list":{"0":"post-14232","1":"product","2":"type-product","3":"status-publish","4":"has-post-thumbnail","6":"product_cat-kaplan-ca","7":"product_tag-cine-ca","8":"product_tag-ensayo-ca","9":"product_tag-laberinto-ca","10":"autores-espelt-i-casals-ramon-ca","11":"formatos-llibre","12":"materias-cine-y-tv-ca","13":"materias-ensayo-ca","15":"first","16":"instock","17":"taxable","18":"shipping-taxable","19":"purchasable","20":"product-type-simple"},"yoast_head":"<!-- This site is optimized with the Yoast SEO plugin v27.4 - https:\/\/yoast.com\/product\/yoast-seo-wordpress\/ -->\n<title>Laberints | Laertes ediciones<\/title>\n<meta name=\"robots\" content=\"index, follow, max-snippet:-1, max-image-preview:large, max-video-preview:-1\" \/>\n<link rel=\"canonical\" href=\"https:\/\/www.laertes.es\/ca\/llibre\/laberints\/\" \/>\n<meta property=\"og:locale\" content=\"ca_ES\" \/>\n<meta property=\"og:type\" content=\"article\" \/>\n<meta property=\"og:title\" content=\"Laberints | Laertes ediciones\" \/>\n<meta property=\"og:description\" content=\"Laberints L&#8217;any 1979 Roland Barthes va organitzar el seminari &#8220;La met\u00e0fora del laberint&#8221;, amb la idea d&#8217;explorar la seva pres\u00e8ncia\" \/>\n<meta property=\"og:url\" content=\"https:\/\/www.laertes.es\/ca\/llibre\/laberints\/\" \/>\n<meta property=\"og:site_name\" content=\"Laertes ediciones\" \/>\n<meta property=\"article:modified_time\" content=\"2023-06-08T11:27:58+00:00\" \/>\n<meta property=\"og:image\" content=\"https:\/\/www.laertes.es\/wp-content\/uploads\/2023\/05\/KAP029.webp\" \/>\n\t<meta property=\"og:image:width\" content=\"802\" \/>\n\t<meta property=\"og:image:height\" content=\"1200\" \/>\n\t<meta property=\"og:image:type\" content=\"image\/webp\" \/>\n<script type=\"application\/ld+json\" class=\"yoast-schema-graph\">{\"@context\":\"https:\\\/\\\/schema.org\",\"@graph\":[{\"@type\":\"WebPage\",\"@id\":\"https:\\\/\\\/www.laertes.es\\\/ca\\\/llibre\\\/laberints\\\/\",\"url\":\"https:\\\/\\\/www.laertes.es\\\/ca\\\/llibre\\\/laberints\\\/\",\"name\":\"Laberints | Laertes ediciones\",\"isPartOf\":{\"@id\":\"https:\\\/\\\/www.laertes.es\\\/ca\\\/#website\"},\"primaryImageOfPage\":{\"@id\":\"https:\\\/\\\/www.laertes.es\\\/ca\\\/llibre\\\/laberints\\\/#primaryimage\"},\"image\":{\"@id\":\"https:\\\/\\\/www.laertes.es\\\/ca\\\/llibre\\\/laberints\\\/#primaryimage\"},\"thumbnailUrl\":\"https:\\\/\\\/www.laertes.es\\\/wp-content\\\/uploads\\\/2023\\\/05\\\/KAP029.webp\",\"datePublished\":\"2023-05-31T16:42:49+00:00\",\"dateModified\":\"2023-06-08T11:27:58+00:00\",\"breadcrumb\":{\"@id\":\"https:\\\/\\\/www.laertes.es\\\/ca\\\/llibre\\\/laberints\\\/#breadcrumb\"},\"inLanguage\":\"ca\",\"potentialAction\":[{\"@type\":\"ReadAction\",\"target\":[\"https:\\\/\\\/www.laertes.es\\\/ca\\\/llibre\\\/laberints\\\/\"]}]},{\"@type\":\"ImageObject\",\"inLanguage\":\"ca\",\"@id\":\"https:\\\/\\\/www.laertes.es\\\/ca\\\/llibre\\\/laberints\\\/#primaryimage\",\"url\":\"https:\\\/\\\/www.laertes.es\\\/wp-content\\\/uploads\\\/2023\\\/05\\\/KAP029.webp\",\"contentUrl\":\"https:\\\/\\\/www.laertes.es\\\/wp-content\\\/uploads\\\/2023\\\/05\\\/KAP029.webp\",\"width\":802,\"height\":1200,\"caption\":\"Laberints\"},{\"@type\":\"BreadcrumbList\",\"@id\":\"https:\\\/\\\/www.laertes.es\\\/ca\\\/llibre\\\/laberints\\\/#breadcrumb\",\"itemListElement\":[{\"@type\":\"ListItem\",\"position\":1,\"name\":\"Portada\",\"item\":\"https:\\\/\\\/www.laertes.es\\\/ca\\\/\"},{\"@type\":\"ListItem\",\"position\":2,\"name\":\"Tienda\",\"item\":\"https:\\\/\\\/www.laertes.es\\\/tienda\\\/\"},{\"@type\":\"ListItem\",\"position\":3,\"name\":\"Laberints\"}]},{\"@type\":\"WebSite\",\"@id\":\"https:\\\/\\\/www.laertes.es\\\/ca\\\/#website\",\"url\":\"https:\\\/\\\/www.laertes.es\\\/ca\\\/\",\"name\":\"Laertes Ediciones\",\"description\":\"Editorial independiente desde 1975\",\"alternateName\":\"Laertes\",\"potentialAction\":[{\"@type\":\"SearchAction\",\"target\":{\"@type\":\"EntryPoint\",\"urlTemplate\":\"https:\\\/\\\/www.laertes.es\\\/ca\\\/?s={search_term_string}\"},\"query-input\":{\"@type\":\"PropertyValueSpecification\",\"valueRequired\":true,\"valueName\":\"search_term_string\"}}],\"inLanguage\":\"ca\"}]}<\/script>\n<!-- \/ Yoast SEO plugin. -->","yoast_head_json":{"title":"Laberints | Laertes ediciones","robots":{"index":"index","follow":"follow","max-snippet":"max-snippet:-1","max-image-preview":"max-image-preview:large","max-video-preview":"max-video-preview:-1"},"canonical":"https:\/\/www.laertes.es\/ca\/llibre\/laberints\/","og_locale":"ca_ES","og_type":"article","og_title":"Laberints | Laertes ediciones","og_description":"Laberints L&#8217;any 1979 Roland Barthes va organitzar el seminari &#8220;La met\u00e0fora del laberint&#8221;, amb la idea d&#8217;explorar la seva pres\u00e8ncia","og_url":"https:\/\/www.laertes.es\/ca\/llibre\/laberints\/","og_site_name":"Laertes ediciones","article_modified_time":"2023-06-08T11:27:58+00:00","og_image":[{"width":802,"height":1200,"url":"https:\/\/www.laertes.es\/wp-content\/uploads\/2023\/05\/KAP029.webp","type":"image\/webp"}],"schema":{"@context":"https:\/\/schema.org","@graph":[{"@type":"WebPage","@id":"https:\/\/www.laertes.es\/ca\/llibre\/laberints\/","url":"https:\/\/www.laertes.es\/ca\/llibre\/laberints\/","name":"Laberints | Laertes ediciones","isPartOf":{"@id":"https:\/\/www.laertes.es\/ca\/#website"},"primaryImageOfPage":{"@id":"https:\/\/www.laertes.es\/ca\/llibre\/laberints\/#primaryimage"},"image":{"@id":"https:\/\/www.laertes.es\/ca\/llibre\/laberints\/#primaryimage"},"thumbnailUrl":"https:\/\/www.laertes.es\/wp-content\/uploads\/2023\/05\/KAP029.webp","datePublished":"2023-05-31T16:42:49+00:00","dateModified":"2023-06-08T11:27:58+00:00","breadcrumb":{"@id":"https:\/\/www.laertes.es\/ca\/llibre\/laberints\/#breadcrumb"},"inLanguage":"ca","potentialAction":[{"@type":"ReadAction","target":["https:\/\/www.laertes.es\/ca\/llibre\/laberints\/"]}]},{"@type":"ImageObject","inLanguage":"ca","@id":"https:\/\/www.laertes.es\/ca\/llibre\/laberints\/#primaryimage","url":"https:\/\/www.laertes.es\/wp-content\/uploads\/2023\/05\/KAP029.webp","contentUrl":"https:\/\/www.laertes.es\/wp-content\/uploads\/2023\/05\/KAP029.webp","width":802,"height":1200,"caption":"Laberints"},{"@type":"BreadcrumbList","@id":"https:\/\/www.laertes.es\/ca\/llibre\/laberints\/#breadcrumb","itemListElement":[{"@type":"ListItem","position":1,"name":"Portada","item":"https:\/\/www.laertes.es\/ca\/"},{"@type":"ListItem","position":2,"name":"Tienda","item":"https:\/\/www.laertes.es\/tienda\/"},{"@type":"ListItem","position":3,"name":"Laberints"}]},{"@type":"WebSite","@id":"https:\/\/www.laertes.es\/ca\/#website","url":"https:\/\/www.laertes.es\/ca\/","name":"Laertes Ediciones","description":"Editorial independiente desde 1975","alternateName":"Laertes","potentialAction":[{"@type":"SearchAction","target":{"@type":"EntryPoint","urlTemplate":"https:\/\/www.laertes.es\/ca\/?s={search_term_string}"},"query-input":{"@type":"PropertyValueSpecification","valueRequired":true,"valueName":"search_term_string"}}],"inLanguage":"ca"}]}},"_links":{"self":[{"href":"https:\/\/www.laertes.es\/ca\/wp-json\/wp\/v2\/product\/14232","targetHints":{"allow":["GET"]}}],"collection":[{"href":"https:\/\/www.laertes.es\/ca\/wp-json\/wp\/v2\/product"}],"about":[{"href":"https:\/\/www.laertes.es\/ca\/wp-json\/wp\/v2\/types\/product"}],"version-history":[{"count":1,"href":"https:\/\/www.laertes.es\/ca\/wp-json\/wp\/v2\/product\/14232\/revisions"}],"predecessor-version":[{"id":14484,"href":"https:\/\/www.laertes.es\/ca\/wp-json\/wp\/v2\/product\/14232\/revisions\/14484"}],"wp:featuredmedia":[{"embeddable":true,"href":"https:\/\/www.laertes.es\/ca\/wp-json\/wp\/v2\/media\/14486"}],"wp:attachment":[{"href":"https:\/\/www.laertes.es\/ca\/wp-json\/wp\/v2\/media?parent=14232"}],"wp:term":[{"taxonomy":"product_brand","embeddable":true,"href":"https:\/\/www.laertes.es\/ca\/wp-json\/wp\/v2\/product_brand?post=14232"},{"taxonomy":"product_cat","embeddable":true,"href":"https:\/\/www.laertes.es\/ca\/wp-json\/wp\/v2\/product_cat?post=14232"},{"taxonomy":"product_tag","embeddable":true,"href":"https:\/\/www.laertes.es\/ca\/wp-json\/wp\/v2\/product_tag?post=14232"},{"taxonomy":"autores","embeddable":true,"href":"https:\/\/www.laertes.es\/ca\/wp-json\/wp\/v2\/autores?post=14232"},{"taxonomy":"formatos","embeddable":true,"href":"https:\/\/www.laertes.es\/ca\/wp-json\/wp\/v2\/formatos?post=14232"},{"taxonomy":"materias","embeddable":true,"href":"https:\/\/www.laertes.es\/ca\/wp-json\/wp\/v2\/materias?post=14232"}],"curies":[{"name":"wp","href":"https:\/\/api.w.org\/{rel}","templated":true}]}}