{"id":14156,"date":"2023-05-27T15:39:17","date_gmt":"2023-05-27T15:39:17","guid":{"rendered":"https:\/libro\/los-ultimos-dias-de-pekin\/"},"modified":"2023-06-07T08:49:20","modified_gmt":"2023-06-07T08:49:20","slug":"los-ultimos-dias-de-pekin","status":"publish","type":"product","link":"https:\/\/www.laertes.es\/ca\/llibre\/los-ultimos-dias-de-pekin\/","title":{"rendered":"Los \u00faltimos d\u00edas de Pek\u00edn"},"content":{"rendered":"<p>Los \u00faltimos d\u00edas de Pek\u00edn<\/p>\n<p>El 13 de junio de 1900 se perpetra en Pek\u00edn una matanza de cristianos (chinos y for\u00e1neos), unos d\u00edas m\u00e1s tarde asesinan al embajador de Alemania y atacan a las canciller\u00edas extranjeras de Pek\u00edn que permanecer\u00e1n sitiadas, sin comunicaci\u00f3n con el exterior. Desde hace un par de a\u00f1os los b\u00f3xeres se han sublevado contra los extranjeros residentes en China. Poco tiempo despu\u00e9s una flota de las potencias aliadas zarpa para auxiliar a la emperatriz Tseu-Hi y defender sus intereses, tanto personales como materiales, pero cuando arriba a puerto la emperatriz ha huido y las canciller\u00edas est\u00e1n ya liberadas.<br \/>\n<strong>\u00a0 \u00a0<\/strong> Pierre Loti, embarcado en un acorazado franc\u00e9s, viaja en esta flota. Aunque llegar\u00e1 una vez sofocada la rebeli\u00f3n no por ello dejar\u00e1 de informar de la situaci\u00f3n mientras constata que China es un pa\u00eds maltratado por el mundo occidental y que una cruel represi\u00f3n ha respondido a las no menos crueles agresiones de los b\u00f3xeres.<\/p>\n<p>El 13 de junio de 1900 se perpetra en Pek\u00edn una matanza de cristianos (chinos y for\u00e1neos), unos d\u00edas m\u00e1s tarde asesinan al embajador de Alemania y atacan a las canciller\u00edas extranjeras de Pek\u00edn que permanecer\u00e1n sitiadas, sin comunicaci\u00f3n con el exterior. Desde hace un par de a\u00f1os los b\u00f3xeres se han sublevado contra los extranjeros residentes en China. Poco tiempo despu\u00e9s una flota de las potencias aliadas zarpa para auxiliar a la emperatriz Tseu-Hi y defender sus intereses, tanto personales como materiales, pero cuando arriba a puerto la emperatriz ha huido y las canciller\u00edas est\u00e1n ya liberadas.<br \/>\n<strong>\u00a0 \u00a0<\/strong> Pierre Loti, embarcado en un acorazado franc\u00e9s, viaja en esta flota. Aunque llegar\u00e1 una vez sofocada la rebeli\u00f3n no por ello dejar\u00e1 de informar de la situaci\u00f3n mientras constata que China es un pa\u00eds maltratado por el mundo occidental y que una cruel represi\u00f3n ha respondido a las no menos crueles agresiones de los b\u00f3xeres.<\/p>\n","protected":false},"excerpt":{"rendered":"<p>Los \u00faltimos d\u00edas de Pek\u00edn El 13 de junio de 1900 se perpetra en Pek\u00edn una matanza de cristianos (chinos<\/p>\n","protected":false},"featured_media":14296,"template":"","meta":[],"product_brand":[],"product_cat":[339],"product_tag":[1402,1403,818,1249,641,1404],"autores":[1405],"formatos":[355],"materias":[372,375],"class_list":{"0":"post-14156","1":"product","2":"type-product","3":"status-publish","4":"has-post-thumbnail","6":"product_cat-nan-shan-ca","7":"product_tag-alzamiento-boxer-ca","8":"product_tag-china-ca","9":"product_tag-cronicas-de-viaje-ca","10":"product_tag-historia-contemporanea-ca","11":"product_tag-literatura-de-viajes-ca","12":"product_tag-pekin-ca","13":"autores-loti-pierre-ca","14":"formatos-llibre","15":"materias-historia-ca","16":"materias-literatura-de-viajes-ca","18":"first","19":"instock","20":"taxable","21":"shipping-taxable","22":"purchasable","23":"product-type-simple"},"yoast_head":"<!-- This site is optimized with the Yoast SEO plugin v27.4 - https:\/\/yoast.com\/product\/yoast-seo-wordpress\/ -->\n<title>Los \u00faltimos d\u00edas de Pek\u00edn | Laertes ediciones<\/title>\n<meta name=\"description\" content=\"Pierre Loti, aunque llegar\u00e1 una vez sofocada la rebeli\u00f3n no por ello dejar\u00e1 de informar de la situaci\u00f3n. | Los \u00faltimos d\u00edas de Pek\u00edn\" \/>\n<meta name=\"robots\" content=\"index, follow, max-snippet:-1, max-image-preview:large, max-video-preview:-1\" \/>\n<link rel=\"canonical\" href=\"https:\/\/www.laertes.es\/ca\/llibre\/los-ultimos-dias-de-pekin\/\" \/>\n<meta property=\"og:locale\" content=\"ca_ES\" \/>\n<meta property=\"og:type\" content=\"article\" \/>\n<meta property=\"og:title\" content=\"Los \u00faltimos d\u00edas de Pek\u00edn | Laertes ediciones\" \/>\n<meta property=\"og:description\" content=\"Pierre Loti, aunque llegar\u00e1 una vez sofocada la rebeli\u00f3n no por ello dejar\u00e1 de informar de la situaci\u00f3n. | Los \u00faltimos d\u00edas de Pek\u00edn\" \/>\n<meta property=\"og:url\" content=\"https:\/\/www.laertes.es\/ca\/llibre\/los-ultimos-dias-de-pekin\/\" \/>\n<meta property=\"og:site_name\" content=\"Laertes ediciones\" \/>\n<meta property=\"article:modified_time\" content=\"2023-06-07T08:49:20+00:00\" \/>\n<meta property=\"og:image\" content=\"https:\/\/www.laertes.es\/wp-content\/uploads\/2023\/05\/NAN062.webp\" \/>\n\t<meta property=\"og:image:width\" content=\"802\" \/>\n\t<meta property=\"og:image:height\" content=\"1200\" \/>\n\t<meta property=\"og:image:type\" content=\"image\/webp\" \/>\n<script type=\"application\/ld+json\" class=\"yoast-schema-graph\">{\"@context\":\"https:\\\/\\\/schema.org\",\"@graph\":[{\"@type\":\"WebPage\",\"@id\":\"https:\\\/\\\/www.laertes.es\\\/ca\\\/llibre\\\/los-ultimos-dias-de-pekin\\\/\",\"url\":\"https:\\\/\\\/www.laertes.es\\\/ca\\\/llibre\\\/los-ultimos-dias-de-pekin\\\/\",\"name\":\"Los \u00faltimos d\u00edas de Pek\u00edn | Laertes ediciones\",\"isPartOf\":{\"@id\":\"https:\\\/\\\/www.laertes.es\\\/ca\\\/#website\"},\"primaryImageOfPage\":{\"@id\":\"https:\\\/\\\/www.laertes.es\\\/ca\\\/llibre\\\/los-ultimos-dias-de-pekin\\\/#primaryimage\"},\"image\":{\"@id\":\"https:\\\/\\\/www.laertes.es\\\/ca\\\/llibre\\\/los-ultimos-dias-de-pekin\\\/#primaryimage\"},\"thumbnailUrl\":\"https:\\\/\\\/www.laertes.es\\\/wp-content\\\/uploads\\\/2023\\\/05\\\/NAN062.webp\",\"datePublished\":\"2023-05-27T15:39:17+00:00\",\"dateModified\":\"2023-06-07T08:49:20+00:00\",\"description\":\"Pierre Loti, aunque llegar\u00e1 una vez sofocada la rebeli\u00f3n no por ello dejar\u00e1 de informar de la situaci\u00f3n. | Los \u00faltimos d\u00edas de Pek\u00edn\",\"breadcrumb\":{\"@id\":\"https:\\\/\\\/www.laertes.es\\\/ca\\\/llibre\\\/los-ultimos-dias-de-pekin\\\/#breadcrumb\"},\"inLanguage\":\"ca\",\"potentialAction\":[{\"@type\":\"ReadAction\",\"target\":[\"https:\\\/\\\/www.laertes.es\\\/ca\\\/llibre\\\/los-ultimos-dias-de-pekin\\\/\"]}]},{\"@type\":\"ImageObject\",\"inLanguage\":\"ca\",\"@id\":\"https:\\\/\\\/www.laertes.es\\\/ca\\\/llibre\\\/los-ultimos-dias-de-pekin\\\/#primaryimage\",\"url\":\"https:\\\/\\\/www.laertes.es\\\/wp-content\\\/uploads\\\/2023\\\/05\\\/NAN062.webp\",\"contentUrl\":\"https:\\\/\\\/www.laertes.es\\\/wp-content\\\/uploads\\\/2023\\\/05\\\/NAN062.webp\",\"width\":802,\"height\":1200,\"caption\":\"Los \u00faltimos d\u00edas de Pek\u00edn\"},{\"@type\":\"BreadcrumbList\",\"@id\":\"https:\\\/\\\/www.laertes.es\\\/ca\\\/llibre\\\/los-ultimos-dias-de-pekin\\\/#breadcrumb\",\"itemListElement\":[{\"@type\":\"ListItem\",\"position\":1,\"name\":\"Portada\",\"item\":\"https:\\\/\\\/www.laertes.es\\\/ca\\\/\"},{\"@type\":\"ListItem\",\"position\":2,\"name\":\"Tienda\",\"item\":\"https:\\\/\\\/www.laertes.es\\\/tienda\\\/\"},{\"@type\":\"ListItem\",\"position\":3,\"name\":\"Los \u00faltimos d\u00edas de Pek\u00edn\"}]},{\"@type\":\"WebSite\",\"@id\":\"https:\\\/\\\/www.laertes.es\\\/ca\\\/#website\",\"url\":\"https:\\\/\\\/www.laertes.es\\\/ca\\\/\",\"name\":\"Laertes Ediciones\",\"description\":\"Editorial independiente desde 1975\",\"alternateName\":\"Laertes\",\"potentialAction\":[{\"@type\":\"SearchAction\",\"target\":{\"@type\":\"EntryPoint\",\"urlTemplate\":\"https:\\\/\\\/www.laertes.es\\\/ca\\\/?s={search_term_string}\"},\"query-input\":{\"@type\":\"PropertyValueSpecification\",\"valueRequired\":true,\"valueName\":\"search_term_string\"}}],\"inLanguage\":\"ca\"}]}<\/script>\n<!-- \/ Yoast SEO plugin. -->","yoast_head_json":{"title":"Los \u00faltimos d\u00edas de Pek\u00edn | Laertes ediciones","description":"Pierre Loti, aunque llegar\u00e1 una vez sofocada la rebeli\u00f3n no por ello dejar\u00e1 de informar de la situaci\u00f3n. | Los \u00faltimos d\u00edas de Pek\u00edn","robots":{"index":"index","follow":"follow","max-snippet":"max-snippet:-1","max-image-preview":"max-image-preview:large","max-video-preview":"max-video-preview:-1"},"canonical":"https:\/\/www.laertes.es\/ca\/llibre\/los-ultimos-dias-de-pekin\/","og_locale":"ca_ES","og_type":"article","og_title":"Los \u00faltimos d\u00edas de Pek\u00edn | Laertes ediciones","og_description":"Pierre Loti, aunque llegar\u00e1 una vez sofocada la rebeli\u00f3n no por ello dejar\u00e1 de informar de la situaci\u00f3n. | Los \u00faltimos d\u00edas de Pek\u00edn","og_url":"https:\/\/www.laertes.es\/ca\/llibre\/los-ultimos-dias-de-pekin\/","og_site_name":"Laertes ediciones","article_modified_time":"2023-06-07T08:49:20+00:00","og_image":[{"width":802,"height":1200,"url":"https:\/\/www.laertes.es\/wp-content\/uploads\/2023\/05\/NAN062.webp","type":"image\/webp"}],"schema":{"@context":"https:\/\/schema.org","@graph":[{"@type":"WebPage","@id":"https:\/\/www.laertes.es\/ca\/llibre\/los-ultimos-dias-de-pekin\/","url":"https:\/\/www.laertes.es\/ca\/llibre\/los-ultimos-dias-de-pekin\/","name":"Los \u00faltimos d\u00edas de Pek\u00edn | Laertes ediciones","isPartOf":{"@id":"https:\/\/www.laertes.es\/ca\/#website"},"primaryImageOfPage":{"@id":"https:\/\/www.laertes.es\/ca\/llibre\/los-ultimos-dias-de-pekin\/#primaryimage"},"image":{"@id":"https:\/\/www.laertes.es\/ca\/llibre\/los-ultimos-dias-de-pekin\/#primaryimage"},"thumbnailUrl":"https:\/\/www.laertes.es\/wp-content\/uploads\/2023\/05\/NAN062.webp","datePublished":"2023-05-27T15:39:17+00:00","dateModified":"2023-06-07T08:49:20+00:00","description":"Pierre Loti, aunque llegar\u00e1 una vez sofocada la rebeli\u00f3n no por ello dejar\u00e1 de informar de la situaci\u00f3n. | Los \u00faltimos d\u00edas de Pek\u00edn","breadcrumb":{"@id":"https:\/\/www.laertes.es\/ca\/llibre\/los-ultimos-dias-de-pekin\/#breadcrumb"},"inLanguage":"ca","potentialAction":[{"@type":"ReadAction","target":["https:\/\/www.laertes.es\/ca\/llibre\/los-ultimos-dias-de-pekin\/"]}]},{"@type":"ImageObject","inLanguage":"ca","@id":"https:\/\/www.laertes.es\/ca\/llibre\/los-ultimos-dias-de-pekin\/#primaryimage","url":"https:\/\/www.laertes.es\/wp-content\/uploads\/2023\/05\/NAN062.webp","contentUrl":"https:\/\/www.laertes.es\/wp-content\/uploads\/2023\/05\/NAN062.webp","width":802,"height":1200,"caption":"Los \u00faltimos d\u00edas de Pek\u00edn"},{"@type":"BreadcrumbList","@id":"https:\/\/www.laertes.es\/ca\/llibre\/los-ultimos-dias-de-pekin\/#breadcrumb","itemListElement":[{"@type":"ListItem","position":1,"name":"Portada","item":"https:\/\/www.laertes.es\/ca\/"},{"@type":"ListItem","position":2,"name":"Tienda","item":"https:\/\/www.laertes.es\/tienda\/"},{"@type":"ListItem","position":3,"name":"Los \u00faltimos d\u00edas de Pek\u00edn"}]},{"@type":"WebSite","@id":"https:\/\/www.laertes.es\/ca\/#website","url":"https:\/\/www.laertes.es\/ca\/","name":"Laertes Ediciones","description":"Editorial independiente desde 1975","alternateName":"Laertes","potentialAction":[{"@type":"SearchAction","target":{"@type":"EntryPoint","urlTemplate":"https:\/\/www.laertes.es\/ca\/?s={search_term_string}"},"query-input":{"@type":"PropertyValueSpecification","valueRequired":true,"valueName":"search_term_string"}}],"inLanguage":"ca"}]}},"_links":{"self":[{"href":"https:\/\/www.laertes.es\/ca\/wp-json\/wp\/v2\/product\/14156","targetHints":{"allow":["GET"]}}],"collection":[{"href":"https:\/\/www.laertes.es\/ca\/wp-json\/wp\/v2\/product"}],"about":[{"href":"https:\/\/www.laertes.es\/ca\/wp-json\/wp\/v2\/types\/product"}],"version-history":[{"count":2,"href":"https:\/\/www.laertes.es\/ca\/wp-json\/wp\/v2\/product\/14156\/revisions"}],"predecessor-version":[{"id":14299,"href":"https:\/\/www.laertes.es\/ca\/wp-json\/wp\/v2\/product\/14156\/revisions\/14299"}],"wp:featuredmedia":[{"embeddable":true,"href":"https:\/\/www.laertes.es\/ca\/wp-json\/wp\/v2\/media\/14296"}],"wp:attachment":[{"href":"https:\/\/www.laertes.es\/ca\/wp-json\/wp\/v2\/media?parent=14156"}],"wp:term":[{"taxonomy":"product_brand","embeddable":true,"href":"https:\/\/www.laertes.es\/ca\/wp-json\/wp\/v2\/product_brand?post=14156"},{"taxonomy":"product_cat","embeddable":true,"href":"https:\/\/www.laertes.es\/ca\/wp-json\/wp\/v2\/product_cat?post=14156"},{"taxonomy":"product_tag","embeddable":true,"href":"https:\/\/www.laertes.es\/ca\/wp-json\/wp\/v2\/product_tag?post=14156"},{"taxonomy":"autores","embeddable":true,"href":"https:\/\/www.laertes.es\/ca\/wp-json\/wp\/v2\/autores?post=14156"},{"taxonomy":"formatos","embeddable":true,"href":"https:\/\/www.laertes.es\/ca\/wp-json\/wp\/v2\/formatos?post=14156"},{"taxonomy":"materias","embeddable":true,"href":"https:\/\/www.laertes.es\/ca\/wp-json\/wp\/v2\/materias?post=14156"}],"curies":[{"name":"wp","href":"https:\/\/api.w.org\/{rel}","templated":true}]}}