{"id":14123,"date":"2023-05-24T16:25:43","date_gmt":"2023-05-24T16:25:43","guid":{"rendered":"https:\/libro\/el-treball-de-recerca-en-literatura\/"},"modified":"2023-06-08T11:04:36","modified_gmt":"2023-06-08T11:04:36","slug":"el-treball-de-recerca-en-literatura","status":"publish","type":"product","link":"https:\/\/www.laertes.es\/ca\/llibre\/el-treball-de-recerca-en-literatura\/","title":{"rendered":"El treball de recerca en literatura"},"content":{"rendered":"<h1>El treball de recerca en literatura<\/h1>\n<p>El treball de recerca en literatura Quan sembla que la literatura es troba definitivament amena\u00e7ada de mort -almenys si se n&#8217;observa el paper a qu\u00e8 ha estat relegada en el sistema educatiu actual-, Alfred Sargatal gosa trencar una llan\u00e7a per salvar-la, encara que sigui per la reraguarda. En efecte, aquest llibre que el lector t\u00e9 a les mans \u00e9s una proposta i una eina did\u00e0ctica en aquest sentit: una guia per organitzar treballs de recerca en literatura. <em>El treball de recerca en literatura. Com organitzar-lo, com dirigir-lo<\/em> vol ser una refer\u00e8ncia eminentment pr\u00e0ctica i va adre\u00e7at al professorat de batxillerat que tutoritzi treballs de recerca liter\u00e0ria; als universitaris que estudien literatura, i a llicenciats en filologia que s&#8217;estiguin preparant per a la realitzaci\u00f3 d&#8217;una tesina o d&#8217;una tesi sobre literatura.<\/p>\n<p>Quan sembla que la literatura es troba definitivament amena\u00e7ada de mort -almenys si se n&#8217;observa el paper a qu\u00e8 ha estat relegada en el sistema educatiu actual-, Alfred Sargatal gosa trencar una llan\u00e7a per salvar-la, encara que sigui per la reraguarda. En efecte, aquest llibre que el lector t\u00e9 a les mans \u00e9s una proposta i una eina did\u00e0ctica en aquest sentit: una guia per organitzar treballs de recerca en literatura. <em>El treball de recerca en literatura. Com organitzar-lo, com dirigir-lo<\/em> vol ser una refer\u00e8ncia eminentment pr\u00e0ctica i va adre\u00e7at al professorat de batxillerat que tutoritzi treballs de recerca liter\u00e0ria; als universitaris que estudien literatura, i a llicenciats en filologia que s&#8217;estiguin preparant per a la realitzaci\u00f3 d&#8217;una tesina o d&#8217;una tesi sobre literatura.<\/p>\n","protected":false},"excerpt":{"rendered":"<p>El treball de recerca en literatura El treball de recerca en literatura Quan sembla que la literatura es troba definitivament<\/p>\n","protected":false},"featured_media":14468,"template":"","meta":[],"product_brand":[],"product_cat":[330],"product_tag":[1372,656,1105,1373],"autores":[1365],"formatos":[355],"materias":[365,367],"class_list":{"0":"post-14123","1":"product","2":"type-product","3":"status-publish","4":"has-post-thumbnail","6":"product_cat-educacion-ca","7":"product_tag-didactica-de-la-literatura-ca","8":"product_tag-educacion-ca","9":"product_tag-literatura-contemporanea-ca","10":"product_tag-treball-de-recerca-ca","11":"autores-sargatal-planas-alfred-ca","12":"formatos-llibre","13":"materias-educacion-ca","14":"materias-ensenanza-y-literatura-ca","16":"first","17":"instock","18":"taxable","19":"shipping-taxable","20":"purchasable","21":"product-type-simple"},"yoast_head":"<!-- This site is optimized with the Yoast SEO plugin v27.3 - https:\/\/yoast.com\/product\/yoast-seo-wordpress\/ -->\n<title>El treball de recerca en literatura | Laertes ediciones<\/title>\n<meta name=\"description\" content=\"Aquest llibre que el lector t\u00e9 a les mans \u00e9s una proposta i una eina did\u00e0ctica en aquest sentit: una guia per organitzar treballs de recerca en literatura.\" \/>\n<meta name=\"robots\" content=\"index, follow, max-snippet:-1, max-image-preview:large, max-video-preview:-1\" \/>\n<link rel=\"canonical\" href=\"https:\/\/www.laertes.es\/ca\/llibre\/el-treball-de-recerca-en-literatura\/\" \/>\n<meta property=\"og:locale\" content=\"ca_ES\" \/>\n<meta property=\"og:type\" content=\"article\" \/>\n<meta property=\"og:title\" content=\"El treball de recerca en literatura | Laertes ediciones\" \/>\n<meta property=\"og:description\" content=\"Aquest llibre que el lector t\u00e9 a les mans \u00e9s una proposta i una eina did\u00e0ctica en aquest sentit: una guia per organitzar treballs de recerca en literatura.\" \/>\n<meta property=\"og:url\" content=\"https:\/\/www.laertes.es\/ca\/llibre\/el-treball-de-recerca-en-literatura\/\" \/>\n<meta property=\"og:site_name\" content=\"Laertes ediciones\" \/>\n<meta property=\"article:modified_time\" content=\"2023-06-08T11:04:36+00:00\" \/>\n<meta property=\"og:image\" content=\"https:\/\/www.laertes.es\/wp-content\/uploads\/2023\/05\/EDU102.webp\" \/>\n\t<meta property=\"og:image:width\" content=\"802\" \/>\n\t<meta property=\"og:image:height\" content=\"1200\" \/>\n\t<meta property=\"og:image:type\" content=\"image\/webp\" \/>\n<script type=\"application\/ld+json\" class=\"yoast-schema-graph\">{\"@context\":\"https:\\\/\\\/schema.org\",\"@graph\":[{\"@type\":\"WebPage\",\"@id\":\"https:\\\/\\\/www.laertes.es\\\/ca\\\/llibre\\\/el-treball-de-recerca-en-literatura\\\/\",\"url\":\"https:\\\/\\\/www.laertes.es\\\/ca\\\/llibre\\\/el-treball-de-recerca-en-literatura\\\/\",\"name\":\"El treball de recerca en literatura | Laertes ediciones\",\"isPartOf\":{\"@id\":\"https:\\\/\\\/www.laertes.es\\\/ca\\\/#website\"},\"primaryImageOfPage\":{\"@id\":\"https:\\\/\\\/www.laertes.es\\\/ca\\\/llibre\\\/el-treball-de-recerca-en-literatura\\\/#primaryimage\"},\"image\":{\"@id\":\"https:\\\/\\\/www.laertes.es\\\/ca\\\/llibre\\\/el-treball-de-recerca-en-literatura\\\/#primaryimage\"},\"thumbnailUrl\":\"https:\\\/\\\/www.laertes.es\\\/wp-content\\\/uploads\\\/2023\\\/05\\\/EDU102.webp\",\"datePublished\":\"2023-05-24T16:25:43+00:00\",\"dateModified\":\"2023-06-08T11:04:36+00:00\",\"description\":\"Aquest llibre que el lector t\u00e9 a les mans \u00e9s una proposta i una eina did\u00e0ctica en aquest sentit: una guia per organitzar treballs de recerca en literatura.\",\"breadcrumb\":{\"@id\":\"https:\\\/\\\/www.laertes.es\\\/ca\\\/llibre\\\/el-treball-de-recerca-en-literatura\\\/#breadcrumb\"},\"inLanguage\":\"ca\",\"potentialAction\":[{\"@type\":\"ReadAction\",\"target\":[\"https:\\\/\\\/www.laertes.es\\\/ca\\\/llibre\\\/el-treball-de-recerca-en-literatura\\\/\"]}]},{\"@type\":\"ImageObject\",\"inLanguage\":\"ca\",\"@id\":\"https:\\\/\\\/www.laertes.es\\\/ca\\\/llibre\\\/el-treball-de-recerca-en-literatura\\\/#primaryimage\",\"url\":\"https:\\\/\\\/www.laertes.es\\\/wp-content\\\/uploads\\\/2023\\\/05\\\/EDU102.webp\",\"contentUrl\":\"https:\\\/\\\/www.laertes.es\\\/wp-content\\\/uploads\\\/2023\\\/05\\\/EDU102.webp\",\"width\":802,\"height\":1200,\"caption\":\"El treball de recerca en literatura\"},{\"@type\":\"BreadcrumbList\",\"@id\":\"https:\\\/\\\/www.laertes.es\\\/ca\\\/llibre\\\/el-treball-de-recerca-en-literatura\\\/#breadcrumb\",\"itemListElement\":[{\"@type\":\"ListItem\",\"position\":1,\"name\":\"Portada\",\"item\":\"https:\\\/\\\/www.laertes.es\\\/ca\\\/\"},{\"@type\":\"ListItem\",\"position\":2,\"name\":\"Tienda\",\"item\":\"https:\\\/\\\/www.laertes.es\\\/tienda\\\/\"},{\"@type\":\"ListItem\",\"position\":3,\"name\":\"El treball de recerca en literatura\"}]},{\"@type\":\"WebSite\",\"@id\":\"https:\\\/\\\/www.laertes.es\\\/ca\\\/#website\",\"url\":\"https:\\\/\\\/www.laertes.es\\\/ca\\\/\",\"name\":\"Laertes Ediciones\",\"description\":\"Editorial independiente desde 1975\",\"alternateName\":\"Laertes\",\"potentialAction\":[{\"@type\":\"SearchAction\",\"target\":{\"@type\":\"EntryPoint\",\"urlTemplate\":\"https:\\\/\\\/www.laertes.es\\\/ca\\\/?s={search_term_string}\"},\"query-input\":{\"@type\":\"PropertyValueSpecification\",\"valueRequired\":true,\"valueName\":\"search_term_string\"}}],\"inLanguage\":\"ca\"}]}<\/script>\n<!-- \/ Yoast SEO plugin. -->","yoast_head_json":{"title":"El treball de recerca en literatura | Laertes ediciones","description":"Aquest llibre que el lector t\u00e9 a les mans \u00e9s una proposta i una eina did\u00e0ctica en aquest sentit: una guia per organitzar treballs de recerca en literatura.","robots":{"index":"index","follow":"follow","max-snippet":"max-snippet:-1","max-image-preview":"max-image-preview:large","max-video-preview":"max-video-preview:-1"},"canonical":"https:\/\/www.laertes.es\/ca\/llibre\/el-treball-de-recerca-en-literatura\/","og_locale":"ca_ES","og_type":"article","og_title":"El treball de recerca en literatura | Laertes ediciones","og_description":"Aquest llibre que el lector t\u00e9 a les mans \u00e9s una proposta i una eina did\u00e0ctica en aquest sentit: una guia per organitzar treballs de recerca en literatura.","og_url":"https:\/\/www.laertes.es\/ca\/llibre\/el-treball-de-recerca-en-literatura\/","og_site_name":"Laertes ediciones","article_modified_time":"2023-06-08T11:04:36+00:00","og_image":[{"width":802,"height":1200,"url":"https:\/\/www.laertes.es\/wp-content\/uploads\/2023\/05\/EDU102.webp","type":"image\/webp"}],"schema":{"@context":"https:\/\/schema.org","@graph":[{"@type":"WebPage","@id":"https:\/\/www.laertes.es\/ca\/llibre\/el-treball-de-recerca-en-literatura\/","url":"https:\/\/www.laertes.es\/ca\/llibre\/el-treball-de-recerca-en-literatura\/","name":"El treball de recerca en literatura | Laertes ediciones","isPartOf":{"@id":"https:\/\/www.laertes.es\/ca\/#website"},"primaryImageOfPage":{"@id":"https:\/\/www.laertes.es\/ca\/llibre\/el-treball-de-recerca-en-literatura\/#primaryimage"},"image":{"@id":"https:\/\/www.laertes.es\/ca\/llibre\/el-treball-de-recerca-en-literatura\/#primaryimage"},"thumbnailUrl":"https:\/\/www.laertes.es\/wp-content\/uploads\/2023\/05\/EDU102.webp","datePublished":"2023-05-24T16:25:43+00:00","dateModified":"2023-06-08T11:04:36+00:00","description":"Aquest llibre que el lector t\u00e9 a les mans \u00e9s una proposta i una eina did\u00e0ctica en aquest sentit: una guia per organitzar treballs de recerca en literatura.","breadcrumb":{"@id":"https:\/\/www.laertes.es\/ca\/llibre\/el-treball-de-recerca-en-literatura\/#breadcrumb"},"inLanguage":"ca","potentialAction":[{"@type":"ReadAction","target":["https:\/\/www.laertes.es\/ca\/llibre\/el-treball-de-recerca-en-literatura\/"]}]},{"@type":"ImageObject","inLanguage":"ca","@id":"https:\/\/www.laertes.es\/ca\/llibre\/el-treball-de-recerca-en-literatura\/#primaryimage","url":"https:\/\/www.laertes.es\/wp-content\/uploads\/2023\/05\/EDU102.webp","contentUrl":"https:\/\/www.laertes.es\/wp-content\/uploads\/2023\/05\/EDU102.webp","width":802,"height":1200,"caption":"El treball de recerca en literatura"},{"@type":"BreadcrumbList","@id":"https:\/\/www.laertes.es\/ca\/llibre\/el-treball-de-recerca-en-literatura\/#breadcrumb","itemListElement":[{"@type":"ListItem","position":1,"name":"Portada","item":"https:\/\/www.laertes.es\/ca\/"},{"@type":"ListItem","position":2,"name":"Tienda","item":"https:\/\/www.laertes.es\/tienda\/"},{"@type":"ListItem","position":3,"name":"El treball de recerca en literatura"}]},{"@type":"WebSite","@id":"https:\/\/www.laertes.es\/ca\/#website","url":"https:\/\/www.laertes.es\/ca\/","name":"Laertes Ediciones","description":"Editorial independiente desde 1975","alternateName":"Laertes","potentialAction":[{"@type":"SearchAction","target":{"@type":"EntryPoint","urlTemplate":"https:\/\/www.laertes.es\/ca\/?s={search_term_string}"},"query-input":{"@type":"PropertyValueSpecification","valueRequired":true,"valueName":"search_term_string"}}],"inLanguage":"ca"}]}},"_links":{"self":[{"href":"https:\/\/www.laertes.es\/ca\/wp-json\/wp\/v2\/product\/14123","targetHints":{"allow":["GET"]}}],"collection":[{"href":"https:\/\/www.laertes.es\/ca\/wp-json\/wp\/v2\/product"}],"about":[{"href":"https:\/\/www.laertes.es\/ca\/wp-json\/wp\/v2\/types\/product"}],"version-history":[{"count":1,"href":"https:\/\/www.laertes.es\/ca\/wp-json\/wp\/v2\/product\/14123\/revisions"}],"predecessor-version":[{"id":14471,"href":"https:\/\/www.laertes.es\/ca\/wp-json\/wp\/v2\/product\/14123\/revisions\/14471"}],"wp:featuredmedia":[{"embeddable":true,"href":"https:\/\/www.laertes.es\/ca\/wp-json\/wp\/v2\/media\/14468"}],"wp:attachment":[{"href":"https:\/\/www.laertes.es\/ca\/wp-json\/wp\/v2\/media?parent=14123"}],"wp:term":[{"taxonomy":"product_brand","embeddable":true,"href":"https:\/\/www.laertes.es\/ca\/wp-json\/wp\/v2\/product_brand?post=14123"},{"taxonomy":"product_cat","embeddable":true,"href":"https:\/\/www.laertes.es\/ca\/wp-json\/wp\/v2\/product_cat?post=14123"},{"taxonomy":"product_tag","embeddable":true,"href":"https:\/\/www.laertes.es\/ca\/wp-json\/wp\/v2\/product_tag?post=14123"},{"taxonomy":"autores","embeddable":true,"href":"https:\/\/www.laertes.es\/ca\/wp-json\/wp\/v2\/autores?post=14123"},{"taxonomy":"formatos","embeddable":true,"href":"https:\/\/www.laertes.es\/ca\/wp-json\/wp\/v2\/formatos?post=14123"},{"taxonomy":"materias","embeddable":true,"href":"https:\/\/www.laertes.es\/ca\/wp-json\/wp\/v2\/materias?post=14123"}],"curies":[{"name":"wp","href":"https:\/\/api.w.org\/{rel}","templated":true}]}}