{"id":14086,"date":"2023-05-20T16:49:09","date_gmt":"2023-05-20T16:49:09","guid":{"rendered":"https:\/libro\/budapest\/"},"modified":"2023-06-08T08:58:57","modified_gmt":"2023-06-08T08:58:57","slug":"budapest","status":"publish","type":"product","link":"https:\/\/www.laertes.es\/ca\/llibre\/budapest\/","title":{"rendered":"Budapest"},"content":{"rendered":"<p>Budapest<\/p>\n<p>El h\u00fangaro es un pueblo de origen incierto, que se pierde m\u00e1s all\u00e1 de Oriente. Desde hace un par de siglos Budapest es una sola ciudad, pero desde siempre hab\u00edan sido dos, o tres si no queremos olvidarnos de \u00d3buda; con idiosincrasias distintas, con geograf\u00edas distintas e incluso con historias distintas. Buda era una ciudad m\u00e1s se\u00f1orial que Pest, con colinas en lugar de llanos. Pest presum\u00eda de cosmopolita.<br \/>\n<strong>\u00a0 \u00a0 \u00a0<\/strong>No hay amante de la historia que pueda resistirse a conocer los or\u00edgenes de Budapest, que no sienta admiraci\u00f3n al constatar que hasta aqu\u00ed llegaron los celtas, los romanos, las razias mongoles, m\u00e1s tarde los turcos, los otomanos, los austriacos, los alemanes y los rusos. Pero hay m\u00e1s.<br \/>\n<strong>\u00a0 \u00a0<\/strong> El r\u00edo, el Danubio, espl\u00e9ndido, solemne e imperial, cruzado por nueve puentes, fuente inagotable de cultura, humedad, y de melancol\u00eda. Y los incontables balnearios, que aprovechan las aguas invisibles y subterr\u00e1neas. La m\u00fasica, el teatro, los palacios, la \u00f3pera. Todo ello y mucho m\u00e1s es Budapest. Yolanda Ruiz y Enric Balasch, con su habitual eficacia y pasi\u00f3n por el viaje, ser\u00e1n los mejores gu\u00edas.<\/p>\n<p>El h\u00fangaro es un pueblo de origen incierto, que se pierde m\u00e1s all\u00e1 de Oriente. Desde hace un par de siglos Budapest es una sola ciudad, pero desde siempre hab\u00edan sido dos, o tres si no queremos olvidarnos de \u00d3buda; con idiosincrasias distintas, con geograf\u00edas distintas e incluso con historias distintas. Buda era una ciudad m\u00e1s se\u00f1orial que Pest, con colinas en lugar de llanos. Pest presum\u00eda de cosmopolita.<br \/>\n<strong>\u00a0 \u00a0 \u00a0<\/strong>No hay amante de la historia que pueda resistirse a conocer los or\u00edgenes de Budapest, que no sienta admiraci\u00f3n al constatar que hasta aqu\u00ed llegaron los celtas, los romanos, las razias mongoles, m\u00e1s tarde los turcos, los otomanos, los austriacos, los alemanes y los rusos. Pero hay m\u00e1s.<br \/>\n<strong>\u00a0 \u00a0<\/strong> El r\u00edo, el Danubio, espl\u00e9ndido, solemne e imperial, cruzado por nueve puentes, fuente inagotable de cultura, humedad, y de melancol\u00eda. Y los incontables balnearios, que aprovechan las aguas invisibles y subterr\u00e1neas. La m\u00fasica, el teatro, los palacios, la \u00f3pera. Todo ello y mucho m\u00e1s es Budapest. Yolanda Ruiz y Enric Balasch, con su habitual eficacia y pasi\u00f3n por el viaje, ser\u00e1n los mejores gu\u00edas.<\/p>\n","protected":false},"excerpt":{"rendered":"<p>Budapest El h\u00fangaro es un pueblo de origen incierto, que se pierde m\u00e1s all\u00e1 de Oriente. Desde hace un par<\/p>\n","protected":false},"featured_media":14323,"template":"","meta":[],"product_brand":[],"product_cat":[344],"product_tag":[1332,836,1333,867,843],"autores":[1334,1335],"formatos":[355],"materias":[370,383],"class_list":{"0":"post-14086","1":"product","2":"type-product","3":"status-publish","4":"has-post-thumbnail","6":"product_cat-rumbo-a-ca","7":"product_tag-aguas-termales-ca","8":"product_tag-guia-de-viajes-ca","9":"product_tag-rio-danubio-ca","10":"product_tag-turismo-ca","11":"product_tag-vacaciones-ca","12":"autores-balasch-blanch-enric-ca","13":"autores-ruiz-arranz-yolanda-ca","14":"formatos-llibre","15":"materias-guias-de-viajes-ca","16":"materias-turismo-ca","18":"first","19":"instock","20":"taxable","21":"shipping-taxable","22":"purchasable","23":"product-type-simple"},"yoast_head":"<!-- This site is optimized with the Yoast SEO plugin v27.5 - https:\/\/yoast.com\/product\/yoast-seo-wordpress\/ -->\n<title>Budapest | Laertes ediciones<\/title>\n<meta name=\"description\" content=\"El r\u00edo, el Danubio, espl\u00e9ndido, solemne e imperial, fuente inagotable de cultura, humedad, y de melancol\u00eda. Todo ello y mucho m\u00e1s es Budapest.\" \/>\n<meta name=\"robots\" content=\"index, follow, max-snippet:-1, max-image-preview:large, max-video-preview:-1\" \/>\n<link rel=\"canonical\" href=\"https:\/\/www.laertes.es\/ca\/llibre\/budapest\/\" \/>\n<meta property=\"og:locale\" content=\"ca_ES\" \/>\n<meta property=\"og:type\" content=\"article\" \/>\n<meta property=\"og:title\" content=\"Budapest | Laertes ediciones\" \/>\n<meta property=\"og:description\" content=\"El r\u00edo, el Danubio, espl\u00e9ndido, solemne e imperial, fuente inagotable de cultura, humedad, y de melancol\u00eda. Todo ello y mucho m\u00e1s es Budapest.\" \/>\n<meta property=\"og:url\" content=\"https:\/\/www.laertes.es\/ca\/llibre\/budapest\/\" \/>\n<meta property=\"og:site_name\" content=\"Laertes ediciones\" \/>\n<meta property=\"article:modified_time\" content=\"2023-06-08T08:58:57+00:00\" \/>\n<meta property=\"og:image\" content=\"https:\/\/www.laertes.es\/wp-content\/uploads\/2023\/05\/RUM077.jpg\" \/>\n\t<meta property=\"og:image:width\" content=\"802\" \/>\n\t<meta property=\"og:image:height\" content=\"1200\" \/>\n\t<meta property=\"og:image:type\" content=\"image\/jpeg\" \/>\n<script type=\"application\/ld+json\" class=\"yoast-schema-graph\">{\"@context\":\"https:\\\/\\\/schema.org\",\"@graph\":[{\"@type\":\"WebPage\",\"@id\":\"https:\\\/\\\/www.laertes.es\\\/ca\\\/llibre\\\/budapest\\\/\",\"url\":\"https:\\\/\\\/www.laertes.es\\\/ca\\\/llibre\\\/budapest\\\/\",\"name\":\"Budapest | Laertes ediciones\",\"isPartOf\":{\"@id\":\"https:\\\/\\\/www.laertes.es\\\/ca\\\/#website\"},\"primaryImageOfPage\":{\"@id\":\"https:\\\/\\\/www.laertes.es\\\/ca\\\/llibre\\\/budapest\\\/#primaryimage\"},\"image\":{\"@id\":\"https:\\\/\\\/www.laertes.es\\\/ca\\\/llibre\\\/budapest\\\/#primaryimage\"},\"thumbnailUrl\":\"https:\\\/\\\/www.laertes.es\\\/wp-content\\\/uploads\\\/2023\\\/05\\\/RUM077.jpg\",\"datePublished\":\"2023-05-20T16:49:09+00:00\",\"dateModified\":\"2023-06-08T08:58:57+00:00\",\"description\":\"El r\u00edo, el Danubio, espl\u00e9ndido, solemne e imperial, fuente inagotable de cultura, humedad, y de melancol\u00eda. Todo ello y mucho m\u00e1s es Budapest.\",\"breadcrumb\":{\"@id\":\"https:\\\/\\\/www.laertes.es\\\/ca\\\/llibre\\\/budapest\\\/#breadcrumb\"},\"inLanguage\":\"ca\",\"potentialAction\":[{\"@type\":\"ReadAction\",\"target\":[\"https:\\\/\\\/www.laertes.es\\\/ca\\\/llibre\\\/budapest\\\/\"]}]},{\"@type\":\"ImageObject\",\"inLanguage\":\"ca\",\"@id\":\"https:\\\/\\\/www.laertes.es\\\/ca\\\/llibre\\\/budapest\\\/#primaryimage\",\"url\":\"https:\\\/\\\/www.laertes.es\\\/wp-content\\\/uploads\\\/2023\\\/05\\\/RUM077.jpg\",\"contentUrl\":\"https:\\\/\\\/www.laertes.es\\\/wp-content\\\/uploads\\\/2023\\\/05\\\/RUM077.jpg\",\"width\":802,\"height\":1200,\"caption\":\"Budapest\"},{\"@type\":\"BreadcrumbList\",\"@id\":\"https:\\\/\\\/www.laertes.es\\\/ca\\\/llibre\\\/budapest\\\/#breadcrumb\",\"itemListElement\":[{\"@type\":\"ListItem\",\"position\":1,\"name\":\"Portada\",\"item\":\"https:\\\/\\\/www.laertes.es\\\/ca\\\/\"},{\"@type\":\"ListItem\",\"position\":2,\"name\":\"Tienda\",\"item\":\"https:\\\/\\\/www.laertes.es\\\/tienda\\\/\"},{\"@type\":\"ListItem\",\"position\":3,\"name\":\"Budapest\"}]},{\"@type\":\"WebSite\",\"@id\":\"https:\\\/\\\/www.laertes.es\\\/ca\\\/#website\",\"url\":\"https:\\\/\\\/www.laertes.es\\\/ca\\\/\",\"name\":\"Laertes Ediciones\",\"description\":\"Editorial independiente desde 1975\",\"alternateName\":\"Laertes\",\"potentialAction\":[{\"@type\":\"SearchAction\",\"target\":{\"@type\":\"EntryPoint\",\"urlTemplate\":\"https:\\\/\\\/www.laertes.es\\\/ca\\\/?s={search_term_string}\"},\"query-input\":{\"@type\":\"PropertyValueSpecification\",\"valueRequired\":true,\"valueName\":\"search_term_string\"}}],\"inLanguage\":\"ca\"}]}<\/script>\n<!-- \/ Yoast SEO plugin. -->","yoast_head_json":{"title":"Budapest | Laertes ediciones","description":"El r\u00edo, el Danubio, espl\u00e9ndido, solemne e imperial, fuente inagotable de cultura, humedad, y de melancol\u00eda. Todo ello y mucho m\u00e1s es Budapest.","robots":{"index":"index","follow":"follow","max-snippet":"max-snippet:-1","max-image-preview":"max-image-preview:large","max-video-preview":"max-video-preview:-1"},"canonical":"https:\/\/www.laertes.es\/ca\/llibre\/budapest\/","og_locale":"ca_ES","og_type":"article","og_title":"Budapest | Laertes ediciones","og_description":"El r\u00edo, el Danubio, espl\u00e9ndido, solemne e imperial, fuente inagotable de cultura, humedad, y de melancol\u00eda. Todo ello y mucho m\u00e1s es Budapest.","og_url":"https:\/\/www.laertes.es\/ca\/llibre\/budapest\/","og_site_name":"Laertes ediciones","article_modified_time":"2023-06-08T08:58:57+00:00","og_image":[{"width":802,"height":1200,"url":"https:\/\/www.laertes.es\/wp-content\/uploads\/2023\/05\/RUM077.jpg","type":"image\/jpeg"}],"schema":{"@context":"https:\/\/schema.org","@graph":[{"@type":"WebPage","@id":"https:\/\/www.laertes.es\/ca\/llibre\/budapest\/","url":"https:\/\/www.laertes.es\/ca\/llibre\/budapest\/","name":"Budapest | Laertes ediciones","isPartOf":{"@id":"https:\/\/www.laertes.es\/ca\/#website"},"primaryImageOfPage":{"@id":"https:\/\/www.laertes.es\/ca\/llibre\/budapest\/#primaryimage"},"image":{"@id":"https:\/\/www.laertes.es\/ca\/llibre\/budapest\/#primaryimage"},"thumbnailUrl":"https:\/\/www.laertes.es\/wp-content\/uploads\/2023\/05\/RUM077.jpg","datePublished":"2023-05-20T16:49:09+00:00","dateModified":"2023-06-08T08:58:57+00:00","description":"El r\u00edo, el Danubio, espl\u00e9ndido, solemne e imperial, fuente inagotable de cultura, humedad, y de melancol\u00eda. Todo ello y mucho m\u00e1s es Budapest.","breadcrumb":{"@id":"https:\/\/www.laertes.es\/ca\/llibre\/budapest\/#breadcrumb"},"inLanguage":"ca","potentialAction":[{"@type":"ReadAction","target":["https:\/\/www.laertes.es\/ca\/llibre\/budapest\/"]}]},{"@type":"ImageObject","inLanguage":"ca","@id":"https:\/\/www.laertes.es\/ca\/llibre\/budapest\/#primaryimage","url":"https:\/\/www.laertes.es\/wp-content\/uploads\/2023\/05\/RUM077.jpg","contentUrl":"https:\/\/www.laertes.es\/wp-content\/uploads\/2023\/05\/RUM077.jpg","width":802,"height":1200,"caption":"Budapest"},{"@type":"BreadcrumbList","@id":"https:\/\/www.laertes.es\/ca\/llibre\/budapest\/#breadcrumb","itemListElement":[{"@type":"ListItem","position":1,"name":"Portada","item":"https:\/\/www.laertes.es\/ca\/"},{"@type":"ListItem","position":2,"name":"Tienda","item":"https:\/\/www.laertes.es\/tienda\/"},{"@type":"ListItem","position":3,"name":"Budapest"}]},{"@type":"WebSite","@id":"https:\/\/www.laertes.es\/ca\/#website","url":"https:\/\/www.laertes.es\/ca\/","name":"Laertes Ediciones","description":"Editorial independiente desde 1975","alternateName":"Laertes","potentialAction":[{"@type":"SearchAction","target":{"@type":"EntryPoint","urlTemplate":"https:\/\/www.laertes.es\/ca\/?s={search_term_string}"},"query-input":{"@type":"PropertyValueSpecification","valueRequired":true,"valueName":"search_term_string"}}],"inLanguage":"ca"}]}},"_links":{"self":[{"href":"https:\/\/www.laertes.es\/ca\/wp-json\/wp\/v2\/product\/14086","targetHints":{"allow":["GET"]}}],"collection":[{"href":"https:\/\/www.laertes.es\/ca\/wp-json\/wp\/v2\/product"}],"about":[{"href":"https:\/\/www.laertes.es\/ca\/wp-json\/wp\/v2\/types\/product"}],"version-history":[{"count":2,"href":"https:\/\/www.laertes.es\/ca\/wp-json\/wp\/v2\/product\/14086\/revisions"}],"predecessor-version":[{"id":14326,"href":"https:\/\/www.laertes.es\/ca\/wp-json\/wp\/v2\/product\/14086\/revisions\/14326"}],"wp:featuredmedia":[{"embeddable":true,"href":"https:\/\/www.laertes.es\/ca\/wp-json\/wp\/v2\/media\/14323"}],"wp:attachment":[{"href":"https:\/\/www.laertes.es\/ca\/wp-json\/wp\/v2\/media?parent=14086"}],"wp:term":[{"taxonomy":"product_brand","embeddable":true,"href":"https:\/\/www.laertes.es\/ca\/wp-json\/wp\/v2\/product_brand?post=14086"},{"taxonomy":"product_cat","embeddable":true,"href":"https:\/\/www.laertes.es\/ca\/wp-json\/wp\/v2\/product_cat?post=14086"},{"taxonomy":"product_tag","embeddable":true,"href":"https:\/\/www.laertes.es\/ca\/wp-json\/wp\/v2\/product_tag?post=14086"},{"taxonomy":"autores","embeddable":true,"href":"https:\/\/www.laertes.es\/ca\/wp-json\/wp\/v2\/autores?post=14086"},{"taxonomy":"formatos","embeddable":true,"href":"https:\/\/www.laertes.es\/ca\/wp-json\/wp\/v2\/formatos?post=14086"},{"taxonomy":"materias","embeddable":true,"href":"https:\/\/www.laertes.es\/ca\/wp-json\/wp\/v2\/materias?post=14086"}],"curies":[{"name":"wp","href":"https:\/\/api.w.org\/{rel}","templated":true}]}}