{"id":14076,"date":"2023-05-20T16:23:20","date_gmt":"2023-05-20T16:23:20","guid":{"rendered":"https:\/libro\/islandia\/"},"modified":"2023-06-08T09:02:30","modified_gmt":"2023-06-08T09:02:30","slug":"islandia","status":"publish","type":"product","link":"https:\/\/www.laertes.es\/ca\/llibre\/islandia\/","title":{"rendered":"Islandia"},"content":{"rendered":"<p>Islandia A trav\u00e9s de este libro-gu\u00eda, les acompa\u00f1aremos en el descubrimiento del aut\u00e9ntico Finisterrae de Europa. Fuera de toda distancia y medida; de toda l\u00f3gica. Una tierra de ins\u00f3lita, tremenda y &#8220;temblorosa&#8221; belleza, situada en el m\u00e1s puro septentri\u00f3n europeo. M\u00e1s all\u00e1 de toda previsi\u00f3n y de la mayor\u00eda de los sue\u00f1os. M\u00e1s all\u00e1 de cualquier esperanza. Y all\u00ed donde a nadie se le habr\u00eda ocurrido vivir en ninguna \u00e9poca pasada, floreci\u00f3 una poderos\u00edsima cultura-isla que se ha preservado casi intacta hasta hace bien poco. Un microcosmos por encima de la \u00faltima tierra habitable de Europa. Islandia: una cultura que ha sobrevivido contra pron\u00f3stico. La vieja y so\u00f1ada Thule, el coraz\u00f3n helado del alma vikinga y tambi\u00e9n del imaginario colectivo europeo. Un sue\u00f1o hecho de sagas y miseria. Y que por fin vuelve a la vida con arcaico esplendor. A trav\u00e9s de este libro-gu\u00eda, les acompa\u00f1aremos en el descubrimiento del aut\u00e9ntico Finisterrae de Europa. Fuera de toda distancia y medida; de toda l\u00f3gica. Una tierra de ins\u00f3lita, tremenda y &#8220;temblorosa&#8221; belleza, situada en el m\u00e1s puro septentri\u00f3n europeo. M\u00e1s all\u00e1 de toda previsi\u00f3n y de la mayor\u00eda de los sue\u00f1os. M\u00e1s all\u00e1 de cualquier esperanza. Y all\u00ed donde a nadie se le habr\u00eda ocurrido vivir en ninguna \u00e9poca pasada, floreci\u00f3 una poderos\u00edsima cultura-isla que se ha preservado casi intacta hasta hace bien poco. Un microcosmos por encima de la \u00faltima tierra habitable de Europa. Islandia: una cultura que ha sobrevivido contra pron\u00f3stico. La vieja y so\u00f1ada Thule, el coraz\u00f3n helado del alma vikinga y tambi\u00e9n del imaginario colectivo europeo. Un sue\u00f1o hecho de sagas y miseria. Y que por fin vuelve a la vida con arcaico esplendor.<\/p>\n<p>Islandia A trav\u00e9s de este libro-gu\u00eda, les acompa\u00f1aremos en el descubrimiento del aut\u00e9ntico Finisterrae de Europa. Fuera de toda distancia y medida; de toda l\u00f3gica. Una tierra de ins\u00f3lita, tremenda y &#8220;temblorosa&#8221; belleza, situada en el m\u00e1s puro septentri\u00f3n europeo. M\u00e1s all\u00e1 de toda previsi\u00f3n y de la mayor\u00eda de los sue\u00f1os.<\/p>\n","protected":false},"excerpt":{"rendered":"<p>Islandia A trav\u00e9s de este libro-gu\u00eda, les acompa\u00f1aremos en el descubrimiento del aut\u00e9ntico Finisterrae de Europa. Fuera de toda distancia<\/p>\n","protected":false},"featured_media":14328,"template":"","meta":[],"product_brand":[],"product_cat":[344],"product_tag":[836,867,843],"autores":[1026,649],"formatos":[355],"materias":[370,383],"class_list":{"0":"post-14076","1":"product","2":"type-product","3":"status-publish","4":"has-post-thumbnail","6":"product_cat-rumbo-a-ca","7":"product_tag-guia-de-viajes-ca","8":"product_tag-turismo-ca","9":"product_tag-vacaciones-ca","10":"autores-martinez-ortiz-salvador-ca","11":"autores-romero-garcia-eladi-ca","12":"formatos-llibre","13":"materias-guias-de-viajes-ca","14":"materias-turismo-ca","16":"first","17":"instock","18":"taxable","19":"shipping-taxable","20":"purchasable","21":"product-type-simple"},"yoast_head":"<!-- This site is optimized with the Yoast SEO plugin v27.3 - https:\/\/yoast.com\/product\/yoast-seo-wordpress\/ -->\n<title>Islandia | Laertes ediciones<\/title>\n<meta name=\"description\" content=\"A trav\u00e9s de este libro-gu\u00eda, les acompa\u00f1aremos en el descubrimiento del aut\u00e9ntico Finisterrae de Europa. | Islandia | Laertes ediciones\" \/>\n<meta name=\"robots\" content=\"index, follow, max-snippet:-1, max-image-preview:large, max-video-preview:-1\" \/>\n<link rel=\"canonical\" href=\"https:\/\/www.laertes.es\/ca\/llibre\/islandia\/\" \/>\n<meta property=\"og:locale\" content=\"ca_ES\" \/>\n<meta property=\"og:type\" content=\"article\" \/>\n<meta property=\"og:title\" content=\"Islandia | Laertes ediciones\" \/>\n<meta property=\"og:description\" content=\"A trav\u00e9s de este libro-gu\u00eda, les acompa\u00f1aremos en el descubrimiento del aut\u00e9ntico Finisterrae de Europa. | Islandia | Laertes ediciones\" \/>\n<meta property=\"og:url\" content=\"https:\/\/www.laertes.es\/ca\/llibre\/islandia\/\" \/>\n<meta property=\"og:site_name\" content=\"Laertes ediciones\" \/>\n<meta property=\"article:modified_time\" content=\"2023-06-08T09:02:30+00:00\" \/>\n<meta property=\"og:image\" content=\"https:\/\/www.laertes.es\/wp-content\/uploads\/2023\/05\/RUM069.webp\" \/>\n\t<meta property=\"og:image:width\" content=\"802\" \/>\n\t<meta property=\"og:image:height\" content=\"1200\" \/>\n\t<meta property=\"og:image:type\" content=\"image\/webp\" \/>\n<script type=\"application\/ld+json\" class=\"yoast-schema-graph\">{\"@context\":\"https:\\\/\\\/schema.org\",\"@graph\":[{\"@type\":\"WebPage\",\"@id\":\"https:\\\/\\\/www.laertes.es\\\/ca\\\/llibre\\\/islandia\\\/\",\"url\":\"https:\\\/\\\/www.laertes.es\\\/ca\\\/llibre\\\/islandia\\\/\",\"name\":\"Islandia | Laertes ediciones\",\"isPartOf\":{\"@id\":\"https:\\\/\\\/www.laertes.es\\\/ca\\\/#website\"},\"primaryImageOfPage\":{\"@id\":\"https:\\\/\\\/www.laertes.es\\\/ca\\\/llibre\\\/islandia\\\/#primaryimage\"},\"image\":{\"@id\":\"https:\\\/\\\/www.laertes.es\\\/ca\\\/llibre\\\/islandia\\\/#primaryimage\"},\"thumbnailUrl\":\"https:\\\/\\\/www.laertes.es\\\/wp-content\\\/uploads\\\/2023\\\/05\\\/RUM069.webp\",\"datePublished\":\"2023-05-20T16:23:20+00:00\",\"dateModified\":\"2023-06-08T09:02:30+00:00\",\"description\":\"A trav\u00e9s de este libro-gu\u00eda, les acompa\u00f1aremos en el descubrimiento del aut\u00e9ntico Finisterrae de Europa. | Islandia | Laertes ediciones\",\"breadcrumb\":{\"@id\":\"https:\\\/\\\/www.laertes.es\\\/ca\\\/llibre\\\/islandia\\\/#breadcrumb\"},\"inLanguage\":\"ca\",\"potentialAction\":[{\"@type\":\"ReadAction\",\"target\":[\"https:\\\/\\\/www.laertes.es\\\/ca\\\/llibre\\\/islandia\\\/\"]}]},{\"@type\":\"ImageObject\",\"inLanguage\":\"ca\",\"@id\":\"https:\\\/\\\/www.laertes.es\\\/ca\\\/llibre\\\/islandia\\\/#primaryimage\",\"url\":\"https:\\\/\\\/www.laertes.es\\\/wp-content\\\/uploads\\\/2023\\\/05\\\/RUM069.webp\",\"contentUrl\":\"https:\\\/\\\/www.laertes.es\\\/wp-content\\\/uploads\\\/2023\\\/05\\\/RUM069.webp\",\"width\":802,\"height\":1200,\"caption\":\"Islandia\"},{\"@type\":\"BreadcrumbList\",\"@id\":\"https:\\\/\\\/www.laertes.es\\\/ca\\\/llibre\\\/islandia\\\/#breadcrumb\",\"itemListElement\":[{\"@type\":\"ListItem\",\"position\":1,\"name\":\"Portada\",\"item\":\"https:\\\/\\\/www.laertes.es\\\/ca\\\/\"},{\"@type\":\"ListItem\",\"position\":2,\"name\":\"Tienda\",\"item\":\"https:\\\/\\\/www.laertes.es\\\/tienda\\\/\"},{\"@type\":\"ListItem\",\"position\":3,\"name\":\"Islandia\"}]},{\"@type\":\"WebSite\",\"@id\":\"https:\\\/\\\/www.laertes.es\\\/ca\\\/#website\",\"url\":\"https:\\\/\\\/www.laertes.es\\\/ca\\\/\",\"name\":\"Laertes Ediciones\",\"description\":\"Editorial independiente desde 1975\",\"alternateName\":\"Laertes\",\"potentialAction\":[{\"@type\":\"SearchAction\",\"target\":{\"@type\":\"EntryPoint\",\"urlTemplate\":\"https:\\\/\\\/www.laertes.es\\\/ca\\\/?s={search_term_string}\"},\"query-input\":{\"@type\":\"PropertyValueSpecification\",\"valueRequired\":true,\"valueName\":\"search_term_string\"}}],\"inLanguage\":\"ca\"}]}<\/script>\n<!-- \/ Yoast SEO plugin. -->","yoast_head_json":{"title":"Islandia | Laertes ediciones","description":"A trav\u00e9s de este libro-gu\u00eda, les acompa\u00f1aremos en el descubrimiento del aut\u00e9ntico Finisterrae de Europa. | Islandia | Laertes ediciones","robots":{"index":"index","follow":"follow","max-snippet":"max-snippet:-1","max-image-preview":"max-image-preview:large","max-video-preview":"max-video-preview:-1"},"canonical":"https:\/\/www.laertes.es\/ca\/llibre\/islandia\/","og_locale":"ca_ES","og_type":"article","og_title":"Islandia | Laertes ediciones","og_description":"A trav\u00e9s de este libro-gu\u00eda, les acompa\u00f1aremos en el descubrimiento del aut\u00e9ntico Finisterrae de Europa. | Islandia | Laertes ediciones","og_url":"https:\/\/www.laertes.es\/ca\/llibre\/islandia\/","og_site_name":"Laertes ediciones","article_modified_time":"2023-06-08T09:02:30+00:00","og_image":[{"width":802,"height":1200,"url":"https:\/\/www.laertes.es\/wp-content\/uploads\/2023\/05\/RUM069.webp","type":"image\/webp"}],"schema":{"@context":"https:\/\/schema.org","@graph":[{"@type":"WebPage","@id":"https:\/\/www.laertes.es\/ca\/llibre\/islandia\/","url":"https:\/\/www.laertes.es\/ca\/llibre\/islandia\/","name":"Islandia | Laertes ediciones","isPartOf":{"@id":"https:\/\/www.laertes.es\/ca\/#website"},"primaryImageOfPage":{"@id":"https:\/\/www.laertes.es\/ca\/llibre\/islandia\/#primaryimage"},"image":{"@id":"https:\/\/www.laertes.es\/ca\/llibre\/islandia\/#primaryimage"},"thumbnailUrl":"https:\/\/www.laertes.es\/wp-content\/uploads\/2023\/05\/RUM069.webp","datePublished":"2023-05-20T16:23:20+00:00","dateModified":"2023-06-08T09:02:30+00:00","description":"A trav\u00e9s de este libro-gu\u00eda, les acompa\u00f1aremos en el descubrimiento del aut\u00e9ntico Finisterrae de Europa. | Islandia | Laertes ediciones","breadcrumb":{"@id":"https:\/\/www.laertes.es\/ca\/llibre\/islandia\/#breadcrumb"},"inLanguage":"ca","potentialAction":[{"@type":"ReadAction","target":["https:\/\/www.laertes.es\/ca\/llibre\/islandia\/"]}]},{"@type":"ImageObject","inLanguage":"ca","@id":"https:\/\/www.laertes.es\/ca\/llibre\/islandia\/#primaryimage","url":"https:\/\/www.laertes.es\/wp-content\/uploads\/2023\/05\/RUM069.webp","contentUrl":"https:\/\/www.laertes.es\/wp-content\/uploads\/2023\/05\/RUM069.webp","width":802,"height":1200,"caption":"Islandia"},{"@type":"BreadcrumbList","@id":"https:\/\/www.laertes.es\/ca\/llibre\/islandia\/#breadcrumb","itemListElement":[{"@type":"ListItem","position":1,"name":"Portada","item":"https:\/\/www.laertes.es\/ca\/"},{"@type":"ListItem","position":2,"name":"Tienda","item":"https:\/\/www.laertes.es\/tienda\/"},{"@type":"ListItem","position":3,"name":"Islandia"}]},{"@type":"WebSite","@id":"https:\/\/www.laertes.es\/ca\/#website","url":"https:\/\/www.laertes.es\/ca\/","name":"Laertes Ediciones","description":"Editorial independiente desde 1975","alternateName":"Laertes","potentialAction":[{"@type":"SearchAction","target":{"@type":"EntryPoint","urlTemplate":"https:\/\/www.laertes.es\/ca\/?s={search_term_string}"},"query-input":{"@type":"PropertyValueSpecification","valueRequired":true,"valueName":"search_term_string"}}],"inLanguage":"ca"}]}},"_links":{"self":[{"href":"https:\/\/www.laertes.es\/ca\/wp-json\/wp\/v2\/product\/14076","targetHints":{"allow":["GET"]}}],"collection":[{"href":"https:\/\/www.laertes.es\/ca\/wp-json\/wp\/v2\/product"}],"about":[{"href":"https:\/\/www.laertes.es\/ca\/wp-json\/wp\/v2\/types\/product"}],"version-history":[{"count":2,"href":"https:\/\/www.laertes.es\/ca\/wp-json\/wp\/v2\/product\/14076\/revisions"}],"predecessor-version":[{"id":14331,"href":"https:\/\/www.laertes.es\/ca\/wp-json\/wp\/v2\/product\/14076\/revisions\/14331"}],"wp:featuredmedia":[{"embeddable":true,"href":"https:\/\/www.laertes.es\/ca\/wp-json\/wp\/v2\/media\/14328"}],"wp:attachment":[{"href":"https:\/\/www.laertes.es\/ca\/wp-json\/wp\/v2\/media?parent=14076"}],"wp:term":[{"taxonomy":"product_brand","embeddable":true,"href":"https:\/\/www.laertes.es\/ca\/wp-json\/wp\/v2\/product_brand?post=14076"},{"taxonomy":"product_cat","embeddable":true,"href":"https:\/\/www.laertes.es\/ca\/wp-json\/wp\/v2\/product_cat?post=14076"},{"taxonomy":"product_tag","embeddable":true,"href":"https:\/\/www.laertes.es\/ca\/wp-json\/wp\/v2\/product_tag?post=14076"},{"taxonomy":"autores","embeddable":true,"href":"https:\/\/www.laertes.es\/ca\/wp-json\/wp\/v2\/autores?post=14076"},{"taxonomy":"formatos","embeddable":true,"href":"https:\/\/www.laertes.es\/ca\/wp-json\/wp\/v2\/formatos?post=14076"},{"taxonomy":"materias","embeddable":true,"href":"https:\/\/www.laertes.es\/ca\/wp-json\/wp\/v2\/materias?post=14076"}],"curies":[{"name":"wp","href":"https:\/\/api.w.org\/{rel}","templated":true}]}}