{"id":14061,"date":"2023-05-20T16:05:22","date_gmt":"2023-05-20T16:05:22","guid":{"rendered":"https:\/libro\/montenegro-y-dubrovnik\/"},"modified":"2023-06-08T09:53:24","modified_gmt":"2023-06-08T09:53:24","slug":"montenegro-y-dubrovnik","status":"publish","type":"product","link":"https:\/\/www.laertes.es\/ca\/llibre\/montenegro-y-dubrovnik\/","title":{"rendered":"Montenegro y Dubrovnik"},"content":{"rendered":"<h1>Montenegro y Dubrovnik<\/h1>\n<p>Montenegro y Dubrovnik\u00a0Si exceptuamos esa extra\u00f1a identidad llamada Kosovo, Montenegro es el pa\u00eds m\u00e1s joven de Europa, la m\u00e1s reciente y fina perla del Mediterr\u00e1neo. Su historia es la propia de otros pa\u00edses balc\u00e1nicos, que vivieron al socaire de la civilizaci\u00f3n romana y el imperio bizantino, al que sigui\u00f3 un breve periodo de independencia y, por fin, la dominaci\u00f3n otomana. Sin embargo, la peculiaridad montenegrina consisti\u00f3 en que dicha dominaci\u00f3n no fue total, sino que el pa\u00eds logr\u00f3 mantener su identidad y su autonom\u00eda gracias a continuas luchas que le permitieron crear incluso un reino decimon\u00f3nico.<\/p>\n<p>Durante el siglo XX sufri\u00f3 los avatares de la Yugoslavia mon\u00e1rquica y su continuaci\u00f3n socialista, con el corto aunque doloroso par\u00e9ntesis de la Segunda Guerra Mundial. Alcanzada la independencia en 2006, hoy d\u00eda se nos presenta como un gran atractivo tur\u00edstico propiciado por su tradicional cultura ortodoxa y cat\u00f3lica, unas costas t\u00edpicamente mediterr\u00e1neas y un interior monta\u00f1oso repleto de posibilidades. Las bellezas naturales son excepcionales, y entre ellas destacan sobremanera el fiordo de Kotor y el magn\u00edfico ca\u00f1\u00f3n del r\u00edo Tara. No en vano se proclama el primer pa\u00eds que incluye la defensa del medio ambiente en su Constituci\u00f3n.<\/p>\n<p>Si exceptuamos esa extra\u00f1a identidad llamada Kosovo, Montenegro es el pa\u00eds m\u00e1s joven de Europa, la m\u00e1s reciente y fina perla del Mediterr\u00e1neo. Su historia es la propia de otros pa\u00edses balc\u00e1nicos, que vivieron al socaire de la civilizaci\u00f3n romana y el imperio bizantino, al que sigui\u00f3 un breve periodo de independencia y, por fin, la dominaci\u00f3n otomana. Sin embargo, la peculiaridad montenegrina consisti\u00f3 en que dicha dominaci\u00f3n no fue total, sino que el pa\u00eds logr\u00f3 mantener su identidad y su autonom\u00eda gracias a continuas luchas que le permitieron crear incluso un reino decimon\u00f3nico. Durante el siglo XX sufri\u00f3 los avatares de la Yugoslavia mon\u00e1rquica y su continuaci\u00f3n socialista, con el corto aunque doloroso par\u00e9ntesis de la Segunda Guerra Mundial. Alcanzada la independencia en 2006, hoy d\u00eda se nos presenta como un gran atractivo tur\u00edstico propiciado por su tradicional cultura ortodoxa y cat\u00f3lica, unas costas t\u00edpicamente mediterr\u00e1neas y un interior monta\u00f1oso repleto de posibilidades. Las bellezas naturales son excepcionales, y entre ellas destacan sobremanera el fiordo de Kotor y el magn\u00edfico ca\u00f1\u00f3n del r\u00edo Tara. No en vano se proclama el primer pa\u00eds que incluye la defensa del medio ambiente en su Constituci\u00f3n.<\/p>\n","protected":false},"excerpt":{"rendered":"<p>Montenegro y Dubrovnik Montenegro y Dubrovnik\u00a0Si exceptuamos esa extra\u00f1a identidad llamada Kosovo, Montenegro es el pa\u00eds m\u00e1s joven de Europa,<\/p>\n","protected":false},"featured_media":14377,"template":"","meta":[],"product_brand":[],"product_cat":[344],"product_tag":[1317,818,836,1249,641,867,843],"autores":[649],"formatos":[355],"materias":[370,383],"class_list":{"0":"post-14061","1":"product","2":"type-product","3":"status-publish","4":"has-post-thumbnail","6":"product_cat-rumbo-a-ca","7":"product_tag-antigua-yugoslavia-ca","8":"product_tag-cronicas-de-viaje-ca","9":"product_tag-guia-de-viajes-ca","10":"product_tag-historia-contemporanea-ca","11":"product_tag-literatura-de-viajes-ca","12":"product_tag-turismo-ca","13":"product_tag-vacaciones-ca","14":"autores-romero-garcia-eladi-ca","15":"formatos-llibre","16":"materias-guias-de-viajes-ca","17":"materias-turismo-ca","19":"first","20":"instock","21":"taxable","22":"shipping-taxable","23":"purchasable","24":"product-type-simple"},"yoast_head":"<!-- This site is optimized with the Yoast SEO plugin v27.3 - https:\/\/yoast.com\/product\/yoast-seo-wordpress\/ -->\n<title>Montenegro y Dubrovnik | Laertes ediciones<\/title>\n<meta name=\"description\" content=\"Su historia es la propia de otros pa\u00edses balc\u00e1nicos, que vivieron al socaire de la civilizaci\u00f3n romana y el imperio bizantino. | Montenegro y Dubrovnik\" \/>\n<meta name=\"robots\" content=\"index, follow, max-snippet:-1, max-image-preview:large, max-video-preview:-1\" \/>\n<link rel=\"canonical\" href=\"https:\/\/www.laertes.es\/ca\/llibre\/montenegro-y-dubrovnik\/\" \/>\n<meta property=\"og:locale\" content=\"ca_ES\" \/>\n<meta property=\"og:type\" content=\"article\" \/>\n<meta property=\"og:title\" content=\"Montenegro y Dubrovnik | Laertes ediciones\" \/>\n<meta property=\"og:description\" content=\"Su historia es la propia de otros pa\u00edses balc\u00e1nicos, que vivieron al socaire de la civilizaci\u00f3n romana y el imperio bizantino. | Montenegro y Dubrovnik\" \/>\n<meta property=\"og:url\" content=\"https:\/\/www.laertes.es\/ca\/llibre\/montenegro-y-dubrovnik\/\" \/>\n<meta property=\"og:site_name\" content=\"Laertes ediciones\" \/>\n<meta property=\"article:modified_time\" content=\"2023-06-08T09:53:24+00:00\" \/>\n<meta property=\"og:image\" content=\"https:\/\/www.laertes.es\/wp-content\/uploads\/2023\/05\/RUM071.webp\" \/>\n\t<meta property=\"og:image:width\" content=\"802\" \/>\n\t<meta property=\"og:image:height\" content=\"1200\" \/>\n\t<meta property=\"og:image:type\" content=\"image\/webp\" \/>\n<script type=\"application\/ld+json\" class=\"yoast-schema-graph\">{\"@context\":\"https:\\\/\\\/schema.org\",\"@graph\":[{\"@type\":\"WebPage\",\"@id\":\"https:\\\/\\\/www.laertes.es\\\/ca\\\/llibre\\\/montenegro-y-dubrovnik\\\/\",\"url\":\"https:\\\/\\\/www.laertes.es\\\/ca\\\/llibre\\\/montenegro-y-dubrovnik\\\/\",\"name\":\"Montenegro y Dubrovnik | Laertes ediciones\",\"isPartOf\":{\"@id\":\"https:\\\/\\\/www.laertes.es\\\/ca\\\/#website\"},\"primaryImageOfPage\":{\"@id\":\"https:\\\/\\\/www.laertes.es\\\/ca\\\/llibre\\\/montenegro-y-dubrovnik\\\/#primaryimage\"},\"image\":{\"@id\":\"https:\\\/\\\/www.laertes.es\\\/ca\\\/llibre\\\/montenegro-y-dubrovnik\\\/#primaryimage\"},\"thumbnailUrl\":\"https:\\\/\\\/www.laertes.es\\\/wp-content\\\/uploads\\\/2023\\\/05\\\/RUM071.webp\",\"datePublished\":\"2023-05-20T16:05:22+00:00\",\"dateModified\":\"2023-06-08T09:53:24+00:00\",\"description\":\"Su historia es la propia de otros pa\u00edses balc\u00e1nicos, que vivieron al socaire de la civilizaci\u00f3n romana y el imperio bizantino. | Montenegro y Dubrovnik\",\"breadcrumb\":{\"@id\":\"https:\\\/\\\/www.laertes.es\\\/ca\\\/llibre\\\/montenegro-y-dubrovnik\\\/#breadcrumb\"},\"inLanguage\":\"ca\",\"potentialAction\":[{\"@type\":\"ReadAction\",\"target\":[\"https:\\\/\\\/www.laertes.es\\\/ca\\\/llibre\\\/montenegro-y-dubrovnik\\\/\"]}]},{\"@type\":\"ImageObject\",\"inLanguage\":\"ca\",\"@id\":\"https:\\\/\\\/www.laertes.es\\\/ca\\\/llibre\\\/montenegro-y-dubrovnik\\\/#primaryimage\",\"url\":\"https:\\\/\\\/www.laertes.es\\\/wp-content\\\/uploads\\\/2023\\\/05\\\/RUM071.webp\",\"contentUrl\":\"https:\\\/\\\/www.laertes.es\\\/wp-content\\\/uploads\\\/2023\\\/05\\\/RUM071.webp\",\"width\":802,\"height\":1200,\"caption\":\"Montenegro y Dubrovnik\"},{\"@type\":\"BreadcrumbList\",\"@id\":\"https:\\\/\\\/www.laertes.es\\\/ca\\\/llibre\\\/montenegro-y-dubrovnik\\\/#breadcrumb\",\"itemListElement\":[{\"@type\":\"ListItem\",\"position\":1,\"name\":\"Portada\",\"item\":\"https:\\\/\\\/www.laertes.es\\\/ca\\\/\"},{\"@type\":\"ListItem\",\"position\":2,\"name\":\"Tienda\",\"item\":\"https:\\\/\\\/www.laertes.es\\\/tienda\\\/\"},{\"@type\":\"ListItem\",\"position\":3,\"name\":\"Montenegro y Dubrovnik\"}]},{\"@type\":\"WebSite\",\"@id\":\"https:\\\/\\\/www.laertes.es\\\/ca\\\/#website\",\"url\":\"https:\\\/\\\/www.laertes.es\\\/ca\\\/\",\"name\":\"Laertes Ediciones\",\"description\":\"Editorial independiente desde 1975\",\"alternateName\":\"Laertes\",\"potentialAction\":[{\"@type\":\"SearchAction\",\"target\":{\"@type\":\"EntryPoint\",\"urlTemplate\":\"https:\\\/\\\/www.laertes.es\\\/ca\\\/?s={search_term_string}\"},\"query-input\":{\"@type\":\"PropertyValueSpecification\",\"valueRequired\":true,\"valueName\":\"search_term_string\"}}],\"inLanguage\":\"ca\"}]}<\/script>\n<!-- \/ Yoast SEO plugin. -->","yoast_head_json":{"title":"Montenegro y Dubrovnik | Laertes ediciones","description":"Su historia es la propia de otros pa\u00edses balc\u00e1nicos, que vivieron al socaire de la civilizaci\u00f3n romana y el imperio bizantino. | Montenegro y Dubrovnik","robots":{"index":"index","follow":"follow","max-snippet":"max-snippet:-1","max-image-preview":"max-image-preview:large","max-video-preview":"max-video-preview:-1"},"canonical":"https:\/\/www.laertes.es\/ca\/llibre\/montenegro-y-dubrovnik\/","og_locale":"ca_ES","og_type":"article","og_title":"Montenegro y Dubrovnik | Laertes ediciones","og_description":"Su historia es la propia de otros pa\u00edses balc\u00e1nicos, que vivieron al socaire de la civilizaci\u00f3n romana y el imperio bizantino. | Montenegro y Dubrovnik","og_url":"https:\/\/www.laertes.es\/ca\/llibre\/montenegro-y-dubrovnik\/","og_site_name":"Laertes ediciones","article_modified_time":"2023-06-08T09:53:24+00:00","og_image":[{"width":802,"height":1200,"url":"https:\/\/www.laertes.es\/wp-content\/uploads\/2023\/05\/RUM071.webp","type":"image\/webp"}],"schema":{"@context":"https:\/\/schema.org","@graph":[{"@type":"WebPage","@id":"https:\/\/www.laertes.es\/ca\/llibre\/montenegro-y-dubrovnik\/","url":"https:\/\/www.laertes.es\/ca\/llibre\/montenegro-y-dubrovnik\/","name":"Montenegro y Dubrovnik | Laertes ediciones","isPartOf":{"@id":"https:\/\/www.laertes.es\/ca\/#website"},"primaryImageOfPage":{"@id":"https:\/\/www.laertes.es\/ca\/llibre\/montenegro-y-dubrovnik\/#primaryimage"},"image":{"@id":"https:\/\/www.laertes.es\/ca\/llibre\/montenegro-y-dubrovnik\/#primaryimage"},"thumbnailUrl":"https:\/\/www.laertes.es\/wp-content\/uploads\/2023\/05\/RUM071.webp","datePublished":"2023-05-20T16:05:22+00:00","dateModified":"2023-06-08T09:53:24+00:00","description":"Su historia es la propia de otros pa\u00edses balc\u00e1nicos, que vivieron al socaire de la civilizaci\u00f3n romana y el imperio bizantino. | Montenegro y Dubrovnik","breadcrumb":{"@id":"https:\/\/www.laertes.es\/ca\/llibre\/montenegro-y-dubrovnik\/#breadcrumb"},"inLanguage":"ca","potentialAction":[{"@type":"ReadAction","target":["https:\/\/www.laertes.es\/ca\/llibre\/montenegro-y-dubrovnik\/"]}]},{"@type":"ImageObject","inLanguage":"ca","@id":"https:\/\/www.laertes.es\/ca\/llibre\/montenegro-y-dubrovnik\/#primaryimage","url":"https:\/\/www.laertes.es\/wp-content\/uploads\/2023\/05\/RUM071.webp","contentUrl":"https:\/\/www.laertes.es\/wp-content\/uploads\/2023\/05\/RUM071.webp","width":802,"height":1200,"caption":"Montenegro y Dubrovnik"},{"@type":"BreadcrumbList","@id":"https:\/\/www.laertes.es\/ca\/llibre\/montenegro-y-dubrovnik\/#breadcrumb","itemListElement":[{"@type":"ListItem","position":1,"name":"Portada","item":"https:\/\/www.laertes.es\/ca\/"},{"@type":"ListItem","position":2,"name":"Tienda","item":"https:\/\/www.laertes.es\/tienda\/"},{"@type":"ListItem","position":3,"name":"Montenegro y Dubrovnik"}]},{"@type":"WebSite","@id":"https:\/\/www.laertes.es\/ca\/#website","url":"https:\/\/www.laertes.es\/ca\/","name":"Laertes Ediciones","description":"Editorial independiente desde 1975","alternateName":"Laertes","potentialAction":[{"@type":"SearchAction","target":{"@type":"EntryPoint","urlTemplate":"https:\/\/www.laertes.es\/ca\/?s={search_term_string}"},"query-input":{"@type":"PropertyValueSpecification","valueRequired":true,"valueName":"search_term_string"}}],"inLanguage":"ca"}]}},"_links":{"self":[{"href":"https:\/\/www.laertes.es\/ca\/wp-json\/wp\/v2\/product\/14061","targetHints":{"allow":["GET"]}}],"collection":[{"href":"https:\/\/www.laertes.es\/ca\/wp-json\/wp\/v2\/product"}],"about":[{"href":"https:\/\/www.laertes.es\/ca\/wp-json\/wp\/v2\/types\/product"}],"version-history":[{"count":2,"href":"https:\/\/www.laertes.es\/ca\/wp-json\/wp\/v2\/product\/14061\/revisions"}],"predecessor-version":[{"id":14379,"href":"https:\/\/www.laertes.es\/ca\/wp-json\/wp\/v2\/product\/14061\/revisions\/14379"}],"wp:featuredmedia":[{"embeddable":true,"href":"https:\/\/www.laertes.es\/ca\/wp-json\/wp\/v2\/media\/14377"}],"wp:attachment":[{"href":"https:\/\/www.laertes.es\/ca\/wp-json\/wp\/v2\/media?parent=14061"}],"wp:term":[{"taxonomy":"product_brand","embeddable":true,"href":"https:\/\/www.laertes.es\/ca\/wp-json\/wp\/v2\/product_brand?post=14061"},{"taxonomy":"product_cat","embeddable":true,"href":"https:\/\/www.laertes.es\/ca\/wp-json\/wp\/v2\/product_cat?post=14061"},{"taxonomy":"product_tag","embeddable":true,"href":"https:\/\/www.laertes.es\/ca\/wp-json\/wp\/v2\/product_tag?post=14061"},{"taxonomy":"autores","embeddable":true,"href":"https:\/\/www.laertes.es\/ca\/wp-json\/wp\/v2\/autores?post=14061"},{"taxonomy":"formatos","embeddable":true,"href":"https:\/\/www.laertes.es\/ca\/wp-json\/wp\/v2\/formatos?post=14061"},{"taxonomy":"materias","embeddable":true,"href":"https:\/\/www.laertes.es\/ca\/wp-json\/wp\/v2\/materias?post=14061"}],"curies":[{"name":"wp","href":"https:\/\/api.w.org\/{rel}","templated":true}]}}