{"id":14047,"date":"2023-05-19T15:58:04","date_gmt":"2023-05-19T15:58:04","guid":{"rendered":"https:\/libro\/1914-el-asesinato-de-sarajevo\/"},"modified":"2023-06-08T10:11:10","modified_gmt":"2023-06-08T10:11:10","slug":"1914-el-asesinato-de-sarajevo","status":"publish","type":"product","link":"https:\/\/www.laertes.es\/ca\/llibre\/1914-el-asesinato-de-sarajevo\/","title":{"rendered":"1914. El asesinato de Sarajevo"},"content":{"rendered":"<h1>1914. El asesinato de Sarajevo<\/h1>\n<p>1914. El asesinato de Sarajevo El 28 de junio de 1914, siete nacionalistas bosnios aguardaban en Sarajevo, capital de Bosnia, al archiduque Francisco Fernando de Habsburgo con intenci\u00f3n de asesinarlo. La preparaci\u00f3n del atentado hab\u00eda sido orquestada desde Serbia, donde una organizaci\u00f3n militar secreta llamada la Mano Negra hac\u00eda lo posible por unir a su territorio a todas las minor\u00edas serbias de los Balcanes, incluidas las de Bosnia, ahora dependientes de los Habsburgo. El magnicidio tuvo \u00e9xito gracias a una casualidad que permiti\u00f3 al estudiante Gavrilo Princip, miembro del comando, disparar contra el archiduque y su esposa. Ambos fallecieron, iniciando as\u00ed un conflicto que acabar\u00eda convirti\u00e9ndose en una guerra de enormes dimensiones, la Primera Guerra Mundial.<br \/>\n<strong>\u00a0 \u00a0 \u00a0<\/strong> 1914. El asesinato de Sarajevo\u00a0 El presente relato narra de forma novelada c\u00f3mo se prepar\u00f3 el atentado desde Belgrado, c\u00f3mo se llev\u00f3 a cabo y c\u00f3mo fueron juzgados sus responsables, tratando el suceso al estilo de una novela de intriga en la que la diplomacia austroh\u00fangara y alemana mueven los hilos para que estalle una guerra que ya muchos, demasiados, anhelaban. 1914. El asesinato de Sarajevo<br \/>\nEl presente relato narra de forma novelada c\u00f3mo se prepar\u00f3 el atentado desde Belgrado, c\u00f3mo se llev\u00f3 a cabo y c\u00f3mo fueron juzgados sus responsables, tratando el suceso al estilo de una novela de intriga en la que la diplomacia austroh\u00fangara y alemana mueven los hilos para que estalle una guerra que ya muchos, demasiados, anhelaban.<\/p>\n<p>1914. El asesinato de Sarajevo\u00a0 El presente relato narra de forma novelada c\u00f3mo se prepar\u00f3 el atentado desde Belgrado, c\u00f3mo se llev\u00f3 a cabo y c\u00f3mo fueron juzgados sus responsables, tratando el suceso al estilo de una novela de intriga en la que la diplomacia austroh\u00fangara y alemana mueven los hilos para que estalle una guerra que ya muchos, demasiados, anhelaban.<\/p>\n","protected":false},"excerpt":{"rendered":"<p>1914. El asesinato de Sarajevo 1914. El asesinato de Sarajevo El 28 de junio de 1914, siete nacionalistas bosnios aguardaban<\/p>\n","protected":false},"featured_media":14386,"template":"","meta":[],"product_brand":[],"product_cat":[328],"product_tag":[1317,1318,817,1249,1319,1320],"autores":[649],"formatos":[355],"materias":[373,374],"class_list":{"0":"post-14047","1":"product","2":"type-product","3":"status-publish","4":"has-post-thumbnail","6":"product_cat-camelot-ca","7":"product_tag-antigua-yugoslavia-ca","8":"product_tag-bosnia-ca","9":"product_tag-conflictos-belicos-ca","10":"product_tag-historia-contemporanea-ca","11":"product_tag-primera-guerra-mundial-ca","12":"product_tag-sarajevo-ca","13":"autores-romero-garcia-eladi-ca","14":"formatos-llibre","15":"materias-historia-contemporanea-ca","16":"materias-literatura-ca","18":"first","19":"instock","20":"taxable","21":"shipping-taxable","22":"purchasable","23":"product-type-simple"},"yoast_head":"<!-- This site is optimized with the Yoast SEO plugin v27.3 - https:\/\/yoast.com\/product\/yoast-seo-wordpress\/ -->\n<title>1914. El asesinato de Sarajevo | Laertes ediciones<\/title>\n<meta name=\"description\" content=\"1914. El asesinato de Sarajevo | El presente relato narra de forma novelada c\u00f3mo se prepar\u00f3 el atentado desde Belgrado y c\u00f3mo se llev\u00f3 a cabo.\" \/>\n<meta name=\"robots\" content=\"index, follow, max-snippet:-1, max-image-preview:large, max-video-preview:-1\" \/>\n<link rel=\"canonical\" href=\"https:\/\/www.laertes.es\/ca\/llibre\/1914-el-asesinato-de-sarajevo\/\" \/>\n<meta property=\"og:locale\" content=\"ca_ES\" \/>\n<meta property=\"og:type\" content=\"article\" \/>\n<meta property=\"og:title\" content=\"1914. El asesinato de Sarajevo | Laertes ediciones\" \/>\n<meta property=\"og:description\" content=\"1914. El asesinato de Sarajevo | El presente relato narra de forma novelada c\u00f3mo se prepar\u00f3 el atentado desde Belgrado y c\u00f3mo se llev\u00f3 a cabo.\" \/>\n<meta property=\"og:url\" content=\"https:\/\/www.laertes.es\/ca\/llibre\/1914-el-asesinato-de-sarajevo\/\" \/>\n<meta property=\"og:site_name\" content=\"Laertes ediciones\" \/>\n<meta property=\"article:modified_time\" content=\"2023-06-08T10:11:10+00:00\" \/>\n<meta property=\"og:image\" content=\"https:\/\/www.laertes.es\/wp-content\/uploads\/2023\/05\/CAM021.webp\" \/>\n\t<meta property=\"og:image:width\" content=\"802\" \/>\n\t<meta property=\"og:image:height\" content=\"1200\" \/>\n\t<meta property=\"og:image:type\" content=\"image\/webp\" \/>\n<script type=\"application\/ld+json\" class=\"yoast-schema-graph\">{\"@context\":\"https:\\\/\\\/schema.org\",\"@graph\":[{\"@type\":\"WebPage\",\"@id\":\"https:\\\/\\\/www.laertes.es\\\/ca\\\/llibre\\\/1914-el-asesinato-de-sarajevo\\\/\",\"url\":\"https:\\\/\\\/www.laertes.es\\\/ca\\\/llibre\\\/1914-el-asesinato-de-sarajevo\\\/\",\"name\":\"1914. El asesinato de Sarajevo | Laertes ediciones\",\"isPartOf\":{\"@id\":\"https:\\\/\\\/www.laertes.es\\\/ca\\\/#website\"},\"primaryImageOfPage\":{\"@id\":\"https:\\\/\\\/www.laertes.es\\\/ca\\\/llibre\\\/1914-el-asesinato-de-sarajevo\\\/#primaryimage\"},\"image\":{\"@id\":\"https:\\\/\\\/www.laertes.es\\\/ca\\\/llibre\\\/1914-el-asesinato-de-sarajevo\\\/#primaryimage\"},\"thumbnailUrl\":\"https:\\\/\\\/www.laertes.es\\\/wp-content\\\/uploads\\\/2023\\\/05\\\/CAM021.webp\",\"datePublished\":\"2023-05-19T15:58:04+00:00\",\"dateModified\":\"2023-06-08T10:11:10+00:00\",\"description\":\"1914. El asesinato de Sarajevo | El presente relato narra de forma novelada c\u00f3mo se prepar\u00f3 el atentado desde Belgrado y c\u00f3mo se llev\u00f3 a cabo.\",\"breadcrumb\":{\"@id\":\"https:\\\/\\\/www.laertes.es\\\/ca\\\/llibre\\\/1914-el-asesinato-de-sarajevo\\\/#breadcrumb\"},\"inLanguage\":\"ca\",\"potentialAction\":[{\"@type\":\"ReadAction\",\"target\":[\"https:\\\/\\\/www.laertes.es\\\/ca\\\/llibre\\\/1914-el-asesinato-de-sarajevo\\\/\"]}]},{\"@type\":\"ImageObject\",\"inLanguage\":\"ca\",\"@id\":\"https:\\\/\\\/www.laertes.es\\\/ca\\\/llibre\\\/1914-el-asesinato-de-sarajevo\\\/#primaryimage\",\"url\":\"https:\\\/\\\/www.laertes.es\\\/wp-content\\\/uploads\\\/2023\\\/05\\\/CAM021.webp\",\"contentUrl\":\"https:\\\/\\\/www.laertes.es\\\/wp-content\\\/uploads\\\/2023\\\/05\\\/CAM021.webp\",\"width\":802,\"height\":1200,\"caption\":\"1914. El asesinato de Sarajevo\"},{\"@type\":\"BreadcrumbList\",\"@id\":\"https:\\\/\\\/www.laertes.es\\\/ca\\\/llibre\\\/1914-el-asesinato-de-sarajevo\\\/#breadcrumb\",\"itemListElement\":[{\"@type\":\"ListItem\",\"position\":1,\"name\":\"Portada\",\"item\":\"https:\\\/\\\/www.laertes.es\\\/ca\\\/\"},{\"@type\":\"ListItem\",\"position\":2,\"name\":\"Tienda\",\"item\":\"https:\\\/\\\/www.laertes.es\\\/tienda\\\/\"},{\"@type\":\"ListItem\",\"position\":3,\"name\":\"1914. El asesinato de Sarajevo\"}]},{\"@type\":\"WebSite\",\"@id\":\"https:\\\/\\\/www.laertes.es\\\/ca\\\/#website\",\"url\":\"https:\\\/\\\/www.laertes.es\\\/ca\\\/\",\"name\":\"Laertes Ediciones\",\"description\":\"Editorial independiente desde 1975\",\"alternateName\":\"Laertes\",\"potentialAction\":[{\"@type\":\"SearchAction\",\"target\":{\"@type\":\"EntryPoint\",\"urlTemplate\":\"https:\\\/\\\/www.laertes.es\\\/ca\\\/?s={search_term_string}\"},\"query-input\":{\"@type\":\"PropertyValueSpecification\",\"valueRequired\":true,\"valueName\":\"search_term_string\"}}],\"inLanguage\":\"ca\"}]}<\/script>\n<!-- \/ Yoast SEO plugin. -->","yoast_head_json":{"title":"1914. El asesinato de Sarajevo | Laertes ediciones","description":"1914. El asesinato de Sarajevo | El presente relato narra de forma novelada c\u00f3mo se prepar\u00f3 el atentado desde Belgrado y c\u00f3mo se llev\u00f3 a cabo.","robots":{"index":"index","follow":"follow","max-snippet":"max-snippet:-1","max-image-preview":"max-image-preview:large","max-video-preview":"max-video-preview:-1"},"canonical":"https:\/\/www.laertes.es\/ca\/llibre\/1914-el-asesinato-de-sarajevo\/","og_locale":"ca_ES","og_type":"article","og_title":"1914. El asesinato de Sarajevo | Laertes ediciones","og_description":"1914. El asesinato de Sarajevo | El presente relato narra de forma novelada c\u00f3mo se prepar\u00f3 el atentado desde Belgrado y c\u00f3mo se llev\u00f3 a cabo.","og_url":"https:\/\/www.laertes.es\/ca\/llibre\/1914-el-asesinato-de-sarajevo\/","og_site_name":"Laertes ediciones","article_modified_time":"2023-06-08T10:11:10+00:00","og_image":[{"width":802,"height":1200,"url":"https:\/\/www.laertes.es\/wp-content\/uploads\/2023\/05\/CAM021.webp","type":"image\/webp"}],"schema":{"@context":"https:\/\/schema.org","@graph":[{"@type":"WebPage","@id":"https:\/\/www.laertes.es\/ca\/llibre\/1914-el-asesinato-de-sarajevo\/","url":"https:\/\/www.laertes.es\/ca\/llibre\/1914-el-asesinato-de-sarajevo\/","name":"1914. El asesinato de Sarajevo | Laertes ediciones","isPartOf":{"@id":"https:\/\/www.laertes.es\/ca\/#website"},"primaryImageOfPage":{"@id":"https:\/\/www.laertes.es\/ca\/llibre\/1914-el-asesinato-de-sarajevo\/#primaryimage"},"image":{"@id":"https:\/\/www.laertes.es\/ca\/llibre\/1914-el-asesinato-de-sarajevo\/#primaryimage"},"thumbnailUrl":"https:\/\/www.laertes.es\/wp-content\/uploads\/2023\/05\/CAM021.webp","datePublished":"2023-05-19T15:58:04+00:00","dateModified":"2023-06-08T10:11:10+00:00","description":"1914. El asesinato de Sarajevo | El presente relato narra de forma novelada c\u00f3mo se prepar\u00f3 el atentado desde Belgrado y c\u00f3mo se llev\u00f3 a cabo.","breadcrumb":{"@id":"https:\/\/www.laertes.es\/ca\/llibre\/1914-el-asesinato-de-sarajevo\/#breadcrumb"},"inLanguage":"ca","potentialAction":[{"@type":"ReadAction","target":["https:\/\/www.laertes.es\/ca\/llibre\/1914-el-asesinato-de-sarajevo\/"]}]},{"@type":"ImageObject","inLanguage":"ca","@id":"https:\/\/www.laertes.es\/ca\/llibre\/1914-el-asesinato-de-sarajevo\/#primaryimage","url":"https:\/\/www.laertes.es\/wp-content\/uploads\/2023\/05\/CAM021.webp","contentUrl":"https:\/\/www.laertes.es\/wp-content\/uploads\/2023\/05\/CAM021.webp","width":802,"height":1200,"caption":"1914. El asesinato de Sarajevo"},{"@type":"BreadcrumbList","@id":"https:\/\/www.laertes.es\/ca\/llibre\/1914-el-asesinato-de-sarajevo\/#breadcrumb","itemListElement":[{"@type":"ListItem","position":1,"name":"Portada","item":"https:\/\/www.laertes.es\/ca\/"},{"@type":"ListItem","position":2,"name":"Tienda","item":"https:\/\/www.laertes.es\/tienda\/"},{"@type":"ListItem","position":3,"name":"1914. El asesinato de Sarajevo"}]},{"@type":"WebSite","@id":"https:\/\/www.laertes.es\/ca\/#website","url":"https:\/\/www.laertes.es\/ca\/","name":"Laertes Ediciones","description":"Editorial independiente desde 1975","alternateName":"Laertes","potentialAction":[{"@type":"SearchAction","target":{"@type":"EntryPoint","urlTemplate":"https:\/\/www.laertes.es\/ca\/?s={search_term_string}"},"query-input":{"@type":"PropertyValueSpecification","valueRequired":true,"valueName":"search_term_string"}}],"inLanguage":"ca"}]}},"_links":{"self":[{"href":"https:\/\/www.laertes.es\/ca\/wp-json\/wp\/v2\/product\/14047","targetHints":{"allow":["GET"]}}],"collection":[{"href":"https:\/\/www.laertes.es\/ca\/wp-json\/wp\/v2\/product"}],"about":[{"href":"https:\/\/www.laertes.es\/ca\/wp-json\/wp\/v2\/types\/product"}],"version-history":[{"count":1,"href":"https:\/\/www.laertes.es\/ca\/wp-json\/wp\/v2\/product\/14047\/revisions"}],"predecessor-version":[{"id":14389,"href":"https:\/\/www.laertes.es\/ca\/wp-json\/wp\/v2\/product\/14047\/revisions\/14389"}],"wp:featuredmedia":[{"embeddable":true,"href":"https:\/\/www.laertes.es\/ca\/wp-json\/wp\/v2\/media\/14386"}],"wp:attachment":[{"href":"https:\/\/www.laertes.es\/ca\/wp-json\/wp\/v2\/media?parent=14047"}],"wp:term":[{"taxonomy":"product_brand","embeddable":true,"href":"https:\/\/www.laertes.es\/ca\/wp-json\/wp\/v2\/product_brand?post=14047"},{"taxonomy":"product_cat","embeddable":true,"href":"https:\/\/www.laertes.es\/ca\/wp-json\/wp\/v2\/product_cat?post=14047"},{"taxonomy":"product_tag","embeddable":true,"href":"https:\/\/www.laertes.es\/ca\/wp-json\/wp\/v2\/product_tag?post=14047"},{"taxonomy":"autores","embeddable":true,"href":"https:\/\/www.laertes.es\/ca\/wp-json\/wp\/v2\/autores?post=14047"},{"taxonomy":"formatos","embeddable":true,"href":"https:\/\/www.laertes.es\/ca\/wp-json\/wp\/v2\/formatos?post=14047"},{"taxonomy":"materias","embeddable":true,"href":"https:\/\/www.laertes.es\/ca\/wp-json\/wp\/v2\/materias?post=14047"}],"curies":[{"name":"wp","href":"https:\/\/api.w.org\/{rel}","templated":true}]}}