{"id":14040,"date":"2023-05-19T15:36:50","date_gmt":"2023-05-19T15:36:50","guid":{"rendered":"https:\/libro\/por-que-latin\/"},"modified":"2023-06-08T10:43:28","modified_gmt":"2023-06-08T10:43:28","slug":"por-que-latin","status":"publish","type":"product","link":"https:\/\/www.laertes.es\/ca\/llibre\/por-que-latin\/","title":{"rendered":"\u00bfPor qu\u00e9 Lat\u00edn?"},"content":{"rendered":"<h1>\u00bfPor qu\u00e9 Lat\u00edn?<\/h1>\n<p>\u00bfPor qu\u00e9 Lat\u00edn? Lat\u00edn, \u00bfqu\u00e9 le aporta a uno el hecho de estudiarlo? Existen razones para adquirir conocimientos de esta lengua \u00abmuerta\u00bb, una lengua que tiene que ver con nuestras vidas m\u00e1s de lo que se piensa. El autor expone de forma concisa y comprensible las diez mejores razones de manera que incluso quien no haya tenido nunca nada que ver con el lat\u00edn, pueda reconocer qu\u00e9 es lo que hace de esta lengua una asignatura base del <em>Gymnasium<\/em> moderno europeo.<\/p>\n<p>\u00bfqu\u00e9 le aporta a uno el hecho de estudiarlo? Existen razones para adquirir conocimientos de esta lengua \u00abmuerta\u00bb, una lengua que tiene que ver con nuestras vidas m\u00e1s de lo que se piensa. El autor expone de forma concisa y comprensible las diez mejores razones de manera que incluso quien no haya tenido nunca nada que ver con el lat\u00edn, pueda reconocer qu\u00e9 es lo que hace de esta lengua una asignatura base del <em>Gymnasium<\/em> moderno europeo. Lat\u00edn, \u00bfqu\u00e9 le aporta a uno el hecho de estudiarlo? Existen razones para adquirir conocimientos de esta lengua \u00abmuerta\u00bb, una lengua que tiene que ver con nuestras vidas m\u00e1s de lo que se piensa. El autor expone de forma concisa y comprensible las diez mejores razones de manera que incluso quien no haya tenido nunca nada que ver con el lat\u00edn, pueda reconocer qu\u00e9 es lo que hace de esta lengua una asignatura base del <em>Gymnasium<\/em> moderno europeo.<\/p>\n<p>\u00bfqu\u00e9 le aporta a uno el hecho de estudiarlo? Existen razones para adquirir conocimientos de esta lengua \u00abmuerta\u00bb, una lengua que tiene que ver con nuestras vidas m\u00e1s de lo que se piensa. El autor expone de forma concisa y comprensible las diez mejores razones de manera que incluso quien no haya tenido nunca nada que ver con el lat\u00edn, pueda reconocer qu\u00e9 es lo que hace de esta lengua una asignatura base del <em>Gymnasium<\/em> moderno europeo.<\/p>\n","protected":false},"excerpt":{"rendered":"<p>\u00bfPor qu\u00e9 Lat\u00edn? \u00bfPor qu\u00e9 Lat\u00edn? Lat\u00edn, \u00bfqu\u00e9 le aporta a uno el hecho de estudiarlo? Existen razones para adquirir<\/p>\n","protected":false},"featured_media":14433,"template":"","meta":[],"product_brand":[],"product_cat":[330],"product_tag":[1307,656,1308,1309],"autores":[1312],"formatos":[355],"materias":[365],"class_list":{"0":"post-14040","1":"product","2":"type-product","3":"status-publish","4":"has-post-thumbnail","6":"product_cat-educacion-ca","7":"product_tag-didactica-ca","8":"product_tag-educacion-ca","9":"product_tag-latin-ca","10":"product_tag-lenguas-clasicas-ca","11":"autores-maier-friedrich-ca","12":"formatos-llibre","13":"materias-educacion-ca","15":"first","16":"instock","17":"taxable","18":"shipping-taxable","19":"purchasable","20":"product-type-simple"},"yoast_head":"<!-- This site is optimized with the Yoast SEO plugin v27.3 - https:\/\/yoast.com\/product\/yoast-seo-wordpress\/ -->\n<title>\u00bfPor qu\u00e9 Lat\u00edn? | Laertes ediciones<\/title>\n<meta name=\"description\" content=\"Lat\u00edn, \u00bfqu\u00e9 le aporta a uno el hecho de estudiarlo? Existen razones para adquirir conocimientos de esta lengua m\u00e1s de lo que se piensa. | \u00bfPor qu\u00e9 Lat\u00edn?\" \/>\n<meta name=\"robots\" content=\"index, follow, max-snippet:-1, max-image-preview:large, max-video-preview:-1\" \/>\n<link rel=\"canonical\" href=\"https:\/\/www.laertes.es\/ca\/llibre\/por-que-latin\/\" \/>\n<meta property=\"og:locale\" content=\"ca_ES\" \/>\n<meta property=\"og:type\" content=\"article\" \/>\n<meta property=\"og:title\" content=\"\u00bfPor qu\u00e9 Lat\u00edn? | Laertes ediciones\" \/>\n<meta property=\"og:description\" content=\"Lat\u00edn, \u00bfqu\u00e9 le aporta a uno el hecho de estudiarlo? Existen razones para adquirir conocimientos de esta lengua m\u00e1s de lo que se piensa. | \u00bfPor qu\u00e9 Lat\u00edn?\" \/>\n<meta property=\"og:url\" content=\"https:\/\/www.laertes.es\/ca\/llibre\/por-que-latin\/\" \/>\n<meta property=\"og:site_name\" content=\"Laertes ediciones\" \/>\n<meta property=\"article:modified_time\" content=\"2023-06-08T10:43:28+00:00\" \/>\n<meta property=\"og:image\" content=\"https:\/\/www.laertes.es\/wp-content\/uploads\/2023\/05\/EDU137.webp\" \/>\n\t<meta property=\"og:image:width\" content=\"802\" \/>\n\t<meta property=\"og:image:height\" content=\"1200\" \/>\n\t<meta property=\"og:image:type\" content=\"image\/webp\" \/>\n<script type=\"application\/ld+json\" class=\"yoast-schema-graph\">{\"@context\":\"https:\\\/\\\/schema.org\",\"@graph\":[{\"@type\":\"WebPage\",\"@id\":\"https:\\\/\\\/www.laertes.es\\\/ca\\\/llibre\\\/por-que-latin\\\/\",\"url\":\"https:\\\/\\\/www.laertes.es\\\/ca\\\/llibre\\\/por-que-latin\\\/\",\"name\":\"\u00bfPor qu\u00e9 Lat\u00edn? | Laertes ediciones\",\"isPartOf\":{\"@id\":\"https:\\\/\\\/www.laertes.es\\\/ca\\\/#website\"},\"primaryImageOfPage\":{\"@id\":\"https:\\\/\\\/www.laertes.es\\\/ca\\\/llibre\\\/por-que-latin\\\/#primaryimage\"},\"image\":{\"@id\":\"https:\\\/\\\/www.laertes.es\\\/ca\\\/llibre\\\/por-que-latin\\\/#primaryimage\"},\"thumbnailUrl\":\"https:\\\/\\\/www.laertes.es\\\/wp-content\\\/uploads\\\/2023\\\/05\\\/EDU137.webp\",\"datePublished\":\"2023-05-19T15:36:50+00:00\",\"dateModified\":\"2023-06-08T10:43:28+00:00\",\"description\":\"Lat\u00edn, \u00bfqu\u00e9 le aporta a uno el hecho de estudiarlo? Existen razones para adquirir conocimientos de esta lengua m\u00e1s de lo que se piensa. | \u00bfPor qu\u00e9 Lat\u00edn?\",\"breadcrumb\":{\"@id\":\"https:\\\/\\\/www.laertes.es\\\/ca\\\/llibre\\\/por-que-latin\\\/#breadcrumb\"},\"inLanguage\":\"ca\",\"potentialAction\":[{\"@type\":\"ReadAction\",\"target\":[\"https:\\\/\\\/www.laertes.es\\\/ca\\\/llibre\\\/por-que-latin\\\/\"]}]},{\"@type\":\"ImageObject\",\"inLanguage\":\"ca\",\"@id\":\"https:\\\/\\\/www.laertes.es\\\/ca\\\/llibre\\\/por-que-latin\\\/#primaryimage\",\"url\":\"https:\\\/\\\/www.laertes.es\\\/wp-content\\\/uploads\\\/2023\\\/05\\\/EDU137.webp\",\"contentUrl\":\"https:\\\/\\\/www.laertes.es\\\/wp-content\\\/uploads\\\/2023\\\/05\\\/EDU137.webp\",\"width\":802,\"height\":1200,\"caption\":\"\u00bfPor qu\u00e9 Lat\u00edn?\"},{\"@type\":\"BreadcrumbList\",\"@id\":\"https:\\\/\\\/www.laertes.es\\\/ca\\\/llibre\\\/por-que-latin\\\/#breadcrumb\",\"itemListElement\":[{\"@type\":\"ListItem\",\"position\":1,\"name\":\"Portada\",\"item\":\"https:\\\/\\\/www.laertes.es\\\/ca\\\/\"},{\"@type\":\"ListItem\",\"position\":2,\"name\":\"Tienda\",\"item\":\"https:\\\/\\\/www.laertes.es\\\/tienda\\\/\"},{\"@type\":\"ListItem\",\"position\":3,\"name\":\"\u00bfPor qu\u00e9 Lat\u00edn?\"}]},{\"@type\":\"WebSite\",\"@id\":\"https:\\\/\\\/www.laertes.es\\\/ca\\\/#website\",\"url\":\"https:\\\/\\\/www.laertes.es\\\/ca\\\/\",\"name\":\"Laertes Ediciones\",\"description\":\"Editorial independiente desde 1975\",\"alternateName\":\"Laertes\",\"potentialAction\":[{\"@type\":\"SearchAction\",\"target\":{\"@type\":\"EntryPoint\",\"urlTemplate\":\"https:\\\/\\\/www.laertes.es\\\/ca\\\/?s={search_term_string}\"},\"query-input\":{\"@type\":\"PropertyValueSpecification\",\"valueRequired\":true,\"valueName\":\"search_term_string\"}}],\"inLanguage\":\"ca\"}]}<\/script>\n<!-- \/ Yoast SEO plugin. -->","yoast_head_json":{"title":"\u00bfPor qu\u00e9 Lat\u00edn? | Laertes ediciones","description":"Lat\u00edn, \u00bfqu\u00e9 le aporta a uno el hecho de estudiarlo? Existen razones para adquirir conocimientos de esta lengua m\u00e1s de lo que se piensa. | \u00bfPor qu\u00e9 Lat\u00edn?","robots":{"index":"index","follow":"follow","max-snippet":"max-snippet:-1","max-image-preview":"max-image-preview:large","max-video-preview":"max-video-preview:-1"},"canonical":"https:\/\/www.laertes.es\/ca\/llibre\/por-que-latin\/","og_locale":"ca_ES","og_type":"article","og_title":"\u00bfPor qu\u00e9 Lat\u00edn? | Laertes ediciones","og_description":"Lat\u00edn, \u00bfqu\u00e9 le aporta a uno el hecho de estudiarlo? Existen razones para adquirir conocimientos de esta lengua m\u00e1s de lo que se piensa. | \u00bfPor qu\u00e9 Lat\u00edn?","og_url":"https:\/\/www.laertes.es\/ca\/llibre\/por-que-latin\/","og_site_name":"Laertes ediciones","article_modified_time":"2023-06-08T10:43:28+00:00","og_image":[{"width":802,"height":1200,"url":"https:\/\/www.laertes.es\/wp-content\/uploads\/2023\/05\/EDU137.webp","type":"image\/webp"}],"schema":{"@context":"https:\/\/schema.org","@graph":[{"@type":"WebPage","@id":"https:\/\/www.laertes.es\/ca\/llibre\/por-que-latin\/","url":"https:\/\/www.laertes.es\/ca\/llibre\/por-que-latin\/","name":"\u00bfPor qu\u00e9 Lat\u00edn? | Laertes ediciones","isPartOf":{"@id":"https:\/\/www.laertes.es\/ca\/#website"},"primaryImageOfPage":{"@id":"https:\/\/www.laertes.es\/ca\/llibre\/por-que-latin\/#primaryimage"},"image":{"@id":"https:\/\/www.laertes.es\/ca\/llibre\/por-que-latin\/#primaryimage"},"thumbnailUrl":"https:\/\/www.laertes.es\/wp-content\/uploads\/2023\/05\/EDU137.webp","datePublished":"2023-05-19T15:36:50+00:00","dateModified":"2023-06-08T10:43:28+00:00","description":"Lat\u00edn, \u00bfqu\u00e9 le aporta a uno el hecho de estudiarlo? Existen razones para adquirir conocimientos de esta lengua m\u00e1s de lo que se piensa. | \u00bfPor qu\u00e9 Lat\u00edn?","breadcrumb":{"@id":"https:\/\/www.laertes.es\/ca\/llibre\/por-que-latin\/#breadcrumb"},"inLanguage":"ca","potentialAction":[{"@type":"ReadAction","target":["https:\/\/www.laertes.es\/ca\/llibre\/por-que-latin\/"]}]},{"@type":"ImageObject","inLanguage":"ca","@id":"https:\/\/www.laertes.es\/ca\/llibre\/por-que-latin\/#primaryimage","url":"https:\/\/www.laertes.es\/wp-content\/uploads\/2023\/05\/EDU137.webp","contentUrl":"https:\/\/www.laertes.es\/wp-content\/uploads\/2023\/05\/EDU137.webp","width":802,"height":1200,"caption":"\u00bfPor qu\u00e9 Lat\u00edn?"},{"@type":"BreadcrumbList","@id":"https:\/\/www.laertes.es\/ca\/llibre\/por-que-latin\/#breadcrumb","itemListElement":[{"@type":"ListItem","position":1,"name":"Portada","item":"https:\/\/www.laertes.es\/ca\/"},{"@type":"ListItem","position":2,"name":"Tienda","item":"https:\/\/www.laertes.es\/tienda\/"},{"@type":"ListItem","position":3,"name":"\u00bfPor qu\u00e9 Lat\u00edn?"}]},{"@type":"WebSite","@id":"https:\/\/www.laertes.es\/ca\/#website","url":"https:\/\/www.laertes.es\/ca\/","name":"Laertes Ediciones","description":"Editorial independiente desde 1975","alternateName":"Laertes","potentialAction":[{"@type":"SearchAction","target":{"@type":"EntryPoint","urlTemplate":"https:\/\/www.laertes.es\/ca\/?s={search_term_string}"},"query-input":{"@type":"PropertyValueSpecification","valueRequired":true,"valueName":"search_term_string"}}],"inLanguage":"ca"}]}},"_links":{"self":[{"href":"https:\/\/www.laertes.es\/ca\/wp-json\/wp\/v2\/product\/14040","targetHints":{"allow":["GET"]}}],"collection":[{"href":"https:\/\/www.laertes.es\/ca\/wp-json\/wp\/v2\/product"}],"about":[{"href":"https:\/\/www.laertes.es\/ca\/wp-json\/wp\/v2\/types\/product"}],"version-history":[{"count":2,"href":"https:\/\/www.laertes.es\/ca\/wp-json\/wp\/v2\/product\/14040\/revisions"}],"predecessor-version":[{"id":14436,"href":"https:\/\/www.laertes.es\/ca\/wp-json\/wp\/v2\/product\/14040\/revisions\/14436"}],"wp:featuredmedia":[{"embeddable":true,"href":"https:\/\/www.laertes.es\/ca\/wp-json\/wp\/v2\/media\/14433"}],"wp:attachment":[{"href":"https:\/\/www.laertes.es\/ca\/wp-json\/wp\/v2\/media?parent=14040"}],"wp:term":[{"taxonomy":"product_brand","embeddable":true,"href":"https:\/\/www.laertes.es\/ca\/wp-json\/wp\/v2\/product_brand?post=14040"},{"taxonomy":"product_cat","embeddable":true,"href":"https:\/\/www.laertes.es\/ca\/wp-json\/wp\/v2\/product_cat?post=14040"},{"taxonomy":"product_tag","embeddable":true,"href":"https:\/\/www.laertes.es\/ca\/wp-json\/wp\/v2\/product_tag?post=14040"},{"taxonomy":"autores","embeddable":true,"href":"https:\/\/www.laertes.es\/ca\/wp-json\/wp\/v2\/autores?post=14040"},{"taxonomy":"formatos","embeddable":true,"href":"https:\/\/www.laertes.es\/ca\/wp-json\/wp\/v2\/formatos?post=14040"},{"taxonomy":"materias","embeddable":true,"href":"https:\/\/www.laertes.es\/ca\/wp-json\/wp\/v2\/materias?post=14040"}],"curies":[{"name":"wp","href":"https:\/\/api.w.org\/{rel}","templated":true}]}}