{"id":14011,"date":"2023-05-18T15:34:45","date_gmt":"2023-05-18T15:34:45","guid":{"rendered":"https:\/libro\/arte-espectaculos-y-propaganda-bajo-el-signo-libertario\/"},"modified":"2023-05-19T11:18:17","modified_gmt":"2023-05-19T11:18:17","slug":"arte-espectaculos-y-propaganda-bajo-el-signo-libertario","status":"publish","type":"product","link":"https:\/\/www.laertes.es\/ca\/llibre\/arte-espectaculos-y-propaganda-bajo-el-signo-libertario\/","title":{"rendered":"Arte, espect\u00e1culos y propaganda bajo el signo libertario"},"content":{"rendered":"<h1>Arte, espect\u00e1culos y propaganda bajo el signo libertario<\/h1>\n<p>Arte, espect\u00e1culos y propaganda bajo el signo libertario El 19 de julio de 1936 \u00abel pueblo en armas\u00bb para el golpe militar y, en muchas regiones y localidades del pa\u00eds, el movimiento anarquista proclama la revoluci\u00f3n. Esta afecta tambi\u00e9n a la industria del espect\u00e1culo, una actividad de la que viven 45.000 personas en la Espa\u00f1a republicana: autores, actores, m\u00fasicos, bailarines, escen\u00f3grafos, directores de pel\u00edculas, proyeccionistas de cine, acomodadores, taquilleros, porteros\u2026 La revoluci\u00f3n consiste en que los trabajadores tomen el control de las empresas para mejorar su nivel de vida, dignificar la profesi\u00f3n y renovar la programaci\u00f3n con espect\u00e1culos de valor art\u00edstico y cultural que reflejen los verdaderos retos del pa\u00eds. Por ejemplo, la situaci\u00f3n del campo, la prostituci\u00f3n, el poder desmesurado de la Iglesia, la explotaci\u00f3n del hombre por el hombre, el papel de las milicias de guerra. El objetivo es educar al pueblo y crear en los frentes de batalla y en la retaguardia un esp\u00edritu antifascista que ayude a ganar el conflicto civil. Sin embargo, la revoluci\u00f3n en los espect\u00e1culos termina fracasando incluso antes del fin de la contienda por m\u00faltiples dificultades: disensiones internas, mala direcci\u00f3n, profesionales poco cualificados, falta de suministros, destrozos de los bombardeos, acoso de los comunistas, infiltraci\u00f3n de \u00abfascistas\u00bb, obstruccionismo del capital extranjero&#8230; La mayor parte de los implicados en esta utop\u00eda terminar\u00e1n en las c\u00e1rceles franquistas, emprender\u00e1n el camino del exilio o tendr\u00e1n problemas para volver a ejercer su profesi\u00f3n. Sin embargo, la revoluci\u00f3n en los espect\u00e1culos termina fracasando incluso antes del fin de la contienda por m\u00faltiples dificultades: disensiones internas, mala direcci\u00f3n, profesionales poco cualificados, falta de suministros, destrozos de los bombardeos, acoso de los comunistas, infiltraci\u00f3n de \u00abfascistas\u00bb, obstruccionismo del capital extranjero&#8230; La mayor parte de los implicados en esta utop\u00eda terminar\u00e1n en las c\u00e1rceles franquistas, emprender\u00e1n el camino del exilio o tendr\u00e1n problemas para volver a ejercer su profesi\u00f3n.<\/p>\n","protected":false},"excerpt":{"rendered":"<p>Arte, espect\u00e1culos y propaganda bajo el signo libertario Arte, espect\u00e1culos y propaganda bajo el signo libertario El 19 de julio<\/p>\n","protected":false},"featured_media":14022,"template":"","meta":[],"product_brand":[],"product_cat":[333],"product_tag":[1298,1274,1299,776,1248,1300],"autores":[1288],"formatos":[355],"materias":[359,362,366,373],"class_list":{"0":"post-14011","1":"product","2":"type-product","3":"status-publish","4":"has-post-thumbnail","6":"product_cat-kaplan-ca","7":"product_tag-autogestion-cultural-ca","8":"product_tag-comunismo-ca","9":"product_tag-espectaculos-ca","10":"product_tag-franquismo-ca","11":"product_tag-guerra-civil-espanola-ca","12":"product_tag-segunda-republica-espanola-ca","13":"autores-diez-puertas-emeterio-ca","14":"formatos-llibre","15":"materias-arte-ca","16":"materias-cine-y-tv-ca","17":"materias-ensayo-ca","18":"materias-historia-contemporanea-ca","20":"first","21":"instock","22":"taxable","23":"shipping-taxable","24":"purchasable","25":"product-type-simple"},"yoast_head":"<!-- This site is optimized with the Yoast SEO plugin v27.3 - https:\/\/yoast.com\/product\/yoast-seo-wordpress\/ -->\n<title>Arte, espect\u00e1culos y propaganda bajo el signo libertario | Laertes ediciones<\/title>\n<meta name=\"description\" content=\"El julio de 1936 \u00abel pueblo en armas\u00bb para el golpe militar y, en muchas regiones y localidades del pa\u00eds, el movimiento anarquista proclama la revoluci\u00f3n.\" \/>\n<meta name=\"robots\" content=\"index, follow, max-snippet:-1, max-image-preview:large, max-video-preview:-1\" \/>\n<link rel=\"canonical\" href=\"https:\/\/www.laertes.es\/ca\/llibre\/arte-espectaculos-y-propaganda-bajo-el-signo-libertario\/\" \/>\n<meta property=\"og:locale\" content=\"ca_ES\" \/>\n<meta property=\"og:type\" content=\"article\" \/>\n<meta property=\"og:title\" content=\"Arte, espect\u00e1culos y propaganda bajo el signo libertario | Laertes ediciones\" \/>\n<meta property=\"og:description\" content=\"El julio de 1936 \u00abel pueblo en armas\u00bb para el golpe militar y, en muchas regiones y localidades del pa\u00eds, el movimiento anarquista proclama la revoluci\u00f3n.\" \/>\n<meta property=\"og:url\" content=\"https:\/\/www.laertes.es\/ca\/llibre\/arte-espectaculos-y-propaganda-bajo-el-signo-libertario\/\" \/>\n<meta property=\"og:site_name\" content=\"Laertes ediciones\" \/>\n<meta property=\"article:modified_time\" content=\"2023-05-19T11:18:17+00:00\" \/>\n<meta property=\"og:image\" content=\"https:\/\/www.laertes.es\/wp-content\/uploads\/2023\/05\/KAP058.webp\" \/>\n\t<meta property=\"og:image:width\" content=\"802\" \/>\n\t<meta property=\"og:image:height\" content=\"1200\" \/>\n\t<meta property=\"og:image:type\" content=\"image\/webp\" \/>\n<script type=\"application\/ld+json\" class=\"yoast-schema-graph\">{\"@context\":\"https:\\\/\\\/schema.org\",\"@graph\":[{\"@type\":\"WebPage\",\"@id\":\"https:\\\/\\\/www.laertes.es\\\/ca\\\/llibre\\\/arte-espectaculos-y-propaganda-bajo-el-signo-libertario\\\/\",\"url\":\"https:\\\/\\\/www.laertes.es\\\/ca\\\/llibre\\\/arte-espectaculos-y-propaganda-bajo-el-signo-libertario\\\/\",\"name\":\"Arte, espect\u00e1culos y propaganda bajo el signo libertario | Laertes ediciones\",\"isPartOf\":{\"@id\":\"https:\\\/\\\/www.laertes.es\\\/ca\\\/#website\"},\"primaryImageOfPage\":{\"@id\":\"https:\\\/\\\/www.laertes.es\\\/ca\\\/llibre\\\/arte-espectaculos-y-propaganda-bajo-el-signo-libertario\\\/#primaryimage\"},\"image\":{\"@id\":\"https:\\\/\\\/www.laertes.es\\\/ca\\\/llibre\\\/arte-espectaculos-y-propaganda-bajo-el-signo-libertario\\\/#primaryimage\"},\"thumbnailUrl\":\"https:\\\/\\\/www.laertes.es\\\/wp-content\\\/uploads\\\/2023\\\/05\\\/KAP058.webp\",\"datePublished\":\"2023-05-18T15:34:45+00:00\",\"dateModified\":\"2023-05-19T11:18:17+00:00\",\"description\":\"El julio de 1936 \u00abel pueblo en armas\u00bb para el golpe militar y, en muchas regiones y localidades del pa\u00eds, el movimiento anarquista proclama la revoluci\u00f3n.\",\"breadcrumb\":{\"@id\":\"https:\\\/\\\/www.laertes.es\\\/ca\\\/llibre\\\/arte-espectaculos-y-propaganda-bajo-el-signo-libertario\\\/#breadcrumb\"},\"inLanguage\":\"ca\",\"potentialAction\":[{\"@type\":\"ReadAction\",\"target\":[\"https:\\\/\\\/www.laertes.es\\\/ca\\\/llibre\\\/arte-espectaculos-y-propaganda-bajo-el-signo-libertario\\\/\"]}]},{\"@type\":\"ImageObject\",\"inLanguage\":\"ca\",\"@id\":\"https:\\\/\\\/www.laertes.es\\\/ca\\\/llibre\\\/arte-espectaculos-y-propaganda-bajo-el-signo-libertario\\\/#primaryimage\",\"url\":\"https:\\\/\\\/www.laertes.es\\\/wp-content\\\/uploads\\\/2023\\\/05\\\/KAP058.webp\",\"contentUrl\":\"https:\\\/\\\/www.laertes.es\\\/wp-content\\\/uploads\\\/2023\\\/05\\\/KAP058.webp\",\"width\":802,\"height\":1200,\"caption\":\"El 19 de julio de 1936 \u00abel pueblo en armas\u00bb para el golpe militar y, en muchas regiones y localidades del pa\u00eds, el movimiento anarquista proclama la revoluci\u00f3n.\"},{\"@type\":\"BreadcrumbList\",\"@id\":\"https:\\\/\\\/www.laertes.es\\\/ca\\\/llibre\\\/arte-espectaculos-y-propaganda-bajo-el-signo-libertario\\\/#breadcrumb\",\"itemListElement\":[{\"@type\":\"ListItem\",\"position\":1,\"name\":\"Portada\",\"item\":\"https:\\\/\\\/www.laertes.es\\\/ca\\\/\"},{\"@type\":\"ListItem\",\"position\":2,\"name\":\"Tienda\",\"item\":\"https:\\\/\\\/www.laertes.es\\\/tienda\\\/\"},{\"@type\":\"ListItem\",\"position\":3,\"name\":\"Arte, espect\u00e1culos y propaganda bajo el signo libertario\"}]},{\"@type\":\"WebSite\",\"@id\":\"https:\\\/\\\/www.laertes.es\\\/ca\\\/#website\",\"url\":\"https:\\\/\\\/www.laertes.es\\\/ca\\\/\",\"name\":\"Laertes Ediciones\",\"description\":\"Editorial independiente desde 1975\",\"alternateName\":\"Laertes\",\"potentialAction\":[{\"@type\":\"SearchAction\",\"target\":{\"@type\":\"EntryPoint\",\"urlTemplate\":\"https:\\\/\\\/www.laertes.es\\\/ca\\\/?s={search_term_string}\"},\"query-input\":{\"@type\":\"PropertyValueSpecification\",\"valueRequired\":true,\"valueName\":\"search_term_string\"}}],\"inLanguage\":\"ca\"}]}<\/script>\n<!-- \/ Yoast SEO plugin. -->","yoast_head_json":{"title":"Arte, espect\u00e1culos y propaganda bajo el signo libertario | Laertes ediciones","description":"El julio de 1936 \u00abel pueblo en armas\u00bb para el golpe militar y, en muchas regiones y localidades del pa\u00eds, el movimiento anarquista proclama la revoluci\u00f3n.","robots":{"index":"index","follow":"follow","max-snippet":"max-snippet:-1","max-image-preview":"max-image-preview:large","max-video-preview":"max-video-preview:-1"},"canonical":"https:\/\/www.laertes.es\/ca\/llibre\/arte-espectaculos-y-propaganda-bajo-el-signo-libertario\/","og_locale":"ca_ES","og_type":"article","og_title":"Arte, espect\u00e1culos y propaganda bajo el signo libertario | Laertes ediciones","og_description":"El julio de 1936 \u00abel pueblo en armas\u00bb para el golpe militar y, en muchas regiones y localidades del pa\u00eds, el movimiento anarquista proclama la revoluci\u00f3n.","og_url":"https:\/\/www.laertes.es\/ca\/llibre\/arte-espectaculos-y-propaganda-bajo-el-signo-libertario\/","og_site_name":"Laertes ediciones","article_modified_time":"2023-05-19T11:18:17+00:00","og_image":[{"width":802,"height":1200,"url":"https:\/\/www.laertes.es\/wp-content\/uploads\/2023\/05\/KAP058.webp","type":"image\/webp"}],"schema":{"@context":"https:\/\/schema.org","@graph":[{"@type":"WebPage","@id":"https:\/\/www.laertes.es\/ca\/llibre\/arte-espectaculos-y-propaganda-bajo-el-signo-libertario\/","url":"https:\/\/www.laertes.es\/ca\/llibre\/arte-espectaculos-y-propaganda-bajo-el-signo-libertario\/","name":"Arte, espect\u00e1culos y propaganda bajo el signo libertario | Laertes ediciones","isPartOf":{"@id":"https:\/\/www.laertes.es\/ca\/#website"},"primaryImageOfPage":{"@id":"https:\/\/www.laertes.es\/ca\/llibre\/arte-espectaculos-y-propaganda-bajo-el-signo-libertario\/#primaryimage"},"image":{"@id":"https:\/\/www.laertes.es\/ca\/llibre\/arte-espectaculos-y-propaganda-bajo-el-signo-libertario\/#primaryimage"},"thumbnailUrl":"https:\/\/www.laertes.es\/wp-content\/uploads\/2023\/05\/KAP058.webp","datePublished":"2023-05-18T15:34:45+00:00","dateModified":"2023-05-19T11:18:17+00:00","description":"El julio de 1936 \u00abel pueblo en armas\u00bb para el golpe militar y, en muchas regiones y localidades del pa\u00eds, el movimiento anarquista proclama la revoluci\u00f3n.","breadcrumb":{"@id":"https:\/\/www.laertes.es\/ca\/llibre\/arte-espectaculos-y-propaganda-bajo-el-signo-libertario\/#breadcrumb"},"inLanguage":"ca","potentialAction":[{"@type":"ReadAction","target":["https:\/\/www.laertes.es\/ca\/llibre\/arte-espectaculos-y-propaganda-bajo-el-signo-libertario\/"]}]},{"@type":"ImageObject","inLanguage":"ca","@id":"https:\/\/www.laertes.es\/ca\/llibre\/arte-espectaculos-y-propaganda-bajo-el-signo-libertario\/#primaryimage","url":"https:\/\/www.laertes.es\/wp-content\/uploads\/2023\/05\/KAP058.webp","contentUrl":"https:\/\/www.laertes.es\/wp-content\/uploads\/2023\/05\/KAP058.webp","width":802,"height":1200,"caption":"El 19 de julio de 1936 \u00abel pueblo en armas\u00bb para el golpe militar y, en muchas regiones y localidades del pa\u00eds, el movimiento anarquista proclama la revoluci\u00f3n."},{"@type":"BreadcrumbList","@id":"https:\/\/www.laertes.es\/ca\/llibre\/arte-espectaculos-y-propaganda-bajo-el-signo-libertario\/#breadcrumb","itemListElement":[{"@type":"ListItem","position":1,"name":"Portada","item":"https:\/\/www.laertes.es\/ca\/"},{"@type":"ListItem","position":2,"name":"Tienda","item":"https:\/\/www.laertes.es\/tienda\/"},{"@type":"ListItem","position":3,"name":"Arte, espect\u00e1culos y propaganda bajo el signo libertario"}]},{"@type":"WebSite","@id":"https:\/\/www.laertes.es\/ca\/#website","url":"https:\/\/www.laertes.es\/ca\/","name":"Laertes Ediciones","description":"Editorial independiente desde 1975","alternateName":"Laertes","potentialAction":[{"@type":"SearchAction","target":{"@type":"EntryPoint","urlTemplate":"https:\/\/www.laertes.es\/ca\/?s={search_term_string}"},"query-input":{"@type":"PropertyValueSpecification","valueRequired":true,"valueName":"search_term_string"}}],"inLanguage":"ca"}]}},"_links":{"self":[{"href":"https:\/\/www.laertes.es\/ca\/wp-json\/wp\/v2\/product\/14011","targetHints":{"allow":["GET"]}}],"collection":[{"href":"https:\/\/www.laertes.es\/ca\/wp-json\/wp\/v2\/product"}],"about":[{"href":"https:\/\/www.laertes.es\/ca\/wp-json\/wp\/v2\/types\/product"}],"version-history":[{"count":1,"href":"https:\/\/www.laertes.es\/ca\/wp-json\/wp\/v2\/product\/14011\/revisions"}],"predecessor-version":[{"id":14024,"href":"https:\/\/www.laertes.es\/ca\/wp-json\/wp\/v2\/product\/14011\/revisions\/14024"}],"wp:featuredmedia":[{"embeddable":true,"href":"https:\/\/www.laertes.es\/ca\/wp-json\/wp\/v2\/media\/14022"}],"wp:attachment":[{"href":"https:\/\/www.laertes.es\/ca\/wp-json\/wp\/v2\/media?parent=14011"}],"wp:term":[{"taxonomy":"product_brand","embeddable":true,"href":"https:\/\/www.laertes.es\/ca\/wp-json\/wp\/v2\/product_brand?post=14011"},{"taxonomy":"product_cat","embeddable":true,"href":"https:\/\/www.laertes.es\/ca\/wp-json\/wp\/v2\/product_cat?post=14011"},{"taxonomy":"product_tag","embeddable":true,"href":"https:\/\/www.laertes.es\/ca\/wp-json\/wp\/v2\/product_tag?post=14011"},{"taxonomy":"autores","embeddable":true,"href":"https:\/\/www.laertes.es\/ca\/wp-json\/wp\/v2\/autores?post=14011"},{"taxonomy":"formatos","embeddable":true,"href":"https:\/\/www.laertes.es\/ca\/wp-json\/wp\/v2\/formatos?post=14011"},{"taxonomy":"materias","embeddable":true,"href":"https:\/\/www.laertes.es\/ca\/wp-json\/wp\/v2\/materias?post=14011"}],"curies":[{"name":"wp","href":"https:\/\/api.w.org\/{rel}","templated":true}]}}