{"id":14006,"date":"2023-05-18T15:25:40","date_gmt":"2023-05-18T15:25:40","guid":{"rendered":"https:\/libro\/el-montaje-del-franquismo\/"},"modified":"2023-05-19T11:23:27","modified_gmt":"2023-05-19T11:23:27","slug":"el-montaje-del-franquismo","status":"publish","type":"product","link":"https:\/\/www.laertes.es\/ca\/llibre\/el-montaje-del-franquismo\/","title":{"rendered":"El montaje del franquismo"},"content":{"rendered":"<p>El montaje del franquismo<\/p>\n<p>El montaje del franquismo Este libro presenta al franquismo como el primer r\u00e9gimen que en Espa\u00f1a se sirve de una pol\u00edtica cinematogr\u00e1fica para gobernar y mantenerse en el poder. Dicha pol\u00edtica es una reacci\u00f3n contra la Rep\u00fablica y, al mismo tiempo, un producto de las aspiraciones y de las rivalidades que entre s\u00ed mantienen cuatro fuerzas que en 1936 se suman al alzamiento: la patronal de cine, los cat\u00f3licos, las fuerzas armadas y los falangistas. Cada una de estas fuerzas introduce una pr\u00e1ctica cinematogr\u00e1fica que ser\u00e1 caracter\u00edstica del sistema de producci\u00f3n de pel\u00edculas bajo el franquismo: protecci\u00f3n econ\u00f3mica para la producci\u00f3n nacional privada, f\u00e9rrea censura de las pel\u00edculas, represi\u00f3n de los profesionales disidentes y de rodaje de pel\u00edculas oficiales de propaganda. Esta pol\u00edtica se monta tomando como modelo la cinematograf\u00eda nazi y fascista y no concluye con la ca\u00edda de estos reg\u00edmenes, sino que se mantiene en los a\u00f1os siguientes \u2014con mayor o menor rigidez, depende de qu\u00e9 pr\u00e1ctica\u2014, gracias al pacto de cohabitaci\u00f3n que se establece con la industria de Hollywood. Este libro presenta al franquismo como el primer r\u00e9gimen que en Espa\u00f1a se sirve de una pol\u00edtica cinematogr\u00e1fica para gobernar y mantenerse en el poder. Dicha pol\u00edtica es una reacci\u00f3n contra la Rep\u00fablica y, al mismo tiempo, un producto de las aspiraciones y de las rivalidades que entre s\u00ed mantienen cuatro fuerzas que en 1936 se suman al alzamiento: la patronal de cine, los cat\u00f3licos, las fuerzas armadas y los falangistas. Cada una de estas fuerzas introduce una pr\u00e1ctica cinematogr\u00e1fica que ser\u00e1 caracter\u00edstica del sistema de producci\u00f3n de pel\u00edculas bajo el franquismo: protecci\u00f3n econ\u00f3mica para la producci\u00f3n nacional privada, f\u00e9rrea censura de las pel\u00edculas, represi\u00f3n de los profesionales disidentes y de rodaje de pel\u00edculas oficiales de propaganda. Esta pol\u00edtica se monta tomando como modelo ds ds.<\/p>\n","protected":false},"excerpt":{"rendered":"<p>El montaje del franquismo El montaje del franquismo Este libro presenta al franquismo como el primer r\u00e9gimen que en Espa\u00f1a<\/p>\n","protected":false},"featured_media":14026,"template":"","meta":[],"product_brand":[],"product_cat":[333],"product_tag":[1292,753,1293,759,657,1294,776,1249],"autores":[1288],"formatos":[355],"materias":[359,362,366,373],"class_list":{"0":"post-14006","1":"product","2":"type-product","3":"status-publish","4":"has-post-thumbnail","6":"product_cat-kaplan-ca","7":"product_tag-censura-cinematografica-ca","8":"product_tag-cine-ca","9":"product_tag-cine-espanol-ca","10":"product_tag-cine-estilos-y-generos-ca","11":"product_tag-ensayo-ca","12":"product_tag-falange-espanola-ca","13":"product_tag-franquismo-ca","14":"product_tag-historia-contemporanea-ca","15":"autores-diez-puertas-emeterio-ca","16":"formatos-llibre","17":"materias-arte-ca","18":"materias-cine-y-tv-ca","19":"materias-ensayo-ca","20":"materias-historia-contemporanea-ca","22":"first","23":"instock","24":"taxable","25":"shipping-taxable","26":"purchasable","27":"product-type-simple"},"yoast_head":"<!-- This site is optimized with the Yoast SEO plugin v27.3 - https:\/\/yoast.com\/product\/yoast-seo-wordpress\/ -->\n<title>El montaje del franquismo | Laertes ediciones<\/title>\n<meta name=\"description\" content=\"Se presenta al franquismo como el primer r\u00e9gimen que en Espa\u00f1a se sirve de una pol\u00edtica cinematogr\u00e1fica para gobernar y mantenerse en el poder. |\" \/>\n<meta name=\"robots\" content=\"index, follow, max-snippet:-1, max-image-preview:large, max-video-preview:-1\" \/>\n<link rel=\"canonical\" href=\"https:\/\/www.laertes.es\/ca\/llibre\/el-montaje-del-franquismo\/\" \/>\n<meta property=\"og:locale\" content=\"ca_ES\" \/>\n<meta property=\"og:type\" content=\"article\" \/>\n<meta property=\"og:title\" content=\"El montaje del franquismo | Laertes ediciones\" \/>\n<meta property=\"og:description\" content=\"Se presenta al franquismo como el primer r\u00e9gimen que en Espa\u00f1a se sirve de una pol\u00edtica cinematogr\u00e1fica para gobernar y mantenerse en el poder. |\" \/>\n<meta property=\"og:url\" content=\"https:\/\/www.laertes.es\/ca\/llibre\/el-montaje-del-franquismo\/\" \/>\n<meta property=\"og:site_name\" content=\"Laertes ediciones\" \/>\n<meta property=\"article:modified_time\" content=\"2023-05-19T11:23:27+00:00\" \/>\n<meta property=\"og:image\" content=\"https:\/\/www.laertes.es\/wp-content\/uploads\/2023\/05\/KAP019.webp\" \/>\n\t<meta property=\"og:image:width\" content=\"802\" \/>\n\t<meta property=\"og:image:height\" content=\"1200\" \/>\n\t<meta property=\"og:image:type\" content=\"image\/webp\" \/>\n<script type=\"application\/ld+json\" class=\"yoast-schema-graph\">{\"@context\":\"https:\\\/\\\/schema.org\",\"@graph\":[{\"@type\":\"WebPage\",\"@id\":\"https:\\\/\\\/www.laertes.es\\\/ca\\\/llibre\\\/el-montaje-del-franquismo\\\/\",\"url\":\"https:\\\/\\\/www.laertes.es\\\/ca\\\/llibre\\\/el-montaje-del-franquismo\\\/\",\"name\":\"El montaje del franquismo | Laertes ediciones\",\"isPartOf\":{\"@id\":\"https:\\\/\\\/www.laertes.es\\\/ca\\\/#website\"},\"primaryImageOfPage\":{\"@id\":\"https:\\\/\\\/www.laertes.es\\\/ca\\\/llibre\\\/el-montaje-del-franquismo\\\/#primaryimage\"},\"image\":{\"@id\":\"https:\\\/\\\/www.laertes.es\\\/ca\\\/llibre\\\/el-montaje-del-franquismo\\\/#primaryimage\"},\"thumbnailUrl\":\"https:\\\/\\\/www.laertes.es\\\/wp-content\\\/uploads\\\/2023\\\/05\\\/KAP019.webp\",\"datePublished\":\"2023-05-18T15:25:40+00:00\",\"dateModified\":\"2023-05-19T11:23:27+00:00\",\"description\":\"Se presenta al franquismo como el primer r\u00e9gimen que en Espa\u00f1a se sirve de una pol\u00edtica cinematogr\u00e1fica para gobernar y mantenerse en el poder. |\",\"breadcrumb\":{\"@id\":\"https:\\\/\\\/www.laertes.es\\\/ca\\\/llibre\\\/el-montaje-del-franquismo\\\/#breadcrumb\"},\"inLanguage\":\"ca\",\"potentialAction\":[{\"@type\":\"ReadAction\",\"target\":[\"https:\\\/\\\/www.laertes.es\\\/ca\\\/llibre\\\/el-montaje-del-franquismo\\\/\"]}]},{\"@type\":\"ImageObject\",\"inLanguage\":\"ca\",\"@id\":\"https:\\\/\\\/www.laertes.es\\\/ca\\\/llibre\\\/el-montaje-del-franquismo\\\/#primaryimage\",\"url\":\"https:\\\/\\\/www.laertes.es\\\/wp-content\\\/uploads\\\/2023\\\/05\\\/KAP019.webp\",\"contentUrl\":\"https:\\\/\\\/www.laertes.es\\\/wp-content\\\/uploads\\\/2023\\\/05\\\/KAP019.webp\",\"width\":802,\"height\":1200,\"caption\":\"El montaje del franquismo\"},{\"@type\":\"BreadcrumbList\",\"@id\":\"https:\\\/\\\/www.laertes.es\\\/ca\\\/llibre\\\/el-montaje-del-franquismo\\\/#breadcrumb\",\"itemListElement\":[{\"@type\":\"ListItem\",\"position\":1,\"name\":\"Portada\",\"item\":\"https:\\\/\\\/www.laertes.es\\\/ca\\\/\"},{\"@type\":\"ListItem\",\"position\":2,\"name\":\"Tienda\",\"item\":\"https:\\\/\\\/www.laertes.es\\\/tienda\\\/\"},{\"@type\":\"ListItem\",\"position\":3,\"name\":\"El montaje del franquismo\"}]},{\"@type\":\"WebSite\",\"@id\":\"https:\\\/\\\/www.laertes.es\\\/ca\\\/#website\",\"url\":\"https:\\\/\\\/www.laertes.es\\\/ca\\\/\",\"name\":\"Laertes Ediciones\",\"description\":\"Editorial independiente desde 1975\",\"alternateName\":\"Laertes\",\"potentialAction\":[{\"@type\":\"SearchAction\",\"target\":{\"@type\":\"EntryPoint\",\"urlTemplate\":\"https:\\\/\\\/www.laertes.es\\\/ca\\\/?s={search_term_string}\"},\"query-input\":{\"@type\":\"PropertyValueSpecification\",\"valueRequired\":true,\"valueName\":\"search_term_string\"}}],\"inLanguage\":\"ca\"}]}<\/script>\n<!-- \/ Yoast SEO plugin. -->","yoast_head_json":{"title":"El montaje del franquismo | Laertes ediciones","description":"Se presenta al franquismo como el primer r\u00e9gimen que en Espa\u00f1a se sirve de una pol\u00edtica cinematogr\u00e1fica para gobernar y mantenerse en el poder. |","robots":{"index":"index","follow":"follow","max-snippet":"max-snippet:-1","max-image-preview":"max-image-preview:large","max-video-preview":"max-video-preview:-1"},"canonical":"https:\/\/www.laertes.es\/ca\/llibre\/el-montaje-del-franquismo\/","og_locale":"ca_ES","og_type":"article","og_title":"El montaje del franquismo | Laertes ediciones","og_description":"Se presenta al franquismo como el primer r\u00e9gimen que en Espa\u00f1a se sirve de una pol\u00edtica cinematogr\u00e1fica para gobernar y mantenerse en el poder. |","og_url":"https:\/\/www.laertes.es\/ca\/llibre\/el-montaje-del-franquismo\/","og_site_name":"Laertes ediciones","article_modified_time":"2023-05-19T11:23:27+00:00","og_image":[{"width":802,"height":1200,"url":"https:\/\/www.laertes.es\/wp-content\/uploads\/2023\/05\/KAP019.webp","type":"image\/webp"}],"schema":{"@context":"https:\/\/schema.org","@graph":[{"@type":"WebPage","@id":"https:\/\/www.laertes.es\/ca\/llibre\/el-montaje-del-franquismo\/","url":"https:\/\/www.laertes.es\/ca\/llibre\/el-montaje-del-franquismo\/","name":"El montaje del franquismo | Laertes ediciones","isPartOf":{"@id":"https:\/\/www.laertes.es\/ca\/#website"},"primaryImageOfPage":{"@id":"https:\/\/www.laertes.es\/ca\/llibre\/el-montaje-del-franquismo\/#primaryimage"},"image":{"@id":"https:\/\/www.laertes.es\/ca\/llibre\/el-montaje-del-franquismo\/#primaryimage"},"thumbnailUrl":"https:\/\/www.laertes.es\/wp-content\/uploads\/2023\/05\/KAP019.webp","datePublished":"2023-05-18T15:25:40+00:00","dateModified":"2023-05-19T11:23:27+00:00","description":"Se presenta al franquismo como el primer r\u00e9gimen que en Espa\u00f1a se sirve de una pol\u00edtica cinematogr\u00e1fica para gobernar y mantenerse en el poder. |","breadcrumb":{"@id":"https:\/\/www.laertes.es\/ca\/llibre\/el-montaje-del-franquismo\/#breadcrumb"},"inLanguage":"ca","potentialAction":[{"@type":"ReadAction","target":["https:\/\/www.laertes.es\/ca\/llibre\/el-montaje-del-franquismo\/"]}]},{"@type":"ImageObject","inLanguage":"ca","@id":"https:\/\/www.laertes.es\/ca\/llibre\/el-montaje-del-franquismo\/#primaryimage","url":"https:\/\/www.laertes.es\/wp-content\/uploads\/2023\/05\/KAP019.webp","contentUrl":"https:\/\/www.laertes.es\/wp-content\/uploads\/2023\/05\/KAP019.webp","width":802,"height":1200,"caption":"El montaje del franquismo"},{"@type":"BreadcrumbList","@id":"https:\/\/www.laertes.es\/ca\/llibre\/el-montaje-del-franquismo\/#breadcrumb","itemListElement":[{"@type":"ListItem","position":1,"name":"Portada","item":"https:\/\/www.laertes.es\/ca\/"},{"@type":"ListItem","position":2,"name":"Tienda","item":"https:\/\/www.laertes.es\/tienda\/"},{"@type":"ListItem","position":3,"name":"El montaje del franquismo"}]},{"@type":"WebSite","@id":"https:\/\/www.laertes.es\/ca\/#website","url":"https:\/\/www.laertes.es\/ca\/","name":"Laertes Ediciones","description":"Editorial independiente desde 1975","alternateName":"Laertes","potentialAction":[{"@type":"SearchAction","target":{"@type":"EntryPoint","urlTemplate":"https:\/\/www.laertes.es\/ca\/?s={search_term_string}"},"query-input":{"@type":"PropertyValueSpecification","valueRequired":true,"valueName":"search_term_string"}}],"inLanguage":"ca"}]}},"_links":{"self":[{"href":"https:\/\/www.laertes.es\/ca\/wp-json\/wp\/v2\/product\/14006","targetHints":{"allow":["GET"]}}],"collection":[{"href":"https:\/\/www.laertes.es\/ca\/wp-json\/wp\/v2\/product"}],"about":[{"href":"https:\/\/www.laertes.es\/ca\/wp-json\/wp\/v2\/types\/product"}],"version-history":[{"count":1,"href":"https:\/\/www.laertes.es\/ca\/wp-json\/wp\/v2\/product\/14006\/revisions"}],"predecessor-version":[{"id":14029,"href":"https:\/\/www.laertes.es\/ca\/wp-json\/wp\/v2\/product\/14006\/revisions\/14029"}],"wp:featuredmedia":[{"embeddable":true,"href":"https:\/\/www.laertes.es\/ca\/wp-json\/wp\/v2\/media\/14026"}],"wp:attachment":[{"href":"https:\/\/www.laertes.es\/ca\/wp-json\/wp\/v2\/media?parent=14006"}],"wp:term":[{"taxonomy":"product_brand","embeddable":true,"href":"https:\/\/www.laertes.es\/ca\/wp-json\/wp\/v2\/product_brand?post=14006"},{"taxonomy":"product_cat","embeddable":true,"href":"https:\/\/www.laertes.es\/ca\/wp-json\/wp\/v2\/product_cat?post=14006"},{"taxonomy":"product_tag","embeddable":true,"href":"https:\/\/www.laertes.es\/ca\/wp-json\/wp\/v2\/product_tag?post=14006"},{"taxonomy":"autores","embeddable":true,"href":"https:\/\/www.laertes.es\/ca\/wp-json\/wp\/v2\/autores?post=14006"},{"taxonomy":"formatos","embeddable":true,"href":"https:\/\/www.laertes.es\/ca\/wp-json\/wp\/v2\/formatos?post=14006"},{"taxonomy":"materias","embeddable":true,"href":"https:\/\/www.laertes.es\/ca\/wp-json\/wp\/v2\/materias?post=14006"}],"curies":[{"name":"wp","href":"https:\/\/api.w.org\/{rel}","templated":true}]}}