{"id":13907,"date":"2023-05-16T06:43:21","date_gmt":"2023-05-16T06:43:21","guid":{"rendered":"https:\/libro\/el-chador-azul\/"},"modified":"2023-05-25T15:12:10","modified_gmt":"2023-05-25T15:12:10","slug":"el-chador-azul","status":"publish","type":"product","link":"https:\/\/www.laertes.es\/ca\/llibre\/el-chador-azul\/","title":{"rendered":"El chador azul"},"content":{"rendered":"<p><em>El chador azul<\/em> es la historia de dos mujeres viajeras, madre e hija, que sortean las dificultades que supone que una de ellas viaje en silla de ruedas, gracias a la fuerza de voluntad propia y a la hospitalidad ajena. D\u00eda tras d\u00eda, comprueban en primera persona los contrastes de un pa\u00eds vestido de negro, en el que el exceso de amabilidad comparte protagonismo con el fanatismo religioso. Las dudas, sue\u00f1os, rebeld\u00eda, hospitalidad, prohibiciones y riesgos de sus gentes se convierten en el hilo conductor de este relato que nos sumerge en el Ir\u00e1n cotidiano, el que forman las personas y sus conversaciones, lejos del Ir\u00e1n que sale en televisi\u00f3n.<\/p>\n<p><em>El chador azul<\/em> es la historia de dos mujeres viajeras, madre e hija, que sortean las dificultades que supone que una de ellas viaje en silla de ruedas, gracias a la fuerza de voluntad propia y a la hospitalidad ajena. D\u00eda tras d\u00eda, comprueban en primera persona los contrastes de un pa\u00eds vestido de negro, en el que el exceso de amabilidad comparte protagonismo con el fanatismo religioso. Las dudas, sue\u00f1os, rebeld\u00eda, hospitalidad, prohibiciones y riesgos de sus gentes se convierten en el hilo conductor de este relato que nos sumerge en el Ir\u00e1n cotidiano, el que forman las personas y sus conversaciones, lejos del Ir\u00e1n que sale en televisi\u00f3n.<\/p>\n<p><em>El chador azul<\/em> es la historia de dos mujeres viajeras, madre e hija, que sortean las dificultades que supone que una de ellas viaje en silla de ruedas, gracias a la fuerza de voluntad propia y a la hospitalidad ajena. D\u00eda tras d\u00eda, comprueban en primera persona los contrastes de un pa\u00eds vestido de negro, en el que el exceso de amabilidad comparte protagonismo con el fanatismo religioso. Las dudas, sue\u00f1os, rebeld\u00eda, hospitalidad, prohibiciones y riesgos de sus gentes se convierten en el hilo conductor de este relato que nos sumerge en el Ir\u00e1n cotidiano, el que forman las personas y sus conversaciones, lejos del Ir\u00e1n que sale en televisi\u00f3n.<\/p>\n","protected":false},"excerpt":{"rendered":"<p>El chador azul es la historia de dos mujeres viajeras, madre e hija, que sortean las dificultades que supone que<\/p>\n","protected":false},"featured_media":13909,"template":"","meta":[],"product_brand":[],"product_cat":[339],"product_tag":[1278,818,888,641,889,867,843],"autores":[1276],"formatos":[355],"materias":[375],"class_list":{"0":"post-13907","1":"product","2":"type-product","3":"status-publish","4":"has-post-thumbnail","6":"product_cat-nan-shan-ca","7":"product_tag-chador-ca","8":"product_tag-cronicas-de-viaje-ca","9":"product_tag-iran-ca","10":"product_tag-literatura-de-viajes-ca","11":"product_tag-teheran-ca","12":"product_tag-turismo-ca","13":"product_tag-vacaciones-ca","14":"autores-pitarch-beatriz-ca","15":"formatos-llibre","16":"materias-literatura-de-viajes-ca","18":"first","19":"instock","20":"taxable","21":"shipping-taxable","22":"purchasable","23":"product-type-simple"},"yoast_head":"<!-- This site is optimized with the Yoast SEO plugin v27.3 - https:\/\/yoast.com\/product\/yoast-seo-wordpress\/ -->\n<title>El chador azul | Laertes ediciones<\/title>\n<meta name=\"description\" content=\"El chador azul es la historia de dos mujeres viajeras, madre e hija, que sortean las dificultades que supone que una de ellas viaje en silla de ruedas.\" \/>\n<meta name=\"robots\" content=\"index, follow, max-snippet:-1, max-image-preview:large, max-video-preview:-1\" \/>\n<link rel=\"canonical\" href=\"https:\/\/www.laertes.es\/ca\/llibre\/el-chador-azul\/\" \/>\n<meta property=\"og:locale\" content=\"ca_ES\" \/>\n<meta property=\"og:type\" content=\"article\" \/>\n<meta property=\"og:title\" content=\"El chador azul | Laertes ediciones\" \/>\n<meta property=\"og:description\" content=\"El chador azul es la historia de dos mujeres viajeras, madre e hija, que sortean las dificultades que supone que una de ellas viaje en silla de ruedas.\" \/>\n<meta property=\"og:url\" content=\"https:\/\/www.laertes.es\/ca\/llibre\/el-chador-azul\/\" \/>\n<meta property=\"og:site_name\" content=\"Laertes ediciones\" \/>\n<meta property=\"article:modified_time\" content=\"2023-05-25T15:12:10+00:00\" \/>\n<meta property=\"og:image\" content=\"https:\/\/www.laertes.es\/wp-content\/uploads\/2023\/05\/NAN074.webp\" \/>\n\t<meta property=\"og:image:width\" content=\"802\" \/>\n\t<meta property=\"og:image:height\" content=\"1200\" \/>\n\t<meta property=\"og:image:type\" content=\"image\/webp\" \/>\n<script type=\"application\/ld+json\" class=\"yoast-schema-graph\">{\"@context\":\"https:\\\/\\\/schema.org\",\"@graph\":[{\"@type\":\"WebPage\",\"@id\":\"https:\\\/\\\/www.laertes.es\\\/ca\\\/llibre\\\/el-chador-azul\\\/\",\"url\":\"https:\\\/\\\/www.laertes.es\\\/ca\\\/llibre\\\/el-chador-azul\\\/\",\"name\":\"El chador azul | Laertes ediciones\",\"isPartOf\":{\"@id\":\"https:\\\/\\\/www.laertes.es\\\/ca\\\/#website\"},\"primaryImageOfPage\":{\"@id\":\"https:\\\/\\\/www.laertes.es\\\/ca\\\/llibre\\\/el-chador-azul\\\/#primaryimage\"},\"image\":{\"@id\":\"https:\\\/\\\/www.laertes.es\\\/ca\\\/llibre\\\/el-chador-azul\\\/#primaryimage\"},\"thumbnailUrl\":\"https:\\\/\\\/www.laertes.es\\\/wp-content\\\/uploads\\\/2023\\\/05\\\/NAN074.webp\",\"datePublished\":\"2023-05-16T06:43:21+00:00\",\"dateModified\":\"2023-05-25T15:12:10+00:00\",\"description\":\"El chador azul es la historia de dos mujeres viajeras, madre e hija, que sortean las dificultades que supone que una de ellas viaje en silla de ruedas.\",\"breadcrumb\":{\"@id\":\"https:\\\/\\\/www.laertes.es\\\/ca\\\/llibre\\\/el-chador-azul\\\/#breadcrumb\"},\"inLanguage\":\"ca\",\"potentialAction\":[{\"@type\":\"ReadAction\",\"target\":[\"https:\\\/\\\/www.laertes.es\\\/ca\\\/llibre\\\/el-chador-azul\\\/\"]}]},{\"@type\":\"ImageObject\",\"inLanguage\":\"ca\",\"@id\":\"https:\\\/\\\/www.laertes.es\\\/ca\\\/llibre\\\/el-chador-azul\\\/#primaryimage\",\"url\":\"https:\\\/\\\/www.laertes.es\\\/wp-content\\\/uploads\\\/2023\\\/05\\\/NAN074.webp\",\"contentUrl\":\"https:\\\/\\\/www.laertes.es\\\/wp-content\\\/uploads\\\/2023\\\/05\\\/NAN074.webp\",\"width\":802,\"height\":1200,\"caption\":\"El chador azul\"},{\"@type\":\"BreadcrumbList\",\"@id\":\"https:\\\/\\\/www.laertes.es\\\/ca\\\/llibre\\\/el-chador-azul\\\/#breadcrumb\",\"itemListElement\":[{\"@type\":\"ListItem\",\"position\":1,\"name\":\"Portada\",\"item\":\"https:\\\/\\\/www.laertes.es\\\/ca\\\/\"},{\"@type\":\"ListItem\",\"position\":2,\"name\":\"Tienda\",\"item\":\"https:\\\/\\\/www.laertes.es\\\/tienda\\\/\"},{\"@type\":\"ListItem\",\"position\":3,\"name\":\"El chador azul\"}]},{\"@type\":\"WebSite\",\"@id\":\"https:\\\/\\\/www.laertes.es\\\/ca\\\/#website\",\"url\":\"https:\\\/\\\/www.laertes.es\\\/ca\\\/\",\"name\":\"Laertes Ediciones\",\"description\":\"Editorial independiente desde 1975\",\"alternateName\":\"Laertes\",\"potentialAction\":[{\"@type\":\"SearchAction\",\"target\":{\"@type\":\"EntryPoint\",\"urlTemplate\":\"https:\\\/\\\/www.laertes.es\\\/ca\\\/?s={search_term_string}\"},\"query-input\":{\"@type\":\"PropertyValueSpecification\",\"valueRequired\":true,\"valueName\":\"search_term_string\"}}],\"inLanguage\":\"ca\"}]}<\/script>\n<!-- \/ Yoast SEO plugin. -->","yoast_head_json":{"title":"El chador azul | Laertes ediciones","description":"El chador azul es la historia de dos mujeres viajeras, madre e hija, que sortean las dificultades que supone que una de ellas viaje en silla de ruedas.","robots":{"index":"index","follow":"follow","max-snippet":"max-snippet:-1","max-image-preview":"max-image-preview:large","max-video-preview":"max-video-preview:-1"},"canonical":"https:\/\/www.laertes.es\/ca\/llibre\/el-chador-azul\/","og_locale":"ca_ES","og_type":"article","og_title":"El chador azul | Laertes ediciones","og_description":"El chador azul es la historia de dos mujeres viajeras, madre e hija, que sortean las dificultades que supone que una de ellas viaje en silla de ruedas.","og_url":"https:\/\/www.laertes.es\/ca\/llibre\/el-chador-azul\/","og_site_name":"Laertes ediciones","article_modified_time":"2023-05-25T15:12:10+00:00","og_image":[{"width":802,"height":1200,"url":"https:\/\/www.laertes.es\/wp-content\/uploads\/2023\/05\/NAN074.webp","type":"image\/webp"}],"schema":{"@context":"https:\/\/schema.org","@graph":[{"@type":"WebPage","@id":"https:\/\/www.laertes.es\/ca\/llibre\/el-chador-azul\/","url":"https:\/\/www.laertes.es\/ca\/llibre\/el-chador-azul\/","name":"El chador azul | Laertes ediciones","isPartOf":{"@id":"https:\/\/www.laertes.es\/ca\/#website"},"primaryImageOfPage":{"@id":"https:\/\/www.laertes.es\/ca\/llibre\/el-chador-azul\/#primaryimage"},"image":{"@id":"https:\/\/www.laertes.es\/ca\/llibre\/el-chador-azul\/#primaryimage"},"thumbnailUrl":"https:\/\/www.laertes.es\/wp-content\/uploads\/2023\/05\/NAN074.webp","datePublished":"2023-05-16T06:43:21+00:00","dateModified":"2023-05-25T15:12:10+00:00","description":"El chador azul es la historia de dos mujeres viajeras, madre e hija, que sortean las dificultades que supone que una de ellas viaje en silla de ruedas.","breadcrumb":{"@id":"https:\/\/www.laertes.es\/ca\/llibre\/el-chador-azul\/#breadcrumb"},"inLanguage":"ca","potentialAction":[{"@type":"ReadAction","target":["https:\/\/www.laertes.es\/ca\/llibre\/el-chador-azul\/"]}]},{"@type":"ImageObject","inLanguage":"ca","@id":"https:\/\/www.laertes.es\/ca\/llibre\/el-chador-azul\/#primaryimage","url":"https:\/\/www.laertes.es\/wp-content\/uploads\/2023\/05\/NAN074.webp","contentUrl":"https:\/\/www.laertes.es\/wp-content\/uploads\/2023\/05\/NAN074.webp","width":802,"height":1200,"caption":"El chador azul"},{"@type":"BreadcrumbList","@id":"https:\/\/www.laertes.es\/ca\/llibre\/el-chador-azul\/#breadcrumb","itemListElement":[{"@type":"ListItem","position":1,"name":"Portada","item":"https:\/\/www.laertes.es\/ca\/"},{"@type":"ListItem","position":2,"name":"Tienda","item":"https:\/\/www.laertes.es\/tienda\/"},{"@type":"ListItem","position":3,"name":"El chador azul"}]},{"@type":"WebSite","@id":"https:\/\/www.laertes.es\/ca\/#website","url":"https:\/\/www.laertes.es\/ca\/","name":"Laertes Ediciones","description":"Editorial independiente desde 1975","alternateName":"Laertes","potentialAction":[{"@type":"SearchAction","target":{"@type":"EntryPoint","urlTemplate":"https:\/\/www.laertes.es\/ca\/?s={search_term_string}"},"query-input":{"@type":"PropertyValueSpecification","valueRequired":true,"valueName":"search_term_string"}}],"inLanguage":"ca"}]}},"_links":{"self":[{"href":"https:\/\/www.laertes.es\/ca\/wp-json\/wp\/v2\/product\/13907","targetHints":{"allow":["GET"]}}],"collection":[{"href":"https:\/\/www.laertes.es\/ca\/wp-json\/wp\/v2\/product"}],"about":[{"href":"https:\/\/www.laertes.es\/ca\/wp-json\/wp\/v2\/types\/product"}],"version-history":[{"count":1,"href":"https:\/\/www.laertes.es\/ca\/wp-json\/wp\/v2\/product\/13907\/revisions"}],"predecessor-version":[{"id":13912,"href":"https:\/\/www.laertes.es\/ca\/wp-json\/wp\/v2\/product\/13907\/revisions\/13912"}],"wp:featuredmedia":[{"embeddable":true,"href":"https:\/\/www.laertes.es\/ca\/wp-json\/wp\/v2\/media\/13909"}],"wp:attachment":[{"href":"https:\/\/www.laertes.es\/ca\/wp-json\/wp\/v2\/media?parent=13907"}],"wp:term":[{"taxonomy":"product_brand","embeddable":true,"href":"https:\/\/www.laertes.es\/ca\/wp-json\/wp\/v2\/product_brand?post=13907"},{"taxonomy":"product_cat","embeddable":true,"href":"https:\/\/www.laertes.es\/ca\/wp-json\/wp\/v2\/product_cat?post=13907"},{"taxonomy":"product_tag","embeddable":true,"href":"https:\/\/www.laertes.es\/ca\/wp-json\/wp\/v2\/product_tag?post=13907"},{"taxonomy":"autores","embeddable":true,"href":"https:\/\/www.laertes.es\/ca\/wp-json\/wp\/v2\/autores?post=13907"},{"taxonomy":"formatos","embeddable":true,"href":"https:\/\/www.laertes.es\/ca\/wp-json\/wp\/v2\/formatos?post=13907"},{"taxonomy":"materias","embeddable":true,"href":"https:\/\/www.laertes.es\/ca\/wp-json\/wp\/v2\/materias?post=13907"}],"curies":[{"name":"wp","href":"https:\/\/api.w.org\/{rel}","templated":true}]}}