{"id":13902,"date":"2023-05-16T06:31:56","date_gmt":"2023-05-16T06:31:56","guid":{"rendered":"https:\/libro\/cerrado-24-horas\/"},"modified":"2023-05-22T15:24:05","modified_gmt":"2023-05-22T15:24:05","slug":"cerrado-24-horas","status":"publish","type":"product","link":"https:\/\/www.laertes.es\/ca\/llibre\/cerrado-24-horas\/","title":{"rendered":"Cerrado 24 horas"},"content":{"rendered":"<p>Cerrado 24 horas Corea del Norte es el pa\u00eds m\u00e1s singular del mundo, cerrado las veinticuatro horas del d\u00eda, los trescientos sesenta y cinco d\u00edas del a\u00f1o. El \u00fanico r\u00e9gimen estalinista de car\u00e1cter hereditario del planeta ha permanecido impasible a los cambios de la historia, poniendo a prueba la inevitable apertura que comporta la globalizaci\u00f3n y limitando al m\u00e1ximo la mirada curiosa del viajero. Y habitando esta parte del tablero geoestrat\u00e9gico, un pueblo orgulloso paralizado por la disciplina y el terror.<br \/>\n<strong>\u00a0 \u00a0 \u00a0 \u00a0<\/strong>Pero Beatriz Pitarch, como ya hizo en Ir\u00e1n, eleva su mirada por encima de los muros para tratar de descubrir en la medida de lo posible c\u00f3mo se vive y c\u00f3mo se piensa en un pa\u00eds dise\u00f1ado por la asfixiante propaganda oficial. Por eso estamos delante de un libro de viaje como los de antes, que se adentra en los lugares m\u00e1s misteriosos y herm\u00e9ticos para aportar luz ah\u00ed donde nunca antes ha habido.<\/p>\n<p>Cerrado 24 horas Corea del Norte es el pa\u00eds m\u00e1s singular del mundo, cerrado las veinticuatro horas del d\u00eda, los trescientos sesenta y cinco d\u00edas del a\u00f1o. El \u00fanico r\u00e9gimen estalinista de car\u00e1cter hereditario del planeta ha permanecido impasible a los cambios de la historia, poniendo a prueba la inevitable apertura que comporta la globalizaci\u00f3n y limitando al m\u00e1ximo la mirada curiosa del viajero. Y habitando esta parte del tablero geoestrat\u00e9gico, un pueblo orgulloso paralizado por la disciplina y el terror.<br \/>\n<strong>\u00a0 \u00a0 \u00a0 \u00a0<\/strong>Pero Beatriz Pitarch, como ya hizo en Ir\u00e1n, eleva su mirada por encima de los muros para tratar de descubrir en la medida de lo posible c\u00f3mo se vive y c\u00f3mo se piensa en un pa\u00eds dise\u00f1ado por la asfixiante propaganda oficial. Por eso estamos delante de un libro de viaje como los de antes, que se adentra en los lugares m\u00e1s misteriosos y herm\u00e9ticos para aportar luz ah\u00ed donde nunca antes ha habido.<\/p>\n","protected":false},"excerpt":{"rendered":"<p>Cerrado 24 horas Corea del Norte es el pa\u00eds m\u00e1s singular del mundo, cerrado las veinticuatro horas del d\u00eda, los<\/p>\n","protected":false},"featured_media":13914,"template":"","meta":[],"product_brand":[],"product_cat":[339],"product_tag":[1274,1275,818,641,867,843],"autores":[1276],"formatos":[355],"materias":[375],"class_list":{"0":"post-13902","1":"product","2":"type-product","3":"status-publish","4":"has-post-thumbnail","6":"product_cat-nan-shan-ca","7":"product_tag-comunismo-ca","8":"product_tag-corea-del-norte-ca","9":"product_tag-cronicas-de-viaje-ca","10":"product_tag-literatura-de-viajes-ca","11":"product_tag-turismo-ca","12":"product_tag-vacaciones-ca","13":"autores-pitarch-beatriz-ca","14":"formatos-llibre","15":"materias-literatura-de-viajes-ca","17":"first","18":"instock","19":"taxable","20":"shipping-taxable","21":"purchasable","22":"product-type-simple"},"yoast_head":"<!-- This site is optimized with the Yoast SEO plugin v27.5 - https:\/\/yoast.com\/product\/yoast-seo-wordpress\/ -->\n<title>Cerrado 24 horas | Laertes ediciones<\/title>\n<meta name=\"description\" content=\"Corea del Norte es el pa\u00eds m\u00e1s singular del mundo, cerrado las veinticuatro horas del d\u00eda, los trescientos sesenta y cinco d\u00edas del a\u00f1o. | Cerrado 24 horas\" \/>\n<meta name=\"robots\" content=\"index, follow, max-snippet:-1, max-image-preview:large, max-video-preview:-1\" \/>\n<link rel=\"canonical\" href=\"https:\/\/www.laertes.es\/ca\/llibre\/cerrado-24-horas\/\" \/>\n<meta property=\"og:locale\" content=\"ca_ES\" \/>\n<meta property=\"og:type\" content=\"article\" \/>\n<meta property=\"og:title\" content=\"Cerrado 24 horas | Laertes ediciones\" \/>\n<meta property=\"og:description\" content=\"Corea del Norte es el pa\u00eds m\u00e1s singular del mundo, cerrado las veinticuatro horas del d\u00eda, los trescientos sesenta y cinco d\u00edas del a\u00f1o. | Cerrado 24 horas\" \/>\n<meta property=\"og:url\" content=\"https:\/\/www.laertes.es\/ca\/llibre\/cerrado-24-horas\/\" \/>\n<meta property=\"og:site_name\" content=\"Laertes ediciones\" \/>\n<meta property=\"article:modified_time\" content=\"2023-05-22T15:24:05+00:00\" \/>\n<meta property=\"og:image\" content=\"https:\/\/www.laertes.es\/wp-content\/uploads\/2023\/05\/NAN078.webp\" \/>\n\t<meta property=\"og:image:width\" content=\"802\" \/>\n\t<meta property=\"og:image:height\" content=\"1200\" \/>\n\t<meta property=\"og:image:type\" content=\"image\/webp\" \/>\n<script type=\"application\/ld+json\" class=\"yoast-schema-graph\">{\"@context\":\"https:\\\/\\\/schema.org\",\"@graph\":[{\"@type\":\"WebPage\",\"@id\":\"https:\\\/\\\/www.laertes.es\\\/ca\\\/llibre\\\/cerrado-24-horas\\\/\",\"url\":\"https:\\\/\\\/www.laertes.es\\\/ca\\\/llibre\\\/cerrado-24-horas\\\/\",\"name\":\"Cerrado 24 horas | Laertes ediciones\",\"isPartOf\":{\"@id\":\"https:\\\/\\\/www.laertes.es\\\/ca\\\/#website\"},\"primaryImageOfPage\":{\"@id\":\"https:\\\/\\\/www.laertes.es\\\/ca\\\/llibre\\\/cerrado-24-horas\\\/#primaryimage\"},\"image\":{\"@id\":\"https:\\\/\\\/www.laertes.es\\\/ca\\\/llibre\\\/cerrado-24-horas\\\/#primaryimage\"},\"thumbnailUrl\":\"https:\\\/\\\/www.laertes.es\\\/wp-content\\\/uploads\\\/2023\\\/05\\\/NAN078.webp\",\"datePublished\":\"2023-05-16T06:31:56+00:00\",\"dateModified\":\"2023-05-22T15:24:05+00:00\",\"description\":\"Corea del Norte es el pa\u00eds m\u00e1s singular del mundo, cerrado las veinticuatro horas del d\u00eda, los trescientos sesenta y cinco d\u00edas del a\u00f1o. | Cerrado 24 horas\",\"breadcrumb\":{\"@id\":\"https:\\\/\\\/www.laertes.es\\\/ca\\\/llibre\\\/cerrado-24-horas\\\/#breadcrumb\"},\"inLanguage\":\"ca\",\"potentialAction\":[{\"@type\":\"ReadAction\",\"target\":[\"https:\\\/\\\/www.laertes.es\\\/ca\\\/llibre\\\/cerrado-24-horas\\\/\"]}]},{\"@type\":\"ImageObject\",\"inLanguage\":\"ca\",\"@id\":\"https:\\\/\\\/www.laertes.es\\\/ca\\\/llibre\\\/cerrado-24-horas\\\/#primaryimage\",\"url\":\"https:\\\/\\\/www.laertes.es\\\/wp-content\\\/uploads\\\/2023\\\/05\\\/NAN078.webp\",\"contentUrl\":\"https:\\\/\\\/www.laertes.es\\\/wp-content\\\/uploads\\\/2023\\\/05\\\/NAN078.webp\",\"width\":802,\"height\":1200,\"caption\":\"Cerrado 24 horas\"},{\"@type\":\"BreadcrumbList\",\"@id\":\"https:\\\/\\\/www.laertes.es\\\/ca\\\/llibre\\\/cerrado-24-horas\\\/#breadcrumb\",\"itemListElement\":[{\"@type\":\"ListItem\",\"position\":1,\"name\":\"Portada\",\"item\":\"https:\\\/\\\/www.laertes.es\\\/ca\\\/\"},{\"@type\":\"ListItem\",\"position\":2,\"name\":\"Tienda\",\"item\":\"https:\\\/\\\/www.laertes.es\\\/tienda\\\/\"},{\"@type\":\"ListItem\",\"position\":3,\"name\":\"Cerrado 24 horas\"}]},{\"@type\":\"WebSite\",\"@id\":\"https:\\\/\\\/www.laertes.es\\\/ca\\\/#website\",\"url\":\"https:\\\/\\\/www.laertes.es\\\/ca\\\/\",\"name\":\"Laertes Ediciones\",\"description\":\"Editorial independiente desde 1975\",\"alternateName\":\"Laertes\",\"potentialAction\":[{\"@type\":\"SearchAction\",\"target\":{\"@type\":\"EntryPoint\",\"urlTemplate\":\"https:\\\/\\\/www.laertes.es\\\/ca\\\/?s={search_term_string}\"},\"query-input\":{\"@type\":\"PropertyValueSpecification\",\"valueRequired\":true,\"valueName\":\"search_term_string\"}}],\"inLanguage\":\"ca\"}]}<\/script>\n<!-- \/ Yoast SEO plugin. -->","yoast_head_json":{"title":"Cerrado 24 horas | Laertes ediciones","description":"Corea del Norte es el pa\u00eds m\u00e1s singular del mundo, cerrado las veinticuatro horas del d\u00eda, los trescientos sesenta y cinco d\u00edas del a\u00f1o. | Cerrado 24 horas","robots":{"index":"index","follow":"follow","max-snippet":"max-snippet:-1","max-image-preview":"max-image-preview:large","max-video-preview":"max-video-preview:-1"},"canonical":"https:\/\/www.laertes.es\/ca\/llibre\/cerrado-24-horas\/","og_locale":"ca_ES","og_type":"article","og_title":"Cerrado 24 horas | Laertes ediciones","og_description":"Corea del Norte es el pa\u00eds m\u00e1s singular del mundo, cerrado las veinticuatro horas del d\u00eda, los trescientos sesenta y cinco d\u00edas del a\u00f1o. | Cerrado 24 horas","og_url":"https:\/\/www.laertes.es\/ca\/llibre\/cerrado-24-horas\/","og_site_name":"Laertes ediciones","article_modified_time":"2023-05-22T15:24:05+00:00","og_image":[{"width":802,"height":1200,"url":"https:\/\/www.laertes.es\/wp-content\/uploads\/2023\/05\/NAN078.webp","type":"image\/webp"}],"schema":{"@context":"https:\/\/schema.org","@graph":[{"@type":"WebPage","@id":"https:\/\/www.laertes.es\/ca\/llibre\/cerrado-24-horas\/","url":"https:\/\/www.laertes.es\/ca\/llibre\/cerrado-24-horas\/","name":"Cerrado 24 horas | Laertes ediciones","isPartOf":{"@id":"https:\/\/www.laertes.es\/ca\/#website"},"primaryImageOfPage":{"@id":"https:\/\/www.laertes.es\/ca\/llibre\/cerrado-24-horas\/#primaryimage"},"image":{"@id":"https:\/\/www.laertes.es\/ca\/llibre\/cerrado-24-horas\/#primaryimage"},"thumbnailUrl":"https:\/\/www.laertes.es\/wp-content\/uploads\/2023\/05\/NAN078.webp","datePublished":"2023-05-16T06:31:56+00:00","dateModified":"2023-05-22T15:24:05+00:00","description":"Corea del Norte es el pa\u00eds m\u00e1s singular del mundo, cerrado las veinticuatro horas del d\u00eda, los trescientos sesenta y cinco d\u00edas del a\u00f1o. | Cerrado 24 horas","breadcrumb":{"@id":"https:\/\/www.laertes.es\/ca\/llibre\/cerrado-24-horas\/#breadcrumb"},"inLanguage":"ca","potentialAction":[{"@type":"ReadAction","target":["https:\/\/www.laertes.es\/ca\/llibre\/cerrado-24-horas\/"]}]},{"@type":"ImageObject","inLanguage":"ca","@id":"https:\/\/www.laertes.es\/ca\/llibre\/cerrado-24-horas\/#primaryimage","url":"https:\/\/www.laertes.es\/wp-content\/uploads\/2023\/05\/NAN078.webp","contentUrl":"https:\/\/www.laertes.es\/wp-content\/uploads\/2023\/05\/NAN078.webp","width":802,"height":1200,"caption":"Cerrado 24 horas"},{"@type":"BreadcrumbList","@id":"https:\/\/www.laertes.es\/ca\/llibre\/cerrado-24-horas\/#breadcrumb","itemListElement":[{"@type":"ListItem","position":1,"name":"Portada","item":"https:\/\/www.laertes.es\/ca\/"},{"@type":"ListItem","position":2,"name":"Tienda","item":"https:\/\/www.laertes.es\/tienda\/"},{"@type":"ListItem","position":3,"name":"Cerrado 24 horas"}]},{"@type":"WebSite","@id":"https:\/\/www.laertes.es\/ca\/#website","url":"https:\/\/www.laertes.es\/ca\/","name":"Laertes Ediciones","description":"Editorial independiente desde 1975","alternateName":"Laertes","potentialAction":[{"@type":"SearchAction","target":{"@type":"EntryPoint","urlTemplate":"https:\/\/www.laertes.es\/ca\/?s={search_term_string}"},"query-input":{"@type":"PropertyValueSpecification","valueRequired":true,"valueName":"search_term_string"}}],"inLanguage":"ca"}]}},"_links":{"self":[{"href":"https:\/\/www.laertes.es\/ca\/wp-json\/wp\/v2\/product\/13902","targetHints":{"allow":["GET"]}}],"collection":[{"href":"https:\/\/www.laertes.es\/ca\/wp-json\/wp\/v2\/product"}],"about":[{"href":"https:\/\/www.laertes.es\/ca\/wp-json\/wp\/v2\/types\/product"}],"version-history":[{"count":1,"href":"https:\/\/www.laertes.es\/ca\/wp-json\/wp\/v2\/product\/13902\/revisions"}],"predecessor-version":[{"id":13917,"href":"https:\/\/www.laertes.es\/ca\/wp-json\/wp\/v2\/product\/13902\/revisions\/13917"}],"wp:featuredmedia":[{"embeddable":true,"href":"https:\/\/www.laertes.es\/ca\/wp-json\/wp\/v2\/media\/13914"}],"wp:attachment":[{"href":"https:\/\/www.laertes.es\/ca\/wp-json\/wp\/v2\/media?parent=13902"}],"wp:term":[{"taxonomy":"product_brand","embeddable":true,"href":"https:\/\/www.laertes.es\/ca\/wp-json\/wp\/v2\/product_brand?post=13902"},{"taxonomy":"product_cat","embeddable":true,"href":"https:\/\/www.laertes.es\/ca\/wp-json\/wp\/v2\/product_cat?post=13902"},{"taxonomy":"product_tag","embeddable":true,"href":"https:\/\/www.laertes.es\/ca\/wp-json\/wp\/v2\/product_tag?post=13902"},{"taxonomy":"autores","embeddable":true,"href":"https:\/\/www.laertes.es\/ca\/wp-json\/wp\/v2\/autores?post=13902"},{"taxonomy":"formatos","embeddable":true,"href":"https:\/\/www.laertes.es\/ca\/wp-json\/wp\/v2\/formatos?post=13902"},{"taxonomy":"materias","embeddable":true,"href":"https:\/\/www.laertes.es\/ca\/wp-json\/wp\/v2\/materias?post=13902"}],"curies":[{"name":"wp","href":"https:\/\/api.w.org\/{rel}","templated":true}]}}