{"id":13891,"date":"2023-05-15T14:47:17","date_gmt":"2023-05-15T14:47:17","guid":{"rendered":"https:\/libro\/quaderns-de-reeducacio-de-la-lecto-escriptura\/"},"modified":"2023-05-27T15:21:12","modified_gmt":"2023-05-27T15:21:12","slug":"quaderns-de-reeducacio-de-la-lecto-escriptura","status":"publish","type":"product","link":"https:\/\/www.laertes.es\/ca\/llibre\/quaderns-de-reeducacio-de-la-lecto-escriptura\/","title":{"rendered":"Quaderns de reeducaci\u00f3 de la lecto-escriptura"},"content":{"rendered":"<p>Quaderns de reeducaci\u00f3 de la lecto-escriptura Redactat per un equip de psic\u00f2legs i pedagogs coordinat pel reconegut doctor Josep Tom\u00e0s, cap de la Unitat de Psiquiatria Infanto-Juvenil de l&#8217;Hospital de la Vall d&#8217;Hebron, aquest quadern est\u00e0 destinat a pal\u00b7liar les mancances que han deixat els diferents aprenentatges escolars i extraescolars ordinaris.<br \/>\n<strong>\u00a0 \u00a0 \u00a0<\/strong>Els<em> Quaderns de Reeducaci\u00f3<\/em> s\u00f3n un programa en suport tradicional amb fitxes dirigit a usuaris d&#8217;edats diverses, fent especial esment a l&#8217;etapa escolar (amb finalitat reeducativa i per a promoure l&#8217;adquisici\u00f3 de capacitats neuropsicol\u00f2giques b\u00e0siques per a l&#8217;aprenentatge) i tamb\u00e9 per a la vellesa (especialment en els processos de dem\u00e8ncia i per a preservar les capacitats cognitives).<br \/>\n<strong>\u00a0 \u00a0 \u00a0<\/strong>Els objectius que es persegueixen s\u00f3n: Millorar la coordinaci\u00f3, control i precisi\u00f3 viso-motora; desenvolupar i millorar els processos espai-temporals; estabilitzar i potenciar els mecanismes b\u00e0sics per a l&#8217;aprenentatge; desenvolupar i millorar l&#8217;atenci\u00f3, la concentraci\u00f3, la mem\u00f2ria i el coneixement; desenvolupar i millorar la comprensi\u00f3 de llenguatges l\u00f2gics, ling\u00fc\u00edstics, gr\u00e0fics i simb\u00f2lics; rehabilitar els d\u00e8ficits cognitius, o trastorns del desenvolupament, que repercuteixen en el proc\u00e9s de l&#8217;aprenentatge: disl\u00e8xia, d\u00e8ficit d&#8217;atenci\u00f3 i disfuncions perceptives (agudesa visual, velocitat de percepci\u00f3, organitzaci\u00f3 temporal i ritmicitat); i promoure la preservaci\u00f3, conservaci\u00f3 i estimulaci\u00f3 del potencial neuropsicol\u00f2gic adquirit durant la vida en la vellesa i en processos dements.<\/p>\n<p><strong>\u00a0 \u00a0 \u00a0<\/strong>Els objectius que es persegueixen s\u00f3n: Millorar la coordinaci\u00f3, control i precisi\u00f3 viso-motora; desenvolupar i millorar els processos espai-temporals; estabilitzar i potenciar els mecanismes b\u00e0sics per a l&#8217;aprenentatge; desenvolupar i millorar l&#8217;atenci\u00f3, la concentraci\u00f3, la mem\u00f2ria i el coneixement; desenvolupar i millorar la comprensi\u00f3 de llenguatges l\u00f2gics, ling\u00fc\u00edstics, gr\u00e0fics i simb\u00f2lics; rehabilitar els d\u00e8ficits cognitius, o trastorns del desenvolupament, que repercuteixen en el proc\u00e9s de l&#8217;aprenentatge: disl\u00e8xia, d\u00e8ficit d&#8217;atenci\u00f3 i disfuncions perceptives (agudesa visual, velocitat de percepci\u00f3, organitzaci\u00f3 temporal i ritmicitat); i promoure la preservaci\u00f3, conservaci\u00f3 i estimulaci\u00f3 del potencial neuropsicol\u00f2gic adquirit durant la vida en la vellesa i en processos dements.<\/p>\n","protected":false},"excerpt":{"rendered":"<p>Quaderns de reeducaci\u00f3 de la lecto-escriptura Redactat per un equip de psic\u00f2legs i pedagogs coordinat pel reconegut doctor Josep Tom\u00e0s,<\/p>\n","protected":false},"featured_media":13939,"template":"","meta":[],"product_brand":[],"product_cat":[330],"product_tag":[737,1260,1261,1267,1268],"autores":[1263,1264],"formatos":[355],"materias":[365,379],"class_list":{"0":"post-13891","1":"product","2":"type-product","3":"status-publish","4":"has-post-thumbnail","6":"product_cat-educacion-ca","7":"product_tag-educacion-universitaria-ca","8":"product_tag-neuropatologia-ca","9":"product_tag-paidopsiquiatria-ca","10":"product_tag-psiquiatria-ca","11":"product_tag-reeducacion-ca","12":"autores-bassas-bolibar-nuria-ca","13":"autores-tomas-vilaltell-josep-ca","14":"formatos-llibre","15":"materias-educacion-ca","16":"materias-paidopsiquiatria-ca","18":"first","19":"instock","20":"taxable","21":"shipping-taxable","22":"purchasable","23":"product-type-simple"},"yoast_head":"<!-- This site is optimized with the Yoast SEO plugin v27.3 - https:\/\/yoast.com\/product\/yoast-seo-wordpress\/ -->\n<title>Quaderns de reeducaci\u00f3 de la lecto-escriptura | Laertes ediciones<\/title>\n<meta name=\"description\" content=\"Redactat per un equip de psic\u00f2legs i pedagogs coordinat pel doctor Josep Tom\u00e0s. | Quaderns de reeducaci\u00f3 de la lecto-escriptura\" \/>\n<meta name=\"robots\" content=\"index, follow, max-snippet:-1, max-image-preview:large, max-video-preview:-1\" \/>\n<link rel=\"canonical\" href=\"https:\/\/www.laertes.es\/ca\/llibre\/quaderns-de-reeducacio-de-la-lecto-escriptura\/\" \/>\n<meta property=\"og:locale\" content=\"ca_ES\" \/>\n<meta property=\"og:type\" content=\"article\" \/>\n<meta property=\"og:title\" content=\"Quaderns de reeducaci\u00f3 de la lecto-escriptura | Laertes ediciones\" \/>\n<meta property=\"og:description\" content=\"Redactat per un equip de psic\u00f2legs i pedagogs coordinat pel doctor Josep Tom\u00e0s. | Quaderns de reeducaci\u00f3 de la lecto-escriptura\" \/>\n<meta property=\"og:url\" content=\"https:\/\/www.laertes.es\/ca\/llibre\/quaderns-de-reeducacio-de-la-lecto-escriptura\/\" \/>\n<meta property=\"og:site_name\" content=\"Laertes ediciones\" \/>\n<meta property=\"article:modified_time\" content=\"2023-05-27T15:21:12+00:00\" \/>\n<meta property=\"og:image\" content=\"https:\/\/www.laertes.es\/wp-content\/uploads\/2023\/05\/quaderns_lecto.webp\" \/>\n\t<meta property=\"og:image:width\" content=\"802\" \/>\n\t<meta property=\"og:image:height\" content=\"1200\" \/>\n\t<meta property=\"og:image:type\" content=\"image\/webp\" \/>\n<script type=\"application\/ld+json\" class=\"yoast-schema-graph\">{\"@context\":\"https:\\\/\\\/schema.org\",\"@graph\":[{\"@type\":\"WebPage\",\"@id\":\"https:\\\/\\\/www.laertes.es\\\/ca\\\/llibre\\\/quaderns-de-reeducacio-de-la-lecto-escriptura\\\/\",\"url\":\"https:\\\/\\\/www.laertes.es\\\/ca\\\/llibre\\\/quaderns-de-reeducacio-de-la-lecto-escriptura\\\/\",\"name\":\"Quaderns de reeducaci\u00f3 de la lecto-escriptura | Laertes ediciones\",\"isPartOf\":{\"@id\":\"https:\\\/\\\/www.laertes.es\\\/ca\\\/#website\"},\"primaryImageOfPage\":{\"@id\":\"https:\\\/\\\/www.laertes.es\\\/ca\\\/llibre\\\/quaderns-de-reeducacio-de-la-lecto-escriptura\\\/#primaryimage\"},\"image\":{\"@id\":\"https:\\\/\\\/www.laertes.es\\\/ca\\\/llibre\\\/quaderns-de-reeducacio-de-la-lecto-escriptura\\\/#primaryimage\"},\"thumbnailUrl\":\"https:\\\/\\\/www.laertes.es\\\/wp-content\\\/uploads\\\/2023\\\/05\\\/quaderns_lecto.webp\",\"datePublished\":\"2023-05-15T14:47:17+00:00\",\"dateModified\":\"2023-05-27T15:21:12+00:00\",\"description\":\"Redactat per un equip de psic\u00f2legs i pedagogs coordinat pel doctor Josep Tom\u00e0s. | Quaderns de reeducaci\u00f3 de la lecto-escriptura\",\"breadcrumb\":{\"@id\":\"https:\\\/\\\/www.laertes.es\\\/ca\\\/llibre\\\/quaderns-de-reeducacio-de-la-lecto-escriptura\\\/#breadcrumb\"},\"inLanguage\":\"ca\",\"potentialAction\":[{\"@type\":\"ReadAction\",\"target\":[\"https:\\\/\\\/www.laertes.es\\\/ca\\\/llibre\\\/quaderns-de-reeducacio-de-la-lecto-escriptura\\\/\"]}]},{\"@type\":\"ImageObject\",\"inLanguage\":\"ca\",\"@id\":\"https:\\\/\\\/www.laertes.es\\\/ca\\\/llibre\\\/quaderns-de-reeducacio-de-la-lecto-escriptura\\\/#primaryimage\",\"url\":\"https:\\\/\\\/www.laertes.es\\\/wp-content\\\/uploads\\\/2023\\\/05\\\/quaderns_lecto.webp\",\"contentUrl\":\"https:\\\/\\\/www.laertes.es\\\/wp-content\\\/uploads\\\/2023\\\/05\\\/quaderns_lecto.webp\",\"width\":802,\"height\":1200,\"caption\":\"Quaderns de reeducaci\u00f3 de la lecto-escriptura\"},{\"@type\":\"BreadcrumbList\",\"@id\":\"https:\\\/\\\/www.laertes.es\\\/ca\\\/llibre\\\/quaderns-de-reeducacio-de-la-lecto-escriptura\\\/#breadcrumb\",\"itemListElement\":[{\"@type\":\"ListItem\",\"position\":1,\"name\":\"Portada\",\"item\":\"https:\\\/\\\/www.laertes.es\\\/ca\\\/\"},{\"@type\":\"ListItem\",\"position\":2,\"name\":\"Tienda\",\"item\":\"https:\\\/\\\/www.laertes.es\\\/tienda\\\/\"},{\"@type\":\"ListItem\",\"position\":3,\"name\":\"Quaderns de reeducaci\u00f3 de la lecto-escriptura\"}]},{\"@type\":\"WebSite\",\"@id\":\"https:\\\/\\\/www.laertes.es\\\/ca\\\/#website\",\"url\":\"https:\\\/\\\/www.laertes.es\\\/ca\\\/\",\"name\":\"Laertes Ediciones\",\"description\":\"Editorial independiente desde 1975\",\"alternateName\":\"Laertes\",\"potentialAction\":[{\"@type\":\"SearchAction\",\"target\":{\"@type\":\"EntryPoint\",\"urlTemplate\":\"https:\\\/\\\/www.laertes.es\\\/ca\\\/?s={search_term_string}\"},\"query-input\":{\"@type\":\"PropertyValueSpecification\",\"valueRequired\":true,\"valueName\":\"search_term_string\"}}],\"inLanguage\":\"ca\"}]}<\/script>\n<!-- \/ Yoast SEO plugin. -->","yoast_head_json":{"title":"Quaderns de reeducaci\u00f3 de la lecto-escriptura | Laertes ediciones","description":"Redactat per un equip de psic\u00f2legs i pedagogs coordinat pel doctor Josep Tom\u00e0s. | Quaderns de reeducaci\u00f3 de la lecto-escriptura","robots":{"index":"index","follow":"follow","max-snippet":"max-snippet:-1","max-image-preview":"max-image-preview:large","max-video-preview":"max-video-preview:-1"},"canonical":"https:\/\/www.laertes.es\/ca\/llibre\/quaderns-de-reeducacio-de-la-lecto-escriptura\/","og_locale":"ca_ES","og_type":"article","og_title":"Quaderns de reeducaci\u00f3 de la lecto-escriptura | Laertes ediciones","og_description":"Redactat per un equip de psic\u00f2legs i pedagogs coordinat pel doctor Josep Tom\u00e0s. | Quaderns de reeducaci\u00f3 de la lecto-escriptura","og_url":"https:\/\/www.laertes.es\/ca\/llibre\/quaderns-de-reeducacio-de-la-lecto-escriptura\/","og_site_name":"Laertes ediciones","article_modified_time":"2023-05-27T15:21:12+00:00","og_image":[{"width":802,"height":1200,"url":"https:\/\/www.laertes.es\/wp-content\/uploads\/2023\/05\/quaderns_lecto.webp","type":"image\/webp"}],"schema":{"@context":"https:\/\/schema.org","@graph":[{"@type":"WebPage","@id":"https:\/\/www.laertes.es\/ca\/llibre\/quaderns-de-reeducacio-de-la-lecto-escriptura\/","url":"https:\/\/www.laertes.es\/ca\/llibre\/quaderns-de-reeducacio-de-la-lecto-escriptura\/","name":"Quaderns de reeducaci\u00f3 de la lecto-escriptura | Laertes ediciones","isPartOf":{"@id":"https:\/\/www.laertes.es\/ca\/#website"},"primaryImageOfPage":{"@id":"https:\/\/www.laertes.es\/ca\/llibre\/quaderns-de-reeducacio-de-la-lecto-escriptura\/#primaryimage"},"image":{"@id":"https:\/\/www.laertes.es\/ca\/llibre\/quaderns-de-reeducacio-de-la-lecto-escriptura\/#primaryimage"},"thumbnailUrl":"https:\/\/www.laertes.es\/wp-content\/uploads\/2023\/05\/quaderns_lecto.webp","datePublished":"2023-05-15T14:47:17+00:00","dateModified":"2023-05-27T15:21:12+00:00","description":"Redactat per un equip de psic\u00f2legs i pedagogs coordinat pel doctor Josep Tom\u00e0s. | Quaderns de reeducaci\u00f3 de la lecto-escriptura","breadcrumb":{"@id":"https:\/\/www.laertes.es\/ca\/llibre\/quaderns-de-reeducacio-de-la-lecto-escriptura\/#breadcrumb"},"inLanguage":"ca","potentialAction":[{"@type":"ReadAction","target":["https:\/\/www.laertes.es\/ca\/llibre\/quaderns-de-reeducacio-de-la-lecto-escriptura\/"]}]},{"@type":"ImageObject","inLanguage":"ca","@id":"https:\/\/www.laertes.es\/ca\/llibre\/quaderns-de-reeducacio-de-la-lecto-escriptura\/#primaryimage","url":"https:\/\/www.laertes.es\/wp-content\/uploads\/2023\/05\/quaderns_lecto.webp","contentUrl":"https:\/\/www.laertes.es\/wp-content\/uploads\/2023\/05\/quaderns_lecto.webp","width":802,"height":1200,"caption":"Quaderns de reeducaci\u00f3 de la lecto-escriptura"},{"@type":"BreadcrumbList","@id":"https:\/\/www.laertes.es\/ca\/llibre\/quaderns-de-reeducacio-de-la-lecto-escriptura\/#breadcrumb","itemListElement":[{"@type":"ListItem","position":1,"name":"Portada","item":"https:\/\/www.laertes.es\/ca\/"},{"@type":"ListItem","position":2,"name":"Tienda","item":"https:\/\/www.laertes.es\/tienda\/"},{"@type":"ListItem","position":3,"name":"Quaderns de reeducaci\u00f3 de la lecto-escriptura"}]},{"@type":"WebSite","@id":"https:\/\/www.laertes.es\/ca\/#website","url":"https:\/\/www.laertes.es\/ca\/","name":"Laertes Ediciones","description":"Editorial independiente desde 1975","alternateName":"Laertes","potentialAction":[{"@type":"SearchAction","target":{"@type":"EntryPoint","urlTemplate":"https:\/\/www.laertes.es\/ca\/?s={search_term_string}"},"query-input":{"@type":"PropertyValueSpecification","valueRequired":true,"valueName":"search_term_string"}}],"inLanguage":"ca"}]}},"_links":{"self":[{"href":"https:\/\/www.laertes.es\/ca\/wp-json\/wp\/v2\/product\/13891","targetHints":{"allow":["GET"]}}],"collection":[{"href":"https:\/\/www.laertes.es\/ca\/wp-json\/wp\/v2\/product"}],"about":[{"href":"https:\/\/www.laertes.es\/ca\/wp-json\/wp\/v2\/types\/product"}],"version-history":[{"count":2,"href":"https:\/\/www.laertes.es\/ca\/wp-json\/wp\/v2\/product\/13891\/revisions"}],"predecessor-version":[{"id":13942,"href":"https:\/\/www.laertes.es\/ca\/wp-json\/wp\/v2\/product\/13891\/revisions\/13942"}],"wp:featuredmedia":[{"embeddable":true,"href":"https:\/\/www.laertes.es\/ca\/wp-json\/wp\/v2\/media\/13939"}],"wp:attachment":[{"href":"https:\/\/www.laertes.es\/ca\/wp-json\/wp\/v2\/media?parent=13891"}],"wp:term":[{"taxonomy":"product_brand","embeddable":true,"href":"https:\/\/www.laertes.es\/ca\/wp-json\/wp\/v2\/product_brand?post=13891"},{"taxonomy":"product_cat","embeddable":true,"href":"https:\/\/www.laertes.es\/ca\/wp-json\/wp\/v2\/product_cat?post=13891"},{"taxonomy":"product_tag","embeddable":true,"href":"https:\/\/www.laertes.es\/ca\/wp-json\/wp\/v2\/product_tag?post=13891"},{"taxonomy":"autores","embeddable":true,"href":"https:\/\/www.laertes.es\/ca\/wp-json\/wp\/v2\/autores?post=13891"},{"taxonomy":"formatos","embeddable":true,"href":"https:\/\/www.laertes.es\/ca\/wp-json\/wp\/v2\/formatos?post=13891"},{"taxonomy":"materias","embeddable":true,"href":"https:\/\/www.laertes.es\/ca\/wp-json\/wp\/v2\/materias?post=13891"}],"curies":[{"name":"wp","href":"https:\/\/api.w.org\/{rel}","templated":true}]}}