{"id":13886,"date":"2023-05-15T07:24:39","date_gmt":"2023-05-15T07:24:39","guid":{"rendered":"https:\/libro\/cuadernos-de-reeducacion-de-la-lecto-escritura\/"},"modified":"2023-05-27T15:20:20","modified_gmt":"2023-05-27T15:20:20","slug":"cuadernos-de-reeducacion-de-la-lecto-escritura","status":"publish","type":"product","link":"https:\/\/www.laertes.es\/ca\/llibre\/cuadernos-de-reeducacion-de-la-lecto-escritura\/","title":{"rendered":"Cuadernos de reeducaci\u00f3n de la lecto-escritura"},"content":{"rendered":"<p>Cuadernos de reeducaci\u00f3n de la lecto-escritura<\/p>\n<p>Los <em>Cuadernos de Reeducaci\u00f3n<\/em> son un programa en soporte tradicional con fichas dirigido a usuarios de m\u00faltiples edades, con especial incidencia en la etapa escolar (con finalidad reeducativa y para promover la adquisisci\u00f3n de capacidades neuropsicol\u00f3gicas que se encuentran a la base de los aprendizajes) y tambi\u00e9n en la vejez (especialmente en los procesos demenciales y para preservar las capacidades cognitivas).<br \/>\n<strong>\u00a0 \u00a0 \u00a0<\/strong>Los objetivos que se persiguen son: Mejorar la coordinaci\u00f3n, control y precisi\u00f3n viso-motora; desarrollar y mejorar los procesos temporo-espaciales; estabilizar y potenciar los mecanismos b\u00e1sicos necesarios para el aprendizaje; desarrollar y mejorar la atenci\u00f3n, la concentraci\u00f3n, la memoria y el razonamiento; desarrollar y mejorar la comprensi\u00f3n de lenguajes de tipo l\u00f3gico, ling\u00fc\u00edstico, gr\u00e1fico o simb\u00f3lico; rehabilitar los d\u00e9ficits cognitivos, o trastornos del desarrollo, que repercuten en el proceso del aprendizaje: dislexia, d\u00e9ficit de atenci\u00f3n, disfunciones en la lateralizaci\u00f3n y disfunciones perceptivas (agudeza visual, velocidad de percepci\u00f3n, organizaci\u00f3n temporal y ritmicidad) y promover la preservaci\u00f3n, conservaci\u00f3n y estimulaci\u00f3n del potencial neuropsicol\u00f3gico adquirido a lo largo de la vida en la vejez y en los procesos demenciales.<\/p>\n<p>Los <em>Cuadernos de Reeducaci\u00f3n<\/em> son un programa en soporte tradicional con fichas dirigido a usuarios de m\u00faltiples edades, con especial incidencia en la etapa escolar (con finalidad reeducativa y para promover la adquisisci\u00f3n de capacidades neuropsicol\u00f3gicas que se encuentran a la base de los aprendizajes) y tambi\u00e9n en la vejez (especialmente en los procesos demenciales y para preservar las capacidades cognitivas).<br \/>\n<strong>\u00a0 \u00a0 \u00a0<\/strong>Los objetivos que se persiguen son: Mejorar la coordinaci\u00f3n, control y precisi\u00f3n viso-motora; desarrollar y mejorar los procesos temporo-espaciales; estabilizar y potenciar los mecanismos b\u00e1sicos necesarios para el aprendizaje; desarrollar y mejorar la atenci\u00f3n, la concentraci\u00f3n, la memoria y el razonamiento; desarrollar y mejorar la comprensi\u00f3n de lenguajes de tipo l\u00f3gico, ling\u00fc\u00edstico, gr\u00e1fico o simb\u00f3lico; rehabilitar los d\u00e9ficits cognitivos, o trastornos del desarrollo, que repercuten en el proceso del aprendizaje: dislexia, d\u00e9ficit de atenci\u00f3n, disfunciones en la lateralizaci\u00f3n y disfunciones perceptivas (agudeza visual, velocidad de percepci\u00f3n, organizaci\u00f3n temporal y ritmicidad) y promover la preservaci\u00f3n, conservaci\u00f3n y estimulaci\u00f3n del potencial neuropsicol\u00f3gico adquirido a lo largo de la vida en la vejez y en los procesos demenciales.<\/p>\n","protected":false},"excerpt":{"rendered":"<p>Cuadernos de reeducaci\u00f3n de la lecto-escritura Los Cuadernos de Reeducaci\u00f3n son un programa en soporte tradicional con fichas dirigido a<\/p>\n","protected":false},"featured_media":13944,"template":"","meta":[],"product_brand":[],"product_cat":[330],"product_tag":[737,1259,1260,1261,1262],"autores":[1263,1264],"formatos":[355],"materias":[365,379],"class_list":{"0":"post-13886","1":"product","2":"type-product","3":"status-publish","4":"has-post-thumbnail","6":"product_cat-educacion-ca","7":"product_tag-educacion-universitaria-ca","8":"product_tag-neurologia-ca","9":"product_tag-neuropatologia-ca","10":"product_tag-paidopsiquiatria-ca","11":"product_tag-pediatria-ca","12":"autores-bassas-bolibar-nuria-ca","13":"autores-tomas-vilaltell-josep-ca","14":"formatos-llibre","15":"materias-educacion-ca","16":"materias-paidopsiquiatria-ca","18":"first","19":"instock","20":"taxable","21":"shipping-taxable","22":"purchasable","23":"product-type-simple"},"yoast_head":"<!-- This site is optimized with the Yoast SEO plugin v27.3 - https:\/\/yoast.com\/product\/yoast-seo-wordpress\/ -->\n<title>Cuadernos de reeducaci\u00f3n de la lecto-escritura | Laertes ediciones<\/title>\n<meta name=\"description\" content=\"Los Cuadernos de reeducaci\u00f3n de la lecto-escritura son un programa en soporte tradicional con fichas dirigido a usuarios de m\u00faltiples edades.\" \/>\n<meta name=\"robots\" content=\"index, follow, max-snippet:-1, max-image-preview:large, max-video-preview:-1\" \/>\n<link rel=\"canonical\" href=\"https:\/\/www.laertes.es\/ca\/llibre\/cuadernos-de-reeducacion-de-la-lecto-escritura\/\" \/>\n<meta property=\"og:locale\" content=\"ca_ES\" \/>\n<meta property=\"og:type\" content=\"article\" \/>\n<meta property=\"og:title\" content=\"Cuadernos de reeducaci\u00f3n de la lecto-escritura | Laertes ediciones\" \/>\n<meta property=\"og:description\" content=\"Los Cuadernos de reeducaci\u00f3n de la lecto-escritura son un programa en soporte tradicional con fichas dirigido a usuarios de m\u00faltiples edades.\" \/>\n<meta property=\"og:url\" content=\"https:\/\/www.laertes.es\/ca\/llibre\/cuadernos-de-reeducacion-de-la-lecto-escritura\/\" \/>\n<meta property=\"og:site_name\" content=\"Laertes ediciones\" \/>\n<meta property=\"article:modified_time\" content=\"2023-05-27T15:20:20+00:00\" \/>\n<meta property=\"og:image\" content=\"https:\/\/www.laertes.es\/wp-content\/uploads\/2023\/05\/cuadernos_lecto.webp\" \/>\n\t<meta property=\"og:image:width\" content=\"802\" \/>\n\t<meta property=\"og:image:height\" content=\"1200\" \/>\n\t<meta property=\"og:image:type\" content=\"image\/webp\" \/>\n<script type=\"application\/ld+json\" class=\"yoast-schema-graph\">{\"@context\":\"https:\\\/\\\/schema.org\",\"@graph\":[{\"@type\":\"WebPage\",\"@id\":\"https:\\\/\\\/www.laertes.es\\\/ca\\\/llibre\\\/cuadernos-de-reeducacion-de-la-lecto-escritura\\\/\",\"url\":\"https:\\\/\\\/www.laertes.es\\\/ca\\\/llibre\\\/cuadernos-de-reeducacion-de-la-lecto-escritura\\\/\",\"name\":\"Cuadernos de reeducaci\u00f3n de la lecto-escritura | Laertes ediciones\",\"isPartOf\":{\"@id\":\"https:\\\/\\\/www.laertes.es\\\/ca\\\/#website\"},\"primaryImageOfPage\":{\"@id\":\"https:\\\/\\\/www.laertes.es\\\/ca\\\/llibre\\\/cuadernos-de-reeducacion-de-la-lecto-escritura\\\/#primaryimage\"},\"image\":{\"@id\":\"https:\\\/\\\/www.laertes.es\\\/ca\\\/llibre\\\/cuadernos-de-reeducacion-de-la-lecto-escritura\\\/#primaryimage\"},\"thumbnailUrl\":\"https:\\\/\\\/www.laertes.es\\\/wp-content\\\/uploads\\\/2023\\\/05\\\/cuadernos_lecto.webp\",\"datePublished\":\"2023-05-15T07:24:39+00:00\",\"dateModified\":\"2023-05-27T15:20:20+00:00\",\"description\":\"Los Cuadernos de reeducaci\u00f3n de la lecto-escritura son un programa en soporte tradicional con fichas dirigido a usuarios de m\u00faltiples edades.\",\"breadcrumb\":{\"@id\":\"https:\\\/\\\/www.laertes.es\\\/ca\\\/llibre\\\/cuadernos-de-reeducacion-de-la-lecto-escritura\\\/#breadcrumb\"},\"inLanguage\":\"ca\",\"potentialAction\":[{\"@type\":\"ReadAction\",\"target\":[\"https:\\\/\\\/www.laertes.es\\\/ca\\\/llibre\\\/cuadernos-de-reeducacion-de-la-lecto-escritura\\\/\"]}]},{\"@type\":\"ImageObject\",\"inLanguage\":\"ca\",\"@id\":\"https:\\\/\\\/www.laertes.es\\\/ca\\\/llibre\\\/cuadernos-de-reeducacion-de-la-lecto-escritura\\\/#primaryimage\",\"url\":\"https:\\\/\\\/www.laertes.es\\\/wp-content\\\/uploads\\\/2023\\\/05\\\/cuadernos_lecto.webp\",\"contentUrl\":\"https:\\\/\\\/www.laertes.es\\\/wp-content\\\/uploads\\\/2023\\\/05\\\/cuadernos_lecto.webp\",\"width\":802,\"height\":1200,\"caption\":\"Cuadernos de reeducaci\u00f3n de la lecto-escritura\"},{\"@type\":\"BreadcrumbList\",\"@id\":\"https:\\\/\\\/www.laertes.es\\\/ca\\\/llibre\\\/cuadernos-de-reeducacion-de-la-lecto-escritura\\\/#breadcrumb\",\"itemListElement\":[{\"@type\":\"ListItem\",\"position\":1,\"name\":\"Portada\",\"item\":\"https:\\\/\\\/www.laertes.es\\\/ca\\\/\"},{\"@type\":\"ListItem\",\"position\":2,\"name\":\"Tienda\",\"item\":\"https:\\\/\\\/www.laertes.es\\\/tienda\\\/\"},{\"@type\":\"ListItem\",\"position\":3,\"name\":\"Cuadernos de reeducaci\u00f3n de la lecto-escritura\"}]},{\"@type\":\"WebSite\",\"@id\":\"https:\\\/\\\/www.laertes.es\\\/ca\\\/#website\",\"url\":\"https:\\\/\\\/www.laertes.es\\\/ca\\\/\",\"name\":\"Laertes Ediciones\",\"description\":\"Editorial independiente desde 1975\",\"alternateName\":\"Laertes\",\"potentialAction\":[{\"@type\":\"SearchAction\",\"target\":{\"@type\":\"EntryPoint\",\"urlTemplate\":\"https:\\\/\\\/www.laertes.es\\\/ca\\\/?s={search_term_string}\"},\"query-input\":{\"@type\":\"PropertyValueSpecification\",\"valueRequired\":true,\"valueName\":\"search_term_string\"}}],\"inLanguage\":\"ca\"}]}<\/script>\n<!-- \/ Yoast SEO plugin. -->","yoast_head_json":{"title":"Cuadernos de reeducaci\u00f3n de la lecto-escritura | Laertes ediciones","description":"Los Cuadernos de reeducaci\u00f3n de la lecto-escritura son un programa en soporte tradicional con fichas dirigido a usuarios de m\u00faltiples edades.","robots":{"index":"index","follow":"follow","max-snippet":"max-snippet:-1","max-image-preview":"max-image-preview:large","max-video-preview":"max-video-preview:-1"},"canonical":"https:\/\/www.laertes.es\/ca\/llibre\/cuadernos-de-reeducacion-de-la-lecto-escritura\/","og_locale":"ca_ES","og_type":"article","og_title":"Cuadernos de reeducaci\u00f3n de la lecto-escritura | Laertes ediciones","og_description":"Los Cuadernos de reeducaci\u00f3n de la lecto-escritura son un programa en soporte tradicional con fichas dirigido a usuarios de m\u00faltiples edades.","og_url":"https:\/\/www.laertes.es\/ca\/llibre\/cuadernos-de-reeducacion-de-la-lecto-escritura\/","og_site_name":"Laertes ediciones","article_modified_time":"2023-05-27T15:20:20+00:00","og_image":[{"width":802,"height":1200,"url":"https:\/\/www.laertes.es\/wp-content\/uploads\/2023\/05\/cuadernos_lecto.webp","type":"image\/webp"}],"schema":{"@context":"https:\/\/schema.org","@graph":[{"@type":"WebPage","@id":"https:\/\/www.laertes.es\/ca\/llibre\/cuadernos-de-reeducacion-de-la-lecto-escritura\/","url":"https:\/\/www.laertes.es\/ca\/llibre\/cuadernos-de-reeducacion-de-la-lecto-escritura\/","name":"Cuadernos de reeducaci\u00f3n de la lecto-escritura | Laertes ediciones","isPartOf":{"@id":"https:\/\/www.laertes.es\/ca\/#website"},"primaryImageOfPage":{"@id":"https:\/\/www.laertes.es\/ca\/llibre\/cuadernos-de-reeducacion-de-la-lecto-escritura\/#primaryimage"},"image":{"@id":"https:\/\/www.laertes.es\/ca\/llibre\/cuadernos-de-reeducacion-de-la-lecto-escritura\/#primaryimage"},"thumbnailUrl":"https:\/\/www.laertes.es\/wp-content\/uploads\/2023\/05\/cuadernos_lecto.webp","datePublished":"2023-05-15T07:24:39+00:00","dateModified":"2023-05-27T15:20:20+00:00","description":"Los Cuadernos de reeducaci\u00f3n de la lecto-escritura son un programa en soporte tradicional con fichas dirigido a usuarios de m\u00faltiples edades.","breadcrumb":{"@id":"https:\/\/www.laertes.es\/ca\/llibre\/cuadernos-de-reeducacion-de-la-lecto-escritura\/#breadcrumb"},"inLanguage":"ca","potentialAction":[{"@type":"ReadAction","target":["https:\/\/www.laertes.es\/ca\/llibre\/cuadernos-de-reeducacion-de-la-lecto-escritura\/"]}]},{"@type":"ImageObject","inLanguage":"ca","@id":"https:\/\/www.laertes.es\/ca\/llibre\/cuadernos-de-reeducacion-de-la-lecto-escritura\/#primaryimage","url":"https:\/\/www.laertes.es\/wp-content\/uploads\/2023\/05\/cuadernos_lecto.webp","contentUrl":"https:\/\/www.laertes.es\/wp-content\/uploads\/2023\/05\/cuadernos_lecto.webp","width":802,"height":1200,"caption":"Cuadernos de reeducaci\u00f3n de la lecto-escritura"},{"@type":"BreadcrumbList","@id":"https:\/\/www.laertes.es\/ca\/llibre\/cuadernos-de-reeducacion-de-la-lecto-escritura\/#breadcrumb","itemListElement":[{"@type":"ListItem","position":1,"name":"Portada","item":"https:\/\/www.laertes.es\/ca\/"},{"@type":"ListItem","position":2,"name":"Tienda","item":"https:\/\/www.laertes.es\/tienda\/"},{"@type":"ListItem","position":3,"name":"Cuadernos de reeducaci\u00f3n de la lecto-escritura"}]},{"@type":"WebSite","@id":"https:\/\/www.laertes.es\/ca\/#website","url":"https:\/\/www.laertes.es\/ca\/","name":"Laertes Ediciones","description":"Editorial independiente desde 1975","alternateName":"Laertes","potentialAction":[{"@type":"SearchAction","target":{"@type":"EntryPoint","urlTemplate":"https:\/\/www.laertes.es\/ca\/?s={search_term_string}"},"query-input":{"@type":"PropertyValueSpecification","valueRequired":true,"valueName":"search_term_string"}}],"inLanguage":"ca"}]}},"_links":{"self":[{"href":"https:\/\/www.laertes.es\/ca\/wp-json\/wp\/v2\/product\/13886","targetHints":{"allow":["GET"]}}],"collection":[{"href":"https:\/\/www.laertes.es\/ca\/wp-json\/wp\/v2\/product"}],"about":[{"href":"https:\/\/www.laertes.es\/ca\/wp-json\/wp\/v2\/types\/product"}],"version-history":[{"count":1,"href":"https:\/\/www.laertes.es\/ca\/wp-json\/wp\/v2\/product\/13886\/revisions"}],"predecessor-version":[{"id":13947,"href":"https:\/\/www.laertes.es\/ca\/wp-json\/wp\/v2\/product\/13886\/revisions\/13947"}],"wp:featuredmedia":[{"embeddable":true,"href":"https:\/\/www.laertes.es\/ca\/wp-json\/wp\/v2\/media\/13944"}],"wp:attachment":[{"href":"https:\/\/www.laertes.es\/ca\/wp-json\/wp\/v2\/media?parent=13886"}],"wp:term":[{"taxonomy":"product_brand","embeddable":true,"href":"https:\/\/www.laertes.es\/ca\/wp-json\/wp\/v2\/product_brand?post=13886"},{"taxonomy":"product_cat","embeddable":true,"href":"https:\/\/www.laertes.es\/ca\/wp-json\/wp\/v2\/product_cat?post=13886"},{"taxonomy":"product_tag","embeddable":true,"href":"https:\/\/www.laertes.es\/ca\/wp-json\/wp\/v2\/product_tag?post=13886"},{"taxonomy":"autores","embeddable":true,"href":"https:\/\/www.laertes.es\/ca\/wp-json\/wp\/v2\/autores?post=13886"},{"taxonomy":"formatos","embeddable":true,"href":"https:\/\/www.laertes.es\/ca\/wp-json\/wp\/v2\/formatos?post=13886"},{"taxonomy":"materias","embeddable":true,"href":"https:\/\/www.laertes.es\/ca\/wp-json\/wp\/v2\/materias?post=13886"}],"curies":[{"name":"wp","href":"https:\/\/api.w.org\/{rel}","templated":true}]}}