{"id":13860,"date":"2023-05-13T15:26:14","date_gmt":"2023-05-13T15:26:14","guid":{"rendered":"https:\/libro\/estiu-caminar-mirant\/"},"modified":"2023-06-09T16:18:28","modified_gmt":"2023-06-09T16:18:28","slug":"estiu-caminar-mirant","status":"publish","type":"product","link":"https:\/\/www.laertes.es\/ca\/llibre\/estiu-caminar-mirant\/","title":{"rendered":"Estiu: caminar mirant"},"content":{"rendered":"<p>Estiu: caminar mirant Edici\u00f3 de les notes de camp preses al llarg de l&#8217;estiu al Montseny i al Parc Nacional de Yasun\u00ed a l&#8217;Equador pel cient\u00edfic i ge\u00f2graf Mart\u00ed Boada, qui confessa: que no em fa res moure&#8217;m a deshora pels rostolls, sempre per les vores del camp. M&#8217;agrada sentir el crepitar del trepig de la palla vestigial que resta en el camp. Tamb\u00e9 sento agradosa la duresa t\u00e8rmica, que unta la pell del cos d&#8217;una suau humitat salada, que comen\u00e7a sempre pel centre columnar de l&#8217;esquena.<br \/>\n<strong>\u00a0 \u00a0 \u00a0<\/strong> M&#8217;atrau el moment, la percepci\u00f3 que l&#8217;espai ser\u00e0 una invitaci\u00f3 a la trobada interior d&#8217;un mateix, sense irrupci\u00f3 humana. \u00c9s un moment realment particular que valoro molt, un moment preci\u00f3s que sols ofereix l&#8217;estiu.<\/p>\n<p>Edici\u00f3 de les notes de camp preses al llarg de l&#8217;estiu al Montseny i al Parc Nacional de Yasun\u00ed a l&#8217;Equador pel cient\u00edfic i ge\u00f2graf Mart\u00ed Boada, qui confessa: que no em fa res moure&#8217;m a deshora pels rostolls, sempre per les vores del camp. M&#8217;agrada sentir el crepitar del trepig de la palla vestigial que resta en el camp. Tamb\u00e9 sento agradosa la duresa t\u00e8rmica, que unta la pell del cos d&#8217;una suau humitat salada, que comen\u00e7a sempre pel centre columnar de l&#8217;esquena.<br \/>\n<strong>\u00a0 \u00a0 \u00a0<\/strong> M&#8217;atrau el moment, la percepci\u00f3 que l&#8217;espai ser\u00e0 una invitaci\u00f3 a la trobada interior d&#8217;un mateix, sense irrupci\u00f3 humana. \u00c9s un moment realment particular que valoro molt, un moment preci\u00f3s que sols ofereix l&#8217;estiu.<\/p>\n<p>Edici\u00f3 de les notes de camp preses al llarg de l&#8217;estiu al Montseny i al Parc Nacional de Yasun\u00ed a l&#8217;Equador pel cient\u00edfic i ge\u00f2graf Mart\u00ed Boada, qui confessa: que no em fa res moure&#8217;m a deshora pels rostolls, sempre per les vores del camp. M&#8217;agrada sentir el crepitar del trepig de la palla vestigial que resta en el camp. Tamb\u00e9 sento agradosa la duresa t\u00e8rmica, que unta la pell del cos d&#8217;una suau humitat salada, que comen\u00e7a sempre pel centre columnar de l&#8217;esquena.<br \/>\n<strong>\u00a0 \u00a0 \u00a0<\/strong> M&#8217;atrau el moment, la percepci\u00f3 que l&#8217;espai ser\u00e0 una invitaci\u00f3 a la trobada interior d&#8217;un mateix, sense irrupci\u00f3 humana. \u00c9s un moment realment particular que valoro molt, un moment preci\u00f3s que sols ofereix l&#8217;estiu.<\/p>\n","protected":false},"excerpt":{"rendered":"<p>Estiu: caminar mirant Edici\u00f3 de les notes de camp preses al llarg de l&#8217;estiu al Montseny i al Parc Nacional<\/p>\n","protected":false},"featured_media":13954,"template":"","meta":[],"product_brand":[],"product_cat":[336],"product_tag":[1238,978,1228,1229,1231,1232,1242],"autores":[1234],"formatos":[355],"materias":[378],"class_list":{"0":"post-13860","1":"product","2":"type-product","3":"status-publish","4":"has-post-thumbnail","6":"product_cat-laertes-catala-ca","7":"product_tag-conservacion-del-medio-ambiente-ca","8":"product_tag-educacio-ca","9":"product_tag-fauna-ca","10":"product_tag-flora-ca","11":"product_tag-medio-ambiente-ca","12":"product_tag-montseny-ca","13":"product_tag-natura-ca","14":"autores-boada-i-junca-marti-ca","15":"formatos-llibre","16":"materias-natura-ca","18":"first","19":"instock","20":"taxable","21":"shipping-taxable","22":"purchasable","23":"product-type-simple"},"yoast_head":"<!-- This site is optimized with the Yoast SEO plugin v27.3 - https:\/\/yoast.com\/product\/yoast-seo-wordpress\/ -->\n<title>Estiu: caminar mirant | Laertes ediciones<\/title>\n<meta name=\"description\" content=\"Edici\u00f3 de les notes de camp preses al llarg de l&#039;estiu al Montseny i al Parc Nacional de Yasun\u00ed a l&#039;Equador per Mart\u00ed Boada | Estiu: caminar mirant\" \/>\n<meta name=\"robots\" content=\"index, follow, max-snippet:-1, max-image-preview:large, max-video-preview:-1\" \/>\n<link rel=\"canonical\" href=\"https:\/\/www.laertes.es\/ca\/llibre\/estiu-caminar-mirant\/\" \/>\n<meta property=\"og:locale\" content=\"ca_ES\" \/>\n<meta property=\"og:type\" content=\"article\" \/>\n<meta property=\"og:title\" content=\"Estiu: caminar mirant | Laertes ediciones\" \/>\n<meta property=\"og:description\" content=\"Edici\u00f3 de les notes de camp preses al llarg de l&#039;estiu al Montseny i al Parc Nacional de Yasun\u00ed a l&#039;Equador per Mart\u00ed Boada | Estiu: caminar mirant\" \/>\n<meta property=\"og:url\" content=\"https:\/\/www.laertes.es\/ca\/llibre\/estiu-caminar-mirant\/\" \/>\n<meta property=\"og:site_name\" content=\"Laertes ediciones\" \/>\n<meta property=\"article:modified_time\" content=\"2023-06-09T16:18:28+00:00\" \/>\n<meta property=\"og:image\" content=\"https:\/\/www.laertes.es\/wp-content\/uploads\/2023\/05\/LAC039.webp\" \/>\n\t<meta property=\"og:image:width\" content=\"802\" \/>\n\t<meta property=\"og:image:height\" content=\"1200\" \/>\n\t<meta property=\"og:image:type\" content=\"image\/webp\" \/>\n<script type=\"application\/ld+json\" class=\"yoast-schema-graph\">{\"@context\":\"https:\\\/\\\/schema.org\",\"@graph\":[{\"@type\":\"WebPage\",\"@id\":\"https:\\\/\\\/www.laertes.es\\\/ca\\\/llibre\\\/estiu-caminar-mirant\\\/\",\"url\":\"https:\\\/\\\/www.laertes.es\\\/ca\\\/llibre\\\/estiu-caminar-mirant\\\/\",\"name\":\"Estiu: caminar mirant | Laertes ediciones\",\"isPartOf\":{\"@id\":\"https:\\\/\\\/www.laertes.es\\\/ca\\\/#website\"},\"primaryImageOfPage\":{\"@id\":\"https:\\\/\\\/www.laertes.es\\\/ca\\\/llibre\\\/estiu-caminar-mirant\\\/#primaryimage\"},\"image\":{\"@id\":\"https:\\\/\\\/www.laertes.es\\\/ca\\\/llibre\\\/estiu-caminar-mirant\\\/#primaryimage\"},\"thumbnailUrl\":\"https:\\\/\\\/www.laertes.es\\\/wp-content\\\/uploads\\\/2023\\\/05\\\/LAC039.webp\",\"datePublished\":\"2023-05-13T15:26:14+00:00\",\"dateModified\":\"2023-06-09T16:18:28+00:00\",\"description\":\"Edici\u00f3 de les notes de camp preses al llarg de l'estiu al Montseny i al Parc Nacional de Yasun\u00ed a l'Equador per Mart\u00ed Boada | Estiu: caminar mirant\",\"breadcrumb\":{\"@id\":\"https:\\\/\\\/www.laertes.es\\\/ca\\\/llibre\\\/estiu-caminar-mirant\\\/#breadcrumb\"},\"inLanguage\":\"ca\",\"potentialAction\":[{\"@type\":\"ReadAction\",\"target\":[\"https:\\\/\\\/www.laertes.es\\\/ca\\\/llibre\\\/estiu-caminar-mirant\\\/\"]}]},{\"@type\":\"ImageObject\",\"inLanguage\":\"ca\",\"@id\":\"https:\\\/\\\/www.laertes.es\\\/ca\\\/llibre\\\/estiu-caminar-mirant\\\/#primaryimage\",\"url\":\"https:\\\/\\\/www.laertes.es\\\/wp-content\\\/uploads\\\/2023\\\/05\\\/LAC039.webp\",\"contentUrl\":\"https:\\\/\\\/www.laertes.es\\\/wp-content\\\/uploads\\\/2023\\\/05\\\/LAC039.webp\",\"width\":802,\"height\":1200,\"caption\":\"Estiu: caminar mirant\"},{\"@type\":\"BreadcrumbList\",\"@id\":\"https:\\\/\\\/www.laertes.es\\\/ca\\\/llibre\\\/estiu-caminar-mirant\\\/#breadcrumb\",\"itemListElement\":[{\"@type\":\"ListItem\",\"position\":1,\"name\":\"Portada\",\"item\":\"https:\\\/\\\/www.laertes.es\\\/ca\\\/\"},{\"@type\":\"ListItem\",\"position\":2,\"name\":\"Tienda\",\"item\":\"https:\\\/\\\/www.laertes.es\\\/tienda\\\/\"},{\"@type\":\"ListItem\",\"position\":3,\"name\":\"Estiu: caminar mirant\"}]},{\"@type\":\"WebSite\",\"@id\":\"https:\\\/\\\/www.laertes.es\\\/ca\\\/#website\",\"url\":\"https:\\\/\\\/www.laertes.es\\\/ca\\\/\",\"name\":\"Laertes Ediciones\",\"description\":\"Editorial independiente desde 1975\",\"alternateName\":\"Laertes\",\"potentialAction\":[{\"@type\":\"SearchAction\",\"target\":{\"@type\":\"EntryPoint\",\"urlTemplate\":\"https:\\\/\\\/www.laertes.es\\\/ca\\\/?s={search_term_string}\"},\"query-input\":{\"@type\":\"PropertyValueSpecification\",\"valueRequired\":true,\"valueName\":\"search_term_string\"}}],\"inLanguage\":\"ca\"}]}<\/script>\n<!-- \/ Yoast SEO plugin. -->","yoast_head_json":{"title":"Estiu: caminar mirant | Laertes ediciones","description":"Edici\u00f3 de les notes de camp preses al llarg de l'estiu al Montseny i al Parc Nacional de Yasun\u00ed a l'Equador per Mart\u00ed Boada | Estiu: caminar mirant","robots":{"index":"index","follow":"follow","max-snippet":"max-snippet:-1","max-image-preview":"max-image-preview:large","max-video-preview":"max-video-preview:-1"},"canonical":"https:\/\/www.laertes.es\/ca\/llibre\/estiu-caminar-mirant\/","og_locale":"ca_ES","og_type":"article","og_title":"Estiu: caminar mirant | Laertes ediciones","og_description":"Edici\u00f3 de les notes de camp preses al llarg de l'estiu al Montseny i al Parc Nacional de Yasun\u00ed a l'Equador per Mart\u00ed Boada | Estiu: caminar mirant","og_url":"https:\/\/www.laertes.es\/ca\/llibre\/estiu-caminar-mirant\/","og_site_name":"Laertes ediciones","article_modified_time":"2023-06-09T16:18:28+00:00","og_image":[{"width":802,"height":1200,"url":"https:\/\/www.laertes.es\/wp-content\/uploads\/2023\/05\/LAC039.webp","type":"image\/webp"}],"schema":{"@context":"https:\/\/schema.org","@graph":[{"@type":"WebPage","@id":"https:\/\/www.laertes.es\/ca\/llibre\/estiu-caminar-mirant\/","url":"https:\/\/www.laertes.es\/ca\/llibre\/estiu-caminar-mirant\/","name":"Estiu: caminar mirant | Laertes ediciones","isPartOf":{"@id":"https:\/\/www.laertes.es\/ca\/#website"},"primaryImageOfPage":{"@id":"https:\/\/www.laertes.es\/ca\/llibre\/estiu-caminar-mirant\/#primaryimage"},"image":{"@id":"https:\/\/www.laertes.es\/ca\/llibre\/estiu-caminar-mirant\/#primaryimage"},"thumbnailUrl":"https:\/\/www.laertes.es\/wp-content\/uploads\/2023\/05\/LAC039.webp","datePublished":"2023-05-13T15:26:14+00:00","dateModified":"2023-06-09T16:18:28+00:00","description":"Edici\u00f3 de les notes de camp preses al llarg de l'estiu al Montseny i al Parc Nacional de Yasun\u00ed a l'Equador per Mart\u00ed Boada | Estiu: caminar mirant","breadcrumb":{"@id":"https:\/\/www.laertes.es\/ca\/llibre\/estiu-caminar-mirant\/#breadcrumb"},"inLanguage":"ca","potentialAction":[{"@type":"ReadAction","target":["https:\/\/www.laertes.es\/ca\/llibre\/estiu-caminar-mirant\/"]}]},{"@type":"ImageObject","inLanguage":"ca","@id":"https:\/\/www.laertes.es\/ca\/llibre\/estiu-caminar-mirant\/#primaryimage","url":"https:\/\/www.laertes.es\/wp-content\/uploads\/2023\/05\/LAC039.webp","contentUrl":"https:\/\/www.laertes.es\/wp-content\/uploads\/2023\/05\/LAC039.webp","width":802,"height":1200,"caption":"Estiu: caminar mirant"},{"@type":"BreadcrumbList","@id":"https:\/\/www.laertes.es\/ca\/llibre\/estiu-caminar-mirant\/#breadcrumb","itemListElement":[{"@type":"ListItem","position":1,"name":"Portada","item":"https:\/\/www.laertes.es\/ca\/"},{"@type":"ListItem","position":2,"name":"Tienda","item":"https:\/\/www.laertes.es\/tienda\/"},{"@type":"ListItem","position":3,"name":"Estiu: caminar mirant"}]},{"@type":"WebSite","@id":"https:\/\/www.laertes.es\/ca\/#website","url":"https:\/\/www.laertes.es\/ca\/","name":"Laertes Ediciones","description":"Editorial independiente desde 1975","alternateName":"Laertes","potentialAction":[{"@type":"SearchAction","target":{"@type":"EntryPoint","urlTemplate":"https:\/\/www.laertes.es\/ca\/?s={search_term_string}"},"query-input":{"@type":"PropertyValueSpecification","valueRequired":true,"valueName":"search_term_string"}}],"inLanguage":"ca"}]}},"_links":{"self":[{"href":"https:\/\/www.laertes.es\/ca\/wp-json\/wp\/v2\/product\/13860","targetHints":{"allow":["GET"]}}],"collection":[{"href":"https:\/\/www.laertes.es\/ca\/wp-json\/wp\/v2\/product"}],"about":[{"href":"https:\/\/www.laertes.es\/ca\/wp-json\/wp\/v2\/types\/product"}],"version-history":[{"count":1,"href":"https:\/\/www.laertes.es\/ca\/wp-json\/wp\/v2\/product\/13860\/revisions"}],"predecessor-version":[{"id":13957,"href":"https:\/\/www.laertes.es\/ca\/wp-json\/wp\/v2\/product\/13860\/revisions\/13957"}],"wp:featuredmedia":[{"embeddable":true,"href":"https:\/\/www.laertes.es\/ca\/wp-json\/wp\/v2\/media\/13954"}],"wp:attachment":[{"href":"https:\/\/www.laertes.es\/ca\/wp-json\/wp\/v2\/media?parent=13860"}],"wp:term":[{"taxonomy":"product_brand","embeddable":true,"href":"https:\/\/www.laertes.es\/ca\/wp-json\/wp\/v2\/product_brand?post=13860"},{"taxonomy":"product_cat","embeddable":true,"href":"https:\/\/www.laertes.es\/ca\/wp-json\/wp\/v2\/product_cat?post=13860"},{"taxonomy":"product_tag","embeddable":true,"href":"https:\/\/www.laertes.es\/ca\/wp-json\/wp\/v2\/product_tag?post=13860"},{"taxonomy":"autores","embeddable":true,"href":"https:\/\/www.laertes.es\/ca\/wp-json\/wp\/v2\/autores?post=13860"},{"taxonomy":"formatos","embeddable":true,"href":"https:\/\/www.laertes.es\/ca\/wp-json\/wp\/v2\/formatos?post=13860"},{"taxonomy":"materias","embeddable":true,"href":"https:\/\/www.laertes.es\/ca\/wp-json\/wp\/v2\/materias?post=13860"}],"curies":[{"name":"wp","href":"https:\/\/api.w.org\/{rel}","templated":true}]}}